{"id":990,"date":"2024-08-08T10:30:23","date_gmt":"2024-08-08T07:30:23","guid":{"rendered":"https:\/\/slaptameile.lt\/?post_type=product&#038;p=990"},"modified":"2026-04-15T01:08:38","modified_gmt":"2026-04-14T22:08:38","slug":"kosmetine-augustas-3-dydziai","status":"publish","type":"product","link":"https:\/\/slaptameile.lt\/en\/preke\/kosmetine-augustas-3-dydziai\/","title":{"rendered":"Cosmetic bag \u201eAugustas\u201c | 3 sizes"},"content":{"rendered":"<p>SLAPTA MEIL\u0116 ir PITEX bendra kolekcija<\/p>\n<p>Kai \u017dygimanto Augusto ranka i\u0161 renesansinio portreto tampa tavo kosmetin\u0117s akcentu, \u017einai kad tai tvirtas parei\u0161kimas apie tavo skon\u012f ir meil\u0119 lietuvi\u0161kai istorijai<\/p>\n<p>Karalius \u017dygimantas Augustas \u017einomas kaip stiprus valdovas, jo meil\u0117s istorija su Barbora Radvilaite \u2013 viena garsiausi\u0173 romantini\u0173 legend\u0173 Lietuvoje, dabar pasakojama naujai per kasdienyb\u0117s daiktus.<\/p>\n<p>\u0160ios kosmetin\u0117s pavir\u0161iuje \u2013 Migl\u0117s Kosinskait\u0117s sukurto portreto fragmentas, kuriame \u017dygimanto ranka tampa \u0161iuolaiki\u0161ku motyvu tavo voniai ar kelion\u0117ms.<\/p>\n<p>Viduje \u2013 pamu\u0161alas ir u\u017etrauktukas, i\u0161or\u0117je \u2013 \u0161velnus veli\u016bras ir moderni ranken\u0117l\u0117, viskas skirta tam kad kasdienyb\u0117 tapt\u0173 \u0161iek tiek karali\u0161kesn\u0117.<\/p>\n<p>Audinys\u00a0itin mink\u0161tas veli\u016bras 100% poliesteris skalbiamas skalbimo ma\u0161inoje.<\/p>\n<p>Sizes:<br \/>\nS 18 x 14 x 6 cm l\u016bpda\u017eiams ir paslaptims<br \/>\nM 28 x 18 x 6 cm kai nori daugiau laisv\u0117s savo gro\u017eiui<br \/>\nL 33 x 23 x 6 cm tavo kosmetikos sosto dydis<\/p>\n<p>Sukurta ir pagaminta Lietuvoje.<\/p>","protected":false},"excerpt":{"rendered":"<p>SLAPTA MEIL\u0116 ir PITEX bendra kolekcija<\/p>\n<p>Kai \u017dygimanto Augusto ranka i\u0161 renesansinio portreto tampa tavo kosmetin\u0117s akcentu, \u017einai kad tai tvirtas parei\u0161kimas apie tavo skon\u012f ir meil\u0119 lietuvi\u0161kai istorijai<\/p>\n<p>Karalius \u017dygimantas Augustas \u017einomas kaip stiprus valdovas, jo meil\u0117s istorija su Barbora Radvilaite \u2013 viena garsiausi\u0173 romantini\u0173 legend\u0173 Lietuvoje, dabar pasakojama naujai per kasdienyb\u0117s daiktus.<\/p>\n<p>\u0160ios kosmetin\u0117s pavir\u0161iuje \u2013 Migl\u0117s Kosinskait\u0117s sukurto portreto fragmentas, kuriame \u017dygimanto ranka tampa \u0161iuolaiki\u0161ku motyvu tavo voniai ar kelion\u0117ms.<\/p>\n<p>Viduje \u2013 pamu\u0161alas ir u\u017etrauktukas, i\u0161or\u0117je \u2013 \u0161velnus veli\u016bras ir moderni ranken\u0117l\u0117, viskas skirta tam kad kasdienyb\u0117 tapt\u0173 \u0161iek tiek karali\u0161kesn\u0117.<\/p>\n<p>Audinys\u00a0itin mink\u0161tas veli\u016bras 100% poliesteris skalbiamas skalbimo ma\u0161inoje.<\/p>\n<p>Sizes:<br \/>\nS 18 x 14 x 6 cm l\u016bpda\u017eiams ir paslaptims<br \/>\nM 28 x 18 x 6 cm kai nori daugiau laisv\u0117s savo gro\u017eiui<br \/>\nL 33 x 23 x 6 cm tavo kosmetikos sosto dydis<\/p>\n<p>Sukurta ir pagaminta Lietuvoje.<\/p>","protected":false},"featured_media":2507,"comment_status":"open","ping_status":"closed","template":"","meta":{"_acf_changed":false},"partner":[54],"product_brand":[],"product_cat":[26,18],"product_tag":[],"class_list":{"0":"post-990","1":"product","2":"type-product","3":"status-publish","4":"has-post-thumbnail","6":"partner-pitex","7":"product_cat-karaliskajam-stiliui","8":"product_cat-karaliskoji-kolekcija","10":"first","11":"instock","12":"taxable","13":"shipping-taxable","14":"purchasable","15":"product-type-variable"},"acf":[],"yoast_head":"<!-- This site is optimized with the Yoast SEO plugin v27.5 - https:\/\/yoast.com\/product\/yoast-seo-wordpress\/ -->\n<title>Kosmetin\u0117 \u201eAugustas\u201c | 3 dyd\u017eiai - Slapta Meil\u0117<\/title>\n<meta name=\"robots\" content=\"index, follow, max-snippet:-1, max-image-preview:large, max-video-preview:-1\" \/>\n<link rel=\"canonical\" href=\"https:\/\/slaptameile.lt\/en\/preke\/kosmetine-augustas-3-dydziai\/\" \/>\n<meta property=\"og:locale\" content=\"en_US\" \/>\n<meta property=\"og:type\" content=\"article\" \/>\n<meta property=\"og:title\" content=\"Kosmetin\u0117 \u201eAugustas\u201c | 3 dyd\u017eiai - Slapta Meil\u0117\" \/>\n<meta property=\"og:description\" content=\"SLAPTA MEIL\u0116 ir PITEX bendra kolekcija  Kai \u017dygimanto Augusto ranka i\u0161 renesansinio portreto tampa tavo kosmetin\u0117s akcentu, \u017einai kad tai tvirtas parei\u0161kimas apie tavo skon\u012f ir meil\u0119 lietuvi\u0161kai istorijai  Karalius \u017dygimantas Augustas \u017einomas kaip stiprus valdovas, jo meil\u0117s istorija su Barbora Radvilaite \u2013 viena garsiausi\u0173 romantini\u0173 legend\u0173 Lietuvoje, dabar pasakojama naujai per kasdienyb\u0117s daiktus.  \u0160ios kosmetin\u0117s pavir\u0161iuje \u2013 Migl\u0117s Kosinskait\u0117s sukurto portreto fragmentas, kuriame \u017dygimanto ranka tampa \u0161iuolaiki\u0161ku motyvu tavo voniai ar kelion\u0117ms.  Viduje \u2013 pamu\u0161alas ir u\u017etrauktukas, i\u0161or\u0117je \u2013 \u0161velnus veli\u016bras ir moderni ranken\u0117l\u0117, viskas skirta tam kad kasdienyb\u0117 tapt\u0173 \u0161iek tiek karali\u0161kesn\u0117.  Audinys\u00a0itin mink\u0161tas veli\u016bras 100% poliesteris skalbiamas skalbimo ma\u0161inoje.  Dyd\u017eiai: S 18 x 14 x 6 cm l\u016bpda\u017eiams ir paslaptims M 28 x 18 x 6 cm kai nori daugiau laisv\u0117s savo gro\u017eiui L 33 x 23 x 6 cm tavo kosmetikos sosto dydis  Sukurta ir pagaminta Lietuvoje.\" \/>\n<meta property=\"og:url\" content=\"https:\/\/slaptameile.lt\/en\/preke\/kosmetine-augustas-3-dydziai\/\" \/>\n<meta property=\"og:site_name\" content=\"Slapta Meil\u0117\" \/>\n<meta property=\"article:publisher\" content=\"https:\/\/www.facebook.com\/SlaptaMeileBarbora\" \/>\n<meta property=\"article:modified_time\" content=\"2026-04-14T22:08:38+00:00\" \/>\n<meta property=\"og:image\" content=\"https:\/\/slaptameile.lt\/wp-content\/uploads\/2024\/08\/Kosmetine-1.jpg\" \/>\n\t<meta property=\"og:image:width\" content=\"2400\" \/>\n\t<meta property=\"og:image:height\" content=\"3000\" \/>\n\t<meta property=\"og:image:type\" content=\"image\/jpeg\" \/>\n<meta name=\"twitter:card\" content=\"summary_large_image\" \/>\n<meta name=\"twitter:label1\" content=\"Est. reading time\" \/>\n\t<meta name=\"twitter:data1\" content=\"1 minute\" \/>\n<script type=\"application\/ld+json\" class=\"yoast-schema-graph\">{\"@context\":\"https:\\\/\\\/schema.org\",\"@graph\":[{\"@type\":\"WebPage\",\"@id\":\"https:\\\/\\\/slaptameile.lt\\\/preke\\\/kosmetine-augustas-3-dydziai\\\/\",\"url\":\"https:\\\/\\\/slaptameile.lt\\\/preke\\\/kosmetine-augustas-3-dydziai\\\/\",\"name\":\"Kosmetin\u0117 \u201eAugustas\u201c | 3 dyd\u017eiai - Slapta Meil\u0117\",\"isPartOf\":{\"@id\":\"https:\\\/\\\/slaptameile.lt\\\/#website\"},\"primaryImageOfPage\":{\"@id\":\"https:\\\/\\\/slaptameile.lt\\\/preke\\\/kosmetine-augustas-3-dydziai\\\/#primaryimage\"},\"image\":{\"@id\":\"https:\\\/\\\/slaptameile.lt\\\/preke\\\/kosmetine-augustas-3-dydziai\\\/#primaryimage\"},\"thumbnailUrl\":\"https:\\\/\\\/slaptameile.lt\\\/wp-content\\\/uploads\\\/2024\\\/08\\\/Kosmetine-1.jpg\",\"datePublished\":\"2024-08-08T07:30:23+00:00\",\"dateModified\":\"2026-04-14T22:08:38+00:00\",\"breadcrumb\":{\"@id\":\"https:\\\/\\\/slaptameile.lt\\\/preke\\\/kosmetine-augustas-3-dydziai\\\/#breadcrumb\"},\"inLanguage\":\"en-US\",\"potentialAction\":[{\"@type\":\"ReadAction\",\"target\":[\"https:\\\/\\\/slaptameile.lt\\\/preke\\\/kosmetine-augustas-3-dydziai\\\/\"]}]},{\"@type\":\"ImageObject\",\"inLanguage\":\"en-US\",\"@id\":\"https:\\\/\\\/slaptameile.lt\\\/preke\\\/kosmetine-augustas-3-dydziai\\\/#primaryimage\",\"url\":\"https:\\\/\\\/slaptameile.lt\\\/wp-content\\\/uploads\\\/2024\\\/08\\\/Kosmetine-1.jpg\",\"contentUrl\":\"https:\\\/\\\/slaptameile.lt\\\/wp-content\\\/uploads\\\/2024\\\/08\\\/Kosmetine-1.jpg\",\"width\":2400,\"height\":3000},{\"@type\":\"BreadcrumbList\",\"@id\":\"https:\\\/\\\/slaptameile.lt\\\/preke\\\/kosmetine-augustas-3-dydziai\\\/#breadcrumb\",\"itemListElement\":[{\"@type\":\"ListItem\",\"position\":1,\"name\":\"Home\",\"item\":\"https:\\\/\\\/slaptameile.lt\\\/\"},{\"@type\":\"ListItem\",\"position\":2,\"name\":\"Parduotuv\u0117\",\"item\":\"https:\\\/\\\/slaptameile.lt\\\/parduotuve\\\/\"},{\"@type\":\"ListItem\",\"position\":3,\"name\":\"Kosmetin\u0117 \u201eAugustas\u201c | 3 dyd\u017eiai\"}]},{\"@type\":\"WebSite\",\"@id\":\"https:\\\/\\\/slaptameile.lt\\\/#website\",\"url\":\"https:\\\/\\\/slaptameile.lt\\\/\",\"name\":\"Slapta Meil\u0117\",\"description\":\"\",\"publisher\":{\"@id\":\"https:\\\/\\\/slaptameile.lt\\\/#organization\"},\"potentialAction\":[{\"@type\":\"SearchAction\",\"target\":{\"@type\":\"EntryPoint\",\"urlTemplate\":\"https:\\\/\\\/slaptameile.lt\\\/?s={search_term_string}\"},\"query-input\":{\"@type\":\"PropertyValueSpecification\",\"valueRequired\":true,\"valueName\":\"search_term_string\"}}],\"inLanguage\":\"en-US\"},{\"@type\":\"Organization\",\"@id\":\"https:\\\/\\\/slaptameile.lt\\\/#organization\",\"name\":\"Slapta Meil\u0117\",\"url\":\"https:\\\/\\\/slaptameile.lt\\\/\",\"logo\":{\"@type\":\"ImageObject\",\"inLanguage\":\"en-US\",\"@id\":\"https:\\\/\\\/slaptameile.lt\\\/#\\\/schema\\\/logo\\\/image\\\/\",\"url\":\"https:\\\/\\\/slaptameile.lt\\\/wp-content\\\/uploads\\\/2026\\\/04\\\/sm-logo.jpg\",\"contentUrl\":\"https:\\\/\\\/slaptameile.lt\\\/wp-content\\\/uploads\\\/2026\\\/04\\\/sm-logo.jpg\",\"width\":810,\"height\":380,\"caption\":\"Slapta Meil\u0117\"},\"image\":{\"@id\":\"https:\\\/\\\/slaptameile.lt\\\/#\\\/schema\\\/logo\\\/image\\\/\"},\"sameAs\":[\"https:\\\/\\\/www.facebook.com\\\/SlaptaMeileBarbora\",\"https:\\\/\\\/www.instagram.com\\\/slaptameile\",\"https:\\\/\\\/www.tiktok.com\\\/@slaptameile1\"]}]}<\/script>\n<!-- \/ Yoast SEO plugin. -->","yoast_head_json":{"title":"Kosmetin\u0117 \u201eAugustas\u201c | 3 dyd\u017eiai - Slapta Meil\u0117","robots":{"index":"index","follow":"follow","max-snippet":"max-snippet:-1","max-image-preview":"max-image-preview:large","max-video-preview":"max-video-preview:-1"},"canonical":"https:\/\/slaptameile.lt\/en\/preke\/kosmetine-augustas-3-dydziai\/","og_locale":"en_US","og_type":"article","og_title":"Kosmetin\u0117 \u201eAugustas\u201c | 3 dyd\u017eiai - Slapta Meil\u0117","og_description":"SLAPTA MEIL\u0116 ir PITEX bendra kolekcija  Kai \u017dygimanto Augusto ranka i\u0161 renesansinio portreto tampa tavo kosmetin\u0117s akcentu, \u017einai kad tai tvirtas parei\u0161kimas apie tavo skon\u012f ir meil\u0119 lietuvi\u0161kai istorijai  Karalius \u017dygimantas Augustas \u017einomas kaip stiprus valdovas, jo meil\u0117s istorija su Barbora Radvilaite \u2013 viena garsiausi\u0173 romantini\u0173 legend\u0173 Lietuvoje, dabar pasakojama naujai per kasdienyb\u0117s daiktus.  \u0160ios kosmetin\u0117s pavir\u0161iuje \u2013 Migl\u0117s Kosinskait\u0117s sukurto portreto fragmentas, kuriame \u017dygimanto ranka tampa \u0161iuolaiki\u0161ku motyvu tavo voniai ar kelion\u0117ms.  Viduje \u2013 pamu\u0161alas ir u\u017etrauktukas, i\u0161or\u0117je \u2013 \u0161velnus veli\u016bras ir moderni ranken\u0117l\u0117, viskas skirta tam kad kasdienyb\u0117 tapt\u0173 \u0161iek tiek karali\u0161kesn\u0117.  Audinys\u00a0itin mink\u0161tas veli\u016bras 100% poliesteris skalbiamas skalbimo ma\u0161inoje.  Dyd\u017eiai: S 18 x 14 x 6 cm l\u016bpda\u017eiams ir paslaptims M 28 x 18 x 6 cm kai nori daugiau laisv\u0117s savo gro\u017eiui L 33 x 23 x 6 cm tavo kosmetikos sosto dydis  Sukurta ir pagaminta Lietuvoje.","og_url":"https:\/\/slaptameile.lt\/en\/preke\/kosmetine-augustas-3-dydziai\/","og_site_name":"Slapta Meil\u0117","article_publisher":"https:\/\/www.facebook.com\/SlaptaMeileBarbora","article_modified_time":"2026-04-14T22:08:38+00:00","og_image":[{"width":2400,"height":3000,"url":"https:\/\/slaptameile.lt\/wp-content\/uploads\/2024\/08\/Kosmetine-1.jpg","type":"image\/jpeg"}],"twitter_card":"summary_large_image","twitter_misc":{"Est. reading time":"1 minute"},"schema":{"@context":"https:\/\/schema.org","@graph":[{"@type":"WebPage","@id":"https:\/\/slaptameile.lt\/preke\/kosmetine-augustas-3-dydziai\/","url":"https:\/\/slaptameile.lt\/preke\/kosmetine-augustas-3-dydziai\/","name":"Kosmetin\u0117 \u201eAugustas\u201c | 3 dyd\u017eiai - Slapta Meil\u0117","isPartOf":{"@id":"https:\/\/slaptameile.lt\/#website"},"primaryImageOfPage":{"@id":"https:\/\/slaptameile.lt\/preke\/kosmetine-augustas-3-dydziai\/#primaryimage"},"image":{"@id":"https:\/\/slaptameile.lt\/preke\/kosmetine-augustas-3-dydziai\/#primaryimage"},"thumbnailUrl":"https:\/\/slaptameile.lt\/wp-content\/uploads\/2024\/08\/Kosmetine-1.jpg","datePublished":"2024-08-08T07:30:23+00:00","dateModified":"2026-04-14T22:08:38+00:00","breadcrumb":{"@id":"https:\/\/slaptameile.lt\/preke\/kosmetine-augustas-3-dydziai\/#breadcrumb"},"inLanguage":"en-US","potentialAction":[{"@type":"ReadAction","target":["https:\/\/slaptameile.lt\/preke\/kosmetine-augustas-3-dydziai\/"]}]},{"@type":"ImageObject","inLanguage":"en-US","@id":"https:\/\/slaptameile.lt\/preke\/kosmetine-augustas-3-dydziai\/#primaryimage","url":"https:\/\/slaptameile.lt\/wp-content\/uploads\/2024\/08\/Kosmetine-1.jpg","contentUrl":"https:\/\/slaptameile.lt\/wp-content\/uploads\/2024\/08\/Kosmetine-1.jpg","width":2400,"height":3000},{"@type":"BreadcrumbList","@id":"https:\/\/slaptameile.lt\/preke\/kosmetine-augustas-3-dydziai\/#breadcrumb","itemListElement":[{"@type":"ListItem","position":1,"name":"Home","item":"https:\/\/slaptameile.lt\/"},{"@type":"ListItem","position":2,"name":"Parduotuv\u0117","item":"https:\/\/slaptameile.lt\/parduotuve\/"},{"@type":"ListItem","position":3,"name":"Kosmetin\u0117 \u201eAugustas\u201c | 3 dyd\u017eiai"}]},{"@type":"WebSite","@id":"https:\/\/slaptameile.lt\/#website","url":"https:\/\/slaptameile.lt\/","name":"Secret Love","description":"","publisher":{"@id":"https:\/\/slaptameile.lt\/#organization"},"potentialAction":[{"@type":"SearchAction","target":{"@type":"EntryPoint","urlTemplate":"https:\/\/slaptameile.lt\/?s={search_term_string}"},"query-input":{"@type":"PropertyValueSpecification","valueRequired":true,"valueName":"search_term_string"}}],"inLanguage":"en-US"},{"@type":"Organization","@id":"https:\/\/slaptameile.lt\/#organization","name":"Secret Love","url":"https:\/\/slaptameile.lt\/","logo":{"@type":"ImageObject","inLanguage":"en-US","@id":"https:\/\/slaptameile.lt\/#\/schema\/logo\/image\/","url":"https:\/\/slaptameile.lt\/wp-content\/uploads\/2026\/04\/sm-logo.jpg","contentUrl":"https:\/\/slaptameile.lt\/wp-content\/uploads\/2026\/04\/sm-logo.jpg","width":810,"height":380,"caption":"Slapta Meil\u0117"},"image":{"@id":"https:\/\/slaptameile.lt\/#\/schema\/logo\/image\/"},"sameAs":["https:\/\/www.facebook.com\/SlaptaMeileBarbora","https:\/\/www.instagram.com\/slaptameile","https:\/\/www.tiktok.com\/@slaptameile1"]}]}},"_links":{"self":[{"href":"https:\/\/slaptameile.lt\/en\/wp-json\/wp\/v2\/product\/990","targetHints":{"allow":["GET"]}}],"collection":[{"href":"https:\/\/slaptameile.lt\/en\/wp-json\/wp\/v2\/product"}],"about":[{"href":"https:\/\/slaptameile.lt\/en\/wp-json\/wp\/v2\/types\/product"}],"replies":[{"embeddable":true,"href":"https:\/\/slaptameile.lt\/en\/wp-json\/wp\/v2\/comments?post=990"}],"wp:featuredmedia":[{"embeddable":true,"href":"https:\/\/slaptameile.lt\/en\/wp-json\/wp\/v2\/media\/2507"}],"wp:attachment":[{"href":"https:\/\/slaptameile.lt\/en\/wp-json\/wp\/v2\/media?parent=990"}],"wp:term":[{"taxonomy":"partner","embeddable":true,"href":"https:\/\/slaptameile.lt\/en\/wp-json\/wp\/v2\/partner?post=990"},{"taxonomy":"product_brand","embeddable":true,"href":"https:\/\/slaptameile.lt\/en\/wp-json\/wp\/v2\/product_brand?post=990"},{"taxonomy":"product_cat","embeddable":true,"href":"https:\/\/slaptameile.lt\/en\/wp-json\/wp\/v2\/product_cat?post=990"},{"taxonomy":"product_tag","embeddable":true,"href":"https:\/\/slaptameile.lt\/en\/wp-json\/wp\/v2\/product_tag?post=990"}],"curies":[{"name":"wp","href":"https:\/\/api.w.org\/{rel}","templated":true}]}}