{"id":983,"date":"2024-08-08T11:00:30","date_gmt":"2024-08-08T08:00:30","guid":{"rendered":"https:\/\/slaptameile.lt\/?post_type=product&#038;p=983"},"modified":"2026-04-14T04:38:33","modified_gmt":"2026-04-14T01:38:33","slug":"kosmetine-barbora-3-dydziai","status":"publish","type":"product","link":"https:\/\/slaptameile.lt\/en\/preke\/kosmetine-barbora-3-dydziai\/","title":{"rendered":"Cosmetic \u201eBarbora\u201c | 3 sizes"},"content":{"rendered":"<p>SLAPTA MEIL\u0116 ir PITEX bendra kolekcija<\/p>\n<p>Kai Barbora Radvilait\u0117 \u2013 romanti\u0161kiausia Lietuvos did\u017eioji kunigaik\u0161tein\u0117 ir Lenkijos karalien\u0117 \u2013 tampa tavo kosmetini\u0173 reikmen\u0173 serg\u0117toja, \u017einai kad tai ne tiesiog kosmetin\u0117 o kasdienyb\u0117s meno objektas.<\/p>\n<p>Ant jos \u2013 \u0161iuolaikin\u0117s meninink\u0117s Migl\u0117s Kosinskait\u0117s pie\u0161inys i\u0161 garsiojo portreto kuriame Barbora pavaizduota su \u017dygimantu Augustu tik \u0161\u012fkart ranka i\u0161traukta i\u0161 istorijos ir tapusi tavo stiliaus detal\u0117.<\/p>\n<p>Kosmetin\u0117 daili viduje ir i\u0161or\u0117je su pamu\u0161alu u\u017etrauktuku bei modernia ranken\u0117le kad laikyt\u0173si lengvai ir atrodyt\u0173 dar geriau ant makia\u017eo stalo vonioje ar kelion\u0117je<\/p>\n<p>Trij\u0173 dyd\u017ei\u0173 kad tilpt\u0173 viskas ko gali prireikti nuo ausini\u0173 iki plauk\u0173 kauk\u0117s.<\/p>\n<p>Audinys\u00a0itin mink\u0161tas veli\u016bras 100% poliesteris skalbiamas skalbimo ma\u0161inoje.<\/p>\n<p>Sizes:<br \/>\nS 18 x 14 x 6 cm ma\u017eoms svarbioms smulkmenoms<br \/>\nM 28 x 18 x 6 cm kai norisi daugiau<br \/>\nL 33 x 23 x 6 cm tikra kelioni\u0173 draug\u0117<\/p>\n<p>Made and manufactured in Lithuania<\/p>","protected":false},"excerpt":{"rendered":"<p>SLAPTA MEIL\u0116 ir PITEX bendra kolekcija<\/p>\n<p>Kai Barbora Radvilait\u0117 \u2013 romanti\u0161kiausia Lietuvos did\u017eioji kunigaik\u0161tein\u0117 ir Lenkijos karalien\u0117 \u2013 tampa tavo kosmetini\u0173 reikmen\u0173 serg\u0117toja, \u017einai kad tai ne tiesiog kosmetin\u0117 o kasdienyb\u0117s meno objektas.<\/p>\n<p>Ant jos \u2013 \u0161iuolaikin\u0117s meninink\u0117s Migl\u0117s Kosinskait\u0117s pie\u0161inys i\u0161 garsiojo portreto kuriame Barbora pavaizduota su \u017dygimantu Augustu tik \u0161\u012fkart ranka i\u0161traukta i\u0161 istorijos ir tapusi tavo stiliaus detal\u0117.<\/p>\n<p>Kosmetin\u0117 daili viduje ir i\u0161or\u0117je su pamu\u0161alu u\u017etrauktuku bei modernia ranken\u0117le kad laikyt\u0173si lengvai ir atrodyt\u0173 dar geriau ant makia\u017eo stalo vonioje ar kelion\u0117je<\/p>\n<p>Trij\u0173 dyd\u017ei\u0173 kad tilpt\u0173 viskas ko gali prireikti nuo ausini\u0173 iki plauk\u0173 kauk\u0117s.<\/p>\n<p>Audinys\u00a0itin mink\u0161tas veli\u016bras 100% poliesteris skalbiamas skalbimo ma\u0161inoje.<\/p>\n<p>Sizes:<br \/>\nS 18 x 14 x 6 cm ma\u017eoms svarbioms smulkmenoms<br \/>\nM 28 x 18 x 6 cm kai norisi daugiau<br \/>\nL 33 x 23 x 6 cm tikra kelioni\u0173 draug\u0117<\/p>\n<p>Made and manufactured in Lithuania<\/p>","protected":false},"featured_media":2516,"comment_status":"open","ping_status":"closed","template":"","meta":{"_acf_changed":false},"partner":[54],"product_brand":[],"product_cat":[26,18],"product_tag":[],"class_list":{"0":"post-983","1":"product","2":"type-product","3":"status-publish","4":"has-post-thumbnail","6":"partner-pitex","7":"product_cat-karaliskajam-stiliui","8":"product_cat-karaliskoji-kolekcija","10":"first","11":"instock","12":"taxable","13":"shipping-taxable","14":"purchasable","15":"product-type-variable"},"acf":[],"yoast_head":"<!-- This site is optimized with the Yoast SEO plugin v27.5 - https:\/\/yoast.com\/product\/yoast-seo-wordpress\/ -->\n<title>Kosmetin\u0117 \u201eBarbora\u201c | 3 dyd\u017eiai - Slapta Meil\u0117<\/title>\n<meta name=\"robots\" content=\"index, follow, max-snippet:-1, max-image-preview:large, max-video-preview:-1\" \/>\n<link rel=\"canonical\" href=\"https:\/\/slaptameile.lt\/en\/preke\/kosmetine-barbora-3-dydziai\/\" \/>\n<meta property=\"og:locale\" content=\"en_US\" \/>\n<meta property=\"og:type\" content=\"article\" \/>\n<meta property=\"og:title\" content=\"Kosmetin\u0117 \u201eBarbora\u201c | 3 dyd\u017eiai - Slapta Meil\u0117\" \/>\n<meta property=\"og:description\" content=\"SLAPTA MEIL\u0116 ir PITEX bendra kolekcija  Kai Barbora Radvilait\u0117 \u2013 romanti\u0161kiausia Lietuvos did\u017eioji kunigaik\u0161tein\u0117 ir Lenkijos karalien\u0117 \u2013 tampa tavo kosmetini\u0173 reikmen\u0173 serg\u0117toja, \u017einai kad tai ne tiesiog kosmetin\u0117 o kasdienyb\u0117s meno objektas.  Ant jos \u2013 \u0161iuolaikin\u0117s meninink\u0117s Migl\u0117s Kosinskait\u0117s pie\u0161inys i\u0161 garsiojo portreto kuriame Barbora pavaizduota su \u017dygimantu Augustu tik \u0161\u012fkart ranka i\u0161traukta i\u0161 istorijos ir tapusi tavo stiliaus detal\u0117.  Kosmetin\u0117 daili viduje ir i\u0161or\u0117je su pamu\u0161alu u\u017etrauktuku bei modernia ranken\u0117le kad laikyt\u0173si lengvai ir atrodyt\u0173 dar geriau ant makia\u017eo stalo vonioje ar kelion\u0117je  Trij\u0173 dyd\u017ei\u0173 kad tilpt\u0173 viskas ko gali prireikti nuo ausini\u0173 iki plauk\u0173 kauk\u0117s.  Audinys\u00a0itin mink\u0161tas veli\u016bras 100% poliesteris skalbiamas skalbimo ma\u0161inoje.  Dyd\u017eiai: S 18 x 14 x 6 cm ma\u017eoms svarbioms smulkmenoms M 28 x 18 x 6 cm kai norisi daugiau L 33 x 23 x 6 cm tikra kelioni\u0173 draug\u0117  Sukurta ir pagaminta Lietuvoje\" \/>\n<meta property=\"og:url\" content=\"https:\/\/slaptameile.lt\/en\/preke\/kosmetine-barbora-3-dydziai\/\" \/>\n<meta property=\"og:site_name\" content=\"Slapta Meil\u0117\" \/>\n<meta property=\"article:publisher\" content=\"https:\/\/www.facebook.com\/SlaptaMeileBarbora\" \/>\n<meta property=\"article:modified_time\" content=\"2026-04-14T01:38:33+00:00\" \/>\n<meta property=\"og:image\" content=\"https:\/\/slaptameile.lt\/wp-content\/uploads\/2024\/08\/Kosmetine-10.jpg\" \/>\n\t<meta property=\"og:image:width\" content=\"2400\" \/>\n\t<meta property=\"og:image:height\" content=\"3000\" \/>\n\t<meta property=\"og:image:type\" content=\"image\/jpeg\" \/>\n<meta name=\"twitter:card\" content=\"summary_large_image\" \/>\n<meta name=\"twitter:label1\" content=\"Est. reading time\" \/>\n\t<meta name=\"twitter:data1\" content=\"1 minute\" \/>\n<script type=\"application\/ld+json\" class=\"yoast-schema-graph\">{\"@context\":\"https:\\\/\\\/schema.org\",\"@graph\":[{\"@type\":\"WebPage\",\"@id\":\"https:\\\/\\\/slaptameile.lt\\\/preke\\\/kosmetine-barbora-3-dydziai\\\/\",\"url\":\"https:\\\/\\\/slaptameile.lt\\\/preke\\\/kosmetine-barbora-3-dydziai\\\/\",\"name\":\"Kosmetin\u0117 \u201eBarbora\u201c | 3 dyd\u017eiai - Slapta Meil\u0117\",\"isPartOf\":{\"@id\":\"https:\\\/\\\/slaptameile.lt\\\/#website\"},\"primaryImageOfPage\":{\"@id\":\"https:\\\/\\\/slaptameile.lt\\\/preke\\\/kosmetine-barbora-3-dydziai\\\/#primaryimage\"},\"image\":{\"@id\":\"https:\\\/\\\/slaptameile.lt\\\/preke\\\/kosmetine-barbora-3-dydziai\\\/#primaryimage\"},\"thumbnailUrl\":\"https:\\\/\\\/slaptameile.lt\\\/wp-content\\\/uploads\\\/2024\\\/08\\\/Kosmetine-10.jpg\",\"datePublished\":\"2024-08-08T08:00:30+00:00\",\"dateModified\":\"2026-04-14T01:38:33+00:00\",\"breadcrumb\":{\"@id\":\"https:\\\/\\\/slaptameile.lt\\\/preke\\\/kosmetine-barbora-3-dydziai\\\/#breadcrumb\"},\"inLanguage\":\"en-US\",\"potentialAction\":[{\"@type\":\"ReadAction\",\"target\":[\"https:\\\/\\\/slaptameile.lt\\\/preke\\\/kosmetine-barbora-3-dydziai\\\/\"]}]},{\"@type\":\"ImageObject\",\"inLanguage\":\"en-US\",\"@id\":\"https:\\\/\\\/slaptameile.lt\\\/preke\\\/kosmetine-barbora-3-dydziai\\\/#primaryimage\",\"url\":\"https:\\\/\\\/slaptameile.lt\\\/wp-content\\\/uploads\\\/2024\\\/08\\\/Kosmetine-10.jpg\",\"contentUrl\":\"https:\\\/\\\/slaptameile.lt\\\/wp-content\\\/uploads\\\/2024\\\/08\\\/Kosmetine-10.jpg\",\"width\":2400,\"height\":3000},{\"@type\":\"BreadcrumbList\",\"@id\":\"https:\\\/\\\/slaptameile.lt\\\/preke\\\/kosmetine-barbora-3-dydziai\\\/#breadcrumb\",\"itemListElement\":[{\"@type\":\"ListItem\",\"position\":1,\"name\":\"Home\",\"item\":\"https:\\\/\\\/slaptameile.lt\\\/\"},{\"@type\":\"ListItem\",\"position\":2,\"name\":\"Parduotuv\u0117\",\"item\":\"https:\\\/\\\/slaptameile.lt\\\/parduotuve\\\/\"},{\"@type\":\"ListItem\",\"position\":3,\"name\":\"Kosmetin\u0117 \u201eBarbora\u201c | 3 dyd\u017eiai\"}]},{\"@type\":\"WebSite\",\"@id\":\"https:\\\/\\\/slaptameile.lt\\\/#website\",\"url\":\"https:\\\/\\\/slaptameile.lt\\\/\",\"name\":\"Slapta Meil\u0117\",\"description\":\"\",\"publisher\":{\"@id\":\"https:\\\/\\\/slaptameile.lt\\\/#organization\"},\"potentialAction\":[{\"@type\":\"SearchAction\",\"target\":{\"@type\":\"EntryPoint\",\"urlTemplate\":\"https:\\\/\\\/slaptameile.lt\\\/?s={search_term_string}\"},\"query-input\":{\"@type\":\"PropertyValueSpecification\",\"valueRequired\":true,\"valueName\":\"search_term_string\"}}],\"inLanguage\":\"en-US\"},{\"@type\":\"Organization\",\"@id\":\"https:\\\/\\\/slaptameile.lt\\\/#organization\",\"name\":\"Slapta Meil\u0117\",\"url\":\"https:\\\/\\\/slaptameile.lt\\\/\",\"logo\":{\"@type\":\"ImageObject\",\"inLanguage\":\"en-US\",\"@id\":\"https:\\\/\\\/slaptameile.lt\\\/#\\\/schema\\\/logo\\\/image\\\/\",\"url\":\"https:\\\/\\\/slaptameile.lt\\\/wp-content\\\/uploads\\\/2026\\\/04\\\/sm-logo.jpg\",\"contentUrl\":\"https:\\\/\\\/slaptameile.lt\\\/wp-content\\\/uploads\\\/2026\\\/04\\\/sm-logo.jpg\",\"width\":810,\"height\":380,\"caption\":\"Slapta Meil\u0117\"},\"image\":{\"@id\":\"https:\\\/\\\/slaptameile.lt\\\/#\\\/schema\\\/logo\\\/image\\\/\"},\"sameAs\":[\"https:\\\/\\\/www.facebook.com\\\/SlaptaMeileBarbora\",\"https:\\\/\\\/www.instagram.com\\\/slaptameile\",\"https:\\\/\\\/www.tiktok.com\\\/@slaptameile1\"]}]}<\/script>\n<!-- \/ Yoast SEO plugin. -->","yoast_head_json":{"title":"Kosmetin\u0117 \u201eBarbora\u201c | 3 dyd\u017eiai - Slapta Meil\u0117","robots":{"index":"index","follow":"follow","max-snippet":"max-snippet:-1","max-image-preview":"max-image-preview:large","max-video-preview":"max-video-preview:-1"},"canonical":"https:\/\/slaptameile.lt\/en\/preke\/kosmetine-barbora-3-dydziai\/","og_locale":"en_US","og_type":"article","og_title":"Kosmetin\u0117 \u201eBarbora\u201c | 3 dyd\u017eiai - Slapta Meil\u0117","og_description":"SLAPTA MEIL\u0116 ir PITEX bendra kolekcija  Kai Barbora Radvilait\u0117 \u2013 romanti\u0161kiausia Lietuvos did\u017eioji kunigaik\u0161tein\u0117 ir Lenkijos karalien\u0117 \u2013 tampa tavo kosmetini\u0173 reikmen\u0173 serg\u0117toja, \u017einai kad tai ne tiesiog kosmetin\u0117 o kasdienyb\u0117s meno objektas.  Ant jos \u2013 \u0161iuolaikin\u0117s meninink\u0117s Migl\u0117s Kosinskait\u0117s pie\u0161inys i\u0161 garsiojo portreto kuriame Barbora pavaizduota su \u017dygimantu Augustu tik \u0161\u012fkart ranka i\u0161traukta i\u0161 istorijos ir tapusi tavo stiliaus detal\u0117.  Kosmetin\u0117 daili viduje ir i\u0161or\u0117je su pamu\u0161alu u\u017etrauktuku bei modernia ranken\u0117le kad laikyt\u0173si lengvai ir atrodyt\u0173 dar geriau ant makia\u017eo stalo vonioje ar kelion\u0117je  Trij\u0173 dyd\u017ei\u0173 kad tilpt\u0173 viskas ko gali prireikti nuo ausini\u0173 iki plauk\u0173 kauk\u0117s.  Audinys\u00a0itin mink\u0161tas veli\u016bras 100% poliesteris skalbiamas skalbimo ma\u0161inoje.  Dyd\u017eiai: S 18 x 14 x 6 cm ma\u017eoms svarbioms smulkmenoms M 28 x 18 x 6 cm kai norisi daugiau L 33 x 23 x 6 cm tikra kelioni\u0173 draug\u0117  Sukurta ir pagaminta Lietuvoje","og_url":"https:\/\/slaptameile.lt\/en\/preke\/kosmetine-barbora-3-dydziai\/","og_site_name":"Slapta Meil\u0117","article_publisher":"https:\/\/www.facebook.com\/SlaptaMeileBarbora","article_modified_time":"2026-04-14T01:38:33+00:00","og_image":[{"width":2400,"height":3000,"url":"https:\/\/slaptameile.lt\/wp-content\/uploads\/2024\/08\/Kosmetine-10.jpg","type":"image\/jpeg"}],"twitter_card":"summary_large_image","twitter_misc":{"Est. reading time":"1 minute"},"schema":{"@context":"https:\/\/schema.org","@graph":[{"@type":"WebPage","@id":"https:\/\/slaptameile.lt\/preke\/kosmetine-barbora-3-dydziai\/","url":"https:\/\/slaptameile.lt\/preke\/kosmetine-barbora-3-dydziai\/","name":"Kosmetin\u0117 \u201eBarbora\u201c | 3 dyd\u017eiai - Slapta Meil\u0117","isPartOf":{"@id":"https:\/\/slaptameile.lt\/#website"},"primaryImageOfPage":{"@id":"https:\/\/slaptameile.lt\/preke\/kosmetine-barbora-3-dydziai\/#primaryimage"},"image":{"@id":"https:\/\/slaptameile.lt\/preke\/kosmetine-barbora-3-dydziai\/#primaryimage"},"thumbnailUrl":"https:\/\/slaptameile.lt\/wp-content\/uploads\/2024\/08\/Kosmetine-10.jpg","datePublished":"2024-08-08T08:00:30+00:00","dateModified":"2026-04-14T01:38:33+00:00","breadcrumb":{"@id":"https:\/\/slaptameile.lt\/preke\/kosmetine-barbora-3-dydziai\/#breadcrumb"},"inLanguage":"en-US","potentialAction":[{"@type":"ReadAction","target":["https:\/\/slaptameile.lt\/preke\/kosmetine-barbora-3-dydziai\/"]}]},{"@type":"ImageObject","inLanguage":"en-US","@id":"https:\/\/slaptameile.lt\/preke\/kosmetine-barbora-3-dydziai\/#primaryimage","url":"https:\/\/slaptameile.lt\/wp-content\/uploads\/2024\/08\/Kosmetine-10.jpg","contentUrl":"https:\/\/slaptameile.lt\/wp-content\/uploads\/2024\/08\/Kosmetine-10.jpg","width":2400,"height":3000},{"@type":"BreadcrumbList","@id":"https:\/\/slaptameile.lt\/preke\/kosmetine-barbora-3-dydziai\/#breadcrumb","itemListElement":[{"@type":"ListItem","position":1,"name":"Home","item":"https:\/\/slaptameile.lt\/"},{"@type":"ListItem","position":2,"name":"Parduotuv\u0117","item":"https:\/\/slaptameile.lt\/parduotuve\/"},{"@type":"ListItem","position":3,"name":"Kosmetin\u0117 \u201eBarbora\u201c | 3 dyd\u017eiai"}]},{"@type":"WebSite","@id":"https:\/\/slaptameile.lt\/#website","url":"https:\/\/slaptameile.lt\/","name":"Secret Love","description":"","publisher":{"@id":"https:\/\/slaptameile.lt\/#organization"},"potentialAction":[{"@type":"SearchAction","target":{"@type":"EntryPoint","urlTemplate":"https:\/\/slaptameile.lt\/?s={search_term_string}"},"query-input":{"@type":"PropertyValueSpecification","valueRequired":true,"valueName":"search_term_string"}}],"inLanguage":"en-US"},{"@type":"Organization","@id":"https:\/\/slaptameile.lt\/#organization","name":"Secret Love","url":"https:\/\/slaptameile.lt\/","logo":{"@type":"ImageObject","inLanguage":"en-US","@id":"https:\/\/slaptameile.lt\/#\/schema\/logo\/image\/","url":"https:\/\/slaptameile.lt\/wp-content\/uploads\/2026\/04\/sm-logo.jpg","contentUrl":"https:\/\/slaptameile.lt\/wp-content\/uploads\/2026\/04\/sm-logo.jpg","width":810,"height":380,"caption":"Slapta Meil\u0117"},"image":{"@id":"https:\/\/slaptameile.lt\/#\/schema\/logo\/image\/"},"sameAs":["https:\/\/www.facebook.com\/SlaptaMeileBarbora","https:\/\/www.instagram.com\/slaptameile","https:\/\/www.tiktok.com\/@slaptameile1"]}]}},"_links":{"self":[{"href":"https:\/\/slaptameile.lt\/en\/wp-json\/wp\/v2\/product\/983","targetHints":{"allow":["GET"]}}],"collection":[{"href":"https:\/\/slaptameile.lt\/en\/wp-json\/wp\/v2\/product"}],"about":[{"href":"https:\/\/slaptameile.lt\/en\/wp-json\/wp\/v2\/types\/product"}],"replies":[{"embeddable":true,"href":"https:\/\/slaptameile.lt\/en\/wp-json\/wp\/v2\/comments?post=983"}],"wp:featuredmedia":[{"embeddable":true,"href":"https:\/\/slaptameile.lt\/en\/wp-json\/wp\/v2\/media\/2516"}],"wp:attachment":[{"href":"https:\/\/slaptameile.lt\/en\/wp-json\/wp\/v2\/media?parent=983"}],"wp:term":[{"taxonomy":"partner","embeddable":true,"href":"https:\/\/slaptameile.lt\/en\/wp-json\/wp\/v2\/partner?post=983"},{"taxonomy":"product_brand","embeddable":true,"href":"https:\/\/slaptameile.lt\/en\/wp-json\/wp\/v2\/product_brand?post=983"},{"taxonomy":"product_cat","embeddable":true,"href":"https:\/\/slaptameile.lt\/en\/wp-json\/wp\/v2\/product_cat?post=983"},{"taxonomy":"product_tag","embeddable":true,"href":"https:\/\/slaptameile.lt\/en\/wp-json\/wp\/v2\/product_tag?post=983"}],"curies":[{"name":"wp","href":"https:\/\/api.w.org\/{rel}","templated":true}]}}