{"id":946,"date":"2024-08-08T12:05:48","date_gmt":"2024-08-08T09:05:48","guid":{"rendered":"https:\/\/slaptameile.lt\/?post_type=product&#038;p=946"},"modified":"2026-04-08T16:30:59","modified_gmt":"2026-04-08T13:30:59","slug":"kosmetine-karaliskas-vilnius-3-dydziai","status":"publish","type":"product","link":"https:\/\/slaptameile.lt\/en\/preke\/kosmetine-karaliskas-vilnius-3-dydziai\/","title":{"rendered":"Cosmetic \u201eRoyal Vilnius\u201c | 3 sizes"},"content":{"rendered":"<p>Kai Vilniaus meil\u0117s \u017eem\u0117lapis telpa tavo delne.<\/p>\n<p>\u0160i kosmetin\u0117 gim\u0117 i\u0161 miesto kuris moka saugoti paslaptis \u2013 tarp Valdov\u0173 r\u016bm\u0173 skliaut\u0173 ir Au\u0161ros vart\u0173 \u0161e\u0161\u0117li\u0173 Barbora ir \u017dygimantas prisiek\u0117 vienas kitam tai ko net protokolai nedr\u012fso ra\u0161yti.<\/p>\n<p>Dizainer\u0117s Julijos Janus sukurtas pie\u0161inys pasakoja visk\u0105 k\u0105 reikia \u017einoti apie karali\u0161k\u0105 meil\u0119 ir elegancij\u0105 \u2013 Valdov\u0173 r\u016bmai j\u0173 susitikimams, Vilniaus katedra j\u0173 priesaikai, Au\u0161ros vartai jos i\u0161vykimui \u012f Krokuv\u0105 ir sugr\u012f\u017eimui \u012f am\u017ein\u0105j\u0105 ramyb\u0119. Barboros paminklas vainikuojamas J\u0117zuit\u0173 bok\u0161t\u0173 siluetu \u2013 detal\u0117 kuri\u0105 pastebi tik tie kurie moka matyti.<\/p>\n<p>\u0160i kosmetin\u0117 \u2013funkcija su u\u017etrauktuku nusegama ranken\u0117le kuri leid\u017eia jai keliauti su tavimi i\u0161 sostin\u0117s grindinio \u012f vonios lentyn\u0105 i\u0161 darbo stalo \u012f savaitgalio pab\u0117gim\u0105.<\/p>\n<p>Audinys itin mink\u0161tas veli\u016bras 100% poliesteris.<br \/>\nSkalbiasi skalbimo ma\u0161inoje nes net legenda kartais nori b\u016bti \u0161vari.<\/p>\n<p>Sizes:<br \/>\nS 18 x 14 x 6 cm kai norisi tik l\u016bpda\u017eio ir paslapties<br \/>\nM 28 x 18 x 6 cm kai nori visko tiek kiek i\u0161 tikr\u0173j\u0173 reikia<br \/>\nL 33 x 23 x 6 cm kai kelion\u0117 nusipelno stiliaus<\/p>\n<p>Sukurta ir pagaminta Lietuvoje.<\/p>","protected":false},"excerpt":{"rendered":"<p>Kai Vilniaus meil\u0117s \u017eem\u0117lapis telpa tavo delne.<\/p>\n<p>\u0160i kosmetin\u0117 gim\u0117 i\u0161 miesto kuris moka saugoti paslaptis \u2013 tarp Valdov\u0173 r\u016bm\u0173 skliaut\u0173 ir Au\u0161ros vart\u0173 \u0161e\u0161\u0117li\u0173 Barbora ir \u017dygimantas prisiek\u0117 vienas kitam tai ko net protokolai nedr\u012fso ra\u0161yti.<\/p>\n<p>Dizainer\u0117s Julijos Janus sukurtas pie\u0161inys pasakoja visk\u0105 k\u0105 reikia \u017einoti apie karali\u0161k\u0105 meil\u0119 ir elegancij\u0105 \u2013 Valdov\u0173 r\u016bmai j\u0173 susitikimams, Vilniaus katedra j\u0173 priesaikai, Au\u0161ros vartai jos i\u0161vykimui \u012f Krokuv\u0105 ir sugr\u012f\u017eimui \u012f am\u017ein\u0105j\u0105 ramyb\u0119. Barboros paminklas vainikuojamas J\u0117zuit\u0173 bok\u0161t\u0173 siluetu \u2013 detal\u0117 kuri\u0105 pastebi tik tie kurie moka matyti.<\/p>\n<p>\u0160i kosmetin\u0117 \u2013funkcija su u\u017etrauktuku nusegama ranken\u0117le kuri leid\u017eia jai keliauti su tavimi i\u0161 sostin\u0117s grindinio \u012f vonios lentyn\u0105 i\u0161 darbo stalo \u012f savaitgalio pab\u0117gim\u0105.<\/p>\n<p>Audinys itin mink\u0161tas veli\u016bras 100% poliesteris.<br \/>\nSkalbiasi skalbimo ma\u0161inoje nes net legenda kartais nori b\u016bti \u0161vari.<\/p>\n<p>Sizes:<br \/>\nS 18 x 14 x 6 cm kai norisi tik l\u016bpda\u017eio ir paslapties<br \/>\nM 28 x 18 x 6 cm kai nori visko tiek kiek i\u0161 tikr\u0173j\u0173 reikia<br \/>\nL 33 x 23 x 6 cm kai kelion\u0117 nusipelno stiliaus<\/p>\n<p>Sukurta ir pagaminta Lietuvoje.<\/p>","protected":false},"featured_media":947,"comment_status":"open","ping_status":"closed","template":"","meta":{"_acf_changed":false},"partner":[54],"product_brand":[],"product_cat":[26,18],"product_tag":[],"class_list":{"0":"post-946","1":"product","2":"type-product","3":"status-publish","4":"has-post-thumbnail","6":"partner-pitex","7":"product_cat-karaliskajam-stiliui","8":"product_cat-karaliskoji-kolekcija","10":"first","11":"instock","12":"taxable","13":"shipping-taxable","14":"purchasable","15":"product-type-variable"},"acf":[],"yoast_head":"<!-- This site is optimized with the Yoast SEO plugin v27.5 - https:\/\/yoast.com\/product\/yoast-seo-wordpress\/ -->\n<title>Kosmetin\u0117 \u201eKarali\u0161kas Vilnius\u201c | 3 dyd\u017eiai - Slapta Meil\u0117<\/title>\n<meta name=\"robots\" content=\"index, follow, max-snippet:-1, max-image-preview:large, max-video-preview:-1\" \/>\n<link rel=\"canonical\" href=\"https:\/\/slaptameile.lt\/en\/preke\/kosmetine-karaliskas-vilnius-3-dydziai\/\" \/>\n<meta property=\"og:locale\" content=\"en_US\" \/>\n<meta property=\"og:type\" content=\"article\" \/>\n<meta property=\"og:title\" content=\"Kosmetin\u0117 \u201eKarali\u0161kas Vilnius\u201c | 3 dyd\u017eiai - Slapta Meil\u0117\" \/>\n<meta property=\"og:description\" content=\"Kai Vilniaus meil\u0117s \u017eem\u0117lapis telpa tavo delne.  \u0160i kosmetin\u0117 gim\u0117 i\u0161 miesto kuris moka saugoti paslaptis \u2013 tarp Valdov\u0173 r\u016bm\u0173 skliaut\u0173 ir Au\u0161ros vart\u0173 \u0161e\u0161\u0117li\u0173 Barbora ir \u017dygimantas prisiek\u0117 vienas kitam tai ko net protokolai nedr\u012fso ra\u0161yti.  Dizainer\u0117s Julijos Janus sukurtas pie\u0161inys pasakoja visk\u0105 k\u0105 reikia \u017einoti apie karali\u0161k\u0105 meil\u0119 ir elegancij\u0105 \u2013 Valdov\u0173 r\u016bmai j\u0173 susitikimams, Vilniaus katedra j\u0173 priesaikai, Au\u0161ros vartai jos i\u0161vykimui \u012f Krokuv\u0105 ir sugr\u012f\u017eimui \u012f am\u017ein\u0105j\u0105 ramyb\u0119. Barboros paminklas vainikuojamas J\u0117zuit\u0173 bok\u0161t\u0173 siluetu \u2013 detal\u0117 kuri\u0105 pastebi tik tie kurie moka matyti.  \u0160i kosmetin\u0117 \u2013funkcija su u\u017etrauktuku nusegama ranken\u0117le kuri leid\u017eia jai keliauti su tavimi i\u0161 sostin\u0117s grindinio \u012f vonios lentyn\u0105 i\u0161 darbo stalo \u012f savaitgalio pab\u0117gim\u0105.  Audinys itin mink\u0161tas veli\u016bras 100% poliesteris. Skalbiasi skalbimo ma\u0161inoje nes net legenda kartais nori b\u016bti \u0161vari.  Dyd\u017eiai: S 18 x 14 x 6 cm kai norisi tik l\u016bpda\u017eio ir paslapties M 28 x 18 x 6 cm kai nori visko tiek kiek i\u0161 tikr\u0173j\u0173 reikia L 33 x 23 x 6 cm kai kelion\u0117 nusipelno stiliaus  Sukurta ir pagaminta Lietuvoje.\" \/>\n<meta property=\"og:url\" content=\"https:\/\/slaptameile.lt\/en\/preke\/kosmetine-karaliskas-vilnius-3-dydziai\/\" \/>\n<meta property=\"og:site_name\" content=\"Slapta Meil\u0117\" \/>\n<meta property=\"article:publisher\" content=\"https:\/\/www.facebook.com\/SlaptaMeileBarbora\" \/>\n<meta property=\"article:modified_time\" content=\"2026-04-08T13:30:59+00:00\" \/>\n<meta property=\"og:image\" content=\"https:\/\/slaptameile.lt\/wp-content\/uploads\/2025\/10\/SM-28-1.jpg\" \/>\n\t<meta property=\"og:image:width\" content=\"1639\" \/>\n\t<meta property=\"og:image:height\" content=\"2048\" \/>\n\t<meta property=\"og:image:type\" content=\"image\/jpeg\" \/>\n<meta name=\"twitter:card\" content=\"summary_large_image\" \/>\n<meta name=\"twitter:label1\" content=\"Est. reading time\" \/>\n\t<meta name=\"twitter:data1\" content=\"1 minute\" \/>\n<script type=\"application\/ld+json\" class=\"yoast-schema-graph\">{\"@context\":\"https:\\\/\\\/schema.org\",\"@graph\":[{\"@type\":\"WebPage\",\"@id\":\"https:\\\/\\\/slaptameile.lt\\\/preke\\\/kosmetine-karaliskas-vilnius-3-dydziai\\\/\",\"url\":\"https:\\\/\\\/slaptameile.lt\\\/preke\\\/kosmetine-karaliskas-vilnius-3-dydziai\\\/\",\"name\":\"Kosmetin\u0117 \u201eKarali\u0161kas Vilnius\u201c | 3 dyd\u017eiai - Slapta Meil\u0117\",\"isPartOf\":{\"@id\":\"https:\\\/\\\/slaptameile.lt\\\/#website\"},\"primaryImageOfPage\":{\"@id\":\"https:\\\/\\\/slaptameile.lt\\\/preke\\\/kosmetine-karaliskas-vilnius-3-dydziai\\\/#primaryimage\"},\"image\":{\"@id\":\"https:\\\/\\\/slaptameile.lt\\\/preke\\\/kosmetine-karaliskas-vilnius-3-dydziai\\\/#primaryimage\"},\"thumbnailUrl\":\"https:\\\/\\\/slaptameile.lt\\\/wp-content\\\/uploads\\\/2025\\\/10\\\/SM-28-1.jpg\",\"datePublished\":\"2024-08-08T09:05:48+00:00\",\"dateModified\":\"2026-04-08T13:30:59+00:00\",\"breadcrumb\":{\"@id\":\"https:\\\/\\\/slaptameile.lt\\\/preke\\\/kosmetine-karaliskas-vilnius-3-dydziai\\\/#breadcrumb\"},\"inLanguage\":\"en-US\",\"potentialAction\":[{\"@type\":\"ReadAction\",\"target\":[\"https:\\\/\\\/slaptameile.lt\\\/preke\\\/kosmetine-karaliskas-vilnius-3-dydziai\\\/\"]}]},{\"@type\":\"ImageObject\",\"inLanguage\":\"en-US\",\"@id\":\"https:\\\/\\\/slaptameile.lt\\\/preke\\\/kosmetine-karaliskas-vilnius-3-dydziai\\\/#primaryimage\",\"url\":\"https:\\\/\\\/slaptameile.lt\\\/wp-content\\\/uploads\\\/2025\\\/10\\\/SM-28-1.jpg\",\"contentUrl\":\"https:\\\/\\\/slaptameile.lt\\\/wp-content\\\/uploads\\\/2025\\\/10\\\/SM-28-1.jpg\",\"width\":1639,\"height\":2048},{\"@type\":\"BreadcrumbList\",\"@id\":\"https:\\\/\\\/slaptameile.lt\\\/preke\\\/kosmetine-karaliskas-vilnius-3-dydziai\\\/#breadcrumb\",\"itemListElement\":[{\"@type\":\"ListItem\",\"position\":1,\"name\":\"Home\",\"item\":\"https:\\\/\\\/slaptameile.lt\\\/\"},{\"@type\":\"ListItem\",\"position\":2,\"name\":\"Parduotuv\u0117\",\"item\":\"https:\\\/\\\/slaptameile.lt\\\/parduotuve\\\/\"},{\"@type\":\"ListItem\",\"position\":3,\"name\":\"Kosmetin\u0117 \u201eKarali\u0161kas Vilnius\u201c | 3 dyd\u017eiai\"}]},{\"@type\":\"WebSite\",\"@id\":\"https:\\\/\\\/slaptameile.lt\\\/#website\",\"url\":\"https:\\\/\\\/slaptameile.lt\\\/\",\"name\":\"Slapta Meil\u0117\",\"description\":\"\",\"publisher\":{\"@id\":\"https:\\\/\\\/slaptameile.lt\\\/#organization\"},\"potentialAction\":[{\"@type\":\"SearchAction\",\"target\":{\"@type\":\"EntryPoint\",\"urlTemplate\":\"https:\\\/\\\/slaptameile.lt\\\/?s={search_term_string}\"},\"query-input\":{\"@type\":\"PropertyValueSpecification\",\"valueRequired\":true,\"valueName\":\"search_term_string\"}}],\"inLanguage\":\"en-US\"},{\"@type\":\"Organization\",\"@id\":\"https:\\\/\\\/slaptameile.lt\\\/#organization\",\"name\":\"Slapta Meil\u0117\",\"url\":\"https:\\\/\\\/slaptameile.lt\\\/\",\"logo\":{\"@type\":\"ImageObject\",\"inLanguage\":\"en-US\",\"@id\":\"https:\\\/\\\/slaptameile.lt\\\/#\\\/schema\\\/logo\\\/image\\\/\",\"url\":\"https:\\\/\\\/slaptameile.lt\\\/wp-content\\\/uploads\\\/2026\\\/04\\\/sm-logo.jpg\",\"contentUrl\":\"https:\\\/\\\/slaptameile.lt\\\/wp-content\\\/uploads\\\/2026\\\/04\\\/sm-logo.jpg\",\"width\":810,\"height\":380,\"caption\":\"Slapta Meil\u0117\"},\"image\":{\"@id\":\"https:\\\/\\\/slaptameile.lt\\\/#\\\/schema\\\/logo\\\/image\\\/\"},\"sameAs\":[\"https:\\\/\\\/www.facebook.com\\\/SlaptaMeileBarbora\",\"https:\\\/\\\/www.instagram.com\\\/slaptameile\",\"https:\\\/\\\/www.tiktok.com\\\/@slaptameile1\"]}]}<\/script>\n<!-- \/ Yoast SEO plugin. -->","yoast_head_json":{"title":"Kosmetin\u0117 \u201eKarali\u0161kas Vilnius\u201c | 3 dyd\u017eiai - Slapta Meil\u0117","robots":{"index":"index","follow":"follow","max-snippet":"max-snippet:-1","max-image-preview":"max-image-preview:large","max-video-preview":"max-video-preview:-1"},"canonical":"https:\/\/slaptameile.lt\/en\/preke\/kosmetine-karaliskas-vilnius-3-dydziai\/","og_locale":"en_US","og_type":"article","og_title":"Kosmetin\u0117 \u201eKarali\u0161kas Vilnius\u201c | 3 dyd\u017eiai - Slapta Meil\u0117","og_description":"Kai Vilniaus meil\u0117s \u017eem\u0117lapis telpa tavo delne.  \u0160i kosmetin\u0117 gim\u0117 i\u0161 miesto kuris moka saugoti paslaptis \u2013 tarp Valdov\u0173 r\u016bm\u0173 skliaut\u0173 ir Au\u0161ros vart\u0173 \u0161e\u0161\u0117li\u0173 Barbora ir \u017dygimantas prisiek\u0117 vienas kitam tai ko net protokolai nedr\u012fso ra\u0161yti.  Dizainer\u0117s Julijos Janus sukurtas pie\u0161inys pasakoja visk\u0105 k\u0105 reikia \u017einoti apie karali\u0161k\u0105 meil\u0119 ir elegancij\u0105 \u2013 Valdov\u0173 r\u016bmai j\u0173 susitikimams, Vilniaus katedra j\u0173 priesaikai, Au\u0161ros vartai jos i\u0161vykimui \u012f Krokuv\u0105 ir sugr\u012f\u017eimui \u012f am\u017ein\u0105j\u0105 ramyb\u0119. Barboros paminklas vainikuojamas J\u0117zuit\u0173 bok\u0161t\u0173 siluetu \u2013 detal\u0117 kuri\u0105 pastebi tik tie kurie moka matyti.  \u0160i kosmetin\u0117 \u2013funkcija su u\u017etrauktuku nusegama ranken\u0117le kuri leid\u017eia jai keliauti su tavimi i\u0161 sostin\u0117s grindinio \u012f vonios lentyn\u0105 i\u0161 darbo stalo \u012f savaitgalio pab\u0117gim\u0105.  Audinys itin mink\u0161tas veli\u016bras 100% poliesteris. Skalbiasi skalbimo ma\u0161inoje nes net legenda kartais nori b\u016bti \u0161vari.  Dyd\u017eiai: S 18 x 14 x 6 cm kai norisi tik l\u016bpda\u017eio ir paslapties M 28 x 18 x 6 cm kai nori visko tiek kiek i\u0161 tikr\u0173j\u0173 reikia L 33 x 23 x 6 cm kai kelion\u0117 nusipelno stiliaus  Sukurta ir pagaminta Lietuvoje.","og_url":"https:\/\/slaptameile.lt\/en\/preke\/kosmetine-karaliskas-vilnius-3-dydziai\/","og_site_name":"Slapta Meil\u0117","article_publisher":"https:\/\/www.facebook.com\/SlaptaMeileBarbora","article_modified_time":"2026-04-08T13:30:59+00:00","og_image":[{"width":1639,"height":2048,"url":"https:\/\/slaptameile.lt\/wp-content\/uploads\/2025\/10\/SM-28-1.jpg","type":"image\/jpeg"}],"twitter_card":"summary_large_image","twitter_misc":{"Est. reading time":"1 minute"},"schema":{"@context":"https:\/\/schema.org","@graph":[{"@type":"WebPage","@id":"https:\/\/slaptameile.lt\/preke\/kosmetine-karaliskas-vilnius-3-dydziai\/","url":"https:\/\/slaptameile.lt\/preke\/kosmetine-karaliskas-vilnius-3-dydziai\/","name":"Kosmetin\u0117 \u201eKarali\u0161kas Vilnius\u201c | 3 dyd\u017eiai - Slapta Meil\u0117","isPartOf":{"@id":"https:\/\/slaptameile.lt\/#website"},"primaryImageOfPage":{"@id":"https:\/\/slaptameile.lt\/preke\/kosmetine-karaliskas-vilnius-3-dydziai\/#primaryimage"},"image":{"@id":"https:\/\/slaptameile.lt\/preke\/kosmetine-karaliskas-vilnius-3-dydziai\/#primaryimage"},"thumbnailUrl":"https:\/\/slaptameile.lt\/wp-content\/uploads\/2025\/10\/SM-28-1.jpg","datePublished":"2024-08-08T09:05:48+00:00","dateModified":"2026-04-08T13:30:59+00:00","breadcrumb":{"@id":"https:\/\/slaptameile.lt\/preke\/kosmetine-karaliskas-vilnius-3-dydziai\/#breadcrumb"},"inLanguage":"en-US","potentialAction":[{"@type":"ReadAction","target":["https:\/\/slaptameile.lt\/preke\/kosmetine-karaliskas-vilnius-3-dydziai\/"]}]},{"@type":"ImageObject","inLanguage":"en-US","@id":"https:\/\/slaptameile.lt\/preke\/kosmetine-karaliskas-vilnius-3-dydziai\/#primaryimage","url":"https:\/\/slaptameile.lt\/wp-content\/uploads\/2025\/10\/SM-28-1.jpg","contentUrl":"https:\/\/slaptameile.lt\/wp-content\/uploads\/2025\/10\/SM-28-1.jpg","width":1639,"height":2048},{"@type":"BreadcrumbList","@id":"https:\/\/slaptameile.lt\/preke\/kosmetine-karaliskas-vilnius-3-dydziai\/#breadcrumb","itemListElement":[{"@type":"ListItem","position":1,"name":"Home","item":"https:\/\/slaptameile.lt\/"},{"@type":"ListItem","position":2,"name":"Parduotuv\u0117","item":"https:\/\/slaptameile.lt\/parduotuve\/"},{"@type":"ListItem","position":3,"name":"Kosmetin\u0117 \u201eKarali\u0161kas Vilnius\u201c | 3 dyd\u017eiai"}]},{"@type":"WebSite","@id":"https:\/\/slaptameile.lt\/#website","url":"https:\/\/slaptameile.lt\/","name":"Secret Love","description":"","publisher":{"@id":"https:\/\/slaptameile.lt\/#organization"},"potentialAction":[{"@type":"SearchAction","target":{"@type":"EntryPoint","urlTemplate":"https:\/\/slaptameile.lt\/?s={search_term_string}"},"query-input":{"@type":"PropertyValueSpecification","valueRequired":true,"valueName":"search_term_string"}}],"inLanguage":"en-US"},{"@type":"Organization","@id":"https:\/\/slaptameile.lt\/#organization","name":"Secret Love","url":"https:\/\/slaptameile.lt\/","logo":{"@type":"ImageObject","inLanguage":"en-US","@id":"https:\/\/slaptameile.lt\/#\/schema\/logo\/image\/","url":"https:\/\/slaptameile.lt\/wp-content\/uploads\/2026\/04\/sm-logo.jpg","contentUrl":"https:\/\/slaptameile.lt\/wp-content\/uploads\/2026\/04\/sm-logo.jpg","width":810,"height":380,"caption":"Slapta Meil\u0117"},"image":{"@id":"https:\/\/slaptameile.lt\/#\/schema\/logo\/image\/"},"sameAs":["https:\/\/www.facebook.com\/SlaptaMeileBarbora","https:\/\/www.instagram.com\/slaptameile","https:\/\/www.tiktok.com\/@slaptameile1"]}]}},"_links":{"self":[{"href":"https:\/\/slaptameile.lt\/en\/wp-json\/wp\/v2\/product\/946","targetHints":{"allow":["GET"]}}],"collection":[{"href":"https:\/\/slaptameile.lt\/en\/wp-json\/wp\/v2\/product"}],"about":[{"href":"https:\/\/slaptameile.lt\/en\/wp-json\/wp\/v2\/types\/product"}],"replies":[{"embeddable":true,"href":"https:\/\/slaptameile.lt\/en\/wp-json\/wp\/v2\/comments?post=946"}],"wp:featuredmedia":[{"embeddable":true,"href":"https:\/\/slaptameile.lt\/en\/wp-json\/wp\/v2\/media\/947"}],"wp:attachment":[{"href":"https:\/\/slaptameile.lt\/en\/wp-json\/wp\/v2\/media?parent=946"}],"wp:term":[{"taxonomy":"partner","embeddable":true,"href":"https:\/\/slaptameile.lt\/en\/wp-json\/wp\/v2\/partner?post=946"},{"taxonomy":"product_brand","embeddable":true,"href":"https:\/\/slaptameile.lt\/en\/wp-json\/wp\/v2\/product_brand?post=946"},{"taxonomy":"product_cat","embeddable":true,"href":"https:\/\/slaptameile.lt\/en\/wp-json\/wp\/v2\/product_cat?post=946"},{"taxonomy":"product_tag","embeddable":true,"href":"https:\/\/slaptameile.lt\/en\/wp-json\/wp\/v2\/product_tag?post=946"}],"curies":[{"name":"wp","href":"https:\/\/api.w.org\/{rel}","templated":true}]}}