{"id":936,"date":"2024-08-08T12:06:57","date_gmt":"2024-08-08T09:06:57","guid":{"rendered":"https:\/\/slaptameile.lt\/?post_type=product&#038;p=936"},"modified":"2026-04-08T16:28:11","modified_gmt":"2026-04-08T13:28:11","slug":"kosmetine-immigrant-queen-sweden-edition","status":"publish","type":"product","link":"https:\/\/slaptameile.lt\/en\/preke\/kosmetine-immigrant-queen-sweden-edition\/","title":{"rendered":"Cosmetic bag \u201eIMMIGRANT QUEEN: Sweden Edition\u201d"},"content":{"rendered":"<p><strong>\u201eIMMIGRANT QUEEN: Sweden Edition\u201c<\/strong><\/p>\n<p>Kotryna Jogailait\u0117 \u2013 but the version that emigrates with style and returns with a diploma. This bright blue handbag announces to everyone:\u00a0<em>\u201eI am not just a ruler, I am a brand.\u201c<\/em>\u00a0Sunglasses? Not really for the sun \u2013 for glances. A crown? Original. Everything else is an AI-spiced interpretation that allows Kotryna to become your everyday stylista.<\/p>\n<p><strong>Size:<\/strong> M ~ 11 x 7 x 2.4 inches \u2013 large enough to fit your life, but still can be called an \u201eaccessory.\u201c.<br \/>\n<strong>Material:<\/strong>\u00a0Polyester \u2013 because life's too short to hand wash.<br \/>\n<strong>Inside:<\/strong>\u00a0Cozy little pocket (yes, like Catherine's hug),<br \/>\n<strong>Fastening<\/strong>\u00a0with a zipper \u2013 so no one steals your crown or lipstick.<\/p>\n<p>This cosmetic is regal. It's Catherine, who left the Grand Duchy of Lithuania, but didn't forget glamour.<\/p>","protected":false},"excerpt":{"rendered":"<p>Kotryna Jogailait\u0117 \u2013 but the version that emigrates with style and returns with a diploma. This bright blue handbag announces to everyone:\u00a0<em>\u201eI am not just a ruler, I am a brand.\u201c<\/em>\u00a0Sunglasses? Not really for the sun \u2013 for glances. A crown? Original. Everything else is an AI-spiced interpretation that allows Kotryna to become your everyday stylista.<\/p>\n<p><strong>Size:<\/strong> M ~ 11 x 7 x 2.4 inches \u2013 large enough to fit your life, but still can be called an \u201eaccessory.\u201c.<br \/>\n<strong>Material:<\/strong>\u00a0Polyester \u2013 because life's too short to hand wash.<br \/>\n<strong>Inside:<\/strong>\u00a0Cozy little pocket (yes, like Catherine's hug),<br \/>\n<strong>Fastening<\/strong>\u00a0with a zipper \u2013 so no one steals your crown or lipstick.<\/p>\n<p>This cosmetic is regal. It's Catherine, who left the Grand Duchy of Lithuania, but didn't forget glamour.<\/p>","protected":false},"featured_media":937,"comment_status":"open","ping_status":"closed","template":"","meta":{"_acf_changed":false},"partner":[54],"product_brand":[],"product_cat":[26,18],"product_tag":[],"class_list":{"0":"post-936","1":"product","2":"type-product","3":"status-publish","4":"has-post-thumbnail","6":"partner-pitex","7":"product_cat-karaliskajam-stiliui","8":"product_cat-karaliskoji-kolekcija","10":"first","11":"instock","12":"taxable","13":"shipping-taxable","14":"purchasable","15":"product-type-simple"},"acf":[],"yoast_head":"<!-- This site is optimized with the Yoast SEO plugin v27.5 - https:\/\/yoast.com\/product\/yoast-seo-wordpress\/ -->\n<title>Kosmetin\u0117 \u201eIMMIGRANT QUEEN: Sweden Edition&quot; - Slapta Meil\u0117<\/title>\n<meta name=\"robots\" content=\"index, follow, max-snippet:-1, max-image-preview:large, max-video-preview:-1\" \/>\n<link rel=\"canonical\" href=\"https:\/\/slaptameile.lt\/en\/preke\/kosmetine-immigrant-queen-sweden-edition\/\" \/>\n<meta property=\"og:locale\" content=\"en_US\" \/>\n<meta property=\"og:type\" content=\"article\" \/>\n<meta property=\"og:title\" content=\"Kosmetin\u0117 \u201eIMMIGRANT QUEEN: Sweden Edition&quot; - Slapta Meil\u0117\" \/>\n<meta property=\"og:description\" content=\"Kotryna Jogailait\u0117 \u2013 bet versija, kuri emigruoja su stiliumi ir gr\u012f\u017eta su diplomu. \u0160i ry\u0161kiai m\u0117lyna rankin\u0117 prane\u0161a visiems:\u00a0\u201eA\u0161 ne tik valdov\u0117, a\u0161 \u2013 prek\u0117s \u017eenklas.\u201c\u00a0Saul\u0117s akiniai? Tikrai ne nuo saul\u0117s \u2013 nuo \u017evilgsni\u0173. Kar\u016bna? Originali. Visa kita \u2013 dirbtinio intelekto pagardinta interpretacija, kuri leid\u017eia Kotrynai tapti tavo kasdienyb\u0117s stileiva.  Dydis: M ~ 28 x 18 x 6 cm. \u2013 pakankamai didel\u0117, kad tilpt\u0173 tavo gyvenimas, bet dar galima vadinti \u201eaksesuaru\u201c. Med\u017eiaga:\u00a0poliesteris \u2013 nes gyvenimas per trumpas skalbti rankomis. Viduje:\u00a0jauki ki\u0161en\u0117l\u0117 (taip, tarsi Kotrynos apkabinimas), U\u017esegimas:\u00a0su u\u017etrauktuku \u2013 kad niekas nepavogt\u0173 tavo kar\u016bnos ar l\u016bpda\u017eio.  \u0160i kosmetin\u0117 \u2013 karali\u0161ka. Tai Kotryna, kuri paliko LDK, bet nepamir\u0161o glam\u016bro.\" \/>\n<meta property=\"og:url\" content=\"https:\/\/slaptameile.lt\/en\/preke\/kosmetine-immigrant-queen-sweden-edition\/\" \/>\n<meta property=\"og:site_name\" content=\"Slapta Meil\u0117\" \/>\n<meta property=\"article:publisher\" content=\"https:\/\/www.facebook.com\/SlaptaMeileBarbora\" \/>\n<meta property=\"article:modified_time\" content=\"2026-04-08T13:28:11+00:00\" \/>\n<meta property=\"og:image\" content=\"https:\/\/slaptameile.lt\/wp-content\/uploads\/2025\/10\/SM-91.jpg\" \/>\n\t<meta property=\"og:image:width\" content=\"1638\" \/>\n\t<meta property=\"og:image:height\" content=\"2048\" \/>\n\t<meta property=\"og:image:type\" content=\"image\/jpeg\" \/>\n<meta name=\"twitter:card\" content=\"summary_large_image\" \/>\n<meta name=\"twitter:label1\" content=\"Est. reading time\" \/>\n\t<meta name=\"twitter:data1\" content=\"1 minute\" \/>\n<script type=\"application\/ld+json\" class=\"yoast-schema-graph\">{\"@context\":\"https:\\\/\\\/schema.org\",\"@graph\":[{\"@type\":\"WebPage\",\"@id\":\"https:\\\/\\\/slaptameile.lt\\\/preke\\\/kosmetine-immigrant-queen-sweden-edition\\\/\",\"url\":\"https:\\\/\\\/slaptameile.lt\\\/preke\\\/kosmetine-immigrant-queen-sweden-edition\\\/\",\"name\":\"Kosmetin\u0117 \u201eIMMIGRANT QUEEN: Sweden Edition\\\" - Slapta Meil\u0117\",\"isPartOf\":{\"@id\":\"https:\\\/\\\/slaptameile.lt\\\/#website\"},\"primaryImageOfPage\":{\"@id\":\"https:\\\/\\\/slaptameile.lt\\\/preke\\\/kosmetine-immigrant-queen-sweden-edition\\\/#primaryimage\"},\"image\":{\"@id\":\"https:\\\/\\\/slaptameile.lt\\\/preke\\\/kosmetine-immigrant-queen-sweden-edition\\\/#primaryimage\"},\"thumbnailUrl\":\"https:\\\/\\\/slaptameile.lt\\\/wp-content\\\/uploads\\\/2025\\\/10\\\/SM-91.jpg\",\"datePublished\":\"2024-08-08T09:06:57+00:00\",\"dateModified\":\"2026-04-08T13:28:11+00:00\",\"breadcrumb\":{\"@id\":\"https:\\\/\\\/slaptameile.lt\\\/preke\\\/kosmetine-immigrant-queen-sweden-edition\\\/#breadcrumb\"},\"inLanguage\":\"en-US\",\"potentialAction\":[{\"@type\":\"ReadAction\",\"target\":[\"https:\\\/\\\/slaptameile.lt\\\/preke\\\/kosmetine-immigrant-queen-sweden-edition\\\/\"]}]},{\"@type\":\"ImageObject\",\"inLanguage\":\"en-US\",\"@id\":\"https:\\\/\\\/slaptameile.lt\\\/preke\\\/kosmetine-immigrant-queen-sweden-edition\\\/#primaryimage\",\"url\":\"https:\\\/\\\/slaptameile.lt\\\/wp-content\\\/uploads\\\/2025\\\/10\\\/SM-91.jpg\",\"contentUrl\":\"https:\\\/\\\/slaptameile.lt\\\/wp-content\\\/uploads\\\/2025\\\/10\\\/SM-91.jpg\",\"width\":1638,\"height\":2048},{\"@type\":\"BreadcrumbList\",\"@id\":\"https:\\\/\\\/slaptameile.lt\\\/preke\\\/kosmetine-immigrant-queen-sweden-edition\\\/#breadcrumb\",\"itemListElement\":[{\"@type\":\"ListItem\",\"position\":1,\"name\":\"Home\",\"item\":\"https:\\\/\\\/slaptameile.lt\\\/\"},{\"@type\":\"ListItem\",\"position\":2,\"name\":\"Parduotuv\u0117\",\"item\":\"https:\\\/\\\/slaptameile.lt\\\/parduotuve\\\/\"},{\"@type\":\"ListItem\",\"position\":3,\"name\":\"Kosmetin\u0117 \u201eIMMIGRANT QUEEN: Sweden Edition&#8221;\"}]},{\"@type\":\"WebSite\",\"@id\":\"https:\\\/\\\/slaptameile.lt\\\/#website\",\"url\":\"https:\\\/\\\/slaptameile.lt\\\/\",\"name\":\"Slapta Meil\u0117\",\"description\":\"\",\"publisher\":{\"@id\":\"https:\\\/\\\/slaptameile.lt\\\/#organization\"},\"potentialAction\":[{\"@type\":\"SearchAction\",\"target\":{\"@type\":\"EntryPoint\",\"urlTemplate\":\"https:\\\/\\\/slaptameile.lt\\\/?s={search_term_string}\"},\"query-input\":{\"@type\":\"PropertyValueSpecification\",\"valueRequired\":true,\"valueName\":\"search_term_string\"}}],\"inLanguage\":\"en-US\"},{\"@type\":\"Organization\",\"@id\":\"https:\\\/\\\/slaptameile.lt\\\/#organization\",\"name\":\"Slapta Meil\u0117\",\"url\":\"https:\\\/\\\/slaptameile.lt\\\/\",\"logo\":{\"@type\":\"ImageObject\",\"inLanguage\":\"en-US\",\"@id\":\"https:\\\/\\\/slaptameile.lt\\\/#\\\/schema\\\/logo\\\/image\\\/\",\"url\":\"https:\\\/\\\/slaptameile.lt\\\/wp-content\\\/uploads\\\/2026\\\/04\\\/sm-logo.jpg\",\"contentUrl\":\"https:\\\/\\\/slaptameile.lt\\\/wp-content\\\/uploads\\\/2026\\\/04\\\/sm-logo.jpg\",\"width\":810,\"height\":380,\"caption\":\"Slapta Meil\u0117\"},\"image\":{\"@id\":\"https:\\\/\\\/slaptameile.lt\\\/#\\\/schema\\\/logo\\\/image\\\/\"},\"sameAs\":[\"https:\\\/\\\/www.facebook.com\\\/SlaptaMeileBarbora\",\"https:\\\/\\\/www.instagram.com\\\/slaptameile\",\"https:\\\/\\\/www.tiktok.com\\\/@slaptameile1\"]}]}<\/script>\n<!-- \/ Yoast SEO plugin. -->","yoast_head_json":{"title":"Kosmetin\u0117 \u201eIMMIGRANT QUEEN: Sweden Edition\" - Slapta Meil\u0117","robots":{"index":"index","follow":"follow","max-snippet":"max-snippet:-1","max-image-preview":"max-image-preview:large","max-video-preview":"max-video-preview:-1"},"canonical":"https:\/\/slaptameile.lt\/en\/preke\/kosmetine-immigrant-queen-sweden-edition\/","og_locale":"en_US","og_type":"article","og_title":"Kosmetin\u0117 \u201eIMMIGRANT QUEEN: Sweden Edition\" - Slapta Meil\u0117","og_description":"Kotryna Jogailait\u0117 \u2013 bet versija, kuri emigruoja su stiliumi ir gr\u012f\u017eta su diplomu. \u0160i ry\u0161kiai m\u0117lyna rankin\u0117 prane\u0161a visiems:\u00a0\u201eA\u0161 ne tik valdov\u0117, a\u0161 \u2013 prek\u0117s \u017eenklas.\u201c\u00a0Saul\u0117s akiniai? Tikrai ne nuo saul\u0117s \u2013 nuo \u017evilgsni\u0173. Kar\u016bna? Originali. Visa kita \u2013 dirbtinio intelekto pagardinta interpretacija, kuri leid\u017eia Kotrynai tapti tavo kasdienyb\u0117s stileiva.  Dydis: M ~ 28 x 18 x 6 cm. \u2013 pakankamai didel\u0117, kad tilpt\u0173 tavo gyvenimas, bet dar galima vadinti \u201eaksesuaru\u201c. Med\u017eiaga:\u00a0poliesteris \u2013 nes gyvenimas per trumpas skalbti rankomis. Viduje:\u00a0jauki ki\u0161en\u0117l\u0117 (taip, tarsi Kotrynos apkabinimas), U\u017esegimas:\u00a0su u\u017etrauktuku \u2013 kad niekas nepavogt\u0173 tavo kar\u016bnos ar l\u016bpda\u017eio.  \u0160i kosmetin\u0117 \u2013 karali\u0161ka. Tai Kotryna, kuri paliko LDK, bet nepamir\u0161o glam\u016bro.","og_url":"https:\/\/slaptameile.lt\/en\/preke\/kosmetine-immigrant-queen-sweden-edition\/","og_site_name":"Slapta Meil\u0117","article_publisher":"https:\/\/www.facebook.com\/SlaptaMeileBarbora","article_modified_time":"2026-04-08T13:28:11+00:00","og_image":[{"width":1638,"height":2048,"url":"https:\/\/slaptameile.lt\/wp-content\/uploads\/2025\/10\/SM-91.jpg","type":"image\/jpeg"}],"twitter_card":"summary_large_image","twitter_misc":{"Est. reading time":"1 minute"},"schema":{"@context":"https:\/\/schema.org","@graph":[{"@type":"WebPage","@id":"https:\/\/slaptameile.lt\/preke\/kosmetine-immigrant-queen-sweden-edition\/","url":"https:\/\/slaptameile.lt\/preke\/kosmetine-immigrant-queen-sweden-edition\/","name":"Kosmetin\u0117 \u201eIMMIGRANT QUEEN: Sweden Edition\" - Slapta Meil\u0117","isPartOf":{"@id":"https:\/\/slaptameile.lt\/#website"},"primaryImageOfPage":{"@id":"https:\/\/slaptameile.lt\/preke\/kosmetine-immigrant-queen-sweden-edition\/#primaryimage"},"image":{"@id":"https:\/\/slaptameile.lt\/preke\/kosmetine-immigrant-queen-sweden-edition\/#primaryimage"},"thumbnailUrl":"https:\/\/slaptameile.lt\/wp-content\/uploads\/2025\/10\/SM-91.jpg","datePublished":"2024-08-08T09:06:57+00:00","dateModified":"2026-04-08T13:28:11+00:00","breadcrumb":{"@id":"https:\/\/slaptameile.lt\/preke\/kosmetine-immigrant-queen-sweden-edition\/#breadcrumb"},"inLanguage":"en-US","potentialAction":[{"@type":"ReadAction","target":["https:\/\/slaptameile.lt\/preke\/kosmetine-immigrant-queen-sweden-edition\/"]}]},{"@type":"ImageObject","inLanguage":"en-US","@id":"https:\/\/slaptameile.lt\/preke\/kosmetine-immigrant-queen-sweden-edition\/#primaryimage","url":"https:\/\/slaptameile.lt\/wp-content\/uploads\/2025\/10\/SM-91.jpg","contentUrl":"https:\/\/slaptameile.lt\/wp-content\/uploads\/2025\/10\/SM-91.jpg","width":1638,"height":2048},{"@type":"BreadcrumbList","@id":"https:\/\/slaptameile.lt\/preke\/kosmetine-immigrant-queen-sweden-edition\/#breadcrumb","itemListElement":[{"@type":"ListItem","position":1,"name":"Home","item":"https:\/\/slaptameile.lt\/"},{"@type":"ListItem","position":2,"name":"Parduotuv\u0117","item":"https:\/\/slaptameile.lt\/parduotuve\/"},{"@type":"ListItem","position":3,"name":"Kosmetin\u0117 \u201eIMMIGRANT QUEEN: Sweden Edition&#8221;"}]},{"@type":"WebSite","@id":"https:\/\/slaptameile.lt\/#website","url":"https:\/\/slaptameile.lt\/","name":"Secret Love","description":"","publisher":{"@id":"https:\/\/slaptameile.lt\/#organization"},"potentialAction":[{"@type":"SearchAction","target":{"@type":"EntryPoint","urlTemplate":"https:\/\/slaptameile.lt\/?s={search_term_string}"},"query-input":{"@type":"PropertyValueSpecification","valueRequired":true,"valueName":"search_term_string"}}],"inLanguage":"en-US"},{"@type":"Organization","@id":"https:\/\/slaptameile.lt\/#organization","name":"Secret Love","url":"https:\/\/slaptameile.lt\/","logo":{"@type":"ImageObject","inLanguage":"en-US","@id":"https:\/\/slaptameile.lt\/#\/schema\/logo\/image\/","url":"https:\/\/slaptameile.lt\/wp-content\/uploads\/2026\/04\/sm-logo.jpg","contentUrl":"https:\/\/slaptameile.lt\/wp-content\/uploads\/2026\/04\/sm-logo.jpg","width":810,"height":380,"caption":"Slapta Meil\u0117"},"image":{"@id":"https:\/\/slaptameile.lt\/#\/schema\/logo\/image\/"},"sameAs":["https:\/\/www.facebook.com\/SlaptaMeileBarbora","https:\/\/www.instagram.com\/slaptameile","https:\/\/www.tiktok.com\/@slaptameile1"]}]}},"_links":{"self":[{"href":"https:\/\/slaptameile.lt\/en\/wp-json\/wp\/v2\/product\/936","targetHints":{"allow":["GET"]}}],"collection":[{"href":"https:\/\/slaptameile.lt\/en\/wp-json\/wp\/v2\/product"}],"about":[{"href":"https:\/\/slaptameile.lt\/en\/wp-json\/wp\/v2\/types\/product"}],"replies":[{"embeddable":true,"href":"https:\/\/slaptameile.lt\/en\/wp-json\/wp\/v2\/comments?post=936"}],"wp:featuredmedia":[{"embeddable":true,"href":"https:\/\/slaptameile.lt\/en\/wp-json\/wp\/v2\/media\/937"}],"wp:attachment":[{"href":"https:\/\/slaptameile.lt\/en\/wp-json\/wp\/v2\/media?parent=936"}],"wp:term":[{"taxonomy":"partner","embeddable":true,"href":"https:\/\/slaptameile.lt\/en\/wp-json\/wp\/v2\/partner?post=936"},{"taxonomy":"product_brand","embeddable":true,"href":"https:\/\/slaptameile.lt\/en\/wp-json\/wp\/v2\/product_brand?post=936"},{"taxonomy":"product_cat","embeddable":true,"href":"https:\/\/slaptameile.lt\/en\/wp-json\/wp\/v2\/product_cat?post=936"},{"taxonomy":"product_tag","embeddable":true,"href":"https:\/\/slaptameile.lt\/en\/wp-json\/wp\/v2\/product_tag?post=936"}],"curies":[{"name":"wp","href":"https:\/\/api.w.org\/{rel}","templated":true}]}}