{"id":909,"date":"2024-08-08T13:31:16","date_gmt":"2024-08-08T10:31:16","guid":{"rendered":"https:\/\/slaptameile.lt\/?post_type=product&#038;p=909"},"modified":"2026-04-14T04:38:34","modified_gmt":"2026-04-14T01:38:34","slug":"kojines-slapta-meile-dovanu-dezuteje-2-dydziai","status":"publish","type":"product","link":"https:\/\/slaptameile.lt\/en\/preke\/kojines-slapta-meile-dovanu-dezuteje-2-dydziai\/","title":{"rendered":"Socks \u201eSecret Love\u201c in gift box | 2 sizes"},"content":{"rendered":"<p>SPALVOTOS KOJIN\u0116S ir SLAPTA MEIL\u0116 kartu sukurta i\u0161skirtin\u0117 kojini\u0173 kolekcija.<\/p>\n<p>Kar\u016bnuota \u0161irdis \u0161irdyje \u2013 tai simbolis, kur\u012f suk\u016br\u0117 dizainer\u0117 Julija Janus, \u012fprasmindama garsiausio Vilniaus mito \u2013 XVI am\u017eiaus karali\u0161kos \u017dygimanto Augusto ir Barboros Radvilait\u0117s meil\u0117s istorijos prisiminim\u0105. Kar\u016bnuota \u0161irdis, pasl\u0117pta \u0161irdyje \u2013 tai simbolis meil\u0117s prisipa\u017einimui. Sau ar savo artimam \u017emogui. Tai apkabinimas, pa\u017eadas saugoti ir visada myl\u0117ti.<\/p>\n<p>80% medviln\u0117; 15% poliamidas; 5% elastanas.<\/p>","protected":false},"excerpt":{"rendered":"<p>SPALVOTOS KOJIN\u0116S ir SLAPTA MEIL\u0116 kartu sukurta i\u0161skirtin\u0117 kojini\u0173 kolekcija.<\/p>\n<p>Kar\u016bnuota \u0161irdis \u0161irdyje \u2013 tai simbolis, kur\u012f suk\u016br\u0117 dizainer\u0117 Julija Janus, \u012fprasmindama garsiausio Vilniaus mito \u2013 XVI am\u017eiaus karali\u0161kos \u017dygimanto Augusto ir Barboros Radvilait\u0117s meil\u0117s istorijos prisiminim\u0105. Kar\u016bnuota \u0161irdis, pasl\u0117pta \u0161irdyje \u2013 tai simbolis meil\u0117s prisipa\u017einimui. Sau ar savo artimam \u017emogui. Tai apkabinimas, pa\u017eadas saugoti ir visada myl\u0117ti.<\/p>\n<p>Kojin\u0117s supakuotos specialioje dovanos d\u0117\u017eut\u0117je.<\/p>\n<p><strong>Galimi dyd\u017eiai:<\/strong> 36-40 arba 41-45<\/p>\n<p><strong>Composition:<\/strong> 80% medviln\u0117; 15% poliamidas; 5% elastanas<\/p>","protected":false},"featured_media":910,"comment_status":"open","ping_status":"closed","template":"","meta":{"_acf_changed":false},"partner":[],"product_brand":[],"product_cat":[26,18],"product_tag":[],"class_list":{"0":"post-909","1":"product","2":"type-product","3":"status-publish","4":"has-post-thumbnail","6":"product_cat-karaliskajam-stiliui","7":"product_cat-karaliskoji-kolekcija","9":"first","10":"instock","11":"taxable","12":"shipping-taxable","13":"purchasable","14":"product-type-variable"},"acf":[],"yoast_head":"<!-- This site is optimized with the Yoast SEO plugin v27.5 - https:\/\/yoast.com\/product\/yoast-seo-wordpress\/ -->\n<title>Kojin\u0117s \u201eSlapta meil\u0117\u201c dovan\u0173 d\u0117\u017eut\u0117je | 2 dyd\u017eiai - Slapta Meil\u0117<\/title>\n<meta name=\"robots\" content=\"index, follow, max-snippet:-1, max-image-preview:large, max-video-preview:-1\" \/>\n<link rel=\"canonical\" href=\"https:\/\/slaptameile.lt\/en\/preke\/kojines-slapta-meile-dovanu-dezuteje-2-dydziai\/\" \/>\n<meta property=\"og:locale\" content=\"en_US\" \/>\n<meta property=\"og:type\" content=\"article\" \/>\n<meta property=\"og:title\" content=\"Kojin\u0117s \u201eSlapta meil\u0117\u201c dovan\u0173 d\u0117\u017eut\u0117je | 2 dyd\u017eiai - Slapta Meil\u0117\" \/>\n<meta property=\"og:description\" content=\"SPALVOTOS KOJIN\u0116S ir SLAPTA MEIL\u0116 kartu sukurta i\u0161skirtin\u0117 kojini\u0173 kolekcija.  Kar\u016bnuota \u0161irdis \u0161irdyje \u2013 tai simbolis, kur\u012f suk\u016br\u0117 dizainer\u0117 Julija Janus, \u012fprasmindama garsiausio Vilniaus mito \u2013 XVI am\u017eiaus karali\u0161kos \u017dygimanto Augusto ir Barboros Radvilait\u0117s meil\u0117s istorijos prisiminim\u0105. Kar\u016bnuota \u0161irdis, pasl\u0117pta \u0161irdyje \u2013 tai simbolis meil\u0117s prisipa\u017einimui. Sau ar savo artimam \u017emogui. Tai apkabinimas, pa\u017eadas saugoti ir visada myl\u0117ti.  Kojin\u0117s supakuotos specialioje dovanos d\u0117\u017eut\u0117je.  Galimi dyd\u017eiai: 36-40 arba 41-45  Sud\u0117tis: 80% medviln\u0117; 15% poliamidas; 5% elastanas\" \/>\n<meta property=\"og:url\" content=\"https:\/\/slaptameile.lt\/en\/preke\/kojines-slapta-meile-dovanu-dezuteje-2-dydziai\/\" \/>\n<meta property=\"og:site_name\" content=\"Slapta Meil\u0117\" \/>\n<meta property=\"article:publisher\" content=\"https:\/\/www.facebook.com\/SlaptaMeileBarbora\" \/>\n<meta property=\"article:modified_time\" content=\"2026-04-14T01:38:34+00:00\" \/>\n<meta property=\"og:image\" content=\"https:\/\/slaptameile.lt\/wp-content\/uploads\/2025\/10\/SM2025.010562.jpg\" \/>\n\t<meta property=\"og:image:width\" content=\"2400\" \/>\n\t<meta property=\"og:image:height\" content=\"3000\" \/>\n\t<meta property=\"og:image:type\" content=\"image\/jpeg\" \/>\n<meta name=\"twitter:card\" content=\"summary_large_image\" \/>\n<script type=\"application\/ld+json\" class=\"yoast-schema-graph\">{\"@context\":\"https:\\\/\\\/schema.org\",\"@graph\":[{\"@type\":\"WebPage\",\"@id\":\"https:\\\/\\\/slaptameile.lt\\\/preke\\\/kojines-slapta-meile-dovanu-dezuteje-2-dydziai\\\/\",\"url\":\"https:\\\/\\\/slaptameile.lt\\\/preke\\\/kojines-slapta-meile-dovanu-dezuteje-2-dydziai\\\/\",\"name\":\"Kojin\u0117s \u201eSlapta meil\u0117\u201c dovan\u0173 d\u0117\u017eut\u0117je | 2 dyd\u017eiai - Slapta Meil\u0117\",\"isPartOf\":{\"@id\":\"https:\\\/\\\/slaptameile.lt\\\/#website\"},\"primaryImageOfPage\":{\"@id\":\"https:\\\/\\\/slaptameile.lt\\\/preke\\\/kojines-slapta-meile-dovanu-dezuteje-2-dydziai\\\/#primaryimage\"},\"image\":{\"@id\":\"https:\\\/\\\/slaptameile.lt\\\/preke\\\/kojines-slapta-meile-dovanu-dezuteje-2-dydziai\\\/#primaryimage\"},\"thumbnailUrl\":\"https:\\\/\\\/slaptameile.lt\\\/wp-content\\\/uploads\\\/2025\\\/10\\\/SM2025.010562.jpg\",\"datePublished\":\"2024-08-08T10:31:16+00:00\",\"dateModified\":\"2026-04-14T01:38:34+00:00\",\"breadcrumb\":{\"@id\":\"https:\\\/\\\/slaptameile.lt\\\/preke\\\/kojines-slapta-meile-dovanu-dezuteje-2-dydziai\\\/#breadcrumb\"},\"inLanguage\":\"en-US\",\"potentialAction\":[{\"@type\":\"ReadAction\",\"target\":[\"https:\\\/\\\/slaptameile.lt\\\/preke\\\/kojines-slapta-meile-dovanu-dezuteje-2-dydziai\\\/\"]}]},{\"@type\":\"ImageObject\",\"inLanguage\":\"en-US\",\"@id\":\"https:\\\/\\\/slaptameile.lt\\\/preke\\\/kojines-slapta-meile-dovanu-dezuteje-2-dydziai\\\/#primaryimage\",\"url\":\"https:\\\/\\\/slaptameile.lt\\\/wp-content\\\/uploads\\\/2025\\\/10\\\/SM2025.010562.jpg\",\"contentUrl\":\"https:\\\/\\\/slaptameile.lt\\\/wp-content\\\/uploads\\\/2025\\\/10\\\/SM2025.010562.jpg\",\"width\":2400,\"height\":3000},{\"@type\":\"BreadcrumbList\",\"@id\":\"https:\\\/\\\/slaptameile.lt\\\/preke\\\/kojines-slapta-meile-dovanu-dezuteje-2-dydziai\\\/#breadcrumb\",\"itemListElement\":[{\"@type\":\"ListItem\",\"position\":1,\"name\":\"Home\",\"item\":\"https:\\\/\\\/slaptameile.lt\\\/\"},{\"@type\":\"ListItem\",\"position\":2,\"name\":\"Parduotuv\u0117\",\"item\":\"https:\\\/\\\/slaptameile.lt\\\/parduotuve\\\/\"},{\"@type\":\"ListItem\",\"position\":3,\"name\":\"Kojin\u0117s \u201eSlapta meil\u0117\u201c dovan\u0173 d\u0117\u017eut\u0117je | 2 dyd\u017eiai\"}]},{\"@type\":\"WebSite\",\"@id\":\"https:\\\/\\\/slaptameile.lt\\\/#website\",\"url\":\"https:\\\/\\\/slaptameile.lt\\\/\",\"name\":\"Slapta Meil\u0117\",\"description\":\"\",\"publisher\":{\"@id\":\"https:\\\/\\\/slaptameile.lt\\\/#organization\"},\"potentialAction\":[{\"@type\":\"SearchAction\",\"target\":{\"@type\":\"EntryPoint\",\"urlTemplate\":\"https:\\\/\\\/slaptameile.lt\\\/?s={search_term_string}\"},\"query-input\":{\"@type\":\"PropertyValueSpecification\",\"valueRequired\":true,\"valueName\":\"search_term_string\"}}],\"inLanguage\":\"en-US\"},{\"@type\":\"Organization\",\"@id\":\"https:\\\/\\\/slaptameile.lt\\\/#organization\",\"name\":\"Slapta Meil\u0117\",\"url\":\"https:\\\/\\\/slaptameile.lt\\\/\",\"logo\":{\"@type\":\"ImageObject\",\"inLanguage\":\"en-US\",\"@id\":\"https:\\\/\\\/slaptameile.lt\\\/#\\\/schema\\\/logo\\\/image\\\/\",\"url\":\"https:\\\/\\\/slaptameile.lt\\\/wp-content\\\/uploads\\\/2026\\\/04\\\/sm-logo.jpg\",\"contentUrl\":\"https:\\\/\\\/slaptameile.lt\\\/wp-content\\\/uploads\\\/2026\\\/04\\\/sm-logo.jpg\",\"width\":810,\"height\":380,\"caption\":\"Slapta Meil\u0117\"},\"image\":{\"@id\":\"https:\\\/\\\/slaptameile.lt\\\/#\\\/schema\\\/logo\\\/image\\\/\"},\"sameAs\":[\"https:\\\/\\\/www.facebook.com\\\/SlaptaMeileBarbora\",\"https:\\\/\\\/www.instagram.com\\\/slaptameile\",\"https:\\\/\\\/www.tiktok.com\\\/@slaptameile1\"]}]}<\/script>\n<!-- \/ Yoast SEO plugin. -->","yoast_head_json":{"title":"Kojin\u0117s \u201eSlapta meil\u0117\u201c dovan\u0173 d\u0117\u017eut\u0117je | 2 dyd\u017eiai - Slapta Meil\u0117","robots":{"index":"index","follow":"follow","max-snippet":"max-snippet:-1","max-image-preview":"max-image-preview:large","max-video-preview":"max-video-preview:-1"},"canonical":"https:\/\/slaptameile.lt\/en\/preke\/kojines-slapta-meile-dovanu-dezuteje-2-dydziai\/","og_locale":"en_US","og_type":"article","og_title":"Kojin\u0117s \u201eSlapta meil\u0117\u201c dovan\u0173 d\u0117\u017eut\u0117je | 2 dyd\u017eiai - Slapta Meil\u0117","og_description":"SPALVOTOS KOJIN\u0116S ir SLAPTA MEIL\u0116 kartu sukurta i\u0161skirtin\u0117 kojini\u0173 kolekcija.  Kar\u016bnuota \u0161irdis \u0161irdyje \u2013 tai simbolis, kur\u012f suk\u016br\u0117 dizainer\u0117 Julija Janus, \u012fprasmindama garsiausio Vilniaus mito \u2013 XVI am\u017eiaus karali\u0161kos \u017dygimanto Augusto ir Barboros Radvilait\u0117s meil\u0117s istorijos prisiminim\u0105. Kar\u016bnuota \u0161irdis, pasl\u0117pta \u0161irdyje \u2013 tai simbolis meil\u0117s prisipa\u017einimui. Sau ar savo artimam \u017emogui. Tai apkabinimas, pa\u017eadas saugoti ir visada myl\u0117ti.  Kojin\u0117s supakuotos specialioje dovanos d\u0117\u017eut\u0117je.  Galimi dyd\u017eiai: 36-40 arba 41-45  Sud\u0117tis: 80% medviln\u0117; 15% poliamidas; 5% elastanas","og_url":"https:\/\/slaptameile.lt\/en\/preke\/kojines-slapta-meile-dovanu-dezuteje-2-dydziai\/","og_site_name":"Slapta Meil\u0117","article_publisher":"https:\/\/www.facebook.com\/SlaptaMeileBarbora","article_modified_time":"2026-04-14T01:38:34+00:00","og_image":[{"width":2400,"height":3000,"url":"https:\/\/slaptameile.lt\/wp-content\/uploads\/2025\/10\/SM2025.010562.jpg","type":"image\/jpeg"}],"twitter_card":"summary_large_image","schema":{"@context":"https:\/\/schema.org","@graph":[{"@type":"WebPage","@id":"https:\/\/slaptameile.lt\/preke\/kojines-slapta-meile-dovanu-dezuteje-2-dydziai\/","url":"https:\/\/slaptameile.lt\/preke\/kojines-slapta-meile-dovanu-dezuteje-2-dydziai\/","name":"Kojin\u0117s \u201eSlapta meil\u0117\u201c dovan\u0173 d\u0117\u017eut\u0117je | 2 dyd\u017eiai - Slapta Meil\u0117","isPartOf":{"@id":"https:\/\/slaptameile.lt\/#website"},"primaryImageOfPage":{"@id":"https:\/\/slaptameile.lt\/preke\/kojines-slapta-meile-dovanu-dezuteje-2-dydziai\/#primaryimage"},"image":{"@id":"https:\/\/slaptameile.lt\/preke\/kojines-slapta-meile-dovanu-dezuteje-2-dydziai\/#primaryimage"},"thumbnailUrl":"https:\/\/slaptameile.lt\/wp-content\/uploads\/2025\/10\/SM2025.010562.jpg","datePublished":"2024-08-08T10:31:16+00:00","dateModified":"2026-04-14T01:38:34+00:00","breadcrumb":{"@id":"https:\/\/slaptameile.lt\/preke\/kojines-slapta-meile-dovanu-dezuteje-2-dydziai\/#breadcrumb"},"inLanguage":"en-US","potentialAction":[{"@type":"ReadAction","target":["https:\/\/slaptameile.lt\/preke\/kojines-slapta-meile-dovanu-dezuteje-2-dydziai\/"]}]},{"@type":"ImageObject","inLanguage":"en-US","@id":"https:\/\/slaptameile.lt\/preke\/kojines-slapta-meile-dovanu-dezuteje-2-dydziai\/#primaryimage","url":"https:\/\/slaptameile.lt\/wp-content\/uploads\/2025\/10\/SM2025.010562.jpg","contentUrl":"https:\/\/slaptameile.lt\/wp-content\/uploads\/2025\/10\/SM2025.010562.jpg","width":2400,"height":3000},{"@type":"BreadcrumbList","@id":"https:\/\/slaptameile.lt\/preke\/kojines-slapta-meile-dovanu-dezuteje-2-dydziai\/#breadcrumb","itemListElement":[{"@type":"ListItem","position":1,"name":"Home","item":"https:\/\/slaptameile.lt\/"},{"@type":"ListItem","position":2,"name":"Parduotuv\u0117","item":"https:\/\/slaptameile.lt\/parduotuve\/"},{"@type":"ListItem","position":3,"name":"Kojin\u0117s \u201eSlapta meil\u0117\u201c dovan\u0173 d\u0117\u017eut\u0117je | 2 dyd\u017eiai"}]},{"@type":"WebSite","@id":"https:\/\/slaptameile.lt\/#website","url":"https:\/\/slaptameile.lt\/","name":"Secret Love","description":"","publisher":{"@id":"https:\/\/slaptameile.lt\/#organization"},"potentialAction":[{"@type":"SearchAction","target":{"@type":"EntryPoint","urlTemplate":"https:\/\/slaptameile.lt\/?s={search_term_string}"},"query-input":{"@type":"PropertyValueSpecification","valueRequired":true,"valueName":"search_term_string"}}],"inLanguage":"en-US"},{"@type":"Organization","@id":"https:\/\/slaptameile.lt\/#organization","name":"Secret Love","url":"https:\/\/slaptameile.lt\/","logo":{"@type":"ImageObject","inLanguage":"en-US","@id":"https:\/\/slaptameile.lt\/#\/schema\/logo\/image\/","url":"https:\/\/slaptameile.lt\/wp-content\/uploads\/2026\/04\/sm-logo.jpg","contentUrl":"https:\/\/slaptameile.lt\/wp-content\/uploads\/2026\/04\/sm-logo.jpg","width":810,"height":380,"caption":"Slapta Meil\u0117"},"image":{"@id":"https:\/\/slaptameile.lt\/#\/schema\/logo\/image\/"},"sameAs":["https:\/\/www.facebook.com\/SlaptaMeileBarbora","https:\/\/www.instagram.com\/slaptameile","https:\/\/www.tiktok.com\/@slaptameile1"]}]}},"_links":{"self":[{"href":"https:\/\/slaptameile.lt\/en\/wp-json\/wp\/v2\/product\/909","targetHints":{"allow":["GET"]}}],"collection":[{"href":"https:\/\/slaptameile.lt\/en\/wp-json\/wp\/v2\/product"}],"about":[{"href":"https:\/\/slaptameile.lt\/en\/wp-json\/wp\/v2\/types\/product"}],"replies":[{"embeddable":true,"href":"https:\/\/slaptameile.lt\/en\/wp-json\/wp\/v2\/comments?post=909"}],"wp:featuredmedia":[{"embeddable":true,"href":"https:\/\/slaptameile.lt\/en\/wp-json\/wp\/v2\/media\/910"}],"wp:attachment":[{"href":"https:\/\/slaptameile.lt\/en\/wp-json\/wp\/v2\/media?parent=909"}],"wp:term":[{"taxonomy":"partner","embeddable":true,"href":"https:\/\/slaptameile.lt\/en\/wp-json\/wp\/v2\/partner?post=909"},{"taxonomy":"product_brand","embeddable":true,"href":"https:\/\/slaptameile.lt\/en\/wp-json\/wp\/v2\/product_brand?post=909"},{"taxonomy":"product_cat","embeddable":true,"href":"https:\/\/slaptameile.lt\/en\/wp-json\/wp\/v2\/product_cat?post=909"},{"taxonomy":"product_tag","embeddable":true,"href":"https:\/\/slaptameile.lt\/en\/wp-json\/wp\/v2\/product_tag?post=909"}],"curies":[{"name":"wp","href":"https:\/\/api.w.org\/{rel}","templated":true}]}}