{"id":901,"date":"2024-08-08T13:40:02","date_gmt":"2024-08-08T10:40:02","guid":{"rendered":"https:\/\/slaptameile.lt\/?post_type=product&#038;p=901"},"modified":"2026-04-14T04:38:36","modified_gmt":"2026-04-14T01:38:36","slug":"kojines-slapta-meile-barbora-ir-augustas-2-dydziai","status":"publish","type":"product","link":"https:\/\/slaptameile.lt\/en\/preke\/kojines-slapta-meile-barbora-ir-augustas-2-dydziai\/","title":{"rendered":"Socks \u201eSecret Love\u201c Barbora and Augustas | 2 sizes"},"content":{"rendered":"<p>SPALVOTOS KOJIN\u0116S ir SLAPTA MEIL\u0116 kartu sukurta i\u0161skirtin\u0117 kojini\u0173 kolekcija.<\/p>\n<p>Vilniuje, Stikli\u0173 gatv\u0117je galima pamatyti garsios tapytojos Migl\u0117s Kosinskait\u0117s k\u016brin\u012f &#8211; \u00a0Lietuvos Did\u017eiojo Kunigaik\u0161\u010dio ir Lenkijos Karaliaus \u017dygimanto Augusto ir Did\u017eiosios Kunigaik\u0161tien\u0117s Lenkijos Karalien\u0117s Barboros Radvilait\u0117s viso \u016bgio portret\u0105.\u00a0 \u0160ios kojin\u0117s sukurtos pagal paveiksl\u0105 ir skirtos dovanoti dalel\u0119 \u012fsp\u016bd\u017eio apie turting\u0105, graud\u017ei\u0105 ir nuostabi\u0105 \u00a0romanti\u0161kiausi\u0105 Lietuvos meil\u0117s legend\u0105<\/p>\n<p><strong>Galimi dyd\u017eiai:<\/strong> 36-40 arba 41-45<\/p>\n<p><strong>Composition:<\/strong> 80% medviln\u0117; 15% poliamidas; 5% elastanas<\/p>","protected":false},"excerpt":{"rendered":"<p>SPALVOTOS KOJIN\u0116S ir SLAPTA MEIL\u0116 kartu sukurta i\u0161skirtin\u0117 kojini\u0173 kolekcija.<\/p>\n<p>Vilniuje, Stikli\u0173 gatv\u0117je galima pamatyti garsios tapytojos Migl\u0117s Kosinskait\u0117s k\u016brin\u012f &#8211; \u00a0Lietuvos Did\u017eiojo Kunigaik\u0161\u010dio ir Lenkijos Karaliaus \u017dygimanto Augusto ir Did\u017eiosios Kunigaik\u0161tien\u0117s Lenkijos Karalien\u0117s Barboros Radvilait\u0117s viso \u016bgio portret\u0105.\u00a0 \u0160ios kojin\u0117s sukurtos pagal paveiksl\u0105 ir skirtos dovanoti dalel\u0119 \u012fsp\u016bd\u017eio apie turting\u0105, graud\u017ei\u0105 ir nuostabi\u0105 \u00a0romanti\u0161kiausi\u0105 Lietuvos meil\u0117s legend\u0105<\/p>\n<p><strong>Galimi dyd\u017eiai:<\/strong> 36-40 arba 41-45<\/p>\n<p><strong>Composition:<\/strong> 80% medviln\u0117; 15% poliamidas; 5% elastanas<\/p>","protected":false},"featured_media":902,"comment_status":"open","ping_status":"closed","template":"","meta":{"_acf_changed":false},"partner":[],"product_brand":[],"product_cat":[26,18],"product_tag":[],"class_list":{"0":"post-901","1":"product","2":"type-product","3":"status-publish","4":"has-post-thumbnail","6":"product_cat-karaliskajam-stiliui","7":"product_cat-karaliskoji-kolekcija","9":"first","10":"instock","11":"taxable","12":"shipping-taxable","13":"purchasable","14":"product-type-variable"},"acf":[],"yoast_head":"<!-- This site is optimized with the Yoast SEO plugin v27.5 - https:\/\/yoast.com\/product\/yoast-seo-wordpress\/ -->\n<title>Kojin\u0117s \u201eSlapta meil\u0117\u201c Barbora ir Augustas | 2 dyd\u017eiai - Slapta Meil\u0117<\/title>\n<meta name=\"robots\" content=\"index, follow, max-snippet:-1, max-image-preview:large, max-video-preview:-1\" \/>\n<link rel=\"canonical\" href=\"https:\/\/slaptameile.lt\/en\/preke\/kojines-slapta-meile-barbora-ir-augustas-2-dydziai\/\" \/>\n<meta property=\"og:locale\" content=\"en_US\" \/>\n<meta property=\"og:type\" content=\"article\" \/>\n<meta property=\"og:title\" content=\"Kojin\u0117s \u201eSlapta meil\u0117\u201c Barbora ir Augustas | 2 dyd\u017eiai - Slapta Meil\u0117\" \/>\n<meta property=\"og:description\" content=\"SPALVOTOS KOJIN\u0116S ir SLAPTA MEIL\u0116 kartu sukurta i\u0161skirtin\u0117 kojini\u0173 kolekcija.  Vilniuje, Stikli\u0173 gatv\u0117je galima pamatyti garsios tapytojos Migl\u0117s Kosinskait\u0117s k\u016brin\u012f - \u00a0Lietuvos Did\u017eiojo Kunigaik\u0161\u010dio ir Lenkijos Karaliaus \u017dygimanto Augusto ir Did\u017eiosios Kunigaik\u0161tien\u0117s Lenkijos Karalien\u0117s Barboros Radvilait\u0117s viso \u016bgio portret\u0105.\u00a0 \u0160ios kojin\u0117s sukurtos pagal paveiksl\u0105 ir skirtos dovanoti dalel\u0119 \u012fsp\u016bd\u017eio apie turting\u0105, graud\u017ei\u0105 ir nuostabi\u0105 \u00a0romanti\u0161kiausi\u0105 Lietuvos meil\u0117s legend\u0105  Galimi dyd\u017eiai: 36-40 arba 41-45  Sud\u0117tis: 80% medviln\u0117; 15% poliamidas; 5% elastanas\" \/>\n<meta property=\"og:url\" content=\"https:\/\/slaptameile.lt\/en\/preke\/kojines-slapta-meile-barbora-ir-augustas-2-dydziai\/\" \/>\n<meta property=\"og:site_name\" content=\"Slapta Meil\u0117\" \/>\n<meta property=\"article:publisher\" content=\"https:\/\/www.facebook.com\/SlaptaMeileBarbora\" \/>\n<meta property=\"article:modified_time\" content=\"2026-04-14T01:38:36+00:00\" \/>\n<meta property=\"og:image\" content=\"https:\/\/slaptameile.lt\/wp-content\/uploads\/2025\/10\/DSF2936.jpg\" \/>\n\t<meta property=\"og:image:width\" content=\"1365\" \/>\n\t<meta property=\"og:image:height\" content=\"2048\" \/>\n\t<meta property=\"og:image:type\" content=\"image\/jpeg\" \/>\n<meta name=\"twitter:card\" content=\"summary_large_image\" \/>\n<script type=\"application\/ld+json\" class=\"yoast-schema-graph\">{\"@context\":\"https:\\\/\\\/schema.org\",\"@graph\":[{\"@type\":\"WebPage\",\"@id\":\"https:\\\/\\\/slaptameile.lt\\\/preke\\\/kojines-slapta-meile-barbora-ir-augustas-2-dydziai\\\/\",\"url\":\"https:\\\/\\\/slaptameile.lt\\\/preke\\\/kojines-slapta-meile-barbora-ir-augustas-2-dydziai\\\/\",\"name\":\"Kojin\u0117s \u201eSlapta meil\u0117\u201c Barbora ir Augustas | 2 dyd\u017eiai - Slapta Meil\u0117\",\"isPartOf\":{\"@id\":\"https:\\\/\\\/slaptameile.lt\\\/#website\"},\"primaryImageOfPage\":{\"@id\":\"https:\\\/\\\/slaptameile.lt\\\/preke\\\/kojines-slapta-meile-barbora-ir-augustas-2-dydziai\\\/#primaryimage\"},\"image\":{\"@id\":\"https:\\\/\\\/slaptameile.lt\\\/preke\\\/kojines-slapta-meile-barbora-ir-augustas-2-dydziai\\\/#primaryimage\"},\"thumbnailUrl\":\"https:\\\/\\\/slaptameile.lt\\\/wp-content\\\/uploads\\\/2025\\\/10\\\/DSF2936.jpg\",\"datePublished\":\"2024-08-08T10:40:02+00:00\",\"dateModified\":\"2026-04-14T01:38:36+00:00\",\"breadcrumb\":{\"@id\":\"https:\\\/\\\/slaptameile.lt\\\/preke\\\/kojines-slapta-meile-barbora-ir-augustas-2-dydziai\\\/#breadcrumb\"},\"inLanguage\":\"en-US\",\"potentialAction\":[{\"@type\":\"ReadAction\",\"target\":[\"https:\\\/\\\/slaptameile.lt\\\/preke\\\/kojines-slapta-meile-barbora-ir-augustas-2-dydziai\\\/\"]}]},{\"@type\":\"ImageObject\",\"inLanguage\":\"en-US\",\"@id\":\"https:\\\/\\\/slaptameile.lt\\\/preke\\\/kojines-slapta-meile-barbora-ir-augustas-2-dydziai\\\/#primaryimage\",\"url\":\"https:\\\/\\\/slaptameile.lt\\\/wp-content\\\/uploads\\\/2025\\\/10\\\/DSF2936.jpg\",\"contentUrl\":\"https:\\\/\\\/slaptameile.lt\\\/wp-content\\\/uploads\\\/2025\\\/10\\\/DSF2936.jpg\",\"width\":1365,\"height\":2048},{\"@type\":\"BreadcrumbList\",\"@id\":\"https:\\\/\\\/slaptameile.lt\\\/preke\\\/kojines-slapta-meile-barbora-ir-augustas-2-dydziai\\\/#breadcrumb\",\"itemListElement\":[{\"@type\":\"ListItem\",\"position\":1,\"name\":\"Home\",\"item\":\"https:\\\/\\\/slaptameile.lt\\\/\"},{\"@type\":\"ListItem\",\"position\":2,\"name\":\"Parduotuv\u0117\",\"item\":\"https:\\\/\\\/slaptameile.lt\\\/parduotuve\\\/\"},{\"@type\":\"ListItem\",\"position\":3,\"name\":\"Kojin\u0117s \u201eSlapta meil\u0117\u201c Barbora ir Augustas | 2 dyd\u017eiai\"}]},{\"@type\":\"WebSite\",\"@id\":\"https:\\\/\\\/slaptameile.lt\\\/#website\",\"url\":\"https:\\\/\\\/slaptameile.lt\\\/\",\"name\":\"Slapta Meil\u0117\",\"description\":\"\",\"publisher\":{\"@id\":\"https:\\\/\\\/slaptameile.lt\\\/#organization\"},\"potentialAction\":[{\"@type\":\"SearchAction\",\"target\":{\"@type\":\"EntryPoint\",\"urlTemplate\":\"https:\\\/\\\/slaptameile.lt\\\/?s={search_term_string}\"},\"query-input\":{\"@type\":\"PropertyValueSpecification\",\"valueRequired\":true,\"valueName\":\"search_term_string\"}}],\"inLanguage\":\"en-US\"},{\"@type\":\"Organization\",\"@id\":\"https:\\\/\\\/slaptameile.lt\\\/#organization\",\"name\":\"Slapta Meil\u0117\",\"url\":\"https:\\\/\\\/slaptameile.lt\\\/\",\"logo\":{\"@type\":\"ImageObject\",\"inLanguage\":\"en-US\",\"@id\":\"https:\\\/\\\/slaptameile.lt\\\/#\\\/schema\\\/logo\\\/image\\\/\",\"url\":\"https:\\\/\\\/slaptameile.lt\\\/wp-content\\\/uploads\\\/2026\\\/04\\\/sm-logo.jpg\",\"contentUrl\":\"https:\\\/\\\/slaptameile.lt\\\/wp-content\\\/uploads\\\/2026\\\/04\\\/sm-logo.jpg\",\"width\":810,\"height\":380,\"caption\":\"Slapta Meil\u0117\"},\"image\":{\"@id\":\"https:\\\/\\\/slaptameile.lt\\\/#\\\/schema\\\/logo\\\/image\\\/\"},\"sameAs\":[\"https:\\\/\\\/www.facebook.com\\\/SlaptaMeileBarbora\",\"https:\\\/\\\/www.instagram.com\\\/slaptameile\",\"https:\\\/\\\/www.tiktok.com\\\/@slaptameile1\"]}]}<\/script>\n<!-- \/ Yoast SEO plugin. -->","yoast_head_json":{"title":"Kojin\u0117s \u201eSlapta meil\u0117\u201c Barbora ir Augustas | 2 dyd\u017eiai - Slapta Meil\u0117","robots":{"index":"index","follow":"follow","max-snippet":"max-snippet:-1","max-image-preview":"max-image-preview:large","max-video-preview":"max-video-preview:-1"},"canonical":"https:\/\/slaptameile.lt\/en\/preke\/kojines-slapta-meile-barbora-ir-augustas-2-dydziai\/","og_locale":"en_US","og_type":"article","og_title":"Kojin\u0117s \u201eSlapta meil\u0117\u201c Barbora ir Augustas | 2 dyd\u017eiai - Slapta Meil\u0117","og_description":"SPALVOTOS KOJIN\u0116S ir SLAPTA MEIL\u0116 kartu sukurta i\u0161skirtin\u0117 kojini\u0173 kolekcija.  Vilniuje, Stikli\u0173 gatv\u0117je galima pamatyti garsios tapytojos Migl\u0117s Kosinskait\u0117s k\u016brin\u012f - \u00a0Lietuvos Did\u017eiojo Kunigaik\u0161\u010dio ir Lenkijos Karaliaus \u017dygimanto Augusto ir Did\u017eiosios Kunigaik\u0161tien\u0117s Lenkijos Karalien\u0117s Barboros Radvilait\u0117s viso \u016bgio portret\u0105.\u00a0 \u0160ios kojin\u0117s sukurtos pagal paveiksl\u0105 ir skirtos dovanoti dalel\u0119 \u012fsp\u016bd\u017eio apie turting\u0105, graud\u017ei\u0105 ir nuostabi\u0105 \u00a0romanti\u0161kiausi\u0105 Lietuvos meil\u0117s legend\u0105  Galimi dyd\u017eiai: 36-40 arba 41-45  Sud\u0117tis: 80% medviln\u0117; 15% poliamidas; 5% elastanas","og_url":"https:\/\/slaptameile.lt\/en\/preke\/kojines-slapta-meile-barbora-ir-augustas-2-dydziai\/","og_site_name":"Slapta Meil\u0117","article_publisher":"https:\/\/www.facebook.com\/SlaptaMeileBarbora","article_modified_time":"2026-04-14T01:38:36+00:00","og_image":[{"width":1365,"height":2048,"url":"https:\/\/slaptameile.lt\/wp-content\/uploads\/2025\/10\/DSF2936.jpg","type":"image\/jpeg"}],"twitter_card":"summary_large_image","schema":{"@context":"https:\/\/schema.org","@graph":[{"@type":"WebPage","@id":"https:\/\/slaptameile.lt\/preke\/kojines-slapta-meile-barbora-ir-augustas-2-dydziai\/","url":"https:\/\/slaptameile.lt\/preke\/kojines-slapta-meile-barbora-ir-augustas-2-dydziai\/","name":"Kojin\u0117s \u201eSlapta meil\u0117\u201c Barbora ir Augustas | 2 dyd\u017eiai - Slapta Meil\u0117","isPartOf":{"@id":"https:\/\/slaptameile.lt\/#website"},"primaryImageOfPage":{"@id":"https:\/\/slaptameile.lt\/preke\/kojines-slapta-meile-barbora-ir-augustas-2-dydziai\/#primaryimage"},"image":{"@id":"https:\/\/slaptameile.lt\/preke\/kojines-slapta-meile-barbora-ir-augustas-2-dydziai\/#primaryimage"},"thumbnailUrl":"https:\/\/slaptameile.lt\/wp-content\/uploads\/2025\/10\/DSF2936.jpg","datePublished":"2024-08-08T10:40:02+00:00","dateModified":"2026-04-14T01:38:36+00:00","breadcrumb":{"@id":"https:\/\/slaptameile.lt\/preke\/kojines-slapta-meile-barbora-ir-augustas-2-dydziai\/#breadcrumb"},"inLanguage":"en-US","potentialAction":[{"@type":"ReadAction","target":["https:\/\/slaptameile.lt\/preke\/kojines-slapta-meile-barbora-ir-augustas-2-dydziai\/"]}]},{"@type":"ImageObject","inLanguage":"en-US","@id":"https:\/\/slaptameile.lt\/preke\/kojines-slapta-meile-barbora-ir-augustas-2-dydziai\/#primaryimage","url":"https:\/\/slaptameile.lt\/wp-content\/uploads\/2025\/10\/DSF2936.jpg","contentUrl":"https:\/\/slaptameile.lt\/wp-content\/uploads\/2025\/10\/DSF2936.jpg","width":1365,"height":2048},{"@type":"BreadcrumbList","@id":"https:\/\/slaptameile.lt\/preke\/kojines-slapta-meile-barbora-ir-augustas-2-dydziai\/#breadcrumb","itemListElement":[{"@type":"ListItem","position":1,"name":"Home","item":"https:\/\/slaptameile.lt\/"},{"@type":"ListItem","position":2,"name":"Parduotuv\u0117","item":"https:\/\/slaptameile.lt\/parduotuve\/"},{"@type":"ListItem","position":3,"name":"Kojin\u0117s \u201eSlapta meil\u0117\u201c Barbora ir Augustas | 2 dyd\u017eiai"}]},{"@type":"WebSite","@id":"https:\/\/slaptameile.lt\/#website","url":"https:\/\/slaptameile.lt\/","name":"Secret Love","description":"","publisher":{"@id":"https:\/\/slaptameile.lt\/#organization"},"potentialAction":[{"@type":"SearchAction","target":{"@type":"EntryPoint","urlTemplate":"https:\/\/slaptameile.lt\/?s={search_term_string}"},"query-input":{"@type":"PropertyValueSpecification","valueRequired":true,"valueName":"search_term_string"}}],"inLanguage":"en-US"},{"@type":"Organization","@id":"https:\/\/slaptameile.lt\/#organization","name":"Secret Love","url":"https:\/\/slaptameile.lt\/","logo":{"@type":"ImageObject","inLanguage":"en-US","@id":"https:\/\/slaptameile.lt\/#\/schema\/logo\/image\/","url":"https:\/\/slaptameile.lt\/wp-content\/uploads\/2026\/04\/sm-logo.jpg","contentUrl":"https:\/\/slaptameile.lt\/wp-content\/uploads\/2026\/04\/sm-logo.jpg","width":810,"height":380,"caption":"Slapta Meil\u0117"},"image":{"@id":"https:\/\/slaptameile.lt\/#\/schema\/logo\/image\/"},"sameAs":["https:\/\/www.facebook.com\/SlaptaMeileBarbora","https:\/\/www.instagram.com\/slaptameile","https:\/\/www.tiktok.com\/@slaptameile1"]}]}},"_links":{"self":[{"href":"https:\/\/slaptameile.lt\/en\/wp-json\/wp\/v2\/product\/901","targetHints":{"allow":["GET"]}}],"collection":[{"href":"https:\/\/slaptameile.lt\/en\/wp-json\/wp\/v2\/product"}],"about":[{"href":"https:\/\/slaptameile.lt\/en\/wp-json\/wp\/v2\/types\/product"}],"replies":[{"embeddable":true,"href":"https:\/\/slaptameile.lt\/en\/wp-json\/wp\/v2\/comments?post=901"}],"wp:featuredmedia":[{"embeddable":true,"href":"https:\/\/slaptameile.lt\/en\/wp-json\/wp\/v2\/media\/902"}],"wp:attachment":[{"href":"https:\/\/slaptameile.lt\/en\/wp-json\/wp\/v2\/media?parent=901"}],"wp:term":[{"taxonomy":"partner","embeddable":true,"href":"https:\/\/slaptameile.lt\/en\/wp-json\/wp\/v2\/partner?post=901"},{"taxonomy":"product_brand","embeddable":true,"href":"https:\/\/slaptameile.lt\/en\/wp-json\/wp\/v2\/product_brand?post=901"},{"taxonomy":"product_cat","embeddable":true,"href":"https:\/\/slaptameile.lt\/en\/wp-json\/wp\/v2\/product_cat?post=901"},{"taxonomy":"product_tag","embeddable":true,"href":"https:\/\/slaptameile.lt\/en\/wp-json\/wp\/v2\/product_tag?post=901"}],"curies":[{"name":"wp","href":"https:\/\/api.w.org\/{rel}","templated":true}]}}