{"id":863,"date":"2024-08-08T17:30:56","date_gmt":"2024-08-08T14:30:56","guid":{"rendered":"https:\/\/slaptameile.lt\/?post_type=product&#038;p=863"},"modified":"2026-04-14T04:38:38","modified_gmt":"2026-04-14T01:38:38","slug":"pirkiniu-krepsys-slapta-meile","status":"publish","type":"product","link":"https:\/\/slaptameile.lt\/en\/preke\/pirkiniu-krepsys-slapta-meile\/","title":{"rendered":"Shopping bag \u201eSecret Love\u201d"},"content":{"rendered":"<p>SLAPTA MEIL\u0116 and PITEX joint collection.<\/p>\n<p>Barbora Radvilait\u0117 is the most famous Lithuanian queen. King Sigismund Augustus - ruler of the Lithuanian Renaissance, the Golden Age. The story of their lives in the 16th century is the most romantic, lyrical and Lithuanian legend of a strong love that conquers all.<\/p>\n<p>Vienoje krep\u0161io pus\u0117je pavaizduota Barbora, kitoje &#8211; \u017dygimantas. Pirkini\u0173 krep\u0161ys \u201eSlapta meil\u0117&#8221; &#8211; geriausias pasirinkimas laisvalaikiui, o einant apsipirkti gali pakeisti vienkartinius mai\u0161elius. &#8211; standartinio ilgio medvilnin\u0117s rankenos (65-70 cm.) &#8211; u\u017etrauktukas, vidin\u0117 ki\u0161en\u0117.<\/p>\n<p>Audinys: tvirtas drob\u0117s fakt\u016bros audinys 100% poliesteris.<\/p>\n<p>Skalbiamas skalbimo ma\u0161inoje.<\/p>\n<p><strong>Size:<\/strong> 33 x 41 cm.<\/p>","protected":false},"excerpt":{"rendered":"<p>SLAPTA MEIL\u0116 and PITEX joint collection.<\/p>\n<p>Barbora Radvilait\u0117 is the most famous Lithuanian queen. King Sigismund Augustus - ruler of the Lithuanian Renaissance, the Golden Age. The story of their lives in the 16th century is the most romantic, lyrical and Lithuanian legend of a strong love that conquers all.<\/p>\n<p>Vienoje krep\u0161io pus\u0117je pavaizduota Barbora, kitoje &#8211; \u017dygimantas. Pirkini\u0173 krep\u0161ys \u201eSlapta meil\u0117&#8221; &#8211; geriausias pasirinkimas laisvalaikiui, o einant apsipirkti gali pakeisti vienkartinius mai\u0161elius. &#8211; standartinio ilgio medvilnin\u0117s rankenos (65-70 cm.) &#8211; u\u017etrauktukas, vidin\u0117 ki\u0161en\u0117.<\/p>\n<p><strong>Fabric:<\/strong> tvirtas drob\u0117s fakt\u016bros audinys 100% poliesteris. Skalbiamas skalbimo ma\u0161inoje.<\/p>\n<p><strong>Size:<\/strong> 33 x 41 cm.<\/p>","protected":false},"featured_media":864,"comment_status":"open","ping_status":"closed","template":"","meta":{"_acf_changed":false},"partner":[54],"product_brand":[],"product_cat":[26,18],"product_tag":[],"class_list":{"0":"post-863","1":"product","2":"type-product","3":"status-publish","4":"has-post-thumbnail","6":"partner-pitex","7":"product_cat-karaliskajam-stiliui","8":"product_cat-karaliskoji-kolekcija","10":"first","11":"instock","12":"taxable","13":"shipping-taxable","14":"purchasable","15":"product-type-simple"},"acf":[],"yoast_head":"<!-- This site is optimized with the Yoast SEO plugin v27.5 - https:\/\/yoast.com\/product\/yoast-seo-wordpress\/ -->\n<title>Pirkini\u0173 krep\u0161ys \u201eSlapta meil\u0117&quot; - Slapta Meil\u0117<\/title>\n<meta name=\"robots\" content=\"index, follow, max-snippet:-1, max-image-preview:large, max-video-preview:-1\" \/>\n<link rel=\"canonical\" href=\"https:\/\/slaptameile.lt\/en\/preke\/pirkiniu-krepsys-slapta-meile\/\" \/>\n<meta property=\"og:locale\" content=\"en_US\" \/>\n<meta property=\"og:type\" content=\"article\" \/>\n<meta property=\"og:title\" content=\"Pirkini\u0173 krep\u0161ys \u201eSlapta meil\u0117&quot; - Slapta Meil\u0117\" \/>\n<meta property=\"og:description\" content=\"SLAPTA MEIL\u0116 ir PITEX bendra kolekcija.  Barbora Radvilait\u0117 \u2013 \u017einomiausia Lietuvos karalien\u0117. Karalius \u017dygimantas Augustas \u2013 Lietuvos renesanso, aukso am\u017eiaus valdovas. J\u0173 abiej\u0173 XVI a. gyvenimo istorija \u2013 romanti\u0161kiausia, lyri\u0161ka ir lietuvi\u0161ka legenda apie stipri\u0105 ir visk\u0105 nugalin\u010di\u0105 meil\u0119.  Vienoje krep\u0161io pus\u0117je pavaizduota Barbora, kitoje - \u017dygimantas. Pirkini\u0173 krep\u0161ys \u201eSlapta meil\u0117&quot; - geriausias pasirinkimas laisvalaikiui, o einant apsipirkti gali pakeisti vienkartinius mai\u0161elius. - standartinio ilgio medvilnin\u0117s rankenos (65-70 cm.) - u\u017etrauktukas, vidin\u0117 ki\u0161en\u0117.  Audinys: tvirtas drob\u0117s fakt\u016bros audinys 100% poliesteris. Skalbiamas skalbimo ma\u0161inoje.  Dydis: 33 x 41 cm.\" \/>\n<meta property=\"og:url\" content=\"https:\/\/slaptameile.lt\/en\/preke\/pirkiniu-krepsys-slapta-meile\/\" \/>\n<meta property=\"og:site_name\" content=\"Slapta Meil\u0117\" \/>\n<meta property=\"article:publisher\" content=\"https:\/\/www.facebook.com\/SlaptaMeileBarbora\" \/>\n<meta property=\"article:modified_time\" content=\"2026-04-14T01:38:38+00:00\" \/>\n<meta property=\"og:image\" content=\"https:\/\/slaptameile.lt\/wp-content\/uploads\/2025\/10\/SM5557-Edit-Edit.jpg\" \/>\n\t<meta property=\"og:image:width\" content=\"2048\" \/>\n\t<meta property=\"og:image:height\" content=\"2048\" \/>\n\t<meta property=\"og:image:type\" content=\"image\/jpeg\" \/>\n<meta name=\"twitter:card\" content=\"summary_large_image\" \/>\n<script type=\"application\/ld+json\" class=\"yoast-schema-graph\">{\"@context\":\"https:\\\/\\\/schema.org\",\"@graph\":[{\"@type\":\"WebPage\",\"@id\":\"https:\\\/\\\/slaptameile.lt\\\/preke\\\/pirkiniu-krepsys-slapta-meile\\\/\",\"url\":\"https:\\\/\\\/slaptameile.lt\\\/preke\\\/pirkiniu-krepsys-slapta-meile\\\/\",\"name\":\"Pirkini\u0173 krep\u0161ys \u201eSlapta meil\u0117\\\" - Slapta Meil\u0117\",\"isPartOf\":{\"@id\":\"https:\\\/\\\/slaptameile.lt\\\/#website\"},\"primaryImageOfPage\":{\"@id\":\"https:\\\/\\\/slaptameile.lt\\\/preke\\\/pirkiniu-krepsys-slapta-meile\\\/#primaryimage\"},\"image\":{\"@id\":\"https:\\\/\\\/slaptameile.lt\\\/preke\\\/pirkiniu-krepsys-slapta-meile\\\/#primaryimage\"},\"thumbnailUrl\":\"https:\\\/\\\/slaptameile.lt\\\/wp-content\\\/uploads\\\/2025\\\/10\\\/SM5557-Edit-Edit.jpg\",\"datePublished\":\"2024-08-08T14:30:56+00:00\",\"dateModified\":\"2026-04-14T01:38:38+00:00\",\"breadcrumb\":{\"@id\":\"https:\\\/\\\/slaptameile.lt\\\/preke\\\/pirkiniu-krepsys-slapta-meile\\\/#breadcrumb\"},\"inLanguage\":\"en-US\",\"potentialAction\":[{\"@type\":\"ReadAction\",\"target\":[\"https:\\\/\\\/slaptameile.lt\\\/preke\\\/pirkiniu-krepsys-slapta-meile\\\/\"]}]},{\"@type\":\"ImageObject\",\"inLanguage\":\"en-US\",\"@id\":\"https:\\\/\\\/slaptameile.lt\\\/preke\\\/pirkiniu-krepsys-slapta-meile\\\/#primaryimage\",\"url\":\"https:\\\/\\\/slaptameile.lt\\\/wp-content\\\/uploads\\\/2025\\\/10\\\/SM5557-Edit-Edit.jpg\",\"contentUrl\":\"https:\\\/\\\/slaptameile.lt\\\/wp-content\\\/uploads\\\/2025\\\/10\\\/SM5557-Edit-Edit.jpg\",\"width\":2048,\"height\":2048},{\"@type\":\"BreadcrumbList\",\"@id\":\"https:\\\/\\\/slaptameile.lt\\\/preke\\\/pirkiniu-krepsys-slapta-meile\\\/#breadcrumb\",\"itemListElement\":[{\"@type\":\"ListItem\",\"position\":1,\"name\":\"Home\",\"item\":\"https:\\\/\\\/slaptameile.lt\\\/\"},{\"@type\":\"ListItem\",\"position\":2,\"name\":\"Parduotuv\u0117\",\"item\":\"https:\\\/\\\/slaptameile.lt\\\/parduotuve\\\/\"},{\"@type\":\"ListItem\",\"position\":3,\"name\":\"Pirkini\u0173 krep\u0161ys \u201eSlapta meil\u0117&#8221;\"}]},{\"@type\":\"WebSite\",\"@id\":\"https:\\\/\\\/slaptameile.lt\\\/#website\",\"url\":\"https:\\\/\\\/slaptameile.lt\\\/\",\"name\":\"Slapta Meil\u0117\",\"description\":\"\",\"publisher\":{\"@id\":\"https:\\\/\\\/slaptameile.lt\\\/#organization\"},\"potentialAction\":[{\"@type\":\"SearchAction\",\"target\":{\"@type\":\"EntryPoint\",\"urlTemplate\":\"https:\\\/\\\/slaptameile.lt\\\/?s={search_term_string}\"},\"query-input\":{\"@type\":\"PropertyValueSpecification\",\"valueRequired\":true,\"valueName\":\"search_term_string\"}}],\"inLanguage\":\"en-US\"},{\"@type\":\"Organization\",\"@id\":\"https:\\\/\\\/slaptameile.lt\\\/#organization\",\"name\":\"Slapta Meil\u0117\",\"url\":\"https:\\\/\\\/slaptameile.lt\\\/\",\"logo\":{\"@type\":\"ImageObject\",\"inLanguage\":\"en-US\",\"@id\":\"https:\\\/\\\/slaptameile.lt\\\/#\\\/schema\\\/logo\\\/image\\\/\",\"url\":\"https:\\\/\\\/slaptameile.lt\\\/wp-content\\\/uploads\\\/2026\\\/04\\\/sm-logo.jpg\",\"contentUrl\":\"https:\\\/\\\/slaptameile.lt\\\/wp-content\\\/uploads\\\/2026\\\/04\\\/sm-logo.jpg\",\"width\":810,\"height\":380,\"caption\":\"Slapta Meil\u0117\"},\"image\":{\"@id\":\"https:\\\/\\\/slaptameile.lt\\\/#\\\/schema\\\/logo\\\/image\\\/\"},\"sameAs\":[\"https:\\\/\\\/www.facebook.com\\\/SlaptaMeileBarbora\",\"https:\\\/\\\/www.instagram.com\\\/slaptameile\",\"https:\\\/\\\/www.tiktok.com\\\/@slaptameile1\"]}]}<\/script>\n<!-- \/ Yoast SEO plugin. -->","yoast_head_json":{"title":"Pirkini\u0173 krep\u0161ys \u201eSlapta meil\u0117\" - Slapta Meil\u0117","robots":{"index":"index","follow":"follow","max-snippet":"max-snippet:-1","max-image-preview":"max-image-preview:large","max-video-preview":"max-video-preview:-1"},"canonical":"https:\/\/slaptameile.lt\/en\/preke\/pirkiniu-krepsys-slapta-meile\/","og_locale":"en_US","og_type":"article","og_title":"Pirkini\u0173 krep\u0161ys \u201eSlapta meil\u0117\" - Slapta Meil\u0117","og_description":"SLAPTA MEIL\u0116 ir PITEX bendra kolekcija.  Barbora Radvilait\u0117 \u2013 \u017einomiausia Lietuvos karalien\u0117. Karalius \u017dygimantas Augustas \u2013 Lietuvos renesanso, aukso am\u017eiaus valdovas. J\u0173 abiej\u0173 XVI a. gyvenimo istorija \u2013 romanti\u0161kiausia, lyri\u0161ka ir lietuvi\u0161ka legenda apie stipri\u0105 ir visk\u0105 nugalin\u010di\u0105 meil\u0119.  Vienoje krep\u0161io pus\u0117je pavaizduota Barbora, kitoje - \u017dygimantas. Pirkini\u0173 krep\u0161ys \u201eSlapta meil\u0117\" - geriausias pasirinkimas laisvalaikiui, o einant apsipirkti gali pakeisti vienkartinius mai\u0161elius. - standartinio ilgio medvilnin\u0117s rankenos (65-70 cm.) - u\u017etrauktukas, vidin\u0117 ki\u0161en\u0117.  Audinys: tvirtas drob\u0117s fakt\u016bros audinys 100% poliesteris. Skalbiamas skalbimo ma\u0161inoje.  Dydis: 33 x 41 cm.","og_url":"https:\/\/slaptameile.lt\/en\/preke\/pirkiniu-krepsys-slapta-meile\/","og_site_name":"Slapta Meil\u0117","article_publisher":"https:\/\/www.facebook.com\/SlaptaMeileBarbora","article_modified_time":"2026-04-14T01:38:38+00:00","og_image":[{"width":2048,"height":2048,"url":"https:\/\/slaptameile.lt\/wp-content\/uploads\/2025\/10\/SM5557-Edit-Edit.jpg","type":"image\/jpeg"}],"twitter_card":"summary_large_image","schema":{"@context":"https:\/\/schema.org","@graph":[{"@type":"WebPage","@id":"https:\/\/slaptameile.lt\/preke\/pirkiniu-krepsys-slapta-meile\/","url":"https:\/\/slaptameile.lt\/preke\/pirkiniu-krepsys-slapta-meile\/","name":"Pirkini\u0173 krep\u0161ys \u201eSlapta meil\u0117\" - Slapta Meil\u0117","isPartOf":{"@id":"https:\/\/slaptameile.lt\/#website"},"primaryImageOfPage":{"@id":"https:\/\/slaptameile.lt\/preke\/pirkiniu-krepsys-slapta-meile\/#primaryimage"},"image":{"@id":"https:\/\/slaptameile.lt\/preke\/pirkiniu-krepsys-slapta-meile\/#primaryimage"},"thumbnailUrl":"https:\/\/slaptameile.lt\/wp-content\/uploads\/2025\/10\/SM5557-Edit-Edit.jpg","datePublished":"2024-08-08T14:30:56+00:00","dateModified":"2026-04-14T01:38:38+00:00","breadcrumb":{"@id":"https:\/\/slaptameile.lt\/preke\/pirkiniu-krepsys-slapta-meile\/#breadcrumb"},"inLanguage":"en-US","potentialAction":[{"@type":"ReadAction","target":["https:\/\/slaptameile.lt\/preke\/pirkiniu-krepsys-slapta-meile\/"]}]},{"@type":"ImageObject","inLanguage":"en-US","@id":"https:\/\/slaptameile.lt\/preke\/pirkiniu-krepsys-slapta-meile\/#primaryimage","url":"https:\/\/slaptameile.lt\/wp-content\/uploads\/2025\/10\/SM5557-Edit-Edit.jpg","contentUrl":"https:\/\/slaptameile.lt\/wp-content\/uploads\/2025\/10\/SM5557-Edit-Edit.jpg","width":2048,"height":2048},{"@type":"BreadcrumbList","@id":"https:\/\/slaptameile.lt\/preke\/pirkiniu-krepsys-slapta-meile\/#breadcrumb","itemListElement":[{"@type":"ListItem","position":1,"name":"Home","item":"https:\/\/slaptameile.lt\/"},{"@type":"ListItem","position":2,"name":"Parduotuv\u0117","item":"https:\/\/slaptameile.lt\/parduotuve\/"},{"@type":"ListItem","position":3,"name":"Pirkini\u0173 krep\u0161ys \u201eSlapta meil\u0117&#8221;"}]},{"@type":"WebSite","@id":"https:\/\/slaptameile.lt\/#website","url":"https:\/\/slaptameile.lt\/","name":"Secret Love","description":"","publisher":{"@id":"https:\/\/slaptameile.lt\/#organization"},"potentialAction":[{"@type":"SearchAction","target":{"@type":"EntryPoint","urlTemplate":"https:\/\/slaptameile.lt\/?s={search_term_string}"},"query-input":{"@type":"PropertyValueSpecification","valueRequired":true,"valueName":"search_term_string"}}],"inLanguage":"en-US"},{"@type":"Organization","@id":"https:\/\/slaptameile.lt\/#organization","name":"Secret Love","url":"https:\/\/slaptameile.lt\/","logo":{"@type":"ImageObject","inLanguage":"en-US","@id":"https:\/\/slaptameile.lt\/#\/schema\/logo\/image\/","url":"https:\/\/slaptameile.lt\/wp-content\/uploads\/2026\/04\/sm-logo.jpg","contentUrl":"https:\/\/slaptameile.lt\/wp-content\/uploads\/2026\/04\/sm-logo.jpg","width":810,"height":380,"caption":"Slapta Meil\u0117"},"image":{"@id":"https:\/\/slaptameile.lt\/#\/schema\/logo\/image\/"},"sameAs":["https:\/\/www.facebook.com\/SlaptaMeileBarbora","https:\/\/www.instagram.com\/slaptameile","https:\/\/www.tiktok.com\/@slaptameile1"]}]}},"_links":{"self":[{"href":"https:\/\/slaptameile.lt\/en\/wp-json\/wp\/v2\/product\/863","targetHints":{"allow":["GET"]}}],"collection":[{"href":"https:\/\/slaptameile.lt\/en\/wp-json\/wp\/v2\/product"}],"about":[{"href":"https:\/\/slaptameile.lt\/en\/wp-json\/wp\/v2\/types\/product"}],"replies":[{"embeddable":true,"href":"https:\/\/slaptameile.lt\/en\/wp-json\/wp\/v2\/comments?post=863"}],"wp:featuredmedia":[{"embeddable":true,"href":"https:\/\/slaptameile.lt\/en\/wp-json\/wp\/v2\/media\/864"}],"wp:attachment":[{"href":"https:\/\/slaptameile.lt\/en\/wp-json\/wp\/v2\/media?parent=863"}],"wp:term":[{"taxonomy":"partner","embeddable":true,"href":"https:\/\/slaptameile.lt\/en\/wp-json\/wp\/v2\/partner?post=863"},{"taxonomy":"product_brand","embeddable":true,"href":"https:\/\/slaptameile.lt\/en\/wp-json\/wp\/v2\/product_brand?post=863"},{"taxonomy":"product_cat","embeddable":true,"href":"https:\/\/slaptameile.lt\/en\/wp-json\/wp\/v2\/product_cat?post=863"},{"taxonomy":"product_tag","embeddable":true,"href":"https:\/\/slaptameile.lt\/en\/wp-json\/wp\/v2\/product_tag?post=863"}],"curies":[{"name":"wp","href":"https:\/\/api.w.org\/{rel}","templated":true}]}}