{"id":860,"date":"2024-08-08T18:00:30","date_gmt":"2024-08-08T15:00:30","guid":{"rendered":"https:\/\/slaptameile.lt\/?post_type=product&#038;p=860"},"modified":"2026-01-23T11:46:42","modified_gmt":"2026-01-23T08:46:42","slug":"pirkiniu-krepsys-spalvotas-karaliskas-vilnius","status":"publish","type":"product","link":"https:\/\/slaptameile.lt\/en\/preke\/pirkiniu-krepsys-spalvotas-karaliskas-vilnius\/","title":{"rendered":"Shopping bag \u201eRoyal Vilnius in colour\u201d"},"content":{"rendered":"<p>SLAPTA MEIL\u0116 ir PITEX bendra kolekcija. Sukurta ir pagaminta Lietuvoje.<\/p>\n<p>Kolekcijos \u201eSpalvotas Karali\u0161kas Vilnius&#8221; grafik\u0105 suk\u016br\u0117 dizainer\u0117 Julija Janus.<\/p>\n<p>Vilniaus meil\u0117s \u017eem\u0117lapyje apgalvota tvarka sud\u0117ti Vilniaus senamies\u010dio pastatai. I\u0161 kair\u0117s \u012f de\u0161in\u0119 ikoni\u0161kiausios Vilniaus vietos susijusios su legendine karali\u0161ka pora: Barbora Radvilaite ir \u017dygimantu Augustu. J\u0173 meil\u0117s istorija Vilniuje vyko Valdov\u0173 r\u016bmuose ir \u0161alia j\u0173, kur dabar galima rasti karali\u0161kos meil\u0117s istorijos tunelio grind\u0173 liekanas ir \u017dygimanto Augusto atvaizdus bei skulpt\u016br\u0105-biust\u0105. Vilniaus katedra &#8211; joje slapta tuok\u0117si garsioji pora. \u0160v. Onos ba\u017eny\u010dia, ten meld\u0117si Barbora Radvilait\u0117. Pilies gatv\u0117, Au\u0161ros vartai per kuriuos Barbora i\u0161vyko \u012f Krokuv\u0105 tam, kad b\u016bt\u0173 kar\u016bnuota karaliene ir sugr\u012f\u017eo tam, kad b\u016bt\u0173 palaidota Vilniaus katedroje. Ir, \u017einoma, paminklo Barborai Radvilaitei atvaizdas pie\u0161tas \u0161alia J\u0117zuit\u0173 ba\u017eny\u010dios ir vienuolyno, kurios kar\u016bna, atsistojus tam tikroje Vokie\u010di\u0173 gatv\u0117s vietoje, perspektyvoje atsiduria ant Barboros silueto galvos.<\/p>\n<p>Romanti\u0161kasis Vilnius, skleid\u017eiasi viename karali\u0161kos meil\u0117s istorijos pie\u0161inyje dar ir d\u0117l to kad jo senamiestis \u00a0yra Unesco pripa\u017eintas viena i\u0161 8 romanti\u0161kiausi\u0173 Europos sostini\u0173. \u0160is pripa\u017einimas ir paskatino mus sukurti Vilniaus meil\u0117s \u017eem\u0117lapio kolekcij\u0105.<\/p>\n<p>Pirkini\u0173 krep\u0161ys \u201eSpalvotas Karali\u0161kas Vilnius&#8221; &#8211; geriausias pasirinkimas laisvalaikiui, o einant apsipirkti gali pakeisti vienkartinius mai\u0161elius.<\/p>\n<p>&#8211; standartinio ilgio medvilnin\u0117s rankenos (65-70 cm.)<\/p>\n<p>&#8211; u\u017etrauktukas &#8211; vidin\u0117 ki\u0161en\u0117<\/p>\n<p>&#8211; skalbiamas skalbimo ma\u0161inoje<\/p>\n<p>Audinys: tvirtas drob\u0117s fakt\u016bros audinys 100% poliesteris. Skalbiamas skalbimo ma\u0161inoje.<\/p>\n<p>Dydis: ~ 33 x 41 cm.<\/p>\n<p>Nedidelis, bet talpus. Puikus pasirinkimas dokumentams, plan\u0161etei ir smulkiems daiktams.<\/p>","protected":false},"excerpt":{"rendered":"<p>SLAPTA MEIL\u0116 and PITEX joint collection.<\/p>\n<p>Kolekcijos \u201eSpalvotas Karali\u0161kas Vilnius&#8221; grafik\u0105 suk\u016br\u0117 dizainer\u0117 Julija Janus.<\/p>\n<p>Vilniaus meil\u0117s \u017eem\u0117lapyje apgalvota tvarka sud\u0117ti Vilniaus senamies\u010dio pastatai. I\u0161 kair\u0117s \u012f de\u0161in\u0119 ikoni\u0161kiausios Vilniaus vietos susijusios su legendine karali\u0161ka pora: Barbora Radvilaite ir \u017dygimantu Augustu. J\u0173 meil\u0117s istorija Vilniuje vyko Valdov\u0173 r\u016bmuose ir \u0161alia j\u0173, kur dabar galima rasti karali\u0161kos meil\u0117s istorijos tunelio grind\u0173 liekanas ir \u017dygimanto Augusto atvaizdus bei skulpt\u016br\u0105-biust\u0105. Vilniaus katedra &#8211; joje slapta tuok\u0117si garsioji pora. \u0160v. Onos ba\u017eny\u010dia, ten meld\u0117si Barbora Radvilait\u0117. Pilies gatv\u0117, Au\u0161ros vartai per kuriuos Barbora i\u0161vyko \u012f Krokuv\u0105 tam, kad b\u016bt\u0173 kar\u016bnuota karaliene ir sugr\u012f\u017eo tam, kad b\u016bt\u0173 palaidota Vilniaus katedroje. Ir, \u017einoma, paminklo Barborai Radvilaitei atvaizdas pie\u0161tas \u0161alia J\u0117zuit\u0173 ba\u017eny\u010dios ir vienuolyno, kurios kar\u016bna, atsistojus tam tikroje Vokie\u010di\u0173 gatv\u0117s vietoje, perspektyvoje atsiduria ant Barboros silueto galvos.<\/p>\n<p>Romanti\u0161kasis Vilnius, skleid\u017eiasi viename karali\u0161kos meil\u0117s istorijos pie\u0161inyje dar ir d\u0117l to kad jo senamiestis \u00a0yra Unesco pripa\u017eintas viena i\u0161 8 romanti\u0161kiausi\u0173 Europos sostini\u0173. \u0160is pripa\u017einimas ir paskatino mus sukurti Vilniaus meil\u0117s \u017eem\u0117lapio kolekcij\u0105.<\/p>\n<p>Pirkini\u0173 krep\u0161ys \u201eSpalvotas Karali\u0161kas Vilnius&#8221; &#8211; geriausias pasirinkimas laisvalaikiui, o einant apsipirkti gali pakeisti vienkartinius mai\u0161elius, standartinio ilgio medvilnin\u0117s rankenos (65-70 cm.), u\u017etrauktukas &#8211; vidin\u0117 ki\u0161en\u0117.<\/p>\n<p><strong>Fabric:<\/strong> tvirtas drob\u0117s fakt\u016bros audinys 100% poliesteris. Skalbiamas skalbimo ma\u0161inoje.<\/p>\n<p><strong>Size:<\/strong> ~ 33 x 41 cm.<\/p>","protected":false},"featured_media":861,"comment_status":"open","ping_status":"closed","template":"","meta":{"_acf_changed":false},"partner":[54],"product_brand":[],"product_cat":[26,18],"product_tag":[],"class_list":{"0":"post-860","1":"product","2":"type-product","3":"status-publish","4":"has-post-thumbnail","6":"partner-pitex","7":"product_cat-karaliskajam-stiliui","8":"product_cat-karaliskoji-kolekcija","10":"first","11":"instock","12":"sale","13":"taxable","14":"shipping-taxable","15":"purchasable","16":"product-type-simple"},"acf":[],"yoast_head":"<!-- This site is optimized with the Yoast SEO plugin v27.5 - https:\/\/yoast.com\/product\/yoast-seo-wordpress\/ -->\n<title>Pirkini\u0173 krep\u0161ys \u201eSpalvotas Karali\u0161kas Vilnius&quot; - Slapta Meil\u0117<\/title>\n<meta name=\"robots\" content=\"index, follow, max-snippet:-1, max-image-preview:large, max-video-preview:-1\" \/>\n<link rel=\"canonical\" href=\"https:\/\/slaptameile.lt\/en\/preke\/pirkiniu-krepsys-spalvotas-karaliskas-vilnius\/\" \/>\n<meta property=\"og:locale\" content=\"en_US\" \/>\n<meta property=\"og:type\" content=\"article\" \/>\n<meta property=\"og:title\" content=\"Pirkini\u0173 krep\u0161ys \u201eSpalvotas Karali\u0161kas Vilnius&quot; - Slapta Meil\u0117\" \/>\n<meta property=\"og:description\" content=\"SLAPTA MEIL\u0116 ir PITEX bendra kolekcija.  Kolekcijos \u201eSpalvotas Karali\u0161kas Vilnius&quot; grafik\u0105 suk\u016br\u0117 dizainer\u0117 Julija Janus.  Vilniaus meil\u0117s \u017eem\u0117lapyje apgalvota tvarka sud\u0117ti Vilniaus senamies\u010dio pastatai. I\u0161 kair\u0117s \u012f de\u0161in\u0119 ikoni\u0161kiausios Vilniaus vietos susijusios su legendine karali\u0161ka pora: Barbora Radvilaite ir \u017dygimantu Augustu. J\u0173 meil\u0117s istorija Vilniuje vyko Valdov\u0173 r\u016bmuose ir \u0161alia j\u0173, kur dabar galima rasti karali\u0161kos meil\u0117s istorijos tunelio grind\u0173 liekanas ir \u017dygimanto Augusto atvaizdus bei skulpt\u016br\u0105-biust\u0105. Vilniaus katedra - joje slapta tuok\u0117si garsioji pora. \u0160v. Onos ba\u017eny\u010dia, ten meld\u0117si Barbora Radvilait\u0117. Pilies gatv\u0117, Au\u0161ros vartai per kuriuos Barbora i\u0161vyko \u012f Krokuv\u0105 tam, kad b\u016bt\u0173 kar\u016bnuota karaliene ir sugr\u012f\u017eo tam, kad b\u016bt\u0173 palaidota Vilniaus katedroje. Ir, \u017einoma, paminklo Barborai Radvilaitei atvaizdas pie\u0161tas \u0161alia J\u0117zuit\u0173 ba\u017eny\u010dios ir vienuolyno, kurios kar\u016bna, atsistojus tam tikroje Vokie\u010di\u0173 gatv\u0117s vietoje, perspektyvoje atsiduria ant Barboros silueto galvos.  Romanti\u0161kasis Vilnius, skleid\u017eiasi viename karali\u0161kos meil\u0117s istorijos pie\u0161inyje dar ir d\u0117l to kad jo senamiestis \u00a0yra Unesco pripa\u017eintas viena i\u0161 8 romanti\u0161kiausi\u0173 Europos sostini\u0173. \u0160is pripa\u017einimas ir paskatino mus sukurti Vilniaus meil\u0117s \u017eem\u0117lapio kolekcij\u0105.  Pirkini\u0173 krep\u0161ys \u201eSpalvotas Karali\u0161kas Vilnius&quot; - geriausias pasirinkimas laisvalaikiui, o einant apsipirkti gali pakeisti vienkartinius mai\u0161elius, standartinio ilgio medvilnin\u0117s rankenos (65-70 cm.), u\u017etrauktukas - vidin\u0117 ki\u0161en\u0117.  Audinys: tvirtas drob\u0117s fakt\u016bros audinys 100% poliesteris. Skalbiamas skalbimo ma\u0161inoje.  Dydis: ~ 33 x 41 cm.\" \/>\n<meta property=\"og:url\" content=\"https:\/\/slaptameile.lt\/en\/preke\/pirkiniu-krepsys-spalvotas-karaliskas-vilnius\/\" \/>\n<meta property=\"og:site_name\" content=\"Slapta Meil\u0117\" \/>\n<meta property=\"article:publisher\" content=\"https:\/\/www.facebook.com\/SlaptaMeileBarbora\" \/>\n<meta property=\"article:modified_time\" content=\"2026-01-23T08:46:42+00:00\" \/>\n<meta property=\"og:image\" content=\"https:\/\/slaptameile.lt\/wp-content\/uploads\/2025\/10\/Spalvotas-Vilnius-totebag.jpg\" \/>\n\t<meta property=\"og:image:width\" content=\"867\" \/>\n\t<meta property=\"og:image:height\" content=\"867\" \/>\n\t<meta property=\"og:image:type\" content=\"image\/jpeg\" \/>\n<meta name=\"twitter:card\" content=\"summary_large_image\" \/>\n<meta name=\"twitter:label1\" content=\"Est. reading time\" \/>\n\t<meta name=\"twitter:data1\" content=\"1 minute\" \/>\n<script type=\"application\/ld+json\" class=\"yoast-schema-graph\">{\"@context\":\"https:\\\/\\\/schema.org\",\"@graph\":[{\"@type\":\"WebPage\",\"@id\":\"https:\\\/\\\/slaptameile.lt\\\/preke\\\/pirkiniu-krepsys-spalvotas-karaliskas-vilnius\\\/\",\"url\":\"https:\\\/\\\/slaptameile.lt\\\/preke\\\/pirkiniu-krepsys-spalvotas-karaliskas-vilnius\\\/\",\"name\":\"Pirkini\u0173 krep\u0161ys \u201eSpalvotas Karali\u0161kas Vilnius\\\" - Slapta Meil\u0117\",\"isPartOf\":{\"@id\":\"https:\\\/\\\/slaptameile.lt\\\/#website\"},\"primaryImageOfPage\":{\"@id\":\"https:\\\/\\\/slaptameile.lt\\\/preke\\\/pirkiniu-krepsys-spalvotas-karaliskas-vilnius\\\/#primaryimage\"},\"image\":{\"@id\":\"https:\\\/\\\/slaptameile.lt\\\/preke\\\/pirkiniu-krepsys-spalvotas-karaliskas-vilnius\\\/#primaryimage\"},\"thumbnailUrl\":\"https:\\\/\\\/slaptameile.lt\\\/wp-content\\\/uploads\\\/2025\\\/10\\\/Spalvotas-Vilnius-totebag.jpg\",\"datePublished\":\"2024-08-08T15:00:30+00:00\",\"dateModified\":\"2026-01-23T08:46:42+00:00\",\"breadcrumb\":{\"@id\":\"https:\\\/\\\/slaptameile.lt\\\/preke\\\/pirkiniu-krepsys-spalvotas-karaliskas-vilnius\\\/#breadcrumb\"},\"inLanguage\":\"en-US\",\"potentialAction\":[{\"@type\":\"ReadAction\",\"target\":[\"https:\\\/\\\/slaptameile.lt\\\/preke\\\/pirkiniu-krepsys-spalvotas-karaliskas-vilnius\\\/\"]}]},{\"@type\":\"ImageObject\",\"inLanguage\":\"en-US\",\"@id\":\"https:\\\/\\\/slaptameile.lt\\\/preke\\\/pirkiniu-krepsys-spalvotas-karaliskas-vilnius\\\/#primaryimage\",\"url\":\"https:\\\/\\\/slaptameile.lt\\\/wp-content\\\/uploads\\\/2025\\\/10\\\/Spalvotas-Vilnius-totebag.jpg\",\"contentUrl\":\"https:\\\/\\\/slaptameile.lt\\\/wp-content\\\/uploads\\\/2025\\\/10\\\/Spalvotas-Vilnius-totebag.jpg\",\"width\":867,\"height\":867},{\"@type\":\"BreadcrumbList\",\"@id\":\"https:\\\/\\\/slaptameile.lt\\\/preke\\\/pirkiniu-krepsys-spalvotas-karaliskas-vilnius\\\/#breadcrumb\",\"itemListElement\":[{\"@type\":\"ListItem\",\"position\":1,\"name\":\"Home\",\"item\":\"https:\\\/\\\/slaptameile.lt\\\/\"},{\"@type\":\"ListItem\",\"position\":2,\"name\":\"Parduotuv\u0117\",\"item\":\"https:\\\/\\\/slaptameile.lt\\\/parduotuve\\\/\"},{\"@type\":\"ListItem\",\"position\":3,\"name\":\"Pirkini\u0173 krep\u0161ys \u201eSpalvotas Karali\u0161kas Vilnius&#8221;\"}]},{\"@type\":\"WebSite\",\"@id\":\"https:\\\/\\\/slaptameile.lt\\\/#website\",\"url\":\"https:\\\/\\\/slaptameile.lt\\\/\",\"name\":\"Slapta Meil\u0117\",\"description\":\"\",\"publisher\":{\"@id\":\"https:\\\/\\\/slaptameile.lt\\\/#organization\"},\"potentialAction\":[{\"@type\":\"SearchAction\",\"target\":{\"@type\":\"EntryPoint\",\"urlTemplate\":\"https:\\\/\\\/slaptameile.lt\\\/?s={search_term_string}\"},\"query-input\":{\"@type\":\"PropertyValueSpecification\",\"valueRequired\":true,\"valueName\":\"search_term_string\"}}],\"inLanguage\":\"en-US\"},{\"@type\":\"Organization\",\"@id\":\"https:\\\/\\\/slaptameile.lt\\\/#organization\",\"name\":\"Slapta Meil\u0117\",\"url\":\"https:\\\/\\\/slaptameile.lt\\\/\",\"logo\":{\"@type\":\"ImageObject\",\"inLanguage\":\"en-US\",\"@id\":\"https:\\\/\\\/slaptameile.lt\\\/#\\\/schema\\\/logo\\\/image\\\/\",\"url\":\"https:\\\/\\\/slaptameile.lt\\\/wp-content\\\/uploads\\\/2026\\\/04\\\/sm-logo.jpg\",\"contentUrl\":\"https:\\\/\\\/slaptameile.lt\\\/wp-content\\\/uploads\\\/2026\\\/04\\\/sm-logo.jpg\",\"width\":810,\"height\":380,\"caption\":\"Slapta Meil\u0117\"},\"image\":{\"@id\":\"https:\\\/\\\/slaptameile.lt\\\/#\\\/schema\\\/logo\\\/image\\\/\"},\"sameAs\":[\"https:\\\/\\\/www.facebook.com\\\/SlaptaMeileBarbora\",\"https:\\\/\\\/www.instagram.com\\\/slaptameile\",\"https:\\\/\\\/www.tiktok.com\\\/@slaptameile1\"]}]}<\/script>\n<!-- \/ Yoast SEO plugin. -->","yoast_head_json":{"title":"Pirkini\u0173 krep\u0161ys \u201eSpalvotas Karali\u0161kas Vilnius\" - Slapta Meil\u0117","robots":{"index":"index","follow":"follow","max-snippet":"max-snippet:-1","max-image-preview":"max-image-preview:large","max-video-preview":"max-video-preview:-1"},"canonical":"https:\/\/slaptameile.lt\/en\/preke\/pirkiniu-krepsys-spalvotas-karaliskas-vilnius\/","og_locale":"en_US","og_type":"article","og_title":"Pirkini\u0173 krep\u0161ys \u201eSpalvotas Karali\u0161kas Vilnius\" - Slapta Meil\u0117","og_description":"SLAPTA MEIL\u0116 ir PITEX bendra kolekcija.  Kolekcijos \u201eSpalvotas Karali\u0161kas Vilnius\" grafik\u0105 suk\u016br\u0117 dizainer\u0117 Julija Janus.  Vilniaus meil\u0117s \u017eem\u0117lapyje apgalvota tvarka sud\u0117ti Vilniaus senamies\u010dio pastatai. I\u0161 kair\u0117s \u012f de\u0161in\u0119 ikoni\u0161kiausios Vilniaus vietos susijusios su legendine karali\u0161ka pora: Barbora Radvilaite ir \u017dygimantu Augustu. J\u0173 meil\u0117s istorija Vilniuje vyko Valdov\u0173 r\u016bmuose ir \u0161alia j\u0173, kur dabar galima rasti karali\u0161kos meil\u0117s istorijos tunelio grind\u0173 liekanas ir \u017dygimanto Augusto atvaizdus bei skulpt\u016br\u0105-biust\u0105. Vilniaus katedra - joje slapta tuok\u0117si garsioji pora. \u0160v. Onos ba\u017eny\u010dia, ten meld\u0117si Barbora Radvilait\u0117. Pilies gatv\u0117, Au\u0161ros vartai per kuriuos Barbora i\u0161vyko \u012f Krokuv\u0105 tam, kad b\u016bt\u0173 kar\u016bnuota karaliene ir sugr\u012f\u017eo tam, kad b\u016bt\u0173 palaidota Vilniaus katedroje. Ir, \u017einoma, paminklo Barborai Radvilaitei atvaizdas pie\u0161tas \u0161alia J\u0117zuit\u0173 ba\u017eny\u010dios ir vienuolyno, kurios kar\u016bna, atsistojus tam tikroje Vokie\u010di\u0173 gatv\u0117s vietoje, perspektyvoje atsiduria ant Barboros silueto galvos.  Romanti\u0161kasis Vilnius, skleid\u017eiasi viename karali\u0161kos meil\u0117s istorijos pie\u0161inyje dar ir d\u0117l to kad jo senamiestis \u00a0yra Unesco pripa\u017eintas viena i\u0161 8 romanti\u0161kiausi\u0173 Europos sostini\u0173. \u0160is pripa\u017einimas ir paskatino mus sukurti Vilniaus meil\u0117s \u017eem\u0117lapio kolekcij\u0105.  Pirkini\u0173 krep\u0161ys \u201eSpalvotas Karali\u0161kas Vilnius\" - geriausias pasirinkimas laisvalaikiui, o einant apsipirkti gali pakeisti vienkartinius mai\u0161elius, standartinio ilgio medvilnin\u0117s rankenos (65-70 cm.), u\u017etrauktukas - vidin\u0117 ki\u0161en\u0117.  Audinys: tvirtas drob\u0117s fakt\u016bros audinys 100% poliesteris. Skalbiamas skalbimo ma\u0161inoje.  Dydis: ~ 33 x 41 cm.","og_url":"https:\/\/slaptameile.lt\/en\/preke\/pirkiniu-krepsys-spalvotas-karaliskas-vilnius\/","og_site_name":"Slapta Meil\u0117","article_publisher":"https:\/\/www.facebook.com\/SlaptaMeileBarbora","article_modified_time":"2026-01-23T08:46:42+00:00","og_image":[{"width":867,"height":867,"url":"https:\/\/slaptameile.lt\/wp-content\/uploads\/2025\/10\/Spalvotas-Vilnius-totebag.jpg","type":"image\/jpeg"}],"twitter_card":"summary_large_image","twitter_misc":{"Est. reading time":"1 minute"},"schema":{"@context":"https:\/\/schema.org","@graph":[{"@type":"WebPage","@id":"https:\/\/slaptameile.lt\/preke\/pirkiniu-krepsys-spalvotas-karaliskas-vilnius\/","url":"https:\/\/slaptameile.lt\/preke\/pirkiniu-krepsys-spalvotas-karaliskas-vilnius\/","name":"Pirkini\u0173 krep\u0161ys \u201eSpalvotas Karali\u0161kas Vilnius\" - Slapta Meil\u0117","isPartOf":{"@id":"https:\/\/slaptameile.lt\/#website"},"primaryImageOfPage":{"@id":"https:\/\/slaptameile.lt\/preke\/pirkiniu-krepsys-spalvotas-karaliskas-vilnius\/#primaryimage"},"image":{"@id":"https:\/\/slaptameile.lt\/preke\/pirkiniu-krepsys-spalvotas-karaliskas-vilnius\/#primaryimage"},"thumbnailUrl":"https:\/\/slaptameile.lt\/wp-content\/uploads\/2025\/10\/Spalvotas-Vilnius-totebag.jpg","datePublished":"2024-08-08T15:00:30+00:00","dateModified":"2026-01-23T08:46:42+00:00","breadcrumb":{"@id":"https:\/\/slaptameile.lt\/preke\/pirkiniu-krepsys-spalvotas-karaliskas-vilnius\/#breadcrumb"},"inLanguage":"en-US","potentialAction":[{"@type":"ReadAction","target":["https:\/\/slaptameile.lt\/preke\/pirkiniu-krepsys-spalvotas-karaliskas-vilnius\/"]}]},{"@type":"ImageObject","inLanguage":"en-US","@id":"https:\/\/slaptameile.lt\/preke\/pirkiniu-krepsys-spalvotas-karaliskas-vilnius\/#primaryimage","url":"https:\/\/slaptameile.lt\/wp-content\/uploads\/2025\/10\/Spalvotas-Vilnius-totebag.jpg","contentUrl":"https:\/\/slaptameile.lt\/wp-content\/uploads\/2025\/10\/Spalvotas-Vilnius-totebag.jpg","width":867,"height":867},{"@type":"BreadcrumbList","@id":"https:\/\/slaptameile.lt\/preke\/pirkiniu-krepsys-spalvotas-karaliskas-vilnius\/#breadcrumb","itemListElement":[{"@type":"ListItem","position":1,"name":"Home","item":"https:\/\/slaptameile.lt\/"},{"@type":"ListItem","position":2,"name":"Parduotuv\u0117","item":"https:\/\/slaptameile.lt\/parduotuve\/"},{"@type":"ListItem","position":3,"name":"Pirkini\u0173 krep\u0161ys \u201eSpalvotas Karali\u0161kas Vilnius&#8221;"}]},{"@type":"WebSite","@id":"https:\/\/slaptameile.lt\/#website","url":"https:\/\/slaptameile.lt\/","name":"Secret Love","description":"","publisher":{"@id":"https:\/\/slaptameile.lt\/#organization"},"potentialAction":[{"@type":"SearchAction","target":{"@type":"EntryPoint","urlTemplate":"https:\/\/slaptameile.lt\/?s={search_term_string}"},"query-input":{"@type":"PropertyValueSpecification","valueRequired":true,"valueName":"search_term_string"}}],"inLanguage":"en-US"},{"@type":"Organization","@id":"https:\/\/slaptameile.lt\/#organization","name":"Secret Love","url":"https:\/\/slaptameile.lt\/","logo":{"@type":"ImageObject","inLanguage":"en-US","@id":"https:\/\/slaptameile.lt\/#\/schema\/logo\/image\/","url":"https:\/\/slaptameile.lt\/wp-content\/uploads\/2026\/04\/sm-logo.jpg","contentUrl":"https:\/\/slaptameile.lt\/wp-content\/uploads\/2026\/04\/sm-logo.jpg","width":810,"height":380,"caption":"Slapta Meil\u0117"},"image":{"@id":"https:\/\/slaptameile.lt\/#\/schema\/logo\/image\/"},"sameAs":["https:\/\/www.facebook.com\/SlaptaMeileBarbora","https:\/\/www.instagram.com\/slaptameile","https:\/\/www.tiktok.com\/@slaptameile1"]}]}},"_links":{"self":[{"href":"https:\/\/slaptameile.lt\/en\/wp-json\/wp\/v2\/product\/860","targetHints":{"allow":["GET"]}}],"collection":[{"href":"https:\/\/slaptameile.lt\/en\/wp-json\/wp\/v2\/product"}],"about":[{"href":"https:\/\/slaptameile.lt\/en\/wp-json\/wp\/v2\/types\/product"}],"replies":[{"embeddable":true,"href":"https:\/\/slaptameile.lt\/en\/wp-json\/wp\/v2\/comments?post=860"}],"wp:featuredmedia":[{"embeddable":true,"href":"https:\/\/slaptameile.lt\/en\/wp-json\/wp\/v2\/media\/861"}],"wp:attachment":[{"href":"https:\/\/slaptameile.lt\/en\/wp-json\/wp\/v2\/media?parent=860"}],"wp:term":[{"taxonomy":"partner","embeddable":true,"href":"https:\/\/slaptameile.lt\/en\/wp-json\/wp\/v2\/partner?post=860"},{"taxonomy":"product_brand","embeddable":true,"href":"https:\/\/slaptameile.lt\/en\/wp-json\/wp\/v2\/product_brand?post=860"},{"taxonomy":"product_cat","embeddable":true,"href":"https:\/\/slaptameile.lt\/en\/wp-json\/wp\/v2\/product_cat?post=860"},{"taxonomy":"product_tag","embeddable":true,"href":"https:\/\/slaptameile.lt\/en\/wp-json\/wp\/v2\/product_tag?post=860"}],"curies":[{"name":"wp","href":"https:\/\/api.w.org\/{rel}","templated":true}]}}