{"id":857,"date":"2024-08-08T18:30:30","date_gmt":"2024-08-08T15:30:30","guid":{"rendered":"https:\/\/slaptameile.lt\/?post_type=product&#038;p=857"},"modified":"2026-04-08T16:05:11","modified_gmt":"2026-04-08T13:05:11","slug":"pirkiniu-krepsys-karaliskas-vilnius","status":"publish","type":"product","link":"https:\/\/slaptameile.lt\/en\/preke\/pirkiniu-krepsys-karaliskas-vilnius\/","title":{"rendered":"\u201eRoyal Vilnius\u201c Shopping Bag\u201c"},"content":{"rendered":"<p>Kai \u017dygimanto Augusto ir Barboros Radvilait\u0117s meil\u0117s istorija tampa tavo kasdienyb\u0117s palydove \u2013 krep\u0161ys \u201eKarali\u0161kas Vilnius\u201c kvie\u010dia ne\u0161tis daugiau nei pirkinius. Ne\u0161i istorij\u0105, dizain\u0105 ir trupin\u0117l\u012f miesto romantikos.<\/p>\n<p>Ant krep\u0161io \u2013 Vilniaus meil\u0117s \u017eem\u0117lapio iliustracija, sukurta Julijos Janus. Valdov\u0173 r\u016bmai, \u0160v. Onos ba\u017eny\u010dia, Au\u0161ros vartai \u2013 kiekviena detal\u0117 pasakoja apie paslapting\u0105 renesansin\u0119 meil\u0119.<\/p>\n<p>Krep\u0161ys turi\u00a0u\u017etrauktuk\u0105\u00a0ir\u00a0vidin\u0119 ki\u0161en\u0119, tod\u0117l visi meil\u0117s lai\u0161kai (ar bent jau telefonas) \u2013 saug\u016bs.\u00a0Standartinio ilgio medvilnin\u0117s rankenos\u00a0leid\u017eia patogiai ne\u0161ti ant peties. Tvirtas, skalbiamas audinys \u2013 nes kartais kava nutinka.<\/p>\n<p>Dydis: ~ 33 x 41 cm<br \/>\nAudinys: drob\u0117s tipo, 100% poliesteris<br \/>\nPrie\u017ei\u016bra: skalbiamas skalbykl\u0117je<\/p>","protected":false},"excerpt":{"rendered":"<p>Kai \u017dygimanto Augusto ir Barboros Radvilait\u0117s meil\u0117s istorija tampa tavo kasdienyb\u0117s palydove \u2013 krep\u0161ys \u201eKarali\u0161kas Vilnius\u201c kvie\u010dia ne\u0161tis daugiau nei pirkinius. Ne\u0161i istorij\u0105, dizain\u0105 ir trupin\u0117l\u012f miesto romantikos.<\/p>\n<p>Ant krep\u0161io \u2013 Vilniaus meil\u0117s \u017eem\u0117lapio iliustracija, sukurta Julijos Janus. Valdov\u0173 r\u016bmai, \u0160v. Onos ba\u017eny\u010dia, Au\u0161ros vartai \u2013 kiekviena detal\u0117 pasakoja apie paslapting\u0105 renesansin\u0119 meil\u0119.<\/p>\n<p>Krep\u0161ys turi\u00a0u\u017etrauktuk\u0105\u00a0ir\u00a0vidin\u0119 ki\u0161en\u0119, tod\u0117l visi meil\u0117s lai\u0161kai (ar bent jau telefonas) \u2013 saug\u016bs.\u00a0Standartinio ilgio medvilnin\u0117s rankenos\u00a0leid\u017eia patogiai ne\u0161ti ant peties. Tvirtas, skalbiamas audinys \u2013 nes kartais kava nutinka.<\/p>\n<p>Dydis: ~ 33 x 41 cm<br \/>\nAudinys: drob\u0117s tipo, 100% poliesteris<br \/>\nPrie\u017ei\u016bra: skalbiamas skalbykl\u0117je<\/p>","protected":false},"featured_media":858,"comment_status":"open","ping_status":"closed","template":"","meta":{"_acf_changed":false},"partner":[54],"product_brand":[],"product_cat":[26,18],"product_tag":[],"class_list":{"0":"post-857","1":"product","2":"type-product","3":"status-publish","4":"has-post-thumbnail","6":"partner-pitex","7":"product_cat-karaliskajam-stiliui","8":"product_cat-karaliskoji-kolekcija","10":"first","11":"instock","12":"taxable","13":"shipping-taxable","14":"purchasable","15":"product-type-simple"},"acf":[],"yoast_head":"<!-- This site is optimized with the Yoast SEO plugin v27.5 - https:\/\/yoast.com\/product\/yoast-seo-wordpress\/ -->\n<title>Pirkini\u0173 krep\u0161ys \u201eKarali\u0161kas Vilnius\u201c - Slapta Meil\u0117<\/title>\n<meta name=\"robots\" content=\"index, follow, max-snippet:-1, max-image-preview:large, max-video-preview:-1\" \/>\n<link rel=\"canonical\" href=\"https:\/\/slaptameile.lt\/en\/preke\/pirkiniu-krepsys-karaliskas-vilnius\/\" \/>\n<meta property=\"og:locale\" content=\"en_US\" \/>\n<meta property=\"og:type\" content=\"article\" \/>\n<meta property=\"og:title\" content=\"Pirkini\u0173 krep\u0161ys \u201eKarali\u0161kas Vilnius\u201c - Slapta Meil\u0117\" \/>\n<meta property=\"og:description\" content=\"Kai \u017dygimanto Augusto ir Barboros Radvilait\u0117s meil\u0117s istorija tampa tavo kasdienyb\u0117s palydove \u2013 krep\u0161ys \u201eKarali\u0161kas Vilnius\u201c kvie\u010dia ne\u0161tis daugiau nei pirkinius. Ne\u0161i istorij\u0105, dizain\u0105 ir trupin\u0117l\u012f miesto romantikos.  Ant krep\u0161io \u2013 Vilniaus meil\u0117s \u017eem\u0117lapio iliustracija, sukurta Julijos Janus. Valdov\u0173 r\u016bmai, \u0160v. Onos ba\u017eny\u010dia, Au\u0161ros vartai \u2013 kiekviena detal\u0117 pasakoja apie paslapting\u0105 renesansin\u0119 meil\u0119.  Krep\u0161ys turi\u00a0u\u017etrauktuk\u0105\u00a0ir\u00a0vidin\u0119 ki\u0161en\u0119, tod\u0117l visi meil\u0117s lai\u0161kai (ar bent jau telefonas) \u2013 saug\u016bs.\u00a0Standartinio ilgio medvilnin\u0117s rankenos\u00a0leid\u017eia patogiai ne\u0161ti ant peties. Tvirtas, skalbiamas audinys \u2013 nes kartais kava nutinka.  Dydis: ~ 33 x 41 cm Audinys: drob\u0117s tipo, 100% poliesteris Prie\u017ei\u016bra: skalbiamas skalbykl\u0117je\" \/>\n<meta property=\"og:url\" content=\"https:\/\/slaptameile.lt\/en\/preke\/pirkiniu-krepsys-karaliskas-vilnius\/\" \/>\n<meta property=\"og:site_name\" content=\"Slapta Meil\u0117\" \/>\n<meta property=\"article:publisher\" content=\"https:\/\/www.facebook.com\/SlaptaMeileBarbora\" \/>\n<meta property=\"article:modified_time\" content=\"2026-04-08T13:05:11+00:00\" \/>\n<meta property=\"og:image\" content=\"https:\/\/slaptameile.lt\/wp-content\/uploads\/2025\/10\/Karaliskas-vilnius-totebag.jpg\" \/>\n\t<meta property=\"og:image:width\" content=\"867\" \/>\n\t<meta property=\"og:image:height\" content=\"867\" \/>\n\t<meta property=\"og:image:type\" content=\"image\/jpeg\" \/>\n<meta name=\"twitter:card\" content=\"summary_large_image\" \/>\n<meta name=\"twitter:label1\" content=\"Est. reading time\" \/>\n\t<meta name=\"twitter:data1\" content=\"1 minute\" \/>\n<script type=\"application\/ld+json\" class=\"yoast-schema-graph\">{\"@context\":\"https:\\\/\\\/schema.org\",\"@graph\":[{\"@type\":\"WebPage\",\"@id\":\"https:\\\/\\\/slaptameile.lt\\\/preke\\\/pirkiniu-krepsys-karaliskas-vilnius\\\/\",\"url\":\"https:\\\/\\\/slaptameile.lt\\\/preke\\\/pirkiniu-krepsys-karaliskas-vilnius\\\/\",\"name\":\"Pirkini\u0173 krep\u0161ys \u201eKarali\u0161kas Vilnius\u201c - Slapta Meil\u0117\",\"isPartOf\":{\"@id\":\"https:\\\/\\\/slaptameile.lt\\\/#website\"},\"primaryImageOfPage\":{\"@id\":\"https:\\\/\\\/slaptameile.lt\\\/preke\\\/pirkiniu-krepsys-karaliskas-vilnius\\\/#primaryimage\"},\"image\":{\"@id\":\"https:\\\/\\\/slaptameile.lt\\\/preke\\\/pirkiniu-krepsys-karaliskas-vilnius\\\/#primaryimage\"},\"thumbnailUrl\":\"https:\\\/\\\/slaptameile.lt\\\/wp-content\\\/uploads\\\/2025\\\/10\\\/Karaliskas-vilnius-totebag.jpg\",\"datePublished\":\"2024-08-08T15:30:30+00:00\",\"dateModified\":\"2026-04-08T13:05:11+00:00\",\"breadcrumb\":{\"@id\":\"https:\\\/\\\/slaptameile.lt\\\/preke\\\/pirkiniu-krepsys-karaliskas-vilnius\\\/#breadcrumb\"},\"inLanguage\":\"en-US\",\"potentialAction\":[{\"@type\":\"ReadAction\",\"target\":[\"https:\\\/\\\/slaptameile.lt\\\/preke\\\/pirkiniu-krepsys-karaliskas-vilnius\\\/\"]}]},{\"@type\":\"ImageObject\",\"inLanguage\":\"en-US\",\"@id\":\"https:\\\/\\\/slaptameile.lt\\\/preke\\\/pirkiniu-krepsys-karaliskas-vilnius\\\/#primaryimage\",\"url\":\"https:\\\/\\\/slaptameile.lt\\\/wp-content\\\/uploads\\\/2025\\\/10\\\/Karaliskas-vilnius-totebag.jpg\",\"contentUrl\":\"https:\\\/\\\/slaptameile.lt\\\/wp-content\\\/uploads\\\/2025\\\/10\\\/Karaliskas-vilnius-totebag.jpg\",\"width\":867,\"height\":867},{\"@type\":\"BreadcrumbList\",\"@id\":\"https:\\\/\\\/slaptameile.lt\\\/preke\\\/pirkiniu-krepsys-karaliskas-vilnius\\\/#breadcrumb\",\"itemListElement\":[{\"@type\":\"ListItem\",\"position\":1,\"name\":\"Home\",\"item\":\"https:\\\/\\\/slaptameile.lt\\\/\"},{\"@type\":\"ListItem\",\"position\":2,\"name\":\"Parduotuv\u0117\",\"item\":\"https:\\\/\\\/slaptameile.lt\\\/parduotuve\\\/\"},{\"@type\":\"ListItem\",\"position\":3,\"name\":\"Pirkini\u0173 krep\u0161ys \u201eKarali\u0161kas Vilnius\u201c\"}]},{\"@type\":\"WebSite\",\"@id\":\"https:\\\/\\\/slaptameile.lt\\\/#website\",\"url\":\"https:\\\/\\\/slaptameile.lt\\\/\",\"name\":\"Slapta Meil\u0117\",\"description\":\"\",\"publisher\":{\"@id\":\"https:\\\/\\\/slaptameile.lt\\\/#organization\"},\"potentialAction\":[{\"@type\":\"SearchAction\",\"target\":{\"@type\":\"EntryPoint\",\"urlTemplate\":\"https:\\\/\\\/slaptameile.lt\\\/?s={search_term_string}\"},\"query-input\":{\"@type\":\"PropertyValueSpecification\",\"valueRequired\":true,\"valueName\":\"search_term_string\"}}],\"inLanguage\":\"en-US\"},{\"@type\":\"Organization\",\"@id\":\"https:\\\/\\\/slaptameile.lt\\\/#organization\",\"name\":\"Slapta Meil\u0117\",\"url\":\"https:\\\/\\\/slaptameile.lt\\\/\",\"logo\":{\"@type\":\"ImageObject\",\"inLanguage\":\"en-US\",\"@id\":\"https:\\\/\\\/slaptameile.lt\\\/#\\\/schema\\\/logo\\\/image\\\/\",\"url\":\"https:\\\/\\\/slaptameile.lt\\\/wp-content\\\/uploads\\\/2026\\\/04\\\/sm-logo.jpg\",\"contentUrl\":\"https:\\\/\\\/slaptameile.lt\\\/wp-content\\\/uploads\\\/2026\\\/04\\\/sm-logo.jpg\",\"width\":810,\"height\":380,\"caption\":\"Slapta Meil\u0117\"},\"image\":{\"@id\":\"https:\\\/\\\/slaptameile.lt\\\/#\\\/schema\\\/logo\\\/image\\\/\"},\"sameAs\":[\"https:\\\/\\\/www.facebook.com\\\/SlaptaMeileBarbora\",\"https:\\\/\\\/www.instagram.com\\\/slaptameile\",\"https:\\\/\\\/www.tiktok.com\\\/@slaptameile1\"]}]}<\/script>\n<!-- \/ Yoast SEO plugin. -->","yoast_head_json":{"title":"Pirkini\u0173 krep\u0161ys \u201eKarali\u0161kas Vilnius\u201c - Slapta Meil\u0117","robots":{"index":"index","follow":"follow","max-snippet":"max-snippet:-1","max-image-preview":"max-image-preview:large","max-video-preview":"max-video-preview:-1"},"canonical":"https:\/\/slaptameile.lt\/en\/preke\/pirkiniu-krepsys-karaliskas-vilnius\/","og_locale":"en_US","og_type":"article","og_title":"Pirkini\u0173 krep\u0161ys \u201eKarali\u0161kas Vilnius\u201c - Slapta Meil\u0117","og_description":"Kai \u017dygimanto Augusto ir Barboros Radvilait\u0117s meil\u0117s istorija tampa tavo kasdienyb\u0117s palydove \u2013 krep\u0161ys \u201eKarali\u0161kas Vilnius\u201c kvie\u010dia ne\u0161tis daugiau nei pirkinius. Ne\u0161i istorij\u0105, dizain\u0105 ir trupin\u0117l\u012f miesto romantikos.  Ant krep\u0161io \u2013 Vilniaus meil\u0117s \u017eem\u0117lapio iliustracija, sukurta Julijos Janus. Valdov\u0173 r\u016bmai, \u0160v. Onos ba\u017eny\u010dia, Au\u0161ros vartai \u2013 kiekviena detal\u0117 pasakoja apie paslapting\u0105 renesansin\u0119 meil\u0119.  Krep\u0161ys turi\u00a0u\u017etrauktuk\u0105\u00a0ir\u00a0vidin\u0119 ki\u0161en\u0119, tod\u0117l visi meil\u0117s lai\u0161kai (ar bent jau telefonas) \u2013 saug\u016bs.\u00a0Standartinio ilgio medvilnin\u0117s rankenos\u00a0leid\u017eia patogiai ne\u0161ti ant peties. Tvirtas, skalbiamas audinys \u2013 nes kartais kava nutinka.  Dydis: ~ 33 x 41 cm Audinys: drob\u0117s tipo, 100% poliesteris Prie\u017ei\u016bra: skalbiamas skalbykl\u0117je","og_url":"https:\/\/slaptameile.lt\/en\/preke\/pirkiniu-krepsys-karaliskas-vilnius\/","og_site_name":"Slapta Meil\u0117","article_publisher":"https:\/\/www.facebook.com\/SlaptaMeileBarbora","article_modified_time":"2026-04-08T13:05:11+00:00","og_image":[{"width":867,"height":867,"url":"https:\/\/slaptameile.lt\/wp-content\/uploads\/2025\/10\/Karaliskas-vilnius-totebag.jpg","type":"image\/jpeg"}],"twitter_card":"summary_large_image","twitter_misc":{"Est. reading time":"1 minute"},"schema":{"@context":"https:\/\/schema.org","@graph":[{"@type":"WebPage","@id":"https:\/\/slaptameile.lt\/preke\/pirkiniu-krepsys-karaliskas-vilnius\/","url":"https:\/\/slaptameile.lt\/preke\/pirkiniu-krepsys-karaliskas-vilnius\/","name":"Pirkini\u0173 krep\u0161ys \u201eKarali\u0161kas Vilnius\u201c - Slapta Meil\u0117","isPartOf":{"@id":"https:\/\/slaptameile.lt\/#website"},"primaryImageOfPage":{"@id":"https:\/\/slaptameile.lt\/preke\/pirkiniu-krepsys-karaliskas-vilnius\/#primaryimage"},"image":{"@id":"https:\/\/slaptameile.lt\/preke\/pirkiniu-krepsys-karaliskas-vilnius\/#primaryimage"},"thumbnailUrl":"https:\/\/slaptameile.lt\/wp-content\/uploads\/2025\/10\/Karaliskas-vilnius-totebag.jpg","datePublished":"2024-08-08T15:30:30+00:00","dateModified":"2026-04-08T13:05:11+00:00","breadcrumb":{"@id":"https:\/\/slaptameile.lt\/preke\/pirkiniu-krepsys-karaliskas-vilnius\/#breadcrumb"},"inLanguage":"en-US","potentialAction":[{"@type":"ReadAction","target":["https:\/\/slaptameile.lt\/preke\/pirkiniu-krepsys-karaliskas-vilnius\/"]}]},{"@type":"ImageObject","inLanguage":"en-US","@id":"https:\/\/slaptameile.lt\/preke\/pirkiniu-krepsys-karaliskas-vilnius\/#primaryimage","url":"https:\/\/slaptameile.lt\/wp-content\/uploads\/2025\/10\/Karaliskas-vilnius-totebag.jpg","contentUrl":"https:\/\/slaptameile.lt\/wp-content\/uploads\/2025\/10\/Karaliskas-vilnius-totebag.jpg","width":867,"height":867},{"@type":"BreadcrumbList","@id":"https:\/\/slaptameile.lt\/preke\/pirkiniu-krepsys-karaliskas-vilnius\/#breadcrumb","itemListElement":[{"@type":"ListItem","position":1,"name":"Home","item":"https:\/\/slaptameile.lt\/"},{"@type":"ListItem","position":2,"name":"Parduotuv\u0117","item":"https:\/\/slaptameile.lt\/parduotuve\/"},{"@type":"ListItem","position":3,"name":"Pirkini\u0173 krep\u0161ys \u201eKarali\u0161kas Vilnius\u201c"}]},{"@type":"WebSite","@id":"https:\/\/slaptameile.lt\/#website","url":"https:\/\/slaptameile.lt\/","name":"Secret Love","description":"","publisher":{"@id":"https:\/\/slaptameile.lt\/#organization"},"potentialAction":[{"@type":"SearchAction","target":{"@type":"EntryPoint","urlTemplate":"https:\/\/slaptameile.lt\/?s={search_term_string}"},"query-input":{"@type":"PropertyValueSpecification","valueRequired":true,"valueName":"search_term_string"}}],"inLanguage":"en-US"},{"@type":"Organization","@id":"https:\/\/slaptameile.lt\/#organization","name":"Secret Love","url":"https:\/\/slaptameile.lt\/","logo":{"@type":"ImageObject","inLanguage":"en-US","@id":"https:\/\/slaptameile.lt\/#\/schema\/logo\/image\/","url":"https:\/\/slaptameile.lt\/wp-content\/uploads\/2026\/04\/sm-logo.jpg","contentUrl":"https:\/\/slaptameile.lt\/wp-content\/uploads\/2026\/04\/sm-logo.jpg","width":810,"height":380,"caption":"Slapta Meil\u0117"},"image":{"@id":"https:\/\/slaptameile.lt\/#\/schema\/logo\/image\/"},"sameAs":["https:\/\/www.facebook.com\/SlaptaMeileBarbora","https:\/\/www.instagram.com\/slaptameile","https:\/\/www.tiktok.com\/@slaptameile1"]}]}},"_links":{"self":[{"href":"https:\/\/slaptameile.lt\/en\/wp-json\/wp\/v2\/product\/857","targetHints":{"allow":["GET"]}}],"collection":[{"href":"https:\/\/slaptameile.lt\/en\/wp-json\/wp\/v2\/product"}],"about":[{"href":"https:\/\/slaptameile.lt\/en\/wp-json\/wp\/v2\/types\/product"}],"replies":[{"embeddable":true,"href":"https:\/\/slaptameile.lt\/en\/wp-json\/wp\/v2\/comments?post=857"}],"wp:featuredmedia":[{"embeddable":true,"href":"https:\/\/slaptameile.lt\/en\/wp-json\/wp\/v2\/media\/858"}],"wp:attachment":[{"href":"https:\/\/slaptameile.lt\/en\/wp-json\/wp\/v2\/media?parent=857"}],"wp:term":[{"taxonomy":"partner","embeddable":true,"href":"https:\/\/slaptameile.lt\/en\/wp-json\/wp\/v2\/partner?post=857"},{"taxonomy":"product_brand","embeddable":true,"href":"https:\/\/slaptameile.lt\/en\/wp-json\/wp\/v2\/product_brand?post=857"},{"taxonomy":"product_cat","embeddable":true,"href":"https:\/\/slaptameile.lt\/en\/wp-json\/wp\/v2\/product_cat?post=857"},{"taxonomy":"product_tag","embeddable":true,"href":"https:\/\/slaptameile.lt\/en\/wp-json\/wp\/v2\/product_tag?post=857"}],"curies":[{"name":"wp","href":"https:\/\/api.w.org\/{rel}","templated":true}]}}