{"id":853,"date":"2024-08-08T19:00:17","date_gmt":"2024-08-08T16:00:17","guid":{"rendered":"https:\/\/slaptameile.lt\/?post_type=product&#038;p=853"},"modified":"2026-04-14T04:38:39","modified_gmt":"2026-04-14T01:38:39","slug":"rankine-sirdis","status":"publish","type":"product","link":"https:\/\/slaptameile.lt\/en\/preke\/rankine-sirdis\/","title":{"rendered":"Handbag \u201eHeart\u201d"},"content":{"rendered":"<p>SLAPTA MEIL\u0116 and PITEX joint collection.<\/p>\n<p>A crowned heart within a heart. The code of Vilnius' romantic DNA. A symbol created by designer Julija Janus to commemorate the most famous myth of Vilnius - the 16th century love story of the royal love of Sigismund Augustus and Barbora Radvilait\u0117. The crowned heart hidden in the heart is a symbol that is still appropriate today - a declaration of love. To yourself or to a loved one. It is an embrace, a promise to protect and always love.<\/p>\n<p>Rankin\u0117 \u201e\u0160irdis&#8221; u\u017esegama spaude, viduje u\u017esegama u\u017etrauktuku ki\u0161en\u0117. Talpi, patogi, tvari, madinga.<\/p>\n<p>Audinys: trumpaplaukis veli\u016bras, \u0161velnus ir tvirtas (50% medviln\u0117; 50% poliesteris).<\/p>\n<p>Skalbiamas skalbimo ma\u0161inoje.<\/p>\n<p>Size: <span class=\"nt_name_current user_choose_js\">~ 37 x 38 x 10 cm.<\/span><\/p>","protected":false},"excerpt":{"rendered":"<p>SLAPTA MEIL\u0116 and PITEX joint collection.<\/p>\n<p>A crowned heart within a heart. The code of Vilnius' romantic DNA. A symbol created by designer Julija Janus to commemorate the most famous myth of Vilnius - the 16th century love story of the royal love of Sigismund Augustus and Barbora Radvilait\u0117. The crowned heart hidden in the heart is a symbol that is still appropriate today - a declaration of love. To yourself or to a loved one. It is an embrace, a promise to protect and always love.<\/p>\n<p>Rankin\u0117 \u201e\u0160irdis&#8221; u\u017esegama spaude, viduje u\u017esegama u\u017etrauktuku ki\u0161en\u0117. Talpi, patogi, tvari, madinga.<\/p>\n<p><strong>Fabric:<\/strong> trumpaplaukis veli\u016bras, \u0161velnus ir tvirtas (50% medviln\u0117; 50% poliesteris). Skalbiamas skalbimo ma\u0161inoje.<\/p>\n<p><strong>Size:<\/strong> <span class=\"nt_name_current user_choose_js\">~ 37 x 38 x 10 cm.<\/span><\/p>","protected":false},"featured_media":854,"comment_status":"open","ping_status":"closed","template":"","meta":{"_acf_changed":false},"partner":[54],"product_brand":[],"product_cat":[26,18],"product_tag":[],"class_list":{"0":"post-853","1":"product","2":"type-product","3":"status-publish","4":"has-post-thumbnail","6":"partner-pitex","7":"product_cat-karaliskajam-stiliui","8":"product_cat-karaliskoji-kolekcija","10":"first","11":"instock","12":"sale","13":"taxable","14":"shipping-taxable","15":"purchasable","16":"product-type-simple"},"acf":[],"yoast_head":"<!-- This site is optimized with the Yoast SEO plugin v27.5 - https:\/\/yoast.com\/product\/yoast-seo-wordpress\/ -->\n<title>Rankin\u0117 &quot;\u0160irdis&quot; - Slapta Meil\u0117<\/title>\n<meta name=\"robots\" content=\"index, follow, max-snippet:-1, max-image-preview:large, max-video-preview:-1\" \/>\n<link rel=\"canonical\" href=\"https:\/\/slaptameile.lt\/en\/preke\/rankine-sirdis\/\" \/>\n<meta property=\"og:locale\" content=\"en_US\" \/>\n<meta property=\"og:type\" content=\"article\" \/>\n<meta property=\"og:title\" content=\"Rankin\u0117 &quot;\u0160irdis&quot; - Slapta Meil\u0117\" \/>\n<meta property=\"og:description\" content=\"SLAPTA MEIL\u0116 ir PITEX bendra kolekcija.  Kar\u016bnuota \u0161irdis \u0161irdyje. Vilniaus romantinio DNR kodas. Simbolis, kur\u012f suk\u016br\u0117 dizainer\u0117 Julija Janus, \u012fprasmindama garsiausio Vilniaus mito \u2013 XVI am\u017eiaus karali\u0161kos \u017dygimanto Augusto ir Barboros Radvilait\u0117s meil\u0117s istorijos prisiminim\u0105. Kar\u016bnuota \u0161irdis, pasl\u0117pta \u0161irdyje \u2013 tai simbolis tinkamas ir \u0161iandien \u2013 meil\u0117s prisipa\u017einimui. Sau ar savo artimam \u017emogui. Tai apkabinimas, pa\u017eadas saugoti ir visada myl\u0117ti.  Rankin\u0117 \u201e\u0160irdis&quot; u\u017esegama spaude, viduje u\u017esegama u\u017etrauktuku ki\u0161en\u0117. Talpi, patogi, tvari, madinga.  Audinys: trumpaplaukis veli\u016bras, \u0161velnus ir tvirtas (50% medviln\u0117; 50% poliesteris). Skalbiamas skalbimo ma\u0161inoje.  Dydis: ~ 37 x 38 x 10 cm.\" \/>\n<meta property=\"og:url\" content=\"https:\/\/slaptameile.lt\/en\/preke\/rankine-sirdis\/\" \/>\n<meta property=\"og:site_name\" content=\"Slapta Meil\u0117\" \/>\n<meta property=\"article:publisher\" content=\"https:\/\/www.facebook.com\/SlaptaMeileBarbora\" \/>\n<meta property=\"article:modified_time\" content=\"2026-04-14T01:38:39+00:00\" \/>\n<meta property=\"og:image\" content=\"https:\/\/slaptameile.lt\/wp-content\/uploads\/2025\/10\/Krepsys-sirdis.jpg\" \/>\n\t<meta property=\"og:image:width\" content=\"867\" \/>\n\t<meta property=\"og:image:height\" content=\"867\" \/>\n\t<meta property=\"og:image:type\" content=\"image\/jpeg\" \/>\n<meta name=\"twitter:card\" content=\"summary_large_image\" \/>\n<meta name=\"twitter:label1\" content=\"Est. reading time\" \/>\n\t<meta name=\"twitter:data1\" content=\"1 minute\" \/>\n<script type=\"application\/ld+json\" class=\"yoast-schema-graph\">{\"@context\":\"https:\\\/\\\/schema.org\",\"@graph\":[{\"@type\":\"WebPage\",\"@id\":\"https:\\\/\\\/slaptameile.lt\\\/preke\\\/rankine-sirdis\\\/\",\"url\":\"https:\\\/\\\/slaptameile.lt\\\/preke\\\/rankine-sirdis\\\/\",\"name\":\"Rankin\u0117 \\\"\u0160irdis\\\" - Slapta Meil\u0117\",\"isPartOf\":{\"@id\":\"https:\\\/\\\/slaptameile.lt\\\/#website\"},\"primaryImageOfPage\":{\"@id\":\"https:\\\/\\\/slaptameile.lt\\\/preke\\\/rankine-sirdis\\\/#primaryimage\"},\"image\":{\"@id\":\"https:\\\/\\\/slaptameile.lt\\\/preke\\\/rankine-sirdis\\\/#primaryimage\"},\"thumbnailUrl\":\"https:\\\/\\\/slaptameile.lt\\\/wp-content\\\/uploads\\\/2025\\\/10\\\/Krepsys-sirdis.jpg\",\"datePublished\":\"2024-08-08T16:00:17+00:00\",\"dateModified\":\"2026-04-14T01:38:39+00:00\",\"breadcrumb\":{\"@id\":\"https:\\\/\\\/slaptameile.lt\\\/preke\\\/rankine-sirdis\\\/#breadcrumb\"},\"inLanguage\":\"en-US\",\"potentialAction\":[{\"@type\":\"ReadAction\",\"target\":[\"https:\\\/\\\/slaptameile.lt\\\/preke\\\/rankine-sirdis\\\/\"]}]},{\"@type\":\"ImageObject\",\"inLanguage\":\"en-US\",\"@id\":\"https:\\\/\\\/slaptameile.lt\\\/preke\\\/rankine-sirdis\\\/#primaryimage\",\"url\":\"https:\\\/\\\/slaptameile.lt\\\/wp-content\\\/uploads\\\/2025\\\/10\\\/Krepsys-sirdis.jpg\",\"contentUrl\":\"https:\\\/\\\/slaptameile.lt\\\/wp-content\\\/uploads\\\/2025\\\/10\\\/Krepsys-sirdis.jpg\",\"width\":867,\"height\":867},{\"@type\":\"BreadcrumbList\",\"@id\":\"https:\\\/\\\/slaptameile.lt\\\/preke\\\/rankine-sirdis\\\/#breadcrumb\",\"itemListElement\":[{\"@type\":\"ListItem\",\"position\":1,\"name\":\"Home\",\"item\":\"https:\\\/\\\/slaptameile.lt\\\/\"},{\"@type\":\"ListItem\",\"position\":2,\"name\":\"Parduotuv\u0117\",\"item\":\"https:\\\/\\\/slaptameile.lt\\\/parduotuve\\\/\"},{\"@type\":\"ListItem\",\"position\":3,\"name\":\"Rankin\u0117 &#8222;\u0160irdis&#8221;\"}]},{\"@type\":\"WebSite\",\"@id\":\"https:\\\/\\\/slaptameile.lt\\\/#website\",\"url\":\"https:\\\/\\\/slaptameile.lt\\\/\",\"name\":\"Slapta Meil\u0117\",\"description\":\"\",\"publisher\":{\"@id\":\"https:\\\/\\\/slaptameile.lt\\\/#organization\"},\"potentialAction\":[{\"@type\":\"SearchAction\",\"target\":{\"@type\":\"EntryPoint\",\"urlTemplate\":\"https:\\\/\\\/slaptameile.lt\\\/?s={search_term_string}\"},\"query-input\":{\"@type\":\"PropertyValueSpecification\",\"valueRequired\":true,\"valueName\":\"search_term_string\"}}],\"inLanguage\":\"en-US\"},{\"@type\":\"Organization\",\"@id\":\"https:\\\/\\\/slaptameile.lt\\\/#organization\",\"name\":\"Slapta Meil\u0117\",\"url\":\"https:\\\/\\\/slaptameile.lt\\\/\",\"logo\":{\"@type\":\"ImageObject\",\"inLanguage\":\"en-US\",\"@id\":\"https:\\\/\\\/slaptameile.lt\\\/#\\\/schema\\\/logo\\\/image\\\/\",\"url\":\"https:\\\/\\\/slaptameile.lt\\\/wp-content\\\/uploads\\\/2026\\\/04\\\/sm-logo.jpg\",\"contentUrl\":\"https:\\\/\\\/slaptameile.lt\\\/wp-content\\\/uploads\\\/2026\\\/04\\\/sm-logo.jpg\",\"width\":810,\"height\":380,\"caption\":\"Slapta Meil\u0117\"},\"image\":{\"@id\":\"https:\\\/\\\/slaptameile.lt\\\/#\\\/schema\\\/logo\\\/image\\\/\"},\"sameAs\":[\"https:\\\/\\\/www.facebook.com\\\/SlaptaMeileBarbora\",\"https:\\\/\\\/www.instagram.com\\\/slaptameile\",\"https:\\\/\\\/www.tiktok.com\\\/@slaptameile1\"]}]}<\/script>\n<!-- \/ Yoast SEO plugin. -->","yoast_head_json":{"title":"Rankin\u0117 \"\u0160irdis\" - Slapta Meil\u0117","robots":{"index":"index","follow":"follow","max-snippet":"max-snippet:-1","max-image-preview":"max-image-preview:large","max-video-preview":"max-video-preview:-1"},"canonical":"https:\/\/slaptameile.lt\/en\/preke\/rankine-sirdis\/","og_locale":"en_US","og_type":"article","og_title":"Rankin\u0117 \"\u0160irdis\" - Slapta Meil\u0117","og_description":"SLAPTA MEIL\u0116 ir PITEX bendra kolekcija.  Kar\u016bnuota \u0161irdis \u0161irdyje. Vilniaus romantinio DNR kodas. Simbolis, kur\u012f suk\u016br\u0117 dizainer\u0117 Julija Janus, \u012fprasmindama garsiausio Vilniaus mito \u2013 XVI am\u017eiaus karali\u0161kos \u017dygimanto Augusto ir Barboros Radvilait\u0117s meil\u0117s istorijos prisiminim\u0105. Kar\u016bnuota \u0161irdis, pasl\u0117pta \u0161irdyje \u2013 tai simbolis tinkamas ir \u0161iandien \u2013 meil\u0117s prisipa\u017einimui. Sau ar savo artimam \u017emogui. Tai apkabinimas, pa\u017eadas saugoti ir visada myl\u0117ti.  Rankin\u0117 \u201e\u0160irdis\" u\u017esegama spaude, viduje u\u017esegama u\u017etrauktuku ki\u0161en\u0117. Talpi, patogi, tvari, madinga.  Audinys: trumpaplaukis veli\u016bras, \u0161velnus ir tvirtas (50% medviln\u0117; 50% poliesteris). Skalbiamas skalbimo ma\u0161inoje.  Dydis: ~ 37 x 38 x 10 cm.","og_url":"https:\/\/slaptameile.lt\/en\/preke\/rankine-sirdis\/","og_site_name":"Slapta Meil\u0117","article_publisher":"https:\/\/www.facebook.com\/SlaptaMeileBarbora","article_modified_time":"2026-04-14T01:38:39+00:00","og_image":[{"width":867,"height":867,"url":"https:\/\/slaptameile.lt\/wp-content\/uploads\/2025\/10\/Krepsys-sirdis.jpg","type":"image\/jpeg"}],"twitter_card":"summary_large_image","twitter_misc":{"Est. reading time":"1 minute"},"schema":{"@context":"https:\/\/schema.org","@graph":[{"@type":"WebPage","@id":"https:\/\/slaptameile.lt\/preke\/rankine-sirdis\/","url":"https:\/\/slaptameile.lt\/preke\/rankine-sirdis\/","name":"Rankin\u0117 \"\u0160irdis\" - Slapta Meil\u0117","isPartOf":{"@id":"https:\/\/slaptameile.lt\/#website"},"primaryImageOfPage":{"@id":"https:\/\/slaptameile.lt\/preke\/rankine-sirdis\/#primaryimage"},"image":{"@id":"https:\/\/slaptameile.lt\/preke\/rankine-sirdis\/#primaryimage"},"thumbnailUrl":"https:\/\/slaptameile.lt\/wp-content\/uploads\/2025\/10\/Krepsys-sirdis.jpg","datePublished":"2024-08-08T16:00:17+00:00","dateModified":"2026-04-14T01:38:39+00:00","breadcrumb":{"@id":"https:\/\/slaptameile.lt\/preke\/rankine-sirdis\/#breadcrumb"},"inLanguage":"en-US","potentialAction":[{"@type":"ReadAction","target":["https:\/\/slaptameile.lt\/preke\/rankine-sirdis\/"]}]},{"@type":"ImageObject","inLanguage":"en-US","@id":"https:\/\/slaptameile.lt\/preke\/rankine-sirdis\/#primaryimage","url":"https:\/\/slaptameile.lt\/wp-content\/uploads\/2025\/10\/Krepsys-sirdis.jpg","contentUrl":"https:\/\/slaptameile.lt\/wp-content\/uploads\/2025\/10\/Krepsys-sirdis.jpg","width":867,"height":867},{"@type":"BreadcrumbList","@id":"https:\/\/slaptameile.lt\/preke\/rankine-sirdis\/#breadcrumb","itemListElement":[{"@type":"ListItem","position":1,"name":"Home","item":"https:\/\/slaptameile.lt\/"},{"@type":"ListItem","position":2,"name":"Parduotuv\u0117","item":"https:\/\/slaptameile.lt\/parduotuve\/"},{"@type":"ListItem","position":3,"name":"Rankin\u0117 &#8222;\u0160irdis&#8221;"}]},{"@type":"WebSite","@id":"https:\/\/slaptameile.lt\/#website","url":"https:\/\/slaptameile.lt\/","name":"Secret Love","description":"","publisher":{"@id":"https:\/\/slaptameile.lt\/#organization"},"potentialAction":[{"@type":"SearchAction","target":{"@type":"EntryPoint","urlTemplate":"https:\/\/slaptameile.lt\/?s={search_term_string}"},"query-input":{"@type":"PropertyValueSpecification","valueRequired":true,"valueName":"search_term_string"}}],"inLanguage":"en-US"},{"@type":"Organization","@id":"https:\/\/slaptameile.lt\/#organization","name":"Secret Love","url":"https:\/\/slaptameile.lt\/","logo":{"@type":"ImageObject","inLanguage":"en-US","@id":"https:\/\/slaptameile.lt\/#\/schema\/logo\/image\/","url":"https:\/\/slaptameile.lt\/wp-content\/uploads\/2026\/04\/sm-logo.jpg","contentUrl":"https:\/\/slaptameile.lt\/wp-content\/uploads\/2026\/04\/sm-logo.jpg","width":810,"height":380,"caption":"Slapta Meil\u0117"},"image":{"@id":"https:\/\/slaptameile.lt\/#\/schema\/logo\/image\/"},"sameAs":["https:\/\/www.facebook.com\/SlaptaMeileBarbora","https:\/\/www.instagram.com\/slaptameile","https:\/\/www.tiktok.com\/@slaptameile1"]}]}},"_links":{"self":[{"href":"https:\/\/slaptameile.lt\/en\/wp-json\/wp\/v2\/product\/853","targetHints":{"allow":["GET"]}}],"collection":[{"href":"https:\/\/slaptameile.lt\/en\/wp-json\/wp\/v2\/product"}],"about":[{"href":"https:\/\/slaptameile.lt\/en\/wp-json\/wp\/v2\/types\/product"}],"replies":[{"embeddable":true,"href":"https:\/\/slaptameile.lt\/en\/wp-json\/wp\/v2\/comments?post=853"}],"wp:featuredmedia":[{"embeddable":true,"href":"https:\/\/slaptameile.lt\/en\/wp-json\/wp\/v2\/media\/854"}],"wp:attachment":[{"href":"https:\/\/slaptameile.lt\/en\/wp-json\/wp\/v2\/media?parent=853"}],"wp:term":[{"taxonomy":"partner","embeddable":true,"href":"https:\/\/slaptameile.lt\/en\/wp-json\/wp\/v2\/partner?post=853"},{"taxonomy":"product_brand","embeddable":true,"href":"https:\/\/slaptameile.lt\/en\/wp-json\/wp\/v2\/product_brand?post=853"},{"taxonomy":"product_cat","embeddable":true,"href":"https:\/\/slaptameile.lt\/en\/wp-json\/wp\/v2\/product_cat?post=853"},{"taxonomy":"product_tag","embeddable":true,"href":"https:\/\/slaptameile.lt\/en\/wp-json\/wp\/v2\/product_tag?post=853"}],"curies":[{"name":"wp","href":"https:\/\/api.w.org\/{rel}","templated":true}]}}