{"id":850,"date":"2024-08-08T19:30:51","date_gmt":"2024-08-08T16:30:51","guid":{"rendered":"https:\/\/slaptameile.lt\/?post_type=product&#038;p=850"},"modified":"2026-01-23T12:38:58","modified_gmt":"2026-01-23T09:38:58","slug":"rankine-slapta-meile","status":"publish","type":"product","link":"https:\/\/slaptameile.lt\/en\/preke\/rankine-slapta-meile\/","title":{"rendered":"&quot;Slapta meil\u0117&quot; Handbag\u201e"},"content":{"rendered":"<p>Meil\u0117, kuri neklausia leidimo. Rankin\u0117 \u201eSlapta meil\u0117\u201c \u2013 \u012fkv\u0117pta vienos garsiausi\u0173 lietuvi\u0161k\u0173 legend\u0173: Barboros Radvilait\u0117s ir \u017dygimanto Augusto. Atvaizde panaudotas tapytojos Migl\u0117s Kosinskait\u0117s k\u016brinys.<\/p>\n<p>Mink\u0161tas trumpaplaukis veli\u016bras, karali\u0161kai tamsus siluetas ir\u00a0vidin\u0117 ki\u0161en\u0117\u00a0tavo paslaptims.\u00a0U\u017esegama spaude, patogi kasdienai ir pakankamai talpi visiems tavo (ne)tobuliems planams.<\/p>\n<p>Med\u017eiaga: 50% medviln\u0117, 50% poliesteris patikslinti sud\u0117t\u012f<br \/>\nPrie\u017ei\u016bra: skalbiamas audinys \u2013 nes gyvenimas da\u017eosi ne tik ro\u017ein\u0117mis spalvomis<br \/>\nDydis: ~ 37 \u00d7 38 \u00d7 10 cm<\/p>","protected":false},"excerpt":{"rendered":"<p>Meil\u0117, kuri neklausia leidimo. Rankin\u0117 \u201eSlapta meil\u0117\u201c \u2013 \u012fkv\u0117pta vienos garsiausi\u0173 lietuvi\u0161k\u0173 legend\u0173: Barboros Radvilait\u0117s ir \u017dygimanto Augusto. Atvaizde panaudotas tapytojos Migl\u0117s Kosinskait\u0117s k\u016brinys.<\/p>\n<p>Mink\u0161tas trumpaplaukis veli\u016bras, karali\u0161kai tamsus siluetas ir\u00a0vidin\u0117 ki\u0161en\u0117\u00a0tavo paslaptims.\u00a0U\u017esegama spaude, patogi kasdienai ir pakankamai talpi visiems tavo (ne)tobuliems planams.<\/p>\n<p>Med\u017eiaga: 50% medviln\u0117, 50% poliesteris patikslinti sud\u0117t\u012f<br \/>\nPrie\u017ei\u016bra: skalbiamas audinys \u2013 nes gyvenimas da\u017eosi ne tik ro\u017ein\u0117mis spalvomis<br \/>\nDydis: ~ 37 \u00d7 38 \u00d7 10 cm<\/p>","protected":false},"featured_media":851,"comment_status":"open","ping_status":"closed","template":"","meta":{"_acf_changed":false},"partner":[54],"product_brand":[],"product_cat":[26,18],"product_tag":[],"class_list":{"0":"post-850","1":"product","2":"type-product","3":"status-publish","4":"has-post-thumbnail","6":"partner-pitex","7":"product_cat-karaliskajam-stiliui","8":"product_cat-karaliskoji-kolekcija","10":"first","11":"instock","12":"taxable","13":"shipping-taxable","14":"purchasable","15":"product-type-simple"},"acf":[],"yoast_head":"<!-- This site is optimized with the Yoast SEO plugin v27.5 - https:\/\/yoast.com\/product\/yoast-seo-wordpress\/ -->\n<title>Rankin\u0117 \u201eSlapta meil\u0117\u201c - Slapta Meil\u0117<\/title>\n<meta name=\"robots\" content=\"index, follow, max-snippet:-1, max-image-preview:large, max-video-preview:-1\" \/>\n<link rel=\"canonical\" href=\"https:\/\/slaptameile.lt\/en\/preke\/rankine-slapta-meile\/\" \/>\n<meta property=\"og:locale\" content=\"en_US\" \/>\n<meta property=\"og:type\" content=\"article\" \/>\n<meta property=\"og:title\" content=\"Rankin\u0117 \u201eSlapta meil\u0117\u201c - Slapta Meil\u0117\" \/>\n<meta property=\"og:description\" content=\"Meil\u0117, kuri neklausia leidimo. Rankin\u0117 \u201eSlapta meil\u0117\u201c \u2013 \u012fkv\u0117pta vienos garsiausi\u0173 lietuvi\u0161k\u0173 legend\u0173: Barboros Radvilait\u0117s ir \u017dygimanto Augusto. Atvaizde panaudotas tapytojos Migl\u0117s Kosinskait\u0117s k\u016brinys.  Mink\u0161tas trumpaplaukis veli\u016bras, karali\u0161kai tamsus siluetas ir\u00a0vidin\u0117 ki\u0161en\u0117\u00a0tavo paslaptims.\u00a0U\u017esegama spaude, patogi kasdienai ir pakankamai talpi visiems tavo (ne)tobuliems planams.  Med\u017eiaga: 50% medviln\u0117, 50% poliesteris patikslinti sud\u0117t\u012f Prie\u017ei\u016bra: skalbiamas audinys \u2013 nes gyvenimas da\u017eosi ne tik ro\u017ein\u0117mis spalvomis Dydis: ~ 37 \u00d7 38 \u00d7 10 cm\" \/>\n<meta property=\"og:url\" content=\"https:\/\/slaptameile.lt\/en\/preke\/rankine-slapta-meile\/\" \/>\n<meta property=\"og:site_name\" content=\"Slapta Meil\u0117\" \/>\n<meta property=\"article:publisher\" content=\"https:\/\/www.facebook.com\/SlaptaMeileBarbora\" \/>\n<meta property=\"article:modified_time\" content=\"2026-01-23T09:38:58+00:00\" \/>\n<meta property=\"og:image\" content=\"https:\/\/slaptameile.lt\/wp-content\/uploads\/2025\/10\/SM5560-Edit-Edit.jpg\" \/>\n\t<meta property=\"og:image:width\" content=\"2048\" \/>\n\t<meta property=\"og:image:height\" content=\"2048\" \/>\n\t<meta property=\"og:image:type\" content=\"image\/jpeg\" \/>\n<meta name=\"twitter:card\" content=\"summary_large_image\" \/>\n<script type=\"application\/ld+json\" class=\"yoast-schema-graph\">{\"@context\":\"https:\\\/\\\/schema.org\",\"@graph\":[{\"@type\":\"WebPage\",\"@id\":\"https:\\\/\\\/slaptameile.lt\\\/preke\\\/rankine-slapta-meile\\\/\",\"url\":\"https:\\\/\\\/slaptameile.lt\\\/preke\\\/rankine-slapta-meile\\\/\",\"name\":\"Rankin\u0117 \u201eSlapta meil\u0117\u201c - Slapta Meil\u0117\",\"isPartOf\":{\"@id\":\"https:\\\/\\\/slaptameile.lt\\\/#website\"},\"primaryImageOfPage\":{\"@id\":\"https:\\\/\\\/slaptameile.lt\\\/preke\\\/rankine-slapta-meile\\\/#primaryimage\"},\"image\":{\"@id\":\"https:\\\/\\\/slaptameile.lt\\\/preke\\\/rankine-slapta-meile\\\/#primaryimage\"},\"thumbnailUrl\":\"https:\\\/\\\/slaptameile.lt\\\/wp-content\\\/uploads\\\/2025\\\/10\\\/SM5560-Edit-Edit.jpg\",\"datePublished\":\"2024-08-08T16:30:51+00:00\",\"dateModified\":\"2026-01-23T09:38:58+00:00\",\"breadcrumb\":{\"@id\":\"https:\\\/\\\/slaptameile.lt\\\/preke\\\/rankine-slapta-meile\\\/#breadcrumb\"},\"inLanguage\":\"en-US\",\"potentialAction\":[{\"@type\":\"ReadAction\",\"target\":[\"https:\\\/\\\/slaptameile.lt\\\/preke\\\/rankine-slapta-meile\\\/\"]}]},{\"@type\":\"ImageObject\",\"inLanguage\":\"en-US\",\"@id\":\"https:\\\/\\\/slaptameile.lt\\\/preke\\\/rankine-slapta-meile\\\/#primaryimage\",\"url\":\"https:\\\/\\\/slaptameile.lt\\\/wp-content\\\/uploads\\\/2025\\\/10\\\/SM5560-Edit-Edit.jpg\",\"contentUrl\":\"https:\\\/\\\/slaptameile.lt\\\/wp-content\\\/uploads\\\/2025\\\/10\\\/SM5560-Edit-Edit.jpg\",\"width\":2048,\"height\":2048},{\"@type\":\"BreadcrumbList\",\"@id\":\"https:\\\/\\\/slaptameile.lt\\\/preke\\\/rankine-slapta-meile\\\/#breadcrumb\",\"itemListElement\":[{\"@type\":\"ListItem\",\"position\":1,\"name\":\"Home\",\"item\":\"https:\\\/\\\/slaptameile.lt\\\/\"},{\"@type\":\"ListItem\",\"position\":2,\"name\":\"Parduotuv\u0117\",\"item\":\"https:\\\/\\\/slaptameile.lt\\\/parduotuve\\\/\"},{\"@type\":\"ListItem\",\"position\":3,\"name\":\"Rankin\u0117 \u201eSlapta meil\u0117\u201c\"}]},{\"@type\":\"WebSite\",\"@id\":\"https:\\\/\\\/slaptameile.lt\\\/#website\",\"url\":\"https:\\\/\\\/slaptameile.lt\\\/\",\"name\":\"Slapta Meil\u0117\",\"description\":\"\",\"publisher\":{\"@id\":\"https:\\\/\\\/slaptameile.lt\\\/#organization\"},\"potentialAction\":[{\"@type\":\"SearchAction\",\"target\":{\"@type\":\"EntryPoint\",\"urlTemplate\":\"https:\\\/\\\/slaptameile.lt\\\/?s={search_term_string}\"},\"query-input\":{\"@type\":\"PropertyValueSpecification\",\"valueRequired\":true,\"valueName\":\"search_term_string\"}}],\"inLanguage\":\"en-US\"},{\"@type\":\"Organization\",\"@id\":\"https:\\\/\\\/slaptameile.lt\\\/#organization\",\"name\":\"Slapta Meil\u0117\",\"url\":\"https:\\\/\\\/slaptameile.lt\\\/\",\"logo\":{\"@type\":\"ImageObject\",\"inLanguage\":\"en-US\",\"@id\":\"https:\\\/\\\/slaptameile.lt\\\/#\\\/schema\\\/logo\\\/image\\\/\",\"url\":\"https:\\\/\\\/slaptameile.lt\\\/wp-content\\\/uploads\\\/2026\\\/04\\\/sm-logo.jpg\",\"contentUrl\":\"https:\\\/\\\/slaptameile.lt\\\/wp-content\\\/uploads\\\/2026\\\/04\\\/sm-logo.jpg\",\"width\":810,\"height\":380,\"caption\":\"Slapta Meil\u0117\"},\"image\":{\"@id\":\"https:\\\/\\\/slaptameile.lt\\\/#\\\/schema\\\/logo\\\/image\\\/\"},\"sameAs\":[\"https:\\\/\\\/www.facebook.com\\\/SlaptaMeileBarbora\",\"https:\\\/\\\/www.instagram.com\\\/slaptameile\",\"https:\\\/\\\/www.tiktok.com\\\/@slaptameile1\"]}]}<\/script>\n<!-- \/ Yoast SEO plugin. -->","yoast_head_json":{"title":"Rankin\u0117 \u201eSlapta meil\u0117\u201c - Slapta Meil\u0117","robots":{"index":"index","follow":"follow","max-snippet":"max-snippet:-1","max-image-preview":"max-image-preview:large","max-video-preview":"max-video-preview:-1"},"canonical":"https:\/\/slaptameile.lt\/en\/preke\/rankine-slapta-meile\/","og_locale":"en_US","og_type":"article","og_title":"Rankin\u0117 \u201eSlapta meil\u0117\u201c - Slapta Meil\u0117","og_description":"Meil\u0117, kuri neklausia leidimo. Rankin\u0117 \u201eSlapta meil\u0117\u201c \u2013 \u012fkv\u0117pta vienos garsiausi\u0173 lietuvi\u0161k\u0173 legend\u0173: Barboros Radvilait\u0117s ir \u017dygimanto Augusto. Atvaizde panaudotas tapytojos Migl\u0117s Kosinskait\u0117s k\u016brinys.  Mink\u0161tas trumpaplaukis veli\u016bras, karali\u0161kai tamsus siluetas ir\u00a0vidin\u0117 ki\u0161en\u0117\u00a0tavo paslaptims.\u00a0U\u017esegama spaude, patogi kasdienai ir pakankamai talpi visiems tavo (ne)tobuliems planams.  Med\u017eiaga: 50% medviln\u0117, 50% poliesteris patikslinti sud\u0117t\u012f Prie\u017ei\u016bra: skalbiamas audinys \u2013 nes gyvenimas da\u017eosi ne tik ro\u017ein\u0117mis spalvomis Dydis: ~ 37 \u00d7 38 \u00d7 10 cm","og_url":"https:\/\/slaptameile.lt\/en\/preke\/rankine-slapta-meile\/","og_site_name":"Slapta Meil\u0117","article_publisher":"https:\/\/www.facebook.com\/SlaptaMeileBarbora","article_modified_time":"2026-01-23T09:38:58+00:00","og_image":[{"width":2048,"height":2048,"url":"https:\/\/slaptameile.lt\/wp-content\/uploads\/2025\/10\/SM5560-Edit-Edit.jpg","type":"image\/jpeg"}],"twitter_card":"summary_large_image","schema":{"@context":"https:\/\/schema.org","@graph":[{"@type":"WebPage","@id":"https:\/\/slaptameile.lt\/preke\/rankine-slapta-meile\/","url":"https:\/\/slaptameile.lt\/preke\/rankine-slapta-meile\/","name":"Rankin\u0117 \u201eSlapta meil\u0117\u201c - Slapta Meil\u0117","isPartOf":{"@id":"https:\/\/slaptameile.lt\/#website"},"primaryImageOfPage":{"@id":"https:\/\/slaptameile.lt\/preke\/rankine-slapta-meile\/#primaryimage"},"image":{"@id":"https:\/\/slaptameile.lt\/preke\/rankine-slapta-meile\/#primaryimage"},"thumbnailUrl":"https:\/\/slaptameile.lt\/wp-content\/uploads\/2025\/10\/SM5560-Edit-Edit.jpg","datePublished":"2024-08-08T16:30:51+00:00","dateModified":"2026-01-23T09:38:58+00:00","breadcrumb":{"@id":"https:\/\/slaptameile.lt\/preke\/rankine-slapta-meile\/#breadcrumb"},"inLanguage":"en-US","potentialAction":[{"@type":"ReadAction","target":["https:\/\/slaptameile.lt\/preke\/rankine-slapta-meile\/"]}]},{"@type":"ImageObject","inLanguage":"en-US","@id":"https:\/\/slaptameile.lt\/preke\/rankine-slapta-meile\/#primaryimage","url":"https:\/\/slaptameile.lt\/wp-content\/uploads\/2025\/10\/SM5560-Edit-Edit.jpg","contentUrl":"https:\/\/slaptameile.lt\/wp-content\/uploads\/2025\/10\/SM5560-Edit-Edit.jpg","width":2048,"height":2048},{"@type":"BreadcrumbList","@id":"https:\/\/slaptameile.lt\/preke\/rankine-slapta-meile\/#breadcrumb","itemListElement":[{"@type":"ListItem","position":1,"name":"Home","item":"https:\/\/slaptameile.lt\/"},{"@type":"ListItem","position":2,"name":"Parduotuv\u0117","item":"https:\/\/slaptameile.lt\/parduotuve\/"},{"@type":"ListItem","position":3,"name":"Rankin\u0117 \u201eSlapta meil\u0117\u201c"}]},{"@type":"WebSite","@id":"https:\/\/slaptameile.lt\/#website","url":"https:\/\/slaptameile.lt\/","name":"Secret Love","description":"","publisher":{"@id":"https:\/\/slaptameile.lt\/#organization"},"potentialAction":[{"@type":"SearchAction","target":{"@type":"EntryPoint","urlTemplate":"https:\/\/slaptameile.lt\/?s={search_term_string}"},"query-input":{"@type":"PropertyValueSpecification","valueRequired":true,"valueName":"search_term_string"}}],"inLanguage":"en-US"},{"@type":"Organization","@id":"https:\/\/slaptameile.lt\/#organization","name":"Secret Love","url":"https:\/\/slaptameile.lt\/","logo":{"@type":"ImageObject","inLanguage":"en-US","@id":"https:\/\/slaptameile.lt\/#\/schema\/logo\/image\/","url":"https:\/\/slaptameile.lt\/wp-content\/uploads\/2026\/04\/sm-logo.jpg","contentUrl":"https:\/\/slaptameile.lt\/wp-content\/uploads\/2026\/04\/sm-logo.jpg","width":810,"height":380,"caption":"Slapta Meil\u0117"},"image":{"@id":"https:\/\/slaptameile.lt\/#\/schema\/logo\/image\/"},"sameAs":["https:\/\/www.facebook.com\/SlaptaMeileBarbora","https:\/\/www.instagram.com\/slaptameile","https:\/\/www.tiktok.com\/@slaptameile1"]}]}},"_links":{"self":[{"href":"https:\/\/slaptameile.lt\/en\/wp-json\/wp\/v2\/product\/850","targetHints":{"allow":["GET"]}}],"collection":[{"href":"https:\/\/slaptameile.lt\/en\/wp-json\/wp\/v2\/product"}],"about":[{"href":"https:\/\/slaptameile.lt\/en\/wp-json\/wp\/v2\/types\/product"}],"replies":[{"embeddable":true,"href":"https:\/\/slaptameile.lt\/en\/wp-json\/wp\/v2\/comments?post=850"}],"wp:featuredmedia":[{"embeddable":true,"href":"https:\/\/slaptameile.lt\/en\/wp-json\/wp\/v2\/media\/851"}],"wp:attachment":[{"href":"https:\/\/slaptameile.lt\/en\/wp-json\/wp\/v2\/media?parent=850"}],"wp:term":[{"taxonomy":"partner","embeddable":true,"href":"https:\/\/slaptameile.lt\/en\/wp-json\/wp\/v2\/partner?post=850"},{"taxonomy":"product_brand","embeddable":true,"href":"https:\/\/slaptameile.lt\/en\/wp-json\/wp\/v2\/product_brand?post=850"},{"taxonomy":"product_cat","embeddable":true,"href":"https:\/\/slaptameile.lt\/en\/wp-json\/wp\/v2\/product_cat?post=850"},{"taxonomy":"product_tag","embeddable":true,"href":"https:\/\/slaptameile.lt\/en\/wp-json\/wp\/v2\/product_tag?post=850"}],"curies":[{"name":"wp","href":"https:\/\/api.w.org\/{rel}","templated":true}]}}