{"id":823,"date":"2024-08-08T20:35:52","date_gmt":"2024-08-08T17:35:52","guid":{"rendered":"https:\/\/slaptameile.lt\/?post_type=product&#038;p=823"},"modified":"2026-04-14T04:38:40","modified_gmt":"2026-04-14T01:38:40","slug":"rankine-karaliskas-vilnius","status":"publish","type":"product","link":"https:\/\/slaptameile.lt\/en\/preke\/rankine-karaliskas-vilnius\/","title":{"rendered":"Royal Vilnius Handbag\u201e"},"content":{"rendered":"<p>Tarp Barboros Radvilait\u0117s sukneli\u0173 tikrai b\u016bt\u0173 atsiradusi vieta \u0161iai rankinei \u2013 jeigu tuo metu egzistuot\u0173 aksomas, kuris skalbiasi skalbimo ma\u0161inoje. Dabar jis egzistuoja, ir jis gali atsidurti tavo rankose.<\/p>\n<p>Julijos Janus pie\u0161tas\u00a0Vilniaus meil\u0117s \u017eem\u0117lapis\u00a0\u2013 su Valdov\u0173 r\u016bmais, Vilniaus katedra, Au\u0161ros vartais, Barboros ir \u017dygimanto atvaizdais \u2013 tampa miesto legenda, kuri\u0105 gali ne\u0161iotis kiekvien\u0105 dien\u0105.<\/p>\n<p>Stilinga, talpi, tvirta \u2013 lyg ma\u017eas Vilnius ant peties. Viduje slepiasi ki\u0161en\u0117l\u0117 tavo ma\u017eoms paslaptims, u\u017esegimas \u2013 spaude. Tinka dovanai, kelionei ar tiesiog tada, kai norisi tur\u0117ti rankin\u0119 su charakteriu.<\/p>\n<p>Med\u017eiaga: trumpaplaukis veli\u016bras (50 % medviln\u0117, 50 % poliesteris)<br \/>\nPrie\u017ei\u016bra: skalbiamas skalbimo ma\u0161inoje<br \/>\nDydis: ~ 37 \u00d7 38 \u00d7 10 cm<\/p>","protected":false},"excerpt":{"rendered":"<p>Tarp Barboros Radvilait\u0117s sukneli\u0173 tikrai b\u016bt\u0173 atsiradusi vieta \u0161iai rankinei \u2013 jeigu tuo metu egzistuot\u0173 aksomas, kuris skalbiasi skalbimo ma\u0161inoje. Dabar jis egzistuoja, ir jis gali atsidurti tavo rankose.<\/p>\n<p>Julijos Janus pie\u0161tas\u00a0Vilniaus meil\u0117s \u017eem\u0117lapis\u00a0\u2013 su Valdov\u0173 r\u016bmais, Vilniaus katedra, Au\u0161ros vartais, Barboros ir \u017dygimanto atvaizdais \u2013 tampa miesto legenda, kuri\u0105 gali ne\u0161iotis kiekvien\u0105 dien\u0105.<\/p>\n<p>Stilinga, talpi, tvirta \u2013 lyg ma\u017eas Vilnius ant peties. Viduje slepiasi ki\u0161en\u0117l\u0117 tavo ma\u017eoms paslaptims, u\u017esegimas \u2013 spaude. Tinka dovanai, kelionei ar tiesiog tada, kai norisi tur\u0117ti rankin\u0119 su charakteriu.<\/p>\n<p>Med\u017eiaga: trumpaplaukis veli\u016bras (50 % medviln\u0117, 50 % poliesteris)<br \/>\nPrie\u017ei\u016bra: skalbiamas skalbimo ma\u0161inoje<br \/>\nDydis: ~ 37 \u00d7 38 \u00d7 10 cm<\/p>","protected":false},"featured_media":824,"comment_status":"open","ping_status":"closed","template":"","meta":{"_acf_changed":false},"partner":[54],"product_brand":[],"product_cat":[26,18],"product_tag":[],"class_list":{"0":"post-823","1":"product","2":"type-product","3":"status-publish","4":"has-post-thumbnail","6":"partner-pitex","7":"product_cat-karaliskajam-stiliui","8":"product_cat-karaliskoji-kolekcija","10":"first","11":"instock","12":"taxable","13":"shipping-taxable","14":"purchasable","15":"product-type-variable"},"acf":[],"yoast_head":"<!-- This site is optimized with the Yoast SEO plugin v27.5 - https:\/\/yoast.com\/product\/yoast-seo-wordpress\/ -->\n<title>Rankin\u0117 \u201eKarali\u0161kas Vilnius\u201c - Slapta Meil\u0117<\/title>\n<meta name=\"robots\" content=\"index, follow, max-snippet:-1, max-image-preview:large, max-video-preview:-1\" \/>\n<link rel=\"canonical\" href=\"https:\/\/slaptameile.lt\/en\/preke\/rankine-karaliskas-vilnius\/\" \/>\n<meta property=\"og:locale\" content=\"en_US\" \/>\n<meta property=\"og:type\" content=\"article\" \/>\n<meta property=\"og:title\" content=\"Rankin\u0117 \u201eKarali\u0161kas Vilnius\u201c - Slapta Meil\u0117\" \/>\n<meta property=\"og:description\" content=\"Tarp Barboros Radvilait\u0117s sukneli\u0173 tikrai b\u016bt\u0173 atsiradusi vieta \u0161iai rankinei \u2013 jeigu tuo metu egzistuot\u0173 aksomas, kuris skalbiasi skalbimo ma\u0161inoje. Dabar jis egzistuoja, ir jis gali atsidurti tavo rankose.  Julijos Janus pie\u0161tas\u00a0Vilniaus meil\u0117s \u017eem\u0117lapis\u00a0\u2013 su Valdov\u0173 r\u016bmais, Vilniaus katedra, Au\u0161ros vartais, Barboros ir \u017dygimanto atvaizdais \u2013 tampa miesto legenda, kuri\u0105 gali ne\u0161iotis kiekvien\u0105 dien\u0105.  Stilinga, talpi, tvirta \u2013 lyg ma\u017eas Vilnius ant peties. Viduje slepiasi ki\u0161en\u0117l\u0117 tavo ma\u017eoms paslaptims, u\u017esegimas \u2013 spaude. Tinka dovanai, kelionei ar tiesiog tada, kai norisi tur\u0117ti rankin\u0119 su charakteriu.  Med\u017eiaga: trumpaplaukis veli\u016bras (50 % medviln\u0117, 50 % poliesteris) Prie\u017ei\u016bra: skalbiamas skalbimo ma\u0161inoje Dydis: ~ 37 \u00d7 38 \u00d7 10 cm\" \/>\n<meta property=\"og:url\" content=\"https:\/\/slaptameile.lt\/en\/preke\/rankine-karaliskas-vilnius\/\" \/>\n<meta property=\"og:site_name\" content=\"Slapta Meil\u0117\" \/>\n<meta property=\"article:publisher\" content=\"https:\/\/www.facebook.com\/SlaptaMeileBarbora\" \/>\n<meta property=\"article:modified_time\" content=\"2026-04-14T01:38:40+00:00\" \/>\n<meta property=\"og:image\" content=\"https:\/\/slaptameile.lt\/wp-content\/uploads\/2025\/10\/SM-Galerija1131.jpg\" \/>\n\t<meta property=\"og:image:width\" content=\"2400\" \/>\n\t<meta property=\"og:image:height\" content=\"3000\" \/>\n\t<meta property=\"og:image:type\" content=\"image\/jpeg\" \/>\n<meta name=\"twitter:card\" content=\"summary_large_image\" \/>\n<meta name=\"twitter:label1\" content=\"Est. reading time\" \/>\n\t<meta name=\"twitter:data1\" content=\"1 minute\" \/>\n<script type=\"application\/ld+json\" class=\"yoast-schema-graph\">{\"@context\":\"https:\\\/\\\/schema.org\",\"@graph\":[{\"@type\":\"WebPage\",\"@id\":\"https:\\\/\\\/slaptameile.lt\\\/preke\\\/rankine-karaliskas-vilnius\\\/\",\"url\":\"https:\\\/\\\/slaptameile.lt\\\/preke\\\/rankine-karaliskas-vilnius\\\/\",\"name\":\"Rankin\u0117 \u201eKarali\u0161kas Vilnius\u201c - Slapta Meil\u0117\",\"isPartOf\":{\"@id\":\"https:\\\/\\\/slaptameile.lt\\\/#website\"},\"primaryImageOfPage\":{\"@id\":\"https:\\\/\\\/slaptameile.lt\\\/preke\\\/rankine-karaliskas-vilnius\\\/#primaryimage\"},\"image\":{\"@id\":\"https:\\\/\\\/slaptameile.lt\\\/preke\\\/rankine-karaliskas-vilnius\\\/#primaryimage\"},\"thumbnailUrl\":\"https:\\\/\\\/slaptameile.lt\\\/wp-content\\\/uploads\\\/2025\\\/10\\\/SM-Galerija1131.jpg\",\"datePublished\":\"2024-08-08T17:35:52+00:00\",\"dateModified\":\"2026-04-14T01:38:40+00:00\",\"breadcrumb\":{\"@id\":\"https:\\\/\\\/slaptameile.lt\\\/preke\\\/rankine-karaliskas-vilnius\\\/#breadcrumb\"},\"inLanguage\":\"en-US\",\"potentialAction\":[{\"@type\":\"ReadAction\",\"target\":[\"https:\\\/\\\/slaptameile.lt\\\/preke\\\/rankine-karaliskas-vilnius\\\/\"]}]},{\"@type\":\"ImageObject\",\"inLanguage\":\"en-US\",\"@id\":\"https:\\\/\\\/slaptameile.lt\\\/preke\\\/rankine-karaliskas-vilnius\\\/#primaryimage\",\"url\":\"https:\\\/\\\/slaptameile.lt\\\/wp-content\\\/uploads\\\/2025\\\/10\\\/SM-Galerija1131.jpg\",\"contentUrl\":\"https:\\\/\\\/slaptameile.lt\\\/wp-content\\\/uploads\\\/2025\\\/10\\\/SM-Galerija1131.jpg\",\"width\":2400,\"height\":3000},{\"@type\":\"BreadcrumbList\",\"@id\":\"https:\\\/\\\/slaptameile.lt\\\/preke\\\/rankine-karaliskas-vilnius\\\/#breadcrumb\",\"itemListElement\":[{\"@type\":\"ListItem\",\"position\":1,\"name\":\"Home\",\"item\":\"https:\\\/\\\/slaptameile.lt\\\/\"},{\"@type\":\"ListItem\",\"position\":2,\"name\":\"Parduotuv\u0117\",\"item\":\"https:\\\/\\\/slaptameile.lt\\\/parduotuve\\\/\"},{\"@type\":\"ListItem\",\"position\":3,\"name\":\"Rankin\u0117 \u201eKarali\u0161kas Vilnius\u201c\"}]},{\"@type\":\"WebSite\",\"@id\":\"https:\\\/\\\/slaptameile.lt\\\/#website\",\"url\":\"https:\\\/\\\/slaptameile.lt\\\/\",\"name\":\"Slapta Meil\u0117\",\"description\":\"\",\"publisher\":{\"@id\":\"https:\\\/\\\/slaptameile.lt\\\/#organization\"},\"potentialAction\":[{\"@type\":\"SearchAction\",\"target\":{\"@type\":\"EntryPoint\",\"urlTemplate\":\"https:\\\/\\\/slaptameile.lt\\\/?s={search_term_string}\"},\"query-input\":{\"@type\":\"PropertyValueSpecification\",\"valueRequired\":true,\"valueName\":\"search_term_string\"}}],\"inLanguage\":\"en-US\"},{\"@type\":\"Organization\",\"@id\":\"https:\\\/\\\/slaptameile.lt\\\/#organization\",\"name\":\"Slapta Meil\u0117\",\"url\":\"https:\\\/\\\/slaptameile.lt\\\/\",\"logo\":{\"@type\":\"ImageObject\",\"inLanguage\":\"en-US\",\"@id\":\"https:\\\/\\\/slaptameile.lt\\\/#\\\/schema\\\/logo\\\/image\\\/\",\"url\":\"https:\\\/\\\/slaptameile.lt\\\/wp-content\\\/uploads\\\/2026\\\/04\\\/sm-logo.jpg\",\"contentUrl\":\"https:\\\/\\\/slaptameile.lt\\\/wp-content\\\/uploads\\\/2026\\\/04\\\/sm-logo.jpg\",\"width\":810,\"height\":380,\"caption\":\"Slapta Meil\u0117\"},\"image\":{\"@id\":\"https:\\\/\\\/slaptameile.lt\\\/#\\\/schema\\\/logo\\\/image\\\/\"},\"sameAs\":[\"https:\\\/\\\/www.facebook.com\\\/SlaptaMeileBarbora\",\"https:\\\/\\\/www.instagram.com\\\/slaptameile\",\"https:\\\/\\\/www.tiktok.com\\\/@slaptameile1\"]}]}<\/script>\n<!-- \/ Yoast SEO plugin. -->","yoast_head_json":{"title":"Rankin\u0117 \u201eKarali\u0161kas Vilnius\u201c - Slapta Meil\u0117","robots":{"index":"index","follow":"follow","max-snippet":"max-snippet:-1","max-image-preview":"max-image-preview:large","max-video-preview":"max-video-preview:-1"},"canonical":"https:\/\/slaptameile.lt\/en\/preke\/rankine-karaliskas-vilnius\/","og_locale":"en_US","og_type":"article","og_title":"Rankin\u0117 \u201eKarali\u0161kas Vilnius\u201c - Slapta Meil\u0117","og_description":"Tarp Barboros Radvilait\u0117s sukneli\u0173 tikrai b\u016bt\u0173 atsiradusi vieta \u0161iai rankinei \u2013 jeigu tuo metu egzistuot\u0173 aksomas, kuris skalbiasi skalbimo ma\u0161inoje. Dabar jis egzistuoja, ir jis gali atsidurti tavo rankose.  Julijos Janus pie\u0161tas\u00a0Vilniaus meil\u0117s \u017eem\u0117lapis\u00a0\u2013 su Valdov\u0173 r\u016bmais, Vilniaus katedra, Au\u0161ros vartais, Barboros ir \u017dygimanto atvaizdais \u2013 tampa miesto legenda, kuri\u0105 gali ne\u0161iotis kiekvien\u0105 dien\u0105.  Stilinga, talpi, tvirta \u2013 lyg ma\u017eas Vilnius ant peties. Viduje slepiasi ki\u0161en\u0117l\u0117 tavo ma\u017eoms paslaptims, u\u017esegimas \u2013 spaude. Tinka dovanai, kelionei ar tiesiog tada, kai norisi tur\u0117ti rankin\u0119 su charakteriu.  Med\u017eiaga: trumpaplaukis veli\u016bras (50 % medviln\u0117, 50 % poliesteris) Prie\u017ei\u016bra: skalbiamas skalbimo ma\u0161inoje Dydis: ~ 37 \u00d7 38 \u00d7 10 cm","og_url":"https:\/\/slaptameile.lt\/en\/preke\/rankine-karaliskas-vilnius\/","og_site_name":"Slapta Meil\u0117","article_publisher":"https:\/\/www.facebook.com\/SlaptaMeileBarbora","article_modified_time":"2026-04-14T01:38:40+00:00","og_image":[{"width":2400,"height":3000,"url":"https:\/\/slaptameile.lt\/wp-content\/uploads\/2025\/10\/SM-Galerija1131.jpg","type":"image\/jpeg"}],"twitter_card":"summary_large_image","twitter_misc":{"Est. reading time":"1 minute"},"schema":{"@context":"https:\/\/schema.org","@graph":[{"@type":"WebPage","@id":"https:\/\/slaptameile.lt\/preke\/rankine-karaliskas-vilnius\/","url":"https:\/\/slaptameile.lt\/preke\/rankine-karaliskas-vilnius\/","name":"Rankin\u0117 \u201eKarali\u0161kas Vilnius\u201c - Slapta Meil\u0117","isPartOf":{"@id":"https:\/\/slaptameile.lt\/#website"},"primaryImageOfPage":{"@id":"https:\/\/slaptameile.lt\/preke\/rankine-karaliskas-vilnius\/#primaryimage"},"image":{"@id":"https:\/\/slaptameile.lt\/preke\/rankine-karaliskas-vilnius\/#primaryimage"},"thumbnailUrl":"https:\/\/slaptameile.lt\/wp-content\/uploads\/2025\/10\/SM-Galerija1131.jpg","datePublished":"2024-08-08T17:35:52+00:00","dateModified":"2026-04-14T01:38:40+00:00","breadcrumb":{"@id":"https:\/\/slaptameile.lt\/preke\/rankine-karaliskas-vilnius\/#breadcrumb"},"inLanguage":"en-US","potentialAction":[{"@type":"ReadAction","target":["https:\/\/slaptameile.lt\/preke\/rankine-karaliskas-vilnius\/"]}]},{"@type":"ImageObject","inLanguage":"en-US","@id":"https:\/\/slaptameile.lt\/preke\/rankine-karaliskas-vilnius\/#primaryimage","url":"https:\/\/slaptameile.lt\/wp-content\/uploads\/2025\/10\/SM-Galerija1131.jpg","contentUrl":"https:\/\/slaptameile.lt\/wp-content\/uploads\/2025\/10\/SM-Galerija1131.jpg","width":2400,"height":3000},{"@type":"BreadcrumbList","@id":"https:\/\/slaptameile.lt\/preke\/rankine-karaliskas-vilnius\/#breadcrumb","itemListElement":[{"@type":"ListItem","position":1,"name":"Home","item":"https:\/\/slaptameile.lt\/"},{"@type":"ListItem","position":2,"name":"Parduotuv\u0117","item":"https:\/\/slaptameile.lt\/parduotuve\/"},{"@type":"ListItem","position":3,"name":"Rankin\u0117 \u201eKarali\u0161kas Vilnius\u201c"}]},{"@type":"WebSite","@id":"https:\/\/slaptameile.lt\/#website","url":"https:\/\/slaptameile.lt\/","name":"Secret Love","description":"","publisher":{"@id":"https:\/\/slaptameile.lt\/#organization"},"potentialAction":[{"@type":"SearchAction","target":{"@type":"EntryPoint","urlTemplate":"https:\/\/slaptameile.lt\/?s={search_term_string}"},"query-input":{"@type":"PropertyValueSpecification","valueRequired":true,"valueName":"search_term_string"}}],"inLanguage":"en-US"},{"@type":"Organization","@id":"https:\/\/slaptameile.lt\/#organization","name":"Secret Love","url":"https:\/\/slaptameile.lt\/","logo":{"@type":"ImageObject","inLanguage":"en-US","@id":"https:\/\/slaptameile.lt\/#\/schema\/logo\/image\/","url":"https:\/\/slaptameile.lt\/wp-content\/uploads\/2026\/04\/sm-logo.jpg","contentUrl":"https:\/\/slaptameile.lt\/wp-content\/uploads\/2026\/04\/sm-logo.jpg","width":810,"height":380,"caption":"Slapta Meil\u0117"},"image":{"@id":"https:\/\/slaptameile.lt\/#\/schema\/logo\/image\/"},"sameAs":["https:\/\/www.facebook.com\/SlaptaMeileBarbora","https:\/\/www.instagram.com\/slaptameile","https:\/\/www.tiktok.com\/@slaptameile1"]}]}},"_links":{"self":[{"href":"https:\/\/slaptameile.lt\/en\/wp-json\/wp\/v2\/product\/823","targetHints":{"allow":["GET"]}}],"collection":[{"href":"https:\/\/slaptameile.lt\/en\/wp-json\/wp\/v2\/product"}],"about":[{"href":"https:\/\/slaptameile.lt\/en\/wp-json\/wp\/v2\/types\/product"}],"replies":[{"embeddable":true,"href":"https:\/\/slaptameile.lt\/en\/wp-json\/wp\/v2\/comments?post=823"}],"wp:featuredmedia":[{"embeddable":true,"href":"https:\/\/slaptameile.lt\/en\/wp-json\/wp\/v2\/media\/824"}],"wp:attachment":[{"href":"https:\/\/slaptameile.lt\/en\/wp-json\/wp\/v2\/media?parent=823"}],"wp:term":[{"taxonomy":"partner","embeddable":true,"href":"https:\/\/slaptameile.lt\/en\/wp-json\/wp\/v2\/partner?post=823"},{"taxonomy":"product_brand","embeddable":true,"href":"https:\/\/slaptameile.lt\/en\/wp-json\/wp\/v2\/product_brand?post=823"},{"taxonomy":"product_cat","embeddable":true,"href":"https:\/\/slaptameile.lt\/en\/wp-json\/wp\/v2\/product_cat?post=823"},{"taxonomy":"product_tag","embeddable":true,"href":"https:\/\/slaptameile.lt\/en\/wp-json\/wp\/v2\/product_tag?post=823"}],"curies":[{"name":"wp","href":"https:\/\/api.w.org\/{rel}","templated":true}]}}