{"id":816,"date":"2024-08-08T20:36:14","date_gmt":"2024-08-08T17:36:14","guid":{"rendered":"https:\/\/slaptameile.lt\/?post_type=product&#038;p=816"},"modified":"2026-04-08T16:01:45","modified_gmt":"2026-04-08T13:01:45","slug":"pirkiniu-krepsys-karaliene-kotryna-immigrant-queen-sweden-edition","status":"publish","type":"product","link":"https:\/\/slaptameile.lt\/en\/preke\/pirkiniu-krepsys-karaliene-kotryna-immigrant-queen-sweden-edition\/","title":{"rendered":"Shopping bag \u201eQueen Catherine\u201c | IMMIGRANT QUEEN: Sweden Edition"},"content":{"rendered":"<p>Karaliaus \u017dygimanto Augusto jaun\u0117l\u0117 sesuo Kotryna Jogailait\u0117 1562 metais i\u0161tek\u0117jo \u012f Suomij\u0105, ir po daugelio i\u0161bandym\u0173 tapo \u0160vedijos karaliene.<\/p>\n<p>Dydis: ~48 x 45 cm \u2013 telpa gyvenimas, nuomon\u0117s, diplomas ir keli suvenyrai i\u0161 Upsalos.<br \/>\nAudinys: lengvai skalbiamas poliesteris \u2013 nes nei Kotrynai, nei tau n\u0117ra laiko skalbti rankomis.<br \/>\nViduje: ki\u0161en\u0117l\u0117 \u2013 \u0161velni kaip Kotrynos diplomatinis prisilietimas<br \/>\nU\u017esegimas: u\u017etrauktukas \u2013 tavo paslaptys saugios, o l\u016bpda\u017eis nei\u0161slysta vie\u0161ajame transporte<\/p>\n<p>\u0160i\u00a0rankin\u0117\u00a0\u2013 duokl\u0117 visoms, kurios i\u0161vyko, sugr\u012f\u017eo, ar niekada nei\u0161vyko, bet gyvena karali\u0161kai.<\/p>","protected":false},"excerpt":{"rendered":"<p>Karaliaus \u017dygimanto Augusto jaun\u0117l\u0117 sesuo Kotryna Jogailait\u0117 1562 metais i\u0161tek\u0117jo \u012f Suomij\u0105, ir po daugelio i\u0161bandym\u0173 tapo \u0160vedijos karaliene.<\/p>\n<p>Dydis: ~48 x 45 cm \u2013 telpa gyvenimas, nuomon\u0117s, diplomas ir keli suvenyrai i\u0161 Upsalos.<br \/>\nAudinys: lengvai skalbiamas poliesteris \u2013 nes nei Kotrynai, nei tau n\u0117ra laiko skalbti rankomis.<br \/>\nViduje: ki\u0161en\u0117l\u0117 \u2013 \u0161velni kaip Kotrynos diplomatinis prisilietimas<br \/>\nU\u017esegimas: u\u017etrauktukas \u2013 tavo paslaptys saugios, o l\u016bpda\u017eis nei\u0161slysta vie\u0161ajame transporte<\/p>\n<p>\u0160i\u00a0rankin\u0117\u00a0\u2013 duokl\u0117 visoms, kurios i\u0161vyko, sugr\u012f\u017eo, ar niekada nei\u0161vyko, bet gyvena karali\u0161kai.<\/p>","protected":false},"featured_media":817,"comment_status":"open","ping_status":"closed","template":"","meta":{"_acf_changed":false},"partner":[54],"product_brand":[],"product_cat":[26,18],"product_tag":[],"class_list":{"0":"post-816","1":"product","2":"type-product","3":"status-publish","4":"has-post-thumbnail","6":"partner-pitex","7":"product_cat-karaliskajam-stiliui","8":"product_cat-karaliskoji-kolekcija","10":"first","11":"instock","12":"taxable","13":"shipping-taxable","14":"purchasable","15":"product-type-simple"},"acf":[],"yoast_head":"<!-- This site is optimized with the Yoast SEO plugin v27.5 - https:\/\/yoast.com\/product\/yoast-seo-wordpress\/ -->\n<title>Pirkini\u0173 krep\u0161ys \u201eKaralien\u0117 Kotryna\u201c | IMMIGRANT QUEEN: Sweden Edition - Slapta Meil\u0117<\/title>\n<meta name=\"robots\" content=\"index, follow, max-snippet:-1, max-image-preview:large, max-video-preview:-1\" \/>\n<link rel=\"canonical\" href=\"https:\/\/slaptameile.lt\/en\/preke\/pirkiniu-krepsys-karaliene-kotryna-immigrant-queen-sweden-edition\/\" \/>\n<meta property=\"og:locale\" content=\"en_US\" \/>\n<meta property=\"og:type\" content=\"article\" \/>\n<meta property=\"og:title\" content=\"Pirkini\u0173 krep\u0161ys \u201eKaralien\u0117 Kotryna\u201c | IMMIGRANT QUEEN: Sweden Edition - Slapta Meil\u0117\" \/>\n<meta property=\"og:description\" content=\"Karaliaus \u017dygimanto Augusto jaun\u0117l\u0117 sesuo Kotryna Jogailait\u0117 1562 metais i\u0161tek\u0117jo \u012f Suomij\u0105, ir po daugelio i\u0161bandym\u0173 tapo \u0160vedijos karaliene.  Dydis: ~48 x 45 cm \u2013 telpa gyvenimas, nuomon\u0117s, diplomas ir keli suvenyrai i\u0161 Upsalos. Audinys: lengvai skalbiamas poliesteris \u2013 nes nei Kotrynai, nei tau n\u0117ra laiko skalbti rankomis. Viduje: ki\u0161en\u0117l\u0117 \u2013 \u0161velni kaip Kotrynos diplomatinis prisilietimas U\u017esegimas: u\u017etrauktukas \u2013 tavo paslaptys saugios, o l\u016bpda\u017eis nei\u0161slysta vie\u0161ajame transporte  \u0160i\u00a0rankin\u0117\u00a0\u2013 duokl\u0117 visoms, kurios i\u0161vyko, sugr\u012f\u017eo, ar niekada nei\u0161vyko, bet gyvena karali\u0161kai.\" \/>\n<meta property=\"og:url\" content=\"https:\/\/slaptameile.lt\/en\/preke\/pirkiniu-krepsys-karaliene-kotryna-immigrant-queen-sweden-edition\/\" \/>\n<meta property=\"og:site_name\" content=\"Slapta Meil\u0117\" \/>\n<meta property=\"article:publisher\" content=\"https:\/\/www.facebook.com\/SlaptaMeileBarbora\" \/>\n<meta property=\"article:modified_time\" content=\"2026-04-08T13:01:45+00:00\" \/>\n<meta property=\"og:image\" content=\"https:\/\/slaptameile.lt\/wp-content\/uploads\/2025\/10\/sm25.05.281310-Edit.jpg\" \/>\n\t<meta property=\"og:image:width\" content=\"2400\" \/>\n\t<meta property=\"og:image:height\" content=\"3000\" \/>\n\t<meta property=\"og:image:type\" content=\"image\/jpeg\" \/>\n<meta name=\"twitter:card\" content=\"summary_large_image\" \/>\n<script type=\"application\/ld+json\" class=\"yoast-schema-graph\">{\"@context\":\"https:\\\/\\\/schema.org\",\"@graph\":[{\"@type\":\"WebPage\",\"@id\":\"https:\\\/\\\/slaptameile.lt\\\/preke\\\/pirkiniu-krepsys-karaliene-kotryna-immigrant-queen-sweden-edition\\\/\",\"url\":\"https:\\\/\\\/slaptameile.lt\\\/preke\\\/pirkiniu-krepsys-karaliene-kotryna-immigrant-queen-sweden-edition\\\/\",\"name\":\"Pirkini\u0173 krep\u0161ys \u201eKaralien\u0117 Kotryna\u201c | IMMIGRANT QUEEN: Sweden Edition - Slapta Meil\u0117\",\"isPartOf\":{\"@id\":\"https:\\\/\\\/slaptameile.lt\\\/#website\"},\"primaryImageOfPage\":{\"@id\":\"https:\\\/\\\/slaptameile.lt\\\/preke\\\/pirkiniu-krepsys-karaliene-kotryna-immigrant-queen-sweden-edition\\\/#primaryimage\"},\"image\":{\"@id\":\"https:\\\/\\\/slaptameile.lt\\\/preke\\\/pirkiniu-krepsys-karaliene-kotryna-immigrant-queen-sweden-edition\\\/#primaryimage\"},\"thumbnailUrl\":\"https:\\\/\\\/slaptameile.lt\\\/wp-content\\\/uploads\\\/2025\\\/10\\\/sm25.05.281310-Edit.jpg\",\"datePublished\":\"2024-08-08T17:36:14+00:00\",\"dateModified\":\"2026-04-08T13:01:45+00:00\",\"breadcrumb\":{\"@id\":\"https:\\\/\\\/slaptameile.lt\\\/preke\\\/pirkiniu-krepsys-karaliene-kotryna-immigrant-queen-sweden-edition\\\/#breadcrumb\"},\"inLanguage\":\"en-US\",\"potentialAction\":[{\"@type\":\"ReadAction\",\"target\":[\"https:\\\/\\\/slaptameile.lt\\\/preke\\\/pirkiniu-krepsys-karaliene-kotryna-immigrant-queen-sweden-edition\\\/\"]}]},{\"@type\":\"ImageObject\",\"inLanguage\":\"en-US\",\"@id\":\"https:\\\/\\\/slaptameile.lt\\\/preke\\\/pirkiniu-krepsys-karaliene-kotryna-immigrant-queen-sweden-edition\\\/#primaryimage\",\"url\":\"https:\\\/\\\/slaptameile.lt\\\/wp-content\\\/uploads\\\/2025\\\/10\\\/sm25.05.281310-Edit.jpg\",\"contentUrl\":\"https:\\\/\\\/slaptameile.lt\\\/wp-content\\\/uploads\\\/2025\\\/10\\\/sm25.05.281310-Edit.jpg\",\"width\":2400,\"height\":3000},{\"@type\":\"BreadcrumbList\",\"@id\":\"https:\\\/\\\/slaptameile.lt\\\/preke\\\/pirkiniu-krepsys-karaliene-kotryna-immigrant-queen-sweden-edition\\\/#breadcrumb\",\"itemListElement\":[{\"@type\":\"ListItem\",\"position\":1,\"name\":\"Home\",\"item\":\"https:\\\/\\\/slaptameile.lt\\\/\"},{\"@type\":\"ListItem\",\"position\":2,\"name\":\"Parduotuv\u0117\",\"item\":\"https:\\\/\\\/slaptameile.lt\\\/parduotuve\\\/\"},{\"@type\":\"ListItem\",\"position\":3,\"name\":\"Pirkini\u0173 krep\u0161ys \u201eKaralien\u0117 Kotryna\u201c | IMMIGRANT QUEEN: Sweden Edition\"}]},{\"@type\":\"WebSite\",\"@id\":\"https:\\\/\\\/slaptameile.lt\\\/#website\",\"url\":\"https:\\\/\\\/slaptameile.lt\\\/\",\"name\":\"Slapta Meil\u0117\",\"description\":\"\",\"publisher\":{\"@id\":\"https:\\\/\\\/slaptameile.lt\\\/#organization\"},\"potentialAction\":[{\"@type\":\"SearchAction\",\"target\":{\"@type\":\"EntryPoint\",\"urlTemplate\":\"https:\\\/\\\/slaptameile.lt\\\/?s={search_term_string}\"},\"query-input\":{\"@type\":\"PropertyValueSpecification\",\"valueRequired\":true,\"valueName\":\"search_term_string\"}}],\"inLanguage\":\"en-US\"},{\"@type\":\"Organization\",\"@id\":\"https:\\\/\\\/slaptameile.lt\\\/#organization\",\"name\":\"Slapta Meil\u0117\",\"url\":\"https:\\\/\\\/slaptameile.lt\\\/\",\"logo\":{\"@type\":\"ImageObject\",\"inLanguage\":\"en-US\",\"@id\":\"https:\\\/\\\/slaptameile.lt\\\/#\\\/schema\\\/logo\\\/image\\\/\",\"url\":\"https:\\\/\\\/slaptameile.lt\\\/wp-content\\\/uploads\\\/2026\\\/04\\\/sm-logo.jpg\",\"contentUrl\":\"https:\\\/\\\/slaptameile.lt\\\/wp-content\\\/uploads\\\/2026\\\/04\\\/sm-logo.jpg\",\"width\":810,\"height\":380,\"caption\":\"Slapta Meil\u0117\"},\"image\":{\"@id\":\"https:\\\/\\\/slaptameile.lt\\\/#\\\/schema\\\/logo\\\/image\\\/\"},\"sameAs\":[\"https:\\\/\\\/www.facebook.com\\\/SlaptaMeileBarbora\",\"https:\\\/\\\/www.instagram.com\\\/slaptameile\",\"https:\\\/\\\/www.tiktok.com\\\/@slaptameile1\"]}]}<\/script>\n<!-- \/ Yoast SEO plugin. -->","yoast_head_json":{"title":"Pirkini\u0173 krep\u0161ys \u201eKaralien\u0117 Kotryna\u201c | IMMIGRANT QUEEN: Sweden Edition - Slapta Meil\u0117","robots":{"index":"index","follow":"follow","max-snippet":"max-snippet:-1","max-image-preview":"max-image-preview:large","max-video-preview":"max-video-preview:-1"},"canonical":"https:\/\/slaptameile.lt\/en\/preke\/pirkiniu-krepsys-karaliene-kotryna-immigrant-queen-sweden-edition\/","og_locale":"en_US","og_type":"article","og_title":"Pirkini\u0173 krep\u0161ys \u201eKaralien\u0117 Kotryna\u201c | IMMIGRANT QUEEN: Sweden Edition - Slapta Meil\u0117","og_description":"Karaliaus \u017dygimanto Augusto jaun\u0117l\u0117 sesuo Kotryna Jogailait\u0117 1562 metais i\u0161tek\u0117jo \u012f Suomij\u0105, ir po daugelio i\u0161bandym\u0173 tapo \u0160vedijos karaliene.  Dydis: ~48 x 45 cm \u2013 telpa gyvenimas, nuomon\u0117s, diplomas ir keli suvenyrai i\u0161 Upsalos. Audinys: lengvai skalbiamas poliesteris \u2013 nes nei Kotrynai, nei tau n\u0117ra laiko skalbti rankomis. Viduje: ki\u0161en\u0117l\u0117 \u2013 \u0161velni kaip Kotrynos diplomatinis prisilietimas U\u017esegimas: u\u017etrauktukas \u2013 tavo paslaptys saugios, o l\u016bpda\u017eis nei\u0161slysta vie\u0161ajame transporte  \u0160i\u00a0rankin\u0117\u00a0\u2013 duokl\u0117 visoms, kurios i\u0161vyko, sugr\u012f\u017eo, ar niekada nei\u0161vyko, bet gyvena karali\u0161kai.","og_url":"https:\/\/slaptameile.lt\/en\/preke\/pirkiniu-krepsys-karaliene-kotryna-immigrant-queen-sweden-edition\/","og_site_name":"Slapta Meil\u0117","article_publisher":"https:\/\/www.facebook.com\/SlaptaMeileBarbora","article_modified_time":"2026-04-08T13:01:45+00:00","og_image":[{"width":2400,"height":3000,"url":"https:\/\/slaptameile.lt\/wp-content\/uploads\/2025\/10\/sm25.05.281310-Edit.jpg","type":"image\/jpeg"}],"twitter_card":"summary_large_image","schema":{"@context":"https:\/\/schema.org","@graph":[{"@type":"WebPage","@id":"https:\/\/slaptameile.lt\/preke\/pirkiniu-krepsys-karaliene-kotryna-immigrant-queen-sweden-edition\/","url":"https:\/\/slaptameile.lt\/preke\/pirkiniu-krepsys-karaliene-kotryna-immigrant-queen-sweden-edition\/","name":"Pirkini\u0173 krep\u0161ys \u201eKaralien\u0117 Kotryna\u201c | IMMIGRANT QUEEN: Sweden Edition - Slapta Meil\u0117","isPartOf":{"@id":"https:\/\/slaptameile.lt\/#website"},"primaryImageOfPage":{"@id":"https:\/\/slaptameile.lt\/preke\/pirkiniu-krepsys-karaliene-kotryna-immigrant-queen-sweden-edition\/#primaryimage"},"image":{"@id":"https:\/\/slaptameile.lt\/preke\/pirkiniu-krepsys-karaliene-kotryna-immigrant-queen-sweden-edition\/#primaryimage"},"thumbnailUrl":"https:\/\/slaptameile.lt\/wp-content\/uploads\/2025\/10\/sm25.05.281310-Edit.jpg","datePublished":"2024-08-08T17:36:14+00:00","dateModified":"2026-04-08T13:01:45+00:00","breadcrumb":{"@id":"https:\/\/slaptameile.lt\/preke\/pirkiniu-krepsys-karaliene-kotryna-immigrant-queen-sweden-edition\/#breadcrumb"},"inLanguage":"en-US","potentialAction":[{"@type":"ReadAction","target":["https:\/\/slaptameile.lt\/preke\/pirkiniu-krepsys-karaliene-kotryna-immigrant-queen-sweden-edition\/"]}]},{"@type":"ImageObject","inLanguage":"en-US","@id":"https:\/\/slaptameile.lt\/preke\/pirkiniu-krepsys-karaliene-kotryna-immigrant-queen-sweden-edition\/#primaryimage","url":"https:\/\/slaptameile.lt\/wp-content\/uploads\/2025\/10\/sm25.05.281310-Edit.jpg","contentUrl":"https:\/\/slaptameile.lt\/wp-content\/uploads\/2025\/10\/sm25.05.281310-Edit.jpg","width":2400,"height":3000},{"@type":"BreadcrumbList","@id":"https:\/\/slaptameile.lt\/preke\/pirkiniu-krepsys-karaliene-kotryna-immigrant-queen-sweden-edition\/#breadcrumb","itemListElement":[{"@type":"ListItem","position":1,"name":"Home","item":"https:\/\/slaptameile.lt\/"},{"@type":"ListItem","position":2,"name":"Parduotuv\u0117","item":"https:\/\/slaptameile.lt\/parduotuve\/"},{"@type":"ListItem","position":3,"name":"Pirkini\u0173 krep\u0161ys \u201eKaralien\u0117 Kotryna\u201c | IMMIGRANT QUEEN: Sweden Edition"}]},{"@type":"WebSite","@id":"https:\/\/slaptameile.lt\/#website","url":"https:\/\/slaptameile.lt\/","name":"Secret Love","description":"","publisher":{"@id":"https:\/\/slaptameile.lt\/#organization"},"potentialAction":[{"@type":"SearchAction","target":{"@type":"EntryPoint","urlTemplate":"https:\/\/slaptameile.lt\/?s={search_term_string}"},"query-input":{"@type":"PropertyValueSpecification","valueRequired":true,"valueName":"search_term_string"}}],"inLanguage":"en-US"},{"@type":"Organization","@id":"https:\/\/slaptameile.lt\/#organization","name":"Secret Love","url":"https:\/\/slaptameile.lt\/","logo":{"@type":"ImageObject","inLanguage":"en-US","@id":"https:\/\/slaptameile.lt\/#\/schema\/logo\/image\/","url":"https:\/\/slaptameile.lt\/wp-content\/uploads\/2026\/04\/sm-logo.jpg","contentUrl":"https:\/\/slaptameile.lt\/wp-content\/uploads\/2026\/04\/sm-logo.jpg","width":810,"height":380,"caption":"Slapta Meil\u0117"},"image":{"@id":"https:\/\/slaptameile.lt\/#\/schema\/logo\/image\/"},"sameAs":["https:\/\/www.facebook.com\/SlaptaMeileBarbora","https:\/\/www.instagram.com\/slaptameile","https:\/\/www.tiktok.com\/@slaptameile1"]}]}},"_links":{"self":[{"href":"https:\/\/slaptameile.lt\/en\/wp-json\/wp\/v2\/product\/816","targetHints":{"allow":["GET"]}}],"collection":[{"href":"https:\/\/slaptameile.lt\/en\/wp-json\/wp\/v2\/product"}],"about":[{"href":"https:\/\/slaptameile.lt\/en\/wp-json\/wp\/v2\/types\/product"}],"replies":[{"embeddable":true,"href":"https:\/\/slaptameile.lt\/en\/wp-json\/wp\/v2\/comments?post=816"}],"wp:featuredmedia":[{"embeddable":true,"href":"https:\/\/slaptameile.lt\/en\/wp-json\/wp\/v2\/media\/817"}],"wp:attachment":[{"href":"https:\/\/slaptameile.lt\/en\/wp-json\/wp\/v2\/media?parent=816"}],"wp:term":[{"taxonomy":"partner","embeddable":true,"href":"https:\/\/slaptameile.lt\/en\/wp-json\/wp\/v2\/partner?post=816"},{"taxonomy":"product_brand","embeddable":true,"href":"https:\/\/slaptameile.lt\/en\/wp-json\/wp\/v2\/product_brand?post=816"},{"taxonomy":"product_cat","embeddable":true,"href":"https:\/\/slaptameile.lt\/en\/wp-json\/wp\/v2\/product_cat?post=816"},{"taxonomy":"product_tag","embeddable":true,"href":"https:\/\/slaptameile.lt\/en\/wp-json\/wp\/v2\/product_tag?post=816"}],"curies":[{"name":"wp","href":"https:\/\/api.w.org\/{rel}","templated":true}]}}