{"id":811,"date":"2024-08-08T20:37:13","date_gmt":"2024-08-08T17:37:13","guid":{"rendered":"https:\/\/slaptameile.lt\/?post_type=product&#038;p=811"},"modified":"2026-04-08T16:01:38","modified_gmt":"2026-04-08T13:01:38","slug":"pirkiniu-krepsys-karaliene-barbora-rebel-queen","status":"publish","type":"product","link":"https:\/\/slaptameile.lt\/en\/preke\/pirkiniu-krepsys-karaliene-barbora-rebel-queen\/","title":{"rendered":"Shopping Bag \u201eQueen Barbora\u201c | REBEL QUEEN"},"content":{"rendered":"<p>Barbora Radvilait\u0117, bet ro\u017einiame fone ir su \u0161irdel\u0117s akiniais \u2013 nes karalien\u0117s taip pat gali b\u016bti pop ikon\u0117l\u0117s. \u0160is\u00a0didelis pirkini\u0173 krep\u0161ys\u00a0\u012fk\u016bnija mai\u0161t\u0105, stili\u0173 ir laisv\u0119 rinktis \u2013 lygiai taip, kaip Barbora pasirinko meil\u0119 vietoje diplomatin\u0117s sutarties.<\/p>\n<p>Dydis: ~48 x 45 cm \u2013 vietos u\u017eteks ir barbori\u0161koms dramoms, ir revoliucijai \u201eon the go\u201c<br \/>\nAudinys: tvirtas, lengvai skalbiamas poliesteris \u2013 atlaikys ir liet\u0173, ir kompliment\u0173 audras<br \/>\nViduje: vidin\u0117 ki\u0161en\u0117l\u0117 ma\u017eoms paslaptims \u2013 l\u016bp\u0173 da\u017eai, pasas ar tavo mini manifestas<br \/>\nU\u017etrauktukas: taip, yra \u2013 kad niekas nei\u0161spr\u016bst\u0173 i\u0161 tavo karali\u0161kos kasdienyb\u0117s<\/p>\n<p>\u0160i rankin\u0117 tarsi sako: \u201eA\u0161 valdov\u0117, moku ne\u0161ioti komp\u0105 ar pirkinius su stiliumi.\u201c<\/p>","protected":false},"excerpt":{"rendered":"<p>Barbora Radvilait\u0117, bet ro\u017einiame fone ir su \u0161irdel\u0117s akiniais \u2013 nes karalien\u0117s taip pat gali b\u016bti pop ikon\u0117l\u0117s. \u0160is\u00a0didelis pirkini\u0173 krep\u0161ys\u00a0\u012fk\u016bnija mai\u0161t\u0105, stili\u0173 ir laisv\u0119 rinktis \u2013 lygiai taip, kaip Barbora pasirinko meil\u0119 vietoje diplomatin\u0117s sutarties.<\/p>\n<p>Dydis: ~48 x 45 cm \u2013 vietos u\u017eteks ir barbori\u0161koms dramoms, ir revoliucijai \u201eon the go\u201c<br \/>\nAudinys: tvirtas, lengvai skalbiamas poliesteris \u2013 atlaikys ir liet\u0173, ir kompliment\u0173 audras<br \/>\nViduje: vidin\u0117 ki\u0161en\u0117l\u0117 ma\u017eoms paslaptims \u2013 l\u016bp\u0173 da\u017eai, pasas ar tavo mini manifestas<br \/>\nU\u017etrauktukas: taip, yra \u2013 kad niekas nei\u0161spr\u016bst\u0173 i\u0161 tavo karali\u0161kos kasdienyb\u0117s<\/p>\n<p>\u0160i rankin\u0117 tarsi sako: \u201eA\u0161 valdov\u0117, moku ne\u0161ioti komp\u0105 ar pirkinius su stiliumi.\u201c<\/p>","protected":false},"featured_media":812,"comment_status":"open","ping_status":"closed","template":"","meta":{"_acf_changed":false},"partner":[54],"product_brand":[],"product_cat":[26,18],"product_tag":[],"class_list":{"0":"post-811","1":"product","2":"type-product","3":"status-publish","4":"has-post-thumbnail","6":"partner-pitex","7":"product_cat-karaliskajam-stiliui","8":"product_cat-karaliskoji-kolekcija","10":"first","11":"instock","12":"taxable","13":"shipping-taxable","14":"purchasable","15":"product-type-simple"},"acf":[],"yoast_head":"<!-- This site is optimized with the Yoast SEO plugin v27.5 - https:\/\/yoast.com\/product\/yoast-seo-wordpress\/ -->\n<title>Pirkini\u0173 krep\u0161ys \u201eKaralien\u0117 Barbora\u201c | REBEL QUEEN - Slapta Meil\u0117<\/title>\n<meta name=\"robots\" content=\"index, follow, max-snippet:-1, max-image-preview:large, max-video-preview:-1\" \/>\n<link rel=\"canonical\" href=\"https:\/\/slaptameile.lt\/en\/preke\/pirkiniu-krepsys-karaliene-barbora-rebel-queen\/\" \/>\n<meta property=\"og:locale\" content=\"en_US\" \/>\n<meta property=\"og:type\" content=\"article\" \/>\n<meta property=\"og:title\" content=\"Pirkini\u0173 krep\u0161ys \u201eKaralien\u0117 Barbora\u201c | REBEL QUEEN - Slapta Meil\u0117\" \/>\n<meta property=\"og:description\" content=\"Barbora Radvilait\u0117, bet ro\u017einiame fone ir su \u0161irdel\u0117s akiniais \u2013 nes karalien\u0117s taip pat gali b\u016bti pop ikon\u0117l\u0117s. \u0160is\u00a0didelis pirkini\u0173 krep\u0161ys\u00a0\u012fk\u016bnija mai\u0161t\u0105, stili\u0173 ir laisv\u0119 rinktis \u2013 lygiai taip, kaip Barbora pasirinko meil\u0119 vietoje diplomatin\u0117s sutarties.  Dydis: ~48 x 45 cm \u2013 vietos u\u017eteks ir barbori\u0161koms dramoms, ir revoliucijai \u201eon the go\u201c Audinys: tvirtas, lengvai skalbiamas poliesteris \u2013 atlaikys ir liet\u0173, ir kompliment\u0173 audras Viduje: vidin\u0117 ki\u0161en\u0117l\u0117 ma\u017eoms paslaptims \u2013 l\u016bp\u0173 da\u017eai, pasas ar tavo mini manifestas U\u017etrauktukas: taip, yra \u2013 kad niekas nei\u0161spr\u016bst\u0173 i\u0161 tavo karali\u0161kos kasdienyb\u0117s  \u0160i rankin\u0117 tarsi sako: \u201eA\u0161 valdov\u0117, moku ne\u0161ioti komp\u0105 ar pirkinius su stiliumi.\u201c\" \/>\n<meta property=\"og:url\" content=\"https:\/\/slaptameile.lt\/en\/preke\/pirkiniu-krepsys-karaliene-barbora-rebel-queen\/\" \/>\n<meta property=\"og:site_name\" content=\"Slapta Meil\u0117\" \/>\n<meta property=\"article:publisher\" content=\"https:\/\/www.facebook.com\/SlaptaMeileBarbora\" \/>\n<meta property=\"article:modified_time\" content=\"2026-04-08T13:01:38+00:00\" \/>\n<meta property=\"og:image\" content=\"https:\/\/slaptameile.lt\/wp-content\/uploads\/2025\/10\/sm25.05.281329-Edit.jpg\" \/>\n\t<meta property=\"og:image:width\" content=\"2400\" \/>\n\t<meta property=\"og:image:height\" content=\"3000\" \/>\n\t<meta property=\"og:image:type\" content=\"image\/jpeg\" \/>\n<meta name=\"twitter:card\" content=\"summary_large_image\" \/>\n<meta name=\"twitter:label1\" content=\"Est. reading time\" \/>\n\t<meta name=\"twitter:data1\" content=\"1 minute\" \/>\n<script type=\"application\/ld+json\" class=\"yoast-schema-graph\">{\"@context\":\"https:\\\/\\\/schema.org\",\"@graph\":[{\"@type\":\"WebPage\",\"@id\":\"https:\\\/\\\/slaptameile.lt\\\/preke\\\/pirkiniu-krepsys-karaliene-barbora-rebel-queen\\\/\",\"url\":\"https:\\\/\\\/slaptameile.lt\\\/preke\\\/pirkiniu-krepsys-karaliene-barbora-rebel-queen\\\/\",\"name\":\"Pirkini\u0173 krep\u0161ys \u201eKaralien\u0117 Barbora\u201c | REBEL QUEEN - Slapta Meil\u0117\",\"isPartOf\":{\"@id\":\"https:\\\/\\\/slaptameile.lt\\\/#website\"},\"primaryImageOfPage\":{\"@id\":\"https:\\\/\\\/slaptameile.lt\\\/preke\\\/pirkiniu-krepsys-karaliene-barbora-rebel-queen\\\/#primaryimage\"},\"image\":{\"@id\":\"https:\\\/\\\/slaptameile.lt\\\/preke\\\/pirkiniu-krepsys-karaliene-barbora-rebel-queen\\\/#primaryimage\"},\"thumbnailUrl\":\"https:\\\/\\\/slaptameile.lt\\\/wp-content\\\/uploads\\\/2025\\\/10\\\/sm25.05.281329-Edit.jpg\",\"datePublished\":\"2024-08-08T17:37:13+00:00\",\"dateModified\":\"2026-04-08T13:01:38+00:00\",\"breadcrumb\":{\"@id\":\"https:\\\/\\\/slaptameile.lt\\\/preke\\\/pirkiniu-krepsys-karaliene-barbora-rebel-queen\\\/#breadcrumb\"},\"inLanguage\":\"en-US\",\"potentialAction\":[{\"@type\":\"ReadAction\",\"target\":[\"https:\\\/\\\/slaptameile.lt\\\/preke\\\/pirkiniu-krepsys-karaliene-barbora-rebel-queen\\\/\"]}]},{\"@type\":\"ImageObject\",\"inLanguage\":\"en-US\",\"@id\":\"https:\\\/\\\/slaptameile.lt\\\/preke\\\/pirkiniu-krepsys-karaliene-barbora-rebel-queen\\\/#primaryimage\",\"url\":\"https:\\\/\\\/slaptameile.lt\\\/wp-content\\\/uploads\\\/2025\\\/10\\\/sm25.05.281329-Edit.jpg\",\"contentUrl\":\"https:\\\/\\\/slaptameile.lt\\\/wp-content\\\/uploads\\\/2025\\\/10\\\/sm25.05.281329-Edit.jpg\",\"width\":2400,\"height\":3000},{\"@type\":\"BreadcrumbList\",\"@id\":\"https:\\\/\\\/slaptameile.lt\\\/preke\\\/pirkiniu-krepsys-karaliene-barbora-rebel-queen\\\/#breadcrumb\",\"itemListElement\":[{\"@type\":\"ListItem\",\"position\":1,\"name\":\"Home\",\"item\":\"https:\\\/\\\/slaptameile.lt\\\/\"},{\"@type\":\"ListItem\",\"position\":2,\"name\":\"Parduotuv\u0117\",\"item\":\"https:\\\/\\\/slaptameile.lt\\\/parduotuve\\\/\"},{\"@type\":\"ListItem\",\"position\":3,\"name\":\"Pirkini\u0173 krep\u0161ys \u201eKaralien\u0117 Barbora\u201c | REBEL QUEEN\"}]},{\"@type\":\"WebSite\",\"@id\":\"https:\\\/\\\/slaptameile.lt\\\/#website\",\"url\":\"https:\\\/\\\/slaptameile.lt\\\/\",\"name\":\"Slapta Meil\u0117\",\"description\":\"\",\"publisher\":{\"@id\":\"https:\\\/\\\/slaptameile.lt\\\/#organization\"},\"potentialAction\":[{\"@type\":\"SearchAction\",\"target\":{\"@type\":\"EntryPoint\",\"urlTemplate\":\"https:\\\/\\\/slaptameile.lt\\\/?s={search_term_string}\"},\"query-input\":{\"@type\":\"PropertyValueSpecification\",\"valueRequired\":true,\"valueName\":\"search_term_string\"}}],\"inLanguage\":\"en-US\"},{\"@type\":\"Organization\",\"@id\":\"https:\\\/\\\/slaptameile.lt\\\/#organization\",\"name\":\"Slapta Meil\u0117\",\"url\":\"https:\\\/\\\/slaptameile.lt\\\/\",\"logo\":{\"@type\":\"ImageObject\",\"inLanguage\":\"en-US\",\"@id\":\"https:\\\/\\\/slaptameile.lt\\\/#\\\/schema\\\/logo\\\/image\\\/\",\"url\":\"https:\\\/\\\/slaptameile.lt\\\/wp-content\\\/uploads\\\/2026\\\/04\\\/sm-logo.jpg\",\"contentUrl\":\"https:\\\/\\\/slaptameile.lt\\\/wp-content\\\/uploads\\\/2026\\\/04\\\/sm-logo.jpg\",\"width\":810,\"height\":380,\"caption\":\"Slapta Meil\u0117\"},\"image\":{\"@id\":\"https:\\\/\\\/slaptameile.lt\\\/#\\\/schema\\\/logo\\\/image\\\/\"},\"sameAs\":[\"https:\\\/\\\/www.facebook.com\\\/SlaptaMeileBarbora\",\"https:\\\/\\\/www.instagram.com\\\/slaptameile\",\"https:\\\/\\\/www.tiktok.com\\\/@slaptameile1\"]}]}<\/script>\n<!-- \/ Yoast SEO plugin. -->","yoast_head_json":{"title":"Pirkini\u0173 krep\u0161ys \u201eKaralien\u0117 Barbora\u201c | REBEL QUEEN - Slapta Meil\u0117","robots":{"index":"index","follow":"follow","max-snippet":"max-snippet:-1","max-image-preview":"max-image-preview:large","max-video-preview":"max-video-preview:-1"},"canonical":"https:\/\/slaptameile.lt\/en\/preke\/pirkiniu-krepsys-karaliene-barbora-rebel-queen\/","og_locale":"en_US","og_type":"article","og_title":"Pirkini\u0173 krep\u0161ys \u201eKaralien\u0117 Barbora\u201c | REBEL QUEEN - Slapta Meil\u0117","og_description":"Barbora Radvilait\u0117, bet ro\u017einiame fone ir su \u0161irdel\u0117s akiniais \u2013 nes karalien\u0117s taip pat gali b\u016bti pop ikon\u0117l\u0117s. \u0160is\u00a0didelis pirkini\u0173 krep\u0161ys\u00a0\u012fk\u016bnija mai\u0161t\u0105, stili\u0173 ir laisv\u0119 rinktis \u2013 lygiai taip, kaip Barbora pasirinko meil\u0119 vietoje diplomatin\u0117s sutarties.  Dydis: ~48 x 45 cm \u2013 vietos u\u017eteks ir barbori\u0161koms dramoms, ir revoliucijai \u201eon the go\u201c Audinys: tvirtas, lengvai skalbiamas poliesteris \u2013 atlaikys ir liet\u0173, ir kompliment\u0173 audras Viduje: vidin\u0117 ki\u0161en\u0117l\u0117 ma\u017eoms paslaptims \u2013 l\u016bp\u0173 da\u017eai, pasas ar tavo mini manifestas U\u017etrauktukas: taip, yra \u2013 kad niekas nei\u0161spr\u016bst\u0173 i\u0161 tavo karali\u0161kos kasdienyb\u0117s  \u0160i rankin\u0117 tarsi sako: \u201eA\u0161 valdov\u0117, moku ne\u0161ioti komp\u0105 ar pirkinius su stiliumi.\u201c","og_url":"https:\/\/slaptameile.lt\/en\/preke\/pirkiniu-krepsys-karaliene-barbora-rebel-queen\/","og_site_name":"Slapta Meil\u0117","article_publisher":"https:\/\/www.facebook.com\/SlaptaMeileBarbora","article_modified_time":"2026-04-08T13:01:38+00:00","og_image":[{"width":2400,"height":3000,"url":"https:\/\/slaptameile.lt\/wp-content\/uploads\/2025\/10\/sm25.05.281329-Edit.jpg","type":"image\/jpeg"}],"twitter_card":"summary_large_image","twitter_misc":{"Est. reading time":"1 minute"},"schema":{"@context":"https:\/\/schema.org","@graph":[{"@type":"WebPage","@id":"https:\/\/slaptameile.lt\/preke\/pirkiniu-krepsys-karaliene-barbora-rebel-queen\/","url":"https:\/\/slaptameile.lt\/preke\/pirkiniu-krepsys-karaliene-barbora-rebel-queen\/","name":"Pirkini\u0173 krep\u0161ys \u201eKaralien\u0117 Barbora\u201c | REBEL QUEEN - Slapta Meil\u0117","isPartOf":{"@id":"https:\/\/slaptameile.lt\/#website"},"primaryImageOfPage":{"@id":"https:\/\/slaptameile.lt\/preke\/pirkiniu-krepsys-karaliene-barbora-rebel-queen\/#primaryimage"},"image":{"@id":"https:\/\/slaptameile.lt\/preke\/pirkiniu-krepsys-karaliene-barbora-rebel-queen\/#primaryimage"},"thumbnailUrl":"https:\/\/slaptameile.lt\/wp-content\/uploads\/2025\/10\/sm25.05.281329-Edit.jpg","datePublished":"2024-08-08T17:37:13+00:00","dateModified":"2026-04-08T13:01:38+00:00","breadcrumb":{"@id":"https:\/\/slaptameile.lt\/preke\/pirkiniu-krepsys-karaliene-barbora-rebel-queen\/#breadcrumb"},"inLanguage":"en-US","potentialAction":[{"@type":"ReadAction","target":["https:\/\/slaptameile.lt\/preke\/pirkiniu-krepsys-karaliene-barbora-rebel-queen\/"]}]},{"@type":"ImageObject","inLanguage":"en-US","@id":"https:\/\/slaptameile.lt\/preke\/pirkiniu-krepsys-karaliene-barbora-rebel-queen\/#primaryimage","url":"https:\/\/slaptameile.lt\/wp-content\/uploads\/2025\/10\/sm25.05.281329-Edit.jpg","contentUrl":"https:\/\/slaptameile.lt\/wp-content\/uploads\/2025\/10\/sm25.05.281329-Edit.jpg","width":2400,"height":3000},{"@type":"BreadcrumbList","@id":"https:\/\/slaptameile.lt\/preke\/pirkiniu-krepsys-karaliene-barbora-rebel-queen\/#breadcrumb","itemListElement":[{"@type":"ListItem","position":1,"name":"Home","item":"https:\/\/slaptameile.lt\/"},{"@type":"ListItem","position":2,"name":"Parduotuv\u0117","item":"https:\/\/slaptameile.lt\/parduotuve\/"},{"@type":"ListItem","position":3,"name":"Pirkini\u0173 krep\u0161ys \u201eKaralien\u0117 Barbora\u201c | REBEL QUEEN"}]},{"@type":"WebSite","@id":"https:\/\/slaptameile.lt\/#website","url":"https:\/\/slaptameile.lt\/","name":"Secret Love","description":"","publisher":{"@id":"https:\/\/slaptameile.lt\/#organization"},"potentialAction":[{"@type":"SearchAction","target":{"@type":"EntryPoint","urlTemplate":"https:\/\/slaptameile.lt\/?s={search_term_string}"},"query-input":{"@type":"PropertyValueSpecification","valueRequired":true,"valueName":"search_term_string"}}],"inLanguage":"en-US"},{"@type":"Organization","@id":"https:\/\/slaptameile.lt\/#organization","name":"Secret Love","url":"https:\/\/slaptameile.lt\/","logo":{"@type":"ImageObject","inLanguage":"en-US","@id":"https:\/\/slaptameile.lt\/#\/schema\/logo\/image\/","url":"https:\/\/slaptameile.lt\/wp-content\/uploads\/2026\/04\/sm-logo.jpg","contentUrl":"https:\/\/slaptameile.lt\/wp-content\/uploads\/2026\/04\/sm-logo.jpg","width":810,"height":380,"caption":"Slapta Meil\u0117"},"image":{"@id":"https:\/\/slaptameile.lt\/#\/schema\/logo\/image\/"},"sameAs":["https:\/\/www.facebook.com\/SlaptaMeileBarbora","https:\/\/www.instagram.com\/slaptameile","https:\/\/www.tiktok.com\/@slaptameile1"]}]}},"_links":{"self":[{"href":"https:\/\/slaptameile.lt\/en\/wp-json\/wp\/v2\/product\/811","targetHints":{"allow":["GET"]}}],"collection":[{"href":"https:\/\/slaptameile.lt\/en\/wp-json\/wp\/v2\/product"}],"about":[{"href":"https:\/\/slaptameile.lt\/en\/wp-json\/wp\/v2\/types\/product"}],"replies":[{"embeddable":true,"href":"https:\/\/slaptameile.lt\/en\/wp-json\/wp\/v2\/comments?post=811"}],"wp:featuredmedia":[{"embeddable":true,"href":"https:\/\/slaptameile.lt\/en\/wp-json\/wp\/v2\/media\/812"}],"wp:attachment":[{"href":"https:\/\/slaptameile.lt\/en\/wp-json\/wp\/v2\/media?parent=811"}],"wp:term":[{"taxonomy":"partner","embeddable":true,"href":"https:\/\/slaptameile.lt\/en\/wp-json\/wp\/v2\/partner?post=811"},{"taxonomy":"product_brand","embeddable":true,"href":"https:\/\/slaptameile.lt\/en\/wp-json\/wp\/v2\/product_brand?post=811"},{"taxonomy":"product_cat","embeddable":true,"href":"https:\/\/slaptameile.lt\/en\/wp-json\/wp\/v2\/product_cat?post=811"},{"taxonomy":"product_tag","embeddable":true,"href":"https:\/\/slaptameile.lt\/en\/wp-json\/wp\/v2\/product_tag?post=811"}],"curies":[{"name":"wp","href":"https:\/\/api.w.org\/{rel}","templated":true}]}}