{"id":793,"date":"2024-08-08T20:50:27","date_gmt":"2024-08-08T17:50:27","guid":{"rendered":"https:\/\/slaptameile.lt\/?post_type=product&#038;p=793"},"modified":"2026-04-08T16:00:32","modified_gmt":"2026-04-08T13:00:32","slug":"marskineliai-karuna","status":"publish","type":"product","link":"https:\/\/slaptameile.lt\/en\/preke\/marskineliai-karuna\/","title":{"rendered":"T-shirt \u201eKAR\u016aNA\u201c"},"content":{"rendered":"<p><strong>T-shirt \u201eKAR\u016aNA\u201c<\/strong><\/p>\n<p>Kai nebenori \u0161nab\u017ed\u0117tis, kai geriau spinduliuoti autoritet\u0105 be joki\u0173 \u012f\u017eang\u0173. U\u017ed\u0117k kar\u016bn\u0105 \u2013 ant sav\u0119s, ne kit\u0173. Kas \u010dia valdo? Spoileris: tu.<\/p>\n<p>100% medviln\u0117, oversize modelis<br \/>\n<strong>Sizes:<\/strong> S, M, L, XL<br \/>\n<strong>Spalvos:<\/strong> juoda \/ balta<\/p>","protected":false},"excerpt":{"rendered":"<p>Kai nebenori \u0161nab\u017ed\u0117tis, kai geriau spinduliuoti autoritet\u0105 be joki\u0173 \u012f\u017eang\u0173. U\u017ed\u0117k kar\u016bn\u0105 \u2013 ant sav\u0119s, ne kit\u0173. Kas \u010dia valdo? Spoileris: tu.<\/p>\n<p>100% medviln\u0117, oversize modelis<\/p>\n<p><strong>Dyd\u017eiai<\/strong>: S, M, L, XL (dyd\u017ei\u0173 lentel\u0119 rasite prie mar\u0161kin\u0117li\u0173 nuotrauk\u0173)<br \/>\n<em>Nuotraukose mot. modelis 170 cm. \u016bgio ir d\u0117vi M dyd\u017eio mar\u0161kin\u0117lius, vyr. modelis 184 cm. \u016bgio ir d\u0117vi XL dyd\u017eio mar\u0161kin\u0117lius.<br \/>\n<\/em><br \/>\n<strong>Spalvos:<\/strong> juoda \/ balta<\/p>\n<p><em>* i\u0161skirtinais atvejais mar\u0161kin\u0117li\u0173 pristatymas gali u\u017etrukti iki 5 darbo dien\u0173, tad jei Jums svarbus pristatymo laikas &#8211; susira\u0161ykime: labas@slaptameile.lt<\/em><\/p>","protected":false},"featured_media":794,"comment_status":"open","ping_status":"closed","template":"","meta":{"_acf_changed":false},"partner":[],"product_brand":[],"product_cat":[26,18],"product_tag":[],"class_list":{"0":"post-793","1":"product","2":"type-product","3":"status-publish","4":"has-post-thumbnail","6":"product_cat-karaliskajam-stiliui","7":"product_cat-karaliskoji-kolekcija","9":"first","10":"instock","11":"taxable","12":"shipping-taxable","13":"purchasable","14":"product-type-variable"},"acf":[],"yoast_head":"<!-- This site is optimized with the Yoast SEO plugin v27.5 - https:\/\/yoast.com\/product\/yoast-seo-wordpress\/ -->\n<title>Mar\u0161kin\u0117liai \u201eKAR\u016aNA\u201c - Slapta Meil\u0117<\/title>\n<meta name=\"robots\" content=\"index, follow, max-snippet:-1, max-image-preview:large, max-video-preview:-1\" \/>\n<link rel=\"canonical\" href=\"https:\/\/slaptameile.lt\/en\/preke\/marskineliai-karuna\/\" \/>\n<meta property=\"og:locale\" content=\"en_US\" \/>\n<meta property=\"og:type\" content=\"article\" \/>\n<meta property=\"og:title\" content=\"Mar\u0161kin\u0117liai \u201eKAR\u016aNA\u201c - Slapta Meil\u0117\" \/>\n<meta property=\"og:description\" content=\"Kai nebenori \u0161nab\u017ed\u0117tis, kai geriau spinduliuoti autoritet\u0105 be joki\u0173 \u012f\u017eang\u0173. U\u017ed\u0117k kar\u016bn\u0105 \u2013 ant sav\u0119s, ne kit\u0173. Kas \u010dia valdo? Spoileris: tu.  100% medviln\u0117, oversize modelis  Dyd\u017eiai: S, M, L, XL (dyd\u017ei\u0173 lentel\u0119 rasite prie mar\u0161kin\u0117li\u0173 nuotrauk\u0173) Nuotraukose mot. modelis 170 cm. \u016bgio ir d\u0117vi M dyd\u017eio mar\u0161kin\u0117lius, vyr. modelis 184 cm. \u016bgio ir d\u0117vi XL dyd\u017eio mar\u0161kin\u0117lius.  Spalvos: juoda \/ balta  * i\u0161skirtinais atvejais mar\u0161kin\u0117li\u0173 pristatymas gali u\u017etrukti iki 5 darbo dien\u0173, tad jei Jums svarbus pristatymo laikas - susira\u0161ykime: labas@slaptameile.lt\" \/>\n<meta property=\"og:url\" content=\"https:\/\/slaptameile.lt\/en\/preke\/marskineliai-karuna\/\" \/>\n<meta property=\"og:site_name\" content=\"Slapta Meil\u0117\" \/>\n<meta property=\"article:publisher\" content=\"https:\/\/www.facebook.com\/SlaptaMeileBarbora\" \/>\n<meta property=\"article:modified_time\" content=\"2026-04-08T13:00:32+00:00\" \/>\n<meta property=\"og:image\" content=\"https:\/\/slaptameile.lt\/wp-content\/uploads\/2025\/10\/D-02.jpg\" \/>\n\t<meta property=\"og:image:width\" content=\"2400\" \/>\n\t<meta property=\"og:image:height\" content=\"3000\" \/>\n\t<meta property=\"og:image:type\" content=\"image\/jpeg\" \/>\n<meta name=\"twitter:card\" content=\"summary_large_image\" \/>\n<script type=\"application\/ld+json\" class=\"yoast-schema-graph\">{\"@context\":\"https:\\\/\\\/schema.org\",\"@graph\":[{\"@type\":\"WebPage\",\"@id\":\"https:\\\/\\\/slaptameile.lt\\\/preke\\\/marskineliai-karuna\\\/\",\"url\":\"https:\\\/\\\/slaptameile.lt\\\/preke\\\/marskineliai-karuna\\\/\",\"name\":\"Mar\u0161kin\u0117liai \u201eKAR\u016aNA\u201c - Slapta Meil\u0117\",\"isPartOf\":{\"@id\":\"https:\\\/\\\/slaptameile.lt\\\/#website\"},\"primaryImageOfPage\":{\"@id\":\"https:\\\/\\\/slaptameile.lt\\\/preke\\\/marskineliai-karuna\\\/#primaryimage\"},\"image\":{\"@id\":\"https:\\\/\\\/slaptameile.lt\\\/preke\\\/marskineliai-karuna\\\/#primaryimage\"},\"thumbnailUrl\":\"https:\\\/\\\/slaptameile.lt\\\/wp-content\\\/uploads\\\/2025\\\/10\\\/D-02.jpg\",\"datePublished\":\"2024-08-08T17:50:27+00:00\",\"dateModified\":\"2026-04-08T13:00:32+00:00\",\"breadcrumb\":{\"@id\":\"https:\\\/\\\/slaptameile.lt\\\/preke\\\/marskineliai-karuna\\\/#breadcrumb\"},\"inLanguage\":\"en-US\",\"potentialAction\":[{\"@type\":\"ReadAction\",\"target\":[\"https:\\\/\\\/slaptameile.lt\\\/preke\\\/marskineliai-karuna\\\/\"]}]},{\"@type\":\"ImageObject\",\"inLanguage\":\"en-US\",\"@id\":\"https:\\\/\\\/slaptameile.lt\\\/preke\\\/marskineliai-karuna\\\/#primaryimage\",\"url\":\"https:\\\/\\\/slaptameile.lt\\\/wp-content\\\/uploads\\\/2025\\\/10\\\/D-02.jpg\",\"contentUrl\":\"https:\\\/\\\/slaptameile.lt\\\/wp-content\\\/uploads\\\/2025\\\/10\\\/D-02.jpg\",\"width\":2400,\"height\":3000},{\"@type\":\"BreadcrumbList\",\"@id\":\"https:\\\/\\\/slaptameile.lt\\\/preke\\\/marskineliai-karuna\\\/#breadcrumb\",\"itemListElement\":[{\"@type\":\"ListItem\",\"position\":1,\"name\":\"Home\",\"item\":\"https:\\\/\\\/slaptameile.lt\\\/\"},{\"@type\":\"ListItem\",\"position\":2,\"name\":\"Parduotuv\u0117\",\"item\":\"https:\\\/\\\/slaptameile.lt\\\/parduotuve\\\/\"},{\"@type\":\"ListItem\",\"position\":3,\"name\":\"Mar\u0161kin\u0117liai \u201eKAR\u016aNA\u201c\"}]},{\"@type\":\"WebSite\",\"@id\":\"https:\\\/\\\/slaptameile.lt\\\/#website\",\"url\":\"https:\\\/\\\/slaptameile.lt\\\/\",\"name\":\"Slapta Meil\u0117\",\"description\":\"\",\"publisher\":{\"@id\":\"https:\\\/\\\/slaptameile.lt\\\/#organization\"},\"potentialAction\":[{\"@type\":\"SearchAction\",\"target\":{\"@type\":\"EntryPoint\",\"urlTemplate\":\"https:\\\/\\\/slaptameile.lt\\\/?s={search_term_string}\"},\"query-input\":{\"@type\":\"PropertyValueSpecification\",\"valueRequired\":true,\"valueName\":\"search_term_string\"}}],\"inLanguage\":\"en-US\"},{\"@type\":\"Organization\",\"@id\":\"https:\\\/\\\/slaptameile.lt\\\/#organization\",\"name\":\"Slapta Meil\u0117\",\"url\":\"https:\\\/\\\/slaptameile.lt\\\/\",\"logo\":{\"@type\":\"ImageObject\",\"inLanguage\":\"en-US\",\"@id\":\"https:\\\/\\\/slaptameile.lt\\\/#\\\/schema\\\/logo\\\/image\\\/\",\"url\":\"https:\\\/\\\/slaptameile.lt\\\/wp-content\\\/uploads\\\/2026\\\/04\\\/sm-logo.jpg\",\"contentUrl\":\"https:\\\/\\\/slaptameile.lt\\\/wp-content\\\/uploads\\\/2026\\\/04\\\/sm-logo.jpg\",\"width\":810,\"height\":380,\"caption\":\"Slapta Meil\u0117\"},\"image\":{\"@id\":\"https:\\\/\\\/slaptameile.lt\\\/#\\\/schema\\\/logo\\\/image\\\/\"},\"sameAs\":[\"https:\\\/\\\/www.facebook.com\\\/SlaptaMeileBarbora\",\"https:\\\/\\\/www.instagram.com\\\/slaptameile\",\"https:\\\/\\\/www.tiktok.com\\\/@slaptameile1\"]}]}<\/script>\n<!-- \/ Yoast SEO plugin. -->","yoast_head_json":{"title":"Mar\u0161kin\u0117liai \u201eKAR\u016aNA\u201c - Slapta Meil\u0117","robots":{"index":"index","follow":"follow","max-snippet":"max-snippet:-1","max-image-preview":"max-image-preview:large","max-video-preview":"max-video-preview:-1"},"canonical":"https:\/\/slaptameile.lt\/en\/preke\/marskineliai-karuna\/","og_locale":"en_US","og_type":"article","og_title":"Mar\u0161kin\u0117liai \u201eKAR\u016aNA\u201c - Slapta Meil\u0117","og_description":"Kai nebenori \u0161nab\u017ed\u0117tis, kai geriau spinduliuoti autoritet\u0105 be joki\u0173 \u012f\u017eang\u0173. U\u017ed\u0117k kar\u016bn\u0105 \u2013 ant sav\u0119s, ne kit\u0173. Kas \u010dia valdo? Spoileris: tu.  100% medviln\u0117, oversize modelis  Dyd\u017eiai: S, M, L, XL (dyd\u017ei\u0173 lentel\u0119 rasite prie mar\u0161kin\u0117li\u0173 nuotrauk\u0173) Nuotraukose mot. modelis 170 cm. \u016bgio ir d\u0117vi M dyd\u017eio mar\u0161kin\u0117lius, vyr. modelis 184 cm. \u016bgio ir d\u0117vi XL dyd\u017eio mar\u0161kin\u0117lius.  Spalvos: juoda \/ balta  * i\u0161skirtinais atvejais mar\u0161kin\u0117li\u0173 pristatymas gali u\u017etrukti iki 5 darbo dien\u0173, tad jei Jums svarbus pristatymo laikas - susira\u0161ykime: labas@slaptameile.lt","og_url":"https:\/\/slaptameile.lt\/en\/preke\/marskineliai-karuna\/","og_site_name":"Slapta Meil\u0117","article_publisher":"https:\/\/www.facebook.com\/SlaptaMeileBarbora","article_modified_time":"2026-04-08T13:00:32+00:00","og_image":[{"width":2400,"height":3000,"url":"https:\/\/slaptameile.lt\/wp-content\/uploads\/2025\/10\/D-02.jpg","type":"image\/jpeg"}],"twitter_card":"summary_large_image","schema":{"@context":"https:\/\/schema.org","@graph":[{"@type":"WebPage","@id":"https:\/\/slaptameile.lt\/preke\/marskineliai-karuna\/","url":"https:\/\/slaptameile.lt\/preke\/marskineliai-karuna\/","name":"Mar\u0161kin\u0117liai \u201eKAR\u016aNA\u201c - Slapta Meil\u0117","isPartOf":{"@id":"https:\/\/slaptameile.lt\/#website"},"primaryImageOfPage":{"@id":"https:\/\/slaptameile.lt\/preke\/marskineliai-karuna\/#primaryimage"},"image":{"@id":"https:\/\/slaptameile.lt\/preke\/marskineliai-karuna\/#primaryimage"},"thumbnailUrl":"https:\/\/slaptameile.lt\/wp-content\/uploads\/2025\/10\/D-02.jpg","datePublished":"2024-08-08T17:50:27+00:00","dateModified":"2026-04-08T13:00:32+00:00","breadcrumb":{"@id":"https:\/\/slaptameile.lt\/preke\/marskineliai-karuna\/#breadcrumb"},"inLanguage":"en-US","potentialAction":[{"@type":"ReadAction","target":["https:\/\/slaptameile.lt\/preke\/marskineliai-karuna\/"]}]},{"@type":"ImageObject","inLanguage":"en-US","@id":"https:\/\/slaptameile.lt\/preke\/marskineliai-karuna\/#primaryimage","url":"https:\/\/slaptameile.lt\/wp-content\/uploads\/2025\/10\/D-02.jpg","contentUrl":"https:\/\/slaptameile.lt\/wp-content\/uploads\/2025\/10\/D-02.jpg","width":2400,"height":3000},{"@type":"BreadcrumbList","@id":"https:\/\/slaptameile.lt\/preke\/marskineliai-karuna\/#breadcrumb","itemListElement":[{"@type":"ListItem","position":1,"name":"Home","item":"https:\/\/slaptameile.lt\/"},{"@type":"ListItem","position":2,"name":"Parduotuv\u0117","item":"https:\/\/slaptameile.lt\/parduotuve\/"},{"@type":"ListItem","position":3,"name":"Mar\u0161kin\u0117liai \u201eKAR\u016aNA\u201c"}]},{"@type":"WebSite","@id":"https:\/\/slaptameile.lt\/#website","url":"https:\/\/slaptameile.lt\/","name":"Secret Love","description":"","publisher":{"@id":"https:\/\/slaptameile.lt\/#organization"},"potentialAction":[{"@type":"SearchAction","target":{"@type":"EntryPoint","urlTemplate":"https:\/\/slaptameile.lt\/?s={search_term_string}"},"query-input":{"@type":"PropertyValueSpecification","valueRequired":true,"valueName":"search_term_string"}}],"inLanguage":"en-US"},{"@type":"Organization","@id":"https:\/\/slaptameile.lt\/#organization","name":"Secret Love","url":"https:\/\/slaptameile.lt\/","logo":{"@type":"ImageObject","inLanguage":"en-US","@id":"https:\/\/slaptameile.lt\/#\/schema\/logo\/image\/","url":"https:\/\/slaptameile.lt\/wp-content\/uploads\/2026\/04\/sm-logo.jpg","contentUrl":"https:\/\/slaptameile.lt\/wp-content\/uploads\/2026\/04\/sm-logo.jpg","width":810,"height":380,"caption":"Slapta Meil\u0117"},"image":{"@id":"https:\/\/slaptameile.lt\/#\/schema\/logo\/image\/"},"sameAs":["https:\/\/www.facebook.com\/SlaptaMeileBarbora","https:\/\/www.instagram.com\/slaptameile","https:\/\/www.tiktok.com\/@slaptameile1"]}]}},"_links":{"self":[{"href":"https:\/\/slaptameile.lt\/en\/wp-json\/wp\/v2\/product\/793","targetHints":{"allow":["GET"]}}],"collection":[{"href":"https:\/\/slaptameile.lt\/en\/wp-json\/wp\/v2\/product"}],"about":[{"href":"https:\/\/slaptameile.lt\/en\/wp-json\/wp\/v2\/types\/product"}],"replies":[{"embeddable":true,"href":"https:\/\/slaptameile.lt\/en\/wp-json\/wp\/v2\/comments?post=793"}],"wp:featuredmedia":[{"embeddable":true,"href":"https:\/\/slaptameile.lt\/en\/wp-json\/wp\/v2\/media\/794"}],"wp:attachment":[{"href":"https:\/\/slaptameile.lt\/en\/wp-json\/wp\/v2\/media?parent=793"}],"wp:term":[{"taxonomy":"partner","embeddable":true,"href":"https:\/\/slaptameile.lt\/en\/wp-json\/wp\/v2\/partner?post=793"},{"taxonomy":"product_brand","embeddable":true,"href":"https:\/\/slaptameile.lt\/en\/wp-json\/wp\/v2\/product_brand?post=793"},{"taxonomy":"product_cat","embeddable":true,"href":"https:\/\/slaptameile.lt\/en\/wp-json\/wp\/v2\/product_cat?post=793"},{"taxonomy":"product_tag","embeddable":true,"href":"https:\/\/slaptameile.lt\/en\/wp-json\/wp\/v2\/product_tag?post=793"}],"curies":[{"name":"wp","href":"https:\/\/api.w.org\/{rel}","templated":true}]}}