{"id":719,"date":"2024-08-08T20:59:00","date_gmt":"2024-08-08T17:59:00","guid":{"rendered":"https:\/\/slaptameile.lt\/?post_type=product&#038;p=719"},"modified":"2026-04-08T15:57:21","modified_gmt":"2026-04-08T12:57:21","slug":"marskineliai-rebel-queen","status":"publish","type":"product","link":"https:\/\/slaptameile.lt\/en\/preke\/marskineliai-rebel-queen\/","title":{"rendered":"T-shirt \u201eREBEL QUEEN\u201c"},"content":{"rendered":"<p><strong>T-shirt \u201eREBEL QUEEN\u201c<\/strong><\/p>\n<p>Ne visos karalien\u0117s d\u0117vi kar\u016bnas. Kai kurios \u2013 mar\u0161kin\u0117lius ir rimt\u0105 veid\u0105. \u012ekv\u0117pta Barboros, kuri nevaidino karalien\u0117s \u2013 ji ja tapo, net kai visi tam prie\u0161inosi. \u0160ie mar\u0161kin\u0117liai \u2013 dr\u0105siems sprendimams, tyliai revoliucijai ir pasivaik\u0161\u010diojimams per gyvenim\u0105, tarsi tai b\u016bt\u0173 tavo pilis.<\/p>\n<p>100% medviln\u0117, oversize modelis<br \/>\n<strong>Dyd\u017eiai<\/strong>: S, M, L, XL<br \/>\n<strong>Spalvos:<\/strong> juoda \/ balta<\/p>","protected":false},"excerpt":{"rendered":"<p>Ne visos karalien\u0117s d\u0117vi kar\u016bnas. Kai kurios \u2013 mar\u0161kin\u0117lius ir rimt\u0105 veid\u0105. \u012ekv\u0117pta Barboros, kuri nevaidino karalien\u0117s \u2013 ji ja tapo, net kai visi tam prie\u0161inosi. \u0160ie mar\u0161kin\u0117liai \u2013 dr\u0105siems sprendimams, tyliai revoliucijai ir pasivaik\u0161\u010diojimams per gyvenim\u0105, tarsi tai b\u016bt\u0173 tavo pilis.<\/p>\n<p>100% medviln\u0117, oversize modelis<\/p>\n<p><strong>Dyd\u017eiai<\/strong>: S, M, L, XL (dyd\u017ei\u0173 lentel\u0119 rasite prie mar\u0161kin\u0117li\u0173 nuotrauk\u0173)<br \/>\n<em>Nuotraukose mot. modelis 170 cm. \u016bgio ir d\u0117vi M dyd\u017eio mar\u0161kin\u0117lius, vyr. modelis 184 cm. \u016bgio ir d\u0117vi XL dyd\u017eio mar\u0161kin\u0117lius.<br \/>\n<\/em><br \/>\n<strong>Spalvos:<\/strong> juoda \/ balta<\/p>\n<p><em>* i\u0161skirtinais atvejais mar\u0161kin\u0117li\u0173 pristatymas gali u\u017etrukti iki 5 darbo dien\u0173, tad jei Jums svarbus pristatymo laikas &#8211; susira\u0161ykime: labas@slaptameile.lt<\/em><\/p>","protected":false},"featured_media":720,"comment_status":"open","ping_status":"closed","template":"","meta":{"_acf_changed":false},"partner":[],"product_brand":[],"product_cat":[26,18],"product_tag":[],"class_list":{"0":"post-719","1":"product","2":"type-product","3":"status-publish","4":"has-post-thumbnail","6":"product_cat-karaliskajam-stiliui","7":"product_cat-karaliskoji-kolekcija","9":"first","10":"instock","11":"taxable","12":"shipping-taxable","13":"purchasable","14":"product-type-variable"},"acf":[],"yoast_head":"<!-- This site is optimized with the Yoast SEO plugin v27.5 - https:\/\/yoast.com\/product\/yoast-seo-wordpress\/ -->\n<title>Mar\u0161kin\u0117liai \u201eREBEL QUEEN\u201c - Slapta Meil\u0117<\/title>\n<meta name=\"robots\" content=\"index, follow, max-snippet:-1, max-image-preview:large, max-video-preview:-1\" \/>\n<link rel=\"canonical\" href=\"https:\/\/slaptameile.lt\/en\/preke\/marskineliai-rebel-queen\/\" \/>\n<meta property=\"og:locale\" content=\"en_US\" \/>\n<meta property=\"og:type\" content=\"article\" \/>\n<meta property=\"og:title\" content=\"Mar\u0161kin\u0117liai \u201eREBEL QUEEN\u201c - Slapta Meil\u0117\" \/>\n<meta property=\"og:description\" content=\"Ne visos karalien\u0117s d\u0117vi kar\u016bnas. Kai kurios \u2013 mar\u0161kin\u0117lius ir rimt\u0105 veid\u0105. \u012ekv\u0117pta Barboros, kuri nevaidino karalien\u0117s \u2013 ji ja tapo, net kai visi tam prie\u0161inosi. \u0160ie mar\u0161kin\u0117liai \u2013 dr\u0105siems sprendimams, tyliai revoliucijai ir pasivaik\u0161\u010diojimams per gyvenim\u0105, tarsi tai b\u016bt\u0173 tavo pilis.  100% medviln\u0117, oversize modelis  Dyd\u017eiai: S, M, L, XL (dyd\u017ei\u0173 lentel\u0119 rasite prie mar\u0161kin\u0117li\u0173 nuotrauk\u0173) Nuotraukose mot. modelis 170 cm. \u016bgio ir d\u0117vi M dyd\u017eio mar\u0161kin\u0117lius, vyr. modelis 184 cm. \u016bgio ir d\u0117vi XL dyd\u017eio mar\u0161kin\u0117lius.  Spalvos: juoda \/ balta  * i\u0161skirtinais atvejais mar\u0161kin\u0117li\u0173 pristatymas gali u\u017etrukti iki 5 darbo dien\u0173, tad jei Jums svarbus pristatymo laikas - susira\u0161ykime: labas@slaptameile.lt\" \/>\n<meta property=\"og:url\" content=\"https:\/\/slaptameile.lt\/en\/preke\/marskineliai-rebel-queen\/\" \/>\n<meta property=\"og:site_name\" content=\"Slapta Meil\u0117\" \/>\n<meta property=\"article:publisher\" content=\"https:\/\/www.facebook.com\/SlaptaMeileBarbora\" \/>\n<meta property=\"article:modified_time\" content=\"2026-04-08T12:57:21+00:00\" \/>\n<meta property=\"og:image\" content=\"https:\/\/slaptameile.lt\/wp-content\/uploads\/2025\/10\/SM-18.jpg\" \/>\n\t<meta property=\"og:image:width\" content=\"1366\" \/>\n\t<meta property=\"og:image:height\" content=\"2048\" \/>\n\t<meta property=\"og:image:type\" content=\"image\/jpeg\" \/>\n<meta name=\"twitter:card\" content=\"summary_large_image\" \/>\n<script type=\"application\/ld+json\" class=\"yoast-schema-graph\">{\"@context\":\"https:\\\/\\\/schema.org\",\"@graph\":[{\"@type\":\"WebPage\",\"@id\":\"https:\\\/\\\/slaptameile.lt\\\/preke\\\/marskineliai-rebel-queen\\\/\",\"url\":\"https:\\\/\\\/slaptameile.lt\\\/preke\\\/marskineliai-rebel-queen\\\/\",\"name\":\"Mar\u0161kin\u0117liai \u201eREBEL QUEEN\u201c - Slapta Meil\u0117\",\"isPartOf\":{\"@id\":\"https:\\\/\\\/slaptameile.lt\\\/#website\"},\"primaryImageOfPage\":{\"@id\":\"https:\\\/\\\/slaptameile.lt\\\/preke\\\/marskineliai-rebel-queen\\\/#primaryimage\"},\"image\":{\"@id\":\"https:\\\/\\\/slaptameile.lt\\\/preke\\\/marskineliai-rebel-queen\\\/#primaryimage\"},\"thumbnailUrl\":\"https:\\\/\\\/slaptameile.lt\\\/wp-content\\\/uploads\\\/2025\\\/10\\\/SM-18.jpg\",\"datePublished\":\"2024-08-08T17:59:00+00:00\",\"dateModified\":\"2026-04-08T12:57:21+00:00\",\"breadcrumb\":{\"@id\":\"https:\\\/\\\/slaptameile.lt\\\/preke\\\/marskineliai-rebel-queen\\\/#breadcrumb\"},\"inLanguage\":\"en-US\",\"potentialAction\":[{\"@type\":\"ReadAction\",\"target\":[\"https:\\\/\\\/slaptameile.lt\\\/preke\\\/marskineliai-rebel-queen\\\/\"]}]},{\"@type\":\"ImageObject\",\"inLanguage\":\"en-US\",\"@id\":\"https:\\\/\\\/slaptameile.lt\\\/preke\\\/marskineliai-rebel-queen\\\/#primaryimage\",\"url\":\"https:\\\/\\\/slaptameile.lt\\\/wp-content\\\/uploads\\\/2025\\\/10\\\/SM-18.jpg\",\"contentUrl\":\"https:\\\/\\\/slaptameile.lt\\\/wp-content\\\/uploads\\\/2025\\\/10\\\/SM-18.jpg\",\"width\":1366,\"height\":2048},{\"@type\":\"BreadcrumbList\",\"@id\":\"https:\\\/\\\/slaptameile.lt\\\/preke\\\/marskineliai-rebel-queen\\\/#breadcrumb\",\"itemListElement\":[{\"@type\":\"ListItem\",\"position\":1,\"name\":\"Home\",\"item\":\"https:\\\/\\\/slaptameile.lt\\\/\"},{\"@type\":\"ListItem\",\"position\":2,\"name\":\"Parduotuv\u0117\",\"item\":\"https:\\\/\\\/slaptameile.lt\\\/parduotuve\\\/\"},{\"@type\":\"ListItem\",\"position\":3,\"name\":\"Mar\u0161kin\u0117liai \u201eREBEL QUEEN\u201c\"}]},{\"@type\":\"WebSite\",\"@id\":\"https:\\\/\\\/slaptameile.lt\\\/#website\",\"url\":\"https:\\\/\\\/slaptameile.lt\\\/\",\"name\":\"Slapta Meil\u0117\",\"description\":\"\",\"publisher\":{\"@id\":\"https:\\\/\\\/slaptameile.lt\\\/#organization\"},\"potentialAction\":[{\"@type\":\"SearchAction\",\"target\":{\"@type\":\"EntryPoint\",\"urlTemplate\":\"https:\\\/\\\/slaptameile.lt\\\/?s={search_term_string}\"},\"query-input\":{\"@type\":\"PropertyValueSpecification\",\"valueRequired\":true,\"valueName\":\"search_term_string\"}}],\"inLanguage\":\"en-US\"},{\"@type\":\"Organization\",\"@id\":\"https:\\\/\\\/slaptameile.lt\\\/#organization\",\"name\":\"Slapta Meil\u0117\",\"url\":\"https:\\\/\\\/slaptameile.lt\\\/\",\"logo\":{\"@type\":\"ImageObject\",\"inLanguage\":\"en-US\",\"@id\":\"https:\\\/\\\/slaptameile.lt\\\/#\\\/schema\\\/logo\\\/image\\\/\",\"url\":\"https:\\\/\\\/slaptameile.lt\\\/wp-content\\\/uploads\\\/2026\\\/04\\\/sm-logo.jpg\",\"contentUrl\":\"https:\\\/\\\/slaptameile.lt\\\/wp-content\\\/uploads\\\/2026\\\/04\\\/sm-logo.jpg\",\"width\":810,\"height\":380,\"caption\":\"Slapta Meil\u0117\"},\"image\":{\"@id\":\"https:\\\/\\\/slaptameile.lt\\\/#\\\/schema\\\/logo\\\/image\\\/\"},\"sameAs\":[\"https:\\\/\\\/www.facebook.com\\\/SlaptaMeileBarbora\",\"https:\\\/\\\/www.instagram.com\\\/slaptameile\",\"https:\\\/\\\/www.tiktok.com\\\/@slaptameile1\"]}]}<\/script>\n<!-- \/ Yoast SEO plugin. -->","yoast_head_json":{"title":"Mar\u0161kin\u0117liai \u201eREBEL QUEEN\u201c - Slapta Meil\u0117","robots":{"index":"index","follow":"follow","max-snippet":"max-snippet:-1","max-image-preview":"max-image-preview:large","max-video-preview":"max-video-preview:-1"},"canonical":"https:\/\/slaptameile.lt\/en\/preke\/marskineliai-rebel-queen\/","og_locale":"en_US","og_type":"article","og_title":"Mar\u0161kin\u0117liai \u201eREBEL QUEEN\u201c - Slapta Meil\u0117","og_description":"Ne visos karalien\u0117s d\u0117vi kar\u016bnas. Kai kurios \u2013 mar\u0161kin\u0117lius ir rimt\u0105 veid\u0105. \u012ekv\u0117pta Barboros, kuri nevaidino karalien\u0117s \u2013 ji ja tapo, net kai visi tam prie\u0161inosi. \u0160ie mar\u0161kin\u0117liai \u2013 dr\u0105siems sprendimams, tyliai revoliucijai ir pasivaik\u0161\u010diojimams per gyvenim\u0105, tarsi tai b\u016bt\u0173 tavo pilis.  100% medviln\u0117, oversize modelis  Dyd\u017eiai: S, M, L, XL (dyd\u017ei\u0173 lentel\u0119 rasite prie mar\u0161kin\u0117li\u0173 nuotrauk\u0173) Nuotraukose mot. modelis 170 cm. \u016bgio ir d\u0117vi M dyd\u017eio mar\u0161kin\u0117lius, vyr. modelis 184 cm. \u016bgio ir d\u0117vi XL dyd\u017eio mar\u0161kin\u0117lius.  Spalvos: juoda \/ balta  * i\u0161skirtinais atvejais mar\u0161kin\u0117li\u0173 pristatymas gali u\u017etrukti iki 5 darbo dien\u0173, tad jei Jums svarbus pristatymo laikas - susira\u0161ykime: labas@slaptameile.lt","og_url":"https:\/\/slaptameile.lt\/en\/preke\/marskineliai-rebel-queen\/","og_site_name":"Slapta Meil\u0117","article_publisher":"https:\/\/www.facebook.com\/SlaptaMeileBarbora","article_modified_time":"2026-04-08T12:57:21+00:00","og_image":[{"width":1366,"height":2048,"url":"https:\/\/slaptameile.lt\/wp-content\/uploads\/2025\/10\/SM-18.jpg","type":"image\/jpeg"}],"twitter_card":"summary_large_image","schema":{"@context":"https:\/\/schema.org","@graph":[{"@type":"WebPage","@id":"https:\/\/slaptameile.lt\/preke\/marskineliai-rebel-queen\/","url":"https:\/\/slaptameile.lt\/preke\/marskineliai-rebel-queen\/","name":"Mar\u0161kin\u0117liai \u201eREBEL QUEEN\u201c - Slapta Meil\u0117","isPartOf":{"@id":"https:\/\/slaptameile.lt\/#website"},"primaryImageOfPage":{"@id":"https:\/\/slaptameile.lt\/preke\/marskineliai-rebel-queen\/#primaryimage"},"image":{"@id":"https:\/\/slaptameile.lt\/preke\/marskineliai-rebel-queen\/#primaryimage"},"thumbnailUrl":"https:\/\/slaptameile.lt\/wp-content\/uploads\/2025\/10\/SM-18.jpg","datePublished":"2024-08-08T17:59:00+00:00","dateModified":"2026-04-08T12:57:21+00:00","breadcrumb":{"@id":"https:\/\/slaptameile.lt\/preke\/marskineliai-rebel-queen\/#breadcrumb"},"inLanguage":"en-US","potentialAction":[{"@type":"ReadAction","target":["https:\/\/slaptameile.lt\/preke\/marskineliai-rebel-queen\/"]}]},{"@type":"ImageObject","inLanguage":"en-US","@id":"https:\/\/slaptameile.lt\/preke\/marskineliai-rebel-queen\/#primaryimage","url":"https:\/\/slaptameile.lt\/wp-content\/uploads\/2025\/10\/SM-18.jpg","contentUrl":"https:\/\/slaptameile.lt\/wp-content\/uploads\/2025\/10\/SM-18.jpg","width":1366,"height":2048},{"@type":"BreadcrumbList","@id":"https:\/\/slaptameile.lt\/preke\/marskineliai-rebel-queen\/#breadcrumb","itemListElement":[{"@type":"ListItem","position":1,"name":"Home","item":"https:\/\/slaptameile.lt\/"},{"@type":"ListItem","position":2,"name":"Parduotuv\u0117","item":"https:\/\/slaptameile.lt\/parduotuve\/"},{"@type":"ListItem","position":3,"name":"Mar\u0161kin\u0117liai \u201eREBEL QUEEN\u201c"}]},{"@type":"WebSite","@id":"https:\/\/slaptameile.lt\/#website","url":"https:\/\/slaptameile.lt\/","name":"Secret Love","description":"","publisher":{"@id":"https:\/\/slaptameile.lt\/#organization"},"potentialAction":[{"@type":"SearchAction","target":{"@type":"EntryPoint","urlTemplate":"https:\/\/slaptameile.lt\/?s={search_term_string}"},"query-input":{"@type":"PropertyValueSpecification","valueRequired":true,"valueName":"search_term_string"}}],"inLanguage":"en-US"},{"@type":"Organization","@id":"https:\/\/slaptameile.lt\/#organization","name":"Secret Love","url":"https:\/\/slaptameile.lt\/","logo":{"@type":"ImageObject","inLanguage":"en-US","@id":"https:\/\/slaptameile.lt\/#\/schema\/logo\/image\/","url":"https:\/\/slaptameile.lt\/wp-content\/uploads\/2026\/04\/sm-logo.jpg","contentUrl":"https:\/\/slaptameile.lt\/wp-content\/uploads\/2026\/04\/sm-logo.jpg","width":810,"height":380,"caption":"Slapta Meil\u0117"},"image":{"@id":"https:\/\/slaptameile.lt\/#\/schema\/logo\/image\/"},"sameAs":["https:\/\/www.facebook.com\/SlaptaMeileBarbora","https:\/\/www.instagram.com\/slaptameile","https:\/\/www.tiktok.com\/@slaptameile1"]}]}},"_links":{"self":[{"href":"https:\/\/slaptameile.lt\/en\/wp-json\/wp\/v2\/product\/719","targetHints":{"allow":["GET"]}}],"collection":[{"href":"https:\/\/slaptameile.lt\/en\/wp-json\/wp\/v2\/product"}],"about":[{"href":"https:\/\/slaptameile.lt\/en\/wp-json\/wp\/v2\/types\/product"}],"replies":[{"embeddable":true,"href":"https:\/\/slaptameile.lt\/en\/wp-json\/wp\/v2\/comments?post=719"}],"wp:featuredmedia":[{"embeddable":true,"href":"https:\/\/slaptameile.lt\/en\/wp-json\/wp\/v2\/media\/720"}],"wp:attachment":[{"href":"https:\/\/slaptameile.lt\/en\/wp-json\/wp\/v2\/media?parent=719"}],"wp:term":[{"taxonomy":"partner","embeddable":true,"href":"https:\/\/slaptameile.lt\/en\/wp-json\/wp\/v2\/partner?post=719"},{"taxonomy":"product_brand","embeddable":true,"href":"https:\/\/slaptameile.lt\/en\/wp-json\/wp\/v2\/product_brand?post=719"},{"taxonomy":"product_cat","embeddable":true,"href":"https:\/\/slaptameile.lt\/en\/wp-json\/wp\/v2\/product_cat?post=719"},{"taxonomy":"product_tag","embeddable":true,"href":"https:\/\/slaptameile.lt\/en\/wp-json\/wp\/v2\/product_tag?post=719"}],"curies":[{"name":"wp","href":"https:\/\/api.w.org\/{rel}","templated":true}]}}