{"id":703,"date":"2024-08-14T10:30:11","date_gmt":"2024-08-14T07:30:11","guid":{"rendered":"https:\/\/slaptameile.lt\/?post_type=product&#038;p=703"},"modified":"2026-04-08T15:55:12","modified_gmt":"2026-04-08T12:55:12","slug":"dekoratyvine-pagalvele-karaliskas-vilnius","status":"publish","type":"product","link":"https:\/\/slaptameile.lt\/en\/preke\/dekoratyvine-pagalvele-karaliskas-vilnius\/","title":{"rendered":"Decorative pillow \u201eRoyal Vilnius\u201c"},"content":{"rendered":"<p>Kai legenda apie Barbor\u0105 Radvilait\u0119 ir \u017dygimant\u0105 August\u0105 \u012fsikuria tavo namuose \u2013 atsiranda \u201eKarali\u0161kas Vilnius\u201c. \u0160i dekoratyvin\u0117 pagalv\u0117l\u0117 marginta i\u0161skirtiniu\u00a0Vilniaus meil\u0117s \u017eem\u0117lapiu, kuriame\u2013 dizainer\u0117s Julijos Janus ranka pie\u0161ti senamies\u010dio pastatai, \u0161ventov\u0117s ir slapti pasakojimai apie karali\u0161k\u0105 meil\u0119.<\/p>\n<p>Mink\u0161tas veli\u016bras \u0161velnus kaip pasaka. Spalvos i\u0161lieka ry\u0161kios net po skalbimo \u2013 nes \u0161i meil\u0117s istorija, kaip ir spauda, nesibijo laiko. Pagalv\u0117l\u0117 su pasl\u0117ptu u\u017etrauktuku, tod\u0117l lengvai pri\u017ei\u016brima.<\/p>\n<p>Puiki\u00a0dovana i\u0161 Vilniaus, dekoro akcentas interjerui ar tiesiog stilinga atsvara \u0161iuolaikiniam pasauliui, kuriame kartais tr\u016bksta&#8230; romantikos.<\/p>\n<p>Audinys:\u00a0100 % poliesteris (itin mink\u0161tas veli\u016bras)<br \/>\nDydis: 45 \u00d7 45 cm<br \/>\nPrie\u017ei\u016bra:\u00a0skalbiamas skalbimo ma\u0161inoje<br \/>\nPasirinkimai:\u00a0su ar be vidin\u0117s pagalv\u0117s<\/p>","protected":false},"excerpt":{"rendered":"<p>Kai legenda apie Barbor\u0105 Radvilait\u0119 ir \u017dygimant\u0105 August\u0105 \u012fsikuria tavo namuose \u2013 atsiranda \u201eKarali\u0161kas Vilnius\u201c. \u0160i dekoratyvin\u0117 pagalv\u0117l\u0117 marginta i\u0161skirtiniu\u00a0Vilniaus meil\u0117s \u017eem\u0117lapiu, kuriame\u2013 dizainer\u0117s Julijos Janus ranka pie\u0161ti senamies\u010dio pastatai, \u0161ventov\u0117s ir slapti pasakojimai apie karali\u0161k\u0105 meil\u0119.<\/p>\n<p>Mink\u0161tas veli\u016bras \u0161velnus kaip pasaka. Spalvos i\u0161lieka ry\u0161kios net po skalbimo \u2013 nes \u0161i meil\u0117s istorija, kaip ir spauda, nesibijo laiko. Pagalv\u0117l\u0117 su pasl\u0117ptu u\u017etrauktuku, tod\u0117l lengvai pri\u017ei\u016brima.<\/p>\n<p>Puiki\u00a0dovana i\u0161 Vilniaus, dekoro akcentas interjerui ar tiesiog stilinga atsvara \u0161iuolaikiniam pasauliui, kuriame kartais tr\u016bksta&#8230; romantikos.<\/p>\n<p>Audinys:\u00a0100 % poliesteris (itin mink\u0161tas veli\u016bras)<br \/>\nDydis: 45 \u00d7 45 cm<br \/>\nPrie\u017ei\u016bra:\u00a0skalbiamas skalbimo ma\u0161inoje<br \/>\nPasirinkimai:\u00a0su ar be vidin\u0117s pagalv\u0117s<\/p>","protected":false},"featured_media":704,"comment_status":"open","ping_status":"closed","template":"","meta":{"_acf_changed":false},"partner":[54],"product_brand":[],"product_cat":[18,27],"product_tag":[],"class_list":{"0":"post-703","1":"product","2":"type-product","3":"status-publish","4":"has-post-thumbnail","6":"partner-pitex","7":"product_cat-karaliskoji-kolekcija","8":"product_cat-namu-didybei","10":"first","11":"instock","12":"taxable","13":"shipping-taxable","14":"purchasable","15":"product-type-variable"},"acf":[],"yoast_head":"<!-- This site is optimized with the Yoast SEO plugin v27.5 - https:\/\/yoast.com\/product\/yoast-seo-wordpress\/ -->\n<title>Dekoratyvin\u0117 pagalv\u0117l\u0117 \u201eKarali\u0161kas Vilnius\u201c - Slapta Meil\u0117<\/title>\n<meta name=\"robots\" content=\"index, follow, max-snippet:-1, max-image-preview:large, max-video-preview:-1\" \/>\n<link rel=\"canonical\" href=\"https:\/\/slaptameile.lt\/en\/preke\/dekoratyvine-pagalvele-karaliskas-vilnius\/\" \/>\n<meta property=\"og:locale\" content=\"en_US\" \/>\n<meta property=\"og:type\" content=\"article\" \/>\n<meta property=\"og:title\" content=\"Dekoratyvin\u0117 pagalv\u0117l\u0117 \u201eKarali\u0161kas Vilnius\u201c - Slapta Meil\u0117\" \/>\n<meta property=\"og:description\" content=\"Kai legenda apie Barbor\u0105 Radvilait\u0119 ir \u017dygimant\u0105 August\u0105 \u012fsikuria tavo namuose \u2013 atsiranda \u201eKarali\u0161kas Vilnius\u201c. \u0160i dekoratyvin\u0117 pagalv\u0117l\u0117 marginta i\u0161skirtiniu\u00a0Vilniaus meil\u0117s \u017eem\u0117lapiu, kuriame\u2013 dizainer\u0117s Julijos Janus ranka pie\u0161ti senamies\u010dio pastatai, \u0161ventov\u0117s ir slapti pasakojimai apie karali\u0161k\u0105 meil\u0119.  Mink\u0161tas veli\u016bras \u0161velnus kaip pasaka. Spalvos i\u0161lieka ry\u0161kios net po skalbimo \u2013 nes \u0161i meil\u0117s istorija, kaip ir spauda, nesibijo laiko. Pagalv\u0117l\u0117 su pasl\u0117ptu u\u017etrauktuku, tod\u0117l lengvai pri\u017ei\u016brima.  Puiki\u00a0dovana i\u0161 Vilniaus, dekoro akcentas interjerui ar tiesiog stilinga atsvara \u0161iuolaikiniam pasauliui, kuriame kartais tr\u016bksta... romantikos.  Audinys:\u00a0100 % poliesteris (itin mink\u0161tas veli\u016bras) Dydis: 45 \u00d7 45 cm Prie\u017ei\u016bra:\u00a0skalbiamas skalbimo ma\u0161inoje Pasirinkimai:\u00a0su ar be vidin\u0117s pagalv\u0117s\" \/>\n<meta property=\"og:url\" content=\"https:\/\/slaptameile.lt\/en\/preke\/dekoratyvine-pagalvele-karaliskas-vilnius\/\" \/>\n<meta property=\"og:site_name\" content=\"Slapta Meil\u0117\" \/>\n<meta property=\"article:publisher\" content=\"https:\/\/www.facebook.com\/SlaptaMeileBarbora\" \/>\n<meta property=\"article:modified_time\" content=\"2026-04-08T12:55:12+00:00\" \/>\n<meta property=\"og:image\" content=\"https:\/\/slaptameile.lt\/wp-content\/uploads\/2025\/10\/SM5507-Edit.jpg\" \/>\n\t<meta property=\"og:image:width\" content=\"1365\" \/>\n\t<meta property=\"og:image:height\" content=\"2048\" \/>\n\t<meta property=\"og:image:type\" content=\"image\/jpeg\" \/>\n<meta name=\"twitter:card\" content=\"summary_large_image\" \/>\n<meta name=\"twitter:label1\" content=\"Est. reading time\" \/>\n\t<meta name=\"twitter:data1\" content=\"1 minute\" \/>\n<script type=\"application\/ld+json\" class=\"yoast-schema-graph\">{\"@context\":\"https:\\\/\\\/schema.org\",\"@graph\":[{\"@type\":\"WebPage\",\"@id\":\"https:\\\/\\\/slaptameile.lt\\\/preke\\\/dekoratyvine-pagalvele-karaliskas-vilnius\\\/\",\"url\":\"https:\\\/\\\/slaptameile.lt\\\/preke\\\/dekoratyvine-pagalvele-karaliskas-vilnius\\\/\",\"name\":\"Dekoratyvin\u0117 pagalv\u0117l\u0117 \u201eKarali\u0161kas Vilnius\u201c - Slapta Meil\u0117\",\"isPartOf\":{\"@id\":\"https:\\\/\\\/slaptameile.lt\\\/#website\"},\"primaryImageOfPage\":{\"@id\":\"https:\\\/\\\/slaptameile.lt\\\/preke\\\/dekoratyvine-pagalvele-karaliskas-vilnius\\\/#primaryimage\"},\"image\":{\"@id\":\"https:\\\/\\\/slaptameile.lt\\\/preke\\\/dekoratyvine-pagalvele-karaliskas-vilnius\\\/#primaryimage\"},\"thumbnailUrl\":\"https:\\\/\\\/slaptameile.lt\\\/wp-content\\\/uploads\\\/2025\\\/10\\\/SM5507-Edit.jpg\",\"datePublished\":\"2024-08-14T07:30:11+00:00\",\"dateModified\":\"2026-04-08T12:55:12+00:00\",\"breadcrumb\":{\"@id\":\"https:\\\/\\\/slaptameile.lt\\\/preke\\\/dekoratyvine-pagalvele-karaliskas-vilnius\\\/#breadcrumb\"},\"inLanguage\":\"en-US\",\"potentialAction\":[{\"@type\":\"ReadAction\",\"target\":[\"https:\\\/\\\/slaptameile.lt\\\/preke\\\/dekoratyvine-pagalvele-karaliskas-vilnius\\\/\"]}]},{\"@type\":\"ImageObject\",\"inLanguage\":\"en-US\",\"@id\":\"https:\\\/\\\/slaptameile.lt\\\/preke\\\/dekoratyvine-pagalvele-karaliskas-vilnius\\\/#primaryimage\",\"url\":\"https:\\\/\\\/slaptameile.lt\\\/wp-content\\\/uploads\\\/2025\\\/10\\\/SM5507-Edit.jpg\",\"contentUrl\":\"https:\\\/\\\/slaptameile.lt\\\/wp-content\\\/uploads\\\/2025\\\/10\\\/SM5507-Edit.jpg\",\"width\":1365,\"height\":2048},{\"@type\":\"BreadcrumbList\",\"@id\":\"https:\\\/\\\/slaptameile.lt\\\/preke\\\/dekoratyvine-pagalvele-karaliskas-vilnius\\\/#breadcrumb\",\"itemListElement\":[{\"@type\":\"ListItem\",\"position\":1,\"name\":\"Home\",\"item\":\"https:\\\/\\\/slaptameile.lt\\\/\"},{\"@type\":\"ListItem\",\"position\":2,\"name\":\"Parduotuv\u0117\",\"item\":\"https:\\\/\\\/slaptameile.lt\\\/parduotuve\\\/\"},{\"@type\":\"ListItem\",\"position\":3,\"name\":\"Dekoratyvin\u0117 pagalv\u0117l\u0117 \u201eKarali\u0161kas Vilnius\u201c\"}]},{\"@type\":\"WebSite\",\"@id\":\"https:\\\/\\\/slaptameile.lt\\\/#website\",\"url\":\"https:\\\/\\\/slaptameile.lt\\\/\",\"name\":\"Slapta Meil\u0117\",\"description\":\"\",\"publisher\":{\"@id\":\"https:\\\/\\\/slaptameile.lt\\\/#organization\"},\"potentialAction\":[{\"@type\":\"SearchAction\",\"target\":{\"@type\":\"EntryPoint\",\"urlTemplate\":\"https:\\\/\\\/slaptameile.lt\\\/?s={search_term_string}\"},\"query-input\":{\"@type\":\"PropertyValueSpecification\",\"valueRequired\":true,\"valueName\":\"search_term_string\"}}],\"inLanguage\":\"en-US\"},{\"@type\":\"Organization\",\"@id\":\"https:\\\/\\\/slaptameile.lt\\\/#organization\",\"name\":\"Slapta Meil\u0117\",\"url\":\"https:\\\/\\\/slaptameile.lt\\\/\",\"logo\":{\"@type\":\"ImageObject\",\"inLanguage\":\"en-US\",\"@id\":\"https:\\\/\\\/slaptameile.lt\\\/#\\\/schema\\\/logo\\\/image\\\/\",\"url\":\"https:\\\/\\\/slaptameile.lt\\\/wp-content\\\/uploads\\\/2026\\\/04\\\/sm-logo.jpg\",\"contentUrl\":\"https:\\\/\\\/slaptameile.lt\\\/wp-content\\\/uploads\\\/2026\\\/04\\\/sm-logo.jpg\",\"width\":810,\"height\":380,\"caption\":\"Slapta Meil\u0117\"},\"image\":{\"@id\":\"https:\\\/\\\/slaptameile.lt\\\/#\\\/schema\\\/logo\\\/image\\\/\"},\"sameAs\":[\"https:\\\/\\\/www.facebook.com\\\/SlaptaMeileBarbora\",\"https:\\\/\\\/www.instagram.com\\\/slaptameile\",\"https:\\\/\\\/www.tiktok.com\\\/@slaptameile1\"]}]}<\/script>\n<!-- \/ Yoast SEO plugin. -->","yoast_head_json":{"title":"Dekoratyvin\u0117 pagalv\u0117l\u0117 \u201eKarali\u0161kas Vilnius\u201c - Slapta Meil\u0117","robots":{"index":"index","follow":"follow","max-snippet":"max-snippet:-1","max-image-preview":"max-image-preview:large","max-video-preview":"max-video-preview:-1"},"canonical":"https:\/\/slaptameile.lt\/en\/preke\/dekoratyvine-pagalvele-karaliskas-vilnius\/","og_locale":"en_US","og_type":"article","og_title":"Dekoratyvin\u0117 pagalv\u0117l\u0117 \u201eKarali\u0161kas Vilnius\u201c - Slapta Meil\u0117","og_description":"Kai legenda apie Barbor\u0105 Radvilait\u0119 ir \u017dygimant\u0105 August\u0105 \u012fsikuria tavo namuose \u2013 atsiranda \u201eKarali\u0161kas Vilnius\u201c. \u0160i dekoratyvin\u0117 pagalv\u0117l\u0117 marginta i\u0161skirtiniu\u00a0Vilniaus meil\u0117s \u017eem\u0117lapiu, kuriame\u2013 dizainer\u0117s Julijos Janus ranka pie\u0161ti senamies\u010dio pastatai, \u0161ventov\u0117s ir slapti pasakojimai apie karali\u0161k\u0105 meil\u0119.  Mink\u0161tas veli\u016bras \u0161velnus kaip pasaka. Spalvos i\u0161lieka ry\u0161kios net po skalbimo \u2013 nes \u0161i meil\u0117s istorija, kaip ir spauda, nesibijo laiko. Pagalv\u0117l\u0117 su pasl\u0117ptu u\u017etrauktuku, tod\u0117l lengvai pri\u017ei\u016brima.  Puiki\u00a0dovana i\u0161 Vilniaus, dekoro akcentas interjerui ar tiesiog stilinga atsvara \u0161iuolaikiniam pasauliui, kuriame kartais tr\u016bksta... romantikos.  Audinys:\u00a0100 % poliesteris (itin mink\u0161tas veli\u016bras) Dydis: 45 \u00d7 45 cm Prie\u017ei\u016bra:\u00a0skalbiamas skalbimo ma\u0161inoje Pasirinkimai:\u00a0su ar be vidin\u0117s pagalv\u0117s","og_url":"https:\/\/slaptameile.lt\/en\/preke\/dekoratyvine-pagalvele-karaliskas-vilnius\/","og_site_name":"Slapta Meil\u0117","article_publisher":"https:\/\/www.facebook.com\/SlaptaMeileBarbora","article_modified_time":"2026-04-08T12:55:12+00:00","og_image":[{"width":1365,"height":2048,"url":"https:\/\/slaptameile.lt\/wp-content\/uploads\/2025\/10\/SM5507-Edit.jpg","type":"image\/jpeg"}],"twitter_card":"summary_large_image","twitter_misc":{"Est. reading time":"1 minute"},"schema":{"@context":"https:\/\/schema.org","@graph":[{"@type":"WebPage","@id":"https:\/\/slaptameile.lt\/preke\/dekoratyvine-pagalvele-karaliskas-vilnius\/","url":"https:\/\/slaptameile.lt\/preke\/dekoratyvine-pagalvele-karaliskas-vilnius\/","name":"Dekoratyvin\u0117 pagalv\u0117l\u0117 \u201eKarali\u0161kas Vilnius\u201c - Slapta Meil\u0117","isPartOf":{"@id":"https:\/\/slaptameile.lt\/#website"},"primaryImageOfPage":{"@id":"https:\/\/slaptameile.lt\/preke\/dekoratyvine-pagalvele-karaliskas-vilnius\/#primaryimage"},"image":{"@id":"https:\/\/slaptameile.lt\/preke\/dekoratyvine-pagalvele-karaliskas-vilnius\/#primaryimage"},"thumbnailUrl":"https:\/\/slaptameile.lt\/wp-content\/uploads\/2025\/10\/SM5507-Edit.jpg","datePublished":"2024-08-14T07:30:11+00:00","dateModified":"2026-04-08T12:55:12+00:00","breadcrumb":{"@id":"https:\/\/slaptameile.lt\/preke\/dekoratyvine-pagalvele-karaliskas-vilnius\/#breadcrumb"},"inLanguage":"en-US","potentialAction":[{"@type":"ReadAction","target":["https:\/\/slaptameile.lt\/preke\/dekoratyvine-pagalvele-karaliskas-vilnius\/"]}]},{"@type":"ImageObject","inLanguage":"en-US","@id":"https:\/\/slaptameile.lt\/preke\/dekoratyvine-pagalvele-karaliskas-vilnius\/#primaryimage","url":"https:\/\/slaptameile.lt\/wp-content\/uploads\/2025\/10\/SM5507-Edit.jpg","contentUrl":"https:\/\/slaptameile.lt\/wp-content\/uploads\/2025\/10\/SM5507-Edit.jpg","width":1365,"height":2048},{"@type":"BreadcrumbList","@id":"https:\/\/slaptameile.lt\/preke\/dekoratyvine-pagalvele-karaliskas-vilnius\/#breadcrumb","itemListElement":[{"@type":"ListItem","position":1,"name":"Home","item":"https:\/\/slaptameile.lt\/"},{"@type":"ListItem","position":2,"name":"Parduotuv\u0117","item":"https:\/\/slaptameile.lt\/parduotuve\/"},{"@type":"ListItem","position":3,"name":"Dekoratyvin\u0117 pagalv\u0117l\u0117 \u201eKarali\u0161kas Vilnius\u201c"}]},{"@type":"WebSite","@id":"https:\/\/slaptameile.lt\/#website","url":"https:\/\/slaptameile.lt\/","name":"Secret Love","description":"","publisher":{"@id":"https:\/\/slaptameile.lt\/#organization"},"potentialAction":[{"@type":"SearchAction","target":{"@type":"EntryPoint","urlTemplate":"https:\/\/slaptameile.lt\/?s={search_term_string}"},"query-input":{"@type":"PropertyValueSpecification","valueRequired":true,"valueName":"search_term_string"}}],"inLanguage":"en-US"},{"@type":"Organization","@id":"https:\/\/slaptameile.lt\/#organization","name":"Secret Love","url":"https:\/\/slaptameile.lt\/","logo":{"@type":"ImageObject","inLanguage":"en-US","@id":"https:\/\/slaptameile.lt\/#\/schema\/logo\/image\/","url":"https:\/\/slaptameile.lt\/wp-content\/uploads\/2026\/04\/sm-logo.jpg","contentUrl":"https:\/\/slaptameile.lt\/wp-content\/uploads\/2026\/04\/sm-logo.jpg","width":810,"height":380,"caption":"Slapta Meil\u0117"},"image":{"@id":"https:\/\/slaptameile.lt\/#\/schema\/logo\/image\/"},"sameAs":["https:\/\/www.facebook.com\/SlaptaMeileBarbora","https:\/\/www.instagram.com\/slaptameile","https:\/\/www.tiktok.com\/@slaptameile1"]}]}},"_links":{"self":[{"href":"https:\/\/slaptameile.lt\/en\/wp-json\/wp\/v2\/product\/703","targetHints":{"allow":["GET"]}}],"collection":[{"href":"https:\/\/slaptameile.lt\/en\/wp-json\/wp\/v2\/product"}],"about":[{"href":"https:\/\/slaptameile.lt\/en\/wp-json\/wp\/v2\/types\/product"}],"replies":[{"embeddable":true,"href":"https:\/\/slaptameile.lt\/en\/wp-json\/wp\/v2\/comments?post=703"}],"wp:featuredmedia":[{"embeddable":true,"href":"https:\/\/slaptameile.lt\/en\/wp-json\/wp\/v2\/media\/704"}],"wp:attachment":[{"href":"https:\/\/slaptameile.lt\/en\/wp-json\/wp\/v2\/media?parent=703"}],"wp:term":[{"taxonomy":"partner","embeddable":true,"href":"https:\/\/slaptameile.lt\/en\/wp-json\/wp\/v2\/partner?post=703"},{"taxonomy":"product_brand","embeddable":true,"href":"https:\/\/slaptameile.lt\/en\/wp-json\/wp\/v2\/product_brand?post=703"},{"taxonomy":"product_cat","embeddable":true,"href":"https:\/\/slaptameile.lt\/en\/wp-json\/wp\/v2\/product_cat?post=703"},{"taxonomy":"product_tag","embeddable":true,"href":"https:\/\/slaptameile.lt\/en\/wp-json\/wp\/v2\/product_tag?post=703"}],"curies":[{"name":"wp","href":"https:\/\/api.w.org\/{rel}","templated":true}]}}