{"id":696,"date":"2024-08-14T10:45:29","date_gmt":"2024-08-14T07:45:29","guid":{"rendered":"https:\/\/slaptameile.lt\/?post_type=product&#038;p=696"},"modified":"2026-04-08T15:54:19","modified_gmt":"2026-04-08T12:54:19","slug":"dekoratyvine-pagalvele-slapta-meile","status":"publish","type":"product","link":"https:\/\/slaptameile.lt\/en\/preke\/dekoratyvine-pagalvele-slapta-meile\/","title":{"rendered":"Decorative cushion \u201eSlapta meil\u0117\u201c"},"content":{"rendered":"<p>Kai \u017dygimanto Augusto ir Barboros Radvilait\u0117s renesansin\u0117 meil\u0117s legenda apsigyvena tavo interjere \u2013 gimsta \u201eSlapta meil\u0117\u201c.<\/p>\n<p>Itin mink\u0161tas veli\u016bras, ry\u0161kus spaudas, u\u017evalkalas su u\u017etrauktuku (nes net istorin\u0117s dramos kartais skalbiamos). Sukurta jaukumui, skirta dovanai ar karali\u0161kai poilsio minutei ant sofos.<\/p>\n<p>Audinys:\u00a0100% poliesteris (veli\u016bras)<br \/>\nDydis: 45 \u00d7 45 cm<br \/>\nPrie\u017ei\u016bra:\u00a0skalbiamas skalbimo ma\u0161inoje<\/p>","protected":false},"excerpt":{"rendered":"<p>Kai \u017dygimanto Augusto ir Barboros Radvilait\u0117s renesansin\u0117 meil\u0117s legenda apsigyvena tavo interjere \u2013 gimsta \u201eSlapta meil\u0117\u201c.<\/p>\n<p>Itin mink\u0161tas veli\u016bras, ry\u0161kus spaudas, u\u017evalkalas su u\u017etrauktuku (nes net istorin\u0117s dramos kartais skalbiamos). Sukurta jaukumui, skirta dovanai ar karali\u0161kai poilsio minutei ant sofos.<\/p>\n<p>Audinys:\u00a0100% poliesteris (veli\u016bras)<br \/>\nDydis: 45 \u00d7 45 cm<br \/>\nPrie\u017ei\u016bra:\u00a0skalbiamas skalbimo ma\u0161inoje<\/p>","protected":false},"featured_media":697,"comment_status":"open","ping_status":"closed","template":"","meta":{"_acf_changed":false},"partner":[54],"product_brand":[],"product_cat":[18,27],"product_tag":[],"class_list":{"0":"post-696","1":"product","2":"type-product","3":"status-publish","4":"has-post-thumbnail","6":"partner-pitex","7":"product_cat-karaliskoji-kolekcija","8":"product_cat-namu-didybei","10":"first","11":"instock","12":"taxable","13":"shipping-taxable","14":"purchasable","15":"product-type-variable"},"acf":[],"yoast_head":"<!-- This site is optimized with the Yoast SEO plugin v27.5 - https:\/\/yoast.com\/product\/yoast-seo-wordpress\/ -->\n<title>Dekoratyvin\u0117 pagalv\u0117l\u0117 \u201eSlapta meil\u0117\u201c - Slapta Meil\u0117<\/title>\n<meta name=\"robots\" content=\"index, follow, max-snippet:-1, max-image-preview:large, max-video-preview:-1\" \/>\n<link rel=\"canonical\" href=\"https:\/\/slaptameile.lt\/en\/preke\/dekoratyvine-pagalvele-slapta-meile\/\" \/>\n<meta property=\"og:locale\" content=\"en_US\" \/>\n<meta property=\"og:type\" content=\"article\" \/>\n<meta property=\"og:title\" content=\"Dekoratyvin\u0117 pagalv\u0117l\u0117 \u201eSlapta meil\u0117\u201c - Slapta Meil\u0117\" \/>\n<meta property=\"og:description\" content=\"Kai \u017dygimanto Augusto ir Barboros Radvilait\u0117s renesansin\u0117 meil\u0117s legenda apsigyvena tavo interjere \u2013 gimsta \u201eSlapta meil\u0117\u201c.  Itin mink\u0161tas veli\u016bras, ry\u0161kus spaudas, u\u017evalkalas su u\u017etrauktuku (nes net istorin\u0117s dramos kartais skalbiamos). Sukurta jaukumui, skirta dovanai ar karali\u0161kai poilsio minutei ant sofos.  Audinys:\u00a0100% poliesteris (veli\u016bras) Dydis: 45 \u00d7 45 cm Prie\u017ei\u016bra:\u00a0skalbiamas skalbimo ma\u0161inoje\" \/>\n<meta property=\"og:url\" content=\"https:\/\/slaptameile.lt\/en\/preke\/dekoratyvine-pagalvele-slapta-meile\/\" \/>\n<meta property=\"og:site_name\" content=\"Slapta Meil\u0117\" \/>\n<meta property=\"article:publisher\" content=\"https:\/\/www.facebook.com\/SlaptaMeileBarbora\" \/>\n<meta property=\"article:modified_time\" content=\"2026-04-08T12:54:19+00:00\" \/>\n<meta property=\"og:image\" content=\"https:\/\/slaptameile.lt\/wp-content\/uploads\/2025\/10\/SM5498-Edit.jpg\" \/>\n\t<meta property=\"og:image:width\" content=\"1365\" \/>\n\t<meta property=\"og:image:height\" content=\"2048\" \/>\n\t<meta property=\"og:image:type\" content=\"image\/jpeg\" \/>\n<meta name=\"twitter:card\" content=\"summary_large_image\" \/>\n<script type=\"application\/ld+json\" class=\"yoast-schema-graph\">{\"@context\":\"https:\\\/\\\/schema.org\",\"@graph\":[{\"@type\":\"WebPage\",\"@id\":\"https:\\\/\\\/slaptameile.lt\\\/preke\\\/dekoratyvine-pagalvele-slapta-meile\\\/\",\"url\":\"https:\\\/\\\/slaptameile.lt\\\/preke\\\/dekoratyvine-pagalvele-slapta-meile\\\/\",\"name\":\"Dekoratyvin\u0117 pagalv\u0117l\u0117 \u201eSlapta meil\u0117\u201c - Slapta Meil\u0117\",\"isPartOf\":{\"@id\":\"https:\\\/\\\/slaptameile.lt\\\/#website\"},\"primaryImageOfPage\":{\"@id\":\"https:\\\/\\\/slaptameile.lt\\\/preke\\\/dekoratyvine-pagalvele-slapta-meile\\\/#primaryimage\"},\"image\":{\"@id\":\"https:\\\/\\\/slaptameile.lt\\\/preke\\\/dekoratyvine-pagalvele-slapta-meile\\\/#primaryimage\"},\"thumbnailUrl\":\"https:\\\/\\\/slaptameile.lt\\\/wp-content\\\/uploads\\\/2025\\\/10\\\/SM5498-Edit.jpg\",\"datePublished\":\"2024-08-14T07:45:29+00:00\",\"dateModified\":\"2026-04-08T12:54:19+00:00\",\"breadcrumb\":{\"@id\":\"https:\\\/\\\/slaptameile.lt\\\/preke\\\/dekoratyvine-pagalvele-slapta-meile\\\/#breadcrumb\"},\"inLanguage\":\"en-US\",\"potentialAction\":[{\"@type\":\"ReadAction\",\"target\":[\"https:\\\/\\\/slaptameile.lt\\\/preke\\\/dekoratyvine-pagalvele-slapta-meile\\\/\"]}]},{\"@type\":\"ImageObject\",\"inLanguage\":\"en-US\",\"@id\":\"https:\\\/\\\/slaptameile.lt\\\/preke\\\/dekoratyvine-pagalvele-slapta-meile\\\/#primaryimage\",\"url\":\"https:\\\/\\\/slaptameile.lt\\\/wp-content\\\/uploads\\\/2025\\\/10\\\/SM5498-Edit.jpg\",\"contentUrl\":\"https:\\\/\\\/slaptameile.lt\\\/wp-content\\\/uploads\\\/2025\\\/10\\\/SM5498-Edit.jpg\",\"width\":1365,\"height\":2048},{\"@type\":\"BreadcrumbList\",\"@id\":\"https:\\\/\\\/slaptameile.lt\\\/preke\\\/dekoratyvine-pagalvele-slapta-meile\\\/#breadcrumb\",\"itemListElement\":[{\"@type\":\"ListItem\",\"position\":1,\"name\":\"Home\",\"item\":\"https:\\\/\\\/slaptameile.lt\\\/\"},{\"@type\":\"ListItem\",\"position\":2,\"name\":\"Parduotuv\u0117\",\"item\":\"https:\\\/\\\/slaptameile.lt\\\/parduotuve\\\/\"},{\"@type\":\"ListItem\",\"position\":3,\"name\":\"Dekoratyvin\u0117 pagalv\u0117l\u0117 \u201eSlapta meil\u0117\u201c\"}]},{\"@type\":\"WebSite\",\"@id\":\"https:\\\/\\\/slaptameile.lt\\\/#website\",\"url\":\"https:\\\/\\\/slaptameile.lt\\\/\",\"name\":\"Slapta Meil\u0117\",\"description\":\"\",\"publisher\":{\"@id\":\"https:\\\/\\\/slaptameile.lt\\\/#organization\"},\"potentialAction\":[{\"@type\":\"SearchAction\",\"target\":{\"@type\":\"EntryPoint\",\"urlTemplate\":\"https:\\\/\\\/slaptameile.lt\\\/?s={search_term_string}\"},\"query-input\":{\"@type\":\"PropertyValueSpecification\",\"valueRequired\":true,\"valueName\":\"search_term_string\"}}],\"inLanguage\":\"en-US\"},{\"@type\":\"Organization\",\"@id\":\"https:\\\/\\\/slaptameile.lt\\\/#organization\",\"name\":\"Slapta Meil\u0117\",\"url\":\"https:\\\/\\\/slaptameile.lt\\\/\",\"logo\":{\"@type\":\"ImageObject\",\"inLanguage\":\"en-US\",\"@id\":\"https:\\\/\\\/slaptameile.lt\\\/#\\\/schema\\\/logo\\\/image\\\/\",\"url\":\"https:\\\/\\\/slaptameile.lt\\\/wp-content\\\/uploads\\\/2026\\\/04\\\/sm-logo.jpg\",\"contentUrl\":\"https:\\\/\\\/slaptameile.lt\\\/wp-content\\\/uploads\\\/2026\\\/04\\\/sm-logo.jpg\",\"width\":810,\"height\":380,\"caption\":\"Slapta Meil\u0117\"},\"image\":{\"@id\":\"https:\\\/\\\/slaptameile.lt\\\/#\\\/schema\\\/logo\\\/image\\\/\"},\"sameAs\":[\"https:\\\/\\\/www.facebook.com\\\/SlaptaMeileBarbora\",\"https:\\\/\\\/www.instagram.com\\\/slaptameile\",\"https:\\\/\\\/www.tiktok.com\\\/@slaptameile1\"]}]}<\/script>\n<!-- \/ Yoast SEO plugin. -->","yoast_head_json":{"title":"Dekoratyvin\u0117 pagalv\u0117l\u0117 \u201eSlapta meil\u0117\u201c - Slapta Meil\u0117","robots":{"index":"index","follow":"follow","max-snippet":"max-snippet:-1","max-image-preview":"max-image-preview:large","max-video-preview":"max-video-preview:-1"},"canonical":"https:\/\/slaptameile.lt\/en\/preke\/dekoratyvine-pagalvele-slapta-meile\/","og_locale":"en_US","og_type":"article","og_title":"Dekoratyvin\u0117 pagalv\u0117l\u0117 \u201eSlapta meil\u0117\u201c - Slapta Meil\u0117","og_description":"Kai \u017dygimanto Augusto ir Barboros Radvilait\u0117s renesansin\u0117 meil\u0117s legenda apsigyvena tavo interjere \u2013 gimsta \u201eSlapta meil\u0117\u201c.  Itin mink\u0161tas veli\u016bras, ry\u0161kus spaudas, u\u017evalkalas su u\u017etrauktuku (nes net istorin\u0117s dramos kartais skalbiamos). Sukurta jaukumui, skirta dovanai ar karali\u0161kai poilsio minutei ant sofos.  Audinys:\u00a0100% poliesteris (veli\u016bras) Dydis: 45 \u00d7 45 cm Prie\u017ei\u016bra:\u00a0skalbiamas skalbimo ma\u0161inoje","og_url":"https:\/\/slaptameile.lt\/en\/preke\/dekoratyvine-pagalvele-slapta-meile\/","og_site_name":"Slapta Meil\u0117","article_publisher":"https:\/\/www.facebook.com\/SlaptaMeileBarbora","article_modified_time":"2026-04-08T12:54:19+00:00","og_image":[{"width":1365,"height":2048,"url":"https:\/\/slaptameile.lt\/wp-content\/uploads\/2025\/10\/SM5498-Edit.jpg","type":"image\/jpeg"}],"twitter_card":"summary_large_image","schema":{"@context":"https:\/\/schema.org","@graph":[{"@type":"WebPage","@id":"https:\/\/slaptameile.lt\/preke\/dekoratyvine-pagalvele-slapta-meile\/","url":"https:\/\/slaptameile.lt\/preke\/dekoratyvine-pagalvele-slapta-meile\/","name":"Dekoratyvin\u0117 pagalv\u0117l\u0117 \u201eSlapta meil\u0117\u201c - Slapta Meil\u0117","isPartOf":{"@id":"https:\/\/slaptameile.lt\/#website"},"primaryImageOfPage":{"@id":"https:\/\/slaptameile.lt\/preke\/dekoratyvine-pagalvele-slapta-meile\/#primaryimage"},"image":{"@id":"https:\/\/slaptameile.lt\/preke\/dekoratyvine-pagalvele-slapta-meile\/#primaryimage"},"thumbnailUrl":"https:\/\/slaptameile.lt\/wp-content\/uploads\/2025\/10\/SM5498-Edit.jpg","datePublished":"2024-08-14T07:45:29+00:00","dateModified":"2026-04-08T12:54:19+00:00","breadcrumb":{"@id":"https:\/\/slaptameile.lt\/preke\/dekoratyvine-pagalvele-slapta-meile\/#breadcrumb"},"inLanguage":"en-US","potentialAction":[{"@type":"ReadAction","target":["https:\/\/slaptameile.lt\/preke\/dekoratyvine-pagalvele-slapta-meile\/"]}]},{"@type":"ImageObject","inLanguage":"en-US","@id":"https:\/\/slaptameile.lt\/preke\/dekoratyvine-pagalvele-slapta-meile\/#primaryimage","url":"https:\/\/slaptameile.lt\/wp-content\/uploads\/2025\/10\/SM5498-Edit.jpg","contentUrl":"https:\/\/slaptameile.lt\/wp-content\/uploads\/2025\/10\/SM5498-Edit.jpg","width":1365,"height":2048},{"@type":"BreadcrumbList","@id":"https:\/\/slaptameile.lt\/preke\/dekoratyvine-pagalvele-slapta-meile\/#breadcrumb","itemListElement":[{"@type":"ListItem","position":1,"name":"Home","item":"https:\/\/slaptameile.lt\/"},{"@type":"ListItem","position":2,"name":"Parduotuv\u0117","item":"https:\/\/slaptameile.lt\/parduotuve\/"},{"@type":"ListItem","position":3,"name":"Dekoratyvin\u0117 pagalv\u0117l\u0117 \u201eSlapta meil\u0117\u201c"}]},{"@type":"WebSite","@id":"https:\/\/slaptameile.lt\/#website","url":"https:\/\/slaptameile.lt\/","name":"Secret Love","description":"","publisher":{"@id":"https:\/\/slaptameile.lt\/#organization"},"potentialAction":[{"@type":"SearchAction","target":{"@type":"EntryPoint","urlTemplate":"https:\/\/slaptameile.lt\/?s={search_term_string}"},"query-input":{"@type":"PropertyValueSpecification","valueRequired":true,"valueName":"search_term_string"}}],"inLanguage":"en-US"},{"@type":"Organization","@id":"https:\/\/slaptameile.lt\/#organization","name":"Secret Love","url":"https:\/\/slaptameile.lt\/","logo":{"@type":"ImageObject","inLanguage":"en-US","@id":"https:\/\/slaptameile.lt\/#\/schema\/logo\/image\/","url":"https:\/\/slaptameile.lt\/wp-content\/uploads\/2026\/04\/sm-logo.jpg","contentUrl":"https:\/\/slaptameile.lt\/wp-content\/uploads\/2026\/04\/sm-logo.jpg","width":810,"height":380,"caption":"Slapta Meil\u0117"},"image":{"@id":"https:\/\/slaptameile.lt\/#\/schema\/logo\/image\/"},"sameAs":["https:\/\/www.facebook.com\/SlaptaMeileBarbora","https:\/\/www.instagram.com\/slaptameile","https:\/\/www.tiktok.com\/@slaptameile1"]}]}},"_links":{"self":[{"href":"https:\/\/slaptameile.lt\/en\/wp-json\/wp\/v2\/product\/696","targetHints":{"allow":["GET"]}}],"collection":[{"href":"https:\/\/slaptameile.lt\/en\/wp-json\/wp\/v2\/product"}],"about":[{"href":"https:\/\/slaptameile.lt\/en\/wp-json\/wp\/v2\/types\/product"}],"replies":[{"embeddable":true,"href":"https:\/\/slaptameile.lt\/en\/wp-json\/wp\/v2\/comments?post=696"}],"wp:featuredmedia":[{"embeddable":true,"href":"https:\/\/slaptameile.lt\/en\/wp-json\/wp\/v2\/media\/697"}],"wp:attachment":[{"href":"https:\/\/slaptameile.lt\/en\/wp-json\/wp\/v2\/media?parent=696"}],"wp:term":[{"taxonomy":"partner","embeddable":true,"href":"https:\/\/slaptameile.lt\/en\/wp-json\/wp\/v2\/partner?post=696"},{"taxonomy":"product_brand","embeddable":true,"href":"https:\/\/slaptameile.lt\/en\/wp-json\/wp\/v2\/product_brand?post=696"},{"taxonomy":"product_cat","embeddable":true,"href":"https:\/\/slaptameile.lt\/en\/wp-json\/wp\/v2\/product_cat?post=696"},{"taxonomy":"product_tag","embeddable":true,"href":"https:\/\/slaptameile.lt\/en\/wp-json\/wp\/v2\/product_tag?post=696"}],"curies":[{"name":"wp","href":"https:\/\/api.w.org\/{rel}","templated":true}]}}