{"id":685,"date":"2024-08-14T11:15:21","date_gmt":"2024-08-14T08:15:21","guid":{"rendered":"https:\/\/slaptameile.lt\/?post_type=product&#038;p=685"},"modified":"2026-04-08T15:52:21","modified_gmt":"2026-04-08T12:52:21","slug":"kolekcinis-kaledinis-zaisliukas-karaliskas-perlas-balta-perlo","status":"publish","type":"product","link":"https:\/\/slaptameile.lt\/en\/preke\/kolekcinis-kaledinis-zaisliukas-karaliskas-perlas-balta-perlo\/","title":{"rendered":"Royal Pearl Christmas toy | white pearl"},"content":{"rendered":"<p>Ie\u0161kote kal\u0117din\u0117s dovanos ar suvenyro i\u0161 Lietuvos, kuris pasakot\u0173 istorij\u0105? \u0160is\u00a0kolekcinis keraminis eglut\u0117s \u017eaisliukas, sukurtas\u00a0Mr. Bowl Ceramics\u00a0ir\u00a0SLAPTA MEIL\u0116\u00a0kolekcijoje, atkartoja Barboros Radvilait\u0117s ir \u017dygimanto Augusto meil\u0117s legend\u0105 \u2013 subtiliai ir su stiliaus poj\u016b\u010diu<\/p>\n<p>Dviej\u0173 spalv\u0173 pasirinkimas simbolizuoja j\u0173 por\u0105<br \/>\nPerlo balta\u00a0\u2013 Barbora, \u0161viesi ir eleganti\u0161ka<br \/>\nTamsaus aukso\u00a0\u2013 Augustas, juodas, paslaptingas ir labai rimtas (bent jau portretuose)<\/p>\n<p>\u017daisliukas \u2013 renesansinio Vilniaus simbolis, jo meil\u0117, dvar\u0173 spindesys ir tai, kad net per Kal\u0117das verta prisiminti \u0161irdies istorijas<\/p>\n<p>Savyb\u0117s<br \/>\nAuk\u0161tis apie 8 cm, skersmuo apie 7 cm<br \/>\nPagamintas i\u0161 balto itali\u0161ko molio, i\u0161degtas auk\u0161toje temperat\u016broje<br \/>\nSpalvos: perlo balta su \u0161velniais gelsvais pot\u0117piais arba tamsaus aukso<br \/>\nRank\u0173 darbo, kiekvienas \u2013 unikalus<br \/>\nTinka dovanai, suvenyrui, kolekcijai ar labai estetinei Kal\u0117d\u0173 eglutei<\/p>\n<p>Made and manufactured in Lithuania<\/p>","protected":false},"excerpt":{"rendered":"<p>Ie\u0161kote kal\u0117din\u0117s dovanos ar suvenyro i\u0161 Lietuvos, kuris pasakot\u0173 istorij\u0105? \u0160is\u00a0kolekcinis keraminis eglut\u0117s \u017eaisliukas, sukurtas\u00a0Mr. Bowl Ceramics\u00a0ir\u00a0SLAPTA MEIL\u0116\u00a0kolekcijoje, atkartoja Barboros Radvilait\u0117s ir \u017dygimanto Augusto meil\u0117s legend\u0105 \u2013 subtiliai ir su stiliaus poj\u016b\u010diu<\/p>\n<p>Dviej\u0173 spalv\u0173 pasirinkimas simbolizuoja j\u0173 por\u0105<br \/>\nPerlo balta\u00a0\u2013 Barbora, \u0161viesi ir eleganti\u0161ka<br \/>\nTamsaus aukso\u00a0\u2013 Augustas, juodas, paslaptingas ir labai rimtas (bent jau portretuose)<\/p>\n<p>\u017daisliukas \u2013 renesansinio Vilniaus simbolis, jo meil\u0117, dvar\u0173 spindesys ir tai, kad net per Kal\u0117das verta prisiminti \u0161irdies istorijas<\/p>\n<p>Savyb\u0117s<br \/>\nAuk\u0161tis apie 8 cm, skersmuo apie 7 cm<br \/>\nPagamintas i\u0161 balto itali\u0161ko molio, i\u0161degtas auk\u0161toje temperat\u016broje<br \/>\nSpalvos: perlo balta su \u0161velniais gelsvais pot\u0117piais arba tamsaus aukso<br \/>\nRank\u0173 darbo, kiekvienas \u2013 unikalus<br \/>\nTinka dovanai, suvenyrui, kolekcijai ar labai estetinei Kal\u0117d\u0173 eglutei<\/p>\n<p>Made and manufactured in Lithuania<\/p>","protected":false},"featured_media":2498,"comment_status":"open","ping_status":"closed","template":"","meta":{"_acf_changed":false},"partner":[82],"product_brand":[],"product_cat":[18,27],"product_tag":[],"class_list":{"0":"post-685","1":"product","2":"type-product","3":"status-publish","4":"has-post-thumbnail","6":"partner-mr-bowl-ceramics","7":"product_cat-karaliskoji-kolekcija","8":"product_cat-namu-didybei","10":"first","11":"instock","12":"taxable","13":"shipping-taxable","14":"purchasable","15":"product-type-simple"},"acf":[],"yoast_head":"<!-- This site is optimized with the Yoast SEO plugin v27.5 - https:\/\/yoast.com\/product\/yoast-seo-wordpress\/ -->\n<title>Kolekcinis kal\u0117dinis \u017eaisliukas \u201eKarali\u0161kas perlas\u201c | balta perlo - Slapta Meil\u0117<\/title>\n<meta name=\"robots\" content=\"index, follow, max-snippet:-1, max-image-preview:large, max-video-preview:-1\" \/>\n<link rel=\"canonical\" href=\"https:\/\/slaptameile.lt\/en\/preke\/kolekcinis-kaledinis-zaisliukas-karaliskas-perlas-balta-perlo\/\" \/>\n<meta property=\"og:locale\" content=\"en_US\" \/>\n<meta property=\"og:type\" content=\"article\" \/>\n<meta property=\"og:title\" content=\"Kolekcinis kal\u0117dinis \u017eaisliukas \u201eKarali\u0161kas perlas\u201c | balta perlo - Slapta Meil\u0117\" \/>\n<meta property=\"og:description\" content=\"Ie\u0161kote kal\u0117din\u0117s dovanos ar suvenyro i\u0161 Lietuvos, kuris pasakot\u0173 istorij\u0105? \u0160is\u00a0kolekcinis keraminis eglut\u0117s \u017eaisliukas, sukurtas\u00a0Mr. Bowl Ceramics\u00a0ir\u00a0SLAPTA MEIL\u0116\u00a0kolekcijoje, atkartoja Barboros Radvilait\u0117s ir \u017dygimanto Augusto meil\u0117s legend\u0105 \u2013 subtiliai ir su stiliaus poj\u016b\u010diu  Dviej\u0173 spalv\u0173 pasirinkimas simbolizuoja j\u0173 por\u0105 Perlo balta\u00a0\u2013 Barbora, \u0161viesi ir eleganti\u0161ka Tamsaus aukso\u00a0\u2013 Augustas, juodas, paslaptingas ir labai rimtas (bent jau portretuose)  \u017daisliukas \u2013 renesansinio Vilniaus simbolis, jo meil\u0117, dvar\u0173 spindesys ir tai, kad net per Kal\u0117das verta prisiminti \u0161irdies istorijas  Savyb\u0117s Auk\u0161tis apie 8 cm, skersmuo apie 7 cm Pagamintas i\u0161 balto itali\u0161ko molio, i\u0161degtas auk\u0161toje temperat\u016broje Spalvos: perlo balta su \u0161velniais gelsvais pot\u0117piais arba tamsaus aukso Rank\u0173 darbo, kiekvienas \u2013 unikalus Tinka dovanai, suvenyrui, kolekcijai ar labai estetinei Kal\u0117d\u0173 eglutei  Sukurta ir pagaminta Lietuvoje\" \/>\n<meta property=\"og:url\" content=\"https:\/\/slaptameile.lt\/en\/preke\/kolekcinis-kaledinis-zaisliukas-karaliskas-perlas-balta-perlo\/\" \/>\n<meta property=\"og:site_name\" content=\"Slapta Meil\u0117\" \/>\n<meta property=\"article:publisher\" content=\"https:\/\/www.facebook.com\/SlaptaMeileBarbora\" \/>\n<meta property=\"article:modified_time\" content=\"2026-04-08T12:52:21+00:00\" \/>\n<meta property=\"og:image\" content=\"https:\/\/slaptameile.lt\/wp-content\/uploads\/2024\/08\/Kolekcinis_Vilniaus_karaliskos_renesansines_istorijos_kaledinis_zaisliukas_su_Perlais_Baltas-1-of-3.jpg\" \/>\n\t<meta property=\"og:image:width\" content=\"2400\" \/>\n\t<meta property=\"og:image:height\" content=\"3000\" \/>\n\t<meta property=\"og:image:type\" content=\"image\/jpeg\" \/>\n<meta name=\"twitter:card\" content=\"summary_large_image\" \/>\n<meta name=\"twitter:label1\" content=\"Est. reading time\" \/>\n\t<meta name=\"twitter:data1\" content=\"1 minute\" \/>\n<script type=\"application\/ld+json\" class=\"yoast-schema-graph\">{\"@context\":\"https:\\\/\\\/schema.org\",\"@graph\":[{\"@type\":\"WebPage\",\"@id\":\"https:\\\/\\\/slaptameile.lt\\\/preke\\\/kolekcinis-kaledinis-zaisliukas-karaliskas-perlas-balta-perlo\\\/\",\"url\":\"https:\\\/\\\/slaptameile.lt\\\/preke\\\/kolekcinis-kaledinis-zaisliukas-karaliskas-perlas-balta-perlo\\\/\",\"name\":\"Kolekcinis kal\u0117dinis \u017eaisliukas \u201eKarali\u0161kas perlas\u201c | balta perlo - Slapta Meil\u0117\",\"isPartOf\":{\"@id\":\"https:\\\/\\\/slaptameile.lt\\\/#website\"},\"primaryImageOfPage\":{\"@id\":\"https:\\\/\\\/slaptameile.lt\\\/preke\\\/kolekcinis-kaledinis-zaisliukas-karaliskas-perlas-balta-perlo\\\/#primaryimage\"},\"image\":{\"@id\":\"https:\\\/\\\/slaptameile.lt\\\/preke\\\/kolekcinis-kaledinis-zaisliukas-karaliskas-perlas-balta-perlo\\\/#primaryimage\"},\"thumbnailUrl\":\"https:\\\/\\\/slaptameile.lt\\\/wp-content\\\/uploads\\\/2024\\\/08\\\/Kolekcinis_Vilniaus_karaliskos_renesansines_istorijos_kaledinis_zaisliukas_su_Perlais_Baltas-1-of-3.jpg\",\"datePublished\":\"2024-08-14T08:15:21+00:00\",\"dateModified\":\"2026-04-08T12:52:21+00:00\",\"breadcrumb\":{\"@id\":\"https:\\\/\\\/slaptameile.lt\\\/preke\\\/kolekcinis-kaledinis-zaisliukas-karaliskas-perlas-balta-perlo\\\/#breadcrumb\"},\"inLanguage\":\"en-US\",\"potentialAction\":[{\"@type\":\"ReadAction\",\"target\":[\"https:\\\/\\\/slaptameile.lt\\\/preke\\\/kolekcinis-kaledinis-zaisliukas-karaliskas-perlas-balta-perlo\\\/\"]}]},{\"@type\":\"ImageObject\",\"inLanguage\":\"en-US\",\"@id\":\"https:\\\/\\\/slaptameile.lt\\\/preke\\\/kolekcinis-kaledinis-zaisliukas-karaliskas-perlas-balta-perlo\\\/#primaryimage\",\"url\":\"https:\\\/\\\/slaptameile.lt\\\/wp-content\\\/uploads\\\/2024\\\/08\\\/Kolekcinis_Vilniaus_karaliskos_renesansines_istorijos_kaledinis_zaisliukas_su_Perlais_Baltas-1-of-3.jpg\",\"contentUrl\":\"https:\\\/\\\/slaptameile.lt\\\/wp-content\\\/uploads\\\/2024\\\/08\\\/Kolekcinis_Vilniaus_karaliskos_renesansines_istorijos_kaledinis_zaisliukas_su_Perlais_Baltas-1-of-3.jpg\",\"width\":2400,\"height\":3000},{\"@type\":\"BreadcrumbList\",\"@id\":\"https:\\\/\\\/slaptameile.lt\\\/preke\\\/kolekcinis-kaledinis-zaisliukas-karaliskas-perlas-balta-perlo\\\/#breadcrumb\",\"itemListElement\":[{\"@type\":\"ListItem\",\"position\":1,\"name\":\"Home\",\"item\":\"https:\\\/\\\/slaptameile.lt\\\/\"},{\"@type\":\"ListItem\",\"position\":2,\"name\":\"Parduotuv\u0117\",\"item\":\"https:\\\/\\\/slaptameile.lt\\\/parduotuve\\\/\"},{\"@type\":\"ListItem\",\"position\":3,\"name\":\"Kolekcinis kal\u0117dinis \u017eaisliukas \u201eKarali\u0161kas perlas\u201c | balta perlo\"}]},{\"@type\":\"WebSite\",\"@id\":\"https:\\\/\\\/slaptameile.lt\\\/#website\",\"url\":\"https:\\\/\\\/slaptameile.lt\\\/\",\"name\":\"Slapta Meil\u0117\",\"description\":\"\",\"publisher\":{\"@id\":\"https:\\\/\\\/slaptameile.lt\\\/#organization\"},\"potentialAction\":[{\"@type\":\"SearchAction\",\"target\":{\"@type\":\"EntryPoint\",\"urlTemplate\":\"https:\\\/\\\/slaptameile.lt\\\/?s={search_term_string}\"},\"query-input\":{\"@type\":\"PropertyValueSpecification\",\"valueRequired\":true,\"valueName\":\"search_term_string\"}}],\"inLanguage\":\"en-US\"},{\"@type\":\"Organization\",\"@id\":\"https:\\\/\\\/slaptameile.lt\\\/#organization\",\"name\":\"Slapta Meil\u0117\",\"url\":\"https:\\\/\\\/slaptameile.lt\\\/\",\"logo\":{\"@type\":\"ImageObject\",\"inLanguage\":\"en-US\",\"@id\":\"https:\\\/\\\/slaptameile.lt\\\/#\\\/schema\\\/logo\\\/image\\\/\",\"url\":\"https:\\\/\\\/slaptameile.lt\\\/wp-content\\\/uploads\\\/2026\\\/04\\\/sm-logo.jpg\",\"contentUrl\":\"https:\\\/\\\/slaptameile.lt\\\/wp-content\\\/uploads\\\/2026\\\/04\\\/sm-logo.jpg\",\"width\":810,\"height\":380,\"caption\":\"Slapta Meil\u0117\"},\"image\":{\"@id\":\"https:\\\/\\\/slaptameile.lt\\\/#\\\/schema\\\/logo\\\/image\\\/\"},\"sameAs\":[\"https:\\\/\\\/www.facebook.com\\\/SlaptaMeileBarbora\",\"https:\\\/\\\/www.instagram.com\\\/slaptameile\",\"https:\\\/\\\/www.tiktok.com\\\/@slaptameile1\"]}]}<\/script>\n<!-- \/ Yoast SEO plugin. -->","yoast_head_json":{"title":"Kolekcinis kal\u0117dinis \u017eaisliukas \u201eKarali\u0161kas perlas\u201c | balta perlo - Slapta Meil\u0117","robots":{"index":"index","follow":"follow","max-snippet":"max-snippet:-1","max-image-preview":"max-image-preview:large","max-video-preview":"max-video-preview:-1"},"canonical":"https:\/\/slaptameile.lt\/en\/preke\/kolekcinis-kaledinis-zaisliukas-karaliskas-perlas-balta-perlo\/","og_locale":"en_US","og_type":"article","og_title":"Kolekcinis kal\u0117dinis \u017eaisliukas \u201eKarali\u0161kas perlas\u201c | balta perlo - Slapta Meil\u0117","og_description":"Ie\u0161kote kal\u0117din\u0117s dovanos ar suvenyro i\u0161 Lietuvos, kuris pasakot\u0173 istorij\u0105? \u0160is\u00a0kolekcinis keraminis eglut\u0117s \u017eaisliukas, sukurtas\u00a0Mr. Bowl Ceramics\u00a0ir\u00a0SLAPTA MEIL\u0116\u00a0kolekcijoje, atkartoja Barboros Radvilait\u0117s ir \u017dygimanto Augusto meil\u0117s legend\u0105 \u2013 subtiliai ir su stiliaus poj\u016b\u010diu  Dviej\u0173 spalv\u0173 pasirinkimas simbolizuoja j\u0173 por\u0105 Perlo balta\u00a0\u2013 Barbora, \u0161viesi ir eleganti\u0161ka Tamsaus aukso\u00a0\u2013 Augustas, juodas, paslaptingas ir labai rimtas (bent jau portretuose)  \u017daisliukas \u2013 renesansinio Vilniaus simbolis, jo meil\u0117, dvar\u0173 spindesys ir tai, kad net per Kal\u0117das verta prisiminti \u0161irdies istorijas  Savyb\u0117s Auk\u0161tis apie 8 cm, skersmuo apie 7 cm Pagamintas i\u0161 balto itali\u0161ko molio, i\u0161degtas auk\u0161toje temperat\u016broje Spalvos: perlo balta su \u0161velniais gelsvais pot\u0117piais arba tamsaus aukso Rank\u0173 darbo, kiekvienas \u2013 unikalus Tinka dovanai, suvenyrui, kolekcijai ar labai estetinei Kal\u0117d\u0173 eglutei  Sukurta ir pagaminta Lietuvoje","og_url":"https:\/\/slaptameile.lt\/en\/preke\/kolekcinis-kaledinis-zaisliukas-karaliskas-perlas-balta-perlo\/","og_site_name":"Slapta Meil\u0117","article_publisher":"https:\/\/www.facebook.com\/SlaptaMeileBarbora","article_modified_time":"2026-04-08T12:52:21+00:00","og_image":[{"width":2400,"height":3000,"url":"https:\/\/slaptameile.lt\/wp-content\/uploads\/2024\/08\/Kolekcinis_Vilniaus_karaliskos_renesansines_istorijos_kaledinis_zaisliukas_su_Perlais_Baltas-1-of-3.jpg","type":"image\/jpeg"}],"twitter_card":"summary_large_image","twitter_misc":{"Est. reading time":"1 minute"},"schema":{"@context":"https:\/\/schema.org","@graph":[{"@type":"WebPage","@id":"https:\/\/slaptameile.lt\/preke\/kolekcinis-kaledinis-zaisliukas-karaliskas-perlas-balta-perlo\/","url":"https:\/\/slaptameile.lt\/preke\/kolekcinis-kaledinis-zaisliukas-karaliskas-perlas-balta-perlo\/","name":"Kolekcinis kal\u0117dinis \u017eaisliukas \u201eKarali\u0161kas perlas\u201c | balta perlo - Slapta Meil\u0117","isPartOf":{"@id":"https:\/\/slaptameile.lt\/#website"},"primaryImageOfPage":{"@id":"https:\/\/slaptameile.lt\/preke\/kolekcinis-kaledinis-zaisliukas-karaliskas-perlas-balta-perlo\/#primaryimage"},"image":{"@id":"https:\/\/slaptameile.lt\/preke\/kolekcinis-kaledinis-zaisliukas-karaliskas-perlas-balta-perlo\/#primaryimage"},"thumbnailUrl":"https:\/\/slaptameile.lt\/wp-content\/uploads\/2024\/08\/Kolekcinis_Vilniaus_karaliskos_renesansines_istorijos_kaledinis_zaisliukas_su_Perlais_Baltas-1-of-3.jpg","datePublished":"2024-08-14T08:15:21+00:00","dateModified":"2026-04-08T12:52:21+00:00","breadcrumb":{"@id":"https:\/\/slaptameile.lt\/preke\/kolekcinis-kaledinis-zaisliukas-karaliskas-perlas-balta-perlo\/#breadcrumb"},"inLanguage":"en-US","potentialAction":[{"@type":"ReadAction","target":["https:\/\/slaptameile.lt\/preke\/kolekcinis-kaledinis-zaisliukas-karaliskas-perlas-balta-perlo\/"]}]},{"@type":"ImageObject","inLanguage":"en-US","@id":"https:\/\/slaptameile.lt\/preke\/kolekcinis-kaledinis-zaisliukas-karaliskas-perlas-balta-perlo\/#primaryimage","url":"https:\/\/slaptameile.lt\/wp-content\/uploads\/2024\/08\/Kolekcinis_Vilniaus_karaliskos_renesansines_istorijos_kaledinis_zaisliukas_su_Perlais_Baltas-1-of-3.jpg","contentUrl":"https:\/\/slaptameile.lt\/wp-content\/uploads\/2024\/08\/Kolekcinis_Vilniaus_karaliskos_renesansines_istorijos_kaledinis_zaisliukas_su_Perlais_Baltas-1-of-3.jpg","width":2400,"height":3000},{"@type":"BreadcrumbList","@id":"https:\/\/slaptameile.lt\/preke\/kolekcinis-kaledinis-zaisliukas-karaliskas-perlas-balta-perlo\/#breadcrumb","itemListElement":[{"@type":"ListItem","position":1,"name":"Home","item":"https:\/\/slaptameile.lt\/"},{"@type":"ListItem","position":2,"name":"Parduotuv\u0117","item":"https:\/\/slaptameile.lt\/parduotuve\/"},{"@type":"ListItem","position":3,"name":"Kolekcinis kal\u0117dinis \u017eaisliukas \u201eKarali\u0161kas perlas\u201c | balta perlo"}]},{"@type":"WebSite","@id":"https:\/\/slaptameile.lt\/#website","url":"https:\/\/slaptameile.lt\/","name":"Secret Love","description":"","publisher":{"@id":"https:\/\/slaptameile.lt\/#organization"},"potentialAction":[{"@type":"SearchAction","target":{"@type":"EntryPoint","urlTemplate":"https:\/\/slaptameile.lt\/?s={search_term_string}"},"query-input":{"@type":"PropertyValueSpecification","valueRequired":true,"valueName":"search_term_string"}}],"inLanguage":"en-US"},{"@type":"Organization","@id":"https:\/\/slaptameile.lt\/#organization","name":"Secret Love","url":"https:\/\/slaptameile.lt\/","logo":{"@type":"ImageObject","inLanguage":"en-US","@id":"https:\/\/slaptameile.lt\/#\/schema\/logo\/image\/","url":"https:\/\/slaptameile.lt\/wp-content\/uploads\/2026\/04\/sm-logo.jpg","contentUrl":"https:\/\/slaptameile.lt\/wp-content\/uploads\/2026\/04\/sm-logo.jpg","width":810,"height":380,"caption":"Slapta Meil\u0117"},"image":{"@id":"https:\/\/slaptameile.lt\/#\/schema\/logo\/image\/"},"sameAs":["https:\/\/www.facebook.com\/SlaptaMeileBarbora","https:\/\/www.instagram.com\/slaptameile","https:\/\/www.tiktok.com\/@slaptameile1"]}]}},"_links":{"self":[{"href":"https:\/\/slaptameile.lt\/en\/wp-json\/wp\/v2\/product\/685","targetHints":{"allow":["GET"]}}],"collection":[{"href":"https:\/\/slaptameile.lt\/en\/wp-json\/wp\/v2\/product"}],"about":[{"href":"https:\/\/slaptameile.lt\/en\/wp-json\/wp\/v2\/types\/product"}],"replies":[{"embeddable":true,"href":"https:\/\/slaptameile.lt\/en\/wp-json\/wp\/v2\/comments?post=685"}],"wp:featuredmedia":[{"embeddable":true,"href":"https:\/\/slaptameile.lt\/en\/wp-json\/wp\/v2\/media\/2498"}],"wp:attachment":[{"href":"https:\/\/slaptameile.lt\/en\/wp-json\/wp\/v2\/media?parent=685"}],"wp:term":[{"taxonomy":"partner","embeddable":true,"href":"https:\/\/slaptameile.lt\/en\/wp-json\/wp\/v2\/partner?post=685"},{"taxonomy":"product_brand","embeddable":true,"href":"https:\/\/slaptameile.lt\/en\/wp-json\/wp\/v2\/product_brand?post=685"},{"taxonomy":"product_cat","embeddable":true,"href":"https:\/\/slaptameile.lt\/en\/wp-json\/wp\/v2\/product_cat?post=685"},{"taxonomy":"product_tag","embeddable":true,"href":"https:\/\/slaptameile.lt\/en\/wp-json\/wp\/v2\/product_tag?post=685"}],"curies":[{"name":"wp","href":"https:\/\/api.w.org\/{rel}","templated":true}]}}