{"id":674,"date":"2024-08-14T11:45:58","date_gmt":"2024-08-14T08:45:58","guid":{"rendered":"https:\/\/slaptameile.lt\/?post_type=product&#038;p=674"},"modified":"2026-04-14T04:38:40","modified_gmt":"2026-04-14T01:38:40","slug":"kolekcinis-ranku-darbo-kaledinis-zaisliukas-karunuota-sirdis-perlo-balta","status":"publish","type":"product","link":"https:\/\/slaptameile.lt\/en\/preke\/kolekcinis-ranku-darbo-kaledinis-zaisliukas-karunuota-sirdis-perlo-balta\/","title":{"rendered":"Collectible handmade Christmas ornament \u201eCrowned Heart\u201c | Pearl White"},"content":{"rendered":"<p>Kai \u0161irdis kar\u016bnuojama \u2013 net eglut\u0117 atrodo kaip sostas. \u0160is kolekcinis kal\u0117dinis \u017eaisliukas \u2013 tylus link\u0117jimas i\u0161 Vilniaus karali\u0161k\u0173 auk\u0161tum\u0173. Sukurtas Barboros Radvilait\u0117s ir \u017dygimanto Augusto meil\u0117s istorijos garbei, jis \u012ftraukia tiek formos elegancija, tiek simboli\u0173 viliotiniu.<\/p>\n<p>Perlo balta\u00a0spalva \u2013 skirta Barborai, kuri dievino perlus. Kai esi karalien\u0117&#8230;<\/p>\n<p>Juoda\u00a0\u2013 tai Augustas. Ne tik d\u0117l to, kad m\u0117go juod\u0105 aksom\u0105 ir auks\u0105, bet ir d\u0117l to, kad paslaptys atrodo i\u0161rai\u0161kingiau tamsiame fone.<\/p>\n<p>Kas gali b\u016bti i\u0161kilmingesn\u0117 dovana i\u0161 \u0160iaur\u0117s Europos nei \u0161i rank\u0173 darbo karali\u0161ka keramikin\u0117 \u0161irdis?<\/p>\n<p>Rank\u0173 darbo kolekcinis kal\u0117dinis \u017eaisliukas<br \/>\nSpalvos:\u00a0perlo balta arba karali\u0161ka juoda<br \/>\nMed\u017eiagos:\u00a0fajansas, glaz\u016bra, dekol\u0117s, aukso liustra<br \/>\nI\u0161matavimai:\u00a0apie 7 \u00d7 6 cm<br \/>\nPagaminta Lietuvoje \u2013 su meile, moliu ir istoriniu u\u017etaisu<\/p>","protected":false},"excerpt":{"rendered":"<p>Kai \u0161irdis kar\u016bnuojama \u2013 net eglut\u0117 atrodo kaip sostas. \u0160is kolekcinis kal\u0117dinis \u017eaisliukas \u2013 tylus link\u0117jimas i\u0161 Vilniaus karali\u0161k\u0173 auk\u0161tum\u0173. Sukurtas Barboros Radvilait\u0117s ir \u017dygimanto Augusto meil\u0117s istorijos garbei, jis \u012ftraukia tiek formos elegancija, tiek simboli\u0173 viliotiniu.<\/p>\n<p>Perlo balta\u00a0spalva \u2013 skirta Barborai, kuri dievino perlus. Kai esi karalien\u0117&#8230;<\/p>\n<p>Juoda\u00a0\u2013 tai Augustas. Ne tik d\u0117l to, kad m\u0117go juod\u0105 aksom\u0105 ir auks\u0105, bet ir d\u0117l to, kad paslaptys atrodo i\u0161rai\u0161kingiau tamsiame fone.<\/p>\n<p>Kas gali b\u016bti i\u0161kilmingesn\u0117 dovana i\u0161 \u0160iaur\u0117s Europos nei \u0161i rank\u0173 darbo karali\u0161ka keramikin\u0117 \u0161irdis?<\/p>\n<p>Rank\u0173 darbo kolekcinis kal\u0117dinis \u017eaisliukas<br \/>\nSpalvos:\u00a0perlo balta arba karali\u0161ka juoda<br \/>\nMed\u017eiagos:\u00a0fajansas, glaz\u016bra, dekol\u0117s, aukso liustra<br \/>\nI\u0161matavimai:\u00a0apie 7 \u00d7 6 cm<br \/>\nPagaminta Lietuvoje \u2013 su meile, moliu ir istoriniu u\u017etaisu<\/p>","protected":false},"featured_media":675,"comment_status":"open","ping_status":"closed","template":"","meta":{"_acf_changed":false},"partner":[83],"product_brand":[],"product_cat":[18,27],"product_tag":[],"class_list":{"0":"post-674","1":"product","2":"type-product","3":"status-publish","4":"has-post-thumbnail","6":"partner-ceramic-heart","7":"product_cat-karaliskoji-kolekcija","8":"product_cat-namu-didybei","10":"first","11":"instock","12":"taxable","13":"shipping-taxable","14":"purchasable","15":"product-type-simple"},"acf":[],"yoast_head":"<!-- This site is optimized with the Yoast SEO plugin v27.5 - https:\/\/yoast.com\/product\/yoast-seo-wordpress\/ -->\n<title>Kolekcinis rank\u0173 darbo kal\u0117dinis \u017eaisliukas \u201eKar\u016bnuota \u0161irdis\u201c | Perlo balta - Slapta Meil\u0117<\/title>\n<meta name=\"robots\" content=\"index, follow, max-snippet:-1, max-image-preview:large, max-video-preview:-1\" \/>\n<link rel=\"canonical\" href=\"https:\/\/slaptameile.lt\/en\/preke\/kolekcinis-ranku-darbo-kaledinis-zaisliukas-karunuota-sirdis-perlo-balta\/\" \/>\n<meta property=\"og:locale\" content=\"en_US\" \/>\n<meta property=\"og:type\" content=\"article\" \/>\n<meta property=\"og:title\" content=\"Kolekcinis rank\u0173 darbo kal\u0117dinis \u017eaisliukas \u201eKar\u016bnuota \u0161irdis\u201c | Perlo balta - Slapta Meil\u0117\" \/>\n<meta property=\"og:description\" content=\"Kai \u0161irdis kar\u016bnuojama \u2013 net eglut\u0117 atrodo kaip sostas. \u0160is kolekcinis kal\u0117dinis \u017eaisliukas \u2013 tylus link\u0117jimas i\u0161 Vilniaus karali\u0161k\u0173 auk\u0161tum\u0173. Sukurtas Barboros Radvilait\u0117s ir \u017dygimanto Augusto meil\u0117s istorijos garbei, jis \u012ftraukia tiek formos elegancija, tiek simboli\u0173 viliotiniu.  Perlo balta\u00a0spalva \u2013 skirta Barborai, kuri dievino perlus. Kai esi karalien\u0117...  Juoda\u00a0\u2013 tai Augustas. Ne tik d\u0117l to, kad m\u0117go juod\u0105 aksom\u0105 ir auks\u0105, bet ir d\u0117l to, kad paslaptys atrodo i\u0161rai\u0161kingiau tamsiame fone.  Kas gali b\u016bti i\u0161kilmingesn\u0117 dovana i\u0161 \u0160iaur\u0117s Europos nei \u0161i rank\u0173 darbo karali\u0161ka keramikin\u0117 \u0161irdis?  Rank\u0173 darbo kolekcinis kal\u0117dinis \u017eaisliukas Spalvos:\u00a0perlo balta arba karali\u0161ka juoda Med\u017eiagos:\u00a0fajansas, glaz\u016bra, dekol\u0117s, aukso liustra I\u0161matavimai:\u00a0apie 7 \u00d7 6 cm Pagaminta Lietuvoje \u2013 su meile, moliu ir istoriniu u\u017etaisu\" \/>\n<meta property=\"og:url\" content=\"https:\/\/slaptameile.lt\/en\/preke\/kolekcinis-ranku-darbo-kaledinis-zaisliukas-karunuota-sirdis-perlo-balta\/\" \/>\n<meta property=\"og:site_name\" content=\"Slapta Meil\u0117\" \/>\n<meta property=\"article:publisher\" content=\"https:\/\/www.facebook.com\/SlaptaMeileBarbora\" \/>\n<meta property=\"article:modified_time\" content=\"2026-04-14T01:38:40+00:00\" \/>\n<meta property=\"og:image\" content=\"https:\/\/slaptameile.lt\/wp-content\/uploads\/2025\/10\/Kolekciniai-Vilniaus-karaliskos-renesansines-istorijos-kalediniai-zaisl-3.jpeg\" \/>\n\t<meta property=\"og:image:width\" content=\"1100\" \/>\n\t<meta property=\"og:image:height\" content=\"1100\" \/>\n\t<meta property=\"og:image:type\" content=\"image\/jpeg\" \/>\n<meta name=\"twitter:card\" content=\"summary_large_image\" \/>\n<meta name=\"twitter:label1\" content=\"Est. reading time\" \/>\n\t<meta name=\"twitter:data1\" content=\"1 minute\" \/>\n<script type=\"application\/ld+json\" class=\"yoast-schema-graph\">{\"@context\":\"https:\\\/\\\/schema.org\",\"@graph\":[{\"@type\":\"WebPage\",\"@id\":\"https:\\\/\\\/slaptameile.lt\\\/preke\\\/kolekcinis-ranku-darbo-kaledinis-zaisliukas-karunuota-sirdis-perlo-balta\\\/\",\"url\":\"https:\\\/\\\/slaptameile.lt\\\/preke\\\/kolekcinis-ranku-darbo-kaledinis-zaisliukas-karunuota-sirdis-perlo-balta\\\/\",\"name\":\"Kolekcinis rank\u0173 darbo kal\u0117dinis \u017eaisliukas \u201eKar\u016bnuota \u0161irdis\u201c | Perlo balta - Slapta Meil\u0117\",\"isPartOf\":{\"@id\":\"https:\\\/\\\/slaptameile.lt\\\/#website\"},\"primaryImageOfPage\":{\"@id\":\"https:\\\/\\\/slaptameile.lt\\\/preke\\\/kolekcinis-ranku-darbo-kaledinis-zaisliukas-karunuota-sirdis-perlo-balta\\\/#primaryimage\"},\"image\":{\"@id\":\"https:\\\/\\\/slaptameile.lt\\\/preke\\\/kolekcinis-ranku-darbo-kaledinis-zaisliukas-karunuota-sirdis-perlo-balta\\\/#primaryimage\"},\"thumbnailUrl\":\"https:\\\/\\\/slaptameile.lt\\\/wp-content\\\/uploads\\\/2025\\\/10\\\/Kolekciniai-Vilniaus-karaliskos-renesansines-istorijos-kalediniai-zaisl-3.jpeg\",\"datePublished\":\"2024-08-14T08:45:58+00:00\",\"dateModified\":\"2026-04-14T01:38:40+00:00\",\"breadcrumb\":{\"@id\":\"https:\\\/\\\/slaptameile.lt\\\/preke\\\/kolekcinis-ranku-darbo-kaledinis-zaisliukas-karunuota-sirdis-perlo-balta\\\/#breadcrumb\"},\"inLanguage\":\"en-US\",\"potentialAction\":[{\"@type\":\"ReadAction\",\"target\":[\"https:\\\/\\\/slaptameile.lt\\\/preke\\\/kolekcinis-ranku-darbo-kaledinis-zaisliukas-karunuota-sirdis-perlo-balta\\\/\"]}]},{\"@type\":\"ImageObject\",\"inLanguage\":\"en-US\",\"@id\":\"https:\\\/\\\/slaptameile.lt\\\/preke\\\/kolekcinis-ranku-darbo-kaledinis-zaisliukas-karunuota-sirdis-perlo-balta\\\/#primaryimage\",\"url\":\"https:\\\/\\\/slaptameile.lt\\\/wp-content\\\/uploads\\\/2025\\\/10\\\/Kolekciniai-Vilniaus-karaliskos-renesansines-istorijos-kalediniai-zaisl-3.jpeg\",\"contentUrl\":\"https:\\\/\\\/slaptameile.lt\\\/wp-content\\\/uploads\\\/2025\\\/10\\\/Kolekciniai-Vilniaus-karaliskos-renesansines-istorijos-kalediniai-zaisl-3.jpeg\",\"width\":1100,\"height\":1100},{\"@type\":\"BreadcrumbList\",\"@id\":\"https:\\\/\\\/slaptameile.lt\\\/preke\\\/kolekcinis-ranku-darbo-kaledinis-zaisliukas-karunuota-sirdis-perlo-balta\\\/#breadcrumb\",\"itemListElement\":[{\"@type\":\"ListItem\",\"position\":1,\"name\":\"Home\",\"item\":\"https:\\\/\\\/slaptameile.lt\\\/\"},{\"@type\":\"ListItem\",\"position\":2,\"name\":\"Parduotuv\u0117\",\"item\":\"https:\\\/\\\/slaptameile.lt\\\/parduotuve\\\/\"},{\"@type\":\"ListItem\",\"position\":3,\"name\":\"Kolekcinis rank\u0173 darbo kal\u0117dinis \u017eaisliukas \u201eKar\u016bnuota \u0161irdis\u201c | Perlo balta\"}]},{\"@type\":\"WebSite\",\"@id\":\"https:\\\/\\\/slaptameile.lt\\\/#website\",\"url\":\"https:\\\/\\\/slaptameile.lt\\\/\",\"name\":\"Slapta Meil\u0117\",\"description\":\"\",\"publisher\":{\"@id\":\"https:\\\/\\\/slaptameile.lt\\\/#organization\"},\"potentialAction\":[{\"@type\":\"SearchAction\",\"target\":{\"@type\":\"EntryPoint\",\"urlTemplate\":\"https:\\\/\\\/slaptameile.lt\\\/?s={search_term_string}\"},\"query-input\":{\"@type\":\"PropertyValueSpecification\",\"valueRequired\":true,\"valueName\":\"search_term_string\"}}],\"inLanguage\":\"en-US\"},{\"@type\":\"Organization\",\"@id\":\"https:\\\/\\\/slaptameile.lt\\\/#organization\",\"name\":\"Slapta Meil\u0117\",\"url\":\"https:\\\/\\\/slaptameile.lt\\\/\",\"logo\":{\"@type\":\"ImageObject\",\"inLanguage\":\"en-US\",\"@id\":\"https:\\\/\\\/slaptameile.lt\\\/#\\\/schema\\\/logo\\\/image\\\/\",\"url\":\"https:\\\/\\\/slaptameile.lt\\\/wp-content\\\/uploads\\\/2026\\\/04\\\/sm-logo.jpg\",\"contentUrl\":\"https:\\\/\\\/slaptameile.lt\\\/wp-content\\\/uploads\\\/2026\\\/04\\\/sm-logo.jpg\",\"width\":810,\"height\":380,\"caption\":\"Slapta Meil\u0117\"},\"image\":{\"@id\":\"https:\\\/\\\/slaptameile.lt\\\/#\\\/schema\\\/logo\\\/image\\\/\"},\"sameAs\":[\"https:\\\/\\\/www.facebook.com\\\/SlaptaMeileBarbora\",\"https:\\\/\\\/www.instagram.com\\\/slaptameile\",\"https:\\\/\\\/www.tiktok.com\\\/@slaptameile1\"]}]}<\/script>\n<!-- \/ Yoast SEO plugin. -->","yoast_head_json":{"title":"Kolekcinis rank\u0173 darbo kal\u0117dinis \u017eaisliukas \u201eKar\u016bnuota \u0161irdis\u201c | Perlo balta - Slapta Meil\u0117","robots":{"index":"index","follow":"follow","max-snippet":"max-snippet:-1","max-image-preview":"max-image-preview:large","max-video-preview":"max-video-preview:-1"},"canonical":"https:\/\/slaptameile.lt\/en\/preke\/kolekcinis-ranku-darbo-kaledinis-zaisliukas-karunuota-sirdis-perlo-balta\/","og_locale":"en_US","og_type":"article","og_title":"Kolekcinis rank\u0173 darbo kal\u0117dinis \u017eaisliukas \u201eKar\u016bnuota \u0161irdis\u201c | Perlo balta - Slapta Meil\u0117","og_description":"Kai \u0161irdis kar\u016bnuojama \u2013 net eglut\u0117 atrodo kaip sostas. \u0160is kolekcinis kal\u0117dinis \u017eaisliukas \u2013 tylus link\u0117jimas i\u0161 Vilniaus karali\u0161k\u0173 auk\u0161tum\u0173. Sukurtas Barboros Radvilait\u0117s ir \u017dygimanto Augusto meil\u0117s istorijos garbei, jis \u012ftraukia tiek formos elegancija, tiek simboli\u0173 viliotiniu.  Perlo balta\u00a0spalva \u2013 skirta Barborai, kuri dievino perlus. Kai esi karalien\u0117...  Juoda\u00a0\u2013 tai Augustas. Ne tik d\u0117l to, kad m\u0117go juod\u0105 aksom\u0105 ir auks\u0105, bet ir d\u0117l to, kad paslaptys atrodo i\u0161rai\u0161kingiau tamsiame fone.  Kas gali b\u016bti i\u0161kilmingesn\u0117 dovana i\u0161 \u0160iaur\u0117s Europos nei \u0161i rank\u0173 darbo karali\u0161ka keramikin\u0117 \u0161irdis?  Rank\u0173 darbo kolekcinis kal\u0117dinis \u017eaisliukas Spalvos:\u00a0perlo balta arba karali\u0161ka juoda Med\u017eiagos:\u00a0fajansas, glaz\u016bra, dekol\u0117s, aukso liustra I\u0161matavimai:\u00a0apie 7 \u00d7 6 cm Pagaminta Lietuvoje \u2013 su meile, moliu ir istoriniu u\u017etaisu","og_url":"https:\/\/slaptameile.lt\/en\/preke\/kolekcinis-ranku-darbo-kaledinis-zaisliukas-karunuota-sirdis-perlo-balta\/","og_site_name":"Slapta Meil\u0117","article_publisher":"https:\/\/www.facebook.com\/SlaptaMeileBarbora","article_modified_time":"2026-04-14T01:38:40+00:00","og_image":[{"width":1100,"height":1100,"url":"https:\/\/slaptameile.lt\/wp-content\/uploads\/2025\/10\/Kolekciniai-Vilniaus-karaliskos-renesansines-istorijos-kalediniai-zaisl-3.jpeg","type":"image\/jpeg"}],"twitter_card":"summary_large_image","twitter_misc":{"Est. reading time":"1 minute"},"schema":{"@context":"https:\/\/schema.org","@graph":[{"@type":"WebPage","@id":"https:\/\/slaptameile.lt\/preke\/kolekcinis-ranku-darbo-kaledinis-zaisliukas-karunuota-sirdis-perlo-balta\/","url":"https:\/\/slaptameile.lt\/preke\/kolekcinis-ranku-darbo-kaledinis-zaisliukas-karunuota-sirdis-perlo-balta\/","name":"Kolekcinis rank\u0173 darbo kal\u0117dinis \u017eaisliukas \u201eKar\u016bnuota \u0161irdis\u201c | Perlo balta - Slapta Meil\u0117","isPartOf":{"@id":"https:\/\/slaptameile.lt\/#website"},"primaryImageOfPage":{"@id":"https:\/\/slaptameile.lt\/preke\/kolekcinis-ranku-darbo-kaledinis-zaisliukas-karunuota-sirdis-perlo-balta\/#primaryimage"},"image":{"@id":"https:\/\/slaptameile.lt\/preke\/kolekcinis-ranku-darbo-kaledinis-zaisliukas-karunuota-sirdis-perlo-balta\/#primaryimage"},"thumbnailUrl":"https:\/\/slaptameile.lt\/wp-content\/uploads\/2025\/10\/Kolekciniai-Vilniaus-karaliskos-renesansines-istorijos-kalediniai-zaisl-3.jpeg","datePublished":"2024-08-14T08:45:58+00:00","dateModified":"2026-04-14T01:38:40+00:00","breadcrumb":{"@id":"https:\/\/slaptameile.lt\/preke\/kolekcinis-ranku-darbo-kaledinis-zaisliukas-karunuota-sirdis-perlo-balta\/#breadcrumb"},"inLanguage":"en-US","potentialAction":[{"@type":"ReadAction","target":["https:\/\/slaptameile.lt\/preke\/kolekcinis-ranku-darbo-kaledinis-zaisliukas-karunuota-sirdis-perlo-balta\/"]}]},{"@type":"ImageObject","inLanguage":"en-US","@id":"https:\/\/slaptameile.lt\/preke\/kolekcinis-ranku-darbo-kaledinis-zaisliukas-karunuota-sirdis-perlo-balta\/#primaryimage","url":"https:\/\/slaptameile.lt\/wp-content\/uploads\/2025\/10\/Kolekciniai-Vilniaus-karaliskos-renesansines-istorijos-kalediniai-zaisl-3.jpeg","contentUrl":"https:\/\/slaptameile.lt\/wp-content\/uploads\/2025\/10\/Kolekciniai-Vilniaus-karaliskos-renesansines-istorijos-kalediniai-zaisl-3.jpeg","width":1100,"height":1100},{"@type":"BreadcrumbList","@id":"https:\/\/slaptameile.lt\/preke\/kolekcinis-ranku-darbo-kaledinis-zaisliukas-karunuota-sirdis-perlo-balta\/#breadcrumb","itemListElement":[{"@type":"ListItem","position":1,"name":"Home","item":"https:\/\/slaptameile.lt\/"},{"@type":"ListItem","position":2,"name":"Parduotuv\u0117","item":"https:\/\/slaptameile.lt\/parduotuve\/"},{"@type":"ListItem","position":3,"name":"Kolekcinis rank\u0173 darbo kal\u0117dinis \u017eaisliukas \u201eKar\u016bnuota \u0161irdis\u201c | Perlo balta"}]},{"@type":"WebSite","@id":"https:\/\/slaptameile.lt\/#website","url":"https:\/\/slaptameile.lt\/","name":"Secret Love","description":"","publisher":{"@id":"https:\/\/slaptameile.lt\/#organization"},"potentialAction":[{"@type":"SearchAction","target":{"@type":"EntryPoint","urlTemplate":"https:\/\/slaptameile.lt\/?s={search_term_string}"},"query-input":{"@type":"PropertyValueSpecification","valueRequired":true,"valueName":"search_term_string"}}],"inLanguage":"en-US"},{"@type":"Organization","@id":"https:\/\/slaptameile.lt\/#organization","name":"Secret Love","url":"https:\/\/slaptameile.lt\/","logo":{"@type":"ImageObject","inLanguage":"en-US","@id":"https:\/\/slaptameile.lt\/#\/schema\/logo\/image\/","url":"https:\/\/slaptameile.lt\/wp-content\/uploads\/2026\/04\/sm-logo.jpg","contentUrl":"https:\/\/slaptameile.lt\/wp-content\/uploads\/2026\/04\/sm-logo.jpg","width":810,"height":380,"caption":"Slapta Meil\u0117"},"image":{"@id":"https:\/\/slaptameile.lt\/#\/schema\/logo\/image\/"},"sameAs":["https:\/\/www.facebook.com\/SlaptaMeileBarbora","https:\/\/www.instagram.com\/slaptameile","https:\/\/www.tiktok.com\/@slaptameile1"]}]}},"_links":{"self":[{"href":"https:\/\/slaptameile.lt\/en\/wp-json\/wp\/v2\/product\/674","targetHints":{"allow":["GET"]}}],"collection":[{"href":"https:\/\/slaptameile.lt\/en\/wp-json\/wp\/v2\/product"}],"about":[{"href":"https:\/\/slaptameile.lt\/en\/wp-json\/wp\/v2\/types\/product"}],"replies":[{"embeddable":true,"href":"https:\/\/slaptameile.lt\/en\/wp-json\/wp\/v2\/comments?post=674"}],"wp:featuredmedia":[{"embeddable":true,"href":"https:\/\/slaptameile.lt\/en\/wp-json\/wp\/v2\/media\/675"}],"wp:attachment":[{"href":"https:\/\/slaptameile.lt\/en\/wp-json\/wp\/v2\/media?parent=674"}],"wp:term":[{"taxonomy":"partner","embeddable":true,"href":"https:\/\/slaptameile.lt\/en\/wp-json\/wp\/v2\/partner?post=674"},{"taxonomy":"product_brand","embeddable":true,"href":"https:\/\/slaptameile.lt\/en\/wp-json\/wp\/v2\/product_brand?post=674"},{"taxonomy":"product_cat","embeddable":true,"href":"https:\/\/slaptameile.lt\/en\/wp-json\/wp\/v2\/product_cat?post=674"},{"taxonomy":"product_tag","embeddable":true,"href":"https:\/\/slaptameile.lt\/en\/wp-json\/wp\/v2\/product_tag?post=674"}],"curies":[{"name":"wp","href":"https:\/\/api.w.org\/{rel}","templated":true}]}}