{"id":659,"date":"2024-08-14T12:15:01","date_gmt":"2024-08-14T09:15:01","guid":{"rendered":"https:\/\/slaptameile.lt\/?post_type=product&#038;p=659"},"modified":"2026-04-08T15:50:51","modified_gmt":"2026-04-08T12:50:51","slug":"kolekcinis-kaledinis-zaisliukas-vilniaus-karunos-perlas-perlo","status":"publish","type":"product","link":"https:\/\/slaptameile.lt\/en\/preke\/kolekcinis-kaledinis-zaisliukas-vilniaus-karunos-perlas-perlo\/","title":{"rendered":"Collectible Christmas ornament \u201eVilnius Crown Jewel\u201c | pearl"},"content":{"rendered":"<p>Rank\u0173 darbo keraminiai eglut\u0117s \u017eaisliukai i\u0161\u00a0Mr. Bowl Ceramics\u00a0ir\u00a0SLAPTA MEIL\u0116\u00a0kolekcijos \u2013 suvenyras, vertas karali\u0161kos istorijos. \u012ekv\u0117pti legendin\u0117s Barboros Radvilait\u0117s ir \u017dygimanto Augusto meil\u0117s, \u017eaisliukai atspindi moteri\u0161k\u0105 ir vyri\u0161k\u0105 energij\u0105, perl\u0173 \u0161vies\u0105 ir tamsaus aukso gyl\u012f.<\/p>\n<p>Vienas \u017eaisliukas \u2013 \u0161viesus, perl\u0173. Kitas \u2013 tamsaus aukso, lyg Barboros suknel\u0117s \u0161e\u0161\u0117lis renesansiniame pokylyje. Kartu \u2013 simbolin\u0117 pora, kurioje kiekvienas atspindi dalel\u0119 Vilniaus \u0161irdies.<\/p>\n<p>Puikiai tinka kaip kal\u0117din\u0117 dovana, simboli\u0161kas suvenyras i\u0161 Lietuvos arba nedidelis priminimas, kad istorija prasideda nuo smulkmen\u0173. Ir, \u017einoma, nuo meil\u0117s.<\/p>\n<p>Mr. Bowl Ceramics \/ rank\u0173 darbo keramika<\/p>\n<p>Features:<br \/>\nAuk\u0161tis apie 8 cm, skersmuo apie 7 cm<br \/>\nPagaminta i\u0161 balto molio, i\u0161degta auk\u0161toje temperat\u016broje<br \/>\nGalima rinktis:\u00a0perl\u0173 arba tamsaus aukso\u00a0atspalv\u012f<br \/>\nKiekvienas \u017eaisliukas \u2013 unikalus, nes pagamintas rankomis<br \/>\nGali tur\u0117ti iki 1 cm dyd\u017eio skirtum\u0105<\/p>\n<p>Made and manufactured in Lithuania<\/p>","protected":false},"excerpt":{"rendered":"<p>Rank\u0173 darbo keraminiai eglut\u0117s \u017eaisliukai i\u0161\u00a0Mr. Bowl Ceramics\u00a0ir\u00a0SLAPTA MEIL\u0116\u00a0kolekcijos \u2013 suvenyras, vertas karali\u0161kos istorijos. \u012ekv\u0117pti legendin\u0117s Barboros Radvilait\u0117s ir \u017dygimanto Augusto meil\u0117s, \u017eaisliukai atspindi moteri\u0161k\u0105 ir vyri\u0161k\u0105 energij\u0105, perl\u0173 \u0161vies\u0105 ir tamsaus aukso gyl\u012f.<\/p>\n<p>Vienas \u017eaisliukas \u2013 \u0161viesus, perl\u0173. Kitas \u2013 tamsaus aukso, lyg Barboros suknel\u0117s \u0161e\u0161\u0117lis renesansiniame pokylyje. Kartu \u2013 simbolin\u0117 pora, kurioje kiekvienas atspindi dalel\u0119 Vilniaus \u0161irdies.<\/p>\n<p>Puikiai tinka kaip kal\u0117din\u0117 dovana, simboli\u0161kas suvenyras i\u0161 Lietuvos arba nedidelis priminimas, kad istorija prasideda nuo smulkmen\u0173. Ir, \u017einoma, nuo meil\u0117s.<\/p>\n<p>Mr. Bowl Ceramics \/ rank\u0173 darbo keramika<\/p>\n<p>Features:<br \/>\nAuk\u0161tis apie 8 cm, skersmuo apie 7 cm<br \/>\nPagaminta i\u0161 balto molio, i\u0161degta auk\u0161toje temperat\u016broje<br \/>\nGalima rinktis:\u00a0perl\u0173 arba tamsaus aukso\u00a0atspalv\u012f<br \/>\nKiekvienas \u017eaisliukas \u2013 unikalus, nes pagamintas rankomis<br \/>\nGali tur\u0117ti iki 1 cm dyd\u017eio skirtum\u0105<\/p>\n<p>Made and manufactured in Lithuania<\/p>","protected":false},"featured_media":2501,"comment_status":"open","ping_status":"closed","template":"","meta":{"_acf_changed":false},"partner":[82],"product_brand":[],"product_cat":[18,27],"product_tag":[],"class_list":{"0":"post-659","1":"product","2":"type-product","3":"status-publish","4":"has-post-thumbnail","6":"partner-mr-bowl-ceramics","7":"product_cat-karaliskoji-kolekcija","8":"product_cat-namu-didybei","10":"first","11":"instock","12":"taxable","13":"shipping-taxable","14":"purchasable","15":"product-type-simple"},"acf":[],"yoast_head":"<!-- This site is optimized with the Yoast SEO plugin v27.5 - https:\/\/yoast.com\/product\/yoast-seo-wordpress\/ -->\n<title>Kolekcinis kal\u0117dinis \u017eaisliukas \u201eVilniaus kar\u016bnos perlas\u201c | perlo - Slapta Meil\u0117<\/title>\n<meta name=\"robots\" content=\"index, follow, max-snippet:-1, max-image-preview:large, max-video-preview:-1\" \/>\n<link rel=\"canonical\" href=\"https:\/\/slaptameile.lt\/en\/preke\/kolekcinis-kaledinis-zaisliukas-vilniaus-karunos-perlas-perlo\/\" \/>\n<meta property=\"og:locale\" content=\"en_US\" \/>\n<meta property=\"og:type\" content=\"article\" \/>\n<meta property=\"og:title\" content=\"Kolekcinis kal\u0117dinis \u017eaisliukas \u201eVilniaus kar\u016bnos perlas\u201c | perlo - Slapta Meil\u0117\" \/>\n<meta property=\"og:description\" content=\"Rank\u0173 darbo keraminiai eglut\u0117s \u017eaisliukai i\u0161\u00a0Mr. Bowl Ceramics\u00a0ir\u00a0SLAPTA MEIL\u0116\u00a0kolekcijos \u2013 suvenyras, vertas karali\u0161kos istorijos. \u012ekv\u0117pti legendin\u0117s Barboros Radvilait\u0117s ir \u017dygimanto Augusto meil\u0117s, \u017eaisliukai atspindi moteri\u0161k\u0105 ir vyri\u0161k\u0105 energij\u0105, perl\u0173 \u0161vies\u0105 ir tamsaus aukso gyl\u012f.  Vienas \u017eaisliukas \u2013 \u0161viesus, perl\u0173. Kitas \u2013 tamsaus aukso, lyg Barboros suknel\u0117s \u0161e\u0161\u0117lis renesansiniame pokylyje. Kartu \u2013 simbolin\u0117 pora, kurioje kiekvienas atspindi dalel\u0119 Vilniaus \u0161irdies.  Puikiai tinka kaip kal\u0117din\u0117 dovana, simboli\u0161kas suvenyras i\u0161 Lietuvos arba nedidelis priminimas, kad istorija prasideda nuo smulkmen\u0173. Ir, \u017einoma, nuo meil\u0117s.  Mr. Bowl Ceramics \/ rank\u0173 darbo keramika  Savyb\u0117s: Auk\u0161tis apie 8 cm, skersmuo apie 7 cm Pagaminta i\u0161 balto molio, i\u0161degta auk\u0161toje temperat\u016broje Galima rinktis:\u00a0perl\u0173 arba tamsaus aukso\u00a0atspalv\u012f Kiekvienas \u017eaisliukas \u2013 unikalus, nes pagamintas rankomis Gali tur\u0117ti iki 1 cm dyd\u017eio skirtum\u0105  Sukurta ir pagaminta Lietuvoje\" \/>\n<meta property=\"og:url\" content=\"https:\/\/slaptameile.lt\/en\/preke\/kolekcinis-kaledinis-zaisliukas-vilniaus-karunos-perlas-perlo\/\" \/>\n<meta property=\"og:site_name\" content=\"Slapta Meil\u0117\" \/>\n<meta property=\"article:publisher\" content=\"https:\/\/www.facebook.com\/SlaptaMeileBarbora\" \/>\n<meta property=\"article:modified_time\" content=\"2026-04-08T12:50:51+00:00\" \/>\n<meta property=\"og:image\" content=\"https:\/\/slaptameile.lt\/wp-content\/uploads\/2024\/08\/Kolekcinis_Vilniaus_karaliskos_renesansines_istorijos_kaledinis_zaisliukas_Baltas-1-of-3.jpg\" \/>\n\t<meta property=\"og:image:width\" content=\"2400\" \/>\n\t<meta property=\"og:image:height\" content=\"3000\" \/>\n\t<meta property=\"og:image:type\" content=\"image\/jpeg\" \/>\n<meta name=\"twitter:card\" content=\"summary_large_image\" \/>\n<meta name=\"twitter:label1\" content=\"Est. reading time\" \/>\n\t<meta name=\"twitter:data1\" content=\"1 minute\" \/>\n<script type=\"application\/ld+json\" class=\"yoast-schema-graph\">{\"@context\":\"https:\\\/\\\/schema.org\",\"@graph\":[{\"@type\":\"WebPage\",\"@id\":\"https:\\\/\\\/slaptameile.lt\\\/preke\\\/kolekcinis-kaledinis-zaisliukas-vilniaus-karunos-perlas-perlo\\\/\",\"url\":\"https:\\\/\\\/slaptameile.lt\\\/preke\\\/kolekcinis-kaledinis-zaisliukas-vilniaus-karunos-perlas-perlo\\\/\",\"name\":\"Kolekcinis kal\u0117dinis \u017eaisliukas \u201eVilniaus kar\u016bnos perlas\u201c | perlo - Slapta Meil\u0117\",\"isPartOf\":{\"@id\":\"https:\\\/\\\/slaptameile.lt\\\/#website\"},\"primaryImageOfPage\":{\"@id\":\"https:\\\/\\\/slaptameile.lt\\\/preke\\\/kolekcinis-kaledinis-zaisliukas-vilniaus-karunos-perlas-perlo\\\/#primaryimage\"},\"image\":{\"@id\":\"https:\\\/\\\/slaptameile.lt\\\/preke\\\/kolekcinis-kaledinis-zaisliukas-vilniaus-karunos-perlas-perlo\\\/#primaryimage\"},\"thumbnailUrl\":\"https:\\\/\\\/slaptameile.lt\\\/wp-content\\\/uploads\\\/2024\\\/08\\\/Kolekcinis_Vilniaus_karaliskos_renesansines_istorijos_kaledinis_zaisliukas_Baltas-1-of-3.jpg\",\"datePublished\":\"2024-08-14T09:15:01+00:00\",\"dateModified\":\"2026-04-08T12:50:51+00:00\",\"breadcrumb\":{\"@id\":\"https:\\\/\\\/slaptameile.lt\\\/preke\\\/kolekcinis-kaledinis-zaisliukas-vilniaus-karunos-perlas-perlo\\\/#breadcrumb\"},\"inLanguage\":\"en-US\",\"potentialAction\":[{\"@type\":\"ReadAction\",\"target\":[\"https:\\\/\\\/slaptameile.lt\\\/preke\\\/kolekcinis-kaledinis-zaisliukas-vilniaus-karunos-perlas-perlo\\\/\"]}]},{\"@type\":\"ImageObject\",\"inLanguage\":\"en-US\",\"@id\":\"https:\\\/\\\/slaptameile.lt\\\/preke\\\/kolekcinis-kaledinis-zaisliukas-vilniaus-karunos-perlas-perlo\\\/#primaryimage\",\"url\":\"https:\\\/\\\/slaptameile.lt\\\/wp-content\\\/uploads\\\/2024\\\/08\\\/Kolekcinis_Vilniaus_karaliskos_renesansines_istorijos_kaledinis_zaisliukas_Baltas-1-of-3.jpg\",\"contentUrl\":\"https:\\\/\\\/slaptameile.lt\\\/wp-content\\\/uploads\\\/2024\\\/08\\\/Kolekcinis_Vilniaus_karaliskos_renesansines_istorijos_kaledinis_zaisliukas_Baltas-1-of-3.jpg\",\"width\":2400,\"height\":3000},{\"@type\":\"BreadcrumbList\",\"@id\":\"https:\\\/\\\/slaptameile.lt\\\/preke\\\/kolekcinis-kaledinis-zaisliukas-vilniaus-karunos-perlas-perlo\\\/#breadcrumb\",\"itemListElement\":[{\"@type\":\"ListItem\",\"position\":1,\"name\":\"Home\",\"item\":\"https:\\\/\\\/slaptameile.lt\\\/\"},{\"@type\":\"ListItem\",\"position\":2,\"name\":\"Parduotuv\u0117\",\"item\":\"https:\\\/\\\/slaptameile.lt\\\/parduotuve\\\/\"},{\"@type\":\"ListItem\",\"position\":3,\"name\":\"Kolekcinis kal\u0117dinis \u017eaisliukas \u201eVilniaus kar\u016bnos perlas\u201c | perlo\"}]},{\"@type\":\"WebSite\",\"@id\":\"https:\\\/\\\/slaptameile.lt\\\/#website\",\"url\":\"https:\\\/\\\/slaptameile.lt\\\/\",\"name\":\"Slapta Meil\u0117\",\"description\":\"\",\"publisher\":{\"@id\":\"https:\\\/\\\/slaptameile.lt\\\/#organization\"},\"potentialAction\":[{\"@type\":\"SearchAction\",\"target\":{\"@type\":\"EntryPoint\",\"urlTemplate\":\"https:\\\/\\\/slaptameile.lt\\\/?s={search_term_string}\"},\"query-input\":{\"@type\":\"PropertyValueSpecification\",\"valueRequired\":true,\"valueName\":\"search_term_string\"}}],\"inLanguage\":\"en-US\"},{\"@type\":\"Organization\",\"@id\":\"https:\\\/\\\/slaptameile.lt\\\/#organization\",\"name\":\"Slapta Meil\u0117\",\"url\":\"https:\\\/\\\/slaptameile.lt\\\/\",\"logo\":{\"@type\":\"ImageObject\",\"inLanguage\":\"en-US\",\"@id\":\"https:\\\/\\\/slaptameile.lt\\\/#\\\/schema\\\/logo\\\/image\\\/\",\"url\":\"https:\\\/\\\/slaptameile.lt\\\/wp-content\\\/uploads\\\/2026\\\/04\\\/sm-logo.jpg\",\"contentUrl\":\"https:\\\/\\\/slaptameile.lt\\\/wp-content\\\/uploads\\\/2026\\\/04\\\/sm-logo.jpg\",\"width\":810,\"height\":380,\"caption\":\"Slapta Meil\u0117\"},\"image\":{\"@id\":\"https:\\\/\\\/slaptameile.lt\\\/#\\\/schema\\\/logo\\\/image\\\/\"},\"sameAs\":[\"https:\\\/\\\/www.facebook.com\\\/SlaptaMeileBarbora\",\"https:\\\/\\\/www.instagram.com\\\/slaptameile\",\"https:\\\/\\\/www.tiktok.com\\\/@slaptameile1\"]}]}<\/script>\n<!-- \/ Yoast SEO plugin. -->","yoast_head_json":{"title":"Kolekcinis kal\u0117dinis \u017eaisliukas \u201eVilniaus kar\u016bnos perlas\u201c | perlo - Slapta Meil\u0117","robots":{"index":"index","follow":"follow","max-snippet":"max-snippet:-1","max-image-preview":"max-image-preview:large","max-video-preview":"max-video-preview:-1"},"canonical":"https:\/\/slaptameile.lt\/en\/preke\/kolekcinis-kaledinis-zaisliukas-vilniaus-karunos-perlas-perlo\/","og_locale":"en_US","og_type":"article","og_title":"Kolekcinis kal\u0117dinis \u017eaisliukas \u201eVilniaus kar\u016bnos perlas\u201c | perlo - Slapta Meil\u0117","og_description":"Rank\u0173 darbo keraminiai eglut\u0117s \u017eaisliukai i\u0161\u00a0Mr. Bowl Ceramics\u00a0ir\u00a0SLAPTA MEIL\u0116\u00a0kolekcijos \u2013 suvenyras, vertas karali\u0161kos istorijos. \u012ekv\u0117pti legendin\u0117s Barboros Radvilait\u0117s ir \u017dygimanto Augusto meil\u0117s, \u017eaisliukai atspindi moteri\u0161k\u0105 ir vyri\u0161k\u0105 energij\u0105, perl\u0173 \u0161vies\u0105 ir tamsaus aukso gyl\u012f.  Vienas \u017eaisliukas \u2013 \u0161viesus, perl\u0173. Kitas \u2013 tamsaus aukso, lyg Barboros suknel\u0117s \u0161e\u0161\u0117lis renesansiniame pokylyje. Kartu \u2013 simbolin\u0117 pora, kurioje kiekvienas atspindi dalel\u0119 Vilniaus \u0161irdies.  Puikiai tinka kaip kal\u0117din\u0117 dovana, simboli\u0161kas suvenyras i\u0161 Lietuvos arba nedidelis priminimas, kad istorija prasideda nuo smulkmen\u0173. Ir, \u017einoma, nuo meil\u0117s.  Mr. Bowl Ceramics \/ rank\u0173 darbo keramika  Savyb\u0117s: Auk\u0161tis apie 8 cm, skersmuo apie 7 cm Pagaminta i\u0161 balto molio, i\u0161degta auk\u0161toje temperat\u016broje Galima rinktis:\u00a0perl\u0173 arba tamsaus aukso\u00a0atspalv\u012f Kiekvienas \u017eaisliukas \u2013 unikalus, nes pagamintas rankomis Gali tur\u0117ti iki 1 cm dyd\u017eio skirtum\u0105  Sukurta ir pagaminta Lietuvoje","og_url":"https:\/\/slaptameile.lt\/en\/preke\/kolekcinis-kaledinis-zaisliukas-vilniaus-karunos-perlas-perlo\/","og_site_name":"Slapta Meil\u0117","article_publisher":"https:\/\/www.facebook.com\/SlaptaMeileBarbora","article_modified_time":"2026-04-08T12:50:51+00:00","og_image":[{"width":2400,"height":3000,"url":"https:\/\/slaptameile.lt\/wp-content\/uploads\/2024\/08\/Kolekcinis_Vilniaus_karaliskos_renesansines_istorijos_kaledinis_zaisliukas_Baltas-1-of-3.jpg","type":"image\/jpeg"}],"twitter_card":"summary_large_image","twitter_misc":{"Est. reading time":"1 minute"},"schema":{"@context":"https:\/\/schema.org","@graph":[{"@type":"WebPage","@id":"https:\/\/slaptameile.lt\/preke\/kolekcinis-kaledinis-zaisliukas-vilniaus-karunos-perlas-perlo\/","url":"https:\/\/slaptameile.lt\/preke\/kolekcinis-kaledinis-zaisliukas-vilniaus-karunos-perlas-perlo\/","name":"Kolekcinis kal\u0117dinis \u017eaisliukas \u201eVilniaus kar\u016bnos perlas\u201c | perlo - Slapta Meil\u0117","isPartOf":{"@id":"https:\/\/slaptameile.lt\/#website"},"primaryImageOfPage":{"@id":"https:\/\/slaptameile.lt\/preke\/kolekcinis-kaledinis-zaisliukas-vilniaus-karunos-perlas-perlo\/#primaryimage"},"image":{"@id":"https:\/\/slaptameile.lt\/preke\/kolekcinis-kaledinis-zaisliukas-vilniaus-karunos-perlas-perlo\/#primaryimage"},"thumbnailUrl":"https:\/\/slaptameile.lt\/wp-content\/uploads\/2024\/08\/Kolekcinis_Vilniaus_karaliskos_renesansines_istorijos_kaledinis_zaisliukas_Baltas-1-of-3.jpg","datePublished":"2024-08-14T09:15:01+00:00","dateModified":"2026-04-08T12:50:51+00:00","breadcrumb":{"@id":"https:\/\/slaptameile.lt\/preke\/kolekcinis-kaledinis-zaisliukas-vilniaus-karunos-perlas-perlo\/#breadcrumb"},"inLanguage":"en-US","potentialAction":[{"@type":"ReadAction","target":["https:\/\/slaptameile.lt\/preke\/kolekcinis-kaledinis-zaisliukas-vilniaus-karunos-perlas-perlo\/"]}]},{"@type":"ImageObject","inLanguage":"en-US","@id":"https:\/\/slaptameile.lt\/preke\/kolekcinis-kaledinis-zaisliukas-vilniaus-karunos-perlas-perlo\/#primaryimage","url":"https:\/\/slaptameile.lt\/wp-content\/uploads\/2024\/08\/Kolekcinis_Vilniaus_karaliskos_renesansines_istorijos_kaledinis_zaisliukas_Baltas-1-of-3.jpg","contentUrl":"https:\/\/slaptameile.lt\/wp-content\/uploads\/2024\/08\/Kolekcinis_Vilniaus_karaliskos_renesansines_istorijos_kaledinis_zaisliukas_Baltas-1-of-3.jpg","width":2400,"height":3000},{"@type":"BreadcrumbList","@id":"https:\/\/slaptameile.lt\/preke\/kolekcinis-kaledinis-zaisliukas-vilniaus-karunos-perlas-perlo\/#breadcrumb","itemListElement":[{"@type":"ListItem","position":1,"name":"Home","item":"https:\/\/slaptameile.lt\/"},{"@type":"ListItem","position":2,"name":"Parduotuv\u0117","item":"https:\/\/slaptameile.lt\/parduotuve\/"},{"@type":"ListItem","position":3,"name":"Kolekcinis kal\u0117dinis \u017eaisliukas \u201eVilniaus kar\u016bnos perlas\u201c | perlo"}]},{"@type":"WebSite","@id":"https:\/\/slaptameile.lt\/#website","url":"https:\/\/slaptameile.lt\/","name":"Secret Love","description":"","publisher":{"@id":"https:\/\/slaptameile.lt\/#organization"},"potentialAction":[{"@type":"SearchAction","target":{"@type":"EntryPoint","urlTemplate":"https:\/\/slaptameile.lt\/?s={search_term_string}"},"query-input":{"@type":"PropertyValueSpecification","valueRequired":true,"valueName":"search_term_string"}}],"inLanguage":"en-US"},{"@type":"Organization","@id":"https:\/\/slaptameile.lt\/#organization","name":"Secret Love","url":"https:\/\/slaptameile.lt\/","logo":{"@type":"ImageObject","inLanguage":"en-US","@id":"https:\/\/slaptameile.lt\/#\/schema\/logo\/image\/","url":"https:\/\/slaptameile.lt\/wp-content\/uploads\/2026\/04\/sm-logo.jpg","contentUrl":"https:\/\/slaptameile.lt\/wp-content\/uploads\/2026\/04\/sm-logo.jpg","width":810,"height":380,"caption":"Slapta Meil\u0117"},"image":{"@id":"https:\/\/slaptameile.lt\/#\/schema\/logo\/image\/"},"sameAs":["https:\/\/www.facebook.com\/SlaptaMeileBarbora","https:\/\/www.instagram.com\/slaptameile","https:\/\/www.tiktok.com\/@slaptameile1"]}]}},"_links":{"self":[{"href":"https:\/\/slaptameile.lt\/en\/wp-json\/wp\/v2\/product\/659","targetHints":{"allow":["GET"]}}],"collection":[{"href":"https:\/\/slaptameile.lt\/en\/wp-json\/wp\/v2\/product"}],"about":[{"href":"https:\/\/slaptameile.lt\/en\/wp-json\/wp\/v2\/types\/product"}],"replies":[{"embeddable":true,"href":"https:\/\/slaptameile.lt\/en\/wp-json\/wp\/v2\/comments?post=659"}],"wp:featuredmedia":[{"embeddable":true,"href":"https:\/\/slaptameile.lt\/en\/wp-json\/wp\/v2\/media\/2501"}],"wp:attachment":[{"href":"https:\/\/slaptameile.lt\/en\/wp-json\/wp\/v2\/media?parent=659"}],"wp:term":[{"taxonomy":"partner","embeddable":true,"href":"https:\/\/slaptameile.lt\/en\/wp-json\/wp\/v2\/partner?post=659"},{"taxonomy":"product_brand","embeddable":true,"href":"https:\/\/slaptameile.lt\/en\/wp-json\/wp\/v2\/product_brand?post=659"},{"taxonomy":"product_cat","embeddable":true,"href":"https:\/\/slaptameile.lt\/en\/wp-json\/wp\/v2\/product_cat?post=659"},{"taxonomy":"product_tag","embeddable":true,"href":"https:\/\/slaptameile.lt\/en\/wp-json\/wp\/v2\/product_tag?post=659"}],"curies":[{"name":"wp","href":"https:\/\/api.w.org\/{rel}","templated":true}]}}