{"id":650,"date":"2024-08-14T12:45:32","date_gmt":"2024-08-14T09:45:32","guid":{"rendered":"https:\/\/slaptameile.lt\/?post_type=product&#038;p=650"},"modified":"2026-05-04T18:55:58","modified_gmt":"2026-05-04T15:55:58","slug":"lininis-papludimio-ranksluostis-karaliaus-pilka-su-grafitu","status":"publish","type":"product","link":"https:\/\/slaptameile.lt\/en\/preke\/lininis-papludimio-ranksluostis-karaliaus-pilka-su-grafitu\/","title":{"rendered":"Linen Beach Towel \u201eKing\u201c | Gray with Graphite"},"content":{"rendered":"<p>Karali\u0161ka elegancija susitinka su lietuvi\u0161ku dizainu \u2013 tai\u00a0<em>Karaliaus<\/em>\u00a0lininis rank\u0161luostis, sukurtas tiems, kurie nori \u0161iek tiek daugiau nei tiesiog nusisausinti po maudyni\u0173. Rank\u0161luostis pagamintas i\u0161 storo, mink\u0161tinto, greitai d\u017ei\u016bstan\u010dio lino, tod\u0117l puikiai tinka tiek papl\u016bdimiui, tiek vonios kambariui ar pir\u010diai<\/p>\n<p>Pilkos ir raudonos, pilkos ir grafito spalvos derinys \u2013 \u012fkv\u0117ptas Renesanso laik\u0173 karali\u0161k\u0173 drabu\u017ei\u0173. Grafinis kar\u016bnuotos \u0161irdies motyvas \u2013 simbolinis tiltas tarp Barboros Radvilait\u0117s ir \u017dygimanto Augusto meil\u0117s istorijos ir \u0161iuolaikinio Vilniaus. Rank\u0161luost\u012f puo\u0161ia iliustracija i\u0161 SLAPTA MEIL\u0116 kolekcijos, sukurtos dizainer\u0117s Julijos Janus.<\/p>\n<p>Dovana m\u0117gstantiems subtil\u0173 dizain\u0105, kokybi\u0161kas med\u017eiagas ir daiktus su istorija. Naudojamas kaip stilingas papl\u016bdimio rank\u0161luostis, vonios tekstil\u0117 ar net vasaros pledas. Kiekvienas rank\u0161luostis \u2013 tarsi ranka ap\u010diuopiamas kult\u016bros paveldas tavo kasdienyb\u0117je.<\/p>\n<p>Pagaminta Lietuvoje i\u0161 100 % lino<br \/>\nDydis 100 \u00d7 180 cm<br \/>\nKolekcija SLAPTA MEIL\u0116 kartu su Decoflux<\/p>","protected":false},"excerpt":{"rendered":"<p>Karali\u0161ka elegancija susitinka su lietuvi\u0161ku dizainu \u2013 tai\u00a0<em>Karaliaus<\/em>\u00a0lininis rank\u0161luostis, sukurtas tiems, kurie nori \u0161iek tiek daugiau nei tiesiog nusisausinti po maudyni\u0173. Rank\u0161luostis pagamintas i\u0161 storo, mink\u0161tinto, greitai d\u017ei\u016bstan\u010dio lino, tod\u0117l puikiai tinka tiek papl\u016bdimiui, tiek vonios kambariui ar pir\u010diai<\/p>\n<p>Pilkos ir raudonos, pilkos ir grafito spalvos derinys \u2013 \u012fkv\u0117ptas Renesanso laik\u0173 karali\u0161k\u0173 drabu\u017ei\u0173. Grafinis kar\u016bnuotos \u0161irdies motyvas \u2013 simbolinis tiltas tarp Barboros Radvilait\u0117s ir \u017dygimanto Augusto meil\u0117s istorijos ir \u0161iuolaikinio Vilniaus. Rank\u0161luost\u012f puo\u0161ia iliustracija i\u0161 SLAPTA MEIL\u0116 kolekcijos, sukurtos dizainer\u0117s Julijos Janus.<\/p>\n<p>Dovana m\u0117gstantiems subtil\u0173 dizain\u0105, kokybi\u0161kas med\u017eiagas ir daiktus su istorija. Naudojamas kaip stilingas papl\u016bdimio rank\u0161luostis, vonios tekstil\u0117 ar net vasaros pledas. Kiekvienas rank\u0161luostis \u2013 tarsi ranka ap\u010diuopiamas kult\u016bros paveldas tavo kasdienyb\u0117je.<\/p>\n<p>Pagaminta Lietuvoje i\u0161 100 % lino<br \/>\nDydis 100 \u00d7 180 cm<br \/>\nKolekcija SLAPTA MEIL\u0116 kartu su Decoflux<\/p>","protected":false},"featured_media":651,"comment_status":"open","ping_status":"closed","template":"","meta":{"_acf_changed":false},"partner":[52],"product_brand":[],"product_cat":[18,27],"product_tag":[],"class_list":{"0":"post-650","1":"product","2":"type-product","3":"status-publish","4":"has-post-thumbnail","6":"partner-decoflux","7":"product_cat-karaliskoji-kolekcija","8":"product_cat-namu-didybei","10":"first","11":"instock","12":"taxable","13":"shipping-taxable","14":"purchasable","15":"product-type-simple"},"acf":[],"yoast_head":"<!-- This site is optimized with the Yoast SEO plugin v27.5 - https:\/\/yoast.com\/product\/yoast-seo-wordpress\/ -->\n<title>Lininis papl\u016bdimio rank\u0161luostis \u201eKaraliaus\u201c | Pilka su grafitu - Slapta Meil\u0117<\/title>\n<meta name=\"robots\" content=\"index, follow, max-snippet:-1, max-image-preview:large, max-video-preview:-1\" \/>\n<link rel=\"canonical\" href=\"https:\/\/slaptameile.lt\/en\/preke\/lininis-papludimio-ranksluostis-karaliaus-pilka-su-grafitu\/\" \/>\n<meta property=\"og:locale\" content=\"en_US\" \/>\n<meta property=\"og:type\" content=\"article\" \/>\n<meta property=\"og:title\" content=\"Lininis papl\u016bdimio rank\u0161luostis \u201eKaraliaus\u201c | Pilka su grafitu - Slapta Meil\u0117\" \/>\n<meta property=\"og:description\" content=\"Karali\u0161ka elegancija susitinka su lietuvi\u0161ku dizainu \u2013 tai\u00a0Karaliaus\u00a0lininis rank\u0161luostis, sukurtas tiems, kurie nori \u0161iek tiek daugiau nei tiesiog nusisausinti po maudyni\u0173. Rank\u0161luostis pagamintas i\u0161 storo, mink\u0161tinto, greitai d\u017ei\u016bstan\u010dio lino, tod\u0117l puikiai tinka tiek papl\u016bdimiui, tiek vonios kambariui ar pir\u010diai  Pilkos ir raudonos, pilkos ir grafito spalvos derinys \u2013 \u012fkv\u0117ptas Renesanso laik\u0173 karali\u0161k\u0173 drabu\u017ei\u0173. Grafinis kar\u016bnuotos \u0161irdies motyvas \u2013 simbolinis tiltas tarp Barboros Radvilait\u0117s ir \u017dygimanto Augusto meil\u0117s istorijos ir \u0161iuolaikinio Vilniaus. Rank\u0161luost\u012f puo\u0161ia iliustracija i\u0161 SLAPTA MEIL\u0116 kolekcijos, sukurtos dizainer\u0117s Julijos Janus.  Dovana m\u0117gstantiems subtil\u0173 dizain\u0105, kokybi\u0161kas med\u017eiagas ir daiktus su istorija. Naudojamas kaip stilingas papl\u016bdimio rank\u0161luostis, vonios tekstil\u0117 ar net vasaros pledas. Kiekvienas rank\u0161luostis \u2013 tarsi ranka ap\u010diuopiamas kult\u016bros paveldas tavo kasdienyb\u0117je.  Pagaminta Lietuvoje i\u0161 100 % lino Dydis 100 \u00d7 180 cm Kolekcija SLAPTA MEIL\u0116 kartu su Decoflux\" \/>\n<meta property=\"og:url\" content=\"https:\/\/slaptameile.lt\/en\/preke\/lininis-papludimio-ranksluostis-karaliaus-pilka-su-grafitu\/\" \/>\n<meta property=\"og:site_name\" content=\"Slapta Meil\u0117\" \/>\n<meta property=\"article:publisher\" content=\"https:\/\/www.facebook.com\/SlaptaMeileBarbora\" \/>\n<meta property=\"article:modified_time\" content=\"2026-05-04T15:55:58+00:00\" \/>\n<meta property=\"og:image\" content=\"https:\/\/slaptameile.lt\/wp-content\/uploads\/2025\/10\/Karaliaus-ranksluostis-2-1536x1536-1.jpeg\" \/>\n\t<meta property=\"og:image:width\" content=\"1536\" \/>\n\t<meta property=\"og:image:height\" content=\"1536\" \/>\n\t<meta property=\"og:image:type\" content=\"image\/jpeg\" \/>\n<meta name=\"twitter:card\" content=\"summary_large_image\" \/>\n<meta name=\"twitter:label1\" content=\"Est. reading time\" \/>\n\t<meta name=\"twitter:data1\" content=\"1 minute\" \/>\n<script type=\"application\/ld+json\" class=\"yoast-schema-graph\">{\"@context\":\"https:\\\/\\\/schema.org\",\"@graph\":[{\"@type\":\"WebPage\",\"@id\":\"https:\\\/\\\/slaptameile.lt\\\/preke\\\/lininis-papludimio-ranksluostis-karaliaus-pilka-su-grafitu\\\/\",\"url\":\"https:\\\/\\\/slaptameile.lt\\\/preke\\\/lininis-papludimio-ranksluostis-karaliaus-pilka-su-grafitu\\\/\",\"name\":\"Lininis papl\u016bdimio rank\u0161luostis \u201eKaraliaus\u201c | Pilka su grafitu - Slapta Meil\u0117\",\"isPartOf\":{\"@id\":\"https:\\\/\\\/slaptameile.lt\\\/#website\"},\"primaryImageOfPage\":{\"@id\":\"https:\\\/\\\/slaptameile.lt\\\/preke\\\/lininis-papludimio-ranksluostis-karaliaus-pilka-su-grafitu\\\/#primaryimage\"},\"image\":{\"@id\":\"https:\\\/\\\/slaptameile.lt\\\/preke\\\/lininis-papludimio-ranksluostis-karaliaus-pilka-su-grafitu\\\/#primaryimage\"},\"thumbnailUrl\":\"https:\\\/\\\/slaptameile.lt\\\/wp-content\\\/uploads\\\/2025\\\/10\\\/Karaliaus-ranksluostis-2-1536x1536-1.jpeg\",\"datePublished\":\"2024-08-14T09:45:32+00:00\",\"dateModified\":\"2026-05-04T15:55:58+00:00\",\"breadcrumb\":{\"@id\":\"https:\\\/\\\/slaptameile.lt\\\/preke\\\/lininis-papludimio-ranksluostis-karaliaus-pilka-su-grafitu\\\/#breadcrumb\"},\"inLanguage\":\"en-US\",\"potentialAction\":[{\"@type\":\"ReadAction\",\"target\":[\"https:\\\/\\\/slaptameile.lt\\\/preke\\\/lininis-papludimio-ranksluostis-karaliaus-pilka-su-grafitu\\\/\"]}]},{\"@type\":\"ImageObject\",\"inLanguage\":\"en-US\",\"@id\":\"https:\\\/\\\/slaptameile.lt\\\/preke\\\/lininis-papludimio-ranksluostis-karaliaus-pilka-su-grafitu\\\/#primaryimage\",\"url\":\"https:\\\/\\\/slaptameile.lt\\\/wp-content\\\/uploads\\\/2025\\\/10\\\/Karaliaus-ranksluostis-2-1536x1536-1.jpeg\",\"contentUrl\":\"https:\\\/\\\/slaptameile.lt\\\/wp-content\\\/uploads\\\/2025\\\/10\\\/Karaliaus-ranksluostis-2-1536x1536-1.jpeg\",\"width\":1536,\"height\":1536},{\"@type\":\"BreadcrumbList\",\"@id\":\"https:\\\/\\\/slaptameile.lt\\\/preke\\\/lininis-papludimio-ranksluostis-karaliaus-pilka-su-grafitu\\\/#breadcrumb\",\"itemListElement\":[{\"@type\":\"ListItem\",\"position\":1,\"name\":\"Home\",\"item\":\"https:\\\/\\\/slaptameile.lt\\\/\"},{\"@type\":\"ListItem\",\"position\":2,\"name\":\"Parduotuv\u0117\",\"item\":\"https:\\\/\\\/slaptameile.lt\\\/parduotuve\\\/\"},{\"@type\":\"ListItem\",\"position\":3,\"name\":\"Lininis papl\u016bdimio rank\u0161luostis \u201eKaraliaus\u201c | Pilka su grafitu\"}]},{\"@type\":\"WebSite\",\"@id\":\"https:\\\/\\\/slaptameile.lt\\\/#website\",\"url\":\"https:\\\/\\\/slaptameile.lt\\\/\",\"name\":\"Slapta Meil\u0117\",\"description\":\"\",\"publisher\":{\"@id\":\"https:\\\/\\\/slaptameile.lt\\\/#organization\"},\"potentialAction\":[{\"@type\":\"SearchAction\",\"target\":{\"@type\":\"EntryPoint\",\"urlTemplate\":\"https:\\\/\\\/slaptameile.lt\\\/?s={search_term_string}\"},\"query-input\":{\"@type\":\"PropertyValueSpecification\",\"valueRequired\":true,\"valueName\":\"search_term_string\"}}],\"inLanguage\":\"en-US\"},{\"@type\":\"Organization\",\"@id\":\"https:\\\/\\\/slaptameile.lt\\\/#organization\",\"name\":\"Slapta Meil\u0117\",\"url\":\"https:\\\/\\\/slaptameile.lt\\\/\",\"logo\":{\"@type\":\"ImageObject\",\"inLanguage\":\"en-US\",\"@id\":\"https:\\\/\\\/slaptameile.lt\\\/#\\\/schema\\\/logo\\\/image\\\/\",\"url\":\"https:\\\/\\\/slaptameile.lt\\\/wp-content\\\/uploads\\\/2026\\\/04\\\/sm-logo.jpg\",\"contentUrl\":\"https:\\\/\\\/slaptameile.lt\\\/wp-content\\\/uploads\\\/2026\\\/04\\\/sm-logo.jpg\",\"width\":810,\"height\":380,\"caption\":\"Slapta Meil\u0117\"},\"image\":{\"@id\":\"https:\\\/\\\/slaptameile.lt\\\/#\\\/schema\\\/logo\\\/image\\\/\"},\"sameAs\":[\"https:\\\/\\\/www.facebook.com\\\/SlaptaMeileBarbora\",\"https:\\\/\\\/www.instagram.com\\\/slaptameile\",\"https:\\\/\\\/www.tiktok.com\\\/@slaptameile1\"]}]}<\/script>\n<!-- \/ Yoast SEO plugin. -->","yoast_head_json":{"title":"Lininis papl\u016bdimio rank\u0161luostis \u201eKaraliaus\u201c | Pilka su grafitu - Slapta Meil\u0117","robots":{"index":"index","follow":"follow","max-snippet":"max-snippet:-1","max-image-preview":"max-image-preview:large","max-video-preview":"max-video-preview:-1"},"canonical":"https:\/\/slaptameile.lt\/en\/preke\/lininis-papludimio-ranksluostis-karaliaus-pilka-su-grafitu\/","og_locale":"en_US","og_type":"article","og_title":"Lininis papl\u016bdimio rank\u0161luostis \u201eKaraliaus\u201c | Pilka su grafitu - Slapta Meil\u0117","og_description":"Karali\u0161ka elegancija susitinka su lietuvi\u0161ku dizainu \u2013 tai\u00a0Karaliaus\u00a0lininis rank\u0161luostis, sukurtas tiems, kurie nori \u0161iek tiek daugiau nei tiesiog nusisausinti po maudyni\u0173. Rank\u0161luostis pagamintas i\u0161 storo, mink\u0161tinto, greitai d\u017ei\u016bstan\u010dio lino, tod\u0117l puikiai tinka tiek papl\u016bdimiui, tiek vonios kambariui ar pir\u010diai  Pilkos ir raudonos, pilkos ir grafito spalvos derinys \u2013 \u012fkv\u0117ptas Renesanso laik\u0173 karali\u0161k\u0173 drabu\u017ei\u0173. Grafinis kar\u016bnuotos \u0161irdies motyvas \u2013 simbolinis tiltas tarp Barboros Radvilait\u0117s ir \u017dygimanto Augusto meil\u0117s istorijos ir \u0161iuolaikinio Vilniaus. Rank\u0161luost\u012f puo\u0161ia iliustracija i\u0161 SLAPTA MEIL\u0116 kolekcijos, sukurtos dizainer\u0117s Julijos Janus.  Dovana m\u0117gstantiems subtil\u0173 dizain\u0105, kokybi\u0161kas med\u017eiagas ir daiktus su istorija. Naudojamas kaip stilingas papl\u016bdimio rank\u0161luostis, vonios tekstil\u0117 ar net vasaros pledas. Kiekvienas rank\u0161luostis \u2013 tarsi ranka ap\u010diuopiamas kult\u016bros paveldas tavo kasdienyb\u0117je.  Pagaminta Lietuvoje i\u0161 100 % lino Dydis 100 \u00d7 180 cm Kolekcija SLAPTA MEIL\u0116 kartu su Decoflux","og_url":"https:\/\/slaptameile.lt\/en\/preke\/lininis-papludimio-ranksluostis-karaliaus-pilka-su-grafitu\/","og_site_name":"Slapta Meil\u0117","article_publisher":"https:\/\/www.facebook.com\/SlaptaMeileBarbora","article_modified_time":"2026-05-04T15:55:58+00:00","og_image":[{"width":1536,"height":1536,"url":"https:\/\/slaptameile.lt\/wp-content\/uploads\/2025\/10\/Karaliaus-ranksluostis-2-1536x1536-1.jpeg","type":"image\/jpeg"}],"twitter_card":"summary_large_image","twitter_misc":{"Est. reading time":"1 minute"},"schema":{"@context":"https:\/\/schema.org","@graph":[{"@type":"WebPage","@id":"https:\/\/slaptameile.lt\/preke\/lininis-papludimio-ranksluostis-karaliaus-pilka-su-grafitu\/","url":"https:\/\/slaptameile.lt\/preke\/lininis-papludimio-ranksluostis-karaliaus-pilka-su-grafitu\/","name":"Lininis papl\u016bdimio rank\u0161luostis \u201eKaraliaus\u201c | Pilka su grafitu - Slapta Meil\u0117","isPartOf":{"@id":"https:\/\/slaptameile.lt\/#website"},"primaryImageOfPage":{"@id":"https:\/\/slaptameile.lt\/preke\/lininis-papludimio-ranksluostis-karaliaus-pilka-su-grafitu\/#primaryimage"},"image":{"@id":"https:\/\/slaptameile.lt\/preke\/lininis-papludimio-ranksluostis-karaliaus-pilka-su-grafitu\/#primaryimage"},"thumbnailUrl":"https:\/\/slaptameile.lt\/wp-content\/uploads\/2025\/10\/Karaliaus-ranksluostis-2-1536x1536-1.jpeg","datePublished":"2024-08-14T09:45:32+00:00","dateModified":"2026-05-04T15:55:58+00:00","breadcrumb":{"@id":"https:\/\/slaptameile.lt\/preke\/lininis-papludimio-ranksluostis-karaliaus-pilka-su-grafitu\/#breadcrumb"},"inLanguage":"en-US","potentialAction":[{"@type":"ReadAction","target":["https:\/\/slaptameile.lt\/preke\/lininis-papludimio-ranksluostis-karaliaus-pilka-su-grafitu\/"]}]},{"@type":"ImageObject","inLanguage":"en-US","@id":"https:\/\/slaptameile.lt\/preke\/lininis-papludimio-ranksluostis-karaliaus-pilka-su-grafitu\/#primaryimage","url":"https:\/\/slaptameile.lt\/wp-content\/uploads\/2025\/10\/Karaliaus-ranksluostis-2-1536x1536-1.jpeg","contentUrl":"https:\/\/slaptameile.lt\/wp-content\/uploads\/2025\/10\/Karaliaus-ranksluostis-2-1536x1536-1.jpeg","width":1536,"height":1536},{"@type":"BreadcrumbList","@id":"https:\/\/slaptameile.lt\/preke\/lininis-papludimio-ranksluostis-karaliaus-pilka-su-grafitu\/#breadcrumb","itemListElement":[{"@type":"ListItem","position":1,"name":"Home","item":"https:\/\/slaptameile.lt\/"},{"@type":"ListItem","position":2,"name":"Parduotuv\u0117","item":"https:\/\/slaptameile.lt\/parduotuve\/"},{"@type":"ListItem","position":3,"name":"Lininis papl\u016bdimio rank\u0161luostis \u201eKaraliaus\u201c | Pilka su grafitu"}]},{"@type":"WebSite","@id":"https:\/\/slaptameile.lt\/#website","url":"https:\/\/slaptameile.lt\/","name":"Secret Love","description":"","publisher":{"@id":"https:\/\/slaptameile.lt\/#organization"},"potentialAction":[{"@type":"SearchAction","target":{"@type":"EntryPoint","urlTemplate":"https:\/\/slaptameile.lt\/?s={search_term_string}"},"query-input":{"@type":"PropertyValueSpecification","valueRequired":true,"valueName":"search_term_string"}}],"inLanguage":"en-US"},{"@type":"Organization","@id":"https:\/\/slaptameile.lt\/#organization","name":"Secret Love","url":"https:\/\/slaptameile.lt\/","logo":{"@type":"ImageObject","inLanguage":"en-US","@id":"https:\/\/slaptameile.lt\/#\/schema\/logo\/image\/","url":"https:\/\/slaptameile.lt\/wp-content\/uploads\/2026\/04\/sm-logo.jpg","contentUrl":"https:\/\/slaptameile.lt\/wp-content\/uploads\/2026\/04\/sm-logo.jpg","width":810,"height":380,"caption":"Slapta Meil\u0117"},"image":{"@id":"https:\/\/slaptameile.lt\/#\/schema\/logo\/image\/"},"sameAs":["https:\/\/www.facebook.com\/SlaptaMeileBarbora","https:\/\/www.instagram.com\/slaptameile","https:\/\/www.tiktok.com\/@slaptameile1"]}]}},"_links":{"self":[{"href":"https:\/\/slaptameile.lt\/en\/wp-json\/wp\/v2\/product\/650","targetHints":{"allow":["GET"]}}],"collection":[{"href":"https:\/\/slaptameile.lt\/en\/wp-json\/wp\/v2\/product"}],"about":[{"href":"https:\/\/slaptameile.lt\/en\/wp-json\/wp\/v2\/types\/product"}],"replies":[{"embeddable":true,"href":"https:\/\/slaptameile.lt\/en\/wp-json\/wp\/v2\/comments?post=650"}],"wp:featuredmedia":[{"embeddable":true,"href":"https:\/\/slaptameile.lt\/en\/wp-json\/wp\/v2\/media\/651"}],"wp:attachment":[{"href":"https:\/\/slaptameile.lt\/en\/wp-json\/wp\/v2\/media?parent=650"}],"wp:term":[{"taxonomy":"partner","embeddable":true,"href":"https:\/\/slaptameile.lt\/en\/wp-json\/wp\/v2\/partner?post=650"},{"taxonomy":"product_brand","embeddable":true,"href":"https:\/\/slaptameile.lt\/en\/wp-json\/wp\/v2\/product_brand?post=650"},{"taxonomy":"product_cat","embeddable":true,"href":"https:\/\/slaptameile.lt\/en\/wp-json\/wp\/v2\/product_cat?post=650"},{"taxonomy":"product_tag","embeddable":true,"href":"https:\/\/slaptameile.lt\/en\/wp-json\/wp\/v2\/product_tag?post=650"}],"curies":[{"name":"wp","href":"https:\/\/api.w.org\/{rel}","templated":true}]}}