{"id":645,"date":"2024-08-14T13:00:19","date_gmt":"2024-08-14T10:00:19","guid":{"rendered":"https:\/\/slaptameile.lt\/?post_type=product&#038;p=645"},"modified":"2026-04-08T15:49:44","modified_gmt":"2026-04-08T12:49:44","slug":"lininis-papludimio-ranksluostis-karalisko-vilniaus-meiles-istorija","status":"publish","type":"product","link":"https:\/\/slaptameile.lt\/en\/preke\/lininis-papludimio-ranksluostis-karalisko-vilniaus-meiles-istorija\/","title":{"rendered":"Linen beach towel \u201eVilnius Royal Love Story\u201c"},"content":{"rendered":"<p>Romantika ant sm\u0117lio ar \u0161ezlonge \u2013 tiesiogine prasme. \u0160is\u00a0lininis rank\u0161luostis\u00a0voniai ar papl\u016bdimiui ir istorijai.<\/p>\n<p>Ant audinio atspaustas\u00a0Vilniaus meil\u0117s \u017eem\u0117lapis, sukurtas dizainer\u0117s Julijos Janus, vaizduoja ikoni\u0161kas vietas, kur klost\u0117si legendin\u0117 Barboros Radvilait\u0117s ir \u017dygimanto Augusto meil\u0117. Valdov\u0173 r\u016bmai, Vilniaus katedra, \u0160v. Onos ba\u017eny\u010dia, Au\u0161ros vartai \u2013 viskas, kas mena j\u0173 jausm\u0173 dram\u0105 ir didyb\u0119, dabar tampa tavo stiliaus dalimi. Ir jei kada nors kas paklaus, kod\u0117l ilsiesi ant istorin\u0117s dramos \u2013 atsakyk, kad UNESCO taip liep\u0117.<\/p>\n<p>\u0160is lietuvi\u0161kas rank\u0173 darbo\u00a0papl\u016bdimio rank\u0161luostis\u00a0tinka tiems, kurie m\u0117gsta gro\u017e\u012f, vertina kokyb\u0119 ir nebijo pasirodyti truput\u012f kult\u016bringesni nei aplinkiniai. Puikiai dera su papl\u016bdimio skaitymais apie monarchus ar bent jau su kava rankoje.<\/p>\n<p>Sud\u0117tis\u00a0100 % mink\u0161tintas storas linas<br \/>\nDydis\u00a0100\u00d7180 cm<br \/>\nSpalva\u00a0\u0161velni pilka<br \/>\nCollectionSLAPTA MEIL\u0116 x DECOFLUX<br \/>\nMade in Lithuania<\/p>","protected":false},"excerpt":{"rendered":"<p>Romantika ant sm\u0117lio ar \u0161ezlonge \u2013 tiesiogine prasme. \u0160is\u00a0lininis rank\u0161luostis\u00a0voniai ar papl\u016bdimiui ir istorijai.<\/p>\n<p>Ant audinio atspaustas\u00a0Vilniaus meil\u0117s \u017eem\u0117lapis, sukurtas dizainer\u0117s Julijos Janus, vaizduoja ikoni\u0161kas vietas, kur klost\u0117si legendin\u0117 Barboros Radvilait\u0117s ir \u017dygimanto Augusto meil\u0117. Valdov\u0173 r\u016bmai, Vilniaus katedra, \u0160v. Onos ba\u017eny\u010dia, Au\u0161ros vartai \u2013 viskas, kas mena j\u0173 jausm\u0173 dram\u0105 ir didyb\u0119, dabar tampa tavo stiliaus dalimi. Ir jei kada nors kas paklaus, kod\u0117l ilsiesi ant istorin\u0117s dramos \u2013 atsakyk, kad UNESCO taip liep\u0117.<\/p>\n<p>\u0160is lietuvi\u0161kas rank\u0173 darbo\u00a0papl\u016bdimio rank\u0161luostis\u00a0tinka tiems, kurie m\u0117gsta gro\u017e\u012f, vertina kokyb\u0119 ir nebijo pasirodyti truput\u012f kult\u016bringesni nei aplinkiniai. Puikiai dera su papl\u016bdimio skaitymais apie monarchus ar bent jau su kava rankoje.<\/p>\n<p>Sud\u0117tis\u00a0100 % mink\u0161tintas storas linas<br \/>\nDydis\u00a0100\u00d7180 cm<br \/>\nSpalva\u00a0\u0161velni pilka<br \/>\nCollectionSLAPTA MEIL\u0116 x DECOFLUX<br \/>\nMade in Lithuania<\/p>","protected":false},"featured_media":646,"comment_status":"open","ping_status":"closed","template":"","meta":{"_acf_changed":false},"partner":[52],"product_brand":[],"product_cat":[18,27],"product_tag":[],"class_list":{"0":"post-645","1":"product","2":"type-product","3":"status-publish","4":"has-post-thumbnail","6":"partner-decoflux","7":"product_cat-karaliskoji-kolekcija","8":"product_cat-namu-didybei","10":"first","11":"instock","12":"taxable","13":"shipping-taxable","14":"purchasable","15":"product-type-simple"},"acf":[],"yoast_head":"<!-- This site is optimized with the Yoast SEO plugin v27.5 - https:\/\/yoast.com\/product\/yoast-seo-wordpress\/ -->\n<title>Lininis papl\u016bdimio rank\u0161luostis \u201eKarali\u0161ko Vilniaus meil\u0117s istorija\u201c - Slapta Meil\u0117<\/title>\n<meta name=\"robots\" content=\"index, follow, max-snippet:-1, max-image-preview:large, max-video-preview:-1\" \/>\n<link rel=\"canonical\" href=\"https:\/\/slaptameile.lt\/en\/preke\/lininis-papludimio-ranksluostis-karalisko-vilniaus-meiles-istorija\/\" \/>\n<meta property=\"og:locale\" content=\"en_US\" \/>\n<meta property=\"og:type\" content=\"article\" \/>\n<meta property=\"og:title\" content=\"Lininis papl\u016bdimio rank\u0161luostis \u201eKarali\u0161ko Vilniaus meil\u0117s istorija\u201c - Slapta Meil\u0117\" \/>\n<meta property=\"og:description\" content=\"Romantika ant sm\u0117lio ar \u0161ezlonge \u2013 tiesiogine prasme. \u0160is\u00a0lininis rank\u0161luostis\u00a0voniai ar papl\u016bdimiui ir istorijai.  Ant audinio atspaustas\u00a0Vilniaus meil\u0117s \u017eem\u0117lapis, sukurtas dizainer\u0117s Julijos Janus, vaizduoja ikoni\u0161kas vietas, kur klost\u0117si legendin\u0117 Barboros Radvilait\u0117s ir \u017dygimanto Augusto meil\u0117. Valdov\u0173 r\u016bmai, Vilniaus katedra, \u0160v. Onos ba\u017eny\u010dia, Au\u0161ros vartai \u2013 viskas, kas mena j\u0173 jausm\u0173 dram\u0105 ir didyb\u0119, dabar tampa tavo stiliaus dalimi. Ir jei kada nors kas paklaus, kod\u0117l ilsiesi ant istorin\u0117s dramos \u2013 atsakyk, kad UNESCO taip liep\u0117.  \u0160is lietuvi\u0161kas rank\u0173 darbo\u00a0papl\u016bdimio rank\u0161luostis\u00a0tinka tiems, kurie m\u0117gsta gro\u017e\u012f, vertina kokyb\u0119 ir nebijo pasirodyti truput\u012f kult\u016bringesni nei aplinkiniai. Puikiai dera su papl\u016bdimio skaitymais apie monarchus ar bent jau su kava rankoje.  Sud\u0117tis\u00a0100 % mink\u0161tintas storas linas Dydis\u00a0100\u00d7180 cm Spalva\u00a0\u0161velni pilka Kolekcija\u00a0SLAPTA MEIL\u0116 x DECOFLUX Pagaminta Lietuvoje\" \/>\n<meta property=\"og:url\" content=\"https:\/\/slaptameile.lt\/en\/preke\/lininis-papludimio-ranksluostis-karalisko-vilniaus-meiles-istorija\/\" \/>\n<meta property=\"og:site_name\" content=\"Slapta Meil\u0117\" \/>\n<meta property=\"article:publisher\" content=\"https:\/\/www.facebook.com\/SlaptaMeileBarbora\" \/>\n<meta property=\"article:modified_time\" content=\"2026-04-08T12:49:44+00:00\" \/>\n<meta property=\"og:image\" content=\"https:\/\/slaptameile.lt\/wp-content\/uploads\/2025\/10\/DSF3113.jpg\" \/>\n\t<meta property=\"og:image:width\" content=\"1000\" \/>\n\t<meta property=\"og:image:height\" content=\"1031\" \/>\n\t<meta property=\"og:image:type\" content=\"image\/jpeg\" \/>\n<meta name=\"twitter:card\" content=\"summary_large_image\" \/>\n<meta name=\"twitter:label1\" content=\"Est. reading time\" \/>\n\t<meta name=\"twitter:data1\" content=\"1 minute\" \/>\n<script type=\"application\/ld+json\" class=\"yoast-schema-graph\">{\"@context\":\"https:\\\/\\\/schema.org\",\"@graph\":[{\"@type\":\"WebPage\",\"@id\":\"https:\\\/\\\/slaptameile.lt\\\/preke\\\/lininis-papludimio-ranksluostis-karalisko-vilniaus-meiles-istorija\\\/\",\"url\":\"https:\\\/\\\/slaptameile.lt\\\/preke\\\/lininis-papludimio-ranksluostis-karalisko-vilniaus-meiles-istorija\\\/\",\"name\":\"Lininis papl\u016bdimio rank\u0161luostis \u201eKarali\u0161ko Vilniaus meil\u0117s istorija\u201c - Slapta Meil\u0117\",\"isPartOf\":{\"@id\":\"https:\\\/\\\/slaptameile.lt\\\/#website\"},\"primaryImageOfPage\":{\"@id\":\"https:\\\/\\\/slaptameile.lt\\\/preke\\\/lininis-papludimio-ranksluostis-karalisko-vilniaus-meiles-istorija\\\/#primaryimage\"},\"image\":{\"@id\":\"https:\\\/\\\/slaptameile.lt\\\/preke\\\/lininis-papludimio-ranksluostis-karalisko-vilniaus-meiles-istorija\\\/#primaryimage\"},\"thumbnailUrl\":\"https:\\\/\\\/slaptameile.lt\\\/wp-content\\\/uploads\\\/2025\\\/10\\\/DSF3113.jpg\",\"datePublished\":\"2024-08-14T10:00:19+00:00\",\"dateModified\":\"2026-04-08T12:49:44+00:00\",\"breadcrumb\":{\"@id\":\"https:\\\/\\\/slaptameile.lt\\\/preke\\\/lininis-papludimio-ranksluostis-karalisko-vilniaus-meiles-istorija\\\/#breadcrumb\"},\"inLanguage\":\"en-US\",\"potentialAction\":[{\"@type\":\"ReadAction\",\"target\":[\"https:\\\/\\\/slaptameile.lt\\\/preke\\\/lininis-papludimio-ranksluostis-karalisko-vilniaus-meiles-istorija\\\/\"]}]},{\"@type\":\"ImageObject\",\"inLanguage\":\"en-US\",\"@id\":\"https:\\\/\\\/slaptameile.lt\\\/preke\\\/lininis-papludimio-ranksluostis-karalisko-vilniaus-meiles-istorija\\\/#primaryimage\",\"url\":\"https:\\\/\\\/slaptameile.lt\\\/wp-content\\\/uploads\\\/2025\\\/10\\\/DSF3113.jpg\",\"contentUrl\":\"https:\\\/\\\/slaptameile.lt\\\/wp-content\\\/uploads\\\/2025\\\/10\\\/DSF3113.jpg\",\"width\":1000,\"height\":1031},{\"@type\":\"BreadcrumbList\",\"@id\":\"https:\\\/\\\/slaptameile.lt\\\/preke\\\/lininis-papludimio-ranksluostis-karalisko-vilniaus-meiles-istorija\\\/#breadcrumb\",\"itemListElement\":[{\"@type\":\"ListItem\",\"position\":1,\"name\":\"Home\",\"item\":\"https:\\\/\\\/slaptameile.lt\\\/\"},{\"@type\":\"ListItem\",\"position\":2,\"name\":\"Parduotuv\u0117\",\"item\":\"https:\\\/\\\/slaptameile.lt\\\/parduotuve\\\/\"},{\"@type\":\"ListItem\",\"position\":3,\"name\":\"Lininis papl\u016bdimio rank\u0161luostis \u201eKarali\u0161ko Vilniaus meil\u0117s istorija\u201c\"}]},{\"@type\":\"WebSite\",\"@id\":\"https:\\\/\\\/slaptameile.lt\\\/#website\",\"url\":\"https:\\\/\\\/slaptameile.lt\\\/\",\"name\":\"Slapta Meil\u0117\",\"description\":\"\",\"publisher\":{\"@id\":\"https:\\\/\\\/slaptameile.lt\\\/#organization\"},\"potentialAction\":[{\"@type\":\"SearchAction\",\"target\":{\"@type\":\"EntryPoint\",\"urlTemplate\":\"https:\\\/\\\/slaptameile.lt\\\/?s={search_term_string}\"},\"query-input\":{\"@type\":\"PropertyValueSpecification\",\"valueRequired\":true,\"valueName\":\"search_term_string\"}}],\"inLanguage\":\"en-US\"},{\"@type\":\"Organization\",\"@id\":\"https:\\\/\\\/slaptameile.lt\\\/#organization\",\"name\":\"Slapta Meil\u0117\",\"url\":\"https:\\\/\\\/slaptameile.lt\\\/\",\"logo\":{\"@type\":\"ImageObject\",\"inLanguage\":\"en-US\",\"@id\":\"https:\\\/\\\/slaptameile.lt\\\/#\\\/schema\\\/logo\\\/image\\\/\",\"url\":\"https:\\\/\\\/slaptameile.lt\\\/wp-content\\\/uploads\\\/2026\\\/04\\\/sm-logo.jpg\",\"contentUrl\":\"https:\\\/\\\/slaptameile.lt\\\/wp-content\\\/uploads\\\/2026\\\/04\\\/sm-logo.jpg\",\"width\":810,\"height\":380,\"caption\":\"Slapta Meil\u0117\"},\"image\":{\"@id\":\"https:\\\/\\\/slaptameile.lt\\\/#\\\/schema\\\/logo\\\/image\\\/\"},\"sameAs\":[\"https:\\\/\\\/www.facebook.com\\\/SlaptaMeileBarbora\",\"https:\\\/\\\/www.instagram.com\\\/slaptameile\",\"https:\\\/\\\/www.tiktok.com\\\/@slaptameile1\"]}]}<\/script>\n<!-- \/ Yoast SEO plugin. -->","yoast_head_json":{"title":"Lininis papl\u016bdimio rank\u0161luostis \u201eKarali\u0161ko Vilniaus meil\u0117s istorija\u201c - Slapta Meil\u0117","robots":{"index":"index","follow":"follow","max-snippet":"max-snippet:-1","max-image-preview":"max-image-preview:large","max-video-preview":"max-video-preview:-1"},"canonical":"https:\/\/slaptameile.lt\/en\/preke\/lininis-papludimio-ranksluostis-karalisko-vilniaus-meiles-istorija\/","og_locale":"en_US","og_type":"article","og_title":"Lininis papl\u016bdimio rank\u0161luostis \u201eKarali\u0161ko Vilniaus meil\u0117s istorija\u201c - Slapta Meil\u0117","og_description":"Romantika ant sm\u0117lio ar \u0161ezlonge \u2013 tiesiogine prasme. \u0160is\u00a0lininis rank\u0161luostis\u00a0voniai ar papl\u016bdimiui ir istorijai.  Ant audinio atspaustas\u00a0Vilniaus meil\u0117s \u017eem\u0117lapis, sukurtas dizainer\u0117s Julijos Janus, vaizduoja ikoni\u0161kas vietas, kur klost\u0117si legendin\u0117 Barboros Radvilait\u0117s ir \u017dygimanto Augusto meil\u0117. Valdov\u0173 r\u016bmai, Vilniaus katedra, \u0160v. Onos ba\u017eny\u010dia, Au\u0161ros vartai \u2013 viskas, kas mena j\u0173 jausm\u0173 dram\u0105 ir didyb\u0119, dabar tampa tavo stiliaus dalimi. Ir jei kada nors kas paklaus, kod\u0117l ilsiesi ant istorin\u0117s dramos \u2013 atsakyk, kad UNESCO taip liep\u0117.  \u0160is lietuvi\u0161kas rank\u0173 darbo\u00a0papl\u016bdimio rank\u0161luostis\u00a0tinka tiems, kurie m\u0117gsta gro\u017e\u012f, vertina kokyb\u0119 ir nebijo pasirodyti truput\u012f kult\u016bringesni nei aplinkiniai. Puikiai dera su papl\u016bdimio skaitymais apie monarchus ar bent jau su kava rankoje.  Sud\u0117tis\u00a0100 % mink\u0161tintas storas linas Dydis\u00a0100\u00d7180 cm Spalva\u00a0\u0161velni pilka Kolekcija\u00a0SLAPTA MEIL\u0116 x DECOFLUX Pagaminta Lietuvoje","og_url":"https:\/\/slaptameile.lt\/en\/preke\/lininis-papludimio-ranksluostis-karalisko-vilniaus-meiles-istorija\/","og_site_name":"Slapta Meil\u0117","article_publisher":"https:\/\/www.facebook.com\/SlaptaMeileBarbora","article_modified_time":"2026-04-08T12:49:44+00:00","og_image":[{"width":1000,"height":1031,"url":"https:\/\/slaptameile.lt\/wp-content\/uploads\/2025\/10\/DSF3113.jpg","type":"image\/jpeg"}],"twitter_card":"summary_large_image","twitter_misc":{"Est. reading time":"1 minute"},"schema":{"@context":"https:\/\/schema.org","@graph":[{"@type":"WebPage","@id":"https:\/\/slaptameile.lt\/preke\/lininis-papludimio-ranksluostis-karalisko-vilniaus-meiles-istorija\/","url":"https:\/\/slaptameile.lt\/preke\/lininis-papludimio-ranksluostis-karalisko-vilniaus-meiles-istorija\/","name":"Lininis papl\u016bdimio rank\u0161luostis \u201eKarali\u0161ko Vilniaus meil\u0117s istorija\u201c - Slapta Meil\u0117","isPartOf":{"@id":"https:\/\/slaptameile.lt\/#website"},"primaryImageOfPage":{"@id":"https:\/\/slaptameile.lt\/preke\/lininis-papludimio-ranksluostis-karalisko-vilniaus-meiles-istorija\/#primaryimage"},"image":{"@id":"https:\/\/slaptameile.lt\/preke\/lininis-papludimio-ranksluostis-karalisko-vilniaus-meiles-istorija\/#primaryimage"},"thumbnailUrl":"https:\/\/slaptameile.lt\/wp-content\/uploads\/2025\/10\/DSF3113.jpg","datePublished":"2024-08-14T10:00:19+00:00","dateModified":"2026-04-08T12:49:44+00:00","breadcrumb":{"@id":"https:\/\/slaptameile.lt\/preke\/lininis-papludimio-ranksluostis-karalisko-vilniaus-meiles-istorija\/#breadcrumb"},"inLanguage":"en-US","potentialAction":[{"@type":"ReadAction","target":["https:\/\/slaptameile.lt\/preke\/lininis-papludimio-ranksluostis-karalisko-vilniaus-meiles-istorija\/"]}]},{"@type":"ImageObject","inLanguage":"en-US","@id":"https:\/\/slaptameile.lt\/preke\/lininis-papludimio-ranksluostis-karalisko-vilniaus-meiles-istorija\/#primaryimage","url":"https:\/\/slaptameile.lt\/wp-content\/uploads\/2025\/10\/DSF3113.jpg","contentUrl":"https:\/\/slaptameile.lt\/wp-content\/uploads\/2025\/10\/DSF3113.jpg","width":1000,"height":1031},{"@type":"BreadcrumbList","@id":"https:\/\/slaptameile.lt\/preke\/lininis-papludimio-ranksluostis-karalisko-vilniaus-meiles-istorija\/#breadcrumb","itemListElement":[{"@type":"ListItem","position":1,"name":"Home","item":"https:\/\/slaptameile.lt\/"},{"@type":"ListItem","position":2,"name":"Parduotuv\u0117","item":"https:\/\/slaptameile.lt\/parduotuve\/"},{"@type":"ListItem","position":3,"name":"Lininis papl\u016bdimio rank\u0161luostis \u201eKarali\u0161ko Vilniaus meil\u0117s istorija\u201c"}]},{"@type":"WebSite","@id":"https:\/\/slaptameile.lt\/#website","url":"https:\/\/slaptameile.lt\/","name":"Secret Love","description":"","publisher":{"@id":"https:\/\/slaptameile.lt\/#organization"},"potentialAction":[{"@type":"SearchAction","target":{"@type":"EntryPoint","urlTemplate":"https:\/\/slaptameile.lt\/?s={search_term_string}"},"query-input":{"@type":"PropertyValueSpecification","valueRequired":true,"valueName":"search_term_string"}}],"inLanguage":"en-US"},{"@type":"Organization","@id":"https:\/\/slaptameile.lt\/#organization","name":"Secret Love","url":"https:\/\/slaptameile.lt\/","logo":{"@type":"ImageObject","inLanguage":"en-US","@id":"https:\/\/slaptameile.lt\/#\/schema\/logo\/image\/","url":"https:\/\/slaptameile.lt\/wp-content\/uploads\/2026\/04\/sm-logo.jpg","contentUrl":"https:\/\/slaptameile.lt\/wp-content\/uploads\/2026\/04\/sm-logo.jpg","width":810,"height":380,"caption":"Slapta Meil\u0117"},"image":{"@id":"https:\/\/slaptameile.lt\/#\/schema\/logo\/image\/"},"sameAs":["https:\/\/www.facebook.com\/SlaptaMeileBarbora","https:\/\/www.instagram.com\/slaptameile","https:\/\/www.tiktok.com\/@slaptameile1"]}]}},"_links":{"self":[{"href":"https:\/\/slaptameile.lt\/en\/wp-json\/wp\/v2\/product\/645","targetHints":{"allow":["GET"]}}],"collection":[{"href":"https:\/\/slaptameile.lt\/en\/wp-json\/wp\/v2\/product"}],"about":[{"href":"https:\/\/slaptameile.lt\/en\/wp-json\/wp\/v2\/types\/product"}],"replies":[{"embeddable":true,"href":"https:\/\/slaptameile.lt\/en\/wp-json\/wp\/v2\/comments?post=645"}],"wp:featuredmedia":[{"embeddable":true,"href":"https:\/\/slaptameile.lt\/en\/wp-json\/wp\/v2\/media\/646"}],"wp:attachment":[{"href":"https:\/\/slaptameile.lt\/en\/wp-json\/wp\/v2\/media?parent=645"}],"wp:term":[{"taxonomy":"partner","embeddable":true,"href":"https:\/\/slaptameile.lt\/en\/wp-json\/wp\/v2\/partner?post=645"},{"taxonomy":"product_brand","embeddable":true,"href":"https:\/\/slaptameile.lt\/en\/wp-json\/wp\/v2\/product_brand?post=645"},{"taxonomy":"product_cat","embeddable":true,"href":"https:\/\/slaptameile.lt\/en\/wp-json\/wp\/v2\/product_cat?post=645"},{"taxonomy":"product_tag","embeddable":true,"href":"https:\/\/slaptameile.lt\/en\/wp-json\/wp\/v2\/product_tag?post=645"}],"curies":[{"name":"wp","href":"https:\/\/api.w.org\/{rel}","templated":true}]}}