{"id":632,"date":"2024-08-14T13:45:06","date_gmt":"2024-08-14T10:45:06","guid":{"rendered":"https:\/\/slaptameile.lt\/?post_type=product&#038;p=632"},"modified":"2026-04-08T15:47:28","modified_gmt":"2026-04-08T12:47:28","slug":"lininiai-veido-ranksluosteliai-slapta-meile-2-vnt-pilka-su-raudona","status":"publish","type":"product","link":"https:\/\/slaptameile.lt\/en\/preke\/lininiai-veido-ranksluosteliai-slapta-meile-2-vnt-pilka-su-raudona\/","title":{"rendered":"Linen face towelsSlapta meil\u0117| 2 pcs. | Gray with red"},"content":{"rendered":"<p>Ma\u017ei dalykai, kurie kalba garsiau nei visa vonios kosmetika su vienadien\u0117mis etiket\u0117mis. \u0160ie lininiai veido rank\u0161luost\u0117liai \u2013 subtilus kult\u016brinis reveransas Barboros Radvilait\u0117s ir \u017dygimanto Augusto meilei, o kartu \u2013 esteti\u0161kas tekstil\u0117s akcentas tavo vonios erdvei<\/p>\n<p>Ant audinio \u2013 <em>kar\u016bnuota Vilniaus \u0161irdis<\/em>. Grafinis kar\u016bnuotos \u0161irdies motyvas \u2013 simbolinis tiltas tarp Barboros Radvilait\u0117s ir \u017dygimanto Augusto meil\u0117s istorijos ir \u0161iuolaikinio Vilniaus<\/p>\n<p>Pagaminti i\u0161 100 % storinto, mink\u0161tinto lino rank\u0161luos\u010diai \u2013 tvirti, greitai d\u017ei\u016bstantys, nat\u016bral\u016bs, ilgaam\u017eiai. Tobuli veido prie\u017ei\u016brai, kaip spa ritualo dalis ar tiesiog m\u0117gautis linu kasdien<\/p>\n<p>Spalvos \u2013 pilkojo perlo su grafito ar raudonos detal\u0117mis \u2013 kalba stilingai. Tinka dovanoti tiems, kurie vertina kokyb\u0119, istorij\u0105 ir lietuvi\u0161k\u0105 dizain\u0105. Puikiai dera dovan\u0173 rinkinyje, kaip dovana \u012fkurtuv\u0117ms, vestuv\u0117ms ar Kal\u0117doms. Taip pat \u2013 kaip prasmingas suvenyras i\u0161 Lietuvos.<\/p>\n<p>Dydis 28 \u00d7 41 cm<br \/>\nKomplekte 2 vienetai<br \/>\nMade in Lithuania<br \/>\nKolekcija SLAPTA MEIL\u0116 x Decoflux<\/p>","protected":false},"excerpt":{"rendered":"<p>Ma\u017ei dalykai, kurie kalba garsiau nei visa vonios kosmetika su vienadien\u0117mis etiket\u0117mis. \u0160ie lininiai veido rank\u0161luost\u0117liai \u2013 subtilus kult\u016brinis reveransas Barboros Radvilait\u0117s ir \u017dygimanto Augusto meilei, o kartu \u2013 esteti\u0161kas tekstil\u0117s akcentas tavo vonios erdvei<\/p>\n<p>Ant audinio \u2013 <em>kar\u016bnuota Vilniaus \u0161irdis<\/em>. Grafinis kar\u016bnuotos \u0161irdies motyvas \u2013 simbolinis tiltas tarp Barboros Radvilait\u0117s ir \u017dygimanto Augusto meil\u0117s istorijos ir \u0161iuolaikinio Vilniaus<\/p>\n<p>Pagaminti i\u0161 100 % storinto, mink\u0161tinto lino rank\u0161luos\u010diai \u2013 tvirti, greitai d\u017ei\u016bstantys, nat\u016bral\u016bs, ilgaam\u017eiai. Tobuli veido prie\u017ei\u016brai, kaip spa ritualo dalis ar tiesiog m\u0117gautis linu kasdien<\/p>\n<p>Spalvos \u2013 pilkojo perlo su grafito ar raudonos detal\u0117mis \u2013 kalba stilingai. Tinka dovanoti tiems, kurie vertina kokyb\u0119, istorij\u0105 ir lietuvi\u0161k\u0105 dizain\u0105. Puikiai dera dovan\u0173 rinkinyje, kaip dovana \u012fkurtuv\u0117ms, vestuv\u0117ms ar Kal\u0117doms. Taip pat \u2013 kaip prasmingas suvenyras i\u0161 Lietuvos.<\/p>\n<p>Dydis 28 \u00d7 41 cm<br \/>\nKomplekte 2 vienetai<br \/>\nMade in Lithuania<br \/>\nKolekcija SLAPTA MEIL\u0116 x Decoflux<\/p>","protected":false},"featured_media":633,"comment_status":"open","ping_status":"closed","template":"","meta":{"_acf_changed":false},"partner":[52],"product_brand":[],"product_cat":[18,27],"product_tag":[],"class_list":{"0":"post-632","1":"product","2":"type-product","3":"status-publish","4":"has-post-thumbnail","6":"partner-decoflux","7":"product_cat-karaliskoji-kolekcija","8":"product_cat-namu-didybei","10":"first","11":"instock","12":"taxable","13":"shipping-taxable","14":"purchasable","15":"product-type-simple"},"acf":[],"yoast_head":"<!-- This site is optimized with the Yoast SEO plugin v27.5 - https:\/\/yoast.com\/product\/yoast-seo-wordpress\/ -->\n<title>Lininiai veido rank\u0161luost\u0117liai \u201eSlapta meil\u0117\u201c | 2 vnt. | Pilka su raudona - Slapta Meil\u0117<\/title>\n<meta name=\"robots\" content=\"index, follow, max-snippet:-1, max-image-preview:large, max-video-preview:-1\" \/>\n<link rel=\"canonical\" href=\"https:\/\/slaptameile.lt\/en\/preke\/lininiai-veido-ranksluosteliai-slapta-meile-2-vnt-pilka-su-raudona\/\" \/>\n<meta property=\"og:locale\" content=\"en_US\" \/>\n<meta property=\"og:type\" content=\"article\" \/>\n<meta property=\"og:title\" content=\"Lininiai veido rank\u0161luost\u0117liai \u201eSlapta meil\u0117\u201c | 2 vnt. | Pilka su raudona - Slapta Meil\u0117\" \/>\n<meta property=\"og:description\" content=\"Ma\u017ei dalykai, kurie kalba garsiau nei visa vonios kosmetika su vienadien\u0117mis etiket\u0117mis. \u0160ie lininiai veido rank\u0161luost\u0117liai \u2013 subtilus kult\u016brinis reveransas Barboros Radvilait\u0117s ir \u017dygimanto Augusto meilei, o kartu \u2013 esteti\u0161kas tekstil\u0117s akcentas tavo vonios erdvei  Ant audinio \u2013 kar\u016bnuota Vilniaus \u0161irdis. Grafinis kar\u016bnuotos \u0161irdies motyvas \u2013 simbolinis tiltas tarp Barboros Radvilait\u0117s ir \u017dygimanto Augusto meil\u0117s istorijos ir \u0161iuolaikinio Vilniaus  Pagaminti i\u0161 100 % storinto, mink\u0161tinto lino rank\u0161luos\u010diai \u2013 tvirti, greitai d\u017ei\u016bstantys, nat\u016bral\u016bs, ilgaam\u017eiai. Tobuli veido prie\u017ei\u016brai, kaip spa ritualo dalis ar tiesiog m\u0117gautis linu kasdien  Spalvos \u2013 pilkojo perlo su grafito ar raudonos detal\u0117mis \u2013 kalba stilingai. Tinka dovanoti tiems, kurie vertina kokyb\u0119, istorij\u0105 ir lietuvi\u0161k\u0105 dizain\u0105. Puikiai dera dovan\u0173 rinkinyje, kaip dovana \u012fkurtuv\u0117ms, vestuv\u0117ms ar Kal\u0117doms. Taip pat \u2013 kaip prasmingas suvenyras i\u0161 Lietuvos.  Dydis 28 \u00d7 41 cm Komplekte 2 vienetai Pagaminta Lietuvoje Kolekcija SLAPTA MEIL\u0116 x Decoflux\" \/>\n<meta property=\"og:url\" content=\"https:\/\/slaptameile.lt\/en\/preke\/lininiai-veido-ranksluosteliai-slapta-meile-2-vnt-pilka-su-raudona\/\" \/>\n<meta property=\"og:site_name\" content=\"Slapta Meil\u0117\" \/>\n<meta property=\"article:publisher\" content=\"https:\/\/www.facebook.com\/SlaptaMeileBarbora\" \/>\n<meta property=\"article:modified_time\" content=\"2026-04-08T12:47:28+00:00\" \/>\n<meta property=\"og:image\" content=\"https:\/\/slaptameile.lt\/wp-content\/uploads\/2025\/10\/G8A4299.jpg\" \/>\n\t<meta property=\"og:image:width\" content=\"1000\" \/>\n\t<meta property=\"og:image:height\" content=\"985\" \/>\n\t<meta property=\"og:image:type\" content=\"image\/jpeg\" \/>\n<meta name=\"twitter:card\" content=\"summary_large_image\" \/>\n<meta name=\"twitter:label1\" content=\"Est. reading time\" \/>\n\t<meta name=\"twitter:data1\" content=\"1 minute\" \/>\n<script type=\"application\/ld+json\" class=\"yoast-schema-graph\">{\"@context\":\"https:\\\/\\\/schema.org\",\"@graph\":[{\"@type\":\"WebPage\",\"@id\":\"https:\\\/\\\/slaptameile.lt\\\/preke\\\/lininiai-veido-ranksluosteliai-slapta-meile-2-vnt-pilka-su-raudona\\\/\",\"url\":\"https:\\\/\\\/slaptameile.lt\\\/preke\\\/lininiai-veido-ranksluosteliai-slapta-meile-2-vnt-pilka-su-raudona\\\/\",\"name\":\"Lininiai veido rank\u0161luost\u0117liai \u201eSlapta meil\u0117\u201c | 2 vnt. | Pilka su raudona - Slapta Meil\u0117\",\"isPartOf\":{\"@id\":\"https:\\\/\\\/slaptameile.lt\\\/#website\"},\"primaryImageOfPage\":{\"@id\":\"https:\\\/\\\/slaptameile.lt\\\/preke\\\/lininiai-veido-ranksluosteliai-slapta-meile-2-vnt-pilka-su-raudona\\\/#primaryimage\"},\"image\":{\"@id\":\"https:\\\/\\\/slaptameile.lt\\\/preke\\\/lininiai-veido-ranksluosteliai-slapta-meile-2-vnt-pilka-su-raudona\\\/#primaryimage\"},\"thumbnailUrl\":\"https:\\\/\\\/slaptameile.lt\\\/wp-content\\\/uploads\\\/2025\\\/10\\\/G8A4299.jpg\",\"datePublished\":\"2024-08-14T10:45:06+00:00\",\"dateModified\":\"2026-04-08T12:47:28+00:00\",\"breadcrumb\":{\"@id\":\"https:\\\/\\\/slaptameile.lt\\\/preke\\\/lininiai-veido-ranksluosteliai-slapta-meile-2-vnt-pilka-su-raudona\\\/#breadcrumb\"},\"inLanguage\":\"en-US\",\"potentialAction\":[{\"@type\":\"ReadAction\",\"target\":[\"https:\\\/\\\/slaptameile.lt\\\/preke\\\/lininiai-veido-ranksluosteliai-slapta-meile-2-vnt-pilka-su-raudona\\\/\"]}]},{\"@type\":\"ImageObject\",\"inLanguage\":\"en-US\",\"@id\":\"https:\\\/\\\/slaptameile.lt\\\/preke\\\/lininiai-veido-ranksluosteliai-slapta-meile-2-vnt-pilka-su-raudona\\\/#primaryimage\",\"url\":\"https:\\\/\\\/slaptameile.lt\\\/wp-content\\\/uploads\\\/2025\\\/10\\\/G8A4299.jpg\",\"contentUrl\":\"https:\\\/\\\/slaptameile.lt\\\/wp-content\\\/uploads\\\/2025\\\/10\\\/G8A4299.jpg\",\"width\":1000,\"height\":985},{\"@type\":\"BreadcrumbList\",\"@id\":\"https:\\\/\\\/slaptameile.lt\\\/preke\\\/lininiai-veido-ranksluosteliai-slapta-meile-2-vnt-pilka-su-raudona\\\/#breadcrumb\",\"itemListElement\":[{\"@type\":\"ListItem\",\"position\":1,\"name\":\"Home\",\"item\":\"https:\\\/\\\/slaptameile.lt\\\/\"},{\"@type\":\"ListItem\",\"position\":2,\"name\":\"Parduotuv\u0117\",\"item\":\"https:\\\/\\\/slaptameile.lt\\\/parduotuve\\\/\"},{\"@type\":\"ListItem\",\"position\":3,\"name\":\"Lininiai veido rank\u0161luost\u0117liai \u201eSlapta meil\u0117\u201c | 2 vnt. | Pilka su raudona\"}]},{\"@type\":\"WebSite\",\"@id\":\"https:\\\/\\\/slaptameile.lt\\\/#website\",\"url\":\"https:\\\/\\\/slaptameile.lt\\\/\",\"name\":\"Slapta Meil\u0117\",\"description\":\"\",\"publisher\":{\"@id\":\"https:\\\/\\\/slaptameile.lt\\\/#organization\"},\"potentialAction\":[{\"@type\":\"SearchAction\",\"target\":{\"@type\":\"EntryPoint\",\"urlTemplate\":\"https:\\\/\\\/slaptameile.lt\\\/?s={search_term_string}\"},\"query-input\":{\"@type\":\"PropertyValueSpecification\",\"valueRequired\":true,\"valueName\":\"search_term_string\"}}],\"inLanguage\":\"en-US\"},{\"@type\":\"Organization\",\"@id\":\"https:\\\/\\\/slaptameile.lt\\\/#organization\",\"name\":\"Slapta Meil\u0117\",\"url\":\"https:\\\/\\\/slaptameile.lt\\\/\",\"logo\":{\"@type\":\"ImageObject\",\"inLanguage\":\"en-US\",\"@id\":\"https:\\\/\\\/slaptameile.lt\\\/#\\\/schema\\\/logo\\\/image\\\/\",\"url\":\"https:\\\/\\\/slaptameile.lt\\\/wp-content\\\/uploads\\\/2026\\\/04\\\/sm-logo.jpg\",\"contentUrl\":\"https:\\\/\\\/slaptameile.lt\\\/wp-content\\\/uploads\\\/2026\\\/04\\\/sm-logo.jpg\",\"width\":810,\"height\":380,\"caption\":\"Slapta Meil\u0117\"},\"image\":{\"@id\":\"https:\\\/\\\/slaptameile.lt\\\/#\\\/schema\\\/logo\\\/image\\\/\"},\"sameAs\":[\"https:\\\/\\\/www.facebook.com\\\/SlaptaMeileBarbora\",\"https:\\\/\\\/www.instagram.com\\\/slaptameile\",\"https:\\\/\\\/www.tiktok.com\\\/@slaptameile1\"]}]}<\/script>\n<!-- \/ Yoast SEO plugin. -->","yoast_head_json":{"title":"Lininiai veido rank\u0161luost\u0117liai \u201eSlapta meil\u0117\u201c | 2 vnt. | Pilka su raudona - Slapta Meil\u0117","robots":{"index":"index","follow":"follow","max-snippet":"max-snippet:-1","max-image-preview":"max-image-preview:large","max-video-preview":"max-video-preview:-1"},"canonical":"https:\/\/slaptameile.lt\/en\/preke\/lininiai-veido-ranksluosteliai-slapta-meile-2-vnt-pilka-su-raudona\/","og_locale":"en_US","og_type":"article","og_title":"Lininiai veido rank\u0161luost\u0117liai \u201eSlapta meil\u0117\u201c | 2 vnt. | Pilka su raudona - Slapta Meil\u0117","og_description":"Ma\u017ei dalykai, kurie kalba garsiau nei visa vonios kosmetika su vienadien\u0117mis etiket\u0117mis. \u0160ie lininiai veido rank\u0161luost\u0117liai \u2013 subtilus kult\u016brinis reveransas Barboros Radvilait\u0117s ir \u017dygimanto Augusto meilei, o kartu \u2013 esteti\u0161kas tekstil\u0117s akcentas tavo vonios erdvei  Ant audinio \u2013 kar\u016bnuota Vilniaus \u0161irdis. Grafinis kar\u016bnuotos \u0161irdies motyvas \u2013 simbolinis tiltas tarp Barboros Radvilait\u0117s ir \u017dygimanto Augusto meil\u0117s istorijos ir \u0161iuolaikinio Vilniaus  Pagaminti i\u0161 100 % storinto, mink\u0161tinto lino rank\u0161luos\u010diai \u2013 tvirti, greitai d\u017ei\u016bstantys, nat\u016bral\u016bs, ilgaam\u017eiai. Tobuli veido prie\u017ei\u016brai, kaip spa ritualo dalis ar tiesiog m\u0117gautis linu kasdien  Spalvos \u2013 pilkojo perlo su grafito ar raudonos detal\u0117mis \u2013 kalba stilingai. Tinka dovanoti tiems, kurie vertina kokyb\u0119, istorij\u0105 ir lietuvi\u0161k\u0105 dizain\u0105. Puikiai dera dovan\u0173 rinkinyje, kaip dovana \u012fkurtuv\u0117ms, vestuv\u0117ms ar Kal\u0117doms. Taip pat \u2013 kaip prasmingas suvenyras i\u0161 Lietuvos.  Dydis 28 \u00d7 41 cm Komplekte 2 vienetai Pagaminta Lietuvoje Kolekcija SLAPTA MEIL\u0116 x Decoflux","og_url":"https:\/\/slaptameile.lt\/en\/preke\/lininiai-veido-ranksluosteliai-slapta-meile-2-vnt-pilka-su-raudona\/","og_site_name":"Slapta Meil\u0117","article_publisher":"https:\/\/www.facebook.com\/SlaptaMeileBarbora","article_modified_time":"2026-04-08T12:47:28+00:00","og_image":[{"width":1000,"height":985,"url":"https:\/\/slaptameile.lt\/wp-content\/uploads\/2025\/10\/G8A4299.jpg","type":"image\/jpeg"}],"twitter_card":"summary_large_image","twitter_misc":{"Est. reading time":"1 minute"},"schema":{"@context":"https:\/\/schema.org","@graph":[{"@type":"WebPage","@id":"https:\/\/slaptameile.lt\/preke\/lininiai-veido-ranksluosteliai-slapta-meile-2-vnt-pilka-su-raudona\/","url":"https:\/\/slaptameile.lt\/preke\/lininiai-veido-ranksluosteliai-slapta-meile-2-vnt-pilka-su-raudona\/","name":"Lininiai veido rank\u0161luost\u0117liai \u201eSlapta meil\u0117\u201c | 2 vnt. | Pilka su raudona - Slapta Meil\u0117","isPartOf":{"@id":"https:\/\/slaptameile.lt\/#website"},"primaryImageOfPage":{"@id":"https:\/\/slaptameile.lt\/preke\/lininiai-veido-ranksluosteliai-slapta-meile-2-vnt-pilka-su-raudona\/#primaryimage"},"image":{"@id":"https:\/\/slaptameile.lt\/preke\/lininiai-veido-ranksluosteliai-slapta-meile-2-vnt-pilka-su-raudona\/#primaryimage"},"thumbnailUrl":"https:\/\/slaptameile.lt\/wp-content\/uploads\/2025\/10\/G8A4299.jpg","datePublished":"2024-08-14T10:45:06+00:00","dateModified":"2026-04-08T12:47:28+00:00","breadcrumb":{"@id":"https:\/\/slaptameile.lt\/preke\/lininiai-veido-ranksluosteliai-slapta-meile-2-vnt-pilka-su-raudona\/#breadcrumb"},"inLanguage":"en-US","potentialAction":[{"@type":"ReadAction","target":["https:\/\/slaptameile.lt\/preke\/lininiai-veido-ranksluosteliai-slapta-meile-2-vnt-pilka-su-raudona\/"]}]},{"@type":"ImageObject","inLanguage":"en-US","@id":"https:\/\/slaptameile.lt\/preke\/lininiai-veido-ranksluosteliai-slapta-meile-2-vnt-pilka-su-raudona\/#primaryimage","url":"https:\/\/slaptameile.lt\/wp-content\/uploads\/2025\/10\/G8A4299.jpg","contentUrl":"https:\/\/slaptameile.lt\/wp-content\/uploads\/2025\/10\/G8A4299.jpg","width":1000,"height":985},{"@type":"BreadcrumbList","@id":"https:\/\/slaptameile.lt\/preke\/lininiai-veido-ranksluosteliai-slapta-meile-2-vnt-pilka-su-raudona\/#breadcrumb","itemListElement":[{"@type":"ListItem","position":1,"name":"Home","item":"https:\/\/slaptameile.lt\/"},{"@type":"ListItem","position":2,"name":"Parduotuv\u0117","item":"https:\/\/slaptameile.lt\/parduotuve\/"},{"@type":"ListItem","position":3,"name":"Lininiai veido rank\u0161luost\u0117liai \u201eSlapta meil\u0117\u201c | 2 vnt. | Pilka su raudona"}]},{"@type":"WebSite","@id":"https:\/\/slaptameile.lt\/#website","url":"https:\/\/slaptameile.lt\/","name":"Secret Love","description":"","publisher":{"@id":"https:\/\/slaptameile.lt\/#organization"},"potentialAction":[{"@type":"SearchAction","target":{"@type":"EntryPoint","urlTemplate":"https:\/\/slaptameile.lt\/?s={search_term_string}"},"query-input":{"@type":"PropertyValueSpecification","valueRequired":true,"valueName":"search_term_string"}}],"inLanguage":"en-US"},{"@type":"Organization","@id":"https:\/\/slaptameile.lt\/#organization","name":"Secret Love","url":"https:\/\/slaptameile.lt\/","logo":{"@type":"ImageObject","inLanguage":"en-US","@id":"https:\/\/slaptameile.lt\/#\/schema\/logo\/image\/","url":"https:\/\/slaptameile.lt\/wp-content\/uploads\/2026\/04\/sm-logo.jpg","contentUrl":"https:\/\/slaptameile.lt\/wp-content\/uploads\/2026\/04\/sm-logo.jpg","width":810,"height":380,"caption":"Slapta Meil\u0117"},"image":{"@id":"https:\/\/slaptameile.lt\/#\/schema\/logo\/image\/"},"sameAs":["https:\/\/www.facebook.com\/SlaptaMeileBarbora","https:\/\/www.instagram.com\/slaptameile","https:\/\/www.tiktok.com\/@slaptameile1"]}]}},"_links":{"self":[{"href":"https:\/\/slaptameile.lt\/en\/wp-json\/wp\/v2\/product\/632","targetHints":{"allow":["GET"]}}],"collection":[{"href":"https:\/\/slaptameile.lt\/en\/wp-json\/wp\/v2\/product"}],"about":[{"href":"https:\/\/slaptameile.lt\/en\/wp-json\/wp\/v2\/types\/product"}],"replies":[{"embeddable":true,"href":"https:\/\/slaptameile.lt\/en\/wp-json\/wp\/v2\/comments?post=632"}],"wp:featuredmedia":[{"embeddable":true,"href":"https:\/\/slaptameile.lt\/en\/wp-json\/wp\/v2\/media\/633"}],"wp:attachment":[{"href":"https:\/\/slaptameile.lt\/en\/wp-json\/wp\/v2\/media?parent=632"}],"wp:term":[{"taxonomy":"partner","embeddable":true,"href":"https:\/\/slaptameile.lt\/en\/wp-json\/wp\/v2\/partner?post=632"},{"taxonomy":"product_brand","embeddable":true,"href":"https:\/\/slaptameile.lt\/en\/wp-json\/wp\/v2\/product_brand?post=632"},{"taxonomy":"product_cat","embeddable":true,"href":"https:\/\/slaptameile.lt\/en\/wp-json\/wp\/v2\/product_cat?post=632"},{"taxonomy":"product_tag","embeddable":true,"href":"https:\/\/slaptameile.lt\/en\/wp-json\/wp\/v2\/product_tag?post=632"}],"curies":[{"name":"wp","href":"https:\/\/api.w.org\/{rel}","templated":true}]}}