{"id":611,"date":"2024-08-14T14:42:39","date_gmt":"2024-08-14T11:42:39","guid":{"rendered":"https:\/\/slaptameile.lt\/?post_type=product&#038;p=611"},"modified":"2026-04-08T14:34:34","modified_gmt":"2026-04-08T11:34:34","slug":"satino-patalynes-komplektas-karalisko-vilniaus-meiles-istorija-cinamonas","status":"publish","type":"product","link":"https:\/\/slaptameile.lt\/en\/preke\/satino-patalynes-komplektas-karalisko-vilniaus-meiles-istorija-cinamonas\/","title":{"rendered":"Satino Bedding Set \u201eRoyal Vilnius Love Story\u201d | Cinnamon"},"content":{"rendered":"<p>Karali\u0161ka meil\u0117s istorija tavo lovoje\u00a0\u2013 \u0161is\u00a0balto satino patalyn\u0117s komplektas\u00a0gim\u0117 i\u0161 Barboros Radvilait\u0117s ir \u017dygimanto Augusto meil\u0117s legendos.\u00a0Ranka pie\u0161tas Vilniaus \u017eem\u0117lapis\u00a0\u2013 nuo Katedros skliaut\u0173 iki Pilies gatv\u0117s aid\u0173 \u2013 subtiliai margina audin\u012f, kad net miegodamas(\u2013a) \u017einotum: miegi istorijoje.<\/p>\n<p>Mink\u0161tas ir kokybi\u0161kas 100 % medviln\u0117s satinas\u00a0su OEKO\u2013TEX\u00ae sertifikatu. \u0160velnus prisilietimas, ilgaam\u017e\u0117 spalva, stilingas dizainas \u2013 kai nori dovanoti arba gyventi ne paprastai, o \u0161iek tiek karali\u0161kai.<\/p>\n<p>Think like:<br \/>\nVestuvin\u0117 dovana<br \/>\n\u012ekurtuvi\u0173 dovana<br \/>\nSuvenyras i\u0161 Vilniaus<br \/>\nMeil\u0117s lizdo akcentas<br \/>\nDovana sau, jei nori sapnuoti kaip karalien\u0117 (ar karalius)<\/p>\n<p>Sud\u0117tis:\u00a0100 % medviln\u0117s satinas<\/p>\n<p>Sizes:<br \/>\n140\u00d7200 cm + 1\u00d750\u00d770 cm<br \/>\n200\u00d7220 cm + 2\u00d750\u00d770 cm<\/p>\n<p>Made and manufactured in Lithuania<br \/>\nGrafik\u0105 pie\u0161\u0117 dizainer\u0117 Julija Janus<br \/>\nPakuot\u0117:\u00a0dovanin\u0117, kolekcin\u0117<\/p>","protected":false},"excerpt":{"rendered":"<p>Karali\u0161ka meil\u0117s istorija tavo lovoje\u00a0\u2013 \u0161is\u00a0balto satino patalyn\u0117s komplektas\u00a0gim\u0117 i\u0161 Barboros Radvilait\u0117s ir \u017dygimanto Augusto meil\u0117s legendos.\u00a0Ranka pie\u0161tas Vilniaus \u017eem\u0117lapis\u00a0\u2013 nuo Katedros skliaut\u0173 iki Pilies gatv\u0117s aid\u0173 \u2013 subtiliai margina audin\u012f, kad net miegodamas(\u2013a) \u017einotum: miegi istorijoje.<\/p>\n<p>Mink\u0161tas ir kokybi\u0161kas 100 % medviln\u0117s satinas\u00a0su OEKO\u2013TEX\u00ae sertifikatu. \u0160velnus prisilietimas, ilgaam\u017e\u0117 spalva, stilingas dizainas \u2013 kai nori dovanoti arba gyventi ne paprastai, o \u0161iek tiek karali\u0161kai.<\/p>\n<p>Think like:<br \/>\nVestuvin\u0117 dovana<br \/>\n\u012ekurtuvi\u0173 dovana<br \/>\nSuvenyras i\u0161 Vilniaus<br \/>\nMeil\u0117s lizdo akcentas<br \/>\nDovana sau, jei nori sapnuoti kaip karalien\u0117 (ar karalius)<\/p>\n<p>Sud\u0117tis:\u00a0100 % medviln\u0117s satinas<\/p>\n<p>Sizes:<br \/>\n140\u00d7200 cm + 1\u00d750\u00d770 cm<br \/>\n200\u00d7220 cm + 2\u00d750\u00d770 cm<\/p>\n<p>Made and manufactured in Lithuania<br \/>\nGrafik\u0105 pie\u0161\u0117 dizainer\u0117 Julija Janus<br \/>\nPakuot\u0117:\u00a0dovanin\u0117, kolekcin\u0117<\/p>","protected":false},"featured_media":2273,"comment_status":"open","ping_status":"closed","template":"","meta":{"_acf_changed":false},"partner":[52],"product_brand":[],"product_cat":[18,27],"product_tag":[],"class_list":{"0":"post-611","1":"product","2":"type-product","3":"status-publish","4":"has-post-thumbnail","6":"partner-decoflux","7":"product_cat-karaliskoji-kolekcija","8":"product_cat-namu-didybei","10":"first","11":"instock","12":"taxable","13":"shipping-taxable","14":"purchasable","15":"product-type-variable"},"acf":[],"yoast_head":"<!-- This site is optimized with the Yoast SEO plugin v27.5 - https:\/\/yoast.com\/product\/yoast-seo-wordpress\/ -->\n<title>Satino patalyn\u0117s komplektas &quot;Karali\u0161ko Vilniaus meil\u0117s istorija&quot; | Cinamonas - Slapta Meil\u0117<\/title>\n<meta name=\"robots\" content=\"index, follow, max-snippet:-1, max-image-preview:large, max-video-preview:-1\" \/>\n<link rel=\"canonical\" href=\"https:\/\/slaptameile.lt\/en\/preke\/satino-patalynes-komplektas-karalisko-vilniaus-meiles-istorija-cinamonas\/\" \/>\n<meta property=\"og:locale\" content=\"en_US\" \/>\n<meta property=\"og:type\" content=\"article\" \/>\n<meta property=\"og:title\" content=\"Satino patalyn\u0117s komplektas &quot;Karali\u0161ko Vilniaus meil\u0117s istorija&quot; | Cinamonas - Slapta Meil\u0117\" \/>\n<meta property=\"og:description\" content=\"Karali\u0161ka meil\u0117s istorija tavo lovoje\u00a0\u2013 \u0161is\u00a0balto satino patalyn\u0117s komplektas\u00a0gim\u0117 i\u0161 Barboros Radvilait\u0117s ir \u017dygimanto Augusto meil\u0117s legendos.\u00a0Ranka pie\u0161tas Vilniaus \u017eem\u0117lapis\u00a0\u2013 nuo Katedros skliaut\u0173 iki Pilies gatv\u0117s aid\u0173 \u2013 subtiliai margina audin\u012f, kad net miegodamas(\u2013a) \u017einotum: miegi istorijoje.  Mink\u0161tas ir kokybi\u0161kas 100 % medviln\u0117s satinas\u00a0su OEKO\u2013TEX\u00ae sertifikatu. \u0160velnus prisilietimas, ilgaam\u017e\u0117 spalva, stilingas dizainas \u2013 kai nori dovanoti arba gyventi ne paprastai, o \u0161iek tiek karali\u0161kai.  Tinka kaip: Vestuvin\u0117 dovana \u012ekurtuvi\u0173 dovana Suvenyras i\u0161 Vilniaus Meil\u0117s lizdo akcentas Dovana sau, jei nori sapnuoti kaip karalien\u0117 (ar karalius)  Sud\u0117tis:\u00a0100 % medviln\u0117s satinas  Dyd\u017eiai: 140\u00d7200 cm + 1\u00d750\u00d770 cm 200\u00d7220 cm + 2\u00d750\u00d770 cm  Sukurta ir pagaminta Lietuvoje Grafik\u0105 pie\u0161\u0117 dizainer\u0117 Julija Janus Pakuot\u0117:\u00a0dovanin\u0117, kolekcin\u0117\" \/>\n<meta property=\"og:url\" content=\"https:\/\/slaptameile.lt\/en\/preke\/satino-patalynes-komplektas-karalisko-vilniaus-meiles-istorija-cinamonas\/\" \/>\n<meta property=\"og:site_name\" content=\"Slapta Meil\u0117\" \/>\n<meta property=\"article:publisher\" content=\"https:\/\/www.facebook.com\/SlaptaMeileBarbora\" \/>\n<meta property=\"article:modified_time\" content=\"2026-04-08T11:34:34+00:00\" \/>\n<meta property=\"og:image\" content=\"https:\/\/slaptameile.lt\/wp-content\/uploads\/2024\/08\/Patalyne-SM-Cinamon-01.jpg\" \/>\n\t<meta property=\"og:image:width\" content=\"2251\" \/>\n\t<meta property=\"og:image:height\" content=\"3000\" \/>\n\t<meta property=\"og:image:type\" content=\"image\/jpeg\" \/>\n<meta name=\"twitter:card\" content=\"summary_large_image\" \/>\n<meta name=\"twitter:label1\" content=\"Est. reading time\" \/>\n\t<meta name=\"twitter:data1\" content=\"1 minute\" \/>\n<script type=\"application\/ld+json\" class=\"yoast-schema-graph\">{\"@context\":\"https:\\\/\\\/schema.org\",\"@graph\":[{\"@type\":\"WebPage\",\"@id\":\"https:\\\/\\\/slaptameile.lt\\\/preke\\\/satino-patalynes-komplektas-karalisko-vilniaus-meiles-istorija-cinamonas\\\/\",\"url\":\"https:\\\/\\\/slaptameile.lt\\\/preke\\\/satino-patalynes-komplektas-karalisko-vilniaus-meiles-istorija-cinamonas\\\/\",\"name\":\"Satino patalyn\u0117s komplektas \\\"Karali\u0161ko Vilniaus meil\u0117s istorija\\\" | Cinamonas - Slapta Meil\u0117\",\"isPartOf\":{\"@id\":\"https:\\\/\\\/slaptameile.lt\\\/#website\"},\"primaryImageOfPage\":{\"@id\":\"https:\\\/\\\/slaptameile.lt\\\/preke\\\/satino-patalynes-komplektas-karalisko-vilniaus-meiles-istorija-cinamonas\\\/#primaryimage\"},\"image\":{\"@id\":\"https:\\\/\\\/slaptameile.lt\\\/preke\\\/satino-patalynes-komplektas-karalisko-vilniaus-meiles-istorija-cinamonas\\\/#primaryimage\"},\"thumbnailUrl\":\"https:\\\/\\\/slaptameile.lt\\\/wp-content\\\/uploads\\\/2024\\\/08\\\/Patalyne-SM-Cinamon-01.jpg\",\"datePublished\":\"2024-08-14T11:42:39+00:00\",\"dateModified\":\"2026-04-08T11:34:34+00:00\",\"breadcrumb\":{\"@id\":\"https:\\\/\\\/slaptameile.lt\\\/preke\\\/satino-patalynes-komplektas-karalisko-vilniaus-meiles-istorija-cinamonas\\\/#breadcrumb\"},\"inLanguage\":\"en-US\",\"potentialAction\":[{\"@type\":\"ReadAction\",\"target\":[\"https:\\\/\\\/slaptameile.lt\\\/preke\\\/satino-patalynes-komplektas-karalisko-vilniaus-meiles-istorija-cinamonas\\\/\"]}]},{\"@type\":\"ImageObject\",\"inLanguage\":\"en-US\",\"@id\":\"https:\\\/\\\/slaptameile.lt\\\/preke\\\/satino-patalynes-komplektas-karalisko-vilniaus-meiles-istorija-cinamonas\\\/#primaryimage\",\"url\":\"https:\\\/\\\/slaptameile.lt\\\/wp-content\\\/uploads\\\/2024\\\/08\\\/Patalyne-SM-Cinamon-01.jpg\",\"contentUrl\":\"https:\\\/\\\/slaptameile.lt\\\/wp-content\\\/uploads\\\/2024\\\/08\\\/Patalyne-SM-Cinamon-01.jpg\",\"width\":2251,\"height\":3000},{\"@type\":\"BreadcrumbList\",\"@id\":\"https:\\\/\\\/slaptameile.lt\\\/preke\\\/satino-patalynes-komplektas-karalisko-vilniaus-meiles-istorija-cinamonas\\\/#breadcrumb\",\"itemListElement\":[{\"@type\":\"ListItem\",\"position\":1,\"name\":\"Home\",\"item\":\"https:\\\/\\\/slaptameile.lt\\\/\"},{\"@type\":\"ListItem\",\"position\":2,\"name\":\"Parduotuv\u0117\",\"item\":\"https:\\\/\\\/slaptameile.lt\\\/parduotuve\\\/\"},{\"@type\":\"ListItem\",\"position\":3,\"name\":\"Satino patalyn\u0117s komplektas &#8222;Karali\u0161ko Vilniaus meil\u0117s istorija&#8221; | Cinamonas\"}]},{\"@type\":\"WebSite\",\"@id\":\"https:\\\/\\\/slaptameile.lt\\\/#website\",\"url\":\"https:\\\/\\\/slaptameile.lt\\\/\",\"name\":\"Slapta Meil\u0117\",\"description\":\"\",\"publisher\":{\"@id\":\"https:\\\/\\\/slaptameile.lt\\\/#organization\"},\"potentialAction\":[{\"@type\":\"SearchAction\",\"target\":{\"@type\":\"EntryPoint\",\"urlTemplate\":\"https:\\\/\\\/slaptameile.lt\\\/?s={search_term_string}\"},\"query-input\":{\"@type\":\"PropertyValueSpecification\",\"valueRequired\":true,\"valueName\":\"search_term_string\"}}],\"inLanguage\":\"en-US\"},{\"@type\":\"Organization\",\"@id\":\"https:\\\/\\\/slaptameile.lt\\\/#organization\",\"name\":\"Slapta Meil\u0117\",\"url\":\"https:\\\/\\\/slaptameile.lt\\\/\",\"logo\":{\"@type\":\"ImageObject\",\"inLanguage\":\"en-US\",\"@id\":\"https:\\\/\\\/slaptameile.lt\\\/#\\\/schema\\\/logo\\\/image\\\/\",\"url\":\"https:\\\/\\\/slaptameile.lt\\\/wp-content\\\/uploads\\\/2026\\\/04\\\/sm-logo.jpg\",\"contentUrl\":\"https:\\\/\\\/slaptameile.lt\\\/wp-content\\\/uploads\\\/2026\\\/04\\\/sm-logo.jpg\",\"width\":810,\"height\":380,\"caption\":\"Slapta Meil\u0117\"},\"image\":{\"@id\":\"https:\\\/\\\/slaptameile.lt\\\/#\\\/schema\\\/logo\\\/image\\\/\"},\"sameAs\":[\"https:\\\/\\\/www.facebook.com\\\/SlaptaMeileBarbora\",\"https:\\\/\\\/www.instagram.com\\\/slaptameile\",\"https:\\\/\\\/www.tiktok.com\\\/@slaptameile1\"]}]}<\/script>\n<!-- \/ Yoast SEO plugin. -->","yoast_head_json":{"title":"Satino patalyn\u0117s komplektas \"Karali\u0161ko Vilniaus meil\u0117s istorija\" | Cinamonas - Slapta Meil\u0117","robots":{"index":"index","follow":"follow","max-snippet":"max-snippet:-1","max-image-preview":"max-image-preview:large","max-video-preview":"max-video-preview:-1"},"canonical":"https:\/\/slaptameile.lt\/en\/preke\/satino-patalynes-komplektas-karalisko-vilniaus-meiles-istorija-cinamonas\/","og_locale":"en_US","og_type":"article","og_title":"Satino patalyn\u0117s komplektas \"Karali\u0161ko Vilniaus meil\u0117s istorija\" | Cinamonas - Slapta Meil\u0117","og_description":"Karali\u0161ka meil\u0117s istorija tavo lovoje\u00a0\u2013 \u0161is\u00a0balto satino patalyn\u0117s komplektas\u00a0gim\u0117 i\u0161 Barboros Radvilait\u0117s ir \u017dygimanto Augusto meil\u0117s legendos.\u00a0Ranka pie\u0161tas Vilniaus \u017eem\u0117lapis\u00a0\u2013 nuo Katedros skliaut\u0173 iki Pilies gatv\u0117s aid\u0173 \u2013 subtiliai margina audin\u012f, kad net miegodamas(\u2013a) \u017einotum: miegi istorijoje.  Mink\u0161tas ir kokybi\u0161kas 100 % medviln\u0117s satinas\u00a0su OEKO\u2013TEX\u00ae sertifikatu. \u0160velnus prisilietimas, ilgaam\u017e\u0117 spalva, stilingas dizainas \u2013 kai nori dovanoti arba gyventi ne paprastai, o \u0161iek tiek karali\u0161kai.  Tinka kaip: Vestuvin\u0117 dovana \u012ekurtuvi\u0173 dovana Suvenyras i\u0161 Vilniaus Meil\u0117s lizdo akcentas Dovana sau, jei nori sapnuoti kaip karalien\u0117 (ar karalius)  Sud\u0117tis:\u00a0100 % medviln\u0117s satinas  Dyd\u017eiai: 140\u00d7200 cm + 1\u00d750\u00d770 cm 200\u00d7220 cm + 2\u00d750\u00d770 cm  Sukurta ir pagaminta Lietuvoje Grafik\u0105 pie\u0161\u0117 dizainer\u0117 Julija Janus Pakuot\u0117:\u00a0dovanin\u0117, kolekcin\u0117","og_url":"https:\/\/slaptameile.lt\/en\/preke\/satino-patalynes-komplektas-karalisko-vilniaus-meiles-istorija-cinamonas\/","og_site_name":"Slapta Meil\u0117","article_publisher":"https:\/\/www.facebook.com\/SlaptaMeileBarbora","article_modified_time":"2026-04-08T11:34:34+00:00","og_image":[{"width":2251,"height":3000,"url":"https:\/\/slaptameile.lt\/wp-content\/uploads\/2024\/08\/Patalyne-SM-Cinamon-01.jpg","type":"image\/jpeg"}],"twitter_card":"summary_large_image","twitter_misc":{"Est. reading time":"1 minute"},"schema":{"@context":"https:\/\/schema.org","@graph":[{"@type":"WebPage","@id":"https:\/\/slaptameile.lt\/preke\/satino-patalynes-komplektas-karalisko-vilniaus-meiles-istorija-cinamonas\/","url":"https:\/\/slaptameile.lt\/preke\/satino-patalynes-komplektas-karalisko-vilniaus-meiles-istorija-cinamonas\/","name":"Satino patalyn\u0117s komplektas \"Karali\u0161ko Vilniaus meil\u0117s istorija\" | Cinamonas - Slapta Meil\u0117","isPartOf":{"@id":"https:\/\/slaptameile.lt\/#website"},"primaryImageOfPage":{"@id":"https:\/\/slaptameile.lt\/preke\/satino-patalynes-komplektas-karalisko-vilniaus-meiles-istorija-cinamonas\/#primaryimage"},"image":{"@id":"https:\/\/slaptameile.lt\/preke\/satino-patalynes-komplektas-karalisko-vilniaus-meiles-istorija-cinamonas\/#primaryimage"},"thumbnailUrl":"https:\/\/slaptameile.lt\/wp-content\/uploads\/2024\/08\/Patalyne-SM-Cinamon-01.jpg","datePublished":"2024-08-14T11:42:39+00:00","dateModified":"2026-04-08T11:34:34+00:00","breadcrumb":{"@id":"https:\/\/slaptameile.lt\/preke\/satino-patalynes-komplektas-karalisko-vilniaus-meiles-istorija-cinamonas\/#breadcrumb"},"inLanguage":"en-US","potentialAction":[{"@type":"ReadAction","target":["https:\/\/slaptameile.lt\/preke\/satino-patalynes-komplektas-karalisko-vilniaus-meiles-istorija-cinamonas\/"]}]},{"@type":"ImageObject","inLanguage":"en-US","@id":"https:\/\/slaptameile.lt\/preke\/satino-patalynes-komplektas-karalisko-vilniaus-meiles-istorija-cinamonas\/#primaryimage","url":"https:\/\/slaptameile.lt\/wp-content\/uploads\/2024\/08\/Patalyne-SM-Cinamon-01.jpg","contentUrl":"https:\/\/slaptameile.lt\/wp-content\/uploads\/2024\/08\/Patalyne-SM-Cinamon-01.jpg","width":2251,"height":3000},{"@type":"BreadcrumbList","@id":"https:\/\/slaptameile.lt\/preke\/satino-patalynes-komplektas-karalisko-vilniaus-meiles-istorija-cinamonas\/#breadcrumb","itemListElement":[{"@type":"ListItem","position":1,"name":"Home","item":"https:\/\/slaptameile.lt\/"},{"@type":"ListItem","position":2,"name":"Parduotuv\u0117","item":"https:\/\/slaptameile.lt\/parduotuve\/"},{"@type":"ListItem","position":3,"name":"Satino patalyn\u0117s komplektas &#8222;Karali\u0161ko Vilniaus meil\u0117s istorija&#8221; | Cinamonas"}]},{"@type":"WebSite","@id":"https:\/\/slaptameile.lt\/#website","url":"https:\/\/slaptameile.lt\/","name":"Secret Love","description":"","publisher":{"@id":"https:\/\/slaptameile.lt\/#organization"},"potentialAction":[{"@type":"SearchAction","target":{"@type":"EntryPoint","urlTemplate":"https:\/\/slaptameile.lt\/?s={search_term_string}"},"query-input":{"@type":"PropertyValueSpecification","valueRequired":true,"valueName":"search_term_string"}}],"inLanguage":"en-US"},{"@type":"Organization","@id":"https:\/\/slaptameile.lt\/#organization","name":"Secret Love","url":"https:\/\/slaptameile.lt\/","logo":{"@type":"ImageObject","inLanguage":"en-US","@id":"https:\/\/slaptameile.lt\/#\/schema\/logo\/image\/","url":"https:\/\/slaptameile.lt\/wp-content\/uploads\/2026\/04\/sm-logo.jpg","contentUrl":"https:\/\/slaptameile.lt\/wp-content\/uploads\/2026\/04\/sm-logo.jpg","width":810,"height":380,"caption":"Slapta Meil\u0117"},"image":{"@id":"https:\/\/slaptameile.lt\/#\/schema\/logo\/image\/"},"sameAs":["https:\/\/www.facebook.com\/SlaptaMeileBarbora","https:\/\/www.instagram.com\/slaptameile","https:\/\/www.tiktok.com\/@slaptameile1"]}]}},"_links":{"self":[{"href":"https:\/\/slaptameile.lt\/en\/wp-json\/wp\/v2\/product\/611","targetHints":{"allow":["GET"]}}],"collection":[{"href":"https:\/\/slaptameile.lt\/en\/wp-json\/wp\/v2\/product"}],"about":[{"href":"https:\/\/slaptameile.lt\/en\/wp-json\/wp\/v2\/types\/product"}],"replies":[{"embeddable":true,"href":"https:\/\/slaptameile.lt\/en\/wp-json\/wp\/v2\/comments?post=611"}],"wp:featuredmedia":[{"embeddable":true,"href":"https:\/\/slaptameile.lt\/en\/wp-json\/wp\/v2\/media\/2273"}],"wp:attachment":[{"href":"https:\/\/slaptameile.lt\/en\/wp-json\/wp\/v2\/media?parent=611"}],"wp:term":[{"taxonomy":"partner","embeddable":true,"href":"https:\/\/slaptameile.lt\/en\/wp-json\/wp\/v2\/partner?post=611"},{"taxonomy":"product_brand","embeddable":true,"href":"https:\/\/slaptameile.lt\/en\/wp-json\/wp\/v2\/product_brand?post=611"},{"taxonomy":"product_cat","embeddable":true,"href":"https:\/\/slaptameile.lt\/en\/wp-json\/wp\/v2\/product_cat?post=611"},{"taxonomy":"product_tag","embeddable":true,"href":"https:\/\/slaptameile.lt\/en\/wp-json\/wp\/v2\/product_tag?post=611"}],"curies":[{"name":"wp","href":"https:\/\/api.w.org\/{rel}","templated":true}]}}