{"id":580,"date":"2024-08-14T15:15:35","date_gmt":"2024-08-14T12:15:35","guid":{"rendered":"https:\/\/slaptameile.lt\/?post_type=product&#038;p=580"},"modified":"2026-04-08T14:24:38","modified_gmt":"2026-04-08T11:24:38","slug":"satino-patalynes-komplektas-karalisko-vilniaus-meiles-istorija-i-balta","status":"publish","type":"product","link":"https:\/\/slaptameile.lt\/en\/preke\/satino-patalynes-komplektas-karalisko-vilniaus-meiles-istorija-i-balta\/","title":{"rendered":"Satino Bedding Set \u201eRoyal Vilnius Love Story\u201d I White"},"content":{"rendered":"<p>A royal love story in your bed \u2013 this white satin bedding set was born from the love legend of Barbara Radziwi\u0142\u0142 and Sigismund II Augustus. A hand-drawn map of Vilnius \u2013 from the vaults of the Cathedral to the echoes of Pilies Street \u2013 subtly adorns the fabric, so that even while you sleep, you know: you are sleeping in history.<\/p>\n<p>Soft, high-quality 100% cotton satin with OEKO-TEX\u00ae certification. A soft feel, long-lasting color, and stylish design\u2014perfect for gift-giving or for those who want to live not just ordinarily, but with a touch of royalty.<\/p>\n<p>Think like:<br \/>\nWedding gift<br \/>\nHousewarming gift<br \/>\nSouvenir from Vilnius<br \/>\nLove Nest Accent<br \/>\nA gift to yourself, if you want to dream like a queen (or king)<\/p>\n<p>Composition: 100% % cotton satin<\/p>\n<p>Sizes:<br \/>\n140\u00d7200 cm + 1\u00d750\u00d770 cm<br \/>\n200x220cm + 2x50x70cm<\/p>\n<p>Made and manufactured in Lithuania<br \/>\nThe graphics were designed by designer Julija Janus.<br \/>\nPackaging: gift, collectible<\/p>","protected":false},"excerpt":{"rendered":"<p>A royal love story in your bed \u2013 this white satin bedding set was born from the love legend of Barbara Radziwi\u0142\u0142 and Sigismund II Augustus. A hand-drawn map of Vilnius \u2013 from the vaults of the Cathedral to the echoes of Pilies Street \u2013 subtly adorns the fabric, so that even while you sleep, you know: you are sleeping in history.<\/p>\n<p>Soft, high-quality 100% cotton satin with OEKO-TEX\u00ae certification. A soft feel, long-lasting color, and stylish design\u2014perfect for gift-giving or for those who want to live not just ordinarily, but with a touch of royalty.<\/p>\n<p>Think like:<br \/>\nWedding gift<br \/>\nHousewarming gift<br \/>\nSouvenir from Vilnius<br \/>\nLove Nest Accent<br \/>\nA gift to yourself, if you want to dream like a queen (or king)<\/p>\n<p>Composition: 100% % cotton satin<\/p>\n<p>Sizes:<br \/>\n140\u00d7200 cm + 1\u00d750\u00d770 cm<br \/>\n200x220cm + 2x50x70cm<\/p>\n<p>Made and manufactured in Lithuania<br \/>\nThe graphics were designed by designer Julija Janus.<br \/>\nPackaging: gift, collectible<\/p>","protected":false},"featured_media":2272,"comment_status":"open","ping_status":"closed","template":"","meta":{"_acf_changed":false},"partner":[52],"product_brand":[],"product_cat":[18,27],"product_tag":[],"class_list":{"0":"post-580","1":"product","2":"type-product","3":"status-publish","4":"has-post-thumbnail","6":"partner-decoflux","7":"product_cat-karaliskoji-kolekcija","8":"product_cat-namams","10":"first","11":"instock","12":"taxable","13":"shipping-taxable","14":"purchasable","15":"product-type-variable"},"acf":[],"yoast_head":"<!-- This site is optimized with the Yoast SEO plugin v27.5 - https:\/\/yoast.com\/product\/yoast-seo-wordpress\/ -->\n<title>Satino patalyn\u0117s komplektas &quot;Karali\u0161ko Vilniaus meil\u0117s istorija&quot; I Balta - Slapta Meil\u0117<\/title>\n<meta name=\"robots\" content=\"index, follow, max-snippet:-1, max-image-preview:large, max-video-preview:-1\" \/>\n<link rel=\"canonical\" href=\"https:\/\/slaptameile.lt\/en\/preke\/satino-patalynes-komplektas-karalisko-vilniaus-meiles-istorija-i-balta\/\" \/>\n<meta property=\"og:locale\" content=\"en_US\" \/>\n<meta property=\"og:type\" content=\"article\" \/>\n<meta property=\"og:title\" content=\"Satino patalyn\u0117s komplektas &quot;Karali\u0161ko Vilniaus meil\u0117s istorija&quot; I Balta - Slapta Meil\u0117\" \/>\n<meta property=\"og:description\" content=\"Karali\u0161ka meil\u0117s istorija tavo lovoje\u00a0\u2013 \u0161is\u00a0balto satino patalyn\u0117s komplektas\u00a0gim\u0117 i\u0161 Barboros Radvilait\u0117s ir \u017dygimanto Augusto meil\u0117s legendos.\u00a0Ranka pie\u0161tas Vilniaus \u017eem\u0117lapis\u00a0\u2013 nuo Katedros skliaut\u0173 iki Pilies gatv\u0117s aid\u0173 \u2013 subtiliai margina audin\u012f, kad net miegodamas(\u2013a) \u017einotum: miegi istorijoje.  Mink\u0161tas ir kokybi\u0161kas 100 % medviln\u0117s satinas\u00a0su OEKO\u2013TEX\u00ae sertifikatu. \u0160velnus prisilietimas, ilgaam\u017e\u0117 spalva, stilingas dizainas \u2013 kai nori dovanoti arba gyventi ne paprastai, o \u0161iek tiek karali\u0161kai.  Tinka kaip: Vestuvin\u0117 dovana \u012ekurtuvi\u0173 dovana Suvenyras i\u0161 Vilniaus Meil\u0117s lizdo akcentas Dovana sau, jei nori sapnuoti kaip karalien\u0117 (ar karalius)  Sud\u0117tis:\u00a0100 % medviln\u0117s satinas  Dyd\u017eiai: 140\u00d7200 cm + 1\u00d750\u00d770 cm 200\u00d7220 cm + 2\u00d750\u00d770 cm  Sukurta ir pagaminta Lietuvoje Grafik\u0105 pie\u0161\u0117 dizainer\u0117 Julija Janus Pakuot\u0117:\u00a0dovanin\u0117, kolekcin\u0117\" \/>\n<meta property=\"og:url\" content=\"https:\/\/slaptameile.lt\/en\/preke\/satino-patalynes-komplektas-karalisko-vilniaus-meiles-istorija-i-balta\/\" \/>\n<meta property=\"og:site_name\" content=\"Slapta Meil\u0117\" \/>\n<meta property=\"article:publisher\" content=\"https:\/\/www.facebook.com\/SlaptaMeileBarbora\" \/>\n<meta property=\"article:modified_time\" content=\"2026-04-08T11:24:38+00:00\" \/>\n<meta property=\"og:image\" content=\"https:\/\/slaptameile.lt\/wp-content\/uploads\/2024\/08\/Patalyne-SM-White-01.jpg\" \/>\n\t<meta property=\"og:image:width\" content=\"2251\" \/>\n\t<meta property=\"og:image:height\" content=\"3000\" \/>\n\t<meta property=\"og:image:type\" content=\"image\/jpeg\" \/>\n<meta name=\"twitter:card\" content=\"summary_large_image\" \/>\n<meta name=\"twitter:label1\" content=\"Est. reading time\" \/>\n\t<meta name=\"twitter:data1\" content=\"1 minute\" \/>\n<script type=\"application\/ld+json\" class=\"yoast-schema-graph\">{\"@context\":\"https:\\\/\\\/schema.org\",\"@graph\":[{\"@type\":\"WebPage\",\"@id\":\"https:\\\/\\\/slaptameile.lt\\\/preke\\\/satino-patalynes-komplektas-karalisko-vilniaus-meiles-istorija-i-balta\\\/\",\"url\":\"https:\\\/\\\/slaptameile.lt\\\/preke\\\/satino-patalynes-komplektas-karalisko-vilniaus-meiles-istorija-i-balta\\\/\",\"name\":\"Satino patalyn\u0117s komplektas \\\"Karali\u0161ko Vilniaus meil\u0117s istorija\\\" I Balta - Slapta Meil\u0117\",\"isPartOf\":{\"@id\":\"https:\\\/\\\/slaptameile.lt\\\/#website\"},\"primaryImageOfPage\":{\"@id\":\"https:\\\/\\\/slaptameile.lt\\\/preke\\\/satino-patalynes-komplektas-karalisko-vilniaus-meiles-istorija-i-balta\\\/#primaryimage\"},\"image\":{\"@id\":\"https:\\\/\\\/slaptameile.lt\\\/preke\\\/satino-patalynes-komplektas-karalisko-vilniaus-meiles-istorija-i-balta\\\/#primaryimage\"},\"thumbnailUrl\":\"https:\\\/\\\/slaptameile.lt\\\/wp-content\\\/uploads\\\/2024\\\/08\\\/Patalyne-SM-White-01.jpg\",\"datePublished\":\"2024-08-14T12:15:35+00:00\",\"dateModified\":\"2026-04-08T11:24:38+00:00\",\"breadcrumb\":{\"@id\":\"https:\\\/\\\/slaptameile.lt\\\/preke\\\/satino-patalynes-komplektas-karalisko-vilniaus-meiles-istorija-i-balta\\\/#breadcrumb\"},\"inLanguage\":\"en-US\",\"potentialAction\":[{\"@type\":\"ReadAction\",\"target\":[\"https:\\\/\\\/slaptameile.lt\\\/preke\\\/satino-patalynes-komplektas-karalisko-vilniaus-meiles-istorija-i-balta\\\/\"]}]},{\"@type\":\"ImageObject\",\"inLanguage\":\"en-US\",\"@id\":\"https:\\\/\\\/slaptameile.lt\\\/preke\\\/satino-patalynes-komplektas-karalisko-vilniaus-meiles-istorija-i-balta\\\/#primaryimage\",\"url\":\"https:\\\/\\\/slaptameile.lt\\\/wp-content\\\/uploads\\\/2024\\\/08\\\/Patalyne-SM-White-01.jpg\",\"contentUrl\":\"https:\\\/\\\/slaptameile.lt\\\/wp-content\\\/uploads\\\/2024\\\/08\\\/Patalyne-SM-White-01.jpg\",\"width\":2251,\"height\":3000},{\"@type\":\"BreadcrumbList\",\"@id\":\"https:\\\/\\\/slaptameile.lt\\\/preke\\\/satino-patalynes-komplektas-karalisko-vilniaus-meiles-istorija-i-balta\\\/#breadcrumb\",\"itemListElement\":[{\"@type\":\"ListItem\",\"position\":1,\"name\":\"Home\",\"item\":\"https:\\\/\\\/slaptameile.lt\\\/\"},{\"@type\":\"ListItem\",\"position\":2,\"name\":\"Parduotuv\u0117\",\"item\":\"https:\\\/\\\/slaptameile.lt\\\/parduotuve\\\/\"},{\"@type\":\"ListItem\",\"position\":3,\"name\":\"Satino patalyn\u0117s komplektas &#8222;Karali\u0161ko Vilniaus meil\u0117s istorija&#8221; I Balta\"}]},{\"@type\":\"WebSite\",\"@id\":\"https:\\\/\\\/slaptameile.lt\\\/#website\",\"url\":\"https:\\\/\\\/slaptameile.lt\\\/\",\"name\":\"Slapta Meil\u0117\",\"description\":\"\",\"publisher\":{\"@id\":\"https:\\\/\\\/slaptameile.lt\\\/#organization\"},\"potentialAction\":[{\"@type\":\"SearchAction\",\"target\":{\"@type\":\"EntryPoint\",\"urlTemplate\":\"https:\\\/\\\/slaptameile.lt\\\/?s={search_term_string}\"},\"query-input\":{\"@type\":\"PropertyValueSpecification\",\"valueRequired\":true,\"valueName\":\"search_term_string\"}}],\"inLanguage\":\"en-US\"},{\"@type\":\"Organization\",\"@id\":\"https:\\\/\\\/slaptameile.lt\\\/#organization\",\"name\":\"Slapta Meil\u0117\",\"url\":\"https:\\\/\\\/slaptameile.lt\\\/\",\"logo\":{\"@type\":\"ImageObject\",\"inLanguage\":\"en-US\",\"@id\":\"https:\\\/\\\/slaptameile.lt\\\/#\\\/schema\\\/logo\\\/image\\\/\",\"url\":\"https:\\\/\\\/slaptameile.lt\\\/wp-content\\\/uploads\\\/2026\\\/04\\\/sm-logo.jpg\",\"contentUrl\":\"https:\\\/\\\/slaptameile.lt\\\/wp-content\\\/uploads\\\/2026\\\/04\\\/sm-logo.jpg\",\"width\":810,\"height\":380,\"caption\":\"Slapta Meil\u0117\"},\"image\":{\"@id\":\"https:\\\/\\\/slaptameile.lt\\\/#\\\/schema\\\/logo\\\/image\\\/\"},\"sameAs\":[\"https:\\\/\\\/www.facebook.com\\\/SlaptaMeileBarbora\",\"https:\\\/\\\/www.instagram.com\\\/slaptameile\",\"https:\\\/\\\/www.tiktok.com\\\/@slaptameile1\"]}]}<\/script>\n<!-- \/ Yoast SEO plugin. -->","yoast_head_json":{"title":"Satino patalyn\u0117s komplektas \"Karali\u0161ko Vilniaus meil\u0117s istorija\" I Balta - Slapta Meil\u0117","robots":{"index":"index","follow":"follow","max-snippet":"max-snippet:-1","max-image-preview":"max-image-preview:large","max-video-preview":"max-video-preview:-1"},"canonical":"https:\/\/slaptameile.lt\/en\/preke\/satino-patalynes-komplektas-karalisko-vilniaus-meiles-istorija-i-balta\/","og_locale":"en_US","og_type":"article","og_title":"Satino patalyn\u0117s komplektas \"Karali\u0161ko Vilniaus meil\u0117s istorija\" I Balta - Slapta Meil\u0117","og_description":"Karali\u0161ka meil\u0117s istorija tavo lovoje\u00a0\u2013 \u0161is\u00a0balto satino patalyn\u0117s komplektas\u00a0gim\u0117 i\u0161 Barboros Radvilait\u0117s ir \u017dygimanto Augusto meil\u0117s legendos.\u00a0Ranka pie\u0161tas Vilniaus \u017eem\u0117lapis\u00a0\u2013 nuo Katedros skliaut\u0173 iki Pilies gatv\u0117s aid\u0173 \u2013 subtiliai margina audin\u012f, kad net miegodamas(\u2013a) \u017einotum: miegi istorijoje.  Mink\u0161tas ir kokybi\u0161kas 100 % medviln\u0117s satinas\u00a0su OEKO\u2013TEX\u00ae sertifikatu. \u0160velnus prisilietimas, ilgaam\u017e\u0117 spalva, stilingas dizainas \u2013 kai nori dovanoti arba gyventi ne paprastai, o \u0161iek tiek karali\u0161kai.  Tinka kaip: Vestuvin\u0117 dovana \u012ekurtuvi\u0173 dovana Suvenyras i\u0161 Vilniaus Meil\u0117s lizdo akcentas Dovana sau, jei nori sapnuoti kaip karalien\u0117 (ar karalius)  Sud\u0117tis:\u00a0100 % medviln\u0117s satinas  Dyd\u017eiai: 140\u00d7200 cm + 1\u00d750\u00d770 cm 200\u00d7220 cm + 2\u00d750\u00d770 cm  Sukurta ir pagaminta Lietuvoje Grafik\u0105 pie\u0161\u0117 dizainer\u0117 Julija Janus Pakuot\u0117:\u00a0dovanin\u0117, kolekcin\u0117","og_url":"https:\/\/slaptameile.lt\/en\/preke\/satino-patalynes-komplektas-karalisko-vilniaus-meiles-istorija-i-balta\/","og_site_name":"Slapta Meil\u0117","article_publisher":"https:\/\/www.facebook.com\/SlaptaMeileBarbora","article_modified_time":"2026-04-08T11:24:38+00:00","og_image":[{"width":2251,"height":3000,"url":"https:\/\/slaptameile.lt\/wp-content\/uploads\/2024\/08\/Patalyne-SM-White-01.jpg","type":"image\/jpeg"}],"twitter_card":"summary_large_image","twitter_misc":{"Est. reading time":"1 minute"},"schema":{"@context":"https:\/\/schema.org","@graph":[{"@type":"WebPage","@id":"https:\/\/slaptameile.lt\/preke\/satino-patalynes-komplektas-karalisko-vilniaus-meiles-istorija-i-balta\/","url":"https:\/\/slaptameile.lt\/preke\/satino-patalynes-komplektas-karalisko-vilniaus-meiles-istorija-i-balta\/","name":"Satino patalyn\u0117s komplektas \"Karali\u0161ko Vilniaus meil\u0117s istorija\" I Balta - Slapta Meil\u0117","isPartOf":{"@id":"https:\/\/slaptameile.lt\/#website"},"primaryImageOfPage":{"@id":"https:\/\/slaptameile.lt\/preke\/satino-patalynes-komplektas-karalisko-vilniaus-meiles-istorija-i-balta\/#primaryimage"},"image":{"@id":"https:\/\/slaptameile.lt\/preke\/satino-patalynes-komplektas-karalisko-vilniaus-meiles-istorija-i-balta\/#primaryimage"},"thumbnailUrl":"https:\/\/slaptameile.lt\/wp-content\/uploads\/2024\/08\/Patalyne-SM-White-01.jpg","datePublished":"2024-08-14T12:15:35+00:00","dateModified":"2026-04-08T11:24:38+00:00","breadcrumb":{"@id":"https:\/\/slaptameile.lt\/preke\/satino-patalynes-komplektas-karalisko-vilniaus-meiles-istorija-i-balta\/#breadcrumb"},"inLanguage":"en-US","potentialAction":[{"@type":"ReadAction","target":["https:\/\/slaptameile.lt\/preke\/satino-patalynes-komplektas-karalisko-vilniaus-meiles-istorija-i-balta\/"]}]},{"@type":"ImageObject","inLanguage":"en-US","@id":"https:\/\/slaptameile.lt\/preke\/satino-patalynes-komplektas-karalisko-vilniaus-meiles-istorija-i-balta\/#primaryimage","url":"https:\/\/slaptameile.lt\/wp-content\/uploads\/2024\/08\/Patalyne-SM-White-01.jpg","contentUrl":"https:\/\/slaptameile.lt\/wp-content\/uploads\/2024\/08\/Patalyne-SM-White-01.jpg","width":2251,"height":3000},{"@type":"BreadcrumbList","@id":"https:\/\/slaptameile.lt\/preke\/satino-patalynes-komplektas-karalisko-vilniaus-meiles-istorija-i-balta\/#breadcrumb","itemListElement":[{"@type":"ListItem","position":1,"name":"Home","item":"https:\/\/slaptameile.lt\/"},{"@type":"ListItem","position":2,"name":"Parduotuv\u0117","item":"https:\/\/slaptameile.lt\/parduotuve\/"},{"@type":"ListItem","position":3,"name":"Satino patalyn\u0117s komplektas &#8222;Karali\u0161ko Vilniaus meil\u0117s istorija&#8221; I Balta"}]},{"@type":"WebSite","@id":"https:\/\/slaptameile.lt\/#website","url":"https:\/\/slaptameile.lt\/","name":"Secret Love","description":"","publisher":{"@id":"https:\/\/slaptameile.lt\/#organization"},"potentialAction":[{"@type":"SearchAction","target":{"@type":"EntryPoint","urlTemplate":"https:\/\/slaptameile.lt\/?s={search_term_string}"},"query-input":{"@type":"PropertyValueSpecification","valueRequired":true,"valueName":"search_term_string"}}],"inLanguage":"en-US"},{"@type":"Organization","@id":"https:\/\/slaptameile.lt\/#organization","name":"Secret Love","url":"https:\/\/slaptameile.lt\/","logo":{"@type":"ImageObject","inLanguage":"en-US","@id":"https:\/\/slaptameile.lt\/#\/schema\/logo\/image\/","url":"https:\/\/slaptameile.lt\/wp-content\/uploads\/2026\/04\/sm-logo.jpg","contentUrl":"https:\/\/slaptameile.lt\/wp-content\/uploads\/2026\/04\/sm-logo.jpg","width":810,"height":380,"caption":"Slapta Meil\u0117"},"image":{"@id":"https:\/\/slaptameile.lt\/#\/schema\/logo\/image\/"},"sameAs":["https:\/\/www.facebook.com\/SlaptaMeileBarbora","https:\/\/www.instagram.com\/slaptameile","https:\/\/www.tiktok.com\/@slaptameile1"]}]}},"_links":{"self":[{"href":"https:\/\/slaptameile.lt\/en\/wp-json\/wp\/v2\/product\/580","targetHints":{"allow":["GET"]}}],"collection":[{"href":"https:\/\/slaptameile.lt\/en\/wp-json\/wp\/v2\/product"}],"about":[{"href":"https:\/\/slaptameile.lt\/en\/wp-json\/wp\/v2\/types\/product"}],"replies":[{"embeddable":true,"href":"https:\/\/slaptameile.lt\/en\/wp-json\/wp\/v2\/comments?post=580"}],"wp:featuredmedia":[{"embeddable":true,"href":"https:\/\/slaptameile.lt\/en\/wp-json\/wp\/v2\/media\/2272"}],"wp:attachment":[{"href":"https:\/\/slaptameile.lt\/en\/wp-json\/wp\/v2\/media?parent=580"}],"wp:term":[{"taxonomy":"partner","embeddable":true,"href":"https:\/\/slaptameile.lt\/en\/wp-json\/wp\/v2\/partner?post=580"},{"taxonomy":"product_brand","embeddable":true,"href":"https:\/\/slaptameile.lt\/en\/wp-json\/wp\/v2\/product_brand?post=580"},{"taxonomy":"product_cat","embeddable":true,"href":"https:\/\/slaptameile.lt\/en\/wp-json\/wp\/v2\/product_cat?post=580"},{"taxonomy":"product_tag","embeddable":true,"href":"https:\/\/slaptameile.lt\/en\/wp-json\/wp\/v2\/product_tag?post=580"}],"curies":[{"name":"WP","href":"https:\/\/api.w.org\/{rel}","templated":true}]}}