{"id":544,"date":"2024-08-14T15:48:47","date_gmt":"2024-08-14T12:48:47","guid":{"rendered":"https:\/\/slaptameile.lt\/?post_type=product&#038;p=544"},"modified":"2026-04-08T14:22:07","modified_gmt":"2026-04-08T11:22:07","slug":"satino-pagalves-uzvalkalai-vilniaus-sirdis-2-vnt-balta","status":"publish","type":"product","link":"https:\/\/slaptameile.lt\/en\/preke\/satino-pagalves-uzvalkalai-vilniaus-sirdis-2-vnt-balta\/","title":{"rendered":"Satin pillowcases \u201eVilnius Heart\u201c | 2 pcs. | White"},"content":{"rendered":"<p>Ilgapluo\u0161t\u0117s medviln\u0117s satino pagalvi\u0173 u\u017evalkalai\u00a0i\u0161 SLAPTA MEIL\u0116 ir Decoflux kolekcijos \u2013 tiems, kurie nori miegoti ne tik mink\u0161tai, bet ir prasmingai. \u012ekv\u0117pti Barboros Radvilait\u0117s perl\u0173 ir \u017dygimanto Augusto meil\u0117s, \u0161ie\u00a0antracito spalvos pagalvi\u0173 u\u017evalkalai su siuvin\u0117ta \u0161irdimi\u00a0\u2013 Vilniaus romanti\u0161kos dvasios simbolis.<\/p>\n<p>Minimalisti\u0161kai eleganti\u0161ki, bet su turiniu \u2013\u00a0siuvin\u0117jimas primena Renesanso juvelyrik\u0105, o \u0161irdyje slepiasi&#8230; kar\u016bna. Nes net galva ant pagalv\u0117s nusipelno \u0161iek tiek istorijos.<\/p>\n<p>Pagaminta i\u0161:\u00a0100 % ilgapluo\u0161t\u0117s medviln\u0117s satino, TC300 audinio tankis<br \/>\nDydis:\u00a050\u00d770 cm<br \/>\nKomplekte:\u00a02 vnt. pagalvi\u0173 u\u017evalkal\u0173<br \/>\nU\u017esegimas:\u00a0rai\u0161teliai<br \/>\nSertifikatas:\u00a0OEKO\u2013TEX\u00ae \u2013 saugu net jautriausiai odai<br \/>\nPakuot\u0117:\u00a0dovanin\u0117 d\u0117\u017eut\u0117 SLAPTA MEIL\u0116<\/p>\n<p>Think like:<br \/>\ndovana moteriai<br \/>\ndovana vyrui<br \/>\nvestuvin\u0117 dovana<br \/>\n\u012fkurtuvi\u0173 dovana<br \/>\nValentino ar Kal\u0117d\u0173 dovana<br \/>\nlietuvi\u0161ka dovana i\u0161skirtiniam skoniui<\/p>","protected":false},"excerpt":{"rendered":"<p>Ilgapluo\u0161t\u0117s medviln\u0117s satino pagalvi\u0173 u\u017evalkalai\u00a0i\u0161 SLAPTA MEIL\u0116 ir Decoflux kolekcijos \u2013 tiems, kurie nori miegoti ne tik mink\u0161tai, bet ir prasmingai. \u012ekv\u0117pti Barboros Radvilait\u0117s perl\u0173 ir \u017dygimanto Augusto meil\u0117s, \u0161ie\u00a0antracito spalvos pagalvi\u0173 u\u017evalkalai su siuvin\u0117ta \u0161irdimi\u00a0\u2013 Vilniaus romanti\u0161kos dvasios simbolis.<\/p>\n<p>Minimalisti\u0161kai eleganti\u0161ki, bet su turiniu \u2013\u00a0siuvin\u0117jimas primena Renesanso juvelyrik\u0105, o \u0161irdyje slepiasi&#8230; kar\u016bna. Nes net galva ant pagalv\u0117s nusipelno \u0161iek tiek istorijos.<\/p>\n<p>Pagaminta i\u0161:\u00a0100 % ilgapluo\u0161t\u0117s medviln\u0117s satino, TC300 audinio tankis<br \/>\nDydis:\u00a050\u00d770 cm<br \/>\nKomplekte:\u00a02 vnt. pagalvi\u0173 u\u017evalkal\u0173<br \/>\nU\u017esegimas:\u00a0rai\u0161teliai<br \/>\nSertifikatas:\u00a0OEKO\u2013TEX\u00ae \u2013 saugu net jautriausiai odai<br \/>\nPakuot\u0117:\u00a0dovanin\u0117 d\u0117\u017eut\u0117 SLAPTA MEIL\u0116<\/p>\n<p>Think like:<br \/>\ndovana moteriai<br \/>\ndovana vyrui<br \/>\nvestuvin\u0117 dovana<br \/>\n\u012fkurtuvi\u0173 dovana<br \/>\nValentino ar Kal\u0117d\u0173 dovana<br \/>\nlietuvi\u0161ka dovana i\u0161skirtiniam skoniui<\/p>","protected":false},"featured_media":545,"comment_status":"open","ping_status":"closed","template":"","meta":{"_acf_changed":false},"partner":[52],"product_brand":[],"product_cat":[18,27],"product_tag":[],"class_list":{"0":"post-544","1":"product","2":"type-product","3":"status-publish","4":"has-post-thumbnail","6":"partner-decoflux","7":"product_cat-karaliskoji-kolekcija","8":"product_cat-namu-didybei","10":"first","11":"instock","12":"taxable","13":"shipping-taxable","14":"purchasable","15":"product-type-simple"},"acf":[],"yoast_head":"<!-- This site is optimized with the Yoast SEO plugin v27.5 - https:\/\/yoast.com\/product\/yoast-seo-wordpress\/ -->\n<title>Satino pagalv\u0117s u\u017evalkalai \u201eVilniaus \u0161irdis\u201c | 2 vnt. | Balta - Slapta Meil\u0117<\/title>\n<meta name=\"robots\" content=\"index, follow, max-snippet:-1, max-image-preview:large, max-video-preview:-1\" \/>\n<link rel=\"canonical\" href=\"https:\/\/slaptameile.lt\/en\/preke\/satino-pagalves-uzvalkalai-vilniaus-sirdis-2-vnt-balta\/\" \/>\n<meta property=\"og:locale\" content=\"en_US\" \/>\n<meta property=\"og:type\" content=\"article\" \/>\n<meta property=\"og:title\" content=\"Satino pagalv\u0117s u\u017evalkalai \u201eVilniaus \u0161irdis\u201c | 2 vnt. | Balta - Slapta Meil\u0117\" \/>\n<meta property=\"og:description\" content=\"Ilgapluo\u0161t\u0117s medviln\u0117s satino pagalvi\u0173 u\u017evalkalai\u00a0i\u0161 SLAPTA MEIL\u0116 ir Decoflux kolekcijos \u2013 tiems, kurie nori miegoti ne tik mink\u0161tai, bet ir prasmingai. \u012ekv\u0117pti Barboros Radvilait\u0117s perl\u0173 ir \u017dygimanto Augusto meil\u0117s, \u0161ie\u00a0antracito spalvos pagalvi\u0173 u\u017evalkalai su siuvin\u0117ta \u0161irdimi\u00a0\u2013 Vilniaus romanti\u0161kos dvasios simbolis.  Minimalisti\u0161kai eleganti\u0161ki, bet su turiniu \u2013\u00a0siuvin\u0117jimas primena Renesanso juvelyrik\u0105, o \u0161irdyje slepiasi... kar\u016bna. Nes net galva ant pagalv\u0117s nusipelno \u0161iek tiek istorijos.  Pagaminta i\u0161:\u00a0100 % ilgapluo\u0161t\u0117s medviln\u0117s satino, TC300 audinio tankis Dydis:\u00a050\u00d770 cm Komplekte:\u00a02 vnt. pagalvi\u0173 u\u017evalkal\u0173 U\u017esegimas:\u00a0rai\u0161teliai Sertifikatas:\u00a0OEKO\u2013TEX\u00ae \u2013 saugu net jautriausiai odai Pakuot\u0117:\u00a0dovanin\u0117 d\u0117\u017eut\u0117 SLAPTA MEIL\u0116  Tinka kaip: dovana moteriai dovana vyrui vestuvin\u0117 dovana \u012fkurtuvi\u0173 dovana Valentino ar Kal\u0117d\u0173 dovana lietuvi\u0161ka dovana i\u0161skirtiniam skoniui\" \/>\n<meta property=\"og:url\" content=\"https:\/\/slaptameile.lt\/en\/preke\/satino-pagalves-uzvalkalai-vilniaus-sirdis-2-vnt-balta\/\" \/>\n<meta property=\"og:site_name\" content=\"Slapta Meil\u0117\" \/>\n<meta property=\"article:publisher\" content=\"https:\/\/www.facebook.com\/SlaptaMeileBarbora\" \/>\n<meta property=\"article:modified_time\" content=\"2026-04-08T11:22:07+00:00\" \/>\n<meta property=\"og:image\" content=\"https:\/\/slaptameile.lt\/wp-content\/uploads\/2025\/10\/decoflux-satino-patalynes-komplektas-su-siuvinejimu-vilniaus-sirdis-optical-white4-2-1.webp\" \/>\n\t<meta property=\"og:image:width\" content=\"976\" \/>\n\t<meta property=\"og:image:height\" content=\"1140\" \/>\n\t<meta property=\"og:image:type\" content=\"image\/webp\" \/>\n<meta name=\"twitter:card\" content=\"summary_large_image\" \/>\n<meta name=\"twitter:label1\" content=\"Est. reading time\" \/>\n\t<meta name=\"twitter:data1\" content=\"1 minute\" \/>\n<script type=\"application\/ld+json\" class=\"yoast-schema-graph\">{\"@context\":\"https:\\\/\\\/schema.org\",\"@graph\":[{\"@type\":\"WebPage\",\"@id\":\"https:\\\/\\\/slaptameile.lt\\\/preke\\\/satino-pagalves-uzvalkalai-vilniaus-sirdis-2-vnt-balta\\\/\",\"url\":\"https:\\\/\\\/slaptameile.lt\\\/preke\\\/satino-pagalves-uzvalkalai-vilniaus-sirdis-2-vnt-balta\\\/\",\"name\":\"Satino pagalv\u0117s u\u017evalkalai \u201eVilniaus \u0161irdis\u201c | 2 vnt. | Balta - Slapta Meil\u0117\",\"isPartOf\":{\"@id\":\"https:\\\/\\\/slaptameile.lt\\\/#website\"},\"primaryImageOfPage\":{\"@id\":\"https:\\\/\\\/slaptameile.lt\\\/preke\\\/satino-pagalves-uzvalkalai-vilniaus-sirdis-2-vnt-balta\\\/#primaryimage\"},\"image\":{\"@id\":\"https:\\\/\\\/slaptameile.lt\\\/preke\\\/satino-pagalves-uzvalkalai-vilniaus-sirdis-2-vnt-balta\\\/#primaryimage\"},\"thumbnailUrl\":\"https:\\\/\\\/slaptameile.lt\\\/wp-content\\\/uploads\\\/2025\\\/10\\\/decoflux-satino-patalynes-komplektas-su-siuvinejimu-vilniaus-sirdis-optical-white4-2-1.webp\",\"datePublished\":\"2024-08-14T12:48:47+00:00\",\"dateModified\":\"2026-04-08T11:22:07+00:00\",\"breadcrumb\":{\"@id\":\"https:\\\/\\\/slaptameile.lt\\\/preke\\\/satino-pagalves-uzvalkalai-vilniaus-sirdis-2-vnt-balta\\\/#breadcrumb\"},\"inLanguage\":\"en-US\",\"potentialAction\":[{\"@type\":\"ReadAction\",\"target\":[\"https:\\\/\\\/slaptameile.lt\\\/preke\\\/satino-pagalves-uzvalkalai-vilniaus-sirdis-2-vnt-balta\\\/\"]}]},{\"@type\":\"ImageObject\",\"inLanguage\":\"en-US\",\"@id\":\"https:\\\/\\\/slaptameile.lt\\\/preke\\\/satino-pagalves-uzvalkalai-vilniaus-sirdis-2-vnt-balta\\\/#primaryimage\",\"url\":\"https:\\\/\\\/slaptameile.lt\\\/wp-content\\\/uploads\\\/2025\\\/10\\\/decoflux-satino-patalynes-komplektas-su-siuvinejimu-vilniaus-sirdis-optical-white4-2-1.webp\",\"contentUrl\":\"https:\\\/\\\/slaptameile.lt\\\/wp-content\\\/uploads\\\/2025\\\/10\\\/decoflux-satino-patalynes-komplektas-su-siuvinejimu-vilniaus-sirdis-optical-white4-2-1.webp\",\"width\":976,\"height\":1140},{\"@type\":\"BreadcrumbList\",\"@id\":\"https:\\\/\\\/slaptameile.lt\\\/preke\\\/satino-pagalves-uzvalkalai-vilniaus-sirdis-2-vnt-balta\\\/#breadcrumb\",\"itemListElement\":[{\"@type\":\"ListItem\",\"position\":1,\"name\":\"Home\",\"item\":\"https:\\\/\\\/slaptameile.lt\\\/\"},{\"@type\":\"ListItem\",\"position\":2,\"name\":\"Parduotuv\u0117\",\"item\":\"https:\\\/\\\/slaptameile.lt\\\/parduotuve\\\/\"},{\"@type\":\"ListItem\",\"position\":3,\"name\":\"Satino pagalv\u0117s u\u017evalkalai \u201eVilniaus \u0161irdis\u201c | 2 vnt. | Balta\"}]},{\"@type\":\"WebSite\",\"@id\":\"https:\\\/\\\/slaptameile.lt\\\/#website\",\"url\":\"https:\\\/\\\/slaptameile.lt\\\/\",\"name\":\"Slapta Meil\u0117\",\"description\":\"\",\"publisher\":{\"@id\":\"https:\\\/\\\/slaptameile.lt\\\/#organization\"},\"potentialAction\":[{\"@type\":\"SearchAction\",\"target\":{\"@type\":\"EntryPoint\",\"urlTemplate\":\"https:\\\/\\\/slaptameile.lt\\\/?s={search_term_string}\"},\"query-input\":{\"@type\":\"PropertyValueSpecification\",\"valueRequired\":true,\"valueName\":\"search_term_string\"}}],\"inLanguage\":\"en-US\"},{\"@type\":\"Organization\",\"@id\":\"https:\\\/\\\/slaptameile.lt\\\/#organization\",\"name\":\"Slapta Meil\u0117\",\"url\":\"https:\\\/\\\/slaptameile.lt\\\/\",\"logo\":{\"@type\":\"ImageObject\",\"inLanguage\":\"en-US\",\"@id\":\"https:\\\/\\\/slaptameile.lt\\\/#\\\/schema\\\/logo\\\/image\\\/\",\"url\":\"https:\\\/\\\/slaptameile.lt\\\/wp-content\\\/uploads\\\/2026\\\/04\\\/sm-logo.jpg\",\"contentUrl\":\"https:\\\/\\\/slaptameile.lt\\\/wp-content\\\/uploads\\\/2026\\\/04\\\/sm-logo.jpg\",\"width\":810,\"height\":380,\"caption\":\"Slapta Meil\u0117\"},\"image\":{\"@id\":\"https:\\\/\\\/slaptameile.lt\\\/#\\\/schema\\\/logo\\\/image\\\/\"},\"sameAs\":[\"https:\\\/\\\/www.facebook.com\\\/SlaptaMeileBarbora\",\"https:\\\/\\\/www.instagram.com\\\/slaptameile\",\"https:\\\/\\\/www.tiktok.com\\\/@slaptameile1\"]}]}<\/script>\n<!-- \/ Yoast SEO plugin. -->","yoast_head_json":{"title":"Satino pagalv\u0117s u\u017evalkalai \u201eVilniaus \u0161irdis\u201c | 2 vnt. | Balta - Slapta Meil\u0117","robots":{"index":"index","follow":"follow","max-snippet":"max-snippet:-1","max-image-preview":"max-image-preview:large","max-video-preview":"max-video-preview:-1"},"canonical":"https:\/\/slaptameile.lt\/en\/preke\/satino-pagalves-uzvalkalai-vilniaus-sirdis-2-vnt-balta\/","og_locale":"en_US","og_type":"article","og_title":"Satino pagalv\u0117s u\u017evalkalai \u201eVilniaus \u0161irdis\u201c | 2 vnt. | Balta - Slapta Meil\u0117","og_description":"Ilgapluo\u0161t\u0117s medviln\u0117s satino pagalvi\u0173 u\u017evalkalai\u00a0i\u0161 SLAPTA MEIL\u0116 ir Decoflux kolekcijos \u2013 tiems, kurie nori miegoti ne tik mink\u0161tai, bet ir prasmingai. \u012ekv\u0117pti Barboros Radvilait\u0117s perl\u0173 ir \u017dygimanto Augusto meil\u0117s, \u0161ie\u00a0antracito spalvos pagalvi\u0173 u\u017evalkalai su siuvin\u0117ta \u0161irdimi\u00a0\u2013 Vilniaus romanti\u0161kos dvasios simbolis.  Minimalisti\u0161kai eleganti\u0161ki, bet su turiniu \u2013\u00a0siuvin\u0117jimas primena Renesanso juvelyrik\u0105, o \u0161irdyje slepiasi... kar\u016bna. Nes net galva ant pagalv\u0117s nusipelno \u0161iek tiek istorijos.  Pagaminta i\u0161:\u00a0100 % ilgapluo\u0161t\u0117s medviln\u0117s satino, TC300 audinio tankis Dydis:\u00a050\u00d770 cm Komplekte:\u00a02 vnt. pagalvi\u0173 u\u017evalkal\u0173 U\u017esegimas:\u00a0rai\u0161teliai Sertifikatas:\u00a0OEKO\u2013TEX\u00ae \u2013 saugu net jautriausiai odai Pakuot\u0117:\u00a0dovanin\u0117 d\u0117\u017eut\u0117 SLAPTA MEIL\u0116  Tinka kaip: dovana moteriai dovana vyrui vestuvin\u0117 dovana \u012fkurtuvi\u0173 dovana Valentino ar Kal\u0117d\u0173 dovana lietuvi\u0161ka dovana i\u0161skirtiniam skoniui","og_url":"https:\/\/slaptameile.lt\/en\/preke\/satino-pagalves-uzvalkalai-vilniaus-sirdis-2-vnt-balta\/","og_site_name":"Slapta Meil\u0117","article_publisher":"https:\/\/www.facebook.com\/SlaptaMeileBarbora","article_modified_time":"2026-04-08T11:22:07+00:00","og_image":[{"width":976,"height":1140,"url":"https:\/\/slaptameile.lt\/wp-content\/uploads\/2025\/10\/decoflux-satino-patalynes-komplektas-su-siuvinejimu-vilniaus-sirdis-optical-white4-2-1.webp","type":"image\/webp"}],"twitter_card":"summary_large_image","twitter_misc":{"Est. reading time":"1 minute"},"schema":{"@context":"https:\/\/schema.org","@graph":[{"@type":"WebPage","@id":"https:\/\/slaptameile.lt\/preke\/satino-pagalves-uzvalkalai-vilniaus-sirdis-2-vnt-balta\/","url":"https:\/\/slaptameile.lt\/preke\/satino-pagalves-uzvalkalai-vilniaus-sirdis-2-vnt-balta\/","name":"Satino pagalv\u0117s u\u017evalkalai \u201eVilniaus \u0161irdis\u201c | 2 vnt. | Balta - Slapta Meil\u0117","isPartOf":{"@id":"https:\/\/slaptameile.lt\/#website"},"primaryImageOfPage":{"@id":"https:\/\/slaptameile.lt\/preke\/satino-pagalves-uzvalkalai-vilniaus-sirdis-2-vnt-balta\/#primaryimage"},"image":{"@id":"https:\/\/slaptameile.lt\/preke\/satino-pagalves-uzvalkalai-vilniaus-sirdis-2-vnt-balta\/#primaryimage"},"thumbnailUrl":"https:\/\/slaptameile.lt\/wp-content\/uploads\/2025\/10\/decoflux-satino-patalynes-komplektas-su-siuvinejimu-vilniaus-sirdis-optical-white4-2-1.webp","datePublished":"2024-08-14T12:48:47+00:00","dateModified":"2026-04-08T11:22:07+00:00","breadcrumb":{"@id":"https:\/\/slaptameile.lt\/preke\/satino-pagalves-uzvalkalai-vilniaus-sirdis-2-vnt-balta\/#breadcrumb"},"inLanguage":"en-US","potentialAction":[{"@type":"ReadAction","target":["https:\/\/slaptameile.lt\/preke\/satino-pagalves-uzvalkalai-vilniaus-sirdis-2-vnt-balta\/"]}]},{"@type":"ImageObject","inLanguage":"en-US","@id":"https:\/\/slaptameile.lt\/preke\/satino-pagalves-uzvalkalai-vilniaus-sirdis-2-vnt-balta\/#primaryimage","url":"https:\/\/slaptameile.lt\/wp-content\/uploads\/2025\/10\/decoflux-satino-patalynes-komplektas-su-siuvinejimu-vilniaus-sirdis-optical-white4-2-1.webp","contentUrl":"https:\/\/slaptameile.lt\/wp-content\/uploads\/2025\/10\/decoflux-satino-patalynes-komplektas-su-siuvinejimu-vilniaus-sirdis-optical-white4-2-1.webp","width":976,"height":1140},{"@type":"BreadcrumbList","@id":"https:\/\/slaptameile.lt\/preke\/satino-pagalves-uzvalkalai-vilniaus-sirdis-2-vnt-balta\/#breadcrumb","itemListElement":[{"@type":"ListItem","position":1,"name":"Home","item":"https:\/\/slaptameile.lt\/"},{"@type":"ListItem","position":2,"name":"Parduotuv\u0117","item":"https:\/\/slaptameile.lt\/parduotuve\/"},{"@type":"ListItem","position":3,"name":"Satino pagalv\u0117s u\u017evalkalai \u201eVilniaus \u0161irdis\u201c | 2 vnt. | Balta"}]},{"@type":"WebSite","@id":"https:\/\/slaptameile.lt\/#website","url":"https:\/\/slaptameile.lt\/","name":"Secret Love","description":"","publisher":{"@id":"https:\/\/slaptameile.lt\/#organization"},"potentialAction":[{"@type":"SearchAction","target":{"@type":"EntryPoint","urlTemplate":"https:\/\/slaptameile.lt\/?s={search_term_string}"},"query-input":{"@type":"PropertyValueSpecification","valueRequired":true,"valueName":"search_term_string"}}],"inLanguage":"en-US"},{"@type":"Organization","@id":"https:\/\/slaptameile.lt\/#organization","name":"Secret Love","url":"https:\/\/slaptameile.lt\/","logo":{"@type":"ImageObject","inLanguage":"en-US","@id":"https:\/\/slaptameile.lt\/#\/schema\/logo\/image\/","url":"https:\/\/slaptameile.lt\/wp-content\/uploads\/2026\/04\/sm-logo.jpg","contentUrl":"https:\/\/slaptameile.lt\/wp-content\/uploads\/2026\/04\/sm-logo.jpg","width":810,"height":380,"caption":"Slapta Meil\u0117"},"image":{"@id":"https:\/\/slaptameile.lt\/#\/schema\/logo\/image\/"},"sameAs":["https:\/\/www.facebook.com\/SlaptaMeileBarbora","https:\/\/www.instagram.com\/slaptameile","https:\/\/www.tiktok.com\/@slaptameile1"]}]}},"_links":{"self":[{"href":"https:\/\/slaptameile.lt\/en\/wp-json\/wp\/v2\/product\/544","targetHints":{"allow":["GET"]}}],"collection":[{"href":"https:\/\/slaptameile.lt\/en\/wp-json\/wp\/v2\/product"}],"about":[{"href":"https:\/\/slaptameile.lt\/en\/wp-json\/wp\/v2\/types\/product"}],"replies":[{"embeddable":true,"href":"https:\/\/slaptameile.lt\/en\/wp-json\/wp\/v2\/comments?post=544"}],"wp:featuredmedia":[{"embeddable":true,"href":"https:\/\/slaptameile.lt\/en\/wp-json\/wp\/v2\/media\/545"}],"wp:attachment":[{"href":"https:\/\/slaptameile.lt\/en\/wp-json\/wp\/v2\/media?parent=544"}],"wp:term":[{"taxonomy":"partner","embeddable":true,"href":"https:\/\/slaptameile.lt\/en\/wp-json\/wp\/v2\/partner?post=544"},{"taxonomy":"product_brand","embeddable":true,"href":"https:\/\/slaptameile.lt\/en\/wp-json\/wp\/v2\/product_brand?post=544"},{"taxonomy":"product_cat","embeddable":true,"href":"https:\/\/slaptameile.lt\/en\/wp-json\/wp\/v2\/product_cat?post=544"},{"taxonomy":"product_tag","embeddable":true,"href":"https:\/\/slaptameile.lt\/en\/wp-json\/wp\/v2\/product_tag?post=544"}],"curies":[{"name":"wp","href":"https:\/\/api.w.org\/{rel}","templated":true}]}}