{"id":524,"date":"2024-08-14T15:55:57","date_gmt":"2024-08-14T12:55:57","guid":{"rendered":"https:\/\/slaptameile.lt\/?post_type=product&#038;p=524"},"modified":"2026-04-08T14:20:22","modified_gmt":"2026-04-08T11:20:22","slug":"lininiai-pagalves-uzvalkalai-slapta-meile-2-vnt-antracitas","status":"publish","type":"product","link":"https:\/\/slaptameile.lt\/en\/preke\/lininiai-pagalves-uzvalkalai-slapta-meile-2-vnt-antracitas\/","title":{"rendered":"Linen pillowcases \u201eSecret Love\u201d | 2 pcs. | Anthracite"},"content":{"rendered":"<p>SLAPTA LOVE and DECOFLUX joint collection.<\/p>\n<p>Barbara was very fond of pearls, while Sigismund Augustus liked black. Therefore, the main colours of this collection are grey pearl and graphite. The soft linen fabric is punctuated and tensioned by sewn-in bands. They symbolise power. What is so appealing and at the same time discouraging is the dilemma of love and power.  The linen bedding set includes duvets and pillowcases. The set is tied with satin ties and is made of 100% softened linen with satin decorated stripes.<\/p>\n<p><span class=\"wd-attr-name\"><span class=\"wd-attr-name-label\"><strong>Materiality:<\/strong> 100% flax<\/span><\/span><\/p>\n<p><span class=\"wd-attr-name\"><span class=\"wd-attr-name-label\"><strong>Size:<\/strong> 50 x 70 cm.<\/span><\/span><\/p>\n<p>Includes 2 pcs.<\/p>","protected":false},"excerpt":{"rendered":"<p>SLAPTA LOVE and DECOFLUX joint collection.<\/p>\n<p>Barbora labai m\u0117go perlus, o \u017dygimantas Augustas juod\u0105 spalv\u0105. Tod\u0117l \u0161ios kolekcijos pagrindin\u0117s spalvos \u2013 pilkojo perlo ir grafito. Mink\u0161tinto lino audin\u012f perkerta, \u012ftempia prisi\u016btos juostos. Jos simbolizuoja vald\u017ei\u0105. Tai kas taip traukia ir kartu var\u017eo- meil\u0117s ir galios dilem\u0105. \u00a0Linin\u0117s patalyn\u0117s komplekt\u0105 sudaro anklod\u0117s ir pagalvi\u0173 u\u017evalkalai. Komplektas u\u017eri\u0161amas satininiais rai\u0161teliais, komplektas pagamintas i\u0161 100% mink\u0161tinto lino su satino dekoruotomis juostel\u0117mis. Supakuota specialioje SLAPTA MEIL\u0116 dovanin\u0117je pakuot\u0117je.<\/p>\n<p><span class=\"wd-attr-name\"><span class=\"wd-attr-name-label\"><strong>Materiality:<\/strong> 100% flax<\/span><\/span><\/p>\n<p><span class=\"wd-attr-name\"><span class=\"wd-attr-name-label\"><strong>Size:<\/strong> 50 x 70 cm.<\/span><\/span><\/p>\n<p>Includes 2 pcs.<\/p>","protected":false},"featured_media":525,"comment_status":"open","ping_status":"closed","template":"","meta":{"_acf_changed":false},"partner":[52],"product_brand":[],"product_cat":[18,27],"product_tag":[],"class_list":{"0":"post-524","1":"product","2":"type-product","3":"status-publish","4":"has-post-thumbnail","6":"partner-decoflux","7":"product_cat-karaliskoji-kolekcija","8":"product_cat-namu-didybei","10":"first","11":"instock","12":"taxable","13":"shipping-taxable","14":"purchasable","15":"product-type-simple"},"acf":[],"yoast_head":"<!-- This site is optimized with the Yoast SEO plugin v27.5 - https:\/\/yoast.com\/product\/yoast-seo-wordpress\/ -->\n<title>Lininiai pagalv\u0117s u\u017evalkalai &quot;Slapta Meil\u0117&quot; | 2 vnt. | Antracitas - Slapta Meil\u0117<\/title>\n<meta name=\"robots\" content=\"index, follow, max-snippet:-1, max-image-preview:large, max-video-preview:-1\" \/>\n<link rel=\"canonical\" href=\"https:\/\/slaptameile.lt\/en\/preke\/lininiai-pagalves-uzvalkalai-slapta-meile-2-vnt-antracitas\/\" \/>\n<meta property=\"og:locale\" content=\"en_US\" \/>\n<meta property=\"og:type\" content=\"article\" \/>\n<meta property=\"og:title\" content=\"Lininiai pagalv\u0117s u\u017evalkalai &quot;Slapta Meil\u0117&quot; | 2 vnt. | Antracitas - Slapta Meil\u0117\" \/>\n<meta property=\"og:description\" content=\"SLAPTA MEIL\u0116 ir DECOFLUX bendra kolekcija.  Barbora labai m\u0117go perlus, o \u017dygimantas Augustas juod\u0105 spalv\u0105. Tod\u0117l \u0161ios kolekcijos pagrindin\u0117s spalvos \u2013 pilkojo perlo ir grafito. Mink\u0161tinto lino audin\u012f perkerta, \u012ftempia prisi\u016btos juostos. Jos simbolizuoja vald\u017ei\u0105. Tai kas taip traukia ir kartu var\u017eo- meil\u0117s ir galios dilem\u0105. \u00a0Linin\u0117s patalyn\u0117s komplekt\u0105 sudaro anklod\u0117s ir pagalvi\u0173 u\u017evalkalai. Komplektas u\u017eri\u0161amas satininiais rai\u0161teliais, komplektas pagamintas i\u0161 100% mink\u0161tinto lino su satino dekoruotomis juostel\u0117mis. Supakuota specialioje SLAPTA MEIL\u0116 dovanin\u0117je pakuot\u0117je.  Med\u017eiagi\u0161kumas: 100% linas  Dydis: 50 x 70 cm.  Komplekte 2 vnt.\" \/>\n<meta property=\"og:url\" content=\"https:\/\/slaptameile.lt\/en\/preke\/lininiai-pagalves-uzvalkalai-slapta-meile-2-vnt-antracitas\/\" \/>\n<meta property=\"og:site_name\" content=\"Slapta Meil\u0117\" \/>\n<meta property=\"article:publisher\" content=\"https:\/\/www.facebook.com\/SlaptaMeileBarbora\" \/>\n<meta property=\"article:modified_time\" content=\"2026-04-08T11:20:22+00:00\" \/>\n<meta property=\"og:image\" content=\"https:\/\/slaptameile.lt\/wp-content\/uploads\/2025\/10\/pagalves-uzvalkalas-slapta-meile-2-1.jpg\" \/>\n\t<meta property=\"og:image:width\" content=\"976\" \/>\n\t<meta property=\"og:image:height\" content=\"1140\" \/>\n\t<meta property=\"og:image:type\" content=\"image\/jpeg\" \/>\n<meta name=\"twitter:card\" content=\"summary_large_image\" \/>\n<script type=\"application\/ld+json\" class=\"yoast-schema-graph\">{\"@context\":\"https:\\\/\\\/schema.org\",\"@graph\":[{\"@type\":\"WebPage\",\"@id\":\"https:\\\/\\\/slaptameile.lt\\\/preke\\\/lininiai-pagalves-uzvalkalai-slapta-meile-2-vnt-antracitas\\\/\",\"url\":\"https:\\\/\\\/slaptameile.lt\\\/preke\\\/lininiai-pagalves-uzvalkalai-slapta-meile-2-vnt-antracitas\\\/\",\"name\":\"Lininiai pagalv\u0117s u\u017evalkalai \\\"Slapta Meil\u0117\\\" | 2 vnt. | Antracitas - Slapta Meil\u0117\",\"isPartOf\":{\"@id\":\"https:\\\/\\\/slaptameile.lt\\\/#website\"},\"primaryImageOfPage\":{\"@id\":\"https:\\\/\\\/slaptameile.lt\\\/preke\\\/lininiai-pagalves-uzvalkalai-slapta-meile-2-vnt-antracitas\\\/#primaryimage\"},\"image\":{\"@id\":\"https:\\\/\\\/slaptameile.lt\\\/preke\\\/lininiai-pagalves-uzvalkalai-slapta-meile-2-vnt-antracitas\\\/#primaryimage\"},\"thumbnailUrl\":\"https:\\\/\\\/slaptameile.lt\\\/wp-content\\\/uploads\\\/2025\\\/10\\\/pagalves-uzvalkalas-slapta-meile-2-1.jpg\",\"datePublished\":\"2024-08-14T12:55:57+00:00\",\"dateModified\":\"2026-04-08T11:20:22+00:00\",\"breadcrumb\":{\"@id\":\"https:\\\/\\\/slaptameile.lt\\\/preke\\\/lininiai-pagalves-uzvalkalai-slapta-meile-2-vnt-antracitas\\\/#breadcrumb\"},\"inLanguage\":\"en-US\",\"potentialAction\":[{\"@type\":\"ReadAction\",\"target\":[\"https:\\\/\\\/slaptameile.lt\\\/preke\\\/lininiai-pagalves-uzvalkalai-slapta-meile-2-vnt-antracitas\\\/\"]}]},{\"@type\":\"ImageObject\",\"inLanguage\":\"en-US\",\"@id\":\"https:\\\/\\\/slaptameile.lt\\\/preke\\\/lininiai-pagalves-uzvalkalai-slapta-meile-2-vnt-antracitas\\\/#primaryimage\",\"url\":\"https:\\\/\\\/slaptameile.lt\\\/wp-content\\\/uploads\\\/2025\\\/10\\\/pagalves-uzvalkalas-slapta-meile-2-1.jpg\",\"contentUrl\":\"https:\\\/\\\/slaptameile.lt\\\/wp-content\\\/uploads\\\/2025\\\/10\\\/pagalves-uzvalkalas-slapta-meile-2-1.jpg\",\"width\":976,\"height\":1140},{\"@type\":\"BreadcrumbList\",\"@id\":\"https:\\\/\\\/slaptameile.lt\\\/preke\\\/lininiai-pagalves-uzvalkalai-slapta-meile-2-vnt-antracitas\\\/#breadcrumb\",\"itemListElement\":[{\"@type\":\"ListItem\",\"position\":1,\"name\":\"Home\",\"item\":\"https:\\\/\\\/slaptameile.lt\\\/\"},{\"@type\":\"ListItem\",\"position\":2,\"name\":\"Parduotuv\u0117\",\"item\":\"https:\\\/\\\/slaptameile.lt\\\/parduotuve\\\/\"},{\"@type\":\"ListItem\",\"position\":3,\"name\":\"Lininiai pagalv\u0117s u\u017evalkalai &#8222;Slapta Meil\u0117&#8221; | 2 vnt. | Antracitas\"}]},{\"@type\":\"WebSite\",\"@id\":\"https:\\\/\\\/slaptameile.lt\\\/#website\",\"url\":\"https:\\\/\\\/slaptameile.lt\\\/\",\"name\":\"Slapta Meil\u0117\",\"description\":\"\",\"publisher\":{\"@id\":\"https:\\\/\\\/slaptameile.lt\\\/#organization\"},\"potentialAction\":[{\"@type\":\"SearchAction\",\"target\":{\"@type\":\"EntryPoint\",\"urlTemplate\":\"https:\\\/\\\/slaptameile.lt\\\/?s={search_term_string}\"},\"query-input\":{\"@type\":\"PropertyValueSpecification\",\"valueRequired\":true,\"valueName\":\"search_term_string\"}}],\"inLanguage\":\"en-US\"},{\"@type\":\"Organization\",\"@id\":\"https:\\\/\\\/slaptameile.lt\\\/#organization\",\"name\":\"Slapta Meil\u0117\",\"url\":\"https:\\\/\\\/slaptameile.lt\\\/\",\"logo\":{\"@type\":\"ImageObject\",\"inLanguage\":\"en-US\",\"@id\":\"https:\\\/\\\/slaptameile.lt\\\/#\\\/schema\\\/logo\\\/image\\\/\",\"url\":\"https:\\\/\\\/slaptameile.lt\\\/wp-content\\\/uploads\\\/2026\\\/04\\\/sm-logo.jpg\",\"contentUrl\":\"https:\\\/\\\/slaptameile.lt\\\/wp-content\\\/uploads\\\/2026\\\/04\\\/sm-logo.jpg\",\"width\":810,\"height\":380,\"caption\":\"Slapta Meil\u0117\"},\"image\":{\"@id\":\"https:\\\/\\\/slaptameile.lt\\\/#\\\/schema\\\/logo\\\/image\\\/\"},\"sameAs\":[\"https:\\\/\\\/www.facebook.com\\\/SlaptaMeileBarbora\",\"https:\\\/\\\/www.instagram.com\\\/slaptameile\",\"https:\\\/\\\/www.tiktok.com\\\/@slaptameile1\"]}]}<\/script>\n<!-- \/ Yoast SEO plugin. -->","yoast_head_json":{"title":"Lininiai pagalv\u0117s u\u017evalkalai \"Slapta Meil\u0117\" | 2 vnt. | Antracitas - Slapta Meil\u0117","robots":{"index":"index","follow":"follow","max-snippet":"max-snippet:-1","max-image-preview":"max-image-preview:large","max-video-preview":"max-video-preview:-1"},"canonical":"https:\/\/slaptameile.lt\/en\/preke\/lininiai-pagalves-uzvalkalai-slapta-meile-2-vnt-antracitas\/","og_locale":"en_US","og_type":"article","og_title":"Lininiai pagalv\u0117s u\u017evalkalai \"Slapta Meil\u0117\" | 2 vnt. | Antracitas - Slapta Meil\u0117","og_description":"SLAPTA MEIL\u0116 ir DECOFLUX bendra kolekcija.  Barbora labai m\u0117go perlus, o \u017dygimantas Augustas juod\u0105 spalv\u0105. Tod\u0117l \u0161ios kolekcijos pagrindin\u0117s spalvos \u2013 pilkojo perlo ir grafito. Mink\u0161tinto lino audin\u012f perkerta, \u012ftempia prisi\u016btos juostos. Jos simbolizuoja vald\u017ei\u0105. Tai kas taip traukia ir kartu var\u017eo- meil\u0117s ir galios dilem\u0105. \u00a0Linin\u0117s patalyn\u0117s komplekt\u0105 sudaro anklod\u0117s ir pagalvi\u0173 u\u017evalkalai. Komplektas u\u017eri\u0161amas satininiais rai\u0161teliais, komplektas pagamintas i\u0161 100% mink\u0161tinto lino su satino dekoruotomis juostel\u0117mis. Supakuota specialioje SLAPTA MEIL\u0116 dovanin\u0117je pakuot\u0117je.  Med\u017eiagi\u0161kumas: 100% linas  Dydis: 50 x 70 cm.  Komplekte 2 vnt.","og_url":"https:\/\/slaptameile.lt\/en\/preke\/lininiai-pagalves-uzvalkalai-slapta-meile-2-vnt-antracitas\/","og_site_name":"Slapta Meil\u0117","article_publisher":"https:\/\/www.facebook.com\/SlaptaMeileBarbora","article_modified_time":"2026-04-08T11:20:22+00:00","og_image":[{"width":976,"height":1140,"url":"https:\/\/slaptameile.lt\/wp-content\/uploads\/2025\/10\/pagalves-uzvalkalas-slapta-meile-2-1.jpg","type":"image\/jpeg"}],"twitter_card":"summary_large_image","schema":{"@context":"https:\/\/schema.org","@graph":[{"@type":"WebPage","@id":"https:\/\/slaptameile.lt\/preke\/lininiai-pagalves-uzvalkalai-slapta-meile-2-vnt-antracitas\/","url":"https:\/\/slaptameile.lt\/preke\/lininiai-pagalves-uzvalkalai-slapta-meile-2-vnt-antracitas\/","name":"Lininiai pagalv\u0117s u\u017evalkalai \"Slapta Meil\u0117\" | 2 vnt. | Antracitas - Slapta Meil\u0117","isPartOf":{"@id":"https:\/\/slaptameile.lt\/#website"},"primaryImageOfPage":{"@id":"https:\/\/slaptameile.lt\/preke\/lininiai-pagalves-uzvalkalai-slapta-meile-2-vnt-antracitas\/#primaryimage"},"image":{"@id":"https:\/\/slaptameile.lt\/preke\/lininiai-pagalves-uzvalkalai-slapta-meile-2-vnt-antracitas\/#primaryimage"},"thumbnailUrl":"https:\/\/slaptameile.lt\/wp-content\/uploads\/2025\/10\/pagalves-uzvalkalas-slapta-meile-2-1.jpg","datePublished":"2024-08-14T12:55:57+00:00","dateModified":"2026-04-08T11:20:22+00:00","breadcrumb":{"@id":"https:\/\/slaptameile.lt\/preke\/lininiai-pagalves-uzvalkalai-slapta-meile-2-vnt-antracitas\/#breadcrumb"},"inLanguage":"en-US","potentialAction":[{"@type":"ReadAction","target":["https:\/\/slaptameile.lt\/preke\/lininiai-pagalves-uzvalkalai-slapta-meile-2-vnt-antracitas\/"]}]},{"@type":"ImageObject","inLanguage":"en-US","@id":"https:\/\/slaptameile.lt\/preke\/lininiai-pagalves-uzvalkalai-slapta-meile-2-vnt-antracitas\/#primaryimage","url":"https:\/\/slaptameile.lt\/wp-content\/uploads\/2025\/10\/pagalves-uzvalkalas-slapta-meile-2-1.jpg","contentUrl":"https:\/\/slaptameile.lt\/wp-content\/uploads\/2025\/10\/pagalves-uzvalkalas-slapta-meile-2-1.jpg","width":976,"height":1140},{"@type":"BreadcrumbList","@id":"https:\/\/slaptameile.lt\/preke\/lininiai-pagalves-uzvalkalai-slapta-meile-2-vnt-antracitas\/#breadcrumb","itemListElement":[{"@type":"ListItem","position":1,"name":"Home","item":"https:\/\/slaptameile.lt\/"},{"@type":"ListItem","position":2,"name":"Parduotuv\u0117","item":"https:\/\/slaptameile.lt\/parduotuve\/"},{"@type":"ListItem","position":3,"name":"Lininiai pagalv\u0117s u\u017evalkalai &#8222;Slapta Meil\u0117&#8221; | 2 vnt. | Antracitas"}]},{"@type":"WebSite","@id":"https:\/\/slaptameile.lt\/#website","url":"https:\/\/slaptameile.lt\/","name":"Secret Love","description":"","publisher":{"@id":"https:\/\/slaptameile.lt\/#organization"},"potentialAction":[{"@type":"SearchAction","target":{"@type":"EntryPoint","urlTemplate":"https:\/\/slaptameile.lt\/?s={search_term_string}"},"query-input":{"@type":"PropertyValueSpecification","valueRequired":true,"valueName":"search_term_string"}}],"inLanguage":"en-US"},{"@type":"Organization","@id":"https:\/\/slaptameile.lt\/#organization","name":"Secret Love","url":"https:\/\/slaptameile.lt\/","logo":{"@type":"ImageObject","inLanguage":"en-US","@id":"https:\/\/slaptameile.lt\/#\/schema\/logo\/image\/","url":"https:\/\/slaptameile.lt\/wp-content\/uploads\/2026\/04\/sm-logo.jpg","contentUrl":"https:\/\/slaptameile.lt\/wp-content\/uploads\/2026\/04\/sm-logo.jpg","width":810,"height":380,"caption":"Slapta Meil\u0117"},"image":{"@id":"https:\/\/slaptameile.lt\/#\/schema\/logo\/image\/"},"sameAs":["https:\/\/www.facebook.com\/SlaptaMeileBarbora","https:\/\/www.instagram.com\/slaptameile","https:\/\/www.tiktok.com\/@slaptameile1"]}]}},"_links":{"self":[{"href":"https:\/\/slaptameile.lt\/en\/wp-json\/wp\/v2\/product\/524","targetHints":{"allow":["GET"]}}],"collection":[{"href":"https:\/\/slaptameile.lt\/en\/wp-json\/wp\/v2\/product"}],"about":[{"href":"https:\/\/slaptameile.lt\/en\/wp-json\/wp\/v2\/types\/product"}],"replies":[{"embeddable":true,"href":"https:\/\/slaptameile.lt\/en\/wp-json\/wp\/v2\/comments?post=524"}],"wp:featuredmedia":[{"embeddable":true,"href":"https:\/\/slaptameile.lt\/en\/wp-json\/wp\/v2\/media\/525"}],"wp:attachment":[{"href":"https:\/\/slaptameile.lt\/en\/wp-json\/wp\/v2\/media?parent=524"}],"wp:term":[{"taxonomy":"partner","embeddable":true,"href":"https:\/\/slaptameile.lt\/en\/wp-json\/wp\/v2\/partner?post=524"},{"taxonomy":"product_brand","embeddable":true,"href":"https:\/\/slaptameile.lt\/en\/wp-json\/wp\/v2\/product_brand?post=524"},{"taxonomy":"product_cat","embeddable":true,"href":"https:\/\/slaptameile.lt\/en\/wp-json\/wp\/v2\/product_cat?post=524"},{"taxonomy":"product_tag","embeddable":true,"href":"https:\/\/slaptameile.lt\/en\/wp-json\/wp\/v2\/product_tag?post=524"}],"curies":[{"name":"wp","href":"https:\/\/api.w.org\/{rel}","templated":true}]}}