{"id":368,"date":"2024-07-26T10:29:09","date_gmt":"2024-07-26T07:29:09","guid":{"rendered":"https:\/\/slaptameile.lt\/?post_type=product&#038;p=368"},"modified":"2026-04-14T08:37:37","modified_gmt":"2026-04-14T05:37:37","slug":"grozio-procedura-karalienes-barboros-perlai","status":"publish","type":"product","link":"https:\/\/slaptameile.lt\/en\/preke\/grozio-procedura-karalienes-barboros-perlai\/","title":{"rendered":"Beauty Treatment \"Queen Barbara's Pearls\""},"content":{"rendered":"<p>Barbora \u2013 aistringa, gyvybinga, paslaptinga. Ji myl\u0117jo gyvenim\u0105, \u0161okius, med\u017eiokl\u0119, muzik\u0105 ir, svarbiausia \u2013\u00a0maudynes bei k\u016bno puosel\u0117jim\u0105. Sakoma, jog jos \u0161ilkiniai plaukai ir skaisti oda spind\u0117jo ne ma\u017eiau nei jos perl\u0173 v\u0117riniai. Dar ir \u0161iandien jos vardas skamba vir\u0161 sen\u0173j\u0173 Vilniaus stog\u0173.<\/p>\n<p>BOK\u0160TO SPA\u00a0kvie\u010dia patirti t\u0105 pat\u012f, k\u0105 jaut\u0117 karalien\u0117, i\u0161 gilios pagarbos sau r\u016bpindamasi savo gro\u017eiu ir poilsiu. Proced\u016bra\u00a0\u201eKaralien\u0117s Barboros perlai\u201c\u00a0\u2013 tai\u00a0120 minu\u010di\u0173 karali\u0161ko laiko sau, \u00a0\u012fkv\u0117pto Barboros asmenini\u0173 ritual\u0173, apgaubto \u017eoleli\u0173 aromatais ir romanti\u0161ka istorija:<\/p>\n<p>Perl\u0173 \u0161veitimas visam k\u016bnui\u00a0\u2013 odai, vertai kar\u016bnos<br \/>\nNugaros masa\u017eas\u00a0su aliejumi i\u0161mirkytais \u017eoleli\u0173 ry\u0161ul\u0117liais \u2013 tarsi karali\u0161kas prisilietimas<br \/>\nVeido skaistinimas\u00a0su \u0161vyt\u0117jim\u0105 suteikian\u010diais augalais \u2013 lyg spindesys i\u0161 Barboros portreto<\/p>\n<p>Tegul tai b\u016bna tavo valanda po \u017evaig\u017ed\u0117mis \u2013\u00a0sau, savo k\u016bnui ir tyliai \u0161irdies romantikai.\u00a0Nes kiekviena moteris, \u012f\u017eengusi \u012f \u0161\u012f ritual\u0105, tampa Karaliene.<\/p>\n<p><em><strong>Gro\u017eio proced\u016bra \u201eKaralien\u0117s Barboros perlai\u201d skirta vienam asmeniui<\/strong>, kuri\u0105 galima u\u017esisakyti ne v\u0117liau nei prie\u0161 2 dienas iki pageidaujamos datos. \u012esigykite \u0161\u012f paket\u0105 ir dar t\u0105 pa\u010di\u0105 dien\u0105 pra\u0161ome susisiekti su mumis: labas@slaptameile.lt arba +370 609 55551 kad mes rezervuotume Jums priimtin\u0105 paslaugos atlikimo laik\u0105. Gro\u017eio proced\u016bros kuponas galios 3 m\u0117nesius nuo \u012fsigijimo dienos. Gro\u017eio proced\u016bra J\u016bs\u0173 lauks Bok\u0161to SPA esan\u010diame Bok\u0161to g. 6, Vilniuje.<\/em><\/p>","protected":false},"excerpt":{"rendered":"<p>\u012e\u017eenki \u012f laikui nepavald\u0173 pasaul\u012f, kuriame estetika tampa karali\u0161ku ritualu. Atraski \u0161iuolaikin\u0119 prabang\u0105, \u012fkv\u0117pt\u0105 legendin\u0117s Lenkijos karalien\u0117s ir Lietuvos did\u017eiosios kunigaik\u0161tien\u0117s \u2013\u00a0Barboros Radvilait\u0117s\u00a0\u2013 \u017eavesio ir paslapties.<\/p>","protected":false},"featured_media":369,"comment_status":"open","ping_status":"closed","template":"","meta":{"_acf_changed":false},"partner":[56],"product_brand":[],"product_cat":[22,17],"product_tag":[],"class_list":{"0":"post-368","1":"product","2":"type-product","3":"status-publish","4":"has-post-thumbnail","6":"partner-boksto-spa","7":"product_cat-grozio-ritualai","8":"product_cat-keliones-laiku","10":"first","11":"instock","12":"virtual","13":"taxable","14":"purchasable","15":"product-type-simple"},"acf":[],"yoast_head":"<!-- This site is optimized with the Yoast SEO plugin v27.5 - https:\/\/yoast.com\/product\/yoast-seo-wordpress\/ -->\n<title>Gro\u017eio proced\u016bra \u201eKaralien\u0117s Barboros perlai\u201c - Slapta Meil\u0117<\/title>\n<meta name=\"robots\" content=\"index, follow, max-snippet:-1, max-image-preview:large, max-video-preview:-1\" \/>\n<link rel=\"canonical\" href=\"https:\/\/slaptameile.lt\/en\/preke\/grozio-procedura-karalienes-barboros-perlai\/\" \/>\n<meta property=\"og:locale\" content=\"en_US\" \/>\n<meta property=\"og:type\" content=\"article\" \/>\n<meta property=\"og:title\" content=\"Gro\u017eio proced\u016bra \u201eKaralien\u0117s Barboros perlai\u201c - Slapta Meil\u0117\" \/>\n<meta property=\"og:description\" content=\"\u012e\u017eenki \u012f laikui nepavald\u0173 pasaul\u012f, kuriame estetika tampa karali\u0161ku ritualu. Atraski \u0161iuolaikin\u0119 prabang\u0105, \u012fkv\u0117pt\u0105 legendin\u0117s Lenkijos karalien\u0117s ir Lietuvos did\u017eiosios kunigaik\u0161tien\u0117s \u2013\u00a0Barboros Radvilait\u0117s\u00a0\u2013 \u017eavesio ir paslapties.\" \/>\n<meta property=\"og:url\" content=\"https:\/\/slaptameile.lt\/en\/preke\/grozio-procedura-karalienes-barboros-perlai\/\" \/>\n<meta property=\"og:site_name\" content=\"Slapta Meil\u0117\" \/>\n<meta property=\"article:publisher\" content=\"https:\/\/www.facebook.com\/SlaptaMeileBarbora\" \/>\n<meta property=\"article:modified_time\" content=\"2026-04-14T05:37:37+00:00\" \/>\n<meta property=\"og:image\" content=\"https:\/\/slaptameile.lt\/wp-content\/uploads\/2025\/07\/1.jpeg\" \/>\n\t<meta property=\"og:image:width\" content=\"800\" \/>\n\t<meta property=\"og:image:height\" content=\"1200\" \/>\n\t<meta property=\"og:image:type\" content=\"image\/jpeg\" \/>\n<meta name=\"twitter:card\" content=\"summary_large_image\" \/>\n<meta name=\"twitter:label1\" content=\"Est. reading time\" \/>\n\t<meta name=\"twitter:data1\" content=\"2 minutes\" \/>\n<script type=\"application\/ld+json\" class=\"yoast-schema-graph\">{\"@context\":\"https:\\\/\\\/schema.org\",\"@graph\":[{\"@type\":\"WebPage\",\"@id\":\"https:\\\/\\\/slaptameile.lt\\\/preke\\\/grozio-procedura-karalienes-barboros-perlai\\\/\",\"url\":\"https:\\\/\\\/slaptameile.lt\\\/preke\\\/grozio-procedura-karalienes-barboros-perlai\\\/\",\"name\":\"Gro\u017eio proced\u016bra \u201eKaralien\u0117s Barboros perlai\u201c - Slapta Meil\u0117\",\"isPartOf\":{\"@id\":\"https:\\\/\\\/slaptameile.lt\\\/#website\"},\"primaryImageOfPage\":{\"@id\":\"https:\\\/\\\/slaptameile.lt\\\/preke\\\/grozio-procedura-karalienes-barboros-perlai\\\/#primaryimage\"},\"image\":{\"@id\":\"https:\\\/\\\/slaptameile.lt\\\/preke\\\/grozio-procedura-karalienes-barboros-perlai\\\/#primaryimage\"},\"thumbnailUrl\":\"https:\\\/\\\/slaptameile.lt\\\/wp-content\\\/uploads\\\/2025\\\/07\\\/1.jpeg\",\"datePublished\":\"2024-07-26T07:29:09+00:00\",\"dateModified\":\"2026-04-14T05:37:37+00:00\",\"breadcrumb\":{\"@id\":\"https:\\\/\\\/slaptameile.lt\\\/preke\\\/grozio-procedura-karalienes-barboros-perlai\\\/#breadcrumb\"},\"inLanguage\":\"en-US\",\"potentialAction\":[{\"@type\":\"ReadAction\",\"target\":[\"https:\\\/\\\/slaptameile.lt\\\/preke\\\/grozio-procedura-karalienes-barboros-perlai\\\/\"]}]},{\"@type\":\"ImageObject\",\"inLanguage\":\"en-US\",\"@id\":\"https:\\\/\\\/slaptameile.lt\\\/preke\\\/grozio-procedura-karalienes-barboros-perlai\\\/#primaryimage\",\"url\":\"https:\\\/\\\/slaptameile.lt\\\/wp-content\\\/uploads\\\/2025\\\/07\\\/1.jpeg\",\"contentUrl\":\"https:\\\/\\\/slaptameile.lt\\\/wp-content\\\/uploads\\\/2025\\\/07\\\/1.jpeg\",\"width\":800,\"height\":1200},{\"@type\":\"BreadcrumbList\",\"@id\":\"https:\\\/\\\/slaptameile.lt\\\/preke\\\/grozio-procedura-karalienes-barboros-perlai\\\/#breadcrumb\",\"itemListElement\":[{\"@type\":\"ListItem\",\"position\":1,\"name\":\"Home\",\"item\":\"https:\\\/\\\/slaptameile.lt\\\/\"},{\"@type\":\"ListItem\",\"position\":2,\"name\":\"Parduotuv\u0117\",\"item\":\"https:\\\/\\\/slaptameile.lt\\\/parduotuve\\\/\"},{\"@type\":\"ListItem\",\"position\":3,\"name\":\"Gro\u017eio proced\u016bra \u201eKaralien\u0117s Barboros perlai\u201c\"}]},{\"@type\":\"WebSite\",\"@id\":\"https:\\\/\\\/slaptameile.lt\\\/#website\",\"url\":\"https:\\\/\\\/slaptameile.lt\\\/\",\"name\":\"Slapta Meil\u0117\",\"description\":\"\",\"publisher\":{\"@id\":\"https:\\\/\\\/slaptameile.lt\\\/#organization\"},\"potentialAction\":[{\"@type\":\"SearchAction\",\"target\":{\"@type\":\"EntryPoint\",\"urlTemplate\":\"https:\\\/\\\/slaptameile.lt\\\/?s={search_term_string}\"},\"query-input\":{\"@type\":\"PropertyValueSpecification\",\"valueRequired\":true,\"valueName\":\"search_term_string\"}}],\"inLanguage\":\"en-US\"},{\"@type\":\"Organization\",\"@id\":\"https:\\\/\\\/slaptameile.lt\\\/#organization\",\"name\":\"Slapta Meil\u0117\",\"url\":\"https:\\\/\\\/slaptameile.lt\\\/\",\"logo\":{\"@type\":\"ImageObject\",\"inLanguage\":\"en-US\",\"@id\":\"https:\\\/\\\/slaptameile.lt\\\/#\\\/schema\\\/logo\\\/image\\\/\",\"url\":\"https:\\\/\\\/slaptameile.lt\\\/wp-content\\\/uploads\\\/2026\\\/04\\\/sm-logo.jpg\",\"contentUrl\":\"https:\\\/\\\/slaptameile.lt\\\/wp-content\\\/uploads\\\/2026\\\/04\\\/sm-logo.jpg\",\"width\":810,\"height\":380,\"caption\":\"Slapta Meil\u0117\"},\"image\":{\"@id\":\"https:\\\/\\\/slaptameile.lt\\\/#\\\/schema\\\/logo\\\/image\\\/\"},\"sameAs\":[\"https:\\\/\\\/www.facebook.com\\\/SlaptaMeileBarbora\",\"https:\\\/\\\/www.instagram.com\\\/slaptameile\",\"https:\\\/\\\/www.tiktok.com\\\/@slaptameile1\"]}]}<\/script>\n<!-- \/ Yoast SEO plugin. -->","yoast_head_json":{"title":"Gro\u017eio proced\u016bra \u201eKaralien\u0117s Barboros perlai\u201c - Slapta Meil\u0117","robots":{"index":"index","follow":"follow","max-snippet":"max-snippet:-1","max-image-preview":"max-image-preview:large","max-video-preview":"max-video-preview:-1"},"canonical":"https:\/\/slaptameile.lt\/en\/preke\/grozio-procedura-karalienes-barboros-perlai\/","og_locale":"en_US","og_type":"article","og_title":"Gro\u017eio proced\u016bra \u201eKaralien\u0117s Barboros perlai\u201c - Slapta Meil\u0117","og_description":"\u012e\u017eenki \u012f laikui nepavald\u0173 pasaul\u012f, kuriame estetika tampa karali\u0161ku ritualu. Atraski \u0161iuolaikin\u0119 prabang\u0105, \u012fkv\u0117pt\u0105 legendin\u0117s Lenkijos karalien\u0117s ir Lietuvos did\u017eiosios kunigaik\u0161tien\u0117s \u2013\u00a0Barboros Radvilait\u0117s\u00a0\u2013 \u017eavesio ir paslapties.","og_url":"https:\/\/slaptameile.lt\/en\/preke\/grozio-procedura-karalienes-barboros-perlai\/","og_site_name":"Slapta Meil\u0117","article_publisher":"https:\/\/www.facebook.com\/SlaptaMeileBarbora","article_modified_time":"2026-04-14T05:37:37+00:00","og_image":[{"width":800,"height":1200,"url":"https:\/\/slaptameile.lt\/wp-content\/uploads\/2025\/07\/1.jpeg","type":"image\/jpeg"}],"twitter_card":"summary_large_image","twitter_misc":{"Est. reading time":"2 minutes"},"schema":{"@context":"https:\/\/schema.org","@graph":[{"@type":"WebPage","@id":"https:\/\/slaptameile.lt\/preke\/grozio-procedura-karalienes-barboros-perlai\/","url":"https:\/\/slaptameile.lt\/preke\/grozio-procedura-karalienes-barboros-perlai\/","name":"Gro\u017eio proced\u016bra \u201eKaralien\u0117s Barboros perlai\u201c - Slapta Meil\u0117","isPartOf":{"@id":"https:\/\/slaptameile.lt\/#website"},"primaryImageOfPage":{"@id":"https:\/\/slaptameile.lt\/preke\/grozio-procedura-karalienes-barboros-perlai\/#primaryimage"},"image":{"@id":"https:\/\/slaptameile.lt\/preke\/grozio-procedura-karalienes-barboros-perlai\/#primaryimage"},"thumbnailUrl":"https:\/\/slaptameile.lt\/wp-content\/uploads\/2025\/07\/1.jpeg","datePublished":"2024-07-26T07:29:09+00:00","dateModified":"2026-04-14T05:37:37+00:00","breadcrumb":{"@id":"https:\/\/slaptameile.lt\/preke\/grozio-procedura-karalienes-barboros-perlai\/#breadcrumb"},"inLanguage":"en-US","potentialAction":[{"@type":"ReadAction","target":["https:\/\/slaptameile.lt\/preke\/grozio-procedura-karalienes-barboros-perlai\/"]}]},{"@type":"ImageObject","inLanguage":"en-US","@id":"https:\/\/slaptameile.lt\/preke\/grozio-procedura-karalienes-barboros-perlai\/#primaryimage","url":"https:\/\/slaptameile.lt\/wp-content\/uploads\/2025\/07\/1.jpeg","contentUrl":"https:\/\/slaptameile.lt\/wp-content\/uploads\/2025\/07\/1.jpeg","width":800,"height":1200},{"@type":"BreadcrumbList","@id":"https:\/\/slaptameile.lt\/preke\/grozio-procedura-karalienes-barboros-perlai\/#breadcrumb","itemListElement":[{"@type":"ListItem","position":1,"name":"Home","item":"https:\/\/slaptameile.lt\/"},{"@type":"ListItem","position":2,"name":"Parduotuv\u0117","item":"https:\/\/slaptameile.lt\/parduotuve\/"},{"@type":"ListItem","position":3,"name":"Gro\u017eio proced\u016bra \u201eKaralien\u0117s Barboros perlai\u201c"}]},{"@type":"WebSite","@id":"https:\/\/slaptameile.lt\/#website","url":"https:\/\/slaptameile.lt\/","name":"Secret Love","description":"","publisher":{"@id":"https:\/\/slaptameile.lt\/#organization"},"potentialAction":[{"@type":"SearchAction","target":{"@type":"EntryPoint","urlTemplate":"https:\/\/slaptameile.lt\/?s={search_term_string}"},"query-input":{"@type":"PropertyValueSpecification","valueRequired":true,"valueName":"search_term_string"}}],"inLanguage":"en-US"},{"@type":"Organization","@id":"https:\/\/slaptameile.lt\/#organization","name":"Secret Love","url":"https:\/\/slaptameile.lt\/","logo":{"@type":"ImageObject","inLanguage":"en-US","@id":"https:\/\/slaptameile.lt\/#\/schema\/logo\/image\/","url":"https:\/\/slaptameile.lt\/wp-content\/uploads\/2026\/04\/sm-logo.jpg","contentUrl":"https:\/\/slaptameile.lt\/wp-content\/uploads\/2026\/04\/sm-logo.jpg","width":810,"height":380,"caption":"Slapta Meil\u0117"},"image":{"@id":"https:\/\/slaptameile.lt\/#\/schema\/logo\/image\/"},"sameAs":["https:\/\/www.facebook.com\/SlaptaMeileBarbora","https:\/\/www.instagram.com\/slaptameile","https:\/\/www.tiktok.com\/@slaptameile1"]}]}},"_links":{"self":[{"href":"https:\/\/slaptameile.lt\/en\/wp-json\/wp\/v2\/product\/368","targetHints":{"allow":["GET"]}}],"collection":[{"href":"https:\/\/slaptameile.lt\/en\/wp-json\/wp\/v2\/product"}],"about":[{"href":"https:\/\/slaptameile.lt\/en\/wp-json\/wp\/v2\/types\/product"}],"replies":[{"embeddable":true,"href":"https:\/\/slaptameile.lt\/en\/wp-json\/wp\/v2\/comments?post=368"}],"wp:featuredmedia":[{"embeddable":true,"href":"https:\/\/slaptameile.lt\/en\/wp-json\/wp\/v2\/media\/369"}],"wp:attachment":[{"href":"https:\/\/slaptameile.lt\/en\/wp-json\/wp\/v2\/media?parent=368"}],"wp:term":[{"taxonomy":"partner","embeddable":true,"href":"https:\/\/slaptameile.lt\/en\/wp-json\/wp\/v2\/partner?post=368"},{"taxonomy":"product_brand","embeddable":true,"href":"https:\/\/slaptameile.lt\/en\/wp-json\/wp\/v2\/product_brand?post=368"},{"taxonomy":"product_cat","embeddable":true,"href":"https:\/\/slaptameile.lt\/en\/wp-json\/wp\/v2\/product_cat?post=368"},{"taxonomy":"product_tag","embeddable":true,"href":"https:\/\/slaptameile.lt\/en\/wp-json\/wp\/v2\/product_tag?post=368"}],"curies":[{"name":"wp","href":"https:\/\/api.w.org\/{rel}","templated":true}]}}