{"id":321,"date":"2024-08-14T16:30:53","date_gmt":"2024-08-14T13:30:53","guid":{"rendered":"https:\/\/slaptameile.lt\/?post_type=product&#038;p=321"},"modified":"2026-04-08T14:12:39","modified_gmt":"2026-04-08T11:12:39","slug":"linines-serveteles-karalisko-vilniaus-meiles-istorija-2-vnt","status":"publish","type":"product","link":"https:\/\/slaptameile.lt\/en\/preke\/linines-serveteles-karalisko-vilniaus-meiles-istorija-2-vnt\/","title":{"rendered":"Linen napkins \u201eRoyal Vilnius Love Story\u201d | 2 pcs."},"content":{"rendered":"<p>Romantika, kuri padengiama ant stalo<\/p>\n<p>\u0160ios\u00a0linin\u0117s servet\u0117l\u0117s\u00a0\u2013 stalo tekstil\u0117 ir pasakojimas apie Vilni\u0173, meil\u0119 ir istorij\u0105. Grafika \u2013 tai ranka pie\u0161tas Vilniaus meil\u0117s \u017eem\u0117lapis su svarbiausiomis vietomis: nuo Valdov\u0173 r\u016bm\u0173 iki Au\u0161ros vart\u0173. Tarsi keliautum per legend\u0105 \u2013 bet su \u0161akute rankoje.<\/p>\n<p>Sukurtos dizainer\u0117s Julijos Janus, \u0161ios servet\u0117l\u0117s puikiai tiks kaip\u00a0dovana i\u0161 Lietuvos ir i\u0161 Vilniaus,\u00a0vestuv\u0117ms,\u00a0\u0161vent\u0117ms\u00a0ar net\u00a0verslo dovanai\u00a0\u2013 kai norisi padovanoti emocij\u0105 ir nuotaik\u0105.<\/p>\n<p>I\u0161 mi\u0161raus lino ir medviln\u0117s. Malonios liesti, solid\u017eios \u017ei\u016br\u0117ti. Ir, taip \u2013 skalbiasi.<\/p>\n<p>Sud\u0117tis\u00a053 % linas, 47 % medviln\u0117<br \/>\nSpalva\u00a0pilka<br \/>\nDydis\u00a043\u00d743 cm<br \/>\nKomplekte\u00a02 vnt.<br \/>\nMade in Lithuania<\/p>","protected":false},"excerpt":{"rendered":"<p>Romantika, kuri padengiama ant stalo<\/p>\n<p>\u0160ios\u00a0linin\u0117s servet\u0117l\u0117s\u00a0\u2013 stalo tekstil\u0117 ir pasakojimas apie Vilni\u0173, meil\u0119 ir istorij\u0105. Grafika \u2013 tai ranka pie\u0161tas Vilniaus meil\u0117s \u017eem\u0117lapis su svarbiausiomis vietomis: nuo Valdov\u0173 r\u016bm\u0173 iki Au\u0161ros vart\u0173. Tarsi keliautum per legend\u0105 \u2013 bet su \u0161akute rankoje.<\/p>\n<p>Sukurtos dizainer\u0117s Julijos Janus, \u0161ios servet\u0117l\u0117s puikiai tiks kaip\u00a0dovana i\u0161 Lietuvos ir i\u0161 Vilniaus,\u00a0vestuv\u0117ms,\u00a0\u0161vent\u0117ms\u00a0ar net\u00a0verslo dovanai\u00a0\u2013 kai norisi padovanoti emocij\u0105 ir nuotaik\u0105.<\/p>\n<p>I\u0161 mi\u0161raus lino ir medviln\u0117s. Malonios liesti, solid\u017eios \u017ei\u016br\u0117ti. Ir, taip \u2013 skalbiasi.<\/p>\n<p>Sud\u0117tis\u00a053 % linas, 47 % medviln\u0117<br \/>\nSpalva\u00a0pilka<br \/>\nDydis\u00a043\u00d743 cm<br \/>\nKomplekte\u00a02 vnt.<br \/>\nMade in Lithuania<\/p>","protected":false},"featured_media":322,"comment_status":"open","ping_status":"closed","template":"","meta":{"_acf_changed":false},"partner":[52],"product_brand":[],"product_cat":[18,27],"product_tag":[],"class_list":{"0":"post-321","1":"product","2":"type-product","3":"status-publish","4":"has-post-thumbnail","6":"partner-decoflux","7":"product_cat-karaliskoji-kolekcija","8":"product_cat-namu-didybei","10":"first","11":"instock","12":"taxable","13":"shipping-taxable","14":"purchasable","15":"product-type-simple"},"acf":[],"yoast_head":"<!-- This site is optimized with the Yoast SEO plugin v27.5 - https:\/\/yoast.com\/product\/yoast-seo-wordpress\/ -->\n<title>Linin\u0117s servet\u0117l\u0117s \u201eKarali\u0161ko Vilniaus meil\u0117s istorija\u201d | 2 vnt. - Slapta Meil\u0117<\/title>\n<meta name=\"robots\" content=\"index, follow, max-snippet:-1, max-image-preview:large, max-video-preview:-1\" \/>\n<link rel=\"canonical\" href=\"https:\/\/slaptameile.lt\/en\/preke\/linines-serveteles-karalisko-vilniaus-meiles-istorija-2-vnt\/\" \/>\n<meta property=\"og:locale\" content=\"en_US\" \/>\n<meta property=\"og:type\" content=\"article\" \/>\n<meta property=\"og:title\" content=\"Linin\u0117s servet\u0117l\u0117s \u201eKarali\u0161ko Vilniaus meil\u0117s istorija\u201d | 2 vnt. - Slapta Meil\u0117\" \/>\n<meta property=\"og:description\" content=\"Romantika, kuri padengiama ant stalo  \u0160ios\u00a0linin\u0117s servet\u0117l\u0117s\u00a0\u2013 stalo tekstil\u0117 ir pasakojimas apie Vilni\u0173, meil\u0119 ir istorij\u0105. Grafika \u2013 tai ranka pie\u0161tas Vilniaus meil\u0117s \u017eem\u0117lapis su svarbiausiomis vietomis: nuo Valdov\u0173 r\u016bm\u0173 iki Au\u0161ros vart\u0173. Tarsi keliautum per legend\u0105 \u2013 bet su \u0161akute rankoje.  Sukurtos dizainer\u0117s Julijos Janus, \u0161ios servet\u0117l\u0117s puikiai tiks kaip\u00a0dovana i\u0161 Lietuvos ir i\u0161 Vilniaus,\u00a0vestuv\u0117ms,\u00a0\u0161vent\u0117ms\u00a0ar net\u00a0verslo dovanai\u00a0\u2013 kai norisi padovanoti emocij\u0105 ir nuotaik\u0105.  I\u0161 mi\u0161raus lino ir medviln\u0117s. Malonios liesti, solid\u017eios \u017ei\u016br\u0117ti. Ir, taip \u2013 skalbiasi.  Sud\u0117tis\u00a053 % linas, 47 % medviln\u0117 Spalva\u00a0pilka Dydis\u00a043\u00d743 cm Komplekte\u00a02 vnt. Pagaminta Lietuvoje\" \/>\n<meta property=\"og:url\" content=\"https:\/\/slaptameile.lt\/en\/preke\/linines-serveteles-karalisko-vilniaus-meiles-istorija-2-vnt\/\" \/>\n<meta property=\"og:site_name\" content=\"Slapta Meil\u0117\" \/>\n<meta property=\"article:publisher\" content=\"https:\/\/www.facebook.com\/SlaptaMeileBarbora\" \/>\n<meta property=\"article:modified_time\" content=\"2026-04-08T11:12:39+00:00\" \/>\n<meta property=\"og:image\" content=\"https:\/\/slaptameile.lt\/wp-content\/uploads\/2025\/07\/SM5303.jpg\" \/>\n\t<meta property=\"og:image:width\" content=\"1365\" \/>\n\t<meta property=\"og:image:height\" content=\"2048\" \/>\n\t<meta property=\"og:image:type\" content=\"image\/jpeg\" \/>\n<meta name=\"twitter:card\" content=\"summary_large_image\" \/>\n<meta name=\"twitter:label1\" content=\"Est. reading time\" \/>\n\t<meta name=\"twitter:data1\" content=\"1 minute\" \/>\n<script type=\"application\/ld+json\" class=\"yoast-schema-graph\">{\"@context\":\"https:\\\/\\\/schema.org\",\"@graph\":[{\"@type\":\"WebPage\",\"@id\":\"https:\\\/\\\/slaptameile.lt\\\/preke\\\/linines-serveteles-karalisko-vilniaus-meiles-istorija-2-vnt\\\/\",\"url\":\"https:\\\/\\\/slaptameile.lt\\\/preke\\\/linines-serveteles-karalisko-vilniaus-meiles-istorija-2-vnt\\\/\",\"name\":\"Linin\u0117s servet\u0117l\u0117s \u201eKarali\u0161ko Vilniaus meil\u0117s istorija\u201d | 2 vnt. - Slapta Meil\u0117\",\"isPartOf\":{\"@id\":\"https:\\\/\\\/slaptameile.lt\\\/#website\"},\"primaryImageOfPage\":{\"@id\":\"https:\\\/\\\/slaptameile.lt\\\/preke\\\/linines-serveteles-karalisko-vilniaus-meiles-istorija-2-vnt\\\/#primaryimage\"},\"image\":{\"@id\":\"https:\\\/\\\/slaptameile.lt\\\/preke\\\/linines-serveteles-karalisko-vilniaus-meiles-istorija-2-vnt\\\/#primaryimage\"},\"thumbnailUrl\":\"https:\\\/\\\/slaptameile.lt\\\/wp-content\\\/uploads\\\/2025\\\/07\\\/SM5303.jpg\",\"datePublished\":\"2024-08-14T13:30:53+00:00\",\"dateModified\":\"2026-04-08T11:12:39+00:00\",\"breadcrumb\":{\"@id\":\"https:\\\/\\\/slaptameile.lt\\\/preke\\\/linines-serveteles-karalisko-vilniaus-meiles-istorija-2-vnt\\\/#breadcrumb\"},\"inLanguage\":\"en-US\",\"potentialAction\":[{\"@type\":\"ReadAction\",\"target\":[\"https:\\\/\\\/slaptameile.lt\\\/preke\\\/linines-serveteles-karalisko-vilniaus-meiles-istorija-2-vnt\\\/\"]}]},{\"@type\":\"ImageObject\",\"inLanguage\":\"en-US\",\"@id\":\"https:\\\/\\\/slaptameile.lt\\\/preke\\\/linines-serveteles-karalisko-vilniaus-meiles-istorija-2-vnt\\\/#primaryimage\",\"url\":\"https:\\\/\\\/slaptameile.lt\\\/wp-content\\\/uploads\\\/2025\\\/07\\\/SM5303.jpg\",\"contentUrl\":\"https:\\\/\\\/slaptameile.lt\\\/wp-content\\\/uploads\\\/2025\\\/07\\\/SM5303.jpg\",\"width\":1365,\"height\":2048},{\"@type\":\"BreadcrumbList\",\"@id\":\"https:\\\/\\\/slaptameile.lt\\\/preke\\\/linines-serveteles-karalisko-vilniaus-meiles-istorija-2-vnt\\\/#breadcrumb\",\"itemListElement\":[{\"@type\":\"ListItem\",\"position\":1,\"name\":\"Home\",\"item\":\"https:\\\/\\\/slaptameile.lt\\\/\"},{\"@type\":\"ListItem\",\"position\":2,\"name\":\"Parduotuv\u0117\",\"item\":\"https:\\\/\\\/slaptameile.lt\\\/parduotuve\\\/\"},{\"@type\":\"ListItem\",\"position\":3,\"name\":\"Linin\u0117s servet\u0117l\u0117s \u201eKarali\u0161ko Vilniaus meil\u0117s istorija\u201d | 2 vnt.\"}]},{\"@type\":\"WebSite\",\"@id\":\"https:\\\/\\\/slaptameile.lt\\\/#website\",\"url\":\"https:\\\/\\\/slaptameile.lt\\\/\",\"name\":\"Slapta Meil\u0117\",\"description\":\"\",\"publisher\":{\"@id\":\"https:\\\/\\\/slaptameile.lt\\\/#organization\"},\"potentialAction\":[{\"@type\":\"SearchAction\",\"target\":{\"@type\":\"EntryPoint\",\"urlTemplate\":\"https:\\\/\\\/slaptameile.lt\\\/?s={search_term_string}\"},\"query-input\":{\"@type\":\"PropertyValueSpecification\",\"valueRequired\":true,\"valueName\":\"search_term_string\"}}],\"inLanguage\":\"en-US\"},{\"@type\":\"Organization\",\"@id\":\"https:\\\/\\\/slaptameile.lt\\\/#organization\",\"name\":\"Slapta Meil\u0117\",\"url\":\"https:\\\/\\\/slaptameile.lt\\\/\",\"logo\":{\"@type\":\"ImageObject\",\"inLanguage\":\"en-US\",\"@id\":\"https:\\\/\\\/slaptameile.lt\\\/#\\\/schema\\\/logo\\\/image\\\/\",\"url\":\"https:\\\/\\\/slaptameile.lt\\\/wp-content\\\/uploads\\\/2026\\\/04\\\/sm-logo.jpg\",\"contentUrl\":\"https:\\\/\\\/slaptameile.lt\\\/wp-content\\\/uploads\\\/2026\\\/04\\\/sm-logo.jpg\",\"width\":810,\"height\":380,\"caption\":\"Slapta Meil\u0117\"},\"image\":{\"@id\":\"https:\\\/\\\/slaptameile.lt\\\/#\\\/schema\\\/logo\\\/image\\\/\"},\"sameAs\":[\"https:\\\/\\\/www.facebook.com\\\/SlaptaMeileBarbora\",\"https:\\\/\\\/www.instagram.com\\\/slaptameile\",\"https:\\\/\\\/www.tiktok.com\\\/@slaptameile1\"]}]}<\/script>\n<!-- \/ Yoast SEO plugin. -->","yoast_head_json":{"title":"Linin\u0117s servet\u0117l\u0117s \u201eKarali\u0161ko Vilniaus meil\u0117s istorija\u201d | 2 vnt. - Slapta Meil\u0117","robots":{"index":"index","follow":"follow","max-snippet":"max-snippet:-1","max-image-preview":"max-image-preview:large","max-video-preview":"max-video-preview:-1"},"canonical":"https:\/\/slaptameile.lt\/en\/preke\/linines-serveteles-karalisko-vilniaus-meiles-istorija-2-vnt\/","og_locale":"en_US","og_type":"article","og_title":"Linin\u0117s servet\u0117l\u0117s \u201eKarali\u0161ko Vilniaus meil\u0117s istorija\u201d | 2 vnt. - Slapta Meil\u0117","og_description":"Romantika, kuri padengiama ant stalo  \u0160ios\u00a0linin\u0117s servet\u0117l\u0117s\u00a0\u2013 stalo tekstil\u0117 ir pasakojimas apie Vilni\u0173, meil\u0119 ir istorij\u0105. Grafika \u2013 tai ranka pie\u0161tas Vilniaus meil\u0117s \u017eem\u0117lapis su svarbiausiomis vietomis: nuo Valdov\u0173 r\u016bm\u0173 iki Au\u0161ros vart\u0173. Tarsi keliautum per legend\u0105 \u2013 bet su \u0161akute rankoje.  Sukurtos dizainer\u0117s Julijos Janus, \u0161ios servet\u0117l\u0117s puikiai tiks kaip\u00a0dovana i\u0161 Lietuvos ir i\u0161 Vilniaus,\u00a0vestuv\u0117ms,\u00a0\u0161vent\u0117ms\u00a0ar net\u00a0verslo dovanai\u00a0\u2013 kai norisi padovanoti emocij\u0105 ir nuotaik\u0105.  I\u0161 mi\u0161raus lino ir medviln\u0117s. Malonios liesti, solid\u017eios \u017ei\u016br\u0117ti. Ir, taip \u2013 skalbiasi.  Sud\u0117tis\u00a053 % linas, 47 % medviln\u0117 Spalva\u00a0pilka Dydis\u00a043\u00d743 cm Komplekte\u00a02 vnt. Pagaminta Lietuvoje","og_url":"https:\/\/slaptameile.lt\/en\/preke\/linines-serveteles-karalisko-vilniaus-meiles-istorija-2-vnt\/","og_site_name":"Slapta Meil\u0117","article_publisher":"https:\/\/www.facebook.com\/SlaptaMeileBarbora","article_modified_time":"2026-04-08T11:12:39+00:00","og_image":[{"width":1365,"height":2048,"url":"https:\/\/slaptameile.lt\/wp-content\/uploads\/2025\/07\/SM5303.jpg","type":"image\/jpeg"}],"twitter_card":"summary_large_image","twitter_misc":{"Est. reading time":"1 minute"},"schema":{"@context":"https:\/\/schema.org","@graph":[{"@type":"WebPage","@id":"https:\/\/slaptameile.lt\/preke\/linines-serveteles-karalisko-vilniaus-meiles-istorija-2-vnt\/","url":"https:\/\/slaptameile.lt\/preke\/linines-serveteles-karalisko-vilniaus-meiles-istorija-2-vnt\/","name":"Linin\u0117s servet\u0117l\u0117s \u201eKarali\u0161ko Vilniaus meil\u0117s istorija\u201d | 2 vnt. - Slapta Meil\u0117","isPartOf":{"@id":"https:\/\/slaptameile.lt\/#website"},"primaryImageOfPage":{"@id":"https:\/\/slaptameile.lt\/preke\/linines-serveteles-karalisko-vilniaus-meiles-istorija-2-vnt\/#primaryimage"},"image":{"@id":"https:\/\/slaptameile.lt\/preke\/linines-serveteles-karalisko-vilniaus-meiles-istorija-2-vnt\/#primaryimage"},"thumbnailUrl":"https:\/\/slaptameile.lt\/wp-content\/uploads\/2025\/07\/SM5303.jpg","datePublished":"2024-08-14T13:30:53+00:00","dateModified":"2026-04-08T11:12:39+00:00","breadcrumb":{"@id":"https:\/\/slaptameile.lt\/preke\/linines-serveteles-karalisko-vilniaus-meiles-istorija-2-vnt\/#breadcrumb"},"inLanguage":"en-US","potentialAction":[{"@type":"ReadAction","target":["https:\/\/slaptameile.lt\/preke\/linines-serveteles-karalisko-vilniaus-meiles-istorija-2-vnt\/"]}]},{"@type":"ImageObject","inLanguage":"en-US","@id":"https:\/\/slaptameile.lt\/preke\/linines-serveteles-karalisko-vilniaus-meiles-istorija-2-vnt\/#primaryimage","url":"https:\/\/slaptameile.lt\/wp-content\/uploads\/2025\/07\/SM5303.jpg","contentUrl":"https:\/\/slaptameile.lt\/wp-content\/uploads\/2025\/07\/SM5303.jpg","width":1365,"height":2048},{"@type":"BreadcrumbList","@id":"https:\/\/slaptameile.lt\/preke\/linines-serveteles-karalisko-vilniaus-meiles-istorija-2-vnt\/#breadcrumb","itemListElement":[{"@type":"ListItem","position":1,"name":"Home","item":"https:\/\/slaptameile.lt\/"},{"@type":"ListItem","position":2,"name":"Parduotuv\u0117","item":"https:\/\/slaptameile.lt\/parduotuve\/"},{"@type":"ListItem","position":3,"name":"Linin\u0117s servet\u0117l\u0117s \u201eKarali\u0161ko Vilniaus meil\u0117s istorija\u201d | 2 vnt."}]},{"@type":"WebSite","@id":"https:\/\/slaptameile.lt\/#website","url":"https:\/\/slaptameile.lt\/","name":"Secret Love","description":"","publisher":{"@id":"https:\/\/slaptameile.lt\/#organization"},"potentialAction":[{"@type":"SearchAction","target":{"@type":"EntryPoint","urlTemplate":"https:\/\/slaptameile.lt\/?s={search_term_string}"},"query-input":{"@type":"PropertyValueSpecification","valueRequired":true,"valueName":"search_term_string"}}],"inLanguage":"en-US"},{"@type":"Organization","@id":"https:\/\/slaptameile.lt\/#organization","name":"Secret Love","url":"https:\/\/slaptameile.lt\/","logo":{"@type":"ImageObject","inLanguage":"en-US","@id":"https:\/\/slaptameile.lt\/#\/schema\/logo\/image\/","url":"https:\/\/slaptameile.lt\/wp-content\/uploads\/2026\/04\/sm-logo.jpg","contentUrl":"https:\/\/slaptameile.lt\/wp-content\/uploads\/2026\/04\/sm-logo.jpg","width":810,"height":380,"caption":"Slapta Meil\u0117"},"image":{"@id":"https:\/\/slaptameile.lt\/#\/schema\/logo\/image\/"},"sameAs":["https:\/\/www.facebook.com\/SlaptaMeileBarbora","https:\/\/www.instagram.com\/slaptameile","https:\/\/www.tiktok.com\/@slaptameile1"]}]}},"_links":{"self":[{"href":"https:\/\/slaptameile.lt\/en\/wp-json\/wp\/v2\/product\/321","targetHints":{"allow":["GET"]}}],"collection":[{"href":"https:\/\/slaptameile.lt\/en\/wp-json\/wp\/v2\/product"}],"about":[{"href":"https:\/\/slaptameile.lt\/en\/wp-json\/wp\/v2\/types\/product"}],"replies":[{"embeddable":true,"href":"https:\/\/slaptameile.lt\/en\/wp-json\/wp\/v2\/comments?post=321"}],"wp:featuredmedia":[{"embeddable":true,"href":"https:\/\/slaptameile.lt\/en\/wp-json\/wp\/v2\/media\/322"}],"wp:attachment":[{"href":"https:\/\/slaptameile.lt\/en\/wp-json\/wp\/v2\/media?parent=321"}],"wp:term":[{"taxonomy":"partner","embeddable":true,"href":"https:\/\/slaptameile.lt\/en\/wp-json\/wp\/v2\/partner?post=321"},{"taxonomy":"product_brand","embeddable":true,"href":"https:\/\/slaptameile.lt\/en\/wp-json\/wp\/v2\/product_brand?post=321"},{"taxonomy":"product_cat","embeddable":true,"href":"https:\/\/slaptameile.lt\/en\/wp-json\/wp\/v2\/product_cat?post=321"},{"taxonomy":"product_tag","embeddable":true,"href":"https:\/\/slaptameile.lt\/en\/wp-json\/wp\/v2\/product_tag?post=321"}],"curies":[{"name":"wp","href":"https:\/\/api.w.org\/{rel}","templated":true}]}}