{"id":313,"date":"2024-08-14T16:45:34","date_gmt":"2024-08-14T13:45:34","guid":{"rendered":"https:\/\/slaptameile.lt\/?post_type=product&#038;p=313"},"modified":"2026-04-08T14:11:54","modified_gmt":"2026-04-08T11:11:54","slug":"linine-staltiese-love-story-of-royal-vilnius-i-2-dydziai","status":"publish","type":"product","link":"https:\/\/slaptameile.lt\/en\/preke\/linine-staltiese-love-story-of-royal-vilnius-i-2-dydziai\/","title":{"rendered":"Linen tablecloth \u201eRoyal Vilnius Love Story\u201c I 2 sizes"},"content":{"rendered":"<p>Stalties\u0117, kuri pasakoja karali\u0161k\u0105 meil\u0117s istorij\u0105.<\/p>\n<p>\u0160i\u00a0linin\u0117 stalties\u0117\u00a0\u2013 tai Vilniaus senamies\u010dio kont\u016brais i\u0161ra\u0161yta meil\u0117s istorija. Ant jos \u2013 ikoni\u0161kos vietos, kuriais \u017eeng\u0117 Barbora Radvilait\u0117 ir \u017dygimantas Augustas: nuo Valdov\u0173 r\u016bm\u0173 iki Au\u0161ros vart\u0173, nuo slapt\u0173 priesaik\u0173 Katedroje iki romanti\u0161k\u0173 atod\u016bsi\u0173 Pilies gatv\u0117je.<\/p>\n<p>Grafik\u0105 k\u016br\u0117 meninink\u0117 Julija Janus. Kiekvienas linijos vingis primena, kad meil\u0117 Vilniuje buvo tokia garsi, jog iki \u0161iol verta atspaudo ant stalties\u0117s. Ir ne \u2013 tai ne \u0161iaip dekoras. Tai tvirtas, kult\u016brinis parei\u0161kimas tavo stalui, vakarienei ar \u0161ventei.<\/p>\n<p>Tinka kaip\u00a0dovana vestuv\u0117ms,\u00a0nam\u0173 \u0161ventei,\u00a0lauktuv\u0117 i\u0161 Lietuvos\u00a0ar tiesiog kaip tylus komplimentas tavo interjerui. Stalties\u0117 i\u0161 mi\u0161raus lino ir medviln\u0117s \u2013 \u0161velni, nat\u016brali, tokia, kuri tiks ir klasikiniam, ir moderniam stalui.<\/p>\n<p>Sud\u0117tis\u00a053 % linas, 47 % medviln\u0117<br \/>\nSpalva\u00a0nat\u016bralaus lino \u2013 \u0161viesiai rusva, pilkai sm\u0117lin\u0117<br \/>\nDyd\u017eiai\u00a0140\u00d7140 cm ir 140\u00d7240 cm<br \/>\nMade in Lithuania<\/p>","protected":false},"excerpt":{"rendered":"<p>Stalties\u0117, kuri pasakoja karali\u0161k\u0105 meil\u0117s istorij\u0105.<\/p>\n<p>\u0160i\u00a0linin\u0117 stalties\u0117\u00a0\u2013 tai Vilniaus senamies\u010dio kont\u016brais i\u0161ra\u0161yta meil\u0117s istorija. Ant jos \u2013 ikoni\u0161kos vietos, kuriais \u017eeng\u0117 Barbora Radvilait\u0117 ir \u017dygimantas Augustas: nuo Valdov\u0173 r\u016bm\u0173 iki Au\u0161ros vart\u0173, nuo slapt\u0173 priesaik\u0173 Katedroje iki romanti\u0161k\u0173 atod\u016bsi\u0173 Pilies gatv\u0117je.<\/p>\n<p>Grafik\u0105 k\u016br\u0117 meninink\u0117 Julija Janus. Kiekvienas linijos vingis primena, kad meil\u0117 Vilniuje buvo tokia garsi, jog iki \u0161iol verta atspaudo ant stalties\u0117s. Ir ne \u2013 tai ne \u0161iaip dekoras. Tai tvirtas, kult\u016brinis parei\u0161kimas tavo stalui, vakarienei ar \u0161ventei.<\/p>\n<p>Tinka kaip\u00a0dovana vestuv\u0117ms,\u00a0nam\u0173 \u0161ventei,\u00a0lauktuv\u0117 i\u0161 Lietuvos\u00a0ar tiesiog kaip tylus komplimentas tavo interjerui. Stalties\u0117 i\u0161 mi\u0161raus lino ir medviln\u0117s \u2013 \u0161velni, nat\u016brali, tokia, kuri tiks ir klasikiniam, ir moderniam stalui.<\/p>\n<p>Sud\u0117tis\u00a053 % linas, 47 % medviln\u0117<br \/>\nSpalva\u00a0nat\u016bralaus lino \u2013 \u0161viesiai rusva, pilkai sm\u0117lin\u0117<br \/>\nDyd\u017eiai\u00a0140\u00d7140 cm ir 140\u00d7240 cm<br \/>\nMade in Lithuania<\/p>","protected":false},"featured_media":314,"comment_status":"open","ping_status":"closed","template":"","meta":{"_acf_changed":false},"partner":[52],"product_brand":[],"product_cat":[18,27],"product_tag":[],"class_list":{"0":"post-313","1":"product","2":"type-product","3":"status-publish","4":"has-post-thumbnail","6":"partner-decoflux","7":"product_cat-karaliskoji-kolekcija","8":"product_cat-namu-didybei","10":"first","11":"instock","12":"taxable","13":"shipping-taxable","14":"purchasable","15":"product-type-variable"},"acf":[],"yoast_head":"<!-- This site is optimized with the Yoast SEO plugin v27.5 - https:\/\/yoast.com\/product\/yoast-seo-wordpress\/ -->\n<title>Linin\u0117 stalties\u0117 \u201eKarali\u0161ko Vilniaus meil\u0117s istorija\u201c I 2 dyd\u017eiai - Slapta Meil\u0117<\/title>\n<meta name=\"robots\" content=\"index, follow, max-snippet:-1, max-image-preview:large, max-video-preview:-1\" \/>\n<link rel=\"canonical\" href=\"https:\/\/slaptameile.lt\/en\/preke\/linine-staltiese-love-story-of-royal-vilnius-i-2-dydziai\/\" \/>\n<meta property=\"og:locale\" content=\"en_US\" \/>\n<meta property=\"og:type\" content=\"article\" \/>\n<meta property=\"og:title\" content=\"Linin\u0117 stalties\u0117 \u201eKarali\u0161ko Vilniaus meil\u0117s istorija\u201c I 2 dyd\u017eiai - Slapta Meil\u0117\" \/>\n<meta property=\"og:description\" content=\"Stalties\u0117, kuri pasakoja karali\u0161k\u0105 meil\u0117s istorij\u0105.  \u0160i\u00a0linin\u0117 stalties\u0117\u00a0\u2013 tai Vilniaus senamies\u010dio kont\u016brais i\u0161ra\u0161yta meil\u0117s istorija. Ant jos \u2013 ikoni\u0161kos vietos, kuriais \u017eeng\u0117 Barbora Radvilait\u0117 ir \u017dygimantas Augustas: nuo Valdov\u0173 r\u016bm\u0173 iki Au\u0161ros vart\u0173, nuo slapt\u0173 priesaik\u0173 Katedroje iki romanti\u0161k\u0173 atod\u016bsi\u0173 Pilies gatv\u0117je.  Grafik\u0105 k\u016br\u0117 meninink\u0117 Julija Janus. Kiekvienas linijos vingis primena, kad meil\u0117 Vilniuje buvo tokia garsi, jog iki \u0161iol verta atspaudo ant stalties\u0117s. Ir ne \u2013 tai ne \u0161iaip dekoras. Tai tvirtas, kult\u016brinis parei\u0161kimas tavo stalui, vakarienei ar \u0161ventei.  Tinka kaip\u00a0dovana vestuv\u0117ms,\u00a0nam\u0173 \u0161ventei,\u00a0lauktuv\u0117 i\u0161 Lietuvos\u00a0ar tiesiog kaip tylus komplimentas tavo interjerui. Stalties\u0117 i\u0161 mi\u0161raus lino ir medviln\u0117s \u2013 \u0161velni, nat\u016brali, tokia, kuri tiks ir klasikiniam, ir moderniam stalui.  Sud\u0117tis\u00a053 % linas, 47 % medviln\u0117 Spalva\u00a0nat\u016bralaus lino \u2013 \u0161viesiai rusva, pilkai sm\u0117lin\u0117 Dyd\u017eiai\u00a0140\u00d7140 cm ir 140\u00d7240 cm Pagaminta Lietuvoje\" \/>\n<meta property=\"og:url\" content=\"https:\/\/slaptameile.lt\/en\/preke\/linine-staltiese-love-story-of-royal-vilnius-i-2-dydziai\/\" \/>\n<meta property=\"og:site_name\" content=\"Slapta Meil\u0117\" \/>\n<meta property=\"article:publisher\" content=\"https:\/\/www.facebook.com\/SlaptaMeileBarbora\" \/>\n<meta property=\"article:modified_time\" content=\"2026-04-08T11:11:54+00:00\" \/>\n<meta property=\"og:image\" content=\"https:\/\/slaptameile.lt\/wp-content\/uploads\/2025\/07\/decoflux-linine-staltiese-slapta-meile-love-story-of-royal-vilnius-linas-4.webp\" \/>\n\t<meta property=\"og:image:width\" content=\"976\" \/>\n\t<meta property=\"og:image:height\" content=\"1140\" \/>\n\t<meta property=\"og:image:type\" content=\"image\/webp\" \/>\n<meta name=\"twitter:card\" content=\"summary_large_image\" \/>\n<meta name=\"twitter:label1\" content=\"Est. reading time\" \/>\n\t<meta name=\"twitter:data1\" content=\"1 minute\" \/>\n<script type=\"application\/ld+json\" class=\"yoast-schema-graph\">{\"@context\":\"https:\\\/\\\/schema.org\",\"@graph\":[{\"@type\":\"WebPage\",\"@id\":\"https:\\\/\\\/slaptameile.lt\\\/preke\\\/linine-staltiese-love-story-of-royal-vilnius-i-2-dydziai\\\/\",\"url\":\"https:\\\/\\\/slaptameile.lt\\\/preke\\\/linine-staltiese-love-story-of-royal-vilnius-i-2-dydziai\\\/\",\"name\":\"Linin\u0117 stalties\u0117 \u201eKarali\u0161ko Vilniaus meil\u0117s istorija\u201c I 2 dyd\u017eiai - Slapta Meil\u0117\",\"isPartOf\":{\"@id\":\"https:\\\/\\\/slaptameile.lt\\\/#website\"},\"primaryImageOfPage\":{\"@id\":\"https:\\\/\\\/slaptameile.lt\\\/preke\\\/linine-staltiese-love-story-of-royal-vilnius-i-2-dydziai\\\/#primaryimage\"},\"image\":{\"@id\":\"https:\\\/\\\/slaptameile.lt\\\/preke\\\/linine-staltiese-love-story-of-royal-vilnius-i-2-dydziai\\\/#primaryimage\"},\"thumbnailUrl\":\"https:\\\/\\\/slaptameile.lt\\\/wp-content\\\/uploads\\\/2025\\\/07\\\/decoflux-linine-staltiese-slapta-meile-love-story-of-royal-vilnius-linas-4.webp\",\"datePublished\":\"2024-08-14T13:45:34+00:00\",\"dateModified\":\"2026-04-08T11:11:54+00:00\",\"breadcrumb\":{\"@id\":\"https:\\\/\\\/slaptameile.lt\\\/preke\\\/linine-staltiese-love-story-of-royal-vilnius-i-2-dydziai\\\/#breadcrumb\"},\"inLanguage\":\"en-US\",\"potentialAction\":[{\"@type\":\"ReadAction\",\"target\":[\"https:\\\/\\\/slaptameile.lt\\\/preke\\\/linine-staltiese-love-story-of-royal-vilnius-i-2-dydziai\\\/\"]}]},{\"@type\":\"ImageObject\",\"inLanguage\":\"en-US\",\"@id\":\"https:\\\/\\\/slaptameile.lt\\\/preke\\\/linine-staltiese-love-story-of-royal-vilnius-i-2-dydziai\\\/#primaryimage\",\"url\":\"https:\\\/\\\/slaptameile.lt\\\/wp-content\\\/uploads\\\/2025\\\/07\\\/decoflux-linine-staltiese-slapta-meile-love-story-of-royal-vilnius-linas-4.webp\",\"contentUrl\":\"https:\\\/\\\/slaptameile.lt\\\/wp-content\\\/uploads\\\/2025\\\/07\\\/decoflux-linine-staltiese-slapta-meile-love-story-of-royal-vilnius-linas-4.webp\",\"width\":976,\"height\":1140},{\"@type\":\"BreadcrumbList\",\"@id\":\"https:\\\/\\\/slaptameile.lt\\\/preke\\\/linine-staltiese-love-story-of-royal-vilnius-i-2-dydziai\\\/#breadcrumb\",\"itemListElement\":[{\"@type\":\"ListItem\",\"position\":1,\"name\":\"Home\",\"item\":\"https:\\\/\\\/slaptameile.lt\\\/\"},{\"@type\":\"ListItem\",\"position\":2,\"name\":\"Parduotuv\u0117\",\"item\":\"https:\\\/\\\/slaptameile.lt\\\/parduotuve\\\/\"},{\"@type\":\"ListItem\",\"position\":3,\"name\":\"Linin\u0117 stalties\u0117 \u201eKarali\u0161ko Vilniaus meil\u0117s istorija\u201c I 2 dyd\u017eiai\"}]},{\"@type\":\"WebSite\",\"@id\":\"https:\\\/\\\/slaptameile.lt\\\/#website\",\"url\":\"https:\\\/\\\/slaptameile.lt\\\/\",\"name\":\"Slapta Meil\u0117\",\"description\":\"\",\"publisher\":{\"@id\":\"https:\\\/\\\/slaptameile.lt\\\/#organization\"},\"potentialAction\":[{\"@type\":\"SearchAction\",\"target\":{\"@type\":\"EntryPoint\",\"urlTemplate\":\"https:\\\/\\\/slaptameile.lt\\\/?s={search_term_string}\"},\"query-input\":{\"@type\":\"PropertyValueSpecification\",\"valueRequired\":true,\"valueName\":\"search_term_string\"}}],\"inLanguage\":\"en-US\"},{\"@type\":\"Organization\",\"@id\":\"https:\\\/\\\/slaptameile.lt\\\/#organization\",\"name\":\"Slapta Meil\u0117\",\"url\":\"https:\\\/\\\/slaptameile.lt\\\/\",\"logo\":{\"@type\":\"ImageObject\",\"inLanguage\":\"en-US\",\"@id\":\"https:\\\/\\\/slaptameile.lt\\\/#\\\/schema\\\/logo\\\/image\\\/\",\"url\":\"https:\\\/\\\/slaptameile.lt\\\/wp-content\\\/uploads\\\/2026\\\/04\\\/sm-logo.jpg\",\"contentUrl\":\"https:\\\/\\\/slaptameile.lt\\\/wp-content\\\/uploads\\\/2026\\\/04\\\/sm-logo.jpg\",\"width\":810,\"height\":380,\"caption\":\"Slapta Meil\u0117\"},\"image\":{\"@id\":\"https:\\\/\\\/slaptameile.lt\\\/#\\\/schema\\\/logo\\\/image\\\/\"},\"sameAs\":[\"https:\\\/\\\/www.facebook.com\\\/SlaptaMeileBarbora\",\"https:\\\/\\\/www.instagram.com\\\/slaptameile\",\"https:\\\/\\\/www.tiktok.com\\\/@slaptameile1\"]}]}<\/script>\n<!-- \/ Yoast SEO plugin. -->","yoast_head_json":{"title":"Linin\u0117 stalties\u0117 \u201eKarali\u0161ko Vilniaus meil\u0117s istorija\u201c I 2 dyd\u017eiai - Slapta Meil\u0117","robots":{"index":"index","follow":"follow","max-snippet":"max-snippet:-1","max-image-preview":"max-image-preview:large","max-video-preview":"max-video-preview:-1"},"canonical":"https:\/\/slaptameile.lt\/en\/preke\/linine-staltiese-love-story-of-royal-vilnius-i-2-dydziai\/","og_locale":"en_US","og_type":"article","og_title":"Linin\u0117 stalties\u0117 \u201eKarali\u0161ko Vilniaus meil\u0117s istorija\u201c I 2 dyd\u017eiai - Slapta Meil\u0117","og_description":"Stalties\u0117, kuri pasakoja karali\u0161k\u0105 meil\u0117s istorij\u0105.  \u0160i\u00a0linin\u0117 stalties\u0117\u00a0\u2013 tai Vilniaus senamies\u010dio kont\u016brais i\u0161ra\u0161yta meil\u0117s istorija. Ant jos \u2013 ikoni\u0161kos vietos, kuriais \u017eeng\u0117 Barbora Radvilait\u0117 ir \u017dygimantas Augustas: nuo Valdov\u0173 r\u016bm\u0173 iki Au\u0161ros vart\u0173, nuo slapt\u0173 priesaik\u0173 Katedroje iki romanti\u0161k\u0173 atod\u016bsi\u0173 Pilies gatv\u0117je.  Grafik\u0105 k\u016br\u0117 meninink\u0117 Julija Janus. Kiekvienas linijos vingis primena, kad meil\u0117 Vilniuje buvo tokia garsi, jog iki \u0161iol verta atspaudo ant stalties\u0117s. Ir ne \u2013 tai ne \u0161iaip dekoras. Tai tvirtas, kult\u016brinis parei\u0161kimas tavo stalui, vakarienei ar \u0161ventei.  Tinka kaip\u00a0dovana vestuv\u0117ms,\u00a0nam\u0173 \u0161ventei,\u00a0lauktuv\u0117 i\u0161 Lietuvos\u00a0ar tiesiog kaip tylus komplimentas tavo interjerui. Stalties\u0117 i\u0161 mi\u0161raus lino ir medviln\u0117s \u2013 \u0161velni, nat\u016brali, tokia, kuri tiks ir klasikiniam, ir moderniam stalui.  Sud\u0117tis\u00a053 % linas, 47 % medviln\u0117 Spalva\u00a0nat\u016bralaus lino \u2013 \u0161viesiai rusva, pilkai sm\u0117lin\u0117 Dyd\u017eiai\u00a0140\u00d7140 cm ir 140\u00d7240 cm Pagaminta Lietuvoje","og_url":"https:\/\/slaptameile.lt\/en\/preke\/linine-staltiese-love-story-of-royal-vilnius-i-2-dydziai\/","og_site_name":"Slapta Meil\u0117","article_publisher":"https:\/\/www.facebook.com\/SlaptaMeileBarbora","article_modified_time":"2026-04-08T11:11:54+00:00","og_image":[{"width":976,"height":1140,"url":"https:\/\/slaptameile.lt\/wp-content\/uploads\/2025\/07\/decoflux-linine-staltiese-slapta-meile-love-story-of-royal-vilnius-linas-4.webp","type":"image\/webp"}],"twitter_card":"summary_large_image","twitter_misc":{"Est. reading time":"1 minute"},"schema":{"@context":"https:\/\/schema.org","@graph":[{"@type":"WebPage","@id":"https:\/\/slaptameile.lt\/preke\/linine-staltiese-love-story-of-royal-vilnius-i-2-dydziai\/","url":"https:\/\/slaptameile.lt\/preke\/linine-staltiese-love-story-of-royal-vilnius-i-2-dydziai\/","name":"Linin\u0117 stalties\u0117 \u201eKarali\u0161ko Vilniaus meil\u0117s istorija\u201c I 2 dyd\u017eiai - Slapta Meil\u0117","isPartOf":{"@id":"https:\/\/slaptameile.lt\/#website"},"primaryImageOfPage":{"@id":"https:\/\/slaptameile.lt\/preke\/linine-staltiese-love-story-of-royal-vilnius-i-2-dydziai\/#primaryimage"},"image":{"@id":"https:\/\/slaptameile.lt\/preke\/linine-staltiese-love-story-of-royal-vilnius-i-2-dydziai\/#primaryimage"},"thumbnailUrl":"https:\/\/slaptameile.lt\/wp-content\/uploads\/2025\/07\/decoflux-linine-staltiese-slapta-meile-love-story-of-royal-vilnius-linas-4.webp","datePublished":"2024-08-14T13:45:34+00:00","dateModified":"2026-04-08T11:11:54+00:00","breadcrumb":{"@id":"https:\/\/slaptameile.lt\/preke\/linine-staltiese-love-story-of-royal-vilnius-i-2-dydziai\/#breadcrumb"},"inLanguage":"en-US","potentialAction":[{"@type":"ReadAction","target":["https:\/\/slaptameile.lt\/preke\/linine-staltiese-love-story-of-royal-vilnius-i-2-dydziai\/"]}]},{"@type":"ImageObject","inLanguage":"en-US","@id":"https:\/\/slaptameile.lt\/preke\/linine-staltiese-love-story-of-royal-vilnius-i-2-dydziai\/#primaryimage","url":"https:\/\/slaptameile.lt\/wp-content\/uploads\/2025\/07\/decoflux-linine-staltiese-slapta-meile-love-story-of-royal-vilnius-linas-4.webp","contentUrl":"https:\/\/slaptameile.lt\/wp-content\/uploads\/2025\/07\/decoflux-linine-staltiese-slapta-meile-love-story-of-royal-vilnius-linas-4.webp","width":976,"height":1140},{"@type":"BreadcrumbList","@id":"https:\/\/slaptameile.lt\/preke\/linine-staltiese-love-story-of-royal-vilnius-i-2-dydziai\/#breadcrumb","itemListElement":[{"@type":"ListItem","position":1,"name":"Home","item":"https:\/\/slaptameile.lt\/"},{"@type":"ListItem","position":2,"name":"Parduotuv\u0117","item":"https:\/\/slaptameile.lt\/parduotuve\/"},{"@type":"ListItem","position":3,"name":"Linin\u0117 stalties\u0117 \u201eKarali\u0161ko Vilniaus meil\u0117s istorija\u201c I 2 dyd\u017eiai"}]},{"@type":"WebSite","@id":"https:\/\/slaptameile.lt\/#website","url":"https:\/\/slaptameile.lt\/","name":"Secret Love","description":"","publisher":{"@id":"https:\/\/slaptameile.lt\/#organization"},"potentialAction":[{"@type":"SearchAction","target":{"@type":"EntryPoint","urlTemplate":"https:\/\/slaptameile.lt\/?s={search_term_string}"},"query-input":{"@type":"PropertyValueSpecification","valueRequired":true,"valueName":"search_term_string"}}],"inLanguage":"en-US"},{"@type":"Organization","@id":"https:\/\/slaptameile.lt\/#organization","name":"Secret Love","url":"https:\/\/slaptameile.lt\/","logo":{"@type":"ImageObject","inLanguage":"en-US","@id":"https:\/\/slaptameile.lt\/#\/schema\/logo\/image\/","url":"https:\/\/slaptameile.lt\/wp-content\/uploads\/2026\/04\/sm-logo.jpg","contentUrl":"https:\/\/slaptameile.lt\/wp-content\/uploads\/2026\/04\/sm-logo.jpg","width":810,"height":380,"caption":"Slapta Meil\u0117"},"image":{"@id":"https:\/\/slaptameile.lt\/#\/schema\/logo\/image\/"},"sameAs":["https:\/\/www.facebook.com\/SlaptaMeileBarbora","https:\/\/www.instagram.com\/slaptameile","https:\/\/www.tiktok.com\/@slaptameile1"]}]}},"_links":{"self":[{"href":"https:\/\/slaptameile.lt\/en\/wp-json\/wp\/v2\/product\/313","targetHints":{"allow":["GET"]}}],"collection":[{"href":"https:\/\/slaptameile.lt\/en\/wp-json\/wp\/v2\/product"}],"about":[{"href":"https:\/\/slaptameile.lt\/en\/wp-json\/wp\/v2\/types\/product"}],"replies":[{"embeddable":true,"href":"https:\/\/slaptameile.lt\/en\/wp-json\/wp\/v2\/comments?post=313"}],"wp:featuredmedia":[{"embeddable":true,"href":"https:\/\/slaptameile.lt\/en\/wp-json\/wp\/v2\/media\/314"}],"wp:attachment":[{"href":"https:\/\/slaptameile.lt\/en\/wp-json\/wp\/v2\/media?parent=313"}],"wp:term":[{"taxonomy":"partner","embeddable":true,"href":"https:\/\/slaptameile.lt\/en\/wp-json\/wp\/v2\/partner?post=313"},{"taxonomy":"product_brand","embeddable":true,"href":"https:\/\/slaptameile.lt\/en\/wp-json\/wp\/v2\/product_brand?post=313"},{"taxonomy":"product_cat","embeddable":true,"href":"https:\/\/slaptameile.lt\/en\/wp-json\/wp\/v2\/product_cat?post=313"},{"taxonomy":"product_tag","embeddable":true,"href":"https:\/\/slaptameile.lt\/en\/wp-json\/wp\/v2\/product_tag?post=313"}],"curies":[{"name":"wp","href":"https:\/\/api.w.org\/{rel}","templated":true}]}}