{"id":309,"date":"2024-08-14T17:15:28","date_gmt":"2024-08-14T14:15:28","guid":{"rendered":"https:\/\/slaptameile.lt\/?post_type=product&#038;p=309"},"modified":"2026-04-08T14:11:23","modified_gmt":"2026-04-08T11:11:23","slug":"magnetukas-karunuota-sirdis-sirdyje","status":"publish","type":"product","link":"https:\/\/slaptameile.lt\/en\/preke\/magnetukas-karunuota-sirdis-sirdyje\/","title":{"rendered":"\u201eCrowned Heart in Heart\u201c Magnet\u201c"},"content":{"rendered":"<p>Nes kartais meil\u0117 b\u016bna tokia didel\u0117, kad net dvi \u0161irdys telpa vienoje.\u00a0Rank\u0173 darbo keraminis magnetukas\u00a0\u2013 simbolin\u0117 dovana i\u0161\u00a0Barboros Radvilait\u0117s ir \u017dygimanto Augusto meil\u0117s istorijos, kuri, beje, i\u0161gyveno daugiau intrig\u0173 nei dauguma \u0161iuolaikini\u0173 serial\u0173.<\/p>\n<p>Pagamintas i\u0161 juodo molio, i\u0161degtas auk\u0161toje temperat\u016broje ir nuspalvintas\u00a0tamsiu auksu\u00a0\u2013 \u0161is magnetukas puikiai laikysis ant \u0161aldytuvo, primindamas, kad meil\u0117 \u2013 kaip medus: saldi, bet reikia laikyti v\u0117siai.<\/p>\n<p>Dizainas: tamsiai auksin\u0117 \u0161irdis<\/p>\n<p>Dydis: apie 8 \u00d7 7 cm<br \/>\nRank\u0173 darbo, tod\u0117l kiekvienas unikalus<br \/>\nSukurta Mr. Bowl Ceramics meninink\u0117s Indr\u0117s<br \/>\nSLAPTA MEIL\u0116 kolekcija<br \/>\nMade and manufactured in Lithuania<\/p>","protected":false},"excerpt":{"rendered":"<p>Nes kartais meil\u0117 b\u016bna tokia didel\u0117, kad net dvi \u0161irdys telpa vienoje.\u00a0Rank\u0173 darbo keraminis magnetukas\u00a0\u2013 simbolin\u0117 dovana i\u0161\u00a0Barboros Radvilait\u0117s ir \u017dygimanto Augusto meil\u0117s istorijos, kuri, beje, i\u0161gyveno daugiau intrig\u0173 nei dauguma \u0161iuolaikini\u0173 serial\u0173.<\/p>\n<p>Pagamintas i\u0161 juodo molio, i\u0161degtas auk\u0161toje temperat\u016broje ir nuspalvintas\u00a0tamsiu auksu\u00a0\u2013 \u0161is magnetukas puikiai laikysis ant \u0161aldytuvo, primindamas, kad meil\u0117 \u2013 kaip medus: saldi, bet reikia laikyti v\u0117siai.<\/p>\n<p>Dizainas: tamsiai auksin\u0117 \u0161irdis<\/p>\n<p>Dydis: apie 8 \u00d7 7 cm<br \/>\nRank\u0173 darbo, tod\u0117l kiekvienas unikalus<br \/>\nSukurta Mr. Bowl Ceramics meninink\u0117s Indr\u0117s<br \/>\nSLAPTA MEIL\u0116 kolekcija<br \/>\nMade and manufactured in Lithuania<\/p>","protected":false},"featured_media":2525,"comment_status":"open","ping_status":"closed","template":"","meta":{"_acf_changed":false},"partner":[82],"product_brand":[],"product_cat":[18,27],"product_tag":[],"class_list":{"0":"post-309","1":"product","2":"type-product","3":"status-publish","4":"has-post-thumbnail","6":"partner-mr-bowl-ceramics","7":"product_cat-karaliskoji-kolekcija","8":"product_cat-namu-didybei","10":"first","11":"instock","12":"taxable","13":"shipping-taxable","14":"purchasable","15":"product-type-simple"},"acf":[],"yoast_head":"<!-- This site is optimized with the Yoast SEO plugin v27.5 - https:\/\/yoast.com\/product\/yoast-seo-wordpress\/ -->\n<title>Magnetukas \u201eKar\u016bnuota \u0161irdis \u0161irdyje\u201c - Slapta Meil\u0117<\/title>\n<meta name=\"robots\" content=\"index, follow, max-snippet:-1, max-image-preview:large, max-video-preview:-1\" \/>\n<link rel=\"canonical\" href=\"https:\/\/slaptameile.lt\/en\/preke\/magnetukas-karunuota-sirdis-sirdyje\/\" \/>\n<meta property=\"og:locale\" content=\"en_US\" \/>\n<meta property=\"og:type\" content=\"article\" \/>\n<meta property=\"og:title\" content=\"Magnetukas \u201eKar\u016bnuota \u0161irdis \u0161irdyje\u201c - Slapta Meil\u0117\" \/>\n<meta property=\"og:description\" content=\"Nes kartais meil\u0117 b\u016bna tokia didel\u0117, kad net dvi \u0161irdys telpa vienoje.\u00a0Rank\u0173 darbo keraminis magnetukas\u00a0\u2013 simbolin\u0117 dovana i\u0161\u00a0Barboros Radvilait\u0117s ir \u017dygimanto Augusto meil\u0117s istorijos, kuri, beje, i\u0161gyveno daugiau intrig\u0173 nei dauguma \u0161iuolaikini\u0173 serial\u0173.  Pagamintas i\u0161 juodo molio, i\u0161degtas auk\u0161toje temperat\u016broje ir nuspalvintas\u00a0tamsiu auksu\u00a0\u2013 \u0161is magnetukas puikiai laikysis ant \u0161aldytuvo, primindamas, kad meil\u0117 \u2013 kaip medus: saldi, bet reikia laikyti v\u0117siai.  Dizainas: tamsiai auksin\u0117 \u0161irdis  Dydis: apie 8 \u00d7 7 cm Rank\u0173 darbo, tod\u0117l kiekvienas unikalus Sukurta Mr. Bowl Ceramics meninink\u0117s Indr\u0117s SLAPTA MEIL\u0116 kolekcija Sukurta ir pagaminta Lietuvoje\" \/>\n<meta property=\"og:url\" content=\"https:\/\/slaptameile.lt\/en\/preke\/magnetukas-karunuota-sirdis-sirdyje\/\" \/>\n<meta property=\"og:site_name\" content=\"Slapta Meil\u0117\" \/>\n<meta property=\"article:publisher\" content=\"https:\/\/www.facebook.com\/SlaptaMeileBarbora\" \/>\n<meta property=\"article:modified_time\" content=\"2026-04-08T11:11:23+00:00\" \/>\n<meta property=\"og:image\" content=\"https:\/\/slaptameile.lt\/wp-content\/uploads\/2024\/08\/Magnetukas_Karunuota_sirdis_sirdyje-1-of-6.jpg\" \/>\n\t<meta property=\"og:image:width\" content=\"2400\" \/>\n\t<meta property=\"og:image:height\" content=\"3000\" \/>\n\t<meta property=\"og:image:type\" content=\"image\/jpeg\" \/>\n<meta name=\"twitter:card\" content=\"summary_large_image\" \/>\n<script type=\"application\/ld+json\" class=\"yoast-schema-graph\">{\"@context\":\"https:\\\/\\\/schema.org\",\"@graph\":[{\"@type\":\"WebPage\",\"@id\":\"https:\\\/\\\/slaptameile.lt\\\/preke\\\/magnetukas-karunuota-sirdis-sirdyje\\\/\",\"url\":\"https:\\\/\\\/slaptameile.lt\\\/preke\\\/magnetukas-karunuota-sirdis-sirdyje\\\/\",\"name\":\"Magnetukas \u201eKar\u016bnuota \u0161irdis \u0161irdyje\u201c - Slapta Meil\u0117\",\"isPartOf\":{\"@id\":\"https:\\\/\\\/slaptameile.lt\\\/#website\"},\"primaryImageOfPage\":{\"@id\":\"https:\\\/\\\/slaptameile.lt\\\/preke\\\/magnetukas-karunuota-sirdis-sirdyje\\\/#primaryimage\"},\"image\":{\"@id\":\"https:\\\/\\\/slaptameile.lt\\\/preke\\\/magnetukas-karunuota-sirdis-sirdyje\\\/#primaryimage\"},\"thumbnailUrl\":\"https:\\\/\\\/slaptameile.lt\\\/wp-content\\\/uploads\\\/2024\\\/08\\\/Magnetukas_Karunuota_sirdis_sirdyje-1-of-6.jpg\",\"datePublished\":\"2024-08-14T14:15:28+00:00\",\"dateModified\":\"2026-04-08T11:11:23+00:00\",\"breadcrumb\":{\"@id\":\"https:\\\/\\\/slaptameile.lt\\\/preke\\\/magnetukas-karunuota-sirdis-sirdyje\\\/#breadcrumb\"},\"inLanguage\":\"en-US\",\"potentialAction\":[{\"@type\":\"ReadAction\",\"target\":[\"https:\\\/\\\/slaptameile.lt\\\/preke\\\/magnetukas-karunuota-sirdis-sirdyje\\\/\"]}]},{\"@type\":\"ImageObject\",\"inLanguage\":\"en-US\",\"@id\":\"https:\\\/\\\/slaptameile.lt\\\/preke\\\/magnetukas-karunuota-sirdis-sirdyje\\\/#primaryimage\",\"url\":\"https:\\\/\\\/slaptameile.lt\\\/wp-content\\\/uploads\\\/2024\\\/08\\\/Magnetukas_Karunuota_sirdis_sirdyje-1-of-6.jpg\",\"contentUrl\":\"https:\\\/\\\/slaptameile.lt\\\/wp-content\\\/uploads\\\/2024\\\/08\\\/Magnetukas_Karunuota_sirdis_sirdyje-1-of-6.jpg\",\"width\":2400,\"height\":3000},{\"@type\":\"BreadcrumbList\",\"@id\":\"https:\\\/\\\/slaptameile.lt\\\/preke\\\/magnetukas-karunuota-sirdis-sirdyje\\\/#breadcrumb\",\"itemListElement\":[{\"@type\":\"ListItem\",\"position\":1,\"name\":\"Home\",\"item\":\"https:\\\/\\\/slaptameile.lt\\\/\"},{\"@type\":\"ListItem\",\"position\":2,\"name\":\"Parduotuv\u0117\",\"item\":\"https:\\\/\\\/slaptameile.lt\\\/parduotuve\\\/\"},{\"@type\":\"ListItem\",\"position\":3,\"name\":\"Magnetukas \u201eKar\u016bnuota \u0161irdis \u0161irdyje\u201c\"}]},{\"@type\":\"WebSite\",\"@id\":\"https:\\\/\\\/slaptameile.lt\\\/#website\",\"url\":\"https:\\\/\\\/slaptameile.lt\\\/\",\"name\":\"Slapta Meil\u0117\",\"description\":\"\",\"publisher\":{\"@id\":\"https:\\\/\\\/slaptameile.lt\\\/#organization\"},\"potentialAction\":[{\"@type\":\"SearchAction\",\"target\":{\"@type\":\"EntryPoint\",\"urlTemplate\":\"https:\\\/\\\/slaptameile.lt\\\/?s={search_term_string}\"},\"query-input\":{\"@type\":\"PropertyValueSpecification\",\"valueRequired\":true,\"valueName\":\"search_term_string\"}}],\"inLanguage\":\"en-US\"},{\"@type\":\"Organization\",\"@id\":\"https:\\\/\\\/slaptameile.lt\\\/#organization\",\"name\":\"Slapta Meil\u0117\",\"url\":\"https:\\\/\\\/slaptameile.lt\\\/\",\"logo\":{\"@type\":\"ImageObject\",\"inLanguage\":\"en-US\",\"@id\":\"https:\\\/\\\/slaptameile.lt\\\/#\\\/schema\\\/logo\\\/image\\\/\",\"url\":\"https:\\\/\\\/slaptameile.lt\\\/wp-content\\\/uploads\\\/2026\\\/04\\\/sm-logo.jpg\",\"contentUrl\":\"https:\\\/\\\/slaptameile.lt\\\/wp-content\\\/uploads\\\/2026\\\/04\\\/sm-logo.jpg\",\"width\":810,\"height\":380,\"caption\":\"Slapta Meil\u0117\"},\"image\":{\"@id\":\"https:\\\/\\\/slaptameile.lt\\\/#\\\/schema\\\/logo\\\/image\\\/\"},\"sameAs\":[\"https:\\\/\\\/www.facebook.com\\\/SlaptaMeileBarbora\",\"https:\\\/\\\/www.instagram.com\\\/slaptameile\",\"https:\\\/\\\/www.tiktok.com\\\/@slaptameile1\"]}]}<\/script>\n<!-- \/ Yoast SEO plugin. -->","yoast_head_json":{"title":"Magnetukas \u201eKar\u016bnuota \u0161irdis \u0161irdyje\u201c - Slapta Meil\u0117","robots":{"index":"index","follow":"follow","max-snippet":"max-snippet:-1","max-image-preview":"max-image-preview:large","max-video-preview":"max-video-preview:-1"},"canonical":"https:\/\/slaptameile.lt\/en\/preke\/magnetukas-karunuota-sirdis-sirdyje\/","og_locale":"en_US","og_type":"article","og_title":"Magnetukas \u201eKar\u016bnuota \u0161irdis \u0161irdyje\u201c - Slapta Meil\u0117","og_description":"Nes kartais meil\u0117 b\u016bna tokia didel\u0117, kad net dvi \u0161irdys telpa vienoje.\u00a0Rank\u0173 darbo keraminis magnetukas\u00a0\u2013 simbolin\u0117 dovana i\u0161\u00a0Barboros Radvilait\u0117s ir \u017dygimanto Augusto meil\u0117s istorijos, kuri, beje, i\u0161gyveno daugiau intrig\u0173 nei dauguma \u0161iuolaikini\u0173 serial\u0173.  Pagamintas i\u0161 juodo molio, i\u0161degtas auk\u0161toje temperat\u016broje ir nuspalvintas\u00a0tamsiu auksu\u00a0\u2013 \u0161is magnetukas puikiai laikysis ant \u0161aldytuvo, primindamas, kad meil\u0117 \u2013 kaip medus: saldi, bet reikia laikyti v\u0117siai.  Dizainas: tamsiai auksin\u0117 \u0161irdis  Dydis: apie 8 \u00d7 7 cm Rank\u0173 darbo, tod\u0117l kiekvienas unikalus Sukurta Mr. Bowl Ceramics meninink\u0117s Indr\u0117s SLAPTA MEIL\u0116 kolekcija Sukurta ir pagaminta Lietuvoje","og_url":"https:\/\/slaptameile.lt\/en\/preke\/magnetukas-karunuota-sirdis-sirdyje\/","og_site_name":"Slapta Meil\u0117","article_publisher":"https:\/\/www.facebook.com\/SlaptaMeileBarbora","article_modified_time":"2026-04-08T11:11:23+00:00","og_image":[{"width":2400,"height":3000,"url":"https:\/\/slaptameile.lt\/wp-content\/uploads\/2024\/08\/Magnetukas_Karunuota_sirdis_sirdyje-1-of-6.jpg","type":"image\/jpeg"}],"twitter_card":"summary_large_image","schema":{"@context":"https:\/\/schema.org","@graph":[{"@type":"WebPage","@id":"https:\/\/slaptameile.lt\/preke\/magnetukas-karunuota-sirdis-sirdyje\/","url":"https:\/\/slaptameile.lt\/preke\/magnetukas-karunuota-sirdis-sirdyje\/","name":"Magnetukas \u201eKar\u016bnuota \u0161irdis \u0161irdyje\u201c - Slapta Meil\u0117","isPartOf":{"@id":"https:\/\/slaptameile.lt\/#website"},"primaryImageOfPage":{"@id":"https:\/\/slaptameile.lt\/preke\/magnetukas-karunuota-sirdis-sirdyje\/#primaryimage"},"image":{"@id":"https:\/\/slaptameile.lt\/preke\/magnetukas-karunuota-sirdis-sirdyje\/#primaryimage"},"thumbnailUrl":"https:\/\/slaptameile.lt\/wp-content\/uploads\/2024\/08\/Magnetukas_Karunuota_sirdis_sirdyje-1-of-6.jpg","datePublished":"2024-08-14T14:15:28+00:00","dateModified":"2026-04-08T11:11:23+00:00","breadcrumb":{"@id":"https:\/\/slaptameile.lt\/preke\/magnetukas-karunuota-sirdis-sirdyje\/#breadcrumb"},"inLanguage":"en-US","potentialAction":[{"@type":"ReadAction","target":["https:\/\/slaptameile.lt\/preke\/magnetukas-karunuota-sirdis-sirdyje\/"]}]},{"@type":"ImageObject","inLanguage":"en-US","@id":"https:\/\/slaptameile.lt\/preke\/magnetukas-karunuota-sirdis-sirdyje\/#primaryimage","url":"https:\/\/slaptameile.lt\/wp-content\/uploads\/2024\/08\/Magnetukas_Karunuota_sirdis_sirdyje-1-of-6.jpg","contentUrl":"https:\/\/slaptameile.lt\/wp-content\/uploads\/2024\/08\/Magnetukas_Karunuota_sirdis_sirdyje-1-of-6.jpg","width":2400,"height":3000},{"@type":"BreadcrumbList","@id":"https:\/\/slaptameile.lt\/preke\/magnetukas-karunuota-sirdis-sirdyje\/#breadcrumb","itemListElement":[{"@type":"ListItem","position":1,"name":"Home","item":"https:\/\/slaptameile.lt\/"},{"@type":"ListItem","position":2,"name":"Parduotuv\u0117","item":"https:\/\/slaptameile.lt\/parduotuve\/"},{"@type":"ListItem","position":3,"name":"Magnetukas \u201eKar\u016bnuota \u0161irdis \u0161irdyje\u201c"}]},{"@type":"WebSite","@id":"https:\/\/slaptameile.lt\/#website","url":"https:\/\/slaptameile.lt\/","name":"Secret Love","description":"","publisher":{"@id":"https:\/\/slaptameile.lt\/#organization"},"potentialAction":[{"@type":"SearchAction","target":{"@type":"EntryPoint","urlTemplate":"https:\/\/slaptameile.lt\/?s={search_term_string}"},"query-input":{"@type":"PropertyValueSpecification","valueRequired":true,"valueName":"search_term_string"}}],"inLanguage":"en-US"},{"@type":"Organization","@id":"https:\/\/slaptameile.lt\/#organization","name":"Secret Love","url":"https:\/\/slaptameile.lt\/","logo":{"@type":"ImageObject","inLanguage":"en-US","@id":"https:\/\/slaptameile.lt\/#\/schema\/logo\/image\/","url":"https:\/\/slaptameile.lt\/wp-content\/uploads\/2026\/04\/sm-logo.jpg","contentUrl":"https:\/\/slaptameile.lt\/wp-content\/uploads\/2026\/04\/sm-logo.jpg","width":810,"height":380,"caption":"Slapta Meil\u0117"},"image":{"@id":"https:\/\/slaptameile.lt\/#\/schema\/logo\/image\/"},"sameAs":["https:\/\/www.facebook.com\/SlaptaMeileBarbora","https:\/\/www.instagram.com\/slaptameile","https:\/\/www.tiktok.com\/@slaptameile1"]}]}},"_links":{"self":[{"href":"https:\/\/slaptameile.lt\/en\/wp-json\/wp\/v2\/product\/309","targetHints":{"allow":["GET"]}}],"collection":[{"href":"https:\/\/slaptameile.lt\/en\/wp-json\/wp\/v2\/product"}],"about":[{"href":"https:\/\/slaptameile.lt\/en\/wp-json\/wp\/v2\/types\/product"}],"replies":[{"embeddable":true,"href":"https:\/\/slaptameile.lt\/en\/wp-json\/wp\/v2\/comments?post=309"}],"wp:featuredmedia":[{"embeddable":true,"href":"https:\/\/slaptameile.lt\/en\/wp-json\/wp\/v2\/media\/2525"}],"wp:attachment":[{"href":"https:\/\/slaptameile.lt\/en\/wp-json\/wp\/v2\/media?parent=309"}],"wp:term":[{"taxonomy":"partner","embeddable":true,"href":"https:\/\/slaptameile.lt\/en\/wp-json\/wp\/v2\/partner?post=309"},{"taxonomy":"product_brand","embeddable":true,"href":"https:\/\/slaptameile.lt\/en\/wp-json\/wp\/v2\/product_brand?post=309"},{"taxonomy":"product_cat","embeddable":true,"href":"https:\/\/slaptameile.lt\/en\/wp-json\/wp\/v2\/product_cat?post=309"},{"taxonomy":"product_tag","embeddable":true,"href":"https:\/\/slaptameile.lt\/en\/wp-json\/wp\/v2\/product_tag?post=309"}],"curies":[{"name":"wp","href":"https:\/\/api.w.org\/{rel}","templated":true}]}}