{"id":304,"date":"2024-08-14T17:30:47","date_gmt":"2024-08-14T14:30:47","guid":{"rendered":"https:\/\/slaptameile.lt\/?post_type=product&#038;p=304"},"modified":"2026-04-09T10:05:03","modified_gmt":"2026-04-09T07:05:03","slug":"karaliu-taures-juodoji-keramika-2-vnt","status":"publish","type":"product","link":"https:\/\/slaptameile.lt\/en\/preke\/karaliu-taures-juodoji-keramika-2-vnt\/","title":{"rendered":"\u201eKings Cups\u201c | black ceramics | 2 pcs."},"content":{"rendered":"<p>Rank\u0173 darbo juodosios keramikos taur\u0117s\u00a0\u2013 tarsi i\u0161 Barboros Radvilait\u0117s ir \u017dygimanto Augusto stalo, bet jau tavo virtuv\u0117je.\u00a0Autenti\u0161kas lietuvi\u0161kas dizainas, kuriame dera\u00a0renesansiniai motyvai,\u00a0poros simbolika\u00a0ir subtilus paslaptingumas.<\/p>\n<p>Tauri\u0173 forma \u2013 i\u0161kilminga, aptaki<br \/>\nSpalva \u2013 eleganti\u0161ka pilka, deginta i\u0161\u00a0juodo molio<br \/>\nTobula\u00a0vestuvi\u0173 dovana, suvenyras i\u0161 Lietuvos ar\u00a0i\u0161skirtinis indas namams, kur stiliaus ir istorijos santykiai tikrai ne \u201eslapti\u201c<\/p>\n<p>Keramikos meninink\u0117 Indr\u0117 (Mr. Bowl Ceramics)<br \/>\nSLAPTA MEIL\u0116 kolekcijos dalis<\/p>\n<p>Taur\u0117s dydis: auk\u0161tis 12 cm, skersmuo 10 cm<br \/>\nIncludes 2 pcs.<\/p>\n<p>Made and manufactured in Lithuania<\/p>","protected":false},"excerpt":{"rendered":"<p>Rank\u0173 darbo juodosios keramikos taur\u0117s\u00a0\u2013 tarsi i\u0161 Barboros Radvilait\u0117s ir \u017dygimanto Augusto stalo, bet jau tavo virtuv\u0117je.\u00a0Autenti\u0161kas lietuvi\u0161kas dizainas, kuriame dera\u00a0renesansiniai motyvai,\u00a0poros simbolika\u00a0ir subtilus paslaptingumas.<\/p>\n<p>Tauri\u0173 forma \u2013 i\u0161kilminga, aptaki<br \/>\nSpalva \u2013 eleganti\u0161ka pilka, deginta i\u0161\u00a0juodo molio<br \/>\nTobula\u00a0vestuvi\u0173 dovana, suvenyras i\u0161 Lietuvos ar\u00a0i\u0161skirtinis indas namams, kur stiliaus ir istorijos santykiai tikrai ne \u201eslapti\u201c<\/p>\n<p>Keramikos meninink\u0117 Indr\u0117 (Mr. Bowl Ceramics)<br \/>\nSLAPTA MEIL\u0116 kolekcijos dalis<\/p>\n<p>Taur\u0117s dydis: auk\u0161tis 12 cm, skersmuo 10 cm<br \/>\nIncludes 2 pcs.<\/p>\n<p>Made and manufactured in Lithuania<\/p>","protected":false},"featured_media":2492,"comment_status":"open","ping_status":"closed","template":"","meta":{"_acf_changed":false},"partner":[82],"product_brand":[],"product_cat":[18,27],"product_tag":[],"class_list":{"0":"post-304","1":"product","2":"type-product","3":"status-publish","4":"has-post-thumbnail","6":"partner-mr-bowl-ceramics","7":"product_cat-karaliskoji-kolekcija","8":"product_cat-namu-didybei","10":"first","11":"instock","12":"taxable","13":"shipping-taxable","14":"purchasable","15":"product-type-simple"},"acf":[],"yoast_head":"<!-- This site is optimized with the Yoast SEO plugin v27.5 - https:\/\/yoast.com\/product\/yoast-seo-wordpress\/ -->\n<title>\u201eKarali\u0173 taur\u0117s\u201c | juodoji keramika | 2 vnt. - Slapta Meil\u0117<\/title>\n<meta name=\"robots\" content=\"index, follow, max-snippet:-1, max-image-preview:large, max-video-preview:-1\" \/>\n<link rel=\"canonical\" href=\"https:\/\/slaptameile.lt\/en\/preke\/karaliu-taures-juodoji-keramika-2-vnt\/\" \/>\n<meta property=\"og:locale\" content=\"en_US\" \/>\n<meta property=\"og:type\" content=\"article\" \/>\n<meta property=\"og:title\" content=\"\u201eKarali\u0173 taur\u0117s\u201c | juodoji keramika | 2 vnt. - Slapta Meil\u0117\" \/>\n<meta property=\"og:description\" content=\"Rank\u0173 darbo juodosios keramikos taur\u0117s\u00a0\u2013 tarsi i\u0161 Barboros Radvilait\u0117s ir \u017dygimanto Augusto stalo, bet jau tavo virtuv\u0117je.\u00a0Autenti\u0161kas lietuvi\u0161kas dizainas, kuriame dera\u00a0renesansiniai motyvai,\u00a0poros simbolika\u00a0ir subtilus paslaptingumas.  Tauri\u0173 forma \u2013 i\u0161kilminga, aptaki Spalva \u2013 eleganti\u0161ka pilka, deginta i\u0161\u00a0juodo molio Tobula\u00a0vestuvi\u0173 dovana, suvenyras i\u0161 Lietuvos ar\u00a0i\u0161skirtinis indas namams, kur stiliaus ir istorijos santykiai tikrai ne \u201eslapti\u201c  Keramikos meninink\u0117 Indr\u0117 (Mr. Bowl Ceramics) SLAPTA MEIL\u0116 kolekcijos dalis  Taur\u0117s dydis: auk\u0161tis 12 cm, skersmuo 10 cm Komplekte 2 vnt.  Sukurta ir pagaminta Lietuvoje\" \/>\n<meta property=\"og:url\" content=\"https:\/\/slaptameile.lt\/en\/preke\/karaliu-taures-juodoji-keramika-2-vnt\/\" \/>\n<meta property=\"og:site_name\" content=\"Slapta Meil\u0117\" \/>\n<meta property=\"article:publisher\" content=\"https:\/\/www.facebook.com\/SlaptaMeileBarbora\" \/>\n<meta property=\"article:modified_time\" content=\"2026-04-09T07:05:03+00:00\" \/>\n<meta property=\"og:image\" content=\"https:\/\/slaptameile.lt\/wp-content\/uploads\/2024\/08\/Karaliu_taures-1-of-6.jpg\" \/>\n\t<meta property=\"og:image:width\" content=\"2400\" \/>\n\t<meta property=\"og:image:height\" content=\"3000\" \/>\n\t<meta property=\"og:image:type\" content=\"image\/jpeg\" \/>\n<meta name=\"twitter:card\" content=\"summary_large_image\" \/>\n<script type=\"application\/ld+json\" class=\"yoast-schema-graph\">{\"@context\":\"https:\\\/\\\/schema.org\",\"@graph\":[{\"@type\":\"WebPage\",\"@id\":\"https:\\\/\\\/slaptameile.lt\\\/preke\\\/karaliu-taures-juodoji-keramika-2-vnt\\\/\",\"url\":\"https:\\\/\\\/slaptameile.lt\\\/preke\\\/karaliu-taures-juodoji-keramika-2-vnt\\\/\",\"name\":\"\u201eKarali\u0173 taur\u0117s\u201c | juodoji keramika | 2 vnt. - Slapta Meil\u0117\",\"isPartOf\":{\"@id\":\"https:\\\/\\\/slaptameile.lt\\\/#website\"},\"primaryImageOfPage\":{\"@id\":\"https:\\\/\\\/slaptameile.lt\\\/preke\\\/karaliu-taures-juodoji-keramika-2-vnt\\\/#primaryimage\"},\"image\":{\"@id\":\"https:\\\/\\\/slaptameile.lt\\\/preke\\\/karaliu-taures-juodoji-keramika-2-vnt\\\/#primaryimage\"},\"thumbnailUrl\":\"https:\\\/\\\/slaptameile.lt\\\/wp-content\\\/uploads\\\/2024\\\/08\\\/Karaliu_taures-1-of-6.jpg\",\"datePublished\":\"2024-08-14T14:30:47+00:00\",\"dateModified\":\"2026-04-09T07:05:03+00:00\",\"breadcrumb\":{\"@id\":\"https:\\\/\\\/slaptameile.lt\\\/preke\\\/karaliu-taures-juodoji-keramika-2-vnt\\\/#breadcrumb\"},\"inLanguage\":\"en-US\",\"potentialAction\":[{\"@type\":\"ReadAction\",\"target\":[\"https:\\\/\\\/slaptameile.lt\\\/preke\\\/karaliu-taures-juodoji-keramika-2-vnt\\\/\"]}]},{\"@type\":\"ImageObject\",\"inLanguage\":\"en-US\",\"@id\":\"https:\\\/\\\/slaptameile.lt\\\/preke\\\/karaliu-taures-juodoji-keramika-2-vnt\\\/#primaryimage\",\"url\":\"https:\\\/\\\/slaptameile.lt\\\/wp-content\\\/uploads\\\/2024\\\/08\\\/Karaliu_taures-1-of-6.jpg\",\"contentUrl\":\"https:\\\/\\\/slaptameile.lt\\\/wp-content\\\/uploads\\\/2024\\\/08\\\/Karaliu_taures-1-of-6.jpg\",\"width\":2400,\"height\":3000},{\"@type\":\"BreadcrumbList\",\"@id\":\"https:\\\/\\\/slaptameile.lt\\\/preke\\\/karaliu-taures-juodoji-keramika-2-vnt\\\/#breadcrumb\",\"itemListElement\":[{\"@type\":\"ListItem\",\"position\":1,\"name\":\"Home\",\"item\":\"https:\\\/\\\/slaptameile.lt\\\/\"},{\"@type\":\"ListItem\",\"position\":2,\"name\":\"Parduotuv\u0117\",\"item\":\"https:\\\/\\\/slaptameile.lt\\\/parduotuve\\\/\"},{\"@type\":\"ListItem\",\"position\":3,\"name\":\"\u201eKarali\u0173 taur\u0117s\u201c | juodoji keramika | 2 vnt.\"}]},{\"@type\":\"WebSite\",\"@id\":\"https:\\\/\\\/slaptameile.lt\\\/#website\",\"url\":\"https:\\\/\\\/slaptameile.lt\\\/\",\"name\":\"Slapta Meil\u0117\",\"description\":\"\",\"publisher\":{\"@id\":\"https:\\\/\\\/slaptameile.lt\\\/#organization\"},\"potentialAction\":[{\"@type\":\"SearchAction\",\"target\":{\"@type\":\"EntryPoint\",\"urlTemplate\":\"https:\\\/\\\/slaptameile.lt\\\/?s={search_term_string}\"},\"query-input\":{\"@type\":\"PropertyValueSpecification\",\"valueRequired\":true,\"valueName\":\"search_term_string\"}}],\"inLanguage\":\"en-US\"},{\"@type\":\"Organization\",\"@id\":\"https:\\\/\\\/slaptameile.lt\\\/#organization\",\"name\":\"Slapta Meil\u0117\",\"url\":\"https:\\\/\\\/slaptameile.lt\\\/\",\"logo\":{\"@type\":\"ImageObject\",\"inLanguage\":\"en-US\",\"@id\":\"https:\\\/\\\/slaptameile.lt\\\/#\\\/schema\\\/logo\\\/image\\\/\",\"url\":\"https:\\\/\\\/slaptameile.lt\\\/wp-content\\\/uploads\\\/2026\\\/04\\\/sm-logo.jpg\",\"contentUrl\":\"https:\\\/\\\/slaptameile.lt\\\/wp-content\\\/uploads\\\/2026\\\/04\\\/sm-logo.jpg\",\"width\":810,\"height\":380,\"caption\":\"Slapta Meil\u0117\"},\"image\":{\"@id\":\"https:\\\/\\\/slaptameile.lt\\\/#\\\/schema\\\/logo\\\/image\\\/\"},\"sameAs\":[\"https:\\\/\\\/www.facebook.com\\\/SlaptaMeileBarbora\",\"https:\\\/\\\/www.instagram.com\\\/slaptameile\",\"https:\\\/\\\/www.tiktok.com\\\/@slaptameile1\"]}]}<\/script>\n<!-- \/ Yoast SEO plugin. -->","yoast_head_json":{"title":"\u201eKarali\u0173 taur\u0117s\u201c | juodoji keramika | 2 vnt. - Slapta Meil\u0117","robots":{"index":"index","follow":"follow","max-snippet":"max-snippet:-1","max-image-preview":"max-image-preview:large","max-video-preview":"max-video-preview:-1"},"canonical":"https:\/\/slaptameile.lt\/en\/preke\/karaliu-taures-juodoji-keramika-2-vnt\/","og_locale":"en_US","og_type":"article","og_title":"\u201eKarali\u0173 taur\u0117s\u201c | juodoji keramika | 2 vnt. - Slapta Meil\u0117","og_description":"Rank\u0173 darbo juodosios keramikos taur\u0117s\u00a0\u2013 tarsi i\u0161 Barboros Radvilait\u0117s ir \u017dygimanto Augusto stalo, bet jau tavo virtuv\u0117je.\u00a0Autenti\u0161kas lietuvi\u0161kas dizainas, kuriame dera\u00a0renesansiniai motyvai,\u00a0poros simbolika\u00a0ir subtilus paslaptingumas.  Tauri\u0173 forma \u2013 i\u0161kilminga, aptaki Spalva \u2013 eleganti\u0161ka pilka, deginta i\u0161\u00a0juodo molio Tobula\u00a0vestuvi\u0173 dovana, suvenyras i\u0161 Lietuvos ar\u00a0i\u0161skirtinis indas namams, kur stiliaus ir istorijos santykiai tikrai ne \u201eslapti\u201c  Keramikos meninink\u0117 Indr\u0117 (Mr. Bowl Ceramics) SLAPTA MEIL\u0116 kolekcijos dalis  Taur\u0117s dydis: auk\u0161tis 12 cm, skersmuo 10 cm Komplekte 2 vnt.  Sukurta ir pagaminta Lietuvoje","og_url":"https:\/\/slaptameile.lt\/en\/preke\/karaliu-taures-juodoji-keramika-2-vnt\/","og_site_name":"Slapta Meil\u0117","article_publisher":"https:\/\/www.facebook.com\/SlaptaMeileBarbora","article_modified_time":"2026-04-09T07:05:03+00:00","og_image":[{"width":2400,"height":3000,"url":"https:\/\/slaptameile.lt\/wp-content\/uploads\/2024\/08\/Karaliu_taures-1-of-6.jpg","type":"image\/jpeg"}],"twitter_card":"summary_large_image","schema":{"@context":"https:\/\/schema.org","@graph":[{"@type":"WebPage","@id":"https:\/\/slaptameile.lt\/preke\/karaliu-taures-juodoji-keramika-2-vnt\/","url":"https:\/\/slaptameile.lt\/preke\/karaliu-taures-juodoji-keramika-2-vnt\/","name":"\u201eKarali\u0173 taur\u0117s\u201c | juodoji keramika | 2 vnt. - Slapta Meil\u0117","isPartOf":{"@id":"https:\/\/slaptameile.lt\/#website"},"primaryImageOfPage":{"@id":"https:\/\/slaptameile.lt\/preke\/karaliu-taures-juodoji-keramika-2-vnt\/#primaryimage"},"image":{"@id":"https:\/\/slaptameile.lt\/preke\/karaliu-taures-juodoji-keramika-2-vnt\/#primaryimage"},"thumbnailUrl":"https:\/\/slaptameile.lt\/wp-content\/uploads\/2024\/08\/Karaliu_taures-1-of-6.jpg","datePublished":"2024-08-14T14:30:47+00:00","dateModified":"2026-04-09T07:05:03+00:00","breadcrumb":{"@id":"https:\/\/slaptameile.lt\/preke\/karaliu-taures-juodoji-keramika-2-vnt\/#breadcrumb"},"inLanguage":"en-US","potentialAction":[{"@type":"ReadAction","target":["https:\/\/slaptameile.lt\/preke\/karaliu-taures-juodoji-keramika-2-vnt\/"]}]},{"@type":"ImageObject","inLanguage":"en-US","@id":"https:\/\/slaptameile.lt\/preke\/karaliu-taures-juodoji-keramika-2-vnt\/#primaryimage","url":"https:\/\/slaptameile.lt\/wp-content\/uploads\/2024\/08\/Karaliu_taures-1-of-6.jpg","contentUrl":"https:\/\/slaptameile.lt\/wp-content\/uploads\/2024\/08\/Karaliu_taures-1-of-6.jpg","width":2400,"height":3000},{"@type":"BreadcrumbList","@id":"https:\/\/slaptameile.lt\/preke\/karaliu-taures-juodoji-keramika-2-vnt\/#breadcrumb","itemListElement":[{"@type":"ListItem","position":1,"name":"Home","item":"https:\/\/slaptameile.lt\/"},{"@type":"ListItem","position":2,"name":"Parduotuv\u0117","item":"https:\/\/slaptameile.lt\/parduotuve\/"},{"@type":"ListItem","position":3,"name":"\u201eKarali\u0173 taur\u0117s\u201c | juodoji keramika | 2 vnt."}]},{"@type":"WebSite","@id":"https:\/\/slaptameile.lt\/#website","url":"https:\/\/slaptameile.lt\/","name":"Secret Love","description":"","publisher":{"@id":"https:\/\/slaptameile.lt\/#organization"},"potentialAction":[{"@type":"SearchAction","target":{"@type":"EntryPoint","urlTemplate":"https:\/\/slaptameile.lt\/?s={search_term_string}"},"query-input":{"@type":"PropertyValueSpecification","valueRequired":true,"valueName":"search_term_string"}}],"inLanguage":"en-US"},{"@type":"Organization","@id":"https:\/\/slaptameile.lt\/#organization","name":"Secret Love","url":"https:\/\/slaptameile.lt\/","logo":{"@type":"ImageObject","inLanguage":"en-US","@id":"https:\/\/slaptameile.lt\/#\/schema\/logo\/image\/","url":"https:\/\/slaptameile.lt\/wp-content\/uploads\/2026\/04\/sm-logo.jpg","contentUrl":"https:\/\/slaptameile.lt\/wp-content\/uploads\/2026\/04\/sm-logo.jpg","width":810,"height":380,"caption":"Slapta Meil\u0117"},"image":{"@id":"https:\/\/slaptameile.lt\/#\/schema\/logo\/image\/"},"sameAs":["https:\/\/www.facebook.com\/SlaptaMeileBarbora","https:\/\/www.instagram.com\/slaptameile","https:\/\/www.tiktok.com\/@slaptameile1"]}]}},"_links":{"self":[{"href":"https:\/\/slaptameile.lt\/en\/wp-json\/wp\/v2\/product\/304","targetHints":{"allow":["GET"]}}],"collection":[{"href":"https:\/\/slaptameile.lt\/en\/wp-json\/wp\/v2\/product"}],"about":[{"href":"https:\/\/slaptameile.lt\/en\/wp-json\/wp\/v2\/types\/product"}],"replies":[{"embeddable":true,"href":"https:\/\/slaptameile.lt\/en\/wp-json\/wp\/v2\/comments?post=304"}],"wp:featuredmedia":[{"embeddable":true,"href":"https:\/\/slaptameile.lt\/en\/wp-json\/wp\/v2\/media\/2492"}],"wp:attachment":[{"href":"https:\/\/slaptameile.lt\/en\/wp-json\/wp\/v2\/media?parent=304"}],"wp:term":[{"taxonomy":"partner","embeddable":true,"href":"https:\/\/slaptameile.lt\/en\/wp-json\/wp\/v2\/partner?post=304"},{"taxonomy":"product_brand","embeddable":true,"href":"https:\/\/slaptameile.lt\/en\/wp-json\/wp\/v2\/product_brand?post=304"},{"taxonomy":"product_cat","embeddable":true,"href":"https:\/\/slaptameile.lt\/en\/wp-json\/wp\/v2\/product_cat?post=304"},{"taxonomy":"product_tag","embeddable":true,"href":"https:\/\/slaptameile.lt\/en\/wp-json\/wp\/v2\/product_tag?post=304"}],"curies":[{"name":"wp","href":"https:\/\/api.w.org\/{rel}","templated":true}]}}