{"id":287,"date":"2024-08-14T18:45:13","date_gmt":"2024-08-14T15:45:13","guid":{"rendered":"https:\/\/slaptameile.lt\/?post_type=product&#038;p=287"},"modified":"2026-04-08T14:08:41","modified_gmt":"2026-04-08T11:08:41","slug":"vilniaus-karuna-2-vnt-tamsaus-aukso","status":"publish","type":"product","link":"https:\/\/slaptameile.lt\/en\/preke\/vilniaus-karuna-2-vnt-tamsaus-aukso\/","title":{"rendered":"\u201eVilnius Crown\u201c 2 pcs. | Dark gold"},"content":{"rendered":"<p>Ma\u017ei, bet karali\u0161ki. Rank\u0173 darbo\u00a0keraminiai \u017eiedai\u00a0stalui \u2013 simbolin\u0117 dovana porai, namams i\u0161\u00a0Barboros ir \u017dygimanto meil\u0117s istorijos. Tinka tiek\u00a0virtam kiau\u0161iniui, tiek\u00a0servet\u0117lei apgaubti, stalinei kompozicijai, kuri sako \u201e papusry\u010diaukim karali\u0161kai \u201c.<\/p>\n<p>Spalva \u2013 Tamsaus aukso<br \/>\nForma \u2013 kar\u016bna<\/p>\n<p>Keramikos autor\u0117 \u2013 Indr\u0117 (Mr. Bowl Ceramics)<br \/>\nSLAPTA MEIL\u0116 kolekcija<\/p>\n<p>Matmenys: auk\u0161tis 1,5\u20132 cm, skersmuo 4 cm<br \/>\nRank\u0173 darbo, tod\u0117l kiekvienas \u2013 unikalus<br \/>\nKomplekte \u2013 2 vnt.<br \/>\nMade and manufactured in Lithuania<\/p>","protected":false},"excerpt":{"rendered":"<p>Ma\u017ei, bet karali\u0161ki. Rank\u0173 darbo\u00a0keraminiai \u017eiedai\u00a0stalui \u2013 simbolin\u0117 dovana porai, namams i\u0161\u00a0Barboros ir \u017dygimanto meil\u0117s istorijos. Tinka tiek\u00a0virtam kiau\u0161iniui, tiek\u00a0servet\u0117lei apgaubti, stalinei kompozicijai, kuri sako \u201e papusry\u010diaukim karali\u0161kai \u201c.<\/p>\n<p>Spalva \u2013 Tamsaus aukso<br \/>\nForma \u2013 kar\u016bna<\/p>\n<p>Keramikos autor\u0117 \u2013 Indr\u0117 (Mr. Bowl Ceramics)<br \/>\nSLAPTA MEIL\u0116 kolekcija<\/p>\n<p>Matmenys: auk\u0161tis 1,5\u20132 cm, skersmuo 4 cm<br \/>\nRank\u0173 darbo, tod\u0117l kiekvienas \u2013 unikalus<br \/>\nKomplekte \u2013 2 vnt.<br \/>\nMade and manufactured in Lithuania<\/p>","protected":false},"featured_media":2245,"comment_status":"open","ping_status":"closed","template":"","meta":{"_acf_changed":false},"partner":[82],"product_brand":[],"product_cat":[18,27],"product_tag":[],"class_list":{"0":"post-287","1":"product","2":"type-product","3":"status-publish","4":"has-post-thumbnail","6":"partner-mr-bowl-ceramics","7":"product_cat-karaliskoji-kolekcija","8":"product_cat-namu-didybei","10":"first","11":"instock","12":"taxable","13":"shipping-taxable","14":"purchasable","15":"product-type-variable"},"acf":[],"yoast_head":"<!-- This site is optimized with the Yoast SEO plugin v27.5 - https:\/\/yoast.com\/product\/yoast-seo-wordpress\/ -->\n<title>\u201eVilniaus kar\u016bna\u201c 2 vnt. | Tamsaus aukso - Slapta Meil\u0117<\/title>\n<meta name=\"robots\" content=\"index, follow, max-snippet:-1, max-image-preview:large, max-video-preview:-1\" \/>\n<link rel=\"canonical\" href=\"https:\/\/slaptameile.lt\/en\/preke\/vilniaus-karuna-2-vnt-tamsaus-aukso\/\" \/>\n<meta property=\"og:locale\" content=\"en_US\" \/>\n<meta property=\"og:type\" content=\"article\" \/>\n<meta property=\"og:title\" content=\"\u201eVilniaus kar\u016bna\u201c 2 vnt. | Tamsaus aukso - Slapta Meil\u0117\" \/>\n<meta property=\"og:description\" content=\"Ma\u017ei, bet karali\u0161ki. Rank\u0173 darbo\u00a0keraminiai \u017eiedai\u00a0stalui \u2013 simbolin\u0117 dovana porai, namams i\u0161\u00a0Barboros ir \u017dygimanto meil\u0117s istorijos. Tinka tiek\u00a0virtam kiau\u0161iniui, tiek\u00a0servet\u0117lei apgaubti, stalinei kompozicijai, kuri sako \u201e papusry\u010diaukim karali\u0161kai \u201c.  Spalva \u2013 Tamsaus aukso Forma \u2013 kar\u016bna  Keramikos autor\u0117 \u2013 Indr\u0117 (Mr. Bowl Ceramics) SLAPTA MEIL\u0116 kolekcija  Matmenys: auk\u0161tis 1,5\u20132 cm, skersmuo 4 cm Rank\u0173 darbo, tod\u0117l kiekvienas \u2013 unikalus Komplekte \u2013 2 vnt. Sukurta ir pagaminta Lietuvoje\" \/>\n<meta property=\"og:url\" content=\"https:\/\/slaptameile.lt\/en\/preke\/vilniaus-karuna-2-vnt-tamsaus-aukso\/\" \/>\n<meta property=\"og:site_name\" content=\"Slapta Meil\u0117\" \/>\n<meta property=\"article:publisher\" content=\"https:\/\/www.facebook.com\/SlaptaMeileBarbora\" \/>\n<meta property=\"article:modified_time\" content=\"2026-04-08T11:08:41+00:00\" \/>\n<meta property=\"og:image\" content=\"https:\/\/slaptameile.lt\/wp-content\/uploads\/2024\/08\/Vilniaus-karuna-tamsaus-aukso-01.jpg\" \/>\n\t<meta property=\"og:image:width\" content=\"2250\" \/>\n\t<meta property=\"og:image:height\" content=\"3000\" \/>\n\t<meta property=\"og:image:type\" content=\"image\/jpeg\" \/>\n<meta name=\"twitter:card\" content=\"summary_large_image\" \/>\n<script type=\"application\/ld+json\" class=\"yoast-schema-graph\">{\"@context\":\"https:\\\/\\\/schema.org\",\"@graph\":[{\"@type\":\"WebPage\",\"@id\":\"https:\\\/\\\/slaptameile.lt\\\/preke\\\/vilniaus-karuna-2-vnt-tamsaus-aukso\\\/\",\"url\":\"https:\\\/\\\/slaptameile.lt\\\/preke\\\/vilniaus-karuna-2-vnt-tamsaus-aukso\\\/\",\"name\":\"\u201eVilniaus kar\u016bna\u201c 2 vnt. | Tamsaus aukso - Slapta Meil\u0117\",\"isPartOf\":{\"@id\":\"https:\\\/\\\/slaptameile.lt\\\/#website\"},\"primaryImageOfPage\":{\"@id\":\"https:\\\/\\\/slaptameile.lt\\\/preke\\\/vilniaus-karuna-2-vnt-tamsaus-aukso\\\/#primaryimage\"},\"image\":{\"@id\":\"https:\\\/\\\/slaptameile.lt\\\/preke\\\/vilniaus-karuna-2-vnt-tamsaus-aukso\\\/#primaryimage\"},\"thumbnailUrl\":\"https:\\\/\\\/slaptameile.lt\\\/wp-content\\\/uploads\\\/2024\\\/08\\\/Vilniaus-karuna-tamsaus-aukso-01.jpg\",\"datePublished\":\"2024-08-14T15:45:13+00:00\",\"dateModified\":\"2026-04-08T11:08:41+00:00\",\"breadcrumb\":{\"@id\":\"https:\\\/\\\/slaptameile.lt\\\/preke\\\/vilniaus-karuna-2-vnt-tamsaus-aukso\\\/#breadcrumb\"},\"inLanguage\":\"en-US\",\"potentialAction\":[{\"@type\":\"ReadAction\",\"target\":[\"https:\\\/\\\/slaptameile.lt\\\/preke\\\/vilniaus-karuna-2-vnt-tamsaus-aukso\\\/\"]}]},{\"@type\":\"ImageObject\",\"inLanguage\":\"en-US\",\"@id\":\"https:\\\/\\\/slaptameile.lt\\\/preke\\\/vilniaus-karuna-2-vnt-tamsaus-aukso\\\/#primaryimage\",\"url\":\"https:\\\/\\\/slaptameile.lt\\\/wp-content\\\/uploads\\\/2024\\\/08\\\/Vilniaus-karuna-tamsaus-aukso-01.jpg\",\"contentUrl\":\"https:\\\/\\\/slaptameile.lt\\\/wp-content\\\/uploads\\\/2024\\\/08\\\/Vilniaus-karuna-tamsaus-aukso-01.jpg\",\"width\":2250,\"height\":3000},{\"@type\":\"BreadcrumbList\",\"@id\":\"https:\\\/\\\/slaptameile.lt\\\/preke\\\/vilniaus-karuna-2-vnt-tamsaus-aukso\\\/#breadcrumb\",\"itemListElement\":[{\"@type\":\"ListItem\",\"position\":1,\"name\":\"Home\",\"item\":\"https:\\\/\\\/slaptameile.lt\\\/\"},{\"@type\":\"ListItem\",\"position\":2,\"name\":\"Parduotuv\u0117\",\"item\":\"https:\\\/\\\/slaptameile.lt\\\/parduotuve\\\/\"},{\"@type\":\"ListItem\",\"position\":3,\"name\":\"\u201eVilniaus kar\u016bna\u201c 2 vnt. | Tamsaus aukso\"}]},{\"@type\":\"WebSite\",\"@id\":\"https:\\\/\\\/slaptameile.lt\\\/#website\",\"url\":\"https:\\\/\\\/slaptameile.lt\\\/\",\"name\":\"Slapta Meil\u0117\",\"description\":\"\",\"publisher\":{\"@id\":\"https:\\\/\\\/slaptameile.lt\\\/#organization\"},\"potentialAction\":[{\"@type\":\"SearchAction\",\"target\":{\"@type\":\"EntryPoint\",\"urlTemplate\":\"https:\\\/\\\/slaptameile.lt\\\/?s={search_term_string}\"},\"query-input\":{\"@type\":\"PropertyValueSpecification\",\"valueRequired\":true,\"valueName\":\"search_term_string\"}}],\"inLanguage\":\"en-US\"},{\"@type\":\"Organization\",\"@id\":\"https:\\\/\\\/slaptameile.lt\\\/#organization\",\"name\":\"Slapta Meil\u0117\",\"url\":\"https:\\\/\\\/slaptameile.lt\\\/\",\"logo\":{\"@type\":\"ImageObject\",\"inLanguage\":\"en-US\",\"@id\":\"https:\\\/\\\/slaptameile.lt\\\/#\\\/schema\\\/logo\\\/image\\\/\",\"url\":\"https:\\\/\\\/slaptameile.lt\\\/wp-content\\\/uploads\\\/2026\\\/04\\\/sm-logo.jpg\",\"contentUrl\":\"https:\\\/\\\/slaptameile.lt\\\/wp-content\\\/uploads\\\/2026\\\/04\\\/sm-logo.jpg\",\"width\":810,\"height\":380,\"caption\":\"Slapta Meil\u0117\"},\"image\":{\"@id\":\"https:\\\/\\\/slaptameile.lt\\\/#\\\/schema\\\/logo\\\/image\\\/\"},\"sameAs\":[\"https:\\\/\\\/www.facebook.com\\\/SlaptaMeileBarbora\",\"https:\\\/\\\/www.instagram.com\\\/slaptameile\",\"https:\\\/\\\/www.tiktok.com\\\/@slaptameile1\"]}]}<\/script>\n<!-- \/ Yoast SEO plugin. -->","yoast_head_json":{"title":"\u201eVilniaus kar\u016bna\u201c 2 vnt. | Tamsaus aukso - Slapta Meil\u0117","robots":{"index":"index","follow":"follow","max-snippet":"max-snippet:-1","max-image-preview":"max-image-preview:large","max-video-preview":"max-video-preview:-1"},"canonical":"https:\/\/slaptameile.lt\/en\/preke\/vilniaus-karuna-2-vnt-tamsaus-aukso\/","og_locale":"en_US","og_type":"article","og_title":"\u201eVilniaus kar\u016bna\u201c 2 vnt. | Tamsaus aukso - Slapta Meil\u0117","og_description":"Ma\u017ei, bet karali\u0161ki. Rank\u0173 darbo\u00a0keraminiai \u017eiedai\u00a0stalui \u2013 simbolin\u0117 dovana porai, namams i\u0161\u00a0Barboros ir \u017dygimanto meil\u0117s istorijos. Tinka tiek\u00a0virtam kiau\u0161iniui, tiek\u00a0servet\u0117lei apgaubti, stalinei kompozicijai, kuri sako \u201e papusry\u010diaukim karali\u0161kai \u201c.  Spalva \u2013 Tamsaus aukso Forma \u2013 kar\u016bna  Keramikos autor\u0117 \u2013 Indr\u0117 (Mr. Bowl Ceramics) SLAPTA MEIL\u0116 kolekcija  Matmenys: auk\u0161tis 1,5\u20132 cm, skersmuo 4 cm Rank\u0173 darbo, tod\u0117l kiekvienas \u2013 unikalus Komplekte \u2013 2 vnt. Sukurta ir pagaminta Lietuvoje","og_url":"https:\/\/slaptameile.lt\/en\/preke\/vilniaus-karuna-2-vnt-tamsaus-aukso\/","og_site_name":"Slapta Meil\u0117","article_publisher":"https:\/\/www.facebook.com\/SlaptaMeileBarbora","article_modified_time":"2026-04-08T11:08:41+00:00","og_image":[{"width":2250,"height":3000,"url":"https:\/\/slaptameile.lt\/wp-content\/uploads\/2024\/08\/Vilniaus-karuna-tamsaus-aukso-01.jpg","type":"image\/jpeg"}],"twitter_card":"summary_large_image","schema":{"@context":"https:\/\/schema.org","@graph":[{"@type":"WebPage","@id":"https:\/\/slaptameile.lt\/preke\/vilniaus-karuna-2-vnt-tamsaus-aukso\/","url":"https:\/\/slaptameile.lt\/preke\/vilniaus-karuna-2-vnt-tamsaus-aukso\/","name":"\u201eVilniaus kar\u016bna\u201c 2 vnt. | Tamsaus aukso - Slapta Meil\u0117","isPartOf":{"@id":"https:\/\/slaptameile.lt\/#website"},"primaryImageOfPage":{"@id":"https:\/\/slaptameile.lt\/preke\/vilniaus-karuna-2-vnt-tamsaus-aukso\/#primaryimage"},"image":{"@id":"https:\/\/slaptameile.lt\/preke\/vilniaus-karuna-2-vnt-tamsaus-aukso\/#primaryimage"},"thumbnailUrl":"https:\/\/slaptameile.lt\/wp-content\/uploads\/2024\/08\/Vilniaus-karuna-tamsaus-aukso-01.jpg","datePublished":"2024-08-14T15:45:13+00:00","dateModified":"2026-04-08T11:08:41+00:00","breadcrumb":{"@id":"https:\/\/slaptameile.lt\/preke\/vilniaus-karuna-2-vnt-tamsaus-aukso\/#breadcrumb"},"inLanguage":"en-US","potentialAction":[{"@type":"ReadAction","target":["https:\/\/slaptameile.lt\/preke\/vilniaus-karuna-2-vnt-tamsaus-aukso\/"]}]},{"@type":"ImageObject","inLanguage":"en-US","@id":"https:\/\/slaptameile.lt\/preke\/vilniaus-karuna-2-vnt-tamsaus-aukso\/#primaryimage","url":"https:\/\/slaptameile.lt\/wp-content\/uploads\/2024\/08\/Vilniaus-karuna-tamsaus-aukso-01.jpg","contentUrl":"https:\/\/slaptameile.lt\/wp-content\/uploads\/2024\/08\/Vilniaus-karuna-tamsaus-aukso-01.jpg","width":2250,"height":3000},{"@type":"BreadcrumbList","@id":"https:\/\/slaptameile.lt\/preke\/vilniaus-karuna-2-vnt-tamsaus-aukso\/#breadcrumb","itemListElement":[{"@type":"ListItem","position":1,"name":"Home","item":"https:\/\/slaptameile.lt\/"},{"@type":"ListItem","position":2,"name":"Parduotuv\u0117","item":"https:\/\/slaptameile.lt\/parduotuve\/"},{"@type":"ListItem","position":3,"name":"\u201eVilniaus kar\u016bna\u201c 2 vnt. | Tamsaus aukso"}]},{"@type":"WebSite","@id":"https:\/\/slaptameile.lt\/#website","url":"https:\/\/slaptameile.lt\/","name":"Secret Love","description":"","publisher":{"@id":"https:\/\/slaptameile.lt\/#organization"},"potentialAction":[{"@type":"SearchAction","target":{"@type":"EntryPoint","urlTemplate":"https:\/\/slaptameile.lt\/?s={search_term_string}"},"query-input":{"@type":"PropertyValueSpecification","valueRequired":true,"valueName":"search_term_string"}}],"inLanguage":"en-US"},{"@type":"Organization","@id":"https:\/\/slaptameile.lt\/#organization","name":"Secret Love","url":"https:\/\/slaptameile.lt\/","logo":{"@type":"ImageObject","inLanguage":"en-US","@id":"https:\/\/slaptameile.lt\/#\/schema\/logo\/image\/","url":"https:\/\/slaptameile.lt\/wp-content\/uploads\/2026\/04\/sm-logo.jpg","contentUrl":"https:\/\/slaptameile.lt\/wp-content\/uploads\/2026\/04\/sm-logo.jpg","width":810,"height":380,"caption":"Slapta Meil\u0117"},"image":{"@id":"https:\/\/slaptameile.lt\/#\/schema\/logo\/image\/"},"sameAs":["https:\/\/www.facebook.com\/SlaptaMeileBarbora","https:\/\/www.instagram.com\/slaptameile","https:\/\/www.tiktok.com\/@slaptameile1"]}]}},"_links":{"self":[{"href":"https:\/\/slaptameile.lt\/en\/wp-json\/wp\/v2\/product\/287","targetHints":{"allow":["GET"]}}],"collection":[{"href":"https:\/\/slaptameile.lt\/en\/wp-json\/wp\/v2\/product"}],"about":[{"href":"https:\/\/slaptameile.lt\/en\/wp-json\/wp\/v2\/types\/product"}],"replies":[{"embeddable":true,"href":"https:\/\/slaptameile.lt\/en\/wp-json\/wp\/v2\/comments?post=287"}],"wp:featuredmedia":[{"embeddable":true,"href":"https:\/\/slaptameile.lt\/en\/wp-json\/wp\/v2\/media\/2245"}],"wp:attachment":[{"href":"https:\/\/slaptameile.lt\/en\/wp-json\/wp\/v2\/media?parent=287"}],"wp:term":[{"taxonomy":"partner","embeddable":true,"href":"https:\/\/slaptameile.lt\/en\/wp-json\/wp\/v2\/partner?post=287"},{"taxonomy":"product_brand","embeddable":true,"href":"https:\/\/slaptameile.lt\/en\/wp-json\/wp\/v2\/product_brand?post=287"},{"taxonomy":"product_cat","embeddable":true,"href":"https:\/\/slaptameile.lt\/en\/wp-json\/wp\/v2\/product_cat?post=287"},{"taxonomy":"product_tag","embeddable":true,"href":"https:\/\/slaptameile.lt\/en\/wp-json\/wp\/v2\/product_tag?post=287"}],"curies":[{"name":"wp","href":"https:\/\/api.w.org\/{rel}","templated":true}]}}