{"id":2540,"date":"2026-03-21T11:57:38","date_gmt":"2026-03-21T08:57:38","guid":{"rendered":"https:\/\/slaptameile.lt\/?post_type=product&#038;p=2540"},"modified":"2026-05-12T11:07:24","modified_gmt":"2026-05-12T08:07:24","slug":"satino-miego-akiniai-karalisko-vilniaus-meiles-istorija-raudona","status":"publish","type":"product","link":"https:\/\/slaptameile.lt\/en\/preke\/satino-miego-akiniai-karalisko-vilniaus-meiles-istorija-raudona\/","title":{"rendered":"Satin Sleep Glasses \u201eLove Story of Royal Vilnius\u201c | Red"},"content":{"rendered":"<p>These soft, cozy 100% cotton satin sleep masks with a case are inspired by the secret love between Barbora and \u017dygimantas. They feature a Renaissance heart with a crown. Because you can stay stylish even while you sleep.<\/p>\n<p>Perfect for travel, screen-free evenings, and everyone who values quiet.<\/p>\n<p>Material: 100% % cotton satin<br \/>\nSize: One Size<br \/>\nMade and manufactured in Lithuania<\/p>","protected":false},"excerpt":{"rendered":"<p>These soft, cozy 100% cotton satin sleep masks with a case are inspired by the secret love between Barbora and \u017dygimantas. They feature a Renaissance heart with a crown. Because you can stay stylish even while you sleep.<\/p>\n<p>Perfect for travel, screen-free evenings, and everyone who values quiet.<\/p>\n<p>Material: 100% % cotton satin<br \/>\nSize: One Size<br \/>\nMade and manufactured in Lithuania<\/p>","protected":false},"featured_media":2541,"comment_status":"open","ping_status":"closed","template":"","meta":{"_acf_changed":false},"partner":[52],"product_brand":[],"product_cat":[18,27,26],"product_tag":[],"class_list":{"0":"post-2540","1":"product","2":"type-product","3":"status-publish","4":"has-post-thumbnail","6":"partner-decoflux","7":"product_cat-karaliskoji-kolekcija","8":"product_cat-namams","9":"product_cat-stiliui","11":"first","12":"instock","13":"taxable","14":"shipping-taxable","15":"purchasable","16":"product-type-simple"},"acf":[],"yoast_head":"<!-- This site is optimized with the Yoast SEO plugin v27.6 - https:\/\/yoast.com\/product\/yoast-seo-wordpress\/ -->\n<title>Satino miego akiniai \u201eKarali\u0161ko Vilniaus meil\u0117s istorija\u201c | Raudona - Slapta Meil\u0117<\/title>\n<meta name=\"robots\" content=\"index, follow, max-snippet:-1, max-image-preview:large, max-video-preview:-1\" \/>\n<link rel=\"canonical\" href=\"https:\/\/slaptameile.lt\/en\/preke\/satino-miego-akiniai-karalisko-vilniaus-meiles-istorija-raudona\/\" \/>\n<meta property=\"og:locale\" content=\"en_US\" \/>\n<meta property=\"og:type\" content=\"article\" \/>\n<meta property=\"og:title\" content=\"Satino miego akiniai \u201eKarali\u0161ko Vilniaus meil\u0117s istorija\u201c | Raudona - Slapta Meil\u0117\" \/>\n<meta property=\"og:description\" content=\"\u0160ie mink\u0161ti, glostantys 100 % medviln\u0117s satino miego akiniai su d\u0117klu \u2013 \u012fkv\u0117pti Barboros ir \u017dygimanto slaptos meil\u0117s. Ant j\u0173 \u2013 Renesanso \u0161irdis su kar\u016bna. Nes net miegant galima i\u0161laikyti stili\u0173.  Tinka kelion\u0117ms, vakarams be ekran\u0173 ir visiems, kas vertina tyl\u0105.  Med\u017eiaga:\u00a0100 % medviln\u0117s satinas Dydis:\u00a0universalus Sukurta ir pagaminta Lietuvoje\" \/>\n<meta property=\"og:url\" content=\"https:\/\/slaptameile.lt\/en\/preke\/satino-miego-akiniai-karalisko-vilniaus-meiles-istorija-raudona\/\" \/>\n<meta property=\"og:site_name\" content=\"Slapta Meil\u0117\" \/>\n<meta property=\"article:publisher\" content=\"https:\/\/www.facebook.com\/SlaptaMeileBarbora\" \/>\n<meta property=\"article:modified_time\" content=\"2026-05-12T08:07:24+00:00\" \/>\n<meta property=\"og:image\" content=\"https:\/\/slaptameile.lt\/wp-content\/uploads\/2026\/03\/Miego_akiniai_su_deklu_Raudona-1-of-4.jpg\" \/>\n\t<meta property=\"og:image:width\" content=\"2400\" \/>\n\t<meta property=\"og:image:height\" content=\"3000\" \/>\n\t<meta property=\"og:image:type\" content=\"image\/jpeg\" \/>\n<meta name=\"twitter:card\" content=\"summary_large_image\" \/>\n<script type=\"application\/ld+json\" class=\"yoast-schema-graph\">{\"@context\":\"https:\\\/\\\/schema.org\",\"@graph\":[{\"@type\":\"WebPage\",\"@id\":\"https:\\\/\\\/slaptameile.lt\\\/preke\\\/satino-miego-akiniai-karalisko-vilniaus-meiles-istorija-raudona\\\/\",\"url\":\"https:\\\/\\\/slaptameile.lt\\\/preke\\\/satino-miego-akiniai-karalisko-vilniaus-meiles-istorija-raudona\\\/\",\"name\":\"Satino miego akiniai \u201eKarali\u0161ko Vilniaus meil\u0117s istorija\u201c | Raudona - Slapta Meil\u0117\",\"isPartOf\":{\"@id\":\"https:\\\/\\\/slaptameile.lt\\\/#website\"},\"primaryImageOfPage\":{\"@id\":\"https:\\\/\\\/slaptameile.lt\\\/preke\\\/satino-miego-akiniai-karalisko-vilniaus-meiles-istorija-raudona\\\/#primaryimage\"},\"image\":{\"@id\":\"https:\\\/\\\/slaptameile.lt\\\/preke\\\/satino-miego-akiniai-karalisko-vilniaus-meiles-istorija-raudona\\\/#primaryimage\"},\"thumbnailUrl\":\"https:\\\/\\\/slaptameile.lt\\\/wp-content\\\/uploads\\\/2026\\\/03\\\/Miego_akiniai_su_deklu_Raudona-1-of-4.jpg\",\"datePublished\":\"2026-03-21T08:57:38+00:00\",\"dateModified\":\"2026-05-12T08:07:24+00:00\",\"breadcrumb\":{\"@id\":\"https:\\\/\\\/slaptameile.lt\\\/preke\\\/satino-miego-akiniai-karalisko-vilniaus-meiles-istorija-raudona\\\/#breadcrumb\"},\"inLanguage\":\"en-US\",\"potentialAction\":[{\"@type\":\"ReadAction\",\"target\":[\"https:\\\/\\\/slaptameile.lt\\\/preke\\\/satino-miego-akiniai-karalisko-vilniaus-meiles-istorija-raudona\\\/\"]}]},{\"@type\":\"ImageObject\",\"inLanguage\":\"en-US\",\"@id\":\"https:\\\/\\\/slaptameile.lt\\\/preke\\\/satino-miego-akiniai-karalisko-vilniaus-meiles-istorija-raudona\\\/#primaryimage\",\"url\":\"https:\\\/\\\/slaptameile.lt\\\/wp-content\\\/uploads\\\/2026\\\/03\\\/Miego_akiniai_su_deklu_Raudona-1-of-4.jpg\",\"contentUrl\":\"https:\\\/\\\/slaptameile.lt\\\/wp-content\\\/uploads\\\/2026\\\/03\\\/Miego_akiniai_su_deklu_Raudona-1-of-4.jpg\",\"width\":2400,\"height\":3000},{\"@type\":\"BreadcrumbList\",\"@id\":\"https:\\\/\\\/slaptameile.lt\\\/preke\\\/satino-miego-akiniai-karalisko-vilniaus-meiles-istorija-raudona\\\/#breadcrumb\",\"itemListElement\":[{\"@type\":\"ListItem\",\"position\":1,\"name\":\"Home\",\"item\":\"https:\\\/\\\/slaptameile.lt\\\/\"},{\"@type\":\"ListItem\",\"position\":2,\"name\":\"Parduotuv\u0117\",\"item\":\"https:\\\/\\\/slaptameile.lt\\\/parduotuve\\\/\"},{\"@type\":\"ListItem\",\"position\":3,\"name\":\"Satino miego akiniai \u201eKarali\u0161ko Vilniaus meil\u0117s istorija\u201c | Raudona\"}]},{\"@type\":\"WebSite\",\"@id\":\"https:\\\/\\\/slaptameile.lt\\\/#website\",\"url\":\"https:\\\/\\\/slaptameile.lt\\\/\",\"name\":\"Slapta Meil\u0117\",\"description\":\"\",\"publisher\":{\"@id\":\"https:\\\/\\\/slaptameile.lt\\\/#organization\"},\"potentialAction\":[{\"@type\":\"SearchAction\",\"target\":{\"@type\":\"EntryPoint\",\"urlTemplate\":\"https:\\\/\\\/slaptameile.lt\\\/?s={search_term_string}\"},\"query-input\":{\"@type\":\"PropertyValueSpecification\",\"valueRequired\":true,\"valueName\":\"search_term_string\"}}],\"inLanguage\":\"en-US\"},{\"@type\":\"Organization\",\"@id\":\"https:\\\/\\\/slaptameile.lt\\\/#organization\",\"name\":\"Slapta Meil\u0117\",\"url\":\"https:\\\/\\\/slaptameile.lt\\\/\",\"logo\":{\"@type\":\"ImageObject\",\"inLanguage\":\"en-US\",\"@id\":\"https:\\\/\\\/slaptameile.lt\\\/#\\\/schema\\\/logo\\\/image\\\/\",\"url\":\"https:\\\/\\\/slaptameile.lt\\\/wp-content\\\/uploads\\\/2026\\\/04\\\/sm-logo.jpg\",\"contentUrl\":\"https:\\\/\\\/slaptameile.lt\\\/wp-content\\\/uploads\\\/2026\\\/04\\\/sm-logo.jpg\",\"width\":810,\"height\":380,\"caption\":\"Slapta Meil\u0117\"},\"image\":{\"@id\":\"https:\\\/\\\/slaptameile.lt\\\/#\\\/schema\\\/logo\\\/image\\\/\"},\"sameAs\":[\"https:\\\/\\\/www.facebook.com\\\/SlaptaMeileBarbora\",\"https:\\\/\\\/www.instagram.com\\\/slaptameile\",\"https:\\\/\\\/www.tiktok.com\\\/@slaptameile1\"]}]}<\/script>\n<!-- \/ Yoast SEO plugin. -->","yoast_head_json":{"title":"Satino miego akiniai \u201eKarali\u0161ko Vilniaus meil\u0117s istorija\u201c | Raudona - Slapta Meil\u0117","robots":{"index":"index","follow":"follow","max-snippet":"max-snippet:-1","max-image-preview":"max-image-preview:large","max-video-preview":"max-video-preview:-1"},"canonical":"https:\/\/slaptameile.lt\/en\/preke\/satino-miego-akiniai-karalisko-vilniaus-meiles-istorija-raudona\/","og_locale":"en_US","og_type":"article","og_title":"Satino miego akiniai \u201eKarali\u0161ko Vilniaus meil\u0117s istorija\u201c | Raudona - Slapta Meil\u0117","og_description":"\u0160ie mink\u0161ti, glostantys 100 % medviln\u0117s satino miego akiniai su d\u0117klu \u2013 \u012fkv\u0117pti Barboros ir \u017dygimanto slaptos meil\u0117s. Ant j\u0173 \u2013 Renesanso \u0161irdis su kar\u016bna. Nes net miegant galima i\u0161laikyti stili\u0173.  Tinka kelion\u0117ms, vakarams be ekran\u0173 ir visiems, kas vertina tyl\u0105.  Med\u017eiaga:\u00a0100 % medviln\u0117s satinas Dydis:\u00a0universalus Sukurta ir pagaminta Lietuvoje","og_url":"https:\/\/slaptameile.lt\/en\/preke\/satino-miego-akiniai-karalisko-vilniaus-meiles-istorija-raudona\/","og_site_name":"Slapta Meil\u0117","article_publisher":"https:\/\/www.facebook.com\/SlaptaMeileBarbora","article_modified_time":"2026-05-12T08:07:24+00:00","og_image":[{"width":2400,"height":3000,"url":"https:\/\/slaptameile.lt\/wp-content\/uploads\/2026\/03\/Miego_akiniai_su_deklu_Raudona-1-of-4.jpg","type":"image\/jpeg"}],"twitter_card":"summary_large_image","schema":{"@context":"https:\/\/schema.org","@graph":[{"@type":"WebPage","@id":"https:\/\/slaptameile.lt\/preke\/satino-miego-akiniai-karalisko-vilniaus-meiles-istorija-raudona\/","url":"https:\/\/slaptameile.lt\/preke\/satino-miego-akiniai-karalisko-vilniaus-meiles-istorija-raudona\/","name":"Satino miego akiniai \u201eKarali\u0161ko Vilniaus meil\u0117s istorija\u201c | Raudona - Slapta Meil\u0117","isPartOf":{"@id":"https:\/\/slaptameile.lt\/#website"},"primaryImageOfPage":{"@id":"https:\/\/slaptameile.lt\/preke\/satino-miego-akiniai-karalisko-vilniaus-meiles-istorija-raudona\/#primaryimage"},"image":{"@id":"https:\/\/slaptameile.lt\/preke\/satino-miego-akiniai-karalisko-vilniaus-meiles-istorija-raudona\/#primaryimage"},"thumbnailUrl":"https:\/\/slaptameile.lt\/wp-content\/uploads\/2026\/03\/Miego_akiniai_su_deklu_Raudona-1-of-4.jpg","datePublished":"2026-03-21T08:57:38+00:00","dateModified":"2026-05-12T08:07:24+00:00","breadcrumb":{"@id":"https:\/\/slaptameile.lt\/preke\/satino-miego-akiniai-karalisko-vilniaus-meiles-istorija-raudona\/#breadcrumb"},"inLanguage":"en-US","potentialAction":[{"@type":"ReadAction","target":["https:\/\/slaptameile.lt\/preke\/satino-miego-akiniai-karalisko-vilniaus-meiles-istorija-raudona\/"]}]},{"@type":"ImageObject","inLanguage":"en-US","@id":"https:\/\/slaptameile.lt\/preke\/satino-miego-akiniai-karalisko-vilniaus-meiles-istorija-raudona\/#primaryimage","url":"https:\/\/slaptameile.lt\/wp-content\/uploads\/2026\/03\/Miego_akiniai_su_deklu_Raudona-1-of-4.jpg","contentUrl":"https:\/\/slaptameile.lt\/wp-content\/uploads\/2026\/03\/Miego_akiniai_su_deklu_Raudona-1-of-4.jpg","width":2400,"height":3000},{"@type":"BreadcrumbList","@id":"https:\/\/slaptameile.lt\/preke\/satino-miego-akiniai-karalisko-vilniaus-meiles-istorija-raudona\/#breadcrumb","itemListElement":[{"@type":"ListItem","position":1,"name":"Home","item":"https:\/\/slaptameile.lt\/"},{"@type":"ListItem","position":2,"name":"Parduotuv\u0117","item":"https:\/\/slaptameile.lt\/parduotuve\/"},{"@type":"ListItem","position":3,"name":"Satino miego akiniai \u201eKarali\u0161ko Vilniaus meil\u0117s istorija\u201c | Raudona"}]},{"@type":"WebSite","@id":"https:\/\/slaptameile.lt\/#website","url":"https:\/\/slaptameile.lt\/","name":"Secret Love","description":"","publisher":{"@id":"https:\/\/slaptameile.lt\/#organization"},"potentialAction":[{"@type":"SearchAction","target":{"@type":"EntryPoint","urlTemplate":"https:\/\/slaptameile.lt\/?s={search_term_string}"},"query-input":{"@type":"PropertyValueSpecification","valueRequired":true,"valueName":"search_term_string"}}],"inLanguage":"en-US"},{"@type":"Organization","@id":"https:\/\/slaptameile.lt\/#organization","name":"Secret Love","url":"https:\/\/slaptameile.lt\/","logo":{"@type":"ImageObject","inLanguage":"en-US","@id":"https:\/\/slaptameile.lt\/#\/schema\/logo\/image\/","url":"https:\/\/slaptameile.lt\/wp-content\/uploads\/2026\/04\/sm-logo.jpg","contentUrl":"https:\/\/slaptameile.lt\/wp-content\/uploads\/2026\/04\/sm-logo.jpg","width":810,"height":380,"caption":"Slapta Meil\u0117"},"image":{"@id":"https:\/\/slaptameile.lt\/#\/schema\/logo\/image\/"},"sameAs":["https:\/\/www.facebook.com\/SlaptaMeileBarbora","https:\/\/www.instagram.com\/slaptameile","https:\/\/www.tiktok.com\/@slaptameile1"]}]}},"_links":{"self":[{"href":"https:\/\/slaptameile.lt\/en\/wp-json\/wp\/v2\/product\/2540","targetHints":{"allow":["GET"]}}],"collection":[{"href":"https:\/\/slaptameile.lt\/en\/wp-json\/wp\/v2\/product"}],"about":[{"href":"https:\/\/slaptameile.lt\/en\/wp-json\/wp\/v2\/types\/product"}],"replies":[{"embeddable":true,"href":"https:\/\/slaptameile.lt\/en\/wp-json\/wp\/v2\/comments?post=2540"}],"wp:featuredmedia":[{"embeddable":true,"href":"https:\/\/slaptameile.lt\/en\/wp-json\/wp\/v2\/media\/2541"}],"wp:attachment":[{"href":"https:\/\/slaptameile.lt\/en\/wp-json\/wp\/v2\/media?parent=2540"}],"wp:term":[{"taxonomy":"partner","embeddable":true,"href":"https:\/\/slaptameile.lt\/en\/wp-json\/wp\/v2\/partner?post=2540"},{"taxonomy":"product_brand","embeddable":true,"href":"https:\/\/slaptameile.lt\/en\/wp-json\/wp\/v2\/product_brand?post=2540"},{"taxonomy":"product_cat","embeddable":true,"href":"https:\/\/slaptameile.lt\/en\/wp-json\/wp\/v2\/product_cat?post=2540"},{"taxonomy":"product_tag","embeddable":true,"href":"https:\/\/slaptameile.lt\/en\/wp-json\/wp\/v2\/product_tag?post=2540"}],"curies":[{"name":"WP","href":"https:\/\/api.w.org\/{rel}","templated":true}]}}