{"id":2277,"date":"2026-01-26T19:16:15","date_gmt":"2026-01-26T16:16:15","guid":{"rendered":"https:\/\/slaptameile.lt\/?post_type=product&#038;p=2277"},"modified":"2026-02-02T13:12:55","modified_gmt":"2026-02-02T10:12:55","slug":"satino-pagalves-uzvalkalas-karalisko-vilniaus-meiles-istorija-balta","status":"publish","type":"product","link":"https:\/\/slaptameile.lt\/en\/preke\/satino-pagalves-uzvalkalas-karalisko-vilniaus-meiles-istorija-balta\/","title":{"rendered":"Satin pillowcase \u201eLove Story of Royal Vilnius\u201c | White"},"content":{"rendered":"<p>Royal Love Pillow, literally. A map of Vilnius Old Town is laid out on an anthracite-colored satin pillowcase, telling the love story of Barbara Radziwi\u0142\u0142 and Sigismund Augustus. The Palace of the Grand Dukes, the Cathedral, Pilies Street, the Gate of Dawn \u2013 each drawing has symbolic meaning, as does their love.<\/p>\n<p>Julija Janus Design. A hand-drawn map of love, transformed into textile graphics that speak of feelings without words.<\/p>\n<p>Think like:<br \/>\nromantic gift,<br \/>\nsouvenir from Vilnius,<br \/>\nStylish bedroom accent<br \/>\nA collectible gift with a story<\/p>\n<p>Composition 100 % cotton satin<br \/>\nSize 50\u00d770 cm<br \/>\nWhite<br \/>\nFastening hidden zipper<br \/>\nCollectionSLAPTA MEIL\u0116 x DECOFLUX<br \/>\nMade in Lithuania<\/p>","protected":false},"excerpt":{"rendered":"<p>Royal Love Pillow, literally. A map of Vilnius Old Town is laid out on an anthracite-colored satin pillowcase, telling the love story of Barbara Radziwi\u0142\u0142 and Sigismund Augustus. The Palace of the Grand Dukes, the Cathedral, Pilies Street, the Gate of Dawn \u2013 each drawing has symbolic meaning, as does their love.<\/p>\n<p>Julija Janus Design. A hand-drawn map of love, transformed into textile graphics that speak of feelings without words.<\/p>\n<p>Think like:<br \/>\nromantic gift,<br \/>\nsouvenir from Vilnius,<br \/>\nStylish bedroom accent<br \/>\nA collectible gift with a story<\/p>\n<p>Composition 100 % cotton satin<br \/>\nSize 50\u00d770 cm<br \/>\nWhite<br \/>\nFastening hidden zipper<br \/>\nCollectionSLAPTA MEIL\u0116 x DECOFLUX<br \/>\nMade in Lithuania<\/p>","protected":false},"featured_media":2278,"comment_status":"open","ping_status":"closed","template":"","meta":{"_acf_changed":false},"partner":[52],"product_brand":[],"product_cat":[18,27],"product_tag":[],"class_list":{"0":"post-2277","1":"product","2":"type-product","3":"status-publish","4":"has-post-thumbnail","6":"partner-decoflux","7":"product_cat-karaliskoji-kolekcija","8":"product_cat-namu-didybei","10":"first","11":"instock","12":"taxable","13":"shipping-taxable","14":"purchasable","15":"product-type-simple"},"acf":[],"yoast_head":"<!-- This site is optimized with the Yoast SEO plugin v27.5 - https:\/\/yoast.com\/product\/yoast-seo-wordpress\/ -->\n<title>Satino pagalv\u0117s u\u017evalkalas \u201eKarali\u0161ko Vilniaus meil\u0117s istorija\u201c | Balta - Slapta Meil\u0117<\/title>\n<meta name=\"robots\" content=\"index, follow, max-snippet:-1, max-image-preview:large, max-video-preview:-1\" \/>\n<link rel=\"canonical\" href=\"https:\/\/slaptameile.lt\/en\/preke\/satino-pagalves-uzvalkalas-karalisko-vilniaus-meiles-istorija-balta\/\" \/>\n<meta property=\"og:locale\" content=\"en_US\" \/>\n<meta property=\"og:type\" content=\"article\" \/>\n<meta property=\"og:title\" content=\"Satino pagalv\u0117s u\u017evalkalas \u201eKarali\u0161ko Vilniaus meil\u0117s istorija\u201c | Balta - Slapta Meil\u0117\" \/>\n<meta property=\"og:description\" content=\"Karali\u0161kos meil\u0117s pagalv\u0117\u00a0pa\u017eod\u017eiui. Ant antracito atspalvio\u00a0satino pagalv\u0117s u\u017evalkalo\u00a0nutiestas\u00a0Vilniaus senamies\u010dio \u017eem\u0117lapis, kuriame pasakojama Barboros Radvilait\u0117s ir \u017dygimanto Augusto meil\u0117s istorija. Valdov\u0173 r\u016bmai, Katedra, Pilies gatv\u0117, Au\u0161ros vartai \u2013 kiekvienas pie\u0161inys turi simbolin\u0119 prasm\u0119, kaip ir j\u0173 meil\u0117.  Julijos Janus dizainas.\u00a0Meil\u0117s \u017eem\u0117lapis pie\u0161tas ranka, perdirbtas \u012f tekstil\u0117s grafik\u0105, kuri kalba apie jausmus be \u017eod\u017ei\u0173  Tinka kaip: romanti\u0161ka dovana, suvenyras i\u0161 Vilniaus, stilingas miegamojo akcentas ar kolekcin\u0117 dovana su istorija  Sud\u0117tis\u00a0100 % medviln\u0117s satinas Dydis\u00a050\u00d770 cm Spalva Balta U\u017esegimas\u00a0pasl\u0117ptas u\u017etrauktukas Kolekcija\u00a0SLAPTA MEIL\u0116 x DECOFLUX Pagaminta Lietuvoje\" \/>\n<meta property=\"og:url\" content=\"https:\/\/slaptameile.lt\/en\/preke\/satino-pagalves-uzvalkalas-karalisko-vilniaus-meiles-istorija-balta\/\" \/>\n<meta property=\"og:site_name\" content=\"Slapta Meil\u0117\" \/>\n<meta property=\"article:publisher\" content=\"https:\/\/www.facebook.com\/SlaptaMeileBarbora\" \/>\n<meta property=\"article:modified_time\" content=\"2026-02-02T10:12:55+00:00\" \/>\n<meta property=\"og:image\" content=\"https:\/\/slaptameile.lt\/wp-content\/uploads\/2026\/01\/Pagalves-uzvalkalas-SM-White-012.jpg\" \/>\n\t<meta property=\"og:image:width\" content=\"2250\" \/>\n\t<meta property=\"og:image:height\" content=\"3000\" \/>\n\t<meta property=\"og:image:type\" content=\"image\/jpeg\" \/>\n<meta name=\"twitter:card\" content=\"summary_large_image\" \/>\n<meta name=\"twitter:label1\" content=\"Est. reading time\" \/>\n\t<meta name=\"twitter:data1\" content=\"1 minute\" \/>\n<script type=\"application\/ld+json\" class=\"yoast-schema-graph\">{\"@context\":\"https:\\\/\\\/schema.org\",\"@graph\":[{\"@type\":\"WebPage\",\"@id\":\"https:\\\/\\\/slaptameile.lt\\\/preke\\\/satino-pagalves-uzvalkalas-karalisko-vilniaus-meiles-istorija-balta\\\/\",\"url\":\"https:\\\/\\\/slaptameile.lt\\\/preke\\\/satino-pagalves-uzvalkalas-karalisko-vilniaus-meiles-istorija-balta\\\/\",\"name\":\"Satino pagalv\u0117s u\u017evalkalas \u201eKarali\u0161ko Vilniaus meil\u0117s istorija\u201c | Balta - Slapta Meil\u0117\",\"isPartOf\":{\"@id\":\"https:\\\/\\\/slaptameile.lt\\\/#website\"},\"primaryImageOfPage\":{\"@id\":\"https:\\\/\\\/slaptameile.lt\\\/preke\\\/satino-pagalves-uzvalkalas-karalisko-vilniaus-meiles-istorija-balta\\\/#primaryimage\"},\"image\":{\"@id\":\"https:\\\/\\\/slaptameile.lt\\\/preke\\\/satino-pagalves-uzvalkalas-karalisko-vilniaus-meiles-istorija-balta\\\/#primaryimage\"},\"thumbnailUrl\":\"https:\\\/\\\/slaptameile.lt\\\/wp-content\\\/uploads\\\/2026\\\/01\\\/Pagalves-uzvalkalas-SM-White-012.jpg\",\"datePublished\":\"2026-01-26T16:16:15+00:00\",\"dateModified\":\"2026-02-02T10:12:55+00:00\",\"breadcrumb\":{\"@id\":\"https:\\\/\\\/slaptameile.lt\\\/preke\\\/satino-pagalves-uzvalkalas-karalisko-vilniaus-meiles-istorija-balta\\\/#breadcrumb\"},\"inLanguage\":\"en-US\",\"potentialAction\":[{\"@type\":\"ReadAction\",\"target\":[\"https:\\\/\\\/slaptameile.lt\\\/preke\\\/satino-pagalves-uzvalkalas-karalisko-vilniaus-meiles-istorija-balta\\\/\"]}]},{\"@type\":\"ImageObject\",\"inLanguage\":\"en-US\",\"@id\":\"https:\\\/\\\/slaptameile.lt\\\/preke\\\/satino-pagalves-uzvalkalas-karalisko-vilniaus-meiles-istorija-balta\\\/#primaryimage\",\"url\":\"https:\\\/\\\/slaptameile.lt\\\/wp-content\\\/uploads\\\/2026\\\/01\\\/Pagalves-uzvalkalas-SM-White-012.jpg\",\"contentUrl\":\"https:\\\/\\\/slaptameile.lt\\\/wp-content\\\/uploads\\\/2026\\\/01\\\/Pagalves-uzvalkalas-SM-White-012.jpg\",\"width\":2250,\"height\":3000},{\"@type\":\"BreadcrumbList\",\"@id\":\"https:\\\/\\\/slaptameile.lt\\\/preke\\\/satino-pagalves-uzvalkalas-karalisko-vilniaus-meiles-istorija-balta\\\/#breadcrumb\",\"itemListElement\":[{\"@type\":\"ListItem\",\"position\":1,\"name\":\"Home\",\"item\":\"https:\\\/\\\/slaptameile.lt\\\/\"},{\"@type\":\"ListItem\",\"position\":2,\"name\":\"Parduotuv\u0117\",\"item\":\"https:\\\/\\\/slaptameile.lt\\\/parduotuve\\\/\"},{\"@type\":\"ListItem\",\"position\":3,\"name\":\"Satino pagalv\u0117s u\u017evalkalas \u201eKarali\u0161ko Vilniaus meil\u0117s istorija\u201c | Balta\"}]},{\"@type\":\"WebSite\",\"@id\":\"https:\\\/\\\/slaptameile.lt\\\/#website\",\"url\":\"https:\\\/\\\/slaptameile.lt\\\/\",\"name\":\"Slapta Meil\u0117\",\"description\":\"\",\"publisher\":{\"@id\":\"https:\\\/\\\/slaptameile.lt\\\/#organization\"},\"potentialAction\":[{\"@type\":\"SearchAction\",\"target\":{\"@type\":\"EntryPoint\",\"urlTemplate\":\"https:\\\/\\\/slaptameile.lt\\\/?s={search_term_string}\"},\"query-input\":{\"@type\":\"PropertyValueSpecification\",\"valueRequired\":true,\"valueName\":\"search_term_string\"}}],\"inLanguage\":\"en-US\"},{\"@type\":\"Organization\",\"@id\":\"https:\\\/\\\/slaptameile.lt\\\/#organization\",\"name\":\"Slapta Meil\u0117\",\"url\":\"https:\\\/\\\/slaptameile.lt\\\/\",\"logo\":{\"@type\":\"ImageObject\",\"inLanguage\":\"en-US\",\"@id\":\"https:\\\/\\\/slaptameile.lt\\\/#\\\/schema\\\/logo\\\/image\\\/\",\"url\":\"https:\\\/\\\/slaptameile.lt\\\/wp-content\\\/uploads\\\/2026\\\/04\\\/sm-logo.jpg\",\"contentUrl\":\"https:\\\/\\\/slaptameile.lt\\\/wp-content\\\/uploads\\\/2026\\\/04\\\/sm-logo.jpg\",\"width\":810,\"height\":380,\"caption\":\"Slapta Meil\u0117\"},\"image\":{\"@id\":\"https:\\\/\\\/slaptameile.lt\\\/#\\\/schema\\\/logo\\\/image\\\/\"},\"sameAs\":[\"https:\\\/\\\/www.facebook.com\\\/SlaptaMeileBarbora\",\"https:\\\/\\\/www.instagram.com\\\/slaptameile\",\"https:\\\/\\\/www.tiktok.com\\\/@slaptameile1\"]}]}<\/script>\n<!-- \/ Yoast SEO plugin. -->","yoast_head_json":{"title":"Satino pagalv\u0117s u\u017evalkalas \u201eKarali\u0161ko Vilniaus meil\u0117s istorija\u201c | Balta - Slapta Meil\u0117","robots":{"index":"index","follow":"follow","max-snippet":"max-snippet:-1","max-image-preview":"max-image-preview:large","max-video-preview":"max-video-preview:-1"},"canonical":"https:\/\/slaptameile.lt\/en\/preke\/satino-pagalves-uzvalkalas-karalisko-vilniaus-meiles-istorija-balta\/","og_locale":"en_US","og_type":"article","og_title":"Satino pagalv\u0117s u\u017evalkalas \u201eKarali\u0161ko Vilniaus meil\u0117s istorija\u201c | Balta - Slapta Meil\u0117","og_description":"Karali\u0161kos meil\u0117s pagalv\u0117\u00a0pa\u017eod\u017eiui. Ant antracito atspalvio\u00a0satino pagalv\u0117s u\u017evalkalo\u00a0nutiestas\u00a0Vilniaus senamies\u010dio \u017eem\u0117lapis, kuriame pasakojama Barboros Radvilait\u0117s ir \u017dygimanto Augusto meil\u0117s istorija. Valdov\u0173 r\u016bmai, Katedra, Pilies gatv\u0117, Au\u0161ros vartai \u2013 kiekvienas pie\u0161inys turi simbolin\u0119 prasm\u0119, kaip ir j\u0173 meil\u0117.  Julijos Janus dizainas.\u00a0Meil\u0117s \u017eem\u0117lapis pie\u0161tas ranka, perdirbtas \u012f tekstil\u0117s grafik\u0105, kuri kalba apie jausmus be \u017eod\u017ei\u0173  Tinka kaip: romanti\u0161ka dovana, suvenyras i\u0161 Vilniaus, stilingas miegamojo akcentas ar kolekcin\u0117 dovana su istorija  Sud\u0117tis\u00a0100 % medviln\u0117s satinas Dydis\u00a050\u00d770 cm Spalva Balta U\u017esegimas\u00a0pasl\u0117ptas u\u017etrauktukas Kolekcija\u00a0SLAPTA MEIL\u0116 x DECOFLUX Pagaminta Lietuvoje","og_url":"https:\/\/slaptameile.lt\/en\/preke\/satino-pagalves-uzvalkalas-karalisko-vilniaus-meiles-istorija-balta\/","og_site_name":"Slapta Meil\u0117","article_publisher":"https:\/\/www.facebook.com\/SlaptaMeileBarbora","article_modified_time":"2026-02-02T10:12:55+00:00","og_image":[{"width":2250,"height":3000,"url":"https:\/\/slaptameile.lt\/wp-content\/uploads\/2026\/01\/Pagalves-uzvalkalas-SM-White-012.jpg","type":"image\/jpeg"}],"twitter_card":"summary_large_image","twitter_misc":{"Est. reading time":"1 minute"},"schema":{"@context":"https:\/\/schema.org","@graph":[{"@type":"WebPage","@id":"https:\/\/slaptameile.lt\/preke\/satino-pagalves-uzvalkalas-karalisko-vilniaus-meiles-istorija-balta\/","url":"https:\/\/slaptameile.lt\/preke\/satino-pagalves-uzvalkalas-karalisko-vilniaus-meiles-istorija-balta\/","name":"Satino pagalv\u0117s u\u017evalkalas \u201eKarali\u0161ko Vilniaus meil\u0117s istorija\u201c | Balta - Slapta Meil\u0117","isPartOf":{"@id":"https:\/\/slaptameile.lt\/#website"},"primaryImageOfPage":{"@id":"https:\/\/slaptameile.lt\/preke\/satino-pagalves-uzvalkalas-karalisko-vilniaus-meiles-istorija-balta\/#primaryimage"},"image":{"@id":"https:\/\/slaptameile.lt\/preke\/satino-pagalves-uzvalkalas-karalisko-vilniaus-meiles-istorija-balta\/#primaryimage"},"thumbnailUrl":"https:\/\/slaptameile.lt\/wp-content\/uploads\/2026\/01\/Pagalves-uzvalkalas-SM-White-012.jpg","datePublished":"2026-01-26T16:16:15+00:00","dateModified":"2026-02-02T10:12:55+00:00","breadcrumb":{"@id":"https:\/\/slaptameile.lt\/preke\/satino-pagalves-uzvalkalas-karalisko-vilniaus-meiles-istorija-balta\/#breadcrumb"},"inLanguage":"en-US","potentialAction":[{"@type":"ReadAction","target":["https:\/\/slaptameile.lt\/preke\/satino-pagalves-uzvalkalas-karalisko-vilniaus-meiles-istorija-balta\/"]}]},{"@type":"ImageObject","inLanguage":"en-US","@id":"https:\/\/slaptameile.lt\/preke\/satino-pagalves-uzvalkalas-karalisko-vilniaus-meiles-istorija-balta\/#primaryimage","url":"https:\/\/slaptameile.lt\/wp-content\/uploads\/2026\/01\/Pagalves-uzvalkalas-SM-White-012.jpg","contentUrl":"https:\/\/slaptameile.lt\/wp-content\/uploads\/2026\/01\/Pagalves-uzvalkalas-SM-White-012.jpg","width":2250,"height":3000},{"@type":"BreadcrumbList","@id":"https:\/\/slaptameile.lt\/preke\/satino-pagalves-uzvalkalas-karalisko-vilniaus-meiles-istorija-balta\/#breadcrumb","itemListElement":[{"@type":"ListItem","position":1,"name":"Home","item":"https:\/\/slaptameile.lt\/"},{"@type":"ListItem","position":2,"name":"Parduotuv\u0117","item":"https:\/\/slaptameile.lt\/parduotuve\/"},{"@type":"ListItem","position":3,"name":"Satino pagalv\u0117s u\u017evalkalas \u201eKarali\u0161ko Vilniaus meil\u0117s istorija\u201c | Balta"}]},{"@type":"WebSite","@id":"https:\/\/slaptameile.lt\/#website","url":"https:\/\/slaptameile.lt\/","name":"Secret Love","description":"","publisher":{"@id":"https:\/\/slaptameile.lt\/#organization"},"potentialAction":[{"@type":"SearchAction","target":{"@type":"EntryPoint","urlTemplate":"https:\/\/slaptameile.lt\/?s={search_term_string}"},"query-input":{"@type":"PropertyValueSpecification","valueRequired":true,"valueName":"search_term_string"}}],"inLanguage":"en-US"},{"@type":"Organization","@id":"https:\/\/slaptameile.lt\/#organization","name":"Secret Love","url":"https:\/\/slaptameile.lt\/","logo":{"@type":"ImageObject","inLanguage":"en-US","@id":"https:\/\/slaptameile.lt\/#\/schema\/logo\/image\/","url":"https:\/\/slaptameile.lt\/wp-content\/uploads\/2026\/04\/sm-logo.jpg","contentUrl":"https:\/\/slaptameile.lt\/wp-content\/uploads\/2026\/04\/sm-logo.jpg","width":810,"height":380,"caption":"Slapta Meil\u0117"},"image":{"@id":"https:\/\/slaptameile.lt\/#\/schema\/logo\/image\/"},"sameAs":["https:\/\/www.facebook.com\/SlaptaMeileBarbora","https:\/\/www.instagram.com\/slaptameile","https:\/\/www.tiktok.com\/@slaptameile1"]}]}},"_links":{"self":[{"href":"https:\/\/slaptameile.lt\/en\/wp-json\/wp\/v2\/product\/2277","targetHints":{"allow":["GET"]}}],"collection":[{"href":"https:\/\/slaptameile.lt\/en\/wp-json\/wp\/v2\/product"}],"about":[{"href":"https:\/\/slaptameile.lt\/en\/wp-json\/wp\/v2\/types\/product"}],"replies":[{"embeddable":true,"href":"https:\/\/slaptameile.lt\/en\/wp-json\/wp\/v2\/comments?post=2277"}],"wp:featuredmedia":[{"embeddable":true,"href":"https:\/\/slaptameile.lt\/en\/wp-json\/wp\/v2\/media\/2278"}],"wp:attachment":[{"href":"https:\/\/slaptameile.lt\/en\/wp-json\/wp\/v2\/media?parent=2277"}],"wp:term":[{"taxonomy":"partner","embeddable":true,"href":"https:\/\/slaptameile.lt\/en\/wp-json\/wp\/v2\/partner?post=2277"},{"taxonomy":"product_brand","embeddable":true,"href":"https:\/\/slaptameile.lt\/en\/wp-json\/wp\/v2\/product_brand?post=2277"},{"taxonomy":"product_cat","embeddable":true,"href":"https:\/\/slaptameile.lt\/en\/wp-json\/wp\/v2\/product_cat?post=2277"},{"taxonomy":"product_tag","embeddable":true,"href":"https:\/\/slaptameile.lt\/en\/wp-json\/wp\/v2\/product_tag?post=2277"}],"curies":[{"name":"wp","href":"https:\/\/api.w.org\/{rel}","templated":true}]}}