{"id":186,"date":"2024-08-14T20:22:04","date_gmt":"2024-08-14T17:22:04","guid":{"rendered":"https:\/\/slaptameile.lt\/?post_type=product&#038;p=186"},"modified":"2026-04-14T04:38:45","modified_gmt":"2026-04-14T01:38:45","slug":"kvapni-soju-vasko-zvake-slapta-meile","status":"publish","type":"product","link":"https:\/\/slaptameile.lt\/en\/preke\/kvapni-soju-vasko-zvake-slapta-meile\/","title":{"rendered":"Soy wax candle \u201eSlapta meil\u0117\u201c"},"content":{"rendered":"<p>Kvepianti\u00a0rank\u0173 darbo soj\u0173 va\u0161ko \u017evak\u0117, gimusi i\u0161 vienos garsiausi\u0173 Lietuvos meil\u0117s istorij\u0173 \u2013 Barboros Radvilait\u0117s ir \u017dygimanto Augusto. Tai kvepiantis pasakojimas, kuris neskuba, nekalba per garsiai, bet ilgai lieka atmintyje (ir ore).<\/p>\n<p>Kvapas:<br \/>\nRenesanso pilies atmosfera \u2013 rusenan\u010dio \u017eidinio \u0161iluma, sandalmed\u017eio bald\u0173 rimtis, d\u017eiovint\u0173 augal\u0173 puok\u0161t\u0117s, \u0161velnus apelsin\u0173 ir ro\u017ei\u0173 dvelksmas. Kvapas, kur\u012f nori tur\u0117ti vonioje, svetain\u0117je ar net darbe \u2013 jei dirbi ten, kur suprantama, kad kvapas = \u012fvaizdis.<\/p>\n<p>Tinka, kai reikia dovanos, kuri pasako:<br \/>\n\u201eA\u0161 pagalvojau, parinkau, ir taip \u2013 a\u0161 turiu skon\u012f.\u201c<\/p>\n<p>Puikiai tinka kaip:<br \/>\nDovana moteriai<br \/>\nDovana jam<br \/>\nDovana \u012fkurtuv\u0117ms<br \/>\nVerslo dovana<br \/>\nKal\u0117din\u0117 dovana<br \/>\nVelykin\u0117 dovana<br \/>\nSuvenyras i\u0161 Lietuvos<br \/>\nArba tiesiog dovana sau, nes kas dar taip gerai supranta tavo poreikius?<\/p>\n<p>Kas vertinga:<br \/>\n100 % nat\u016bralus soj\u0173 va\u0161kas<br \/>\nIlgai i\u0161liekantis kvapas net ir neu\u017edegus<br \/>\nStilingas stiklinis indelis, tinkamas pakartotiniam naudojimui<br \/>\nPraturtinta\u00a0nat\u016braliais kvapniaisiais aliejais<br \/>\nSupakuota kaip\u00a0solidus dovan\u0173 akcentas, nereikalaujantis papildomo glam\u016bro<br \/>\nMade in Lithuania<\/p>\n<p>Dizainas ir id\u0117ja:\u00a0Candle family\u2013 nes kai kurie \u017emon\u0117s kvap\u0105 traktuoja kaip k\u016brybos form\u0105, o ne tiesiog \u201eka\u017ek\u0105 skanaus\u201c. Vizualiai \u2013 minimalistinis, bet simboli\u0161kas. Tinka kiekvienam interjerui, nuo lofto iki senamies\u010dio buto, nuo dizainerio studijos iki slapto meil\u0117s lizdo.<\/p>\n<p>Technin\u0117 pus\u0117:<br \/>\nVa\u0161ko kiekis: ~210 g<br \/>\nDegimo trukm\u0117: ~35 val.<\/p>","protected":false},"excerpt":{"rendered":"<p>Kvepianti\u00a0rank\u0173 darbo soj\u0173 va\u0161ko \u017evak\u0117, gimusi i\u0161 vienos garsiausi\u0173 Lietuvos meil\u0117s istorij\u0173 \u2013 Barboros Radvilait\u0117s ir \u017dygimanto Augusto. Tai kvepiantis pasakojimas, kuris neskuba, nekalba per garsiai, bet ilgai lieka atmintyje (ir ore).<\/p>\n<p>Kvapas:<br \/>\nRenesanso pilies atmosfera \u2013 rusenan\u010dio \u017eidinio \u0161iluma, sandalmed\u017eio bald\u0173 rimtis, d\u017eiovint\u0173 augal\u0173 puok\u0161t\u0117s, \u0161velnus apelsin\u0173 ir ro\u017ei\u0173 dvelksmas. Kvapas, kur\u012f nori tur\u0117ti vonioje, svetain\u0117je ar net darbe \u2013 jei dirbi ten, kur suprantama, kad kvapas = \u012fvaizdis.<\/p>\n<p>Tinka, kai reikia dovanos, kuri pasako:<br \/>\n\u201eA\u0161 pagalvojau, parinkau, ir taip \u2013 a\u0161 turiu skon\u012f.\u201c<\/p>\n<p>Puikiai tinka kaip:<br \/>\nDovana moteriai<br \/>\nDovana jam<br \/>\nDovana \u012fkurtuv\u0117ms<br \/>\nVerslo dovana<br \/>\nKal\u0117din\u0117 dovana<br \/>\nVelykin\u0117 dovana<br \/>\nSuvenyras i\u0161 Lietuvos<br \/>\nArba tiesiog dovana sau, nes kas dar taip gerai supranta tavo poreikius?<\/p>\n<p>Kas vertinga:<br \/>\n100 % nat\u016bralus soj\u0173 va\u0161kas<br \/>\nIlgai i\u0161liekantis kvapas net ir neu\u017edegus<br \/>\nStilingas stiklinis indelis, tinkamas pakartotiniam naudojimui<br \/>\nPraturtinta\u00a0nat\u016braliais kvapniaisiais aliejais<br \/>\nSupakuota kaip\u00a0solidus dovan\u0173 akcentas, nereikalaujantis papildomo glam\u016bro<br \/>\nMade in Lithuania<\/p>\n<p>Dizainas ir id\u0117ja:\u00a0Candle family\u2013 nes kai kurie \u017emon\u0117s kvap\u0105 traktuoja kaip k\u016brybos form\u0105, o ne tiesiog \u201eka\u017ek\u0105 skanaus\u201c. Vizualiai \u2013 minimalistinis, bet simboli\u0161kas. Tinka kiekvienam interjerui, nuo lofto iki senamies\u010dio buto, nuo dizainerio studijos iki slapto meil\u0117s lizdo.<\/p>\n<p>Technin\u0117 pus\u0117:<br \/>\nVa\u0161ko kiekis: ~210 g<br \/>\nDegimo trukm\u0117: ~35 val.<\/p>","protected":false},"featured_media":2318,"comment_status":"open","ping_status":"closed","template":"","meta":{"_acf_changed":false},"partner":[53],"product_brand":[],"product_cat":[18,27],"product_tag":[],"class_list":{"0":"post-186","1":"product","2":"type-product","3":"status-publish","4":"has-post-thumbnail","6":"partner-candle-family","7":"product_cat-karaliskoji-kolekcija","8":"product_cat-namu-didybei","10":"first","11":"instock","12":"taxable","13":"shipping-taxable","14":"purchasable","15":"product-type-simple"},"acf":[],"yoast_head":"<!-- This site is optimized with the Yoast SEO plugin v27.5 - https:\/\/yoast.com\/product\/yoast-seo-wordpress\/ -->\n<title>Kvapni soj\u0173 va\u0161ko \u017evak\u0117 \u201eSlapta meil\u0117\u201c - Slapta Meil\u0117<\/title>\n<meta name=\"robots\" content=\"index, follow, max-snippet:-1, max-image-preview:large, max-video-preview:-1\" \/>\n<link rel=\"canonical\" href=\"https:\/\/slaptameile.lt\/en\/preke\/kvapni-soju-vasko-zvake-slapta-meile\/\" \/>\n<meta property=\"og:locale\" content=\"en_US\" \/>\n<meta property=\"og:type\" content=\"article\" \/>\n<meta property=\"og:title\" content=\"Kvapni soj\u0173 va\u0161ko \u017evak\u0117 \u201eSlapta meil\u0117\u201c - Slapta Meil\u0117\" \/>\n<meta property=\"og:description\" content=\"Kvepianti\u00a0rank\u0173 darbo soj\u0173 va\u0161ko \u017evak\u0117, gimusi i\u0161 vienos garsiausi\u0173 Lietuvos meil\u0117s istorij\u0173 \u2013 Barboros Radvilait\u0117s ir \u017dygimanto Augusto. Tai kvepiantis pasakojimas, kuris neskuba, nekalba per garsiai, bet ilgai lieka atmintyje (ir ore).  Kvapas: Renesanso pilies atmosfera \u2013 rusenan\u010dio \u017eidinio \u0161iluma, sandalmed\u017eio bald\u0173 rimtis, d\u017eiovint\u0173 augal\u0173 puok\u0161t\u0117s, \u0161velnus apelsin\u0173 ir ro\u017ei\u0173 dvelksmas. Kvapas, kur\u012f nori tur\u0117ti vonioje, svetain\u0117je ar net darbe \u2013 jei dirbi ten, kur suprantama, kad kvapas = \u012fvaizdis.  Tinka, kai reikia dovanos, kuri pasako: \u201eA\u0161 pagalvojau, parinkau, ir taip \u2013 a\u0161 turiu skon\u012f.\u201c  Puikiai tinka kaip: Dovana moteriai Dovana jam Dovana \u012fkurtuv\u0117ms Verslo dovana Kal\u0117din\u0117 dovana Velykin\u0117 dovana Suvenyras i\u0161 Lietuvos Arba tiesiog dovana sau, nes kas dar taip gerai supranta tavo poreikius?  Kas vertinga: 100 % nat\u016bralus soj\u0173 va\u0161kas Ilgai i\u0161liekantis kvapas net ir neu\u017edegus Stilingas stiklinis indelis, tinkamas pakartotiniam naudojimui Praturtinta\u00a0nat\u016braliais kvapniaisiais aliejais Supakuota kaip\u00a0solidus dovan\u0173 akcentas, nereikalaujantis papildomo glam\u016bro Pagaminta Lietuvoje  Dizainas ir id\u0117ja:\u00a0Candle family\u2013 nes kai kurie \u017emon\u0117s kvap\u0105 traktuoja kaip k\u016brybos form\u0105, o ne tiesiog \u201eka\u017ek\u0105 skanaus\u201c. Vizualiai \u2013 minimalistinis, bet simboli\u0161kas. Tinka kiekvienam interjerui, nuo lofto iki senamies\u010dio buto, nuo dizainerio studijos iki slapto meil\u0117s lizdo.  Technin\u0117 pus\u0117: Va\u0161ko kiekis: ~210 g Degimo trukm\u0117: ~35 val.\" \/>\n<meta property=\"og:url\" content=\"https:\/\/slaptameile.lt\/en\/preke\/kvapni-soju-vasko-zvake-slapta-meile\/\" \/>\n<meta property=\"og:site_name\" content=\"Slapta Meil\u0117\" \/>\n<meta property=\"article:publisher\" content=\"https:\/\/www.facebook.com\/SlaptaMeileBarbora\" \/>\n<meta property=\"article:modified_time\" content=\"2026-04-14T01:38:45+00:00\" \/>\n<meta property=\"og:image\" content=\"https:\/\/slaptameile.lt\/wp-content\/uploads\/2024\/08\/Zvake-indelyje-A-SLAPTA-MEILE-01.jpg\" \/>\n\t<meta property=\"og:image:width\" content=\"2250\" \/>\n\t<meta property=\"og:image:height\" content=\"3000\" \/>\n\t<meta property=\"og:image:type\" content=\"image\/jpeg\" \/>\n<meta name=\"twitter:card\" content=\"summary_large_image\" \/>\n<meta name=\"twitter:label1\" content=\"Est. reading time\" \/>\n\t<meta name=\"twitter:data1\" content=\"1 minute\" \/>\n<script type=\"application\/ld+json\" class=\"yoast-schema-graph\">{\"@context\":\"https:\\\/\\\/schema.org\",\"@graph\":[{\"@type\":\"WebPage\",\"@id\":\"https:\\\/\\\/slaptameile.lt\\\/preke\\\/kvapni-soju-vasko-zvake-slapta-meile\\\/\",\"url\":\"https:\\\/\\\/slaptameile.lt\\\/preke\\\/kvapni-soju-vasko-zvake-slapta-meile\\\/\",\"name\":\"Kvapni soj\u0173 va\u0161ko \u017evak\u0117 \u201eSlapta meil\u0117\u201c - Slapta Meil\u0117\",\"isPartOf\":{\"@id\":\"https:\\\/\\\/slaptameile.lt\\\/#website\"},\"primaryImageOfPage\":{\"@id\":\"https:\\\/\\\/slaptameile.lt\\\/preke\\\/kvapni-soju-vasko-zvake-slapta-meile\\\/#primaryimage\"},\"image\":{\"@id\":\"https:\\\/\\\/slaptameile.lt\\\/preke\\\/kvapni-soju-vasko-zvake-slapta-meile\\\/#primaryimage\"},\"thumbnailUrl\":\"https:\\\/\\\/slaptameile.lt\\\/wp-content\\\/uploads\\\/2024\\\/08\\\/Zvake-indelyje-A-SLAPTA-MEILE-01.jpg\",\"datePublished\":\"2024-08-14T17:22:04+00:00\",\"dateModified\":\"2026-04-14T01:38:45+00:00\",\"breadcrumb\":{\"@id\":\"https:\\\/\\\/slaptameile.lt\\\/preke\\\/kvapni-soju-vasko-zvake-slapta-meile\\\/#breadcrumb\"},\"inLanguage\":\"en-US\",\"potentialAction\":[{\"@type\":\"ReadAction\",\"target\":[\"https:\\\/\\\/slaptameile.lt\\\/preke\\\/kvapni-soju-vasko-zvake-slapta-meile\\\/\"]}]},{\"@type\":\"ImageObject\",\"inLanguage\":\"en-US\",\"@id\":\"https:\\\/\\\/slaptameile.lt\\\/preke\\\/kvapni-soju-vasko-zvake-slapta-meile\\\/#primaryimage\",\"url\":\"https:\\\/\\\/slaptameile.lt\\\/wp-content\\\/uploads\\\/2024\\\/08\\\/Zvake-indelyje-A-SLAPTA-MEILE-01.jpg\",\"contentUrl\":\"https:\\\/\\\/slaptameile.lt\\\/wp-content\\\/uploads\\\/2024\\\/08\\\/Zvake-indelyje-A-SLAPTA-MEILE-01.jpg\",\"width\":2250,\"height\":3000},{\"@type\":\"BreadcrumbList\",\"@id\":\"https:\\\/\\\/slaptameile.lt\\\/preke\\\/kvapni-soju-vasko-zvake-slapta-meile\\\/#breadcrumb\",\"itemListElement\":[{\"@type\":\"ListItem\",\"position\":1,\"name\":\"Home\",\"item\":\"https:\\\/\\\/slaptameile.lt\\\/\"},{\"@type\":\"ListItem\",\"position\":2,\"name\":\"Parduotuv\u0117\",\"item\":\"https:\\\/\\\/slaptameile.lt\\\/parduotuve\\\/\"},{\"@type\":\"ListItem\",\"position\":3,\"name\":\"Kvapni soj\u0173 va\u0161ko \u017evak\u0117 \u201eSlapta meil\u0117\u201c\"}]},{\"@type\":\"WebSite\",\"@id\":\"https:\\\/\\\/slaptameile.lt\\\/#website\",\"url\":\"https:\\\/\\\/slaptameile.lt\\\/\",\"name\":\"Slapta Meil\u0117\",\"description\":\"\",\"publisher\":{\"@id\":\"https:\\\/\\\/slaptameile.lt\\\/#organization\"},\"potentialAction\":[{\"@type\":\"SearchAction\",\"target\":{\"@type\":\"EntryPoint\",\"urlTemplate\":\"https:\\\/\\\/slaptameile.lt\\\/?s={search_term_string}\"},\"query-input\":{\"@type\":\"PropertyValueSpecification\",\"valueRequired\":true,\"valueName\":\"search_term_string\"}}],\"inLanguage\":\"en-US\"},{\"@type\":\"Organization\",\"@id\":\"https:\\\/\\\/slaptameile.lt\\\/#organization\",\"name\":\"Slapta Meil\u0117\",\"url\":\"https:\\\/\\\/slaptameile.lt\\\/\",\"logo\":{\"@type\":\"ImageObject\",\"inLanguage\":\"en-US\",\"@id\":\"https:\\\/\\\/slaptameile.lt\\\/#\\\/schema\\\/logo\\\/image\\\/\",\"url\":\"https:\\\/\\\/slaptameile.lt\\\/wp-content\\\/uploads\\\/2026\\\/04\\\/sm-logo.jpg\",\"contentUrl\":\"https:\\\/\\\/slaptameile.lt\\\/wp-content\\\/uploads\\\/2026\\\/04\\\/sm-logo.jpg\",\"width\":810,\"height\":380,\"caption\":\"Slapta Meil\u0117\"},\"image\":{\"@id\":\"https:\\\/\\\/slaptameile.lt\\\/#\\\/schema\\\/logo\\\/image\\\/\"},\"sameAs\":[\"https:\\\/\\\/www.facebook.com\\\/SlaptaMeileBarbora\",\"https:\\\/\\\/www.instagram.com\\\/slaptameile\",\"https:\\\/\\\/www.tiktok.com\\\/@slaptameile1\"]}]}<\/script>\n<!-- \/ Yoast SEO plugin. -->","yoast_head_json":{"title":"Kvapni soj\u0173 va\u0161ko \u017evak\u0117 \u201eSlapta meil\u0117\u201c - Slapta Meil\u0117","robots":{"index":"index","follow":"follow","max-snippet":"max-snippet:-1","max-image-preview":"max-image-preview:large","max-video-preview":"max-video-preview:-1"},"canonical":"https:\/\/slaptameile.lt\/en\/preke\/kvapni-soju-vasko-zvake-slapta-meile\/","og_locale":"en_US","og_type":"article","og_title":"Kvapni soj\u0173 va\u0161ko \u017evak\u0117 \u201eSlapta meil\u0117\u201c - Slapta Meil\u0117","og_description":"Kvepianti\u00a0rank\u0173 darbo soj\u0173 va\u0161ko \u017evak\u0117, gimusi i\u0161 vienos garsiausi\u0173 Lietuvos meil\u0117s istorij\u0173 \u2013 Barboros Radvilait\u0117s ir \u017dygimanto Augusto. Tai kvepiantis pasakojimas, kuris neskuba, nekalba per garsiai, bet ilgai lieka atmintyje (ir ore).  Kvapas: Renesanso pilies atmosfera \u2013 rusenan\u010dio \u017eidinio \u0161iluma, sandalmed\u017eio bald\u0173 rimtis, d\u017eiovint\u0173 augal\u0173 puok\u0161t\u0117s, \u0161velnus apelsin\u0173 ir ro\u017ei\u0173 dvelksmas. Kvapas, kur\u012f nori tur\u0117ti vonioje, svetain\u0117je ar net darbe \u2013 jei dirbi ten, kur suprantama, kad kvapas = \u012fvaizdis.  Tinka, kai reikia dovanos, kuri pasako: \u201eA\u0161 pagalvojau, parinkau, ir taip \u2013 a\u0161 turiu skon\u012f.\u201c  Puikiai tinka kaip: Dovana moteriai Dovana jam Dovana \u012fkurtuv\u0117ms Verslo dovana Kal\u0117din\u0117 dovana Velykin\u0117 dovana Suvenyras i\u0161 Lietuvos Arba tiesiog dovana sau, nes kas dar taip gerai supranta tavo poreikius?  Kas vertinga: 100 % nat\u016bralus soj\u0173 va\u0161kas Ilgai i\u0161liekantis kvapas net ir neu\u017edegus Stilingas stiklinis indelis, tinkamas pakartotiniam naudojimui Praturtinta\u00a0nat\u016braliais kvapniaisiais aliejais Supakuota kaip\u00a0solidus dovan\u0173 akcentas, nereikalaujantis papildomo glam\u016bro Pagaminta Lietuvoje  Dizainas ir id\u0117ja:\u00a0Candle family\u2013 nes kai kurie \u017emon\u0117s kvap\u0105 traktuoja kaip k\u016brybos form\u0105, o ne tiesiog \u201eka\u017ek\u0105 skanaus\u201c. Vizualiai \u2013 minimalistinis, bet simboli\u0161kas. Tinka kiekvienam interjerui, nuo lofto iki senamies\u010dio buto, nuo dizainerio studijos iki slapto meil\u0117s lizdo.  Technin\u0117 pus\u0117: Va\u0161ko kiekis: ~210 g Degimo trukm\u0117: ~35 val.","og_url":"https:\/\/slaptameile.lt\/en\/preke\/kvapni-soju-vasko-zvake-slapta-meile\/","og_site_name":"Slapta Meil\u0117","article_publisher":"https:\/\/www.facebook.com\/SlaptaMeileBarbora","article_modified_time":"2026-04-14T01:38:45+00:00","og_image":[{"width":2250,"height":3000,"url":"https:\/\/slaptameile.lt\/wp-content\/uploads\/2024\/08\/Zvake-indelyje-A-SLAPTA-MEILE-01.jpg","type":"image\/jpeg"}],"twitter_card":"summary_large_image","twitter_misc":{"Est. reading time":"1 minute"},"schema":{"@context":"https:\/\/schema.org","@graph":[{"@type":"WebPage","@id":"https:\/\/slaptameile.lt\/preke\/kvapni-soju-vasko-zvake-slapta-meile\/","url":"https:\/\/slaptameile.lt\/preke\/kvapni-soju-vasko-zvake-slapta-meile\/","name":"Kvapni soj\u0173 va\u0161ko \u017evak\u0117 \u201eSlapta meil\u0117\u201c - Slapta Meil\u0117","isPartOf":{"@id":"https:\/\/slaptameile.lt\/#website"},"primaryImageOfPage":{"@id":"https:\/\/slaptameile.lt\/preke\/kvapni-soju-vasko-zvake-slapta-meile\/#primaryimage"},"image":{"@id":"https:\/\/slaptameile.lt\/preke\/kvapni-soju-vasko-zvake-slapta-meile\/#primaryimage"},"thumbnailUrl":"https:\/\/slaptameile.lt\/wp-content\/uploads\/2024\/08\/Zvake-indelyje-A-SLAPTA-MEILE-01.jpg","datePublished":"2024-08-14T17:22:04+00:00","dateModified":"2026-04-14T01:38:45+00:00","breadcrumb":{"@id":"https:\/\/slaptameile.lt\/preke\/kvapni-soju-vasko-zvake-slapta-meile\/#breadcrumb"},"inLanguage":"en-US","potentialAction":[{"@type":"ReadAction","target":["https:\/\/slaptameile.lt\/preke\/kvapni-soju-vasko-zvake-slapta-meile\/"]}]},{"@type":"ImageObject","inLanguage":"en-US","@id":"https:\/\/slaptameile.lt\/preke\/kvapni-soju-vasko-zvake-slapta-meile\/#primaryimage","url":"https:\/\/slaptameile.lt\/wp-content\/uploads\/2024\/08\/Zvake-indelyje-A-SLAPTA-MEILE-01.jpg","contentUrl":"https:\/\/slaptameile.lt\/wp-content\/uploads\/2024\/08\/Zvake-indelyje-A-SLAPTA-MEILE-01.jpg","width":2250,"height":3000},{"@type":"BreadcrumbList","@id":"https:\/\/slaptameile.lt\/preke\/kvapni-soju-vasko-zvake-slapta-meile\/#breadcrumb","itemListElement":[{"@type":"ListItem","position":1,"name":"Home","item":"https:\/\/slaptameile.lt\/"},{"@type":"ListItem","position":2,"name":"Parduotuv\u0117","item":"https:\/\/slaptameile.lt\/parduotuve\/"},{"@type":"ListItem","position":3,"name":"Kvapni soj\u0173 va\u0161ko \u017evak\u0117 \u201eSlapta meil\u0117\u201c"}]},{"@type":"WebSite","@id":"https:\/\/slaptameile.lt\/#website","url":"https:\/\/slaptameile.lt\/","name":"Secret Love","description":"","publisher":{"@id":"https:\/\/slaptameile.lt\/#organization"},"potentialAction":[{"@type":"SearchAction","target":{"@type":"EntryPoint","urlTemplate":"https:\/\/slaptameile.lt\/?s={search_term_string}"},"query-input":{"@type":"PropertyValueSpecification","valueRequired":true,"valueName":"search_term_string"}}],"inLanguage":"en-US"},{"@type":"Organization","@id":"https:\/\/slaptameile.lt\/#organization","name":"Secret Love","url":"https:\/\/slaptameile.lt\/","logo":{"@type":"ImageObject","inLanguage":"en-US","@id":"https:\/\/slaptameile.lt\/#\/schema\/logo\/image\/","url":"https:\/\/slaptameile.lt\/wp-content\/uploads\/2026\/04\/sm-logo.jpg","contentUrl":"https:\/\/slaptameile.lt\/wp-content\/uploads\/2026\/04\/sm-logo.jpg","width":810,"height":380,"caption":"Slapta Meil\u0117"},"image":{"@id":"https:\/\/slaptameile.lt\/#\/schema\/logo\/image\/"},"sameAs":["https:\/\/www.facebook.com\/SlaptaMeileBarbora","https:\/\/www.instagram.com\/slaptameile","https:\/\/www.tiktok.com\/@slaptameile1"]}]}},"_links":{"self":[{"href":"https:\/\/slaptameile.lt\/en\/wp-json\/wp\/v2\/product\/186","targetHints":{"allow":["GET"]}}],"collection":[{"href":"https:\/\/slaptameile.lt\/en\/wp-json\/wp\/v2\/product"}],"about":[{"href":"https:\/\/slaptameile.lt\/en\/wp-json\/wp\/v2\/types\/product"}],"replies":[{"embeddable":true,"href":"https:\/\/slaptameile.lt\/en\/wp-json\/wp\/v2\/comments?post=186"}],"wp:featuredmedia":[{"embeddable":true,"href":"https:\/\/slaptameile.lt\/en\/wp-json\/wp\/v2\/media\/2318"}],"wp:attachment":[{"href":"https:\/\/slaptameile.lt\/en\/wp-json\/wp\/v2\/media?parent=186"}],"wp:term":[{"taxonomy":"partner","embeddable":true,"href":"https:\/\/slaptameile.lt\/en\/wp-json\/wp\/v2\/partner?post=186"},{"taxonomy":"product_brand","embeddable":true,"href":"https:\/\/slaptameile.lt\/en\/wp-json\/wp\/v2\/product_brand?post=186"},{"taxonomy":"product_cat","embeddable":true,"href":"https:\/\/slaptameile.lt\/en\/wp-json\/wp\/v2\/product_cat?post=186"},{"taxonomy":"product_tag","embeddable":true,"href":"https:\/\/slaptameile.lt\/en\/wp-json\/wp\/v2\/product_tag?post=186"}],"curies":[{"name":"wp","href":"https:\/\/api.w.org\/{rel}","templated":true}]}}