{"id":174,"date":"2024-08-14T20:27:16","date_gmt":"2024-08-14T17:27:16","guid":{"rendered":"https:\/\/slaptameile.lt\/?post_type=product&#038;p=174"},"modified":"2026-04-14T04:38:46","modified_gmt":"2026-04-14T01:38:46","slug":"zvake-karaliene-barbora-apelsinas","status":"publish","type":"product","link":"https:\/\/slaptameile.lt\/en\/preke\/zvake-karaliene-barbora-apelsinas\/","title":{"rendered":"Candle Queen Barbara | Orange"},"content":{"rendered":"<p>Light a fire, breathe, imagine you are also noble.<\/p>\n<p>This candle is not just a decoration. It is an emotion, a story, a scent.\u00a0<em>Go<\/em><em>\u00a0<\/em>Soft darkness, created so you can sit in your room and pretend you're a Renaissance noblewoman, even though you just ordered food from Wolt.<\/p>\n<p>The idea and design were created by designer Julija and Petras, who thought, \u201eWhat if the candle looked like Barbora Radvilait\u0117?\u201c And so this sculptural reincarnation of the queen was born. The scent is as if Barbora had taken off her velvet cloak and jumped into a hot bath with sandalwood oils, dried herbs, roses, and that magical\u00a0<em>\u201esomething\u201c<\/em>, which makes people want to scent their homes with crowned sadness.<\/p>\n<p>Candle Guide: A Quick Overview<br \/>\nIt looks like a work of art, but it's melting.<br \/>\nFit for royalty and mysteriously.<br \/>\nAttached is a postcard with a historical love drama \u2013 because your gift needs a story.<br \/>\nIt smells even when it doesn't bother to burn. That's what authority is.<\/p>\n<p>Suitable for all who value:<br \/>\nA solid gift<br \/>\nEmotional comfort in the form of scent<br \/>\nChristmas, housewarming, mom's or friend's day, Valentine's Day<br \/>\nFor you, or someone living with flair \u2013 a man, a woman, a gay person, a queen, everyone in between and beyond.<\/p>\n<p>Technical details, because for someone they are important anyway:<br \/>\nSpalva apelsino Auk\u0161tis 20 cm<br \/>\nWeight 600 g<br \/>\nMade in Lithuania<br \/>\nFrom natural wax<br \/>\nIt is recommended to burn for up to 4 hours at a time (which is enough for life reflections).<\/p>\n<p>Place the plate under the candle to protect the furniture.<\/p>","protected":false},"excerpt":{"rendered":"<p>Light a fire, breathe, imagine you are also noble.<\/p>\n<p>This candle is not just a decoration. It is an emotion, a story, a scent.\u00a0<em>Go<\/em><em>\u00a0<\/em>Soft darkness, created so you can sit in your room and pretend you're a Renaissance noblewoman, even though you just ordered food from Wolt.<\/p>\n<p>The idea and design were created by designer Julija and Petras, who thought, \u201eWhat if the candle looked like Barbora Radvilait\u0117?\u201c And so this sculptural reincarnation of the queen was born. The scent is as if Barbora had taken off her velvet cloak and jumped into a hot bath with sandalwood oils, dried herbs, roses, and that magical\u00a0<em>\u201esomething\u201c<\/em>, which makes people want to scent their homes with crowned sadness.<\/p>\n<p>Candle Guide: A Quick Overview<br \/>\nIt looks like a work of art, but it's melting.<br \/>\nFit for royalty and mysteriously.<br \/>\nAttached is a postcard with a historical love drama \u2013 because your gift needs a story.<br \/>\nIt smells even when it doesn't bother to burn. That's what authority is.<\/p>\n<p>Suitable for all who value:<br \/>\nA solid gift<br \/>\nEmotional comfort in the form of scent<br \/>\nChristmas, housewarming, mom's or friend's day, Valentine's Day<br \/>\nFor you, or someone living with flair \u2013 a man, a woman, a gay person, a queen, everyone in between and beyond.<\/p>\n<p>Technical details, because for someone they are important anyway:<br \/>\nSpalva apelsino Auk\u0161tis 20 cm<br \/>\nWeight 600 g<br \/>\nMade in Lithuania<br \/>\nFrom natural wax<br \/>\nIt is recommended to burn for up to 4 hours at a time (which is enough for life reflections).<\/p>\n<p>Place the plate under the candle to protect the furniture.<\/p>","protected":false},"featured_media":2311,"comment_status":"open","ping_status":"closed","template":"","meta":{"_acf_changed":false},"partner":[53],"product_brand":[],"product_cat":[18,27],"product_tag":[],"class_list":{"0":"post-174","1":"product","2":"type-product","3":"status-publish","4":"has-post-thumbnail","6":"partner-candle-family","7":"product_cat-karaliskoji-kolekcija","8":"product_cat-namu-didybei","10":"first","11":"instock","12":"taxable","13":"shipping-taxable","14":"purchasable","15":"product-type-simple"},"acf":[],"yoast_head":"<!-- This site is optimized with the Yoast SEO plugin v27.5 - https:\/\/yoast.com\/product\/yoast-seo-wordpress\/ -->\n<title>\u017dvak\u0117 Karalien\u0117 Barbora | Apelsinas - Slapta Meil\u0117<\/title>\n<meta name=\"robots\" content=\"index, follow, max-snippet:-1, max-image-preview:large, max-video-preview:-1\" \/>\n<link rel=\"canonical\" href=\"https:\/\/slaptameile.lt\/en\/preke\/zvake-karaliene-barbora-apelsinas\/\" \/>\n<meta property=\"og:locale\" content=\"en_US\" \/>\n<meta property=\"og:type\" content=\"article\" \/>\n<meta property=\"og:title\" content=\"\u017dvak\u0117 Karalien\u0117 Barbora | Apelsinas - Slapta Meil\u0117\" \/>\n<meta property=\"og:description\" content=\"U\u017edek, pakv\u0117puok, \u012fsivaizduok, kad tu irgi kilminga.  \u0160i \u017evak\u0117 n\u0117ra \u0161iaip dekoracija. Ji \u2013 emocija,\u00a0istorija,\u00a0kvapas\u00a0ir\u00a0mink\u0161ta tamsa, sukurta tam, kad gal\u0117tum s\u0117d\u0117ti savo kambaryje ir apsimesti, jog esi renesanso laik\u0173 didik\u0117, nors k\u0105 tik u\u017esisakei maist\u0105 i\u0161 Wolt.  Id\u0117j\u0105 ir dizain\u0105 suk\u016br\u0117 dizainer\u0117 Julija ir Petras, kurie pagalvojo: \u201eO kas, jeigu \u017evak\u0117 atrodyt\u0173 kaip Barbora Radvilait\u0117?\u201c Ir taip gim\u0117 \u0161i skulpt\u016brin\u0117 karalien\u0117s reinkarnacija. Kvapas \u2013 tarsi Barbora b\u016bt\u0173 nusirengusi aksomin\u012f apsiaust\u0105 ir \u012f\u0161okusi \u012f kar\u0161t\u0105 voni\u0105 su sandalmed\u017eio aliejais, d\u017eiovintais \u017eolynais, ro\u017e\u0117mis ir tuo magi\u0161ku\u00a0\u201eka\u017ekuo\u201c, kas ver\u010dia \u017emones nor\u0117ti kvepinti savo namus kar\u016bnuotu li\u016bdesiu.  \u017dvak\u0117s gidas trumpai: Atrodo kaip meno k\u016brinys, bet lydosi. Supakuota karali\u0161kai ir paslaptingai. Pridedamas atvirukas su istorine meil\u0117s drama \u2013 nes tavo dovana turi tur\u0117ti siu\u017eet\u0105. Kvepia net tada, kai nepasivargina degti. \u0160tai koks autoritetas.  Tinka visiems, kurie vertina: Solid\u017ei\u0105 dovan\u0105 Emocin\u012f komfort\u0105 kvapo forma Kal\u0117das, \u012fkurtuves, mamos ar draugo dien\u0105, Valentino vakar\u0105 Sau arba ka\u017ekam, kas gyvena su skoniu \u2013 vyrui, moteriai, g\u0117jui, karalienei, visiems tarp ir u\u017e rib\u0173.  Technin\u0117s smulkmenos, nes ka\u017ekam jos vis tiek svarbios: Spalva apelsino Auk\u0161tis 20 cm Svoris 600 g Pagaminta Lietuvoje I\u0161 nat\u016bralaus va\u0161ko Rekomenduojama deginti iki 4 val. vienu kartu (tiek pakanka ir apm\u0105stymams apie gyvenim\u0105)  Pad\u0117k l\u0117k\u0161t\u0119 po \u017evake, apsaugok baldus.\" \/>\n<meta property=\"og:url\" content=\"https:\/\/slaptameile.lt\/en\/preke\/zvake-karaliene-barbora-apelsinas\/\" \/>\n<meta property=\"og:site_name\" content=\"Slapta Meil\u0117\" \/>\n<meta property=\"article:publisher\" content=\"https:\/\/www.facebook.com\/SlaptaMeileBarbora\" \/>\n<meta property=\"article:modified_time\" content=\"2026-04-14T01:38:46+00:00\" \/>\n<meta property=\"og:image\" content=\"https:\/\/slaptameile.lt\/wp-content\/uploads\/2024\/08\/Z-B-O01.jpg\" \/>\n\t<meta property=\"og:image:width\" content=\"2250\" \/>\n\t<meta property=\"og:image:height\" content=\"3000\" \/>\n\t<meta property=\"og:image:type\" content=\"image\/jpeg\" \/>\n<meta name=\"twitter:card\" content=\"summary_large_image\" \/>\n<meta name=\"twitter:label1\" content=\"Est. reading time\" \/>\n\t<meta name=\"twitter:data1\" content=\"1 minute\" \/>\n<script type=\"application\/ld+json\" class=\"yoast-schema-graph\">{\"@context\":\"https:\\\/\\\/schema.org\",\"@graph\":[{\"@type\":\"WebPage\",\"@id\":\"https:\\\/\\\/slaptameile.lt\\\/preke\\\/zvake-karaliene-barbora-apelsinas\\\/\",\"url\":\"https:\\\/\\\/slaptameile.lt\\\/preke\\\/zvake-karaliene-barbora-apelsinas\\\/\",\"name\":\"\u017dvak\u0117 Karalien\u0117 Barbora | Apelsinas - Slapta Meil\u0117\",\"isPartOf\":{\"@id\":\"https:\\\/\\\/slaptameile.lt\\\/#website\"},\"primaryImageOfPage\":{\"@id\":\"https:\\\/\\\/slaptameile.lt\\\/preke\\\/zvake-karaliene-barbora-apelsinas\\\/#primaryimage\"},\"image\":{\"@id\":\"https:\\\/\\\/slaptameile.lt\\\/preke\\\/zvake-karaliene-barbora-apelsinas\\\/#primaryimage\"},\"thumbnailUrl\":\"https:\\\/\\\/slaptameile.lt\\\/wp-content\\\/uploads\\\/2024\\\/08\\\/Z-B-O01.jpg\",\"datePublished\":\"2024-08-14T17:27:16+00:00\",\"dateModified\":\"2026-04-14T01:38:46+00:00\",\"breadcrumb\":{\"@id\":\"https:\\\/\\\/slaptameile.lt\\\/preke\\\/zvake-karaliene-barbora-apelsinas\\\/#breadcrumb\"},\"inLanguage\":\"en-US\",\"potentialAction\":[{\"@type\":\"ReadAction\",\"target\":[\"https:\\\/\\\/slaptameile.lt\\\/preke\\\/zvake-karaliene-barbora-apelsinas\\\/\"]}]},{\"@type\":\"ImageObject\",\"inLanguage\":\"en-US\",\"@id\":\"https:\\\/\\\/slaptameile.lt\\\/preke\\\/zvake-karaliene-barbora-apelsinas\\\/#primaryimage\",\"url\":\"https:\\\/\\\/slaptameile.lt\\\/wp-content\\\/uploads\\\/2024\\\/08\\\/Z-B-O01.jpg\",\"contentUrl\":\"https:\\\/\\\/slaptameile.lt\\\/wp-content\\\/uploads\\\/2024\\\/08\\\/Z-B-O01.jpg\",\"width\":2250,\"height\":3000},{\"@type\":\"BreadcrumbList\",\"@id\":\"https:\\\/\\\/slaptameile.lt\\\/preke\\\/zvake-karaliene-barbora-apelsinas\\\/#breadcrumb\",\"itemListElement\":[{\"@type\":\"ListItem\",\"position\":1,\"name\":\"Home\",\"item\":\"https:\\\/\\\/slaptameile.lt\\\/\"},{\"@type\":\"ListItem\",\"position\":2,\"name\":\"Parduotuv\u0117\",\"item\":\"https:\\\/\\\/slaptameile.lt\\\/parduotuve\\\/\"},{\"@type\":\"ListItem\",\"position\":3,\"name\":\"\u017dvak\u0117 Karalien\u0117 Barbora | Apelsinas\"}]},{\"@type\":\"WebSite\",\"@id\":\"https:\\\/\\\/slaptameile.lt\\\/#website\",\"url\":\"https:\\\/\\\/slaptameile.lt\\\/\",\"name\":\"Slapta Meil\u0117\",\"description\":\"\",\"publisher\":{\"@id\":\"https:\\\/\\\/slaptameile.lt\\\/#organization\"},\"potentialAction\":[{\"@type\":\"SearchAction\",\"target\":{\"@type\":\"EntryPoint\",\"urlTemplate\":\"https:\\\/\\\/slaptameile.lt\\\/?s={search_term_string}\"},\"query-input\":{\"@type\":\"PropertyValueSpecification\",\"valueRequired\":true,\"valueName\":\"search_term_string\"}}],\"inLanguage\":\"en-US\"},{\"@type\":\"Organization\",\"@id\":\"https:\\\/\\\/slaptameile.lt\\\/#organization\",\"name\":\"Slapta Meil\u0117\",\"url\":\"https:\\\/\\\/slaptameile.lt\\\/\",\"logo\":{\"@type\":\"ImageObject\",\"inLanguage\":\"en-US\",\"@id\":\"https:\\\/\\\/slaptameile.lt\\\/#\\\/schema\\\/logo\\\/image\\\/\",\"url\":\"https:\\\/\\\/slaptameile.lt\\\/wp-content\\\/uploads\\\/2026\\\/04\\\/sm-logo.jpg\",\"contentUrl\":\"https:\\\/\\\/slaptameile.lt\\\/wp-content\\\/uploads\\\/2026\\\/04\\\/sm-logo.jpg\",\"width\":810,\"height\":380,\"caption\":\"Slapta Meil\u0117\"},\"image\":{\"@id\":\"https:\\\/\\\/slaptameile.lt\\\/#\\\/schema\\\/logo\\\/image\\\/\"},\"sameAs\":[\"https:\\\/\\\/www.facebook.com\\\/SlaptaMeileBarbora\",\"https:\\\/\\\/www.instagram.com\\\/slaptameile\",\"https:\\\/\\\/www.tiktok.com\\\/@slaptameile1\"]}]}<\/script>\n<!-- \/ Yoast SEO plugin. -->","yoast_head_json":{"title":"\u017dvak\u0117 Karalien\u0117 Barbora | Apelsinas - Slapta Meil\u0117","robots":{"index":"index","follow":"follow","max-snippet":"max-snippet:-1","max-image-preview":"max-image-preview:large","max-video-preview":"max-video-preview:-1"},"canonical":"https:\/\/slaptameile.lt\/en\/preke\/zvake-karaliene-barbora-apelsinas\/","og_locale":"en_US","og_type":"article","og_title":"\u017dvak\u0117 Karalien\u0117 Barbora | Apelsinas - Slapta Meil\u0117","og_description":"U\u017edek, pakv\u0117puok, \u012fsivaizduok, kad tu irgi kilminga.  \u0160i \u017evak\u0117 n\u0117ra \u0161iaip dekoracija. Ji \u2013 emocija,\u00a0istorija,\u00a0kvapas\u00a0ir\u00a0mink\u0161ta tamsa, sukurta tam, kad gal\u0117tum s\u0117d\u0117ti savo kambaryje ir apsimesti, jog esi renesanso laik\u0173 didik\u0117, nors k\u0105 tik u\u017esisakei maist\u0105 i\u0161 Wolt.  Id\u0117j\u0105 ir dizain\u0105 suk\u016br\u0117 dizainer\u0117 Julija ir Petras, kurie pagalvojo: \u201eO kas, jeigu \u017evak\u0117 atrodyt\u0173 kaip Barbora Radvilait\u0117?\u201c Ir taip gim\u0117 \u0161i skulpt\u016brin\u0117 karalien\u0117s reinkarnacija. Kvapas \u2013 tarsi Barbora b\u016bt\u0173 nusirengusi aksomin\u012f apsiaust\u0105 ir \u012f\u0161okusi \u012f kar\u0161t\u0105 voni\u0105 su sandalmed\u017eio aliejais, d\u017eiovintais \u017eolynais, ro\u017e\u0117mis ir tuo magi\u0161ku\u00a0\u201eka\u017ekuo\u201c, kas ver\u010dia \u017emones nor\u0117ti kvepinti savo namus kar\u016bnuotu li\u016bdesiu.  \u017dvak\u0117s gidas trumpai: Atrodo kaip meno k\u016brinys, bet lydosi. Supakuota karali\u0161kai ir paslaptingai. Pridedamas atvirukas su istorine meil\u0117s drama \u2013 nes tavo dovana turi tur\u0117ti siu\u017eet\u0105. Kvepia net tada, kai nepasivargina degti. \u0160tai koks autoritetas.  Tinka visiems, kurie vertina: Solid\u017ei\u0105 dovan\u0105 Emocin\u012f komfort\u0105 kvapo forma Kal\u0117das, \u012fkurtuves, mamos ar draugo dien\u0105, Valentino vakar\u0105 Sau arba ka\u017ekam, kas gyvena su skoniu \u2013 vyrui, moteriai, g\u0117jui, karalienei, visiems tarp ir u\u017e rib\u0173.  Technin\u0117s smulkmenos, nes ka\u017ekam jos vis tiek svarbios: Spalva apelsino Auk\u0161tis 20 cm Svoris 600 g Pagaminta Lietuvoje I\u0161 nat\u016bralaus va\u0161ko Rekomenduojama deginti iki 4 val. vienu kartu (tiek pakanka ir apm\u0105stymams apie gyvenim\u0105)  Pad\u0117k l\u0117k\u0161t\u0119 po \u017evake, apsaugok baldus.","og_url":"https:\/\/slaptameile.lt\/en\/preke\/zvake-karaliene-barbora-apelsinas\/","og_site_name":"Slapta Meil\u0117","article_publisher":"https:\/\/www.facebook.com\/SlaptaMeileBarbora","article_modified_time":"2026-04-14T01:38:46+00:00","og_image":[{"width":2250,"height":3000,"url":"https:\/\/slaptameile.lt\/wp-content\/uploads\/2024\/08\/Z-B-O01.jpg","type":"image\/jpeg"}],"twitter_card":"summary_large_image","twitter_misc":{"Est. reading time":"1 minute"},"schema":{"@context":"https:\/\/schema.org","@graph":[{"@type":"WebPage","@id":"https:\/\/slaptameile.lt\/preke\/zvake-karaliene-barbora-apelsinas\/","url":"https:\/\/slaptameile.lt\/preke\/zvake-karaliene-barbora-apelsinas\/","name":"\u017dvak\u0117 Karalien\u0117 Barbora | Apelsinas - Slapta Meil\u0117","isPartOf":{"@id":"https:\/\/slaptameile.lt\/#website"},"primaryImageOfPage":{"@id":"https:\/\/slaptameile.lt\/preke\/zvake-karaliene-barbora-apelsinas\/#primaryimage"},"image":{"@id":"https:\/\/slaptameile.lt\/preke\/zvake-karaliene-barbora-apelsinas\/#primaryimage"},"thumbnailUrl":"https:\/\/slaptameile.lt\/wp-content\/uploads\/2024\/08\/Z-B-O01.jpg","datePublished":"2024-08-14T17:27:16+00:00","dateModified":"2026-04-14T01:38:46+00:00","breadcrumb":{"@id":"https:\/\/slaptameile.lt\/preke\/zvake-karaliene-barbora-apelsinas\/#breadcrumb"},"inLanguage":"en-US","potentialAction":[{"@type":"ReadAction","target":["https:\/\/slaptameile.lt\/preke\/zvake-karaliene-barbora-apelsinas\/"]}]},{"@type":"ImageObject","inLanguage":"en-US","@id":"https:\/\/slaptameile.lt\/preke\/zvake-karaliene-barbora-apelsinas\/#primaryimage","url":"https:\/\/slaptameile.lt\/wp-content\/uploads\/2024\/08\/Z-B-O01.jpg","contentUrl":"https:\/\/slaptameile.lt\/wp-content\/uploads\/2024\/08\/Z-B-O01.jpg","width":2250,"height":3000},{"@type":"BreadcrumbList","@id":"https:\/\/slaptameile.lt\/preke\/zvake-karaliene-barbora-apelsinas\/#breadcrumb","itemListElement":[{"@type":"ListItem","position":1,"name":"Home","item":"https:\/\/slaptameile.lt\/"},{"@type":"ListItem","position":2,"name":"Parduotuv\u0117","item":"https:\/\/slaptameile.lt\/parduotuve\/"},{"@type":"ListItem","position":3,"name":"\u017dvak\u0117 Karalien\u0117 Barbora | Apelsinas"}]},{"@type":"WebSite","@id":"https:\/\/slaptameile.lt\/#website","url":"https:\/\/slaptameile.lt\/","name":"Secret Love","description":"","publisher":{"@id":"https:\/\/slaptameile.lt\/#organization"},"potentialAction":[{"@type":"SearchAction","target":{"@type":"EntryPoint","urlTemplate":"https:\/\/slaptameile.lt\/?s={search_term_string}"},"query-input":{"@type":"PropertyValueSpecification","valueRequired":true,"valueName":"search_term_string"}}],"inLanguage":"en-US"},{"@type":"Organization","@id":"https:\/\/slaptameile.lt\/#organization","name":"Secret Love","url":"https:\/\/slaptameile.lt\/","logo":{"@type":"ImageObject","inLanguage":"en-US","@id":"https:\/\/slaptameile.lt\/#\/schema\/logo\/image\/","url":"https:\/\/slaptameile.lt\/wp-content\/uploads\/2026\/04\/sm-logo.jpg","contentUrl":"https:\/\/slaptameile.lt\/wp-content\/uploads\/2026\/04\/sm-logo.jpg","width":810,"height":380,"caption":"Slapta Meil\u0117"},"image":{"@id":"https:\/\/slaptameile.lt\/#\/schema\/logo\/image\/"},"sameAs":["https:\/\/www.facebook.com\/SlaptaMeileBarbora","https:\/\/www.instagram.com\/slaptameile","https:\/\/www.tiktok.com\/@slaptameile1"]}]}},"_links":{"self":[{"href":"https:\/\/slaptameile.lt\/en\/wp-json\/wp\/v2\/product\/174","targetHints":{"allow":["GET"]}}],"collection":[{"href":"https:\/\/slaptameile.lt\/en\/wp-json\/wp\/v2\/product"}],"about":[{"href":"https:\/\/slaptameile.lt\/en\/wp-json\/wp\/v2\/types\/product"}],"replies":[{"embeddable":true,"href":"https:\/\/slaptameile.lt\/en\/wp-json\/wp\/v2\/comments?post=174"}],"wp:featuredmedia":[{"embeddable":true,"href":"https:\/\/slaptameile.lt\/en\/wp-json\/wp\/v2\/media\/2311"}],"wp:attachment":[{"href":"https:\/\/slaptameile.lt\/en\/wp-json\/wp\/v2\/media?parent=174"}],"wp:term":[{"taxonomy":"partner","embeddable":true,"href":"https:\/\/slaptameile.lt\/en\/wp-json\/wp\/v2\/partner?post=174"},{"taxonomy":"product_brand","embeddable":true,"href":"https:\/\/slaptameile.lt\/en\/wp-json\/wp\/v2\/product_brand?post=174"},{"taxonomy":"product_cat","embeddable":true,"href":"https:\/\/slaptameile.lt\/en\/wp-json\/wp\/v2\/product_cat?post=174"},{"taxonomy":"product_tag","embeddable":true,"href":"https:\/\/slaptameile.lt\/en\/wp-json\/wp\/v2\/product_tag?post=174"}],"curies":[{"name":"wp","href":"https:\/\/api.w.org\/{rel}","templated":true}]}}