{"id":1504,"date":"2025-12-24T12:41:00","date_gmt":"2025-12-24T09:41:00","guid":{"rendered":"https:\/\/slaptameile.lt\/?post_type=product&#038;p=1504"},"modified":"2026-04-14T09:05:55","modified_gmt":"2026-04-14T06:05:55","slug":"slapta-meile-dovanu-kuponas","status":"publish","type":"product","link":"https:\/\/slaptameile.lt\/en\/preke\/slapta-meile-dovanu-kuponas\/","title":{"rendered":"SLAPTA MEIL\u0116 gift voucher"},"content":{"rendered":"<p>Looking for a special gift for a loved one?<\/p>\n<p>The SLAPTA MEIL\u0116 voucher is the perfect choice. The gift voucher can be used to purchase any product or service on our website www.slaptameile.lt<\/p>\n<p>SLAPTA MEIL\u0116 is an exclusive world where royal gifts and unique experiences come together, created with passion and love for its history. Every element, every product, every service is a unique creation of different creators, artists and designers.<\/p>\n<p>We are inspired by the royal love story of 16th century Barbora Radvilait\u0117 and Sigismund Augustus. Almost 500 years ago, it moved her contemporaries and in time became the myth of a love that conquered all. It is a wonderful romantic legend of our countries that we include in all the details, gifts and experiences.<\/p>\n<p>* The gift voucher is valid for 3 months from the date of purchase.<\/p>","protected":false},"excerpt":{"rendered":"<p>Ie\u0161kote ypatingos dovanos brangiam \u017emogui? SLAPTA MEIL\u0116 kuponas puikus pasirinkimas. Dovan\u0173 kupon\u0105 galima panaudoti, \u012fsigyjant bet kuri\u0105 prek\u0119 ar paslaug\u0105 m\u016bs\u0173 internetin\u0117je svetain\u0117je www.slaptameile.lt SLAPTA MEIL\u0116 \u2013 i\u0161skirtinis pasaulis, kuriame susijungia karali\u0161kos dovanos ir nepakartojami patyrimai, kuriami su aistra ir meile savo istorijai. Kiekvienas elementas, kiekvienas produktas, kiekviena paslauga \u2013 tai unikalus skirting\u0173 k\u016br\u0117j\u0173, meninink\u0173 [&hellip;]<\/p>\n","protected":false},"featured_media":1551,"comment_status":"open","ping_status":"closed","template":"","meta":{"_acf_changed":false},"partner":[],"product_brand":[],"product_cat":[31,30],"product_tag":[],"class_list":{"0":"post-1504","1":"product","2":"type-product","3":"status-publish","4":"has-post-thumbnail","6":"product_cat-dovanu-kuponai","7":"product_cat-malones-ir-dovanos","9":"first","10":"instock","11":"taxable","12":"shipping-taxable","13":"purchasable","14":"product-type-variable"},"acf":[],"yoast_head":"<!-- This site is optimized with the Yoast SEO plugin v27.5 - https:\/\/yoast.com\/product\/yoast-seo-wordpress\/ -->\n<title>SLAPTA MEIL\u0116 dovan\u0173 kuponas - Slapta Meil\u0117<\/title>\n<meta name=\"robots\" content=\"index, follow, max-snippet:-1, max-image-preview:large, max-video-preview:-1\" \/>\n<link rel=\"canonical\" href=\"https:\/\/slaptameile.lt\/en\/preke\/slapta-meile-dovanu-kuponas\/\" \/>\n<meta property=\"og:locale\" content=\"en_US\" \/>\n<meta property=\"og:type\" content=\"article\" \/>\n<meta property=\"og:title\" content=\"SLAPTA MEIL\u0116 dovan\u0173 kuponas - Slapta Meil\u0117\" \/>\n<meta property=\"og:description\" content=\"Ie\u0161kote ypatingos dovanos brangiam \u017emogui? SLAPTA MEIL\u0116 kuponas puikus pasirinkimas. Dovan\u0173 kupon\u0105 galima panaudoti, \u012fsigyjant bet kuri\u0105 prek\u0119 ar paslaug\u0105 m\u016bs\u0173 internetin\u0117je svetain\u0117je www.slaptameile.lt SLAPTA MEIL\u0116 \u2013 i\u0161skirtinis pasaulis, kuriame susijungia karali\u0161kos dovanos ir nepakartojami patyrimai, kuriami su aistra ir meile savo istorijai. Kiekvienas elementas, kiekvienas produktas, kiekviena paslauga \u2013 tai unikalus skirting\u0173 k\u016br\u0117j\u0173, meninink\u0173 [&hellip;]\" \/>\n<meta property=\"og:url\" content=\"https:\/\/slaptameile.lt\/en\/preke\/slapta-meile-dovanu-kuponas\/\" \/>\n<meta property=\"og:site_name\" content=\"Slapta Meil\u0117\" \/>\n<meta property=\"article:publisher\" content=\"https:\/\/www.facebook.com\/SlaptaMeileBarbora\" \/>\n<meta property=\"article:modified_time\" content=\"2026-04-14T06:05:55+00:00\" \/>\n<meta property=\"og:image\" content=\"https:\/\/slaptameile.lt\/wp-content\/uploads\/2025\/12\/Frame-2.jpg\" \/>\n\t<meta property=\"og:image:width\" content=\"2249\" \/>\n\t<meta property=\"og:image:height\" content=\"3000\" \/>\n\t<meta property=\"og:image:type\" content=\"image\/jpeg\" \/>\n<meta name=\"twitter:card\" content=\"summary_large_image\" \/>\n<meta name=\"twitter:label1\" content=\"Est. reading time\" \/>\n\t<meta name=\"twitter:data1\" content=\"1 minute\" \/>\n<script type=\"application\/ld+json\" class=\"yoast-schema-graph\">{\"@context\":\"https:\\\/\\\/schema.org\",\"@graph\":[{\"@type\":\"WebPage\",\"@id\":\"https:\\\/\\\/slaptameile.lt\\\/preke\\\/slapta-meile-dovanu-kuponas\\\/\",\"url\":\"https:\\\/\\\/slaptameile.lt\\\/preke\\\/slapta-meile-dovanu-kuponas\\\/\",\"name\":\"SLAPTA MEIL\u0116 dovan\u0173 kuponas - Slapta Meil\u0117\",\"isPartOf\":{\"@id\":\"https:\\\/\\\/slaptameile.lt\\\/#website\"},\"primaryImageOfPage\":{\"@id\":\"https:\\\/\\\/slaptameile.lt\\\/preke\\\/slapta-meile-dovanu-kuponas\\\/#primaryimage\"},\"image\":{\"@id\":\"https:\\\/\\\/slaptameile.lt\\\/preke\\\/slapta-meile-dovanu-kuponas\\\/#primaryimage\"},\"thumbnailUrl\":\"https:\\\/\\\/slaptameile.lt\\\/wp-content\\\/uploads\\\/2025\\\/12\\\/Frame-2.jpg\",\"datePublished\":\"2025-12-24T09:41:00+00:00\",\"dateModified\":\"2026-04-14T06:05:55+00:00\",\"breadcrumb\":{\"@id\":\"https:\\\/\\\/slaptameile.lt\\\/preke\\\/slapta-meile-dovanu-kuponas\\\/#breadcrumb\"},\"inLanguage\":\"en-US\",\"potentialAction\":[{\"@type\":\"ReadAction\",\"target\":[\"https:\\\/\\\/slaptameile.lt\\\/preke\\\/slapta-meile-dovanu-kuponas\\\/\"]}]},{\"@type\":\"ImageObject\",\"inLanguage\":\"en-US\",\"@id\":\"https:\\\/\\\/slaptameile.lt\\\/preke\\\/slapta-meile-dovanu-kuponas\\\/#primaryimage\",\"url\":\"https:\\\/\\\/slaptameile.lt\\\/wp-content\\\/uploads\\\/2025\\\/12\\\/Frame-2.jpg\",\"contentUrl\":\"https:\\\/\\\/slaptameile.lt\\\/wp-content\\\/uploads\\\/2025\\\/12\\\/Frame-2.jpg\",\"width\":2249,\"height\":3000},{\"@type\":\"BreadcrumbList\",\"@id\":\"https:\\\/\\\/slaptameile.lt\\\/preke\\\/slapta-meile-dovanu-kuponas\\\/#breadcrumb\",\"itemListElement\":[{\"@type\":\"ListItem\",\"position\":1,\"name\":\"Home\",\"item\":\"https:\\\/\\\/slaptameile.lt\\\/\"},{\"@type\":\"ListItem\",\"position\":2,\"name\":\"Parduotuv\u0117\",\"item\":\"https:\\\/\\\/slaptameile.lt\\\/parduotuve\\\/\"},{\"@type\":\"ListItem\",\"position\":3,\"name\":\"SLAPTA MEIL\u0116 dovan\u0173 kuponas\"}]},{\"@type\":\"WebSite\",\"@id\":\"https:\\\/\\\/slaptameile.lt\\\/#website\",\"url\":\"https:\\\/\\\/slaptameile.lt\\\/\",\"name\":\"Slapta Meil\u0117\",\"description\":\"\",\"publisher\":{\"@id\":\"https:\\\/\\\/slaptameile.lt\\\/#organization\"},\"potentialAction\":[{\"@type\":\"SearchAction\",\"target\":{\"@type\":\"EntryPoint\",\"urlTemplate\":\"https:\\\/\\\/slaptameile.lt\\\/?s={search_term_string}\"},\"query-input\":{\"@type\":\"PropertyValueSpecification\",\"valueRequired\":true,\"valueName\":\"search_term_string\"}}],\"inLanguage\":\"en-US\"},{\"@type\":\"Organization\",\"@id\":\"https:\\\/\\\/slaptameile.lt\\\/#organization\",\"name\":\"Slapta Meil\u0117\",\"url\":\"https:\\\/\\\/slaptameile.lt\\\/\",\"logo\":{\"@type\":\"ImageObject\",\"inLanguage\":\"en-US\",\"@id\":\"https:\\\/\\\/slaptameile.lt\\\/#\\\/schema\\\/logo\\\/image\\\/\",\"url\":\"https:\\\/\\\/slaptameile.lt\\\/wp-content\\\/uploads\\\/2026\\\/04\\\/sm-logo.jpg\",\"contentUrl\":\"https:\\\/\\\/slaptameile.lt\\\/wp-content\\\/uploads\\\/2026\\\/04\\\/sm-logo.jpg\",\"width\":810,\"height\":380,\"caption\":\"Slapta Meil\u0117\"},\"image\":{\"@id\":\"https:\\\/\\\/slaptameile.lt\\\/#\\\/schema\\\/logo\\\/image\\\/\"},\"sameAs\":[\"https:\\\/\\\/www.facebook.com\\\/SlaptaMeileBarbora\",\"https:\\\/\\\/www.instagram.com\\\/slaptameile\",\"https:\\\/\\\/www.tiktok.com\\\/@slaptameile1\"]}]}<\/script>\n<!-- \/ Yoast SEO plugin. -->","yoast_head_json":{"title":"SLAPTA MEIL\u0116 dovan\u0173 kuponas - Slapta Meil\u0117","robots":{"index":"index","follow":"follow","max-snippet":"max-snippet:-1","max-image-preview":"max-image-preview:large","max-video-preview":"max-video-preview:-1"},"canonical":"https:\/\/slaptameile.lt\/en\/preke\/slapta-meile-dovanu-kuponas\/","og_locale":"en_US","og_type":"article","og_title":"SLAPTA MEIL\u0116 dovan\u0173 kuponas - Slapta Meil\u0117","og_description":"Ie\u0161kote ypatingos dovanos brangiam \u017emogui? SLAPTA MEIL\u0116 kuponas puikus pasirinkimas. Dovan\u0173 kupon\u0105 galima panaudoti, \u012fsigyjant bet kuri\u0105 prek\u0119 ar paslaug\u0105 m\u016bs\u0173 internetin\u0117je svetain\u0117je www.slaptameile.lt SLAPTA MEIL\u0116 \u2013 i\u0161skirtinis pasaulis, kuriame susijungia karali\u0161kos dovanos ir nepakartojami patyrimai, kuriami su aistra ir meile savo istorijai. Kiekvienas elementas, kiekvienas produktas, kiekviena paslauga \u2013 tai unikalus skirting\u0173 k\u016br\u0117j\u0173, meninink\u0173 [&hellip;]","og_url":"https:\/\/slaptameile.lt\/en\/preke\/slapta-meile-dovanu-kuponas\/","og_site_name":"Slapta Meil\u0117","article_publisher":"https:\/\/www.facebook.com\/SlaptaMeileBarbora","article_modified_time":"2026-04-14T06:05:55+00:00","og_image":[{"width":2249,"height":3000,"url":"https:\/\/slaptameile.lt\/wp-content\/uploads\/2025\/12\/Frame-2.jpg","type":"image\/jpeg"}],"twitter_card":"summary_large_image","twitter_misc":{"Est. reading time":"1 minute"},"schema":{"@context":"https:\/\/schema.org","@graph":[{"@type":"WebPage","@id":"https:\/\/slaptameile.lt\/preke\/slapta-meile-dovanu-kuponas\/","url":"https:\/\/slaptameile.lt\/preke\/slapta-meile-dovanu-kuponas\/","name":"SLAPTA MEIL\u0116 dovan\u0173 kuponas - Slapta Meil\u0117","isPartOf":{"@id":"https:\/\/slaptameile.lt\/#website"},"primaryImageOfPage":{"@id":"https:\/\/slaptameile.lt\/preke\/slapta-meile-dovanu-kuponas\/#primaryimage"},"image":{"@id":"https:\/\/slaptameile.lt\/preke\/slapta-meile-dovanu-kuponas\/#primaryimage"},"thumbnailUrl":"https:\/\/slaptameile.lt\/wp-content\/uploads\/2025\/12\/Frame-2.jpg","datePublished":"2025-12-24T09:41:00+00:00","dateModified":"2026-04-14T06:05:55+00:00","breadcrumb":{"@id":"https:\/\/slaptameile.lt\/preke\/slapta-meile-dovanu-kuponas\/#breadcrumb"},"inLanguage":"en-US","potentialAction":[{"@type":"ReadAction","target":["https:\/\/slaptameile.lt\/preke\/slapta-meile-dovanu-kuponas\/"]}]},{"@type":"ImageObject","inLanguage":"en-US","@id":"https:\/\/slaptameile.lt\/preke\/slapta-meile-dovanu-kuponas\/#primaryimage","url":"https:\/\/slaptameile.lt\/wp-content\/uploads\/2025\/12\/Frame-2.jpg","contentUrl":"https:\/\/slaptameile.lt\/wp-content\/uploads\/2025\/12\/Frame-2.jpg","width":2249,"height":3000},{"@type":"BreadcrumbList","@id":"https:\/\/slaptameile.lt\/preke\/slapta-meile-dovanu-kuponas\/#breadcrumb","itemListElement":[{"@type":"ListItem","position":1,"name":"Home","item":"https:\/\/slaptameile.lt\/"},{"@type":"ListItem","position":2,"name":"Parduotuv\u0117","item":"https:\/\/slaptameile.lt\/parduotuve\/"},{"@type":"ListItem","position":3,"name":"SLAPTA MEIL\u0116 dovan\u0173 kuponas"}]},{"@type":"WebSite","@id":"https:\/\/slaptameile.lt\/#website","url":"https:\/\/slaptameile.lt\/","name":"Secret Love","description":"","publisher":{"@id":"https:\/\/slaptameile.lt\/#organization"},"potentialAction":[{"@type":"SearchAction","target":{"@type":"EntryPoint","urlTemplate":"https:\/\/slaptameile.lt\/?s={search_term_string}"},"query-input":{"@type":"PropertyValueSpecification","valueRequired":true,"valueName":"search_term_string"}}],"inLanguage":"en-US"},{"@type":"Organization","@id":"https:\/\/slaptameile.lt\/#organization","name":"Secret Love","url":"https:\/\/slaptameile.lt\/","logo":{"@type":"ImageObject","inLanguage":"en-US","@id":"https:\/\/slaptameile.lt\/#\/schema\/logo\/image\/","url":"https:\/\/slaptameile.lt\/wp-content\/uploads\/2026\/04\/sm-logo.jpg","contentUrl":"https:\/\/slaptameile.lt\/wp-content\/uploads\/2026\/04\/sm-logo.jpg","width":810,"height":380,"caption":"Slapta Meil\u0117"},"image":{"@id":"https:\/\/slaptameile.lt\/#\/schema\/logo\/image\/"},"sameAs":["https:\/\/www.facebook.com\/SlaptaMeileBarbora","https:\/\/www.instagram.com\/slaptameile","https:\/\/www.tiktok.com\/@slaptameile1"]}]}},"_links":{"self":[{"href":"https:\/\/slaptameile.lt\/en\/wp-json\/wp\/v2\/product\/1504","targetHints":{"allow":["GET"]}}],"collection":[{"href":"https:\/\/slaptameile.lt\/en\/wp-json\/wp\/v2\/product"}],"about":[{"href":"https:\/\/slaptameile.lt\/en\/wp-json\/wp\/v2\/types\/product"}],"replies":[{"embeddable":true,"href":"https:\/\/slaptameile.lt\/en\/wp-json\/wp\/v2\/comments?post=1504"}],"wp:featuredmedia":[{"embeddable":true,"href":"https:\/\/slaptameile.lt\/en\/wp-json\/wp\/v2\/media\/1551"}],"wp:attachment":[{"href":"https:\/\/slaptameile.lt\/en\/wp-json\/wp\/v2\/media?parent=1504"}],"wp:term":[{"taxonomy":"partner","embeddable":true,"href":"https:\/\/slaptameile.lt\/en\/wp-json\/wp\/v2\/partner?post=1504"},{"taxonomy":"product_brand","embeddable":true,"href":"https:\/\/slaptameile.lt\/en\/wp-json\/wp\/v2\/product_brand?post=1504"},{"taxonomy":"product_cat","embeddable":true,"href":"https:\/\/slaptameile.lt\/en\/wp-json\/wp\/v2\/product_cat?post=1504"},{"taxonomy":"product_tag","embeddable":true,"href":"https:\/\/slaptameile.lt\/en\/wp-json\/wp\/v2\/product_tag?post=1504"}],"curies":[{"name":"wp","href":"https:\/\/api.w.org\/{rel}","templated":true}]}}