{"id":147,"date":"2024-08-25T05:00:01","date_gmt":"2024-08-25T02:00:01","guid":{"rendered":"https:\/\/slaptameile.lt\/?post_type=product&#038;p=147"},"modified":"2026-04-14T08:37:11","modified_gmt":"2026-04-14T05:37:11","slug":"karaliskos-vilniaus-meiles-istorijos-ekskursija-individualiai-uzsakoma-trumpoji-versija-15-val","status":"publish","type":"product","link":"https:\/\/slaptameile.lt\/en\/preke\/karaliskos-vilniaus-meiles-istorijos-ekskursija-individualiai-uzsakoma-trumpoji-versija-15-val\/","title":{"rendered":"Royal Vilnius Love Stories Tour | Short Version, Individually Booked"},"content":{"rendered":"<p>SLAPTA MEIL\u0116 presents a ~1.5-hour guided individual tour of the most dramatic story of royal love between Barbora Radvilait\u0117 and Sigismund Augustus and its traces in Vilnius.<\/p>\n<p>The tour starts with a model of Vilnius castles in front of the Palace of the Grand Dukes. You will walk around the places where Barbora Radvilait\u0117 was born and where the famous love story of the Grand Duke of Lithuania, Sigismund Augustus, and a young countess, the widow Barbora Radvilait\u0117, began almost 500 years ago. You will find out where they met, where the secret wedding took place, what dangers awaited the young lovers, and you will see the places that bear witness to their lives and adventures.<\/p>\n<p><em>This individual tour package is for a number of people of your choice, up to a maximum of 20. The tour can be booked up to 2 days in advance of the desired date. Please purchase this package and contact us on the same day: labas@slaptameile.lt or +370 609 55551 to book a time that suits you. Tours are available in the following languages:<\/em>\u00a0<em>lietuvi\u0173, lenk\u0173, rus\u0173, angl\u0173, pranc\u016bz\u0173, ispan\u0173. Ekskursijos prad\u017eia: Katedros aik\u0161t\u0117je, \u0160ventaragio g. 2 (prie bronzinio \u017demutin\u0117s pilies istorinio maketo). Ekskursijos vyksta nepriklausomai nuo oro s\u0105lyg\u0173, tad atsi\u017evelgiant \u012f ekskursijos laiko orus, pra\u0161ome pasirinkti tinkam\u0105 avalyn\u0119 bei aprang\u0105, pasir\u016bpinti sk\u0117\u010diais ar apsaugomis nuo kaitrios saul\u0117s ir pan.\u00a0<\/em><\/p>","protected":false},"excerpt":{"rendered":"<p>Tai gyvas, asmeni\u0161kas pasakojimas apie dramati\u0161kiausi\u0105 Lietuvos meil\u0117s istorij\u0105. Prie\u0161 tavo akis atgims Barboros Radvilait\u0117s ir \u017dygimanto Augusto gyvenimas, pilnas paslap\u010di\u0173, rizikos, aistros ir istorin\u0117s reik\u0161m\u0117s.<\/p>","protected":false},"featured_media":1966,"comment_status":"open","ping_status":"closed","template":"","meta":{"_acf_changed":false},"partner":[],"product_brand":[],"product_cat":[21,17],"product_tag":[],"class_list":{"0":"post-147","1":"product","2":"type-product","3":"status-publish","4":"has-post-thumbnail","6":"product_cat-ekskursijos","7":"product_cat-keliones-laiku","9":"first","10":"instock","11":"virtual","12":"taxable","13":"purchasable","14":"product-type-simple"},"acf":[],"yoast_head":"<!-- This site is optimized with the Yoast SEO plugin v27.5 - https:\/\/yoast.com\/product\/yoast-seo-wordpress\/ -->\n<title>Karali\u0161kos Vilniaus meil\u0117s istorijos ekskursija | Individualiai u\u017esakoma trumpoji versija - Slapta Meil\u0117<\/title>\n<meta name=\"robots\" content=\"index, follow, max-snippet:-1, max-image-preview:large, max-video-preview:-1\" \/>\n<link rel=\"canonical\" href=\"https:\/\/slaptameile.lt\/en\/preke\/karaliskos-vilniaus-meiles-istorijos-ekskursija-individualiai-uzsakoma-trumpoji-versija-15-val\/\" \/>\n<meta property=\"og:locale\" content=\"en_US\" \/>\n<meta property=\"og:type\" content=\"article\" \/>\n<meta property=\"og:title\" content=\"Karali\u0161kos Vilniaus meil\u0117s istorijos ekskursija | Individualiai u\u017esakoma trumpoji versija - Slapta Meil\u0117\" \/>\n<meta property=\"og:description\" content=\"Tai gyvas, asmeni\u0161kas pasakojimas apie dramati\u0161kiausi\u0105 Lietuvos meil\u0117s istorij\u0105. Prie\u0161 tavo akis atgims Barboros Radvilait\u0117s ir \u017dygimanto Augusto gyvenimas, pilnas paslap\u010di\u0173, rizikos, aistros ir istorin\u0117s reik\u0161m\u0117s.\" \/>\n<meta property=\"og:url\" content=\"https:\/\/slaptameile.lt\/en\/preke\/karaliskos-vilniaus-meiles-istorijos-ekskursija-individualiai-uzsakoma-trumpoji-versija-15-val\/\" \/>\n<meta property=\"og:site_name\" content=\"Slapta Meil\u0117\" \/>\n<meta property=\"article:publisher\" content=\"https:\/\/www.facebook.com\/SlaptaMeileBarbora\" \/>\n<meta property=\"article:modified_time\" content=\"2026-04-14T05:37:11+00:00\" \/>\n<meta property=\"og:image\" content=\"https:\/\/slaptameile.lt\/wp-content\/uploads\/2024\/08\/image_123650291.jpg\" \/>\n\t<meta property=\"og:image:width\" content=\"3000\" \/>\n\t<meta property=\"og:image:height\" content=\"3000\" \/>\n\t<meta property=\"og:image:type\" content=\"image\/jpeg\" \/>\n<meta name=\"twitter:card\" content=\"summary_large_image\" \/>\n<meta name=\"twitter:label1\" content=\"Est. reading time\" \/>\n\t<meta name=\"twitter:data1\" content=\"2 minutes\" \/>\n<script type=\"application\/ld+json\" class=\"yoast-schema-graph\">{\"@context\":\"https:\\\/\\\/schema.org\",\"@graph\":[{\"@type\":\"WebPage\",\"@id\":\"https:\\\/\\\/slaptameile.lt\\\/preke\\\/karaliskos-vilniaus-meiles-istorijos-ekskursija-individualiai-uzsakoma-trumpoji-versija-15-val\\\/\",\"url\":\"https:\\\/\\\/slaptameile.lt\\\/preke\\\/karaliskos-vilniaus-meiles-istorijos-ekskursija-individualiai-uzsakoma-trumpoji-versija-15-val\\\/\",\"name\":\"Karali\u0161kos Vilniaus meil\u0117s istorijos ekskursija | Individualiai u\u017esakoma trumpoji versija - Slapta Meil\u0117\",\"isPartOf\":{\"@id\":\"https:\\\/\\\/slaptameile.lt\\\/#website\"},\"primaryImageOfPage\":{\"@id\":\"https:\\\/\\\/slaptameile.lt\\\/preke\\\/karaliskos-vilniaus-meiles-istorijos-ekskursija-individualiai-uzsakoma-trumpoji-versija-15-val\\\/#primaryimage\"},\"image\":{\"@id\":\"https:\\\/\\\/slaptameile.lt\\\/preke\\\/karaliskos-vilniaus-meiles-istorijos-ekskursija-individualiai-uzsakoma-trumpoji-versija-15-val\\\/#primaryimage\"},\"thumbnailUrl\":\"https:\\\/\\\/slaptameile.lt\\\/wp-content\\\/uploads\\\/2024\\\/08\\\/image_123650291.jpg\",\"datePublished\":\"2024-08-25T02:00:01+00:00\",\"dateModified\":\"2026-04-14T05:37:11+00:00\",\"breadcrumb\":{\"@id\":\"https:\\\/\\\/slaptameile.lt\\\/preke\\\/karaliskos-vilniaus-meiles-istorijos-ekskursija-individualiai-uzsakoma-trumpoji-versija-15-val\\\/#breadcrumb\"},\"inLanguage\":\"en-US\",\"potentialAction\":[{\"@type\":\"ReadAction\",\"target\":[\"https:\\\/\\\/slaptameile.lt\\\/preke\\\/karaliskos-vilniaus-meiles-istorijos-ekskursija-individualiai-uzsakoma-trumpoji-versija-15-val\\\/\"]}]},{\"@type\":\"ImageObject\",\"inLanguage\":\"en-US\",\"@id\":\"https:\\\/\\\/slaptameile.lt\\\/preke\\\/karaliskos-vilniaus-meiles-istorijos-ekskursija-individualiai-uzsakoma-trumpoji-versija-15-val\\\/#primaryimage\",\"url\":\"https:\\\/\\\/slaptameile.lt\\\/wp-content\\\/uploads\\\/2024\\\/08\\\/image_123650291.jpg\",\"contentUrl\":\"https:\\\/\\\/slaptameile.lt\\\/wp-content\\\/uploads\\\/2024\\\/08\\\/image_123650291.jpg\",\"width\":3000,\"height\":3000},{\"@type\":\"BreadcrumbList\",\"@id\":\"https:\\\/\\\/slaptameile.lt\\\/preke\\\/karaliskos-vilniaus-meiles-istorijos-ekskursija-individualiai-uzsakoma-trumpoji-versija-15-val\\\/#breadcrumb\",\"itemListElement\":[{\"@type\":\"ListItem\",\"position\":1,\"name\":\"Home\",\"item\":\"https:\\\/\\\/slaptameile.lt\\\/\"},{\"@type\":\"ListItem\",\"position\":2,\"name\":\"Parduotuv\u0117\",\"item\":\"https:\\\/\\\/slaptameile.lt\\\/parduotuve\\\/\"},{\"@type\":\"ListItem\",\"position\":3,\"name\":\"Karali\u0161kos Vilniaus meil\u0117s istorijos ekskursija | Individualiai u\u017esakoma trumpoji versija\"}]},{\"@type\":\"WebSite\",\"@id\":\"https:\\\/\\\/slaptameile.lt\\\/#website\",\"url\":\"https:\\\/\\\/slaptameile.lt\\\/\",\"name\":\"Slapta Meil\u0117\",\"description\":\"\",\"publisher\":{\"@id\":\"https:\\\/\\\/slaptameile.lt\\\/#organization\"},\"potentialAction\":[{\"@type\":\"SearchAction\",\"target\":{\"@type\":\"EntryPoint\",\"urlTemplate\":\"https:\\\/\\\/slaptameile.lt\\\/?s={search_term_string}\"},\"query-input\":{\"@type\":\"PropertyValueSpecification\",\"valueRequired\":true,\"valueName\":\"search_term_string\"}}],\"inLanguage\":\"en-US\"},{\"@type\":\"Organization\",\"@id\":\"https:\\\/\\\/slaptameile.lt\\\/#organization\",\"name\":\"Slapta Meil\u0117\",\"url\":\"https:\\\/\\\/slaptameile.lt\\\/\",\"logo\":{\"@type\":\"ImageObject\",\"inLanguage\":\"en-US\",\"@id\":\"https:\\\/\\\/slaptameile.lt\\\/#\\\/schema\\\/logo\\\/image\\\/\",\"url\":\"https:\\\/\\\/slaptameile.lt\\\/wp-content\\\/uploads\\\/2026\\\/04\\\/sm-logo.jpg\",\"contentUrl\":\"https:\\\/\\\/slaptameile.lt\\\/wp-content\\\/uploads\\\/2026\\\/04\\\/sm-logo.jpg\",\"width\":810,\"height\":380,\"caption\":\"Slapta Meil\u0117\"},\"image\":{\"@id\":\"https:\\\/\\\/slaptameile.lt\\\/#\\\/schema\\\/logo\\\/image\\\/\"},\"sameAs\":[\"https:\\\/\\\/www.facebook.com\\\/SlaptaMeileBarbora\",\"https:\\\/\\\/www.instagram.com\\\/slaptameile\",\"https:\\\/\\\/www.tiktok.com\\\/@slaptameile1\"]}]}<\/script>\n<!-- \/ Yoast SEO plugin. -->","yoast_head_json":{"title":"Karali\u0161kos Vilniaus meil\u0117s istorijos ekskursija | Individualiai u\u017esakoma trumpoji versija - Slapta Meil\u0117","robots":{"index":"index","follow":"follow","max-snippet":"max-snippet:-1","max-image-preview":"max-image-preview:large","max-video-preview":"max-video-preview:-1"},"canonical":"https:\/\/slaptameile.lt\/en\/preke\/karaliskos-vilniaus-meiles-istorijos-ekskursija-individualiai-uzsakoma-trumpoji-versija-15-val\/","og_locale":"en_US","og_type":"article","og_title":"Karali\u0161kos Vilniaus meil\u0117s istorijos ekskursija | Individualiai u\u017esakoma trumpoji versija - Slapta Meil\u0117","og_description":"Tai gyvas, asmeni\u0161kas pasakojimas apie dramati\u0161kiausi\u0105 Lietuvos meil\u0117s istorij\u0105. Prie\u0161 tavo akis atgims Barboros Radvilait\u0117s ir \u017dygimanto Augusto gyvenimas, pilnas paslap\u010di\u0173, rizikos, aistros ir istorin\u0117s reik\u0161m\u0117s.","og_url":"https:\/\/slaptameile.lt\/en\/preke\/karaliskos-vilniaus-meiles-istorijos-ekskursija-individualiai-uzsakoma-trumpoji-versija-15-val\/","og_site_name":"Slapta Meil\u0117","article_publisher":"https:\/\/www.facebook.com\/SlaptaMeileBarbora","article_modified_time":"2026-04-14T05:37:11+00:00","og_image":[{"width":3000,"height":3000,"url":"https:\/\/slaptameile.lt\/wp-content\/uploads\/2024\/08\/image_123650291.jpg","type":"image\/jpeg"}],"twitter_card":"summary_large_image","twitter_misc":{"Est. reading time":"2 minutes"},"schema":{"@context":"https:\/\/schema.org","@graph":[{"@type":"WebPage","@id":"https:\/\/slaptameile.lt\/preke\/karaliskos-vilniaus-meiles-istorijos-ekskursija-individualiai-uzsakoma-trumpoji-versija-15-val\/","url":"https:\/\/slaptameile.lt\/preke\/karaliskos-vilniaus-meiles-istorijos-ekskursija-individualiai-uzsakoma-trumpoji-versija-15-val\/","name":"Karali\u0161kos Vilniaus meil\u0117s istorijos ekskursija | Individualiai u\u017esakoma trumpoji versija - Slapta Meil\u0117","isPartOf":{"@id":"https:\/\/slaptameile.lt\/#website"},"primaryImageOfPage":{"@id":"https:\/\/slaptameile.lt\/preke\/karaliskos-vilniaus-meiles-istorijos-ekskursija-individualiai-uzsakoma-trumpoji-versija-15-val\/#primaryimage"},"image":{"@id":"https:\/\/slaptameile.lt\/preke\/karaliskos-vilniaus-meiles-istorijos-ekskursija-individualiai-uzsakoma-trumpoji-versija-15-val\/#primaryimage"},"thumbnailUrl":"https:\/\/slaptameile.lt\/wp-content\/uploads\/2024\/08\/image_123650291.jpg","datePublished":"2024-08-25T02:00:01+00:00","dateModified":"2026-04-14T05:37:11+00:00","breadcrumb":{"@id":"https:\/\/slaptameile.lt\/preke\/karaliskos-vilniaus-meiles-istorijos-ekskursija-individualiai-uzsakoma-trumpoji-versija-15-val\/#breadcrumb"},"inLanguage":"en-US","potentialAction":[{"@type":"ReadAction","target":["https:\/\/slaptameile.lt\/preke\/karaliskos-vilniaus-meiles-istorijos-ekskursija-individualiai-uzsakoma-trumpoji-versija-15-val\/"]}]},{"@type":"ImageObject","inLanguage":"en-US","@id":"https:\/\/slaptameile.lt\/preke\/karaliskos-vilniaus-meiles-istorijos-ekskursija-individualiai-uzsakoma-trumpoji-versija-15-val\/#primaryimage","url":"https:\/\/slaptameile.lt\/wp-content\/uploads\/2024\/08\/image_123650291.jpg","contentUrl":"https:\/\/slaptameile.lt\/wp-content\/uploads\/2024\/08\/image_123650291.jpg","width":3000,"height":3000},{"@type":"BreadcrumbList","@id":"https:\/\/slaptameile.lt\/preke\/karaliskos-vilniaus-meiles-istorijos-ekskursija-individualiai-uzsakoma-trumpoji-versija-15-val\/#breadcrumb","itemListElement":[{"@type":"ListItem","position":1,"name":"Home","item":"https:\/\/slaptameile.lt\/"},{"@type":"ListItem","position":2,"name":"Parduotuv\u0117","item":"https:\/\/slaptameile.lt\/parduotuve\/"},{"@type":"ListItem","position":3,"name":"Karali\u0161kos Vilniaus meil\u0117s istorijos ekskursija | Individualiai u\u017esakoma trumpoji versija"}]},{"@type":"WebSite","@id":"https:\/\/slaptameile.lt\/#website","url":"https:\/\/slaptameile.lt\/","name":"Secret Love","description":"","publisher":{"@id":"https:\/\/slaptameile.lt\/#organization"},"potentialAction":[{"@type":"SearchAction","target":{"@type":"EntryPoint","urlTemplate":"https:\/\/slaptameile.lt\/?s={search_term_string}"},"query-input":{"@type":"PropertyValueSpecification","valueRequired":true,"valueName":"search_term_string"}}],"inLanguage":"en-US"},{"@type":"Organization","@id":"https:\/\/slaptameile.lt\/#organization","name":"Secret Love","url":"https:\/\/slaptameile.lt\/","logo":{"@type":"ImageObject","inLanguage":"en-US","@id":"https:\/\/slaptameile.lt\/#\/schema\/logo\/image\/","url":"https:\/\/slaptameile.lt\/wp-content\/uploads\/2026\/04\/sm-logo.jpg","contentUrl":"https:\/\/slaptameile.lt\/wp-content\/uploads\/2026\/04\/sm-logo.jpg","width":810,"height":380,"caption":"Slapta Meil\u0117"},"image":{"@id":"https:\/\/slaptameile.lt\/#\/schema\/logo\/image\/"},"sameAs":["https:\/\/www.facebook.com\/SlaptaMeileBarbora","https:\/\/www.instagram.com\/slaptameile","https:\/\/www.tiktok.com\/@slaptameile1"]}]}},"_links":{"self":[{"href":"https:\/\/slaptameile.lt\/en\/wp-json\/wp\/v2\/product\/147","targetHints":{"allow":["GET"]}}],"collection":[{"href":"https:\/\/slaptameile.lt\/en\/wp-json\/wp\/v2\/product"}],"about":[{"href":"https:\/\/slaptameile.lt\/en\/wp-json\/wp\/v2\/types\/product"}],"replies":[{"embeddable":true,"href":"https:\/\/slaptameile.lt\/en\/wp-json\/wp\/v2\/comments?post=147"}],"wp:featuredmedia":[{"embeddable":true,"href":"https:\/\/slaptameile.lt\/en\/wp-json\/wp\/v2\/media\/1966"}],"wp:attachment":[{"href":"https:\/\/slaptameile.lt\/en\/wp-json\/wp\/v2\/media?parent=147"}],"wp:term":[{"taxonomy":"partner","embeddable":true,"href":"https:\/\/slaptameile.lt\/en\/wp-json\/wp\/v2\/partner?post=147"},{"taxonomy":"product_brand","embeddable":true,"href":"https:\/\/slaptameile.lt\/en\/wp-json\/wp\/v2\/product_brand?post=147"},{"taxonomy":"product_cat","embeddable":true,"href":"https:\/\/slaptameile.lt\/en\/wp-json\/wp\/v2\/product_cat?post=147"},{"taxonomy":"product_tag","embeddable":true,"href":"https:\/\/slaptameile.lt\/en\/wp-json\/wp\/v2\/product_tag?post=147"}],"curies":[{"name":"wp","href":"https:\/\/api.w.org\/{rel}","templated":true}]}}