{"id":1453,"date":"2024-07-26T10:26:35","date_gmt":"2024-07-26T07:26:35","guid":{"rendered":"https:\/\/slaptameile.lt\/?post_type=product&#038;p=1453"},"modified":"2026-04-16T20:01:02","modified_gmt":"2026-04-16T17:01:02","slug":"sveikatinimosi-ritualas-miegantis-sodas","status":"publish","type":"product","link":"https:\/\/slaptameile.lt\/en\/preke\/sveikatinimosi-ritualas-miegantis-sodas\/","title":{"rendered":"Wellness Ritual \"Sleeping Garden\""},"content":{"rendered":"<p><strong>Miegantis Sodas<\/strong>\u00a0\u2013 tai gilaus poilsio ritualas, sukurtas ne tik atsipalaiduoti, bet ir trumpam pamir\u0161ti, kad \u012ftampa apskritai egzistuoja. \u012esivaizduok: tavo k\u016bnas ilsisi, lyg k\u0105 tik prigul\u0119s po tir\u0161ta vasaros lapija, o protas nutyla, kaip u\u017emerktos karalien\u0117s akys po ilgo pasivaik\u0161\u010diojimo sodo takais.<\/p>\n<p>Ritualas prasideda susipa\u017einimu su Renesanso garsais ir istoriniu kontekstu. Muzika, skirta klausytis l\u0117tai, galb\u016bt net u\u017emerktomis akimis, \u017evelgiant \u012f dangaus m\u0117lynum\u0105 pro apelsinmed\u017eio \u0161akas (ar bent jau galvojant, kad \u017ei\u016bri \u012f tok\u012f vaizd\u0105). K\u016bno masa\u017eas toks precizi\u0161kas, tarsi tavo nugar\u0105 liest\u0173 \u0161iltas v\u0117jas tarp kiparis\u0173. Naudojami baziliko, frankincenso, levandino, mair\u016bno ir kipariso eteriniai aliejai \u2013 subtil\u016bs, ne\u012fkyr\u016bs, bet pakankamai galingi, kad j\u0173 kvapas likt\u0173 atminty ilgiau, nei bet kuris kalendoriaus priminimas.<\/p>\n<p>Ritualas baigiasi veido masa\u017eu, kuris toks \u0161velnus, kad gali pasirodyti, jog tave glosto pati karalien\u0117 Bona \u2013 tyliai, su ramiu pritarimu tavo sprendimui pasirinkti r\u016bpest\u012f vietoje skub\u0117jimo. Kv\u0117puoji. Ne s\u0105ra\u0161ais. Ne \u012fsipareigojimais. Kv\u0117puoji sodu.<\/p>\n<p>\u201cMiegantis sodas\u201d \u2013 gr\u012f\u017eimas ten, kur tur\u0117jai b\u016bti vis\u0105 laik\u0105: gamtos gars\u0173 kupiname karali\u0161kame sode, kuris alsuoja kvapais ir \u0161velnia ramybe.<\/p>\n<p><em>Ritualas \u201cMiegantis sodas\u201d skirtas vienam asmeniui, kur\u012f galima u\u017esisakyti ne v\u0117liau nei prie\u0161 2 dienas iki pageidaujamos datos. \u012esigykite \u0161\u012f paket\u0105 ir dar t\u0105 pa\u010di\u0105 dien\u0105 pra\u0161ome susisiekti su mumis: labas@slaptameile.lt arba +370 609 55551 kad mes rezervuotume Jums priimtin\u0105 paslaugos atlikimo laik\u0105. \u0160io ritualo kuponas galios 3 m\u0117nesius nuo \u012fsigijimo dienos. \u0160is ritualas J\u016bs\u0173 lauks Bok\u0161to SPA esan\u010diame Bok\u0161to g. 6, Vilniuje.<\/em><\/p>","protected":false},"excerpt":{"rendered":"<p>Yra sodai, kuriuos kuria karalien\u0117s. 16-ojo am\u017eiaus prad\u017eioje ambicinga karalien\u0117 Bona Sforca \u2013atvyko i\u0161 Italijos atisve\u017edama d\u0117\u017ees s\u0117kl\u0173 ir sodinuk\u0173. Tai jos d\u0117ka prie Vilniaus Valdov\u0173 r\u016bm\u0173 \u012fsik\u016br\u0117 pirmieji renesansiniai sodai. Prieskoniai, uogos, vaisiai, g\u0117l\u0117s, kvapai \u2013 visas pasaulis, apie kur\u012f Lietuva tuomet dar tik svajojo.<\/p>","protected":false},"featured_media":2841,"comment_status":"open","ping_status":"closed","template":"","meta":{"_acf_changed":false},"partner":[56],"product_brand":[],"product_cat":[22,17],"product_tag":[],"class_list":{"0":"post-1453","1":"product","2":"type-product","3":"status-publish","4":"has-post-thumbnail","6":"partner-boksto-spa","7":"product_cat-grozio-ritualai","8":"product_cat-keliones-laiku","10":"first","11":"instock","12":"virtual","13":"taxable","14":"purchasable","15":"product-type-simple"},"acf":[],"yoast_head":"<!-- This site is optimized with the Yoast SEO plugin v27.5 - https:\/\/yoast.com\/product\/yoast-seo-wordpress\/ -->\n<title>Sveikatinimosi ritualas \u201eMiegantis sodas\u201c - Slapta Meil\u0117<\/title>\n<meta name=\"robots\" content=\"index, follow, max-snippet:-1, max-image-preview:large, max-video-preview:-1\" \/>\n<link rel=\"canonical\" href=\"https:\/\/slaptameile.lt\/en\/preke\/sveikatinimosi-ritualas-miegantis-sodas\/\" \/>\n<meta property=\"og:locale\" content=\"en_US\" \/>\n<meta property=\"og:type\" content=\"article\" \/>\n<meta property=\"og:title\" content=\"Sveikatinimosi ritualas \u201eMiegantis sodas\u201c - Slapta Meil\u0117\" \/>\n<meta property=\"og:description\" content=\"Yra sodai, kuriuos kuria karalien\u0117s. 16-ojo am\u017eiaus prad\u017eioje ambicinga karalien\u0117 Bona Sforca \u2013atvyko i\u0161 Italijos atisve\u017edama d\u0117\u017ees s\u0117kl\u0173 ir sodinuk\u0173. Tai jos d\u0117ka prie Vilniaus Valdov\u0173 r\u016bm\u0173 \u012fsik\u016br\u0117 pirmieji renesansiniai sodai. Prieskoniai, uogos, vaisiai, g\u0117l\u0117s, kvapai \u2013 visas pasaulis, apie kur\u012f Lietuva tuomet dar tik svajojo.\" \/>\n<meta property=\"og:url\" content=\"https:\/\/slaptameile.lt\/en\/preke\/sveikatinimosi-ritualas-miegantis-sodas\/\" \/>\n<meta property=\"og:site_name\" content=\"Slapta Meil\u0117\" \/>\n<meta property=\"article:publisher\" content=\"https:\/\/www.facebook.com\/SlaptaMeileBarbora\" \/>\n<meta property=\"article:modified_time\" content=\"2026-04-16T17:01:02+00:00\" \/>\n<meta property=\"og:image\" content=\"https:\/\/slaptameile.lt\/wp-content\/uploads\/2024\/07\/BokstoSpa51013_9.jpg\" \/>\n\t<meta property=\"og:image:width\" content=\"1365\" \/>\n\t<meta property=\"og:image:height\" content=\"2048\" \/>\n\t<meta property=\"og:image:type\" content=\"image\/jpeg\" \/>\n<meta name=\"twitter:card\" content=\"summary_large_image\" \/>\n<meta name=\"twitter:label1\" content=\"Est. reading time\" \/>\n\t<meta name=\"twitter:data1\" content=\"2 minutes\" \/>\n<script type=\"application\/ld+json\" class=\"yoast-schema-graph\">{\"@context\":\"https:\\\/\\\/schema.org\",\"@graph\":[{\"@type\":\"WebPage\",\"@id\":\"https:\\\/\\\/slaptameile.lt\\\/preke\\\/sveikatinimosi-ritualas-miegantis-sodas\\\/\",\"url\":\"https:\\\/\\\/slaptameile.lt\\\/preke\\\/sveikatinimosi-ritualas-miegantis-sodas\\\/\",\"name\":\"Sveikatinimosi ritualas \u201eMiegantis sodas\u201c - Slapta Meil\u0117\",\"isPartOf\":{\"@id\":\"https:\\\/\\\/slaptameile.lt\\\/#website\"},\"primaryImageOfPage\":{\"@id\":\"https:\\\/\\\/slaptameile.lt\\\/preke\\\/sveikatinimosi-ritualas-miegantis-sodas\\\/#primaryimage\"},\"image\":{\"@id\":\"https:\\\/\\\/slaptameile.lt\\\/preke\\\/sveikatinimosi-ritualas-miegantis-sodas\\\/#primaryimage\"},\"thumbnailUrl\":\"https:\\\/\\\/slaptameile.lt\\\/wp-content\\\/uploads\\\/2024\\\/07\\\/BokstoSpa51013_9.jpg\",\"datePublished\":\"2024-07-26T07:26:35+00:00\",\"dateModified\":\"2026-04-16T17:01:02+00:00\",\"breadcrumb\":{\"@id\":\"https:\\\/\\\/slaptameile.lt\\\/preke\\\/sveikatinimosi-ritualas-miegantis-sodas\\\/#breadcrumb\"},\"inLanguage\":\"en-US\",\"potentialAction\":[{\"@type\":\"ReadAction\",\"target\":[\"https:\\\/\\\/slaptameile.lt\\\/preke\\\/sveikatinimosi-ritualas-miegantis-sodas\\\/\"]}]},{\"@type\":\"ImageObject\",\"inLanguage\":\"en-US\",\"@id\":\"https:\\\/\\\/slaptameile.lt\\\/preke\\\/sveikatinimosi-ritualas-miegantis-sodas\\\/#primaryimage\",\"url\":\"https:\\\/\\\/slaptameile.lt\\\/wp-content\\\/uploads\\\/2024\\\/07\\\/BokstoSpa51013_9.jpg\",\"contentUrl\":\"https:\\\/\\\/slaptameile.lt\\\/wp-content\\\/uploads\\\/2024\\\/07\\\/BokstoSpa51013_9.jpg\",\"width\":1365,\"height\":2048},{\"@type\":\"BreadcrumbList\",\"@id\":\"https:\\\/\\\/slaptameile.lt\\\/preke\\\/sveikatinimosi-ritualas-miegantis-sodas\\\/#breadcrumb\",\"itemListElement\":[{\"@type\":\"ListItem\",\"position\":1,\"name\":\"Home\",\"item\":\"https:\\\/\\\/slaptameile.lt\\\/\"},{\"@type\":\"ListItem\",\"position\":2,\"name\":\"Parduotuv\u0117\",\"item\":\"https:\\\/\\\/slaptameile.lt\\\/parduotuve\\\/\"},{\"@type\":\"ListItem\",\"position\":3,\"name\":\"Sveikatinimosi ritualas \u201eMiegantis sodas\u201c\"}]},{\"@type\":\"WebSite\",\"@id\":\"https:\\\/\\\/slaptameile.lt\\\/#website\",\"url\":\"https:\\\/\\\/slaptameile.lt\\\/\",\"name\":\"Slapta Meil\u0117\",\"description\":\"\",\"publisher\":{\"@id\":\"https:\\\/\\\/slaptameile.lt\\\/#organization\"},\"potentialAction\":[{\"@type\":\"SearchAction\",\"target\":{\"@type\":\"EntryPoint\",\"urlTemplate\":\"https:\\\/\\\/slaptameile.lt\\\/?s={search_term_string}\"},\"query-input\":{\"@type\":\"PropertyValueSpecification\",\"valueRequired\":true,\"valueName\":\"search_term_string\"}}],\"inLanguage\":\"en-US\"},{\"@type\":\"Organization\",\"@id\":\"https:\\\/\\\/slaptameile.lt\\\/#organization\",\"name\":\"Slapta Meil\u0117\",\"url\":\"https:\\\/\\\/slaptameile.lt\\\/\",\"logo\":{\"@type\":\"ImageObject\",\"inLanguage\":\"en-US\",\"@id\":\"https:\\\/\\\/slaptameile.lt\\\/#\\\/schema\\\/logo\\\/image\\\/\",\"url\":\"https:\\\/\\\/slaptameile.lt\\\/wp-content\\\/uploads\\\/2026\\\/04\\\/sm-logo.jpg\",\"contentUrl\":\"https:\\\/\\\/slaptameile.lt\\\/wp-content\\\/uploads\\\/2026\\\/04\\\/sm-logo.jpg\",\"width\":810,\"height\":380,\"caption\":\"Slapta Meil\u0117\"},\"image\":{\"@id\":\"https:\\\/\\\/slaptameile.lt\\\/#\\\/schema\\\/logo\\\/image\\\/\"},\"sameAs\":[\"https:\\\/\\\/www.facebook.com\\\/SlaptaMeileBarbora\",\"https:\\\/\\\/www.instagram.com\\\/slaptameile\",\"https:\\\/\\\/www.tiktok.com\\\/@slaptameile1\"]}]}<\/script>\n<!-- \/ Yoast SEO plugin. -->","yoast_head_json":{"title":"Sveikatinimosi ritualas \u201eMiegantis sodas\u201c - Slapta Meil\u0117","robots":{"index":"index","follow":"follow","max-snippet":"max-snippet:-1","max-image-preview":"max-image-preview:large","max-video-preview":"max-video-preview:-1"},"canonical":"https:\/\/slaptameile.lt\/en\/preke\/sveikatinimosi-ritualas-miegantis-sodas\/","og_locale":"en_US","og_type":"article","og_title":"Sveikatinimosi ritualas \u201eMiegantis sodas\u201c - Slapta Meil\u0117","og_description":"Yra sodai, kuriuos kuria karalien\u0117s. 16-ojo am\u017eiaus prad\u017eioje ambicinga karalien\u0117 Bona Sforca \u2013atvyko i\u0161 Italijos atisve\u017edama d\u0117\u017ees s\u0117kl\u0173 ir sodinuk\u0173. Tai jos d\u0117ka prie Vilniaus Valdov\u0173 r\u016bm\u0173 \u012fsik\u016br\u0117 pirmieji renesansiniai sodai. Prieskoniai, uogos, vaisiai, g\u0117l\u0117s, kvapai \u2013 visas pasaulis, apie kur\u012f Lietuva tuomet dar tik svajojo.","og_url":"https:\/\/slaptameile.lt\/en\/preke\/sveikatinimosi-ritualas-miegantis-sodas\/","og_site_name":"Slapta Meil\u0117","article_publisher":"https:\/\/www.facebook.com\/SlaptaMeileBarbora","article_modified_time":"2026-04-16T17:01:02+00:00","og_image":[{"width":1365,"height":2048,"url":"https:\/\/slaptameile.lt\/wp-content\/uploads\/2024\/07\/BokstoSpa51013_9.jpg","type":"image\/jpeg"}],"twitter_card":"summary_large_image","twitter_misc":{"Est. reading time":"2 minutes"},"schema":{"@context":"https:\/\/schema.org","@graph":[{"@type":"WebPage","@id":"https:\/\/slaptameile.lt\/preke\/sveikatinimosi-ritualas-miegantis-sodas\/","url":"https:\/\/slaptameile.lt\/preke\/sveikatinimosi-ritualas-miegantis-sodas\/","name":"Sveikatinimosi ritualas \u201eMiegantis sodas\u201c - Slapta Meil\u0117","isPartOf":{"@id":"https:\/\/slaptameile.lt\/#website"},"primaryImageOfPage":{"@id":"https:\/\/slaptameile.lt\/preke\/sveikatinimosi-ritualas-miegantis-sodas\/#primaryimage"},"image":{"@id":"https:\/\/slaptameile.lt\/preke\/sveikatinimosi-ritualas-miegantis-sodas\/#primaryimage"},"thumbnailUrl":"https:\/\/slaptameile.lt\/wp-content\/uploads\/2024\/07\/BokstoSpa51013_9.jpg","datePublished":"2024-07-26T07:26:35+00:00","dateModified":"2026-04-16T17:01:02+00:00","breadcrumb":{"@id":"https:\/\/slaptameile.lt\/preke\/sveikatinimosi-ritualas-miegantis-sodas\/#breadcrumb"},"inLanguage":"en-US","potentialAction":[{"@type":"ReadAction","target":["https:\/\/slaptameile.lt\/preke\/sveikatinimosi-ritualas-miegantis-sodas\/"]}]},{"@type":"ImageObject","inLanguage":"en-US","@id":"https:\/\/slaptameile.lt\/preke\/sveikatinimosi-ritualas-miegantis-sodas\/#primaryimage","url":"https:\/\/slaptameile.lt\/wp-content\/uploads\/2024\/07\/BokstoSpa51013_9.jpg","contentUrl":"https:\/\/slaptameile.lt\/wp-content\/uploads\/2024\/07\/BokstoSpa51013_9.jpg","width":1365,"height":2048},{"@type":"BreadcrumbList","@id":"https:\/\/slaptameile.lt\/preke\/sveikatinimosi-ritualas-miegantis-sodas\/#breadcrumb","itemListElement":[{"@type":"ListItem","position":1,"name":"Home","item":"https:\/\/slaptameile.lt\/"},{"@type":"ListItem","position":2,"name":"Parduotuv\u0117","item":"https:\/\/slaptameile.lt\/parduotuve\/"},{"@type":"ListItem","position":3,"name":"Sveikatinimosi ritualas \u201eMiegantis sodas\u201c"}]},{"@type":"WebSite","@id":"https:\/\/slaptameile.lt\/#website","url":"https:\/\/slaptameile.lt\/","name":"Secret Love","description":"","publisher":{"@id":"https:\/\/slaptameile.lt\/#organization"},"potentialAction":[{"@type":"SearchAction","target":{"@type":"EntryPoint","urlTemplate":"https:\/\/slaptameile.lt\/?s={search_term_string}"},"query-input":{"@type":"PropertyValueSpecification","valueRequired":true,"valueName":"search_term_string"}}],"inLanguage":"en-US"},{"@type":"Organization","@id":"https:\/\/slaptameile.lt\/#organization","name":"Secret Love","url":"https:\/\/slaptameile.lt\/","logo":{"@type":"ImageObject","inLanguage":"en-US","@id":"https:\/\/slaptameile.lt\/#\/schema\/logo\/image\/","url":"https:\/\/slaptameile.lt\/wp-content\/uploads\/2026\/04\/sm-logo.jpg","contentUrl":"https:\/\/slaptameile.lt\/wp-content\/uploads\/2026\/04\/sm-logo.jpg","width":810,"height":380,"caption":"Slapta Meil\u0117"},"image":{"@id":"https:\/\/slaptameile.lt\/#\/schema\/logo\/image\/"},"sameAs":["https:\/\/www.facebook.com\/SlaptaMeileBarbora","https:\/\/www.instagram.com\/slaptameile","https:\/\/www.tiktok.com\/@slaptameile1"]}]}},"_links":{"self":[{"href":"https:\/\/slaptameile.lt\/en\/wp-json\/wp\/v2\/product\/1453","targetHints":{"allow":["GET"]}}],"collection":[{"href":"https:\/\/slaptameile.lt\/en\/wp-json\/wp\/v2\/product"}],"about":[{"href":"https:\/\/slaptameile.lt\/en\/wp-json\/wp\/v2\/types\/product"}],"replies":[{"embeddable":true,"href":"https:\/\/slaptameile.lt\/en\/wp-json\/wp\/v2\/comments?post=1453"}],"wp:featuredmedia":[{"embeddable":true,"href":"https:\/\/slaptameile.lt\/en\/wp-json\/wp\/v2\/media\/2841"}],"wp:attachment":[{"href":"https:\/\/slaptameile.lt\/en\/wp-json\/wp\/v2\/media?parent=1453"}],"wp:term":[{"taxonomy":"partner","embeddable":true,"href":"https:\/\/slaptameile.lt\/en\/wp-json\/wp\/v2\/partner?post=1453"},{"taxonomy":"product_brand","embeddable":true,"href":"https:\/\/slaptameile.lt\/en\/wp-json\/wp\/v2\/product_brand?post=1453"},{"taxonomy":"product_cat","embeddable":true,"href":"https:\/\/slaptameile.lt\/en\/wp-json\/wp\/v2\/product_cat?post=1453"},{"taxonomy":"product_tag","embeddable":true,"href":"https:\/\/slaptameile.lt\/en\/wp-json\/wp\/v2\/product_tag?post=1453"}],"curies":[{"name":"wp","href":"https:\/\/api.w.org\/{rel}","templated":true}]}}