{"id":1441,"date":"2024-07-26T10:27:18","date_gmt":"2024-07-26T07:27:18","guid":{"rendered":"https:\/\/slaptameile.lt\/?post_type=product&#038;p=1441"},"modified":"2026-04-17T08:18:42","modified_gmt":"2026-04-17T05:18:42","slug":"sveikatinimosi-ritualas-karaliaus-augusto-medziokle","status":"publish","type":"product","link":"https:\/\/slaptameile.lt\/en\/preke\/sveikatinimosi-ritualas-karaliaus-augusto-medziokle\/","title":{"rendered":"Wellness Ritual \"King Augustus Hunt\""},"content":{"rendered":"<p>Once, the Polish King and Grand Duke of Lithuania, Sigismund Augustus, hunted for 223 consecutive days. He knew very well that he needed to rest before each campaign.<\/p>\n<p>The King Augustus Hunt is a strong, deep massage that releases tense muscles, clears away the tension that has built up over time and restores physical and inner balance.<\/p>\n<p><em>The procedure is for:<\/em><\/p>\n<ul>\n<li>for relaxation of the deep muscles of the back, shoulders, neck, and legs<\/li>\n<li>to reboot your consciousness so that you can act with clarity and strength again<\/li>\n<\/ul>\n<p>Fragrance oils are not about smell. It's for the effect.<br \/>\nPa\u010diulis \u2013 earth's depth, stability<br \/>\n\u2013 Black pepper \u2013 stimulates blood circulation, tones<br \/>\n\u2013 Lemon \u2013 brightens the mind, activates the intellect<br \/>\nFrankincense - provides inner peace without sweetness<\/p>\n<p>The Hunting Spa Ritual - for your recovery.<br \/>\nAfter this ritual, you don't come out softer, but stronger, quieter and ready.<br \/>\nBecause the king rests before and after the hunt - not because he can. But because he knows what it means to be ready.<\/p>\n<p><em>The \u201cKing Augustus Hunt\u201d ritual is for one person and can be booked no later than 2 days before your desired date. Purchase this package and please contact us on the same day at labas@slaptameile.lt or +370 609 55551 so we can reserve a convenient time for your service. This ritual voucher will be valid for 3 months from the date of purchase. This ritual will await you at Bok\u0161to SPA, located at Bok\u0161to g. 6, Vilnius.<\/em><\/p>","protected":false},"excerpt":{"rendered":"<p>In the 16th century, Lithuanian rulers regarded hunting as a military exercise. They lasted for weeks or even months. Both men and women took part, together with the entire royal court retinue: cooks, musicians, oxen, horses, animals, provisions and ammunition.<\/p>","protected":false},"featured_media":2751,"comment_status":"open","ping_status":"closed","template":"","meta":{"_acf_changed":false},"partner":[56],"product_brand":[],"product_cat":[22,17],"product_tag":[],"class_list":{"0":"post-1441","1":"product","2":"type-product","3":"status-publish","4":"has-post-thumbnail","6":"partner-boksto-spa","7":"product_cat-grozio-ritualai","8":"product_cat-keliones-laiku","10":"first","11":"instock","12":"virtual","13":"taxable","14":"purchasable","15":"product-type-simple"},"acf":[],"yoast_head":"<!-- This site is optimized with the Yoast SEO plugin v27.5 - https:\/\/yoast.com\/product\/yoast-seo-wordpress\/ -->\n<title>Sveikatinimosi ritualas \u201eKaraliaus Augusto med\u017eiokl\u0117\u201c - Slapta Meil\u0117<\/title>\n<meta name=\"robots\" content=\"index, follow, max-snippet:-1, max-image-preview:large, max-video-preview:-1\" \/>\n<link rel=\"canonical\" href=\"https:\/\/slaptameile.lt\/en\/preke\/sveikatinimosi-ritualas-karaliaus-augusto-medziokle\/\" \/>\n<meta property=\"og:locale\" content=\"en_US\" \/>\n<meta property=\"og:type\" content=\"article\" \/>\n<meta property=\"og:title\" content=\"Sveikatinimosi ritualas \u201eKaraliaus Augusto med\u017eiokl\u0117\u201c - Slapta Meil\u0117\" \/>\n<meta property=\"og:description\" content=\"16-ajame am\u017eiuje Lietuvos valdovai med\u017eiokl\u0119 laik\u0117 karin\u0117mis pratybomis. Jos trukdavo savaites ar net m\u0117nesius. Dalyvaudavo ir vyrai, ir moterys, kartu su visa karali\u0161ko dvaro svita: vir\u0117jais, muzikantais, varovais, arkliais, gyvuliais, maisto atsargomis ir amunicija.\" \/>\n<meta property=\"og:url\" content=\"https:\/\/slaptameile.lt\/en\/preke\/sveikatinimosi-ritualas-karaliaus-augusto-medziokle\/\" \/>\n<meta property=\"og:site_name\" content=\"Slapta Meil\u0117\" \/>\n<meta property=\"article:publisher\" content=\"https:\/\/www.facebook.com\/SlaptaMeileBarbora\" \/>\n<meta property=\"article:modified_time\" content=\"2026-04-17T05:18:42+00:00\" \/>\n<meta property=\"og:image\" content=\"https:\/\/slaptameile.lt\/wp-content\/uploads\/2024\/07\/BokstoSpa51013_patyrimai.jpg\" \/>\n\t<meta property=\"og:image:width\" content=\"1010\" \/>\n\t<meta property=\"og:image:height\" content=\"806\" \/>\n\t<meta property=\"og:image:type\" content=\"image\/jpeg\" \/>\n<meta name=\"twitter:card\" content=\"summary_large_image\" \/>\n<meta name=\"twitter:label1\" content=\"Est. reading time\" \/>\n\t<meta name=\"twitter:data1\" content=\"2 minutes\" \/>\n<script type=\"application\/ld+json\" class=\"yoast-schema-graph\">{\"@context\":\"https:\\\/\\\/schema.org\",\"@graph\":[{\"@type\":\"WebPage\",\"@id\":\"https:\\\/\\\/slaptameile.lt\\\/preke\\\/sveikatinimosi-ritualas-karaliaus-augusto-medziokle\\\/\",\"url\":\"https:\\\/\\\/slaptameile.lt\\\/preke\\\/sveikatinimosi-ritualas-karaliaus-augusto-medziokle\\\/\",\"name\":\"Sveikatinimosi ritualas \u201eKaraliaus Augusto med\u017eiokl\u0117\u201c - Slapta Meil\u0117\",\"isPartOf\":{\"@id\":\"https:\\\/\\\/slaptameile.lt\\\/#website\"},\"primaryImageOfPage\":{\"@id\":\"https:\\\/\\\/slaptameile.lt\\\/preke\\\/sveikatinimosi-ritualas-karaliaus-augusto-medziokle\\\/#primaryimage\"},\"image\":{\"@id\":\"https:\\\/\\\/slaptameile.lt\\\/preke\\\/sveikatinimosi-ritualas-karaliaus-augusto-medziokle\\\/#primaryimage\"},\"thumbnailUrl\":\"https:\\\/\\\/slaptameile.lt\\\/wp-content\\\/uploads\\\/2024\\\/07\\\/BokstoSpa51013_patyrimai.jpg\",\"datePublished\":\"2024-07-26T07:27:18+00:00\",\"dateModified\":\"2026-04-17T05:18:42+00:00\",\"breadcrumb\":{\"@id\":\"https:\\\/\\\/slaptameile.lt\\\/preke\\\/sveikatinimosi-ritualas-karaliaus-augusto-medziokle\\\/#breadcrumb\"},\"inLanguage\":\"en-US\",\"potentialAction\":[{\"@type\":\"ReadAction\",\"target\":[\"https:\\\/\\\/slaptameile.lt\\\/preke\\\/sveikatinimosi-ritualas-karaliaus-augusto-medziokle\\\/\"]}]},{\"@type\":\"ImageObject\",\"inLanguage\":\"en-US\",\"@id\":\"https:\\\/\\\/slaptameile.lt\\\/preke\\\/sveikatinimosi-ritualas-karaliaus-augusto-medziokle\\\/#primaryimage\",\"url\":\"https:\\\/\\\/slaptameile.lt\\\/wp-content\\\/uploads\\\/2024\\\/07\\\/BokstoSpa51013_patyrimai.jpg\",\"contentUrl\":\"https:\\\/\\\/slaptameile.lt\\\/wp-content\\\/uploads\\\/2024\\\/07\\\/BokstoSpa51013_patyrimai.jpg\",\"width\":1010,\"height\":806},{\"@type\":\"BreadcrumbList\",\"@id\":\"https:\\\/\\\/slaptameile.lt\\\/preke\\\/sveikatinimosi-ritualas-karaliaus-augusto-medziokle\\\/#breadcrumb\",\"itemListElement\":[{\"@type\":\"ListItem\",\"position\":1,\"name\":\"Home\",\"item\":\"https:\\\/\\\/slaptameile.lt\\\/\"},{\"@type\":\"ListItem\",\"position\":2,\"name\":\"Parduotuv\u0117\",\"item\":\"https:\\\/\\\/slaptameile.lt\\\/parduotuve\\\/\"},{\"@type\":\"ListItem\",\"position\":3,\"name\":\"Sveikatinimosi ritualas \u201eKaraliaus Augusto med\u017eiokl\u0117\u201c\"}]},{\"@type\":\"WebSite\",\"@id\":\"https:\\\/\\\/slaptameile.lt\\\/#website\",\"url\":\"https:\\\/\\\/slaptameile.lt\\\/\",\"name\":\"Slapta Meil\u0117\",\"description\":\"\",\"publisher\":{\"@id\":\"https:\\\/\\\/slaptameile.lt\\\/#organization\"},\"potentialAction\":[{\"@type\":\"SearchAction\",\"target\":{\"@type\":\"EntryPoint\",\"urlTemplate\":\"https:\\\/\\\/slaptameile.lt\\\/?s={search_term_string}\"},\"query-input\":{\"@type\":\"PropertyValueSpecification\",\"valueRequired\":true,\"valueName\":\"search_term_string\"}}],\"inLanguage\":\"en-US\"},{\"@type\":\"Organization\",\"@id\":\"https:\\\/\\\/slaptameile.lt\\\/#organization\",\"name\":\"Slapta Meil\u0117\",\"url\":\"https:\\\/\\\/slaptameile.lt\\\/\",\"logo\":{\"@type\":\"ImageObject\",\"inLanguage\":\"en-US\",\"@id\":\"https:\\\/\\\/slaptameile.lt\\\/#\\\/schema\\\/logo\\\/image\\\/\",\"url\":\"https:\\\/\\\/slaptameile.lt\\\/wp-content\\\/uploads\\\/2026\\\/04\\\/sm-logo.jpg\",\"contentUrl\":\"https:\\\/\\\/slaptameile.lt\\\/wp-content\\\/uploads\\\/2026\\\/04\\\/sm-logo.jpg\",\"width\":810,\"height\":380,\"caption\":\"Slapta Meil\u0117\"},\"image\":{\"@id\":\"https:\\\/\\\/slaptameile.lt\\\/#\\\/schema\\\/logo\\\/image\\\/\"},\"sameAs\":[\"https:\\\/\\\/www.facebook.com\\\/SlaptaMeileBarbora\",\"https:\\\/\\\/www.instagram.com\\\/slaptameile\",\"https:\\\/\\\/www.tiktok.com\\\/@slaptameile1\"]}]}<\/script>\n<!-- \/ Yoast SEO plugin. -->","yoast_head_json":{"title":"Sveikatinimosi ritualas \u201eKaraliaus Augusto med\u017eiokl\u0117\u201c - Slapta Meil\u0117","robots":{"index":"index","follow":"follow","max-snippet":"max-snippet:-1","max-image-preview":"max-image-preview:large","max-video-preview":"max-video-preview:-1"},"canonical":"https:\/\/slaptameile.lt\/en\/preke\/sveikatinimosi-ritualas-karaliaus-augusto-medziokle\/","og_locale":"en_US","og_type":"article","og_title":"Sveikatinimosi ritualas \u201eKaraliaus Augusto med\u017eiokl\u0117\u201c - Slapta Meil\u0117","og_description":"16-ajame am\u017eiuje Lietuvos valdovai med\u017eiokl\u0119 laik\u0117 karin\u0117mis pratybomis. Jos trukdavo savaites ar net m\u0117nesius. Dalyvaudavo ir vyrai, ir moterys, kartu su visa karali\u0161ko dvaro svita: vir\u0117jais, muzikantais, varovais, arkliais, gyvuliais, maisto atsargomis ir amunicija.","og_url":"https:\/\/slaptameile.lt\/en\/preke\/sveikatinimosi-ritualas-karaliaus-augusto-medziokle\/","og_site_name":"Slapta Meil\u0117","article_publisher":"https:\/\/www.facebook.com\/SlaptaMeileBarbora","article_modified_time":"2026-04-17T05:18:42+00:00","og_image":[{"width":1010,"height":806,"url":"https:\/\/slaptameile.lt\/wp-content\/uploads\/2024\/07\/BokstoSpa51013_patyrimai.jpg","type":"image\/jpeg"}],"twitter_card":"summary_large_image","twitter_misc":{"Est. reading time":"2 minutes"},"schema":{"@context":"https:\/\/schema.org","@graph":[{"@type":"WebPage","@id":"https:\/\/slaptameile.lt\/preke\/sveikatinimosi-ritualas-karaliaus-augusto-medziokle\/","url":"https:\/\/slaptameile.lt\/preke\/sveikatinimosi-ritualas-karaliaus-augusto-medziokle\/","name":"Sveikatinimosi ritualas \u201eKaraliaus Augusto med\u017eiokl\u0117\u201c - Slapta Meil\u0117","isPartOf":{"@id":"https:\/\/slaptameile.lt\/#website"},"primaryImageOfPage":{"@id":"https:\/\/slaptameile.lt\/preke\/sveikatinimosi-ritualas-karaliaus-augusto-medziokle\/#primaryimage"},"image":{"@id":"https:\/\/slaptameile.lt\/preke\/sveikatinimosi-ritualas-karaliaus-augusto-medziokle\/#primaryimage"},"thumbnailUrl":"https:\/\/slaptameile.lt\/wp-content\/uploads\/2024\/07\/BokstoSpa51013_patyrimai.jpg","datePublished":"2024-07-26T07:27:18+00:00","dateModified":"2026-04-17T05:18:42+00:00","breadcrumb":{"@id":"https:\/\/slaptameile.lt\/preke\/sveikatinimosi-ritualas-karaliaus-augusto-medziokle\/#breadcrumb"},"inLanguage":"en-US","potentialAction":[{"@type":"ReadAction","target":["https:\/\/slaptameile.lt\/preke\/sveikatinimosi-ritualas-karaliaus-augusto-medziokle\/"]}]},{"@type":"ImageObject","inLanguage":"en-US","@id":"https:\/\/slaptameile.lt\/preke\/sveikatinimosi-ritualas-karaliaus-augusto-medziokle\/#primaryimage","url":"https:\/\/slaptameile.lt\/wp-content\/uploads\/2024\/07\/BokstoSpa51013_patyrimai.jpg","contentUrl":"https:\/\/slaptameile.lt\/wp-content\/uploads\/2024\/07\/BokstoSpa51013_patyrimai.jpg","width":1010,"height":806},{"@type":"BreadcrumbList","@id":"https:\/\/slaptameile.lt\/preke\/sveikatinimosi-ritualas-karaliaus-augusto-medziokle\/#breadcrumb","itemListElement":[{"@type":"ListItem","position":1,"name":"Home","item":"https:\/\/slaptameile.lt\/"},{"@type":"ListItem","position":2,"name":"Parduotuv\u0117","item":"https:\/\/slaptameile.lt\/parduotuve\/"},{"@type":"ListItem","position":3,"name":"Sveikatinimosi ritualas \u201eKaraliaus Augusto med\u017eiokl\u0117\u201c"}]},{"@type":"WebSite","@id":"https:\/\/slaptameile.lt\/#website","url":"https:\/\/slaptameile.lt\/","name":"Secret Love","description":"","publisher":{"@id":"https:\/\/slaptameile.lt\/#organization"},"potentialAction":[{"@type":"SearchAction","target":{"@type":"EntryPoint","urlTemplate":"https:\/\/slaptameile.lt\/?s={search_term_string}"},"query-input":{"@type":"PropertyValueSpecification","valueRequired":true,"valueName":"search_term_string"}}],"inLanguage":"en-US"},{"@type":"Organization","@id":"https:\/\/slaptameile.lt\/#organization","name":"Secret Love","url":"https:\/\/slaptameile.lt\/","logo":{"@type":"ImageObject","inLanguage":"en-US","@id":"https:\/\/slaptameile.lt\/#\/schema\/logo\/image\/","url":"https:\/\/slaptameile.lt\/wp-content\/uploads\/2026\/04\/sm-logo.jpg","contentUrl":"https:\/\/slaptameile.lt\/wp-content\/uploads\/2026\/04\/sm-logo.jpg","width":810,"height":380,"caption":"Slapta Meil\u0117"},"image":{"@id":"https:\/\/slaptameile.lt\/#\/schema\/logo\/image\/"},"sameAs":["https:\/\/www.facebook.com\/SlaptaMeileBarbora","https:\/\/www.instagram.com\/slaptameile","https:\/\/www.tiktok.com\/@slaptameile1"]}]}},"_links":{"self":[{"href":"https:\/\/slaptameile.lt\/en\/wp-json\/wp\/v2\/product\/1441","targetHints":{"allow":["GET"]}}],"collection":[{"href":"https:\/\/slaptameile.lt\/en\/wp-json\/wp\/v2\/product"}],"about":[{"href":"https:\/\/slaptameile.lt\/en\/wp-json\/wp\/v2\/types\/product"}],"replies":[{"embeddable":true,"href":"https:\/\/slaptameile.lt\/en\/wp-json\/wp\/v2\/comments?post=1441"}],"wp:featuredmedia":[{"embeddable":true,"href":"https:\/\/slaptameile.lt\/en\/wp-json\/wp\/v2\/media\/2751"}],"wp:attachment":[{"href":"https:\/\/slaptameile.lt\/en\/wp-json\/wp\/v2\/media?parent=1441"}],"wp:term":[{"taxonomy":"partner","embeddable":true,"href":"https:\/\/slaptameile.lt\/en\/wp-json\/wp\/v2\/partner?post=1441"},{"taxonomy":"product_brand","embeddable":true,"href":"https:\/\/slaptameile.lt\/en\/wp-json\/wp\/v2\/product_brand?post=1441"},{"taxonomy":"product_cat","embeddable":true,"href":"https:\/\/slaptameile.lt\/en\/wp-json\/wp\/v2\/product_cat?post=1441"},{"taxonomy":"product_tag","embeddable":true,"href":"https:\/\/slaptameile.lt\/en\/wp-json\/wp\/v2\/product_tag?post=1441"}],"curies":[{"name":"WP","href":"https:\/\/api.w.org\/{rel}","templated":true}]}}