{"id":1430,"date":"2024-07-26T10:28:09","date_gmt":"2024-07-26T07:28:09","guid":{"rendered":"https:\/\/slaptameile.lt\/?post_type=product&#038;p=1430"},"modified":"2026-04-16T19:59:25","modified_gmt":"2026-04-16T16:59:25","slug":"sveikatinimosi-ritualas-karalienes-kotrynos-saltinis","status":"publish","type":"product","link":"https:\/\/slaptameile.lt\/en\/preke\/sveikatinimosi-ritualas-karalienes-kotrynos-saltinis\/","title":{"rendered":"Wellness Ritual \"Queen Catherine's Spring\""},"content":{"rendered":"<p>Gripsholme Kotryna kasdien eidavo prie \u0161altinio, kad parne\u0161t\u0173 vandens savo vyrui. Po daugelio met\u0173 nelaisv\u0117s ji i\u0161\u0117jo i\u0161 kal\u0117jimo kaip b\u016bsimoji \u0160vedijos karalien\u0117.<br \/>\nPrie pilies tekantis \u0161altinis iki \u0161iol vadinamas jos vardu.<\/p>\n<p>Kotryna's source is a detoxifying, restorative ritual designed for you when you want not only to relax but also to reclaim inner silence after a hectic day \u2013 without noise, without prison bars, but with a similar feeling of breathing at your own pace again.<\/p>\n<p><em>Ritual\u0105 sudaro trys dalys:<\/em><\/p>\n<ul>\n<li>Hamamas \u2013 \u0161ilumai, kv\u0117pavimui, mintims paleisti<\/li>\n<li>Druskos \u0161veitimas kar\u010diojo apelsino ir mirtos kvap\u0173 apsuptyje \u2013 tarsi \u0161velnus, bet tvirtas emocin\u0117s ir fizin\u0117s na\u0161tos nuvalymas<\/li>\n<li>\u0160vedi\u0161kas masa\u017eas su absoliuto grynumo frankincenso, citrono ir raudonstiebio snapu\u010dio eteriniais aliejais, atkurian\u010diaiss k\u016bno balans\u0105 ir kv\u0117pavimo ritm\u0105<\/li>\n<\/ul>\n<p>Tai \u2013\u00a0rami pergal\u0117 po vidin\u0117s nelaisv\u0117s, nes kartais net i\u0161orinis pasaulis t\u0117ra \u0161urmulys.<br \/>\nO tikras i\u0161silaisvinimas prasideda nuo\u00a0vieno la\u0161o \u0161vie\u017eio vandens\u00a0\u2013 parne\u0161to pa\u010diai sau.<\/p>\n<p><em>The \u201cQueen Catherine's Spring\u201d ritual is designed for one person and can be booked no later than 2 days before your desired date. Purchase this package and please contact us the same day at labas@slaptameile.lt or +370 609 55551, so we can book a convenient time for your service. The coupon for this ritual will be valid for 3 months from the date of purchase. This ritual awaits you at Bok\u0161to SPA, located at Bok\u0161to g. 6, Vilnius.<\/em><\/p>","protected":false},"excerpt":{"rendered":"<p>16 am\u017eiaus viduryje Vilniuje i\u0161tek\u0117jo princes\u0117 Kotryna Jogailait\u0117 \u2013 Lietuvos did\u017eiojo kunigaik\u0161\u010dio ir Lenkijos karaliaus dukt\u0117. Ji i\u0161keliavo \u012f \u0160iaur\u0119 lydima vilties, bet atsid\u016br\u0117 istorijos labirinte: po santuokos su \u0160vedijos princu, Suomijos kunigaik\u0161\u010diu Jonu Vaza, j\u0173 kelion\u0117 virto politine drama, pasibaigusia \u012fkalinimu \u0160vedijos Gripsholmo pilyje.<\/p>","protected":false},"featured_media":2839,"comment_status":"open","ping_status":"closed","template":"","meta":{"_acf_changed":false},"partner":[56],"product_brand":[],"product_cat":[22,17],"product_tag":[],"class_list":{"0":"post-1430","1":"product","2":"type-product","3":"status-publish","4":"has-post-thumbnail","6":"partner-boksto-spa","7":"product_cat-grozio-ritualai","8":"product_cat-keliones-laiku","10":"first","11":"instock","12":"virtual","13":"taxable","14":"purchasable","15":"product-type-simple"},"acf":[],"yoast_head":"<!-- This site is optimized with the Yoast SEO plugin v27.5 - https:\/\/yoast.com\/product\/yoast-seo-wordpress\/ -->\n<title>Sveikatinimosi ritualas \u201eKaralien\u0117s Kotrynos \u0161altinis\u201c - Slapta Meil\u0117<\/title>\n<meta name=\"robots\" content=\"index, follow, max-snippet:-1, max-image-preview:large, max-video-preview:-1\" \/>\n<link rel=\"canonical\" href=\"https:\/\/slaptameile.lt\/en\/preke\/sveikatinimosi-ritualas-karalienes-kotrynos-saltinis\/\" \/>\n<meta property=\"og:locale\" content=\"en_US\" \/>\n<meta property=\"og:type\" content=\"article\" \/>\n<meta property=\"og:title\" content=\"Sveikatinimosi ritualas \u201eKaralien\u0117s Kotrynos \u0161altinis\u201c - Slapta Meil\u0117\" \/>\n<meta property=\"og:description\" content=\"16 am\u017eiaus viduryje Vilniuje i\u0161tek\u0117jo princes\u0117 Kotryna Jogailait\u0117 \u2013 Lietuvos did\u017eiojo kunigaik\u0161\u010dio ir Lenkijos karaliaus dukt\u0117. Ji i\u0161keliavo \u012f \u0160iaur\u0119 lydima vilties, bet atsid\u016br\u0117 istorijos labirinte: po santuokos su \u0160vedijos princu, Suomijos kunigaik\u0161\u010diu Jonu Vaza, j\u0173 kelion\u0117 virto politine drama, pasibaigusia \u012fkalinimu \u0160vedijos Gripsholmo pilyje.\" \/>\n<meta property=\"og:url\" content=\"https:\/\/slaptameile.lt\/en\/preke\/sveikatinimosi-ritualas-karalienes-kotrynos-saltinis\/\" \/>\n<meta property=\"og:site_name\" content=\"Slapta Meil\u0117\" \/>\n<meta property=\"article:publisher\" content=\"https:\/\/www.facebook.com\/SlaptaMeileBarbora\" \/>\n<meta property=\"article:modified_time\" content=\"2026-04-16T16:59:25+00:00\" \/>\n<meta property=\"og:image\" content=\"https:\/\/slaptameile.lt\/wp-content\/uploads\/2024\/07\/BokstoSpa51013_2.jpg\" \/>\n\t<meta property=\"og:image:width\" content=\"1375\" \/>\n\t<meta property=\"og:image:height\" content=\"2048\" \/>\n\t<meta property=\"og:image:type\" content=\"image\/jpeg\" \/>\n<meta name=\"twitter:card\" content=\"summary_large_image\" \/>\n<meta name=\"twitter:label1\" content=\"Est. reading time\" \/>\n\t<meta name=\"twitter:data1\" content=\"2 minutes\" \/>\n<script type=\"application\/ld+json\" class=\"yoast-schema-graph\">{\"@context\":\"https:\\\/\\\/schema.org\",\"@graph\":[{\"@type\":\"WebPage\",\"@id\":\"https:\\\/\\\/slaptameile.lt\\\/preke\\\/sveikatinimosi-ritualas-karalienes-kotrynos-saltinis\\\/\",\"url\":\"https:\\\/\\\/slaptameile.lt\\\/preke\\\/sveikatinimosi-ritualas-karalienes-kotrynos-saltinis\\\/\",\"name\":\"Sveikatinimosi ritualas \u201eKaralien\u0117s Kotrynos \u0161altinis\u201c - Slapta Meil\u0117\",\"isPartOf\":{\"@id\":\"https:\\\/\\\/slaptameile.lt\\\/#website\"},\"primaryImageOfPage\":{\"@id\":\"https:\\\/\\\/slaptameile.lt\\\/preke\\\/sveikatinimosi-ritualas-karalienes-kotrynos-saltinis\\\/#primaryimage\"},\"image\":{\"@id\":\"https:\\\/\\\/slaptameile.lt\\\/preke\\\/sveikatinimosi-ritualas-karalienes-kotrynos-saltinis\\\/#primaryimage\"},\"thumbnailUrl\":\"https:\\\/\\\/slaptameile.lt\\\/wp-content\\\/uploads\\\/2024\\\/07\\\/BokstoSpa51013_2.jpg\",\"datePublished\":\"2024-07-26T07:28:09+00:00\",\"dateModified\":\"2026-04-16T16:59:25+00:00\",\"breadcrumb\":{\"@id\":\"https:\\\/\\\/slaptameile.lt\\\/preke\\\/sveikatinimosi-ritualas-karalienes-kotrynos-saltinis\\\/#breadcrumb\"},\"inLanguage\":\"en-US\",\"potentialAction\":[{\"@type\":\"ReadAction\",\"target\":[\"https:\\\/\\\/slaptameile.lt\\\/preke\\\/sveikatinimosi-ritualas-karalienes-kotrynos-saltinis\\\/\"]}]},{\"@type\":\"ImageObject\",\"inLanguage\":\"en-US\",\"@id\":\"https:\\\/\\\/slaptameile.lt\\\/preke\\\/sveikatinimosi-ritualas-karalienes-kotrynos-saltinis\\\/#primaryimage\",\"url\":\"https:\\\/\\\/slaptameile.lt\\\/wp-content\\\/uploads\\\/2024\\\/07\\\/BokstoSpa51013_2.jpg\",\"contentUrl\":\"https:\\\/\\\/slaptameile.lt\\\/wp-content\\\/uploads\\\/2024\\\/07\\\/BokstoSpa51013_2.jpg\",\"width\":1375,\"height\":2048},{\"@type\":\"BreadcrumbList\",\"@id\":\"https:\\\/\\\/slaptameile.lt\\\/preke\\\/sveikatinimosi-ritualas-karalienes-kotrynos-saltinis\\\/#breadcrumb\",\"itemListElement\":[{\"@type\":\"ListItem\",\"position\":1,\"name\":\"Home\",\"item\":\"https:\\\/\\\/slaptameile.lt\\\/\"},{\"@type\":\"ListItem\",\"position\":2,\"name\":\"Parduotuv\u0117\",\"item\":\"https:\\\/\\\/slaptameile.lt\\\/parduotuve\\\/\"},{\"@type\":\"ListItem\",\"position\":3,\"name\":\"Sveikatinimosi ritualas \u201eKaralien\u0117s Kotrynos \u0161altinis\u201c\"}]},{\"@type\":\"WebSite\",\"@id\":\"https:\\\/\\\/slaptameile.lt\\\/#website\",\"url\":\"https:\\\/\\\/slaptameile.lt\\\/\",\"name\":\"Slapta Meil\u0117\",\"description\":\"\",\"publisher\":{\"@id\":\"https:\\\/\\\/slaptameile.lt\\\/#organization\"},\"potentialAction\":[{\"@type\":\"SearchAction\",\"target\":{\"@type\":\"EntryPoint\",\"urlTemplate\":\"https:\\\/\\\/slaptameile.lt\\\/?s={search_term_string}\"},\"query-input\":{\"@type\":\"PropertyValueSpecification\",\"valueRequired\":true,\"valueName\":\"search_term_string\"}}],\"inLanguage\":\"en-US\"},{\"@type\":\"Organization\",\"@id\":\"https:\\\/\\\/slaptameile.lt\\\/#organization\",\"name\":\"Slapta Meil\u0117\",\"url\":\"https:\\\/\\\/slaptameile.lt\\\/\",\"logo\":{\"@type\":\"ImageObject\",\"inLanguage\":\"en-US\",\"@id\":\"https:\\\/\\\/slaptameile.lt\\\/#\\\/schema\\\/logo\\\/image\\\/\",\"url\":\"https:\\\/\\\/slaptameile.lt\\\/wp-content\\\/uploads\\\/2026\\\/04\\\/sm-logo.jpg\",\"contentUrl\":\"https:\\\/\\\/slaptameile.lt\\\/wp-content\\\/uploads\\\/2026\\\/04\\\/sm-logo.jpg\",\"width\":810,\"height\":380,\"caption\":\"Slapta Meil\u0117\"},\"image\":{\"@id\":\"https:\\\/\\\/slaptameile.lt\\\/#\\\/schema\\\/logo\\\/image\\\/\"},\"sameAs\":[\"https:\\\/\\\/www.facebook.com\\\/SlaptaMeileBarbora\",\"https:\\\/\\\/www.instagram.com\\\/slaptameile\",\"https:\\\/\\\/www.tiktok.com\\\/@slaptameile1\"]}]}<\/script>\n<!-- \/ Yoast SEO plugin. -->","yoast_head_json":{"title":"Sveikatinimosi ritualas \u201eKaralien\u0117s Kotrynos \u0161altinis\u201c - Slapta Meil\u0117","robots":{"index":"index","follow":"follow","max-snippet":"max-snippet:-1","max-image-preview":"max-image-preview:large","max-video-preview":"max-video-preview:-1"},"canonical":"https:\/\/slaptameile.lt\/en\/preke\/sveikatinimosi-ritualas-karalienes-kotrynos-saltinis\/","og_locale":"en_US","og_type":"article","og_title":"Sveikatinimosi ritualas \u201eKaralien\u0117s Kotrynos \u0161altinis\u201c - Slapta Meil\u0117","og_description":"16 am\u017eiaus viduryje Vilniuje i\u0161tek\u0117jo princes\u0117 Kotryna Jogailait\u0117 \u2013 Lietuvos did\u017eiojo kunigaik\u0161\u010dio ir Lenkijos karaliaus dukt\u0117. Ji i\u0161keliavo \u012f \u0160iaur\u0119 lydima vilties, bet atsid\u016br\u0117 istorijos labirinte: po santuokos su \u0160vedijos princu, Suomijos kunigaik\u0161\u010diu Jonu Vaza, j\u0173 kelion\u0117 virto politine drama, pasibaigusia \u012fkalinimu \u0160vedijos Gripsholmo pilyje.","og_url":"https:\/\/slaptameile.lt\/en\/preke\/sveikatinimosi-ritualas-karalienes-kotrynos-saltinis\/","og_site_name":"Slapta Meil\u0117","article_publisher":"https:\/\/www.facebook.com\/SlaptaMeileBarbora","article_modified_time":"2026-04-16T16:59:25+00:00","og_image":[{"width":1375,"height":2048,"url":"https:\/\/slaptameile.lt\/wp-content\/uploads\/2024\/07\/BokstoSpa51013_2.jpg","type":"image\/jpeg"}],"twitter_card":"summary_large_image","twitter_misc":{"Est. reading time":"2 minutes"},"schema":{"@context":"https:\/\/schema.org","@graph":[{"@type":"WebPage","@id":"https:\/\/slaptameile.lt\/preke\/sveikatinimosi-ritualas-karalienes-kotrynos-saltinis\/","url":"https:\/\/slaptameile.lt\/preke\/sveikatinimosi-ritualas-karalienes-kotrynos-saltinis\/","name":"Sveikatinimosi ritualas \u201eKaralien\u0117s Kotrynos \u0161altinis\u201c - Slapta Meil\u0117","isPartOf":{"@id":"https:\/\/slaptameile.lt\/#website"},"primaryImageOfPage":{"@id":"https:\/\/slaptameile.lt\/preke\/sveikatinimosi-ritualas-karalienes-kotrynos-saltinis\/#primaryimage"},"image":{"@id":"https:\/\/slaptameile.lt\/preke\/sveikatinimosi-ritualas-karalienes-kotrynos-saltinis\/#primaryimage"},"thumbnailUrl":"https:\/\/slaptameile.lt\/wp-content\/uploads\/2024\/07\/BokstoSpa51013_2.jpg","datePublished":"2024-07-26T07:28:09+00:00","dateModified":"2026-04-16T16:59:25+00:00","breadcrumb":{"@id":"https:\/\/slaptameile.lt\/preke\/sveikatinimosi-ritualas-karalienes-kotrynos-saltinis\/#breadcrumb"},"inLanguage":"en-US","potentialAction":[{"@type":"ReadAction","target":["https:\/\/slaptameile.lt\/preke\/sveikatinimosi-ritualas-karalienes-kotrynos-saltinis\/"]}]},{"@type":"ImageObject","inLanguage":"en-US","@id":"https:\/\/slaptameile.lt\/preke\/sveikatinimosi-ritualas-karalienes-kotrynos-saltinis\/#primaryimage","url":"https:\/\/slaptameile.lt\/wp-content\/uploads\/2024\/07\/BokstoSpa51013_2.jpg","contentUrl":"https:\/\/slaptameile.lt\/wp-content\/uploads\/2024\/07\/BokstoSpa51013_2.jpg","width":1375,"height":2048},{"@type":"BreadcrumbList","@id":"https:\/\/slaptameile.lt\/preke\/sveikatinimosi-ritualas-karalienes-kotrynos-saltinis\/#breadcrumb","itemListElement":[{"@type":"ListItem","position":1,"name":"Home","item":"https:\/\/slaptameile.lt\/"},{"@type":"ListItem","position":2,"name":"Parduotuv\u0117","item":"https:\/\/slaptameile.lt\/parduotuve\/"},{"@type":"ListItem","position":3,"name":"Sveikatinimosi ritualas \u201eKaralien\u0117s Kotrynos \u0161altinis\u201c"}]},{"@type":"WebSite","@id":"https:\/\/slaptameile.lt\/#website","url":"https:\/\/slaptameile.lt\/","name":"Secret Love","description":"","publisher":{"@id":"https:\/\/slaptameile.lt\/#organization"},"potentialAction":[{"@type":"SearchAction","target":{"@type":"EntryPoint","urlTemplate":"https:\/\/slaptameile.lt\/?s={search_term_string}"},"query-input":{"@type":"PropertyValueSpecification","valueRequired":true,"valueName":"search_term_string"}}],"inLanguage":"en-US"},{"@type":"Organization","@id":"https:\/\/slaptameile.lt\/#organization","name":"Secret Love","url":"https:\/\/slaptameile.lt\/","logo":{"@type":"ImageObject","inLanguage":"en-US","@id":"https:\/\/slaptameile.lt\/#\/schema\/logo\/image\/","url":"https:\/\/slaptameile.lt\/wp-content\/uploads\/2026\/04\/sm-logo.jpg","contentUrl":"https:\/\/slaptameile.lt\/wp-content\/uploads\/2026\/04\/sm-logo.jpg","width":810,"height":380,"caption":"Slapta Meil\u0117"},"image":{"@id":"https:\/\/slaptameile.lt\/#\/schema\/logo\/image\/"},"sameAs":["https:\/\/www.facebook.com\/SlaptaMeileBarbora","https:\/\/www.instagram.com\/slaptameile","https:\/\/www.tiktok.com\/@slaptameile1"]}]}},"_links":{"self":[{"href":"https:\/\/slaptameile.lt\/en\/wp-json\/wp\/v2\/product\/1430","targetHints":{"allow":["GET"]}}],"collection":[{"href":"https:\/\/slaptameile.lt\/en\/wp-json\/wp\/v2\/product"}],"about":[{"href":"https:\/\/slaptameile.lt\/en\/wp-json\/wp\/v2\/types\/product"}],"replies":[{"embeddable":true,"href":"https:\/\/slaptameile.lt\/en\/wp-json\/wp\/v2\/comments?post=1430"}],"wp:featuredmedia":[{"embeddable":true,"href":"https:\/\/slaptameile.lt\/en\/wp-json\/wp\/v2\/media\/2839"}],"wp:attachment":[{"href":"https:\/\/slaptameile.lt\/en\/wp-json\/wp\/v2\/media?parent=1430"}],"wp:term":[{"taxonomy":"partner","embeddable":true,"href":"https:\/\/slaptameile.lt\/en\/wp-json\/wp\/v2\/partner?post=1430"},{"taxonomy":"product_brand","embeddable":true,"href":"https:\/\/slaptameile.lt\/en\/wp-json\/wp\/v2\/product_brand?post=1430"},{"taxonomy":"product_cat","embeddable":true,"href":"https:\/\/slaptameile.lt\/en\/wp-json\/wp\/v2\/product_cat?post=1430"},{"taxonomy":"product_tag","embeddable":true,"href":"https:\/\/slaptameile.lt\/en\/wp-json\/wp\/v2\/product_tag?post=1430"}],"curies":[{"name":"wp","href":"https:\/\/api.w.org\/{rel}","templated":true}]}}