{"id":137,"date":"2024-08-25T05:30:58","date_gmt":"2024-08-25T02:30:58","guid":{"rendered":"https:\/\/slaptameile.lt\/?post_type=product&#038;p=137"},"modified":"2026-05-05T09:39:01","modified_gmt":"2026-05-05T06:39:01","slug":"karaliaus-augusto-laiskai-ekskursija-kaune","status":"publish","type":"product","link":"https:\/\/slaptameile.lt\/en\/preke\/karaliaus-augusto-laiskai-ekskursija-kaune\/","title":{"rendered":"King Augustus's Letters | Guided Tour in Kaunas"},"content":{"rendered":"<p><strong>Expedition tour of the\u00a0<\/strong><strong>1549 years<\/strong><strong>\u00a0Kaunas Old Town<\/strong><\/p>\n<p>This is no ordinary excursion. It's a journey back in time, to a city filled with 16th-century intrigue. You will find yourself in Kaunas in 1549 - the day an important man arrives in the city, carrying even more important letters.<\/p>\n<p>You will walk with him through the streets of Kaunas, listen to the whispers of the walls of old buildings, the smells, sounds and people. Who will you meet? What does that ship in the church mean? What do Kaunas people wash with? What do they eat and what do they fear, what do they want and what are they preparing for? And who is Jonas Kopf - the messenger or something more?<\/p>\n<p>The route will take you across invisible borders: from the smells that today remind you of the old streets, to the courtyards where not only straw but also diplomatic decisions were laid. Some doors will open, some will remain quietly locked. During the journey, not only locations will change, but also time. Stories will unfold one after the other, like letters that can only be read at night.<\/p>\n<p>This expedition is for those who can listen between the lines, see beyond the signs and understand that there is always a second bottom to a true story.<\/p>\n<p><strong>Tinka:<\/strong>\u00a0curious, inquisitive, slightly nostalgic and still believing in the power of secret love.<\/p>\n<p><strong>Style:<\/strong>\u00a0An expedition of historical experiences with lively narratives, imaginative play and a bit of espionage.<\/p>\n<p>On the day of the excursion, please select from the calendar below.<\/p>\n<p><strong>Meeting place:<\/strong> near the \u201eKvap\u0173 namai\u201d perfume shop. Vilniaus St. 37, Kaunas.<\/p>\n<p>Excursions take place regardless of weather conditions, so please choose appropriate footwear and clothing based on the weather expected during the excursion, and bring umbrellas or sun protection, etc. If you have purchased a ticket and realize you cannot attend, please arrange for the ticket to be transferred to another person.<\/p>\n<p>Once you have purchased your ticket, detailed information with all tour details will reach you on the eve of your chosen tour.<\/p>\n<p>Please also note that\u00a0<strong>We can organise these tours for you on a tailor-made basis (birthday party, group of friends, colleagues, etc.) and at a time to suit you<\/strong>. The maximum number of participants for such a tour is 20 people. Tours are conducted in Lithuanian or English. We will arrange all of this and answer all your questions: labas@slaptameile.lt or +370 609 55551<\/p>","protected":false},"excerpt":{"rendered":"<p>Excursion-expedition through the 1549 Kaunas Old Town, history of diplomacy and spies, trade and intrigues.<\/p>\n<p>Time travel \u2013 to the 16th century, to a city breathing with intrigue, diplomatic correspondence, and where the whole city speaks of one secret love affair. Your Majesty will find yourself in Kaunas in 1549 \u2013 the day an important person arrives in the city, carrying even more important letters.<\/p>","protected":false},"featured_media":1967,"comment_status":"open","ping_status":"closed","template":"","meta":{"_acf_changed":false},"partner":[],"product_brand":[],"product_cat":[21,17],"product_tag":[],"class_list":{"0":"post-137","1":"product","2":"type-product","3":"status-publish","4":"has-post-thumbnail","6":"product_cat-ekskursijos","7":"product_cat-keliones-laiku","9":"first","10":"instock","11":"taxable","12":"shipping-taxable","13":"purchasable","14":"product-type-variable"},"acf":[],"yoast_head":"<!-- This site is optimized with the Yoast SEO plugin v27.5 - https:\/\/yoast.com\/product\/yoast-seo-wordpress\/ -->\n<title>Karaliaus Augusto lai\u0161kai | Ekskursija su grupe Kaune - Slapta Meil\u0117<\/title>\n<meta name=\"robots\" content=\"index, follow, max-snippet:-1, max-image-preview:large, max-video-preview:-1\" \/>\n<link rel=\"canonical\" href=\"https:\/\/slaptameile.lt\/en\/preke\/karaliaus-augusto-laiskai-ekskursija-kaune\/\" \/>\n<meta property=\"og:locale\" content=\"en_US\" \/>\n<meta property=\"og:type\" content=\"article\" \/>\n<meta property=\"og:title\" content=\"Karaliaus Augusto lai\u0161kai | Ekskursija su grupe Kaune - Slapta Meil\u0117\" \/>\n<meta property=\"og:description\" content=\"Ekskursija\u2013ekspedicija po 1549 met\u0173 Kauno Senamiest\u012f, Diplomatijos ir \u0161nip\u0173, prekybos ir intrig\u0173 istorijos.  Kelion\u0117 laiku \u2013\u012f XVI am\u017ei\u0173, \u012f miest\u0105, kuriame alsuoja intrigos, diplomatiniai susira\u0161in\u0117jimai ir visas miestas kalba apie vien\u0105 slapt\u0105 meil\u0117s istorij\u0105. Tavo Didenyb\u0117 atsidurs 1549 met\u0173 Kaune \u2013 t\u0105 dien\u0105, kai \u012f miest\u0105 atvyksta vienas svarbus \u017emogus, ne\u0161inas dar svarbesniais lai\u0161kais.\" \/>\n<meta property=\"og:url\" content=\"https:\/\/slaptameile.lt\/en\/preke\/karaliaus-augusto-laiskai-ekskursija-kaune\/\" \/>\n<meta property=\"og:site_name\" content=\"Slapta Meil\u0117\" \/>\n<meta property=\"article:publisher\" content=\"https:\/\/www.facebook.com\/SlaptaMeileBarbora\" \/>\n<meta property=\"article:modified_time\" content=\"2026-05-05T06:39:01+00:00\" \/>\n<meta property=\"og:image\" content=\"https:\/\/slaptameile.lt\/wp-content\/uploads\/2024\/08\/SM-web-baneriai-3000-x-3000-px.zip-3.jpeg\" \/>\n\t<meta property=\"og:image:width\" content=\"3000\" \/>\n\t<meta property=\"og:image:height\" content=\"3000\" \/>\n\t<meta property=\"og:image:type\" content=\"image\/jpeg\" \/>\n<meta name=\"twitter:card\" content=\"summary_large_image\" \/>\n<meta name=\"twitter:label1\" content=\"Est. reading time\" \/>\n\t<meta name=\"twitter:data1\" content=\"2 minutes\" \/>\n<script type=\"application\/ld+json\" class=\"yoast-schema-graph\">{\"@context\":\"https:\\\/\\\/schema.org\",\"@graph\":[{\"@type\":\"WebPage\",\"@id\":\"https:\\\/\\\/slaptameile.lt\\\/preke\\\/karaliaus-augusto-laiskai-ekskursija-kaune\\\/\",\"url\":\"https:\\\/\\\/slaptameile.lt\\\/preke\\\/karaliaus-augusto-laiskai-ekskursija-kaune\\\/\",\"name\":\"Karaliaus Augusto lai\u0161kai | Ekskursija su grupe Kaune - Slapta Meil\u0117\",\"isPartOf\":{\"@id\":\"https:\\\/\\\/slaptameile.lt\\\/#website\"},\"primaryImageOfPage\":{\"@id\":\"https:\\\/\\\/slaptameile.lt\\\/preke\\\/karaliaus-augusto-laiskai-ekskursija-kaune\\\/#primaryimage\"},\"image\":{\"@id\":\"https:\\\/\\\/slaptameile.lt\\\/preke\\\/karaliaus-augusto-laiskai-ekskursija-kaune\\\/#primaryimage\"},\"thumbnailUrl\":\"https:\\\/\\\/slaptameile.lt\\\/wp-content\\\/uploads\\\/2024\\\/08\\\/SM-web-baneriai-3000-x-3000-px.zip-3.jpeg\",\"datePublished\":\"2024-08-25T02:30:58+00:00\",\"dateModified\":\"2026-05-05T06:39:01+00:00\",\"breadcrumb\":{\"@id\":\"https:\\\/\\\/slaptameile.lt\\\/preke\\\/karaliaus-augusto-laiskai-ekskursija-kaune\\\/#breadcrumb\"},\"inLanguage\":\"en-US\",\"potentialAction\":[{\"@type\":\"ReadAction\",\"target\":[\"https:\\\/\\\/slaptameile.lt\\\/preke\\\/karaliaus-augusto-laiskai-ekskursija-kaune\\\/\"]}]},{\"@type\":\"ImageObject\",\"inLanguage\":\"en-US\",\"@id\":\"https:\\\/\\\/slaptameile.lt\\\/preke\\\/karaliaus-augusto-laiskai-ekskursija-kaune\\\/#primaryimage\",\"url\":\"https:\\\/\\\/slaptameile.lt\\\/wp-content\\\/uploads\\\/2024\\\/08\\\/SM-web-baneriai-3000-x-3000-px.zip-3.jpeg\",\"contentUrl\":\"https:\\\/\\\/slaptameile.lt\\\/wp-content\\\/uploads\\\/2024\\\/08\\\/SM-web-baneriai-3000-x-3000-px.zip-3.jpeg\",\"width\":3000,\"height\":3000},{\"@type\":\"BreadcrumbList\",\"@id\":\"https:\\\/\\\/slaptameile.lt\\\/preke\\\/karaliaus-augusto-laiskai-ekskursija-kaune\\\/#breadcrumb\",\"itemListElement\":[{\"@type\":\"ListItem\",\"position\":1,\"name\":\"Home\",\"item\":\"https:\\\/\\\/slaptameile.lt\\\/\"},{\"@type\":\"ListItem\",\"position\":2,\"name\":\"Parduotuv\u0117\",\"item\":\"https:\\\/\\\/slaptameile.lt\\\/parduotuve\\\/\"},{\"@type\":\"ListItem\",\"position\":3,\"name\":\"Karaliaus Augusto lai\u0161kai | Ekskursija su grupe Kaune\"}]},{\"@type\":\"WebSite\",\"@id\":\"https:\\\/\\\/slaptameile.lt\\\/#website\",\"url\":\"https:\\\/\\\/slaptameile.lt\\\/\",\"name\":\"Slapta Meil\u0117\",\"description\":\"\",\"publisher\":{\"@id\":\"https:\\\/\\\/slaptameile.lt\\\/#organization\"},\"potentialAction\":[{\"@type\":\"SearchAction\",\"target\":{\"@type\":\"EntryPoint\",\"urlTemplate\":\"https:\\\/\\\/slaptameile.lt\\\/?s={search_term_string}\"},\"query-input\":{\"@type\":\"PropertyValueSpecification\",\"valueRequired\":true,\"valueName\":\"search_term_string\"}}],\"inLanguage\":\"en-US\"},{\"@type\":\"Organization\",\"@id\":\"https:\\\/\\\/slaptameile.lt\\\/#organization\",\"name\":\"Slapta Meil\u0117\",\"url\":\"https:\\\/\\\/slaptameile.lt\\\/\",\"logo\":{\"@type\":\"ImageObject\",\"inLanguage\":\"en-US\",\"@id\":\"https:\\\/\\\/slaptameile.lt\\\/#\\\/schema\\\/logo\\\/image\\\/\",\"url\":\"https:\\\/\\\/slaptameile.lt\\\/wp-content\\\/uploads\\\/2026\\\/04\\\/sm-logo.jpg\",\"contentUrl\":\"https:\\\/\\\/slaptameile.lt\\\/wp-content\\\/uploads\\\/2026\\\/04\\\/sm-logo.jpg\",\"width\":810,\"height\":380,\"caption\":\"Slapta Meil\u0117\"},\"image\":{\"@id\":\"https:\\\/\\\/slaptameile.lt\\\/#\\\/schema\\\/logo\\\/image\\\/\"},\"sameAs\":[\"https:\\\/\\\/www.facebook.com\\\/SlaptaMeileBarbora\",\"https:\\\/\\\/www.instagram.com\\\/slaptameile\",\"https:\\\/\\\/www.tiktok.com\\\/@slaptameile1\"]}]}<\/script>\n<!-- \/ Yoast SEO plugin. -->","yoast_head_json":{"title":"Karaliaus Augusto lai\u0161kai | Ekskursija su grupe Kaune - Slapta Meil\u0117","robots":{"index":"index","follow":"follow","max-snippet":"max-snippet:-1","max-image-preview":"max-image-preview:large","max-video-preview":"max-video-preview:-1"},"canonical":"https:\/\/slaptameile.lt\/en\/preke\/karaliaus-augusto-laiskai-ekskursija-kaune\/","og_locale":"en_US","og_type":"article","og_title":"Karaliaus Augusto lai\u0161kai | Ekskursija su grupe Kaune - Slapta Meil\u0117","og_description":"Ekskursija\u2013ekspedicija po 1549 met\u0173 Kauno Senamiest\u012f, Diplomatijos ir \u0161nip\u0173, prekybos ir intrig\u0173 istorijos.  Kelion\u0117 laiku \u2013\u012f XVI am\u017ei\u0173, \u012f miest\u0105, kuriame alsuoja intrigos, diplomatiniai susira\u0161in\u0117jimai ir visas miestas kalba apie vien\u0105 slapt\u0105 meil\u0117s istorij\u0105. Tavo Didenyb\u0117 atsidurs 1549 met\u0173 Kaune \u2013 t\u0105 dien\u0105, kai \u012f miest\u0105 atvyksta vienas svarbus \u017emogus, ne\u0161inas dar svarbesniais lai\u0161kais.","og_url":"https:\/\/slaptameile.lt\/en\/preke\/karaliaus-augusto-laiskai-ekskursija-kaune\/","og_site_name":"Slapta Meil\u0117","article_publisher":"https:\/\/www.facebook.com\/SlaptaMeileBarbora","article_modified_time":"2026-05-05T06:39:01+00:00","og_image":[{"width":3000,"height":3000,"url":"https:\/\/slaptameile.lt\/wp-content\/uploads\/2024\/08\/SM-web-baneriai-3000-x-3000-px.zip-3.jpeg","type":"image\/jpeg"}],"twitter_card":"summary_large_image","twitter_misc":{"Est. reading time":"2 minutes"},"schema":{"@context":"https:\/\/schema.org","@graph":[{"@type":"WebPage","@id":"https:\/\/slaptameile.lt\/preke\/karaliaus-augusto-laiskai-ekskursija-kaune\/","url":"https:\/\/slaptameile.lt\/preke\/karaliaus-augusto-laiskai-ekskursija-kaune\/","name":"Karaliaus Augusto lai\u0161kai | Ekskursija su grupe Kaune - Slapta Meil\u0117","isPartOf":{"@id":"https:\/\/slaptameile.lt\/#website"},"primaryImageOfPage":{"@id":"https:\/\/slaptameile.lt\/preke\/karaliaus-augusto-laiskai-ekskursija-kaune\/#primaryimage"},"image":{"@id":"https:\/\/slaptameile.lt\/preke\/karaliaus-augusto-laiskai-ekskursija-kaune\/#primaryimage"},"thumbnailUrl":"https:\/\/slaptameile.lt\/wp-content\/uploads\/2024\/08\/SM-web-baneriai-3000-x-3000-px.zip-3.jpeg","datePublished":"2024-08-25T02:30:58+00:00","dateModified":"2026-05-05T06:39:01+00:00","breadcrumb":{"@id":"https:\/\/slaptameile.lt\/preke\/karaliaus-augusto-laiskai-ekskursija-kaune\/#breadcrumb"},"inLanguage":"en-US","potentialAction":[{"@type":"ReadAction","target":["https:\/\/slaptameile.lt\/preke\/karaliaus-augusto-laiskai-ekskursija-kaune\/"]}]},{"@type":"ImageObject","inLanguage":"en-US","@id":"https:\/\/slaptameile.lt\/preke\/karaliaus-augusto-laiskai-ekskursija-kaune\/#primaryimage","url":"https:\/\/slaptameile.lt\/wp-content\/uploads\/2024\/08\/SM-web-baneriai-3000-x-3000-px.zip-3.jpeg","contentUrl":"https:\/\/slaptameile.lt\/wp-content\/uploads\/2024\/08\/SM-web-baneriai-3000-x-3000-px.zip-3.jpeg","width":3000,"height":3000},{"@type":"BreadcrumbList","@id":"https:\/\/slaptameile.lt\/preke\/karaliaus-augusto-laiskai-ekskursija-kaune\/#breadcrumb","itemListElement":[{"@type":"ListItem","position":1,"name":"Home","item":"https:\/\/slaptameile.lt\/"},{"@type":"ListItem","position":2,"name":"Parduotuv\u0117","item":"https:\/\/slaptameile.lt\/parduotuve\/"},{"@type":"ListItem","position":3,"name":"Karaliaus Augusto lai\u0161kai | Ekskursija su grupe Kaune"}]},{"@type":"WebSite","@id":"https:\/\/slaptameile.lt\/#website","url":"https:\/\/slaptameile.lt\/","name":"Secret Love","description":"","publisher":{"@id":"https:\/\/slaptameile.lt\/#organization"},"potentialAction":[{"@type":"SearchAction","target":{"@type":"EntryPoint","urlTemplate":"https:\/\/slaptameile.lt\/?s={search_term_string}"},"query-input":{"@type":"PropertyValueSpecification","valueRequired":true,"valueName":"search_term_string"}}],"inLanguage":"en-US"},{"@type":"Organization","@id":"https:\/\/slaptameile.lt\/#organization","name":"Secret Love","url":"https:\/\/slaptameile.lt\/","logo":{"@type":"ImageObject","inLanguage":"en-US","@id":"https:\/\/slaptameile.lt\/#\/schema\/logo\/image\/","url":"https:\/\/slaptameile.lt\/wp-content\/uploads\/2026\/04\/sm-logo.jpg","contentUrl":"https:\/\/slaptameile.lt\/wp-content\/uploads\/2026\/04\/sm-logo.jpg","width":810,"height":380,"caption":"Slapta Meil\u0117"},"image":{"@id":"https:\/\/slaptameile.lt\/#\/schema\/logo\/image\/"},"sameAs":["https:\/\/www.facebook.com\/SlaptaMeileBarbora","https:\/\/www.instagram.com\/slaptameile","https:\/\/www.tiktok.com\/@slaptameile1"]}]}},"_links":{"self":[{"href":"https:\/\/slaptameile.lt\/en\/wp-json\/wp\/v2\/product\/137","targetHints":{"allow":["GET"]}}],"collection":[{"href":"https:\/\/slaptameile.lt\/en\/wp-json\/wp\/v2\/product"}],"about":[{"href":"https:\/\/slaptameile.lt\/en\/wp-json\/wp\/v2\/types\/product"}],"replies":[{"embeddable":true,"href":"https:\/\/slaptameile.lt\/en\/wp-json\/wp\/v2\/comments?post=137"}],"wp:featuredmedia":[{"embeddable":true,"href":"https:\/\/slaptameile.lt\/en\/wp-json\/wp\/v2\/media\/1967"}],"wp:attachment":[{"href":"https:\/\/slaptameile.lt\/en\/wp-json\/wp\/v2\/media?parent=137"}],"wp:term":[{"taxonomy":"partner","embeddable":true,"href":"https:\/\/slaptameile.lt\/en\/wp-json\/wp\/v2\/partner?post=137"},{"taxonomy":"product_brand","embeddable":true,"href":"https:\/\/slaptameile.lt\/en\/wp-json\/wp\/v2\/product_brand?post=137"},{"taxonomy":"product_cat","embeddable":true,"href":"https:\/\/slaptameile.lt\/en\/wp-json\/wp\/v2\/product_cat?post=137"},{"taxonomy":"product_tag","embeddable":true,"href":"https:\/\/slaptameile.lt\/en\/wp-json\/wp\/v2\/product_tag?post=137"}],"curies":[{"name":"wp","href":"https:\/\/api.w.org\/{rel}","templated":true}]}}