{"id":1303,"date":"2024-07-05T18:15:04","date_gmt":"2024-07-05T15:15:04","guid":{"rendered":"https:\/\/slaptameile.lt\/?post_type=product&#038;p=1303"},"modified":"2026-04-21T08:45:37","modified_gmt":"2026-04-21T05:45:37","slug":"karalienes-perlu-dubuo-3-dydziai-perlu-balta","status":"publish","type":"product","link":"https:\/\/slaptameile.lt\/en\/preke\/karalienes-perlu-dubuo-3-dydziai-perlu-balta\/","title":{"rendered":"\u201eQueen's Pearl Bowl\u201c | 3 sizes | Pearl White"},"content":{"rendered":"<p>Dubuo, kuris atrodo lyg Barbora Radvilait\u0117 b\u016bt\u0173 pad\u0117jusi j\u012f ant savo renesansinio stalo \u2013 apaug\u0119s perlais, baltas, \u0161vytintis ir tikrai per gra\u017eus tik bulv\u0117ms. Nors jei nori, pirmyn!<\/p>\n<p>Meninink\u0117s Indr\u0117s (Mr. Bowl Ceramics) rank\u0173 darbo k\u016brinys i\u0161 baltos itali\u0161kos keramikos \u2013 kiekvienas dubuo \u0161iek tiek kitoks, tobulyb\u0117 neturi b\u016bti identi\u0161ka. \u012ekv\u0117ptas Barboros aistros perlams, \u0161is dubuo puikiai tinka kaip vestuvi\u0173 dovana jauniesiems, brand\u017eiam jubiliejui, \u012fkurtuv\u0117ms, kaip interjero skulpt\u016bra ar tylus parei\u0161kimas apie i\u0161lavint\u0105 skon\u012f<\/p>\n<p>Naudok vaisiams, \u017evak\u0117ms, papuo\u0161alams ar tiesiog \u017ei\u016br\u0117k \u012f j\u012f ir jauskis truput\u012f kilmingesnis<\/p>\n<p>Dyd\u017eiai<br \/>\nS \u2013 17 cm (su perlais ~24 cm), auk\u0161tis ~8,5 cm<br \/>\nM \u2013 25 cm (su perlais ~32 cm), auk\u0161tis ~11 cm<br \/>\nL \u2013 33 cm (su perlais ~40 cm), auk\u0161tis ~15 cm<\/p>\n<p>Kiekvienas dubuo \u2013 unikalus rank\u0173 darbo k\u016brinys. Jei planuoji didesn\u012f u\u017esakym\u0105 arba pristatymo terminas svarbus, susisiekite:\u00a0<a href=\"mailto:labas@slaptameile.lt\">labas@slaptameile.lt<\/a>\u00a0arba +37060955551<\/p>\n<p>Made and manufactured in Lithuania<\/p>","protected":false},"excerpt":{"rendered":"<p>Dubuo, kuris atrodo lyg Barbora Radvilait\u0117 b\u016bt\u0173 pad\u0117jusi j\u012f ant savo renesansinio stalo \u2013 apaug\u0119s perlais, baltas, \u0161vytintis ir tikrai per gra\u017eus tik bulv\u0117ms. Nors jei nori, pirmyn!<\/p>\n<p>Meninink\u0117s Indr\u0117s (Mr. Bowl Ceramics) rank\u0173 darbo k\u016brinys i\u0161 baltos itali\u0161kos keramikos \u2013 kiekvienas dubuo \u0161iek tiek kitoks, tobulyb\u0117 neturi b\u016bti identi\u0161ka. \u012ekv\u0117ptas Barboros aistros perlams, \u0161is dubuo puikiai tinka kaip vestuvi\u0173 dovana jauniesiems, brand\u017eiam jubiliejui, \u012fkurtuv\u0117ms, kaip interjero skulpt\u016bra ar tylus parei\u0161kimas apie i\u0161lavint\u0105 skon\u012f<\/p>\n<p>Naudok vaisiams, \u017evak\u0117ms, papuo\u0161alams ar tiesiog \u017ei\u016br\u0117k \u012f j\u012f ir jauskis truput\u012f kilmingesnis<\/p>\n<p>Dyd\u017eiai<br \/>\nS \u2013 17 cm (su perlais ~24 cm), auk\u0161tis ~8,5 cm<br \/>\nM \u2013 25 cm (su perlais ~32 cm), auk\u0161tis ~11 cm<br \/>\nL \u2013 33 cm (su perlais ~40 cm), auk\u0161tis ~15 cm<\/p>\n<p>Kiekvienas dubuo \u2013 unikalus rank\u0173 darbo k\u016brinys. Jei planuoji didesn\u012f u\u017esakym\u0105 arba pristatymo terminas svarbus, susisiekite:\u00a0<a href=\"mailto:labas@slaptameile.lt\">labas@slaptameile.lt<\/a>\u00a0arba +37060955551<\/p>\n<p>Made and manufactured in Lithuania<\/p>","protected":false},"featured_media":2564,"comment_status":"open","ping_status":"closed","template":"","meta":{"_acf_changed":false},"partner":[82],"product_brand":[],"product_cat":[18,27],"product_tag":[],"class_list":{"0":"post-1303","1":"product","2":"type-product","3":"status-publish","4":"has-post-thumbnail","6":"partner-mr-bowl-ceramics","7":"product_cat-karaliskoji-kolekcija","8":"product_cat-namu-didybei","10":"first","11":"instock","12":"taxable","13":"shipping-taxable","14":"purchasable","15":"product-type-variable"},"acf":[],"yoast_head":"<!-- This site is optimized with the Yoast SEO plugin v27.5 - https:\/\/yoast.com\/product\/yoast-seo-wordpress\/ -->\n<title>\u201eKaralien\u0117s perl\u0173 dubuo\u201c | 3 dyd\u017eiai | Perl\u0173 balta - Slapta Meil\u0117<\/title>\n<meta name=\"robots\" content=\"index, follow, max-snippet:-1, max-image-preview:large, max-video-preview:-1\" \/>\n<link rel=\"canonical\" href=\"https:\/\/slaptameile.lt\/en\/preke\/karalienes-perlu-dubuo-3-dydziai-perlu-balta\/\" \/>\n<meta property=\"og:locale\" content=\"en_US\" \/>\n<meta property=\"og:type\" content=\"article\" \/>\n<meta property=\"og:title\" content=\"\u201eKaralien\u0117s perl\u0173 dubuo\u201c | 3 dyd\u017eiai | Perl\u0173 balta - Slapta Meil\u0117\" \/>\n<meta property=\"og:description\" content=\"Dubuo, kuris atrodo lyg Barbora Radvilait\u0117 b\u016bt\u0173 pad\u0117jusi j\u012f ant savo renesansinio stalo \u2013 apaug\u0119s perlais, baltas, \u0161vytintis ir tikrai per gra\u017eus tik bulv\u0117ms. Nors jei nori, pirmyn!  Meninink\u0117s Indr\u0117s (Mr. Bowl Ceramics) rank\u0173 darbo k\u016brinys i\u0161 baltos itali\u0161kos keramikos \u2013 kiekvienas dubuo \u0161iek tiek kitoks, tobulyb\u0117 neturi b\u016bti identi\u0161ka. \u012ekv\u0117ptas Barboros aistros perlams, \u0161is dubuo puikiai tinka kaip vestuvi\u0173 dovana jauniesiems, brand\u017eiam jubiliejui, \u012fkurtuv\u0117ms, kaip interjero skulpt\u016bra ar tylus parei\u0161kimas apie i\u0161lavint\u0105 skon\u012f  Naudok vaisiams, \u017evak\u0117ms, papuo\u0161alams ar tiesiog \u017ei\u016br\u0117k \u012f j\u012f ir jauskis truput\u012f kilmingesnis  Dyd\u017eiai S \u2013 17 cm (su perlais ~24 cm), auk\u0161tis ~8,5 cm M \u2013 25 cm (su perlais ~32 cm), auk\u0161tis ~11 cm L \u2013 33 cm (su perlais ~40 cm), auk\u0161tis ~15 cm  Kiekvienas dubuo \u2013 unikalus rank\u0173 darbo k\u016brinys. Jei planuoji didesn\u012f u\u017esakym\u0105 arba pristatymo terminas svarbus, susisiekite:\u00a0labas@slaptameile.lt\u00a0arba +37060955551  Sukurta ir pagaminta Lietuvoje\" \/>\n<meta property=\"og:url\" content=\"https:\/\/slaptameile.lt\/en\/preke\/karalienes-perlu-dubuo-3-dydziai-perlu-balta\/\" \/>\n<meta property=\"og:site_name\" content=\"Slapta Meil\u0117\" \/>\n<meta property=\"article:publisher\" content=\"https:\/\/www.facebook.com\/SlaptaMeileBarbora\" \/>\n<meta property=\"article:modified_time\" content=\"2026-04-21T05:45:37+00:00\" \/>\n<meta property=\"og:image\" content=\"https:\/\/slaptameile.lt\/wp-content\/uploads\/2024\/07\/Vilniaus_karalienes_perlu_dubuo_Baltas_M-1-of-9.jpg\" \/>\n\t<meta property=\"og:image:width\" content=\"2400\" \/>\n\t<meta property=\"og:image:height\" content=\"3000\" \/>\n\t<meta property=\"og:image:type\" content=\"image\/jpeg\" \/>\n<meta name=\"twitter:card\" content=\"summary_large_image\" \/>\n<meta name=\"twitter:label1\" content=\"Est. reading time\" \/>\n\t<meta name=\"twitter:data1\" content=\"1 minute\" \/>\n<script type=\"application\/ld+json\" class=\"yoast-schema-graph\">{\"@context\":\"https:\\\/\\\/schema.org\",\"@graph\":[{\"@type\":\"WebPage\",\"@id\":\"https:\\\/\\\/slaptameile.lt\\\/preke\\\/karalienes-perlu-dubuo-3-dydziai-perlu-balta\\\/\",\"url\":\"https:\\\/\\\/slaptameile.lt\\\/preke\\\/karalienes-perlu-dubuo-3-dydziai-perlu-balta\\\/\",\"name\":\"\u201eKaralien\u0117s perl\u0173 dubuo\u201c | 3 dyd\u017eiai | Perl\u0173 balta - Slapta Meil\u0117\",\"isPartOf\":{\"@id\":\"https:\\\/\\\/slaptameile.lt\\\/#website\"},\"primaryImageOfPage\":{\"@id\":\"https:\\\/\\\/slaptameile.lt\\\/preke\\\/karalienes-perlu-dubuo-3-dydziai-perlu-balta\\\/#primaryimage\"},\"image\":{\"@id\":\"https:\\\/\\\/slaptameile.lt\\\/preke\\\/karalienes-perlu-dubuo-3-dydziai-perlu-balta\\\/#primaryimage\"},\"thumbnailUrl\":\"https:\\\/\\\/slaptameile.lt\\\/wp-content\\\/uploads\\\/2024\\\/07\\\/Vilniaus_karalienes_perlu_dubuo_Baltas_M-1-of-9.jpg\",\"datePublished\":\"2024-07-05T15:15:04+00:00\",\"dateModified\":\"2026-04-21T05:45:37+00:00\",\"breadcrumb\":{\"@id\":\"https:\\\/\\\/slaptameile.lt\\\/preke\\\/karalienes-perlu-dubuo-3-dydziai-perlu-balta\\\/#breadcrumb\"},\"inLanguage\":\"en-US\",\"potentialAction\":[{\"@type\":\"ReadAction\",\"target\":[\"https:\\\/\\\/slaptameile.lt\\\/preke\\\/karalienes-perlu-dubuo-3-dydziai-perlu-balta\\\/\"]}]},{\"@type\":\"ImageObject\",\"inLanguage\":\"en-US\",\"@id\":\"https:\\\/\\\/slaptameile.lt\\\/preke\\\/karalienes-perlu-dubuo-3-dydziai-perlu-balta\\\/#primaryimage\",\"url\":\"https:\\\/\\\/slaptameile.lt\\\/wp-content\\\/uploads\\\/2024\\\/07\\\/Vilniaus_karalienes_perlu_dubuo_Baltas_M-1-of-9.jpg\",\"contentUrl\":\"https:\\\/\\\/slaptameile.lt\\\/wp-content\\\/uploads\\\/2024\\\/07\\\/Vilniaus_karalienes_perlu_dubuo_Baltas_M-1-of-9.jpg\",\"width\":2400,\"height\":3000},{\"@type\":\"BreadcrumbList\",\"@id\":\"https:\\\/\\\/slaptameile.lt\\\/preke\\\/karalienes-perlu-dubuo-3-dydziai-perlu-balta\\\/#breadcrumb\",\"itemListElement\":[{\"@type\":\"ListItem\",\"position\":1,\"name\":\"Home\",\"item\":\"https:\\\/\\\/slaptameile.lt\\\/\"},{\"@type\":\"ListItem\",\"position\":2,\"name\":\"Parduotuv\u0117\",\"item\":\"https:\\\/\\\/slaptameile.lt\\\/parduotuve\\\/\"},{\"@type\":\"ListItem\",\"position\":3,\"name\":\"\u201eKaralien\u0117s perl\u0173 dubuo\u201c | 3 dyd\u017eiai | Perl\u0173 balta\"}]},{\"@type\":\"WebSite\",\"@id\":\"https:\\\/\\\/slaptameile.lt\\\/#website\",\"url\":\"https:\\\/\\\/slaptameile.lt\\\/\",\"name\":\"Slapta Meil\u0117\",\"description\":\"\",\"publisher\":{\"@id\":\"https:\\\/\\\/slaptameile.lt\\\/#organization\"},\"potentialAction\":[{\"@type\":\"SearchAction\",\"target\":{\"@type\":\"EntryPoint\",\"urlTemplate\":\"https:\\\/\\\/slaptameile.lt\\\/?s={search_term_string}\"},\"query-input\":{\"@type\":\"PropertyValueSpecification\",\"valueRequired\":true,\"valueName\":\"search_term_string\"}}],\"inLanguage\":\"en-US\"},{\"@type\":\"Organization\",\"@id\":\"https:\\\/\\\/slaptameile.lt\\\/#organization\",\"name\":\"Slapta Meil\u0117\",\"url\":\"https:\\\/\\\/slaptameile.lt\\\/\",\"logo\":{\"@type\":\"ImageObject\",\"inLanguage\":\"en-US\",\"@id\":\"https:\\\/\\\/slaptameile.lt\\\/#\\\/schema\\\/logo\\\/image\\\/\",\"url\":\"https:\\\/\\\/slaptameile.lt\\\/wp-content\\\/uploads\\\/2026\\\/04\\\/sm-logo.jpg\",\"contentUrl\":\"https:\\\/\\\/slaptameile.lt\\\/wp-content\\\/uploads\\\/2026\\\/04\\\/sm-logo.jpg\",\"width\":810,\"height\":380,\"caption\":\"Slapta Meil\u0117\"},\"image\":{\"@id\":\"https:\\\/\\\/slaptameile.lt\\\/#\\\/schema\\\/logo\\\/image\\\/\"},\"sameAs\":[\"https:\\\/\\\/www.facebook.com\\\/SlaptaMeileBarbora\",\"https:\\\/\\\/www.instagram.com\\\/slaptameile\",\"https:\\\/\\\/www.tiktok.com\\\/@slaptameile1\"]}]}<\/script>\n<!-- \/ Yoast SEO plugin. -->","yoast_head_json":{"title":"\u201eKaralien\u0117s perl\u0173 dubuo\u201c | 3 dyd\u017eiai | Perl\u0173 balta - Slapta Meil\u0117","robots":{"index":"index","follow":"follow","max-snippet":"max-snippet:-1","max-image-preview":"max-image-preview:large","max-video-preview":"max-video-preview:-1"},"canonical":"https:\/\/slaptameile.lt\/en\/preke\/karalienes-perlu-dubuo-3-dydziai-perlu-balta\/","og_locale":"en_US","og_type":"article","og_title":"\u201eKaralien\u0117s perl\u0173 dubuo\u201c | 3 dyd\u017eiai | Perl\u0173 balta - Slapta Meil\u0117","og_description":"Dubuo, kuris atrodo lyg Barbora Radvilait\u0117 b\u016bt\u0173 pad\u0117jusi j\u012f ant savo renesansinio stalo \u2013 apaug\u0119s perlais, baltas, \u0161vytintis ir tikrai per gra\u017eus tik bulv\u0117ms. Nors jei nori, pirmyn!  Meninink\u0117s Indr\u0117s (Mr. Bowl Ceramics) rank\u0173 darbo k\u016brinys i\u0161 baltos itali\u0161kos keramikos \u2013 kiekvienas dubuo \u0161iek tiek kitoks, tobulyb\u0117 neturi b\u016bti identi\u0161ka. \u012ekv\u0117ptas Barboros aistros perlams, \u0161is dubuo puikiai tinka kaip vestuvi\u0173 dovana jauniesiems, brand\u017eiam jubiliejui, \u012fkurtuv\u0117ms, kaip interjero skulpt\u016bra ar tylus parei\u0161kimas apie i\u0161lavint\u0105 skon\u012f  Naudok vaisiams, \u017evak\u0117ms, papuo\u0161alams ar tiesiog \u017ei\u016br\u0117k \u012f j\u012f ir jauskis truput\u012f kilmingesnis  Dyd\u017eiai S \u2013 17 cm (su perlais ~24 cm), auk\u0161tis ~8,5 cm M \u2013 25 cm (su perlais ~32 cm), auk\u0161tis ~11 cm L \u2013 33 cm (su perlais ~40 cm), auk\u0161tis ~15 cm  Kiekvienas dubuo \u2013 unikalus rank\u0173 darbo k\u016brinys. Jei planuoji didesn\u012f u\u017esakym\u0105 arba pristatymo terminas svarbus, susisiekite:\u00a0labas@slaptameile.lt\u00a0arba +37060955551  Sukurta ir pagaminta Lietuvoje","og_url":"https:\/\/slaptameile.lt\/en\/preke\/karalienes-perlu-dubuo-3-dydziai-perlu-balta\/","og_site_name":"Slapta Meil\u0117","article_publisher":"https:\/\/www.facebook.com\/SlaptaMeileBarbora","article_modified_time":"2026-04-21T05:45:37+00:00","og_image":[{"width":2400,"height":3000,"url":"https:\/\/slaptameile.lt\/wp-content\/uploads\/2024\/07\/Vilniaus_karalienes_perlu_dubuo_Baltas_M-1-of-9.jpg","type":"image\/jpeg"}],"twitter_card":"summary_large_image","twitter_misc":{"Est. reading time":"1 minute"},"schema":{"@context":"https:\/\/schema.org","@graph":[{"@type":"WebPage","@id":"https:\/\/slaptameile.lt\/preke\/karalienes-perlu-dubuo-3-dydziai-perlu-balta\/","url":"https:\/\/slaptameile.lt\/preke\/karalienes-perlu-dubuo-3-dydziai-perlu-balta\/","name":"\u201eKaralien\u0117s perl\u0173 dubuo\u201c | 3 dyd\u017eiai | Perl\u0173 balta - Slapta Meil\u0117","isPartOf":{"@id":"https:\/\/slaptameile.lt\/#website"},"primaryImageOfPage":{"@id":"https:\/\/slaptameile.lt\/preke\/karalienes-perlu-dubuo-3-dydziai-perlu-balta\/#primaryimage"},"image":{"@id":"https:\/\/slaptameile.lt\/preke\/karalienes-perlu-dubuo-3-dydziai-perlu-balta\/#primaryimage"},"thumbnailUrl":"https:\/\/slaptameile.lt\/wp-content\/uploads\/2024\/07\/Vilniaus_karalienes_perlu_dubuo_Baltas_M-1-of-9.jpg","datePublished":"2024-07-05T15:15:04+00:00","dateModified":"2026-04-21T05:45:37+00:00","breadcrumb":{"@id":"https:\/\/slaptameile.lt\/preke\/karalienes-perlu-dubuo-3-dydziai-perlu-balta\/#breadcrumb"},"inLanguage":"en-US","potentialAction":[{"@type":"ReadAction","target":["https:\/\/slaptameile.lt\/preke\/karalienes-perlu-dubuo-3-dydziai-perlu-balta\/"]}]},{"@type":"ImageObject","inLanguage":"en-US","@id":"https:\/\/slaptameile.lt\/preke\/karalienes-perlu-dubuo-3-dydziai-perlu-balta\/#primaryimage","url":"https:\/\/slaptameile.lt\/wp-content\/uploads\/2024\/07\/Vilniaus_karalienes_perlu_dubuo_Baltas_M-1-of-9.jpg","contentUrl":"https:\/\/slaptameile.lt\/wp-content\/uploads\/2024\/07\/Vilniaus_karalienes_perlu_dubuo_Baltas_M-1-of-9.jpg","width":2400,"height":3000},{"@type":"BreadcrumbList","@id":"https:\/\/slaptameile.lt\/preke\/karalienes-perlu-dubuo-3-dydziai-perlu-balta\/#breadcrumb","itemListElement":[{"@type":"ListItem","position":1,"name":"Home","item":"https:\/\/slaptameile.lt\/"},{"@type":"ListItem","position":2,"name":"Parduotuv\u0117","item":"https:\/\/slaptameile.lt\/parduotuve\/"},{"@type":"ListItem","position":3,"name":"\u201eKaralien\u0117s perl\u0173 dubuo\u201c | 3 dyd\u017eiai | Perl\u0173 balta"}]},{"@type":"WebSite","@id":"https:\/\/slaptameile.lt\/#website","url":"https:\/\/slaptameile.lt\/","name":"Secret Love","description":"","publisher":{"@id":"https:\/\/slaptameile.lt\/#organization"},"potentialAction":[{"@type":"SearchAction","target":{"@type":"EntryPoint","urlTemplate":"https:\/\/slaptameile.lt\/?s={search_term_string}"},"query-input":{"@type":"PropertyValueSpecification","valueRequired":true,"valueName":"search_term_string"}}],"inLanguage":"en-US"},{"@type":"Organization","@id":"https:\/\/slaptameile.lt\/#organization","name":"Secret Love","url":"https:\/\/slaptameile.lt\/","logo":{"@type":"ImageObject","inLanguage":"en-US","@id":"https:\/\/slaptameile.lt\/#\/schema\/logo\/image\/","url":"https:\/\/slaptameile.lt\/wp-content\/uploads\/2026\/04\/sm-logo.jpg","contentUrl":"https:\/\/slaptameile.lt\/wp-content\/uploads\/2026\/04\/sm-logo.jpg","width":810,"height":380,"caption":"Slapta Meil\u0117"},"image":{"@id":"https:\/\/slaptameile.lt\/#\/schema\/logo\/image\/"},"sameAs":["https:\/\/www.facebook.com\/SlaptaMeileBarbora","https:\/\/www.instagram.com\/slaptameile","https:\/\/www.tiktok.com\/@slaptameile1"]}]}},"_links":{"self":[{"href":"https:\/\/slaptameile.lt\/en\/wp-json\/wp\/v2\/product\/1303","targetHints":{"allow":["GET"]}}],"collection":[{"href":"https:\/\/slaptameile.lt\/en\/wp-json\/wp\/v2\/product"}],"about":[{"href":"https:\/\/slaptameile.lt\/en\/wp-json\/wp\/v2\/types\/product"}],"replies":[{"embeddable":true,"href":"https:\/\/slaptameile.lt\/en\/wp-json\/wp\/v2\/comments?post=1303"}],"wp:featuredmedia":[{"embeddable":true,"href":"https:\/\/slaptameile.lt\/en\/wp-json\/wp\/v2\/media\/2564"}],"wp:attachment":[{"href":"https:\/\/slaptameile.lt\/en\/wp-json\/wp\/v2\/media?parent=1303"}],"wp:term":[{"taxonomy":"partner","embeddable":true,"href":"https:\/\/slaptameile.lt\/en\/wp-json\/wp\/v2\/partner?post=1303"},{"taxonomy":"product_brand","embeddable":true,"href":"https:\/\/slaptameile.lt\/en\/wp-json\/wp\/v2\/product_brand?post=1303"},{"taxonomy":"product_cat","embeddable":true,"href":"https:\/\/slaptameile.lt\/en\/wp-json\/wp\/v2\/product_cat?post=1303"},{"taxonomy":"product_tag","embeddable":true,"href":"https:\/\/slaptameile.lt\/en\/wp-json\/wp\/v2\/product_tag?post=1303"}],"curies":[{"name":"wp","href":"https:\/\/api.w.org\/{rel}","templated":true}]}}