{"id":130,"date":"2024-08-25T06:00:03","date_gmt":"2024-08-25T03:00:03","guid":{"rendered":"https:\/\/slaptameile.lt\/?post_type=product&#038;p=130"},"modified":"2026-05-05T09:37:57","modified_gmt":"2026-05-05T06:37:57","slug":"karaliskos-vilniaus-meiles-istorijos-romantine-ekskursija-25-val","status":"publish","type":"product","link":"https:\/\/slaptameile.lt\/en\/preke\/karaliskos-vilniaus-meiles-istorijos-romantine-ekskursija-25-val\/","title":{"rendered":"Royal Vilnius Love Stories | Guided Tour"},"content":{"rendered":"<p>Where did the future Queen Barbora Radvilait\u0117 live? Where did she marry in secret? Where did she go on dates with Sigismund Augustus? During the tour, you will not only walk around the territory of the Lower Castle, get acquainted with the places where almost 500 years ago the most famous lovers of Lithuania, Sigismund Augustus and Barbora Radvilait\u0117, secretly met, married and lived through various stories, but you will also find out what life was like for the inhabitants of Vilnius at that time, You will see what they created and made for the future king, the Grand Duke of Lithuania Sigismund Augustus, what fabrics, precious stones, cosmetics were ordered and what the future queen Barbora Radvilait\u0117 liked, you will feel, smell and taste what the everyday life of Vilnius and the famous couple looked like. At the end of the tour, you will understand how the location of Barbora Radvilait\u0117's monument was secretly planned during the Soviet era, and you will crown her image with the most beautiful crown in Vilnius.<\/p>\n<p>On the excursion, you will see about 20 different places connected to this story, and you will also have the opportunity to sit down. One of the stories will be continued in one of the most romantic spots in the Old Town. During the excursion, you will learn about drinks whose recipes are based on the culinary history of the Palace of the Grand Dukes of Lithuania. Perhaps you will even get to taste them... In the textile artists\u201e boutique \u201cBalta balta\" (Pilies St. 32), located in Renaissance architectural premises, you will learn about the textiles of the Vilnius Renaissance era, discover what Barbora Radvilait\u0117 liked, what beauty products she used, what was made from them in Vilnius at the time, and what foreign and local merchants imported into the city.<\/p>\n<p><strong>Tour time<\/strong> <strong>Please select from the calendar below.<\/strong><\/p>\n<p><strong>Meeting place:<\/strong> Cathedral Square, \u0160ventaragio g. 2 (by the bronze historical model of the Lower Castle).<\/p>\n<p>Excursions take place regardless of weather conditions, so please choose appropriate footwear and clothing based on the weather expected during the excursion, and bring umbrellas or sun protection, etc. If you have purchased a ticket and realize you cannot attend, please arrange for the ticket to be transferred to another person.<\/p>\n<p>Once you have purchased your ticket, detailed information with all tour details will reach you on the eve of your chosen tour.<\/p>\n<p>Please also note that\u00a0<strong>We can organise these tours for you on a tailor-made basis (birthday party, group of friends, colleagues, etc.) and at a time to suit you<\/strong>. The maximum number of participants for such a tour is 20 people. We conduct tours in the following languages: Lithuanian, Polish, Russian, English, French, Spanish. We will arrange all of this and answer all your questions: labas@slaptameile.lt or +370 609 55551<\/p>","protected":false},"excerpt":{"rendered":"<p>Where did the future queen Barbara Radziwi\u0142\u0142 live? Where did she secretly marry Sigismund Augustus? Where did they go on dates?<\/p>\n<p>This excursion is a journey through a royal love story, accompanied by scents, flavors, and unexpected tales. You will visit places where, almost 500 years ago, the most famous lovers of Lithuania \u2013 \u017dygimantas Augustas and Barbora Radvilait\u0117 \u2013 met in secret.<\/p>","protected":false},"featured_media":1968,"comment_status":"open","ping_status":"closed","template":"","meta":{"_acf_changed":false},"partner":[],"product_brand":[],"product_cat":[21,17],"product_tag":[],"class_list":{"0":"post-130","1":"product","2":"type-product","3":"status-publish","4":"has-post-thumbnail","6":"product_cat-ekskursijos","7":"product_cat-keliones-laiku","9":"first","10":"instock","11":"taxable","12":"shipping-taxable","13":"purchasable","14":"product-type-variable"},"acf":[],"yoast_head":"<!-- This site is optimized with the Yoast SEO plugin v27.5 - https:\/\/yoast.com\/product\/yoast-seo-wordpress\/ -->\n<title>Karali\u0161kos Vilniaus meil\u0117s istorijos | Ekskursija su grupe - Slapta Meil\u0117<\/title>\n<meta name=\"robots\" content=\"index, follow, max-snippet:-1, max-image-preview:large, max-video-preview:-1\" \/>\n<link rel=\"canonical\" href=\"https:\/\/slaptameile.lt\/en\/preke\/karaliskos-vilniaus-meiles-istorijos-romantine-ekskursija-25-val\/\" \/>\n<meta property=\"og:locale\" content=\"en_US\" \/>\n<meta property=\"og:type\" content=\"article\" \/>\n<meta property=\"og:title\" content=\"Karali\u0161kos Vilniaus meil\u0117s istorijos | Ekskursija su grupe - Slapta Meil\u0117\" \/>\n<meta property=\"og:description\" content=\"Kur gyveno b\u016bsimoji karalien\u0117 Barbora Radvilait\u0117? Kur slapta susituok\u0117 su \u017dygimantu Augustu? Kur vaik\u0161\u010diojo \u012f pasimatymus?  \u0160i ekskursija \u2013 tai kelion\u0117 per karali\u0161k\u0105 meil\u0117s istorij\u0105, lydim\u0105 kvap\u0173, skoni\u0173 ir netik\u0117t\u0173 pasakojim\u0173. Aplankysite vietas, kur beveik prie\u0161 500 met\u0173 slapta susitikin\u0117jo garsiausi Lietuvos \u012fsimyl\u0117j\u0117liai \u2013 \u017dygimantas Augustas ir Barbora Radvilait\u0117.\" \/>\n<meta property=\"og:url\" content=\"https:\/\/slaptameile.lt\/en\/preke\/karaliskos-vilniaus-meiles-istorijos-romantine-ekskursija-25-val\/\" \/>\n<meta property=\"og:site_name\" content=\"Slapta Meil\u0117\" \/>\n<meta property=\"article:publisher\" content=\"https:\/\/www.facebook.com\/SlaptaMeileBarbora\" \/>\n<meta property=\"article:modified_time\" content=\"2026-05-05T06:37:57+00:00\" \/>\n<meta property=\"og:image\" content=\"https:\/\/slaptameile.lt\/wp-content\/uploads\/2024\/08\/SM-web-baneriai-3000-x-3000-px.zip-4.jpeg\" \/>\n\t<meta property=\"og:image:width\" content=\"3000\" \/>\n\t<meta property=\"og:image:height\" content=\"3000\" \/>\n\t<meta property=\"og:image:type\" content=\"image\/jpeg\" \/>\n<meta name=\"twitter:card\" content=\"summary_large_image\" \/>\n<meta name=\"twitter:label1\" content=\"Est. reading time\" \/>\n\t<meta name=\"twitter:data1\" content=\"2 minutes\" \/>\n<script type=\"application\/ld+json\" class=\"yoast-schema-graph\">{\"@context\":\"https:\\\/\\\/schema.org\",\"@graph\":[{\"@type\":\"WebPage\",\"@id\":\"https:\\\/\\\/slaptameile.lt\\\/preke\\\/karaliskos-vilniaus-meiles-istorijos-romantine-ekskursija-25-val\\\/\",\"url\":\"https:\\\/\\\/slaptameile.lt\\\/preke\\\/karaliskos-vilniaus-meiles-istorijos-romantine-ekskursija-25-val\\\/\",\"name\":\"Karali\u0161kos Vilniaus meil\u0117s istorijos | Ekskursija su grupe - Slapta Meil\u0117\",\"isPartOf\":{\"@id\":\"https:\\\/\\\/slaptameile.lt\\\/#website\"},\"primaryImageOfPage\":{\"@id\":\"https:\\\/\\\/slaptameile.lt\\\/preke\\\/karaliskos-vilniaus-meiles-istorijos-romantine-ekskursija-25-val\\\/#primaryimage\"},\"image\":{\"@id\":\"https:\\\/\\\/slaptameile.lt\\\/preke\\\/karaliskos-vilniaus-meiles-istorijos-romantine-ekskursija-25-val\\\/#primaryimage\"},\"thumbnailUrl\":\"https:\\\/\\\/slaptameile.lt\\\/wp-content\\\/uploads\\\/2024\\\/08\\\/SM-web-baneriai-3000-x-3000-px.zip-4.jpeg\",\"datePublished\":\"2024-08-25T03:00:03+00:00\",\"dateModified\":\"2026-05-05T06:37:57+00:00\",\"breadcrumb\":{\"@id\":\"https:\\\/\\\/slaptameile.lt\\\/preke\\\/karaliskos-vilniaus-meiles-istorijos-romantine-ekskursija-25-val\\\/#breadcrumb\"},\"inLanguage\":\"en-US\",\"potentialAction\":[{\"@type\":\"ReadAction\",\"target\":[\"https:\\\/\\\/slaptameile.lt\\\/preke\\\/karaliskos-vilniaus-meiles-istorijos-romantine-ekskursija-25-val\\\/\"]}]},{\"@type\":\"ImageObject\",\"inLanguage\":\"en-US\",\"@id\":\"https:\\\/\\\/slaptameile.lt\\\/preke\\\/karaliskos-vilniaus-meiles-istorijos-romantine-ekskursija-25-val\\\/#primaryimage\",\"url\":\"https:\\\/\\\/slaptameile.lt\\\/wp-content\\\/uploads\\\/2024\\\/08\\\/SM-web-baneriai-3000-x-3000-px.zip-4.jpeg\",\"contentUrl\":\"https:\\\/\\\/slaptameile.lt\\\/wp-content\\\/uploads\\\/2024\\\/08\\\/SM-web-baneriai-3000-x-3000-px.zip-4.jpeg\",\"width\":3000,\"height\":3000},{\"@type\":\"BreadcrumbList\",\"@id\":\"https:\\\/\\\/slaptameile.lt\\\/preke\\\/karaliskos-vilniaus-meiles-istorijos-romantine-ekskursija-25-val\\\/#breadcrumb\",\"itemListElement\":[{\"@type\":\"ListItem\",\"position\":1,\"name\":\"Home\",\"item\":\"https:\\\/\\\/slaptameile.lt\\\/\"},{\"@type\":\"ListItem\",\"position\":2,\"name\":\"Parduotuv\u0117\",\"item\":\"https:\\\/\\\/slaptameile.lt\\\/parduotuve\\\/\"},{\"@type\":\"ListItem\",\"position\":3,\"name\":\"Karali\u0161kos Vilniaus meil\u0117s istorijos | Ekskursija su grupe\"}]},{\"@type\":\"WebSite\",\"@id\":\"https:\\\/\\\/slaptameile.lt\\\/#website\",\"url\":\"https:\\\/\\\/slaptameile.lt\\\/\",\"name\":\"Slapta Meil\u0117\",\"description\":\"\",\"publisher\":{\"@id\":\"https:\\\/\\\/slaptameile.lt\\\/#organization\"},\"potentialAction\":[{\"@type\":\"SearchAction\",\"target\":{\"@type\":\"EntryPoint\",\"urlTemplate\":\"https:\\\/\\\/slaptameile.lt\\\/?s={search_term_string}\"},\"query-input\":{\"@type\":\"PropertyValueSpecification\",\"valueRequired\":true,\"valueName\":\"search_term_string\"}}],\"inLanguage\":\"en-US\"},{\"@type\":\"Organization\",\"@id\":\"https:\\\/\\\/slaptameile.lt\\\/#organization\",\"name\":\"Slapta Meil\u0117\",\"url\":\"https:\\\/\\\/slaptameile.lt\\\/\",\"logo\":{\"@type\":\"ImageObject\",\"inLanguage\":\"en-US\",\"@id\":\"https:\\\/\\\/slaptameile.lt\\\/#\\\/schema\\\/logo\\\/image\\\/\",\"url\":\"https:\\\/\\\/slaptameile.lt\\\/wp-content\\\/uploads\\\/2026\\\/04\\\/sm-logo.jpg\",\"contentUrl\":\"https:\\\/\\\/slaptameile.lt\\\/wp-content\\\/uploads\\\/2026\\\/04\\\/sm-logo.jpg\",\"width\":810,\"height\":380,\"caption\":\"Slapta Meil\u0117\"},\"image\":{\"@id\":\"https:\\\/\\\/slaptameile.lt\\\/#\\\/schema\\\/logo\\\/image\\\/\"},\"sameAs\":[\"https:\\\/\\\/www.facebook.com\\\/SlaptaMeileBarbora\",\"https:\\\/\\\/www.instagram.com\\\/slaptameile\",\"https:\\\/\\\/www.tiktok.com\\\/@slaptameile1\"]}]}<\/script>\n<!-- \/ Yoast SEO plugin. -->","yoast_head_json":{"title":"Karali\u0161kos Vilniaus meil\u0117s istorijos | Ekskursija su grupe - Slapta Meil\u0117","robots":{"index":"index","follow":"follow","max-snippet":"max-snippet:-1","max-image-preview":"max-image-preview:large","max-video-preview":"max-video-preview:-1"},"canonical":"https:\/\/slaptameile.lt\/en\/preke\/karaliskos-vilniaus-meiles-istorijos-romantine-ekskursija-25-val\/","og_locale":"en_US","og_type":"article","og_title":"Karali\u0161kos Vilniaus meil\u0117s istorijos | Ekskursija su grupe - Slapta Meil\u0117","og_description":"Kur gyveno b\u016bsimoji karalien\u0117 Barbora Radvilait\u0117? Kur slapta susituok\u0117 su \u017dygimantu Augustu? Kur vaik\u0161\u010diojo \u012f pasimatymus?  \u0160i ekskursija \u2013 tai kelion\u0117 per karali\u0161k\u0105 meil\u0117s istorij\u0105, lydim\u0105 kvap\u0173, skoni\u0173 ir netik\u0117t\u0173 pasakojim\u0173. Aplankysite vietas, kur beveik prie\u0161 500 met\u0173 slapta susitikin\u0117jo garsiausi Lietuvos \u012fsimyl\u0117j\u0117liai \u2013 \u017dygimantas Augustas ir Barbora Radvilait\u0117.","og_url":"https:\/\/slaptameile.lt\/en\/preke\/karaliskos-vilniaus-meiles-istorijos-romantine-ekskursija-25-val\/","og_site_name":"Slapta Meil\u0117","article_publisher":"https:\/\/www.facebook.com\/SlaptaMeileBarbora","article_modified_time":"2026-05-05T06:37:57+00:00","og_image":[{"width":3000,"height":3000,"url":"https:\/\/slaptameile.lt\/wp-content\/uploads\/2024\/08\/SM-web-baneriai-3000-x-3000-px.zip-4.jpeg","type":"image\/jpeg"}],"twitter_card":"summary_large_image","twitter_misc":{"Est. reading time":"2 minutes"},"schema":{"@context":"https:\/\/schema.org","@graph":[{"@type":"WebPage","@id":"https:\/\/slaptameile.lt\/preke\/karaliskos-vilniaus-meiles-istorijos-romantine-ekskursija-25-val\/","url":"https:\/\/slaptameile.lt\/preke\/karaliskos-vilniaus-meiles-istorijos-romantine-ekskursija-25-val\/","name":"Karali\u0161kos Vilniaus meil\u0117s istorijos | Ekskursija su grupe - Slapta Meil\u0117","isPartOf":{"@id":"https:\/\/slaptameile.lt\/#website"},"primaryImageOfPage":{"@id":"https:\/\/slaptameile.lt\/preke\/karaliskos-vilniaus-meiles-istorijos-romantine-ekskursija-25-val\/#primaryimage"},"image":{"@id":"https:\/\/slaptameile.lt\/preke\/karaliskos-vilniaus-meiles-istorijos-romantine-ekskursija-25-val\/#primaryimage"},"thumbnailUrl":"https:\/\/slaptameile.lt\/wp-content\/uploads\/2024\/08\/SM-web-baneriai-3000-x-3000-px.zip-4.jpeg","datePublished":"2024-08-25T03:00:03+00:00","dateModified":"2026-05-05T06:37:57+00:00","breadcrumb":{"@id":"https:\/\/slaptameile.lt\/preke\/karaliskos-vilniaus-meiles-istorijos-romantine-ekskursija-25-val\/#breadcrumb"},"inLanguage":"en-US","potentialAction":[{"@type":"ReadAction","target":["https:\/\/slaptameile.lt\/preke\/karaliskos-vilniaus-meiles-istorijos-romantine-ekskursija-25-val\/"]}]},{"@type":"ImageObject","inLanguage":"en-US","@id":"https:\/\/slaptameile.lt\/preke\/karaliskos-vilniaus-meiles-istorijos-romantine-ekskursija-25-val\/#primaryimage","url":"https:\/\/slaptameile.lt\/wp-content\/uploads\/2024\/08\/SM-web-baneriai-3000-x-3000-px.zip-4.jpeg","contentUrl":"https:\/\/slaptameile.lt\/wp-content\/uploads\/2024\/08\/SM-web-baneriai-3000-x-3000-px.zip-4.jpeg","width":3000,"height":3000},{"@type":"BreadcrumbList","@id":"https:\/\/slaptameile.lt\/preke\/karaliskos-vilniaus-meiles-istorijos-romantine-ekskursija-25-val\/#breadcrumb","itemListElement":[{"@type":"ListItem","position":1,"name":"Home","item":"https:\/\/slaptameile.lt\/"},{"@type":"ListItem","position":2,"name":"Parduotuv\u0117","item":"https:\/\/slaptameile.lt\/parduotuve\/"},{"@type":"ListItem","position":3,"name":"Karali\u0161kos Vilniaus meil\u0117s istorijos | Ekskursija su grupe"}]},{"@type":"WebSite","@id":"https:\/\/slaptameile.lt\/#website","url":"https:\/\/slaptameile.lt\/","name":"Secret Love","description":"","publisher":{"@id":"https:\/\/slaptameile.lt\/#organization"},"potentialAction":[{"@type":"SearchAction","target":{"@type":"EntryPoint","urlTemplate":"https:\/\/slaptameile.lt\/?s={search_term_string}"},"query-input":{"@type":"PropertyValueSpecification","valueRequired":true,"valueName":"search_term_string"}}],"inLanguage":"en-US"},{"@type":"Organization","@id":"https:\/\/slaptameile.lt\/#organization","name":"Secret Love","url":"https:\/\/slaptameile.lt\/","logo":{"@type":"ImageObject","inLanguage":"en-US","@id":"https:\/\/slaptameile.lt\/#\/schema\/logo\/image\/","url":"https:\/\/slaptameile.lt\/wp-content\/uploads\/2026\/04\/sm-logo.jpg","contentUrl":"https:\/\/slaptameile.lt\/wp-content\/uploads\/2026\/04\/sm-logo.jpg","width":810,"height":380,"caption":"Slapta Meil\u0117"},"image":{"@id":"https:\/\/slaptameile.lt\/#\/schema\/logo\/image\/"},"sameAs":["https:\/\/www.facebook.com\/SlaptaMeileBarbora","https:\/\/www.instagram.com\/slaptameile","https:\/\/www.tiktok.com\/@slaptameile1"]}]}},"_links":{"self":[{"href":"https:\/\/slaptameile.lt\/en\/wp-json\/wp\/v2\/product\/130","targetHints":{"allow":["GET"]}}],"collection":[{"href":"https:\/\/slaptameile.lt\/en\/wp-json\/wp\/v2\/product"}],"about":[{"href":"https:\/\/slaptameile.lt\/en\/wp-json\/wp\/v2\/types\/product"}],"replies":[{"embeddable":true,"href":"https:\/\/slaptameile.lt\/en\/wp-json\/wp\/v2\/comments?post=130"}],"wp:featuredmedia":[{"embeddable":true,"href":"https:\/\/slaptameile.lt\/en\/wp-json\/wp\/v2\/media\/1968"}],"wp:attachment":[{"href":"https:\/\/slaptameile.lt\/en\/wp-json\/wp\/v2\/media?parent=130"}],"wp:term":[{"taxonomy":"partner","embeddable":true,"href":"https:\/\/slaptameile.lt\/en\/wp-json\/wp\/v2\/partner?post=130"},{"taxonomy":"product_brand","embeddable":true,"href":"https:\/\/slaptameile.lt\/en\/wp-json\/wp\/v2\/product_brand?post=130"},{"taxonomy":"product_cat","embeddable":true,"href":"https:\/\/slaptameile.lt\/en\/wp-json\/wp\/v2\/product_cat?post=130"},{"taxonomy":"product_tag","embeddable":true,"href":"https:\/\/slaptameile.lt\/en\/wp-json\/wp\/v2\/product_tag?post=130"}],"curies":[{"name":"wp","href":"https:\/\/api.w.org\/{rel}","templated":true}]}}