{"id":1277,"date":"2024-07-05T18:50:05","date_gmt":"2024-07-05T15:50:05","guid":{"rendered":"https:\/\/slaptameile.lt\/?post_type=product&#038;p=1277"},"modified":"2026-04-21T08:44:54","modified_gmt":"2026-04-21T05:44:54","slug":"karaliu-dubuo-ant-kojeles","status":"publish","type":"product","link":"https:\/\/slaptameile.lt\/en\/preke\/karaliu-dubuo-ant-kojeles\/","title":{"rendered":"The kings' bowl on a leg"},"content":{"rendered":"<p>Dubuo, kuris stov\u0117damas ant kojel\u0117s \u017eino savo vert\u0119. Nes tai parei\u0161kimas.\u00a0Rank\u0173 darbo keramika i\u0161 Lietuvos, kuri tarsi sako: \u201eman nereikia gobeleno fone, kad atrody\u010diau kaip meno k\u016brinys\u201c.<\/p>\n<p>Sukurtas meninink\u0117s Indr\u0117s i\u0161\u00a0Mr. Bowl Ceramics, bendradarbiaujant su\u00a0SLAPTA MEIL\u0116, \u0161is dubuo i\u0161 juodosios keramikos su vidine\u00a0apelsino glaz\u016bra\u00a0\u2013\u00a0istorin\u0117 dovana, kuri net ir be renesansini\u0173 puot\u0173 atrodo oriai. Tarsi Barboros suknel\u0117, jei ji \u0161iandien rinkt\u0173si architekt\u016brin\u012f minimalizm\u0105 vietoje \u0161ilko.<\/p>\n<p>Tinka viskam, k\u0105 norite i\u0161kelti auk\u0161\u010diau\u00a0\u2013 vaisiams, sausainiams, papuo\u0161alams, ar tiesiog savo pa\u010di\u0173 estetinei savigarbai.<\/p>\n<p>Dubens savyb\u0117s<br \/>\nSkersmuo apie 25 cm, auk\u0161tis apie 17\u201318 cm<br \/>\nGalimas iki 1 cm skirtumas d\u0117l\u00a0autenti\u0161ko rank\u0173 darbo<br \/>\nUnikali forma ir glaz\u016bros atspalviai d\u0117l degimo proceso<\/p>\n<p>Made and manufactured in Lithuania<\/p>","protected":false},"excerpt":{"rendered":"<p>Dubuo, kuris stov\u0117damas ant kojel\u0117s \u017eino savo vert\u0119. Nes tai parei\u0161kimas.\u00a0Rank\u0173 darbo keramika i\u0161 Lietuvos, kuri tarsi sako: \u201eman nereikia gobeleno fone, kad atrody\u010diau kaip meno k\u016brinys\u201c.<\/p>\n<p>Sukurtas meninink\u0117s Indr\u0117s i\u0161\u00a0Mr. Bowl Ceramics, bendradarbiaujant su\u00a0SLAPTA MEIL\u0116, \u0161is dubuo i\u0161 juodosios keramikos su vidine\u00a0apelsino glaz\u016bra\u00a0\u2013\u00a0istorin\u0117 dovana, kuri net ir be renesansini\u0173 puot\u0173 atrodo oriai. Tarsi Barboros suknel\u0117, jei ji \u0161iandien rinkt\u0173si architekt\u016brin\u012f minimalizm\u0105 vietoje \u0161ilko.<\/p>\n<p>Tinka viskam, k\u0105 norite i\u0161kelti auk\u0161\u010diau\u00a0\u2013 vaisiams, sausainiams, papuo\u0161alams, ar tiesiog savo pa\u010di\u0173 estetinei savigarbai.<\/p>\n<p>Dubens savyb\u0117s<br \/>\nSkersmuo apie 25 cm, auk\u0161tis apie 17\u201318 cm<br \/>\nGalimas iki 1 cm skirtumas d\u0117l\u00a0autenti\u0161ko rank\u0173 darbo<br \/>\nUnikali forma ir glaz\u016bros atspalviai d\u0117l degimo proceso<\/p>\n<p>Made and manufactured in Lithuania<\/p>","protected":false},"featured_media":2210,"comment_status":"open","ping_status":"closed","template":"","meta":{"_acf_changed":false},"partner":[82],"product_brand":[],"product_cat":[18,27],"product_tag":[],"class_list":{"0":"post-1277","1":"product","2":"type-product","3":"status-publish","4":"has-post-thumbnail","6":"partner-mr-bowl-ceramics","7":"product_cat-karaliskoji-kolekcija","8":"product_cat-namu-didybei","10":"first","11":"instock","12":"taxable","13":"shipping-taxable","14":"purchasable","15":"product-type-simple"},"acf":[],"yoast_head":"<!-- This site is optimized with the Yoast SEO plugin v27.5 - https:\/\/yoast.com\/product\/yoast-seo-wordpress\/ -->\n<title>Karali\u0173 dubuo ant kojel\u0117s - Slapta Meil\u0117<\/title>\n<meta name=\"robots\" content=\"index, follow, max-snippet:-1, max-image-preview:large, max-video-preview:-1\" \/>\n<link rel=\"canonical\" href=\"https:\/\/slaptameile.lt\/en\/preke\/karaliu-dubuo-ant-kojeles\/\" \/>\n<meta property=\"og:locale\" content=\"en_US\" \/>\n<meta property=\"og:type\" content=\"article\" \/>\n<meta property=\"og:title\" content=\"Karali\u0173 dubuo ant kojel\u0117s - Slapta Meil\u0117\" \/>\n<meta property=\"og:description\" content=\"Dubuo, kuris stov\u0117damas ant kojel\u0117s \u017eino savo vert\u0119. Nes tai parei\u0161kimas.\u00a0Rank\u0173 darbo keramika i\u0161 Lietuvos, kuri tarsi sako: \u201eman nereikia gobeleno fone, kad atrody\u010diau kaip meno k\u016brinys\u201c.  Sukurtas meninink\u0117s Indr\u0117s i\u0161\u00a0Mr. Bowl Ceramics, bendradarbiaujant su\u00a0SLAPTA MEIL\u0116, \u0161is dubuo i\u0161 juodosios keramikos su vidine\u00a0apelsino glaz\u016bra\u00a0\u2013\u00a0istorin\u0117 dovana, kuri net ir be renesansini\u0173 puot\u0173 atrodo oriai. Tarsi Barboros suknel\u0117, jei ji \u0161iandien rinkt\u0173si architekt\u016brin\u012f minimalizm\u0105 vietoje \u0161ilko.  Tinka viskam, k\u0105 norite i\u0161kelti auk\u0161\u010diau\u00a0\u2013 vaisiams, sausainiams, papuo\u0161alams, ar tiesiog savo pa\u010di\u0173 estetinei savigarbai.  Dubens savyb\u0117s Skersmuo apie 25 cm, auk\u0161tis apie 17\u201318 cm Galimas iki 1 cm skirtumas d\u0117l\u00a0autenti\u0161ko rank\u0173 darbo Unikali forma ir glaz\u016bros atspalviai d\u0117l degimo proceso  Sukurta ir pagaminta Lietuvoje\" \/>\n<meta property=\"og:url\" content=\"https:\/\/slaptameile.lt\/en\/preke\/karaliu-dubuo-ant-kojeles\/\" \/>\n<meta property=\"og:site_name\" content=\"Slapta Meil\u0117\" \/>\n<meta property=\"article:publisher\" content=\"https:\/\/www.facebook.com\/SlaptaMeileBarbora\" \/>\n<meta property=\"article:modified_time\" content=\"2026-04-21T05:44:54+00:00\" \/>\n<meta property=\"og:image\" content=\"https:\/\/slaptameile.lt\/wp-content\/uploads\/2024\/07\/Mr.-Bowl-Ceramics-Dubuo-01.jpg\" \/>\n\t<meta property=\"og:image:width\" content=\"2250\" \/>\n\t<meta property=\"og:image:height\" content=\"3000\" \/>\n\t<meta property=\"og:image:type\" content=\"image\/jpeg\" \/>\n<meta name=\"twitter:card\" content=\"summary_large_image\" \/>\n<meta name=\"twitter:label1\" content=\"Est. reading time\" \/>\n\t<meta name=\"twitter:data1\" content=\"1 minute\" \/>\n<script type=\"application\/ld+json\" class=\"yoast-schema-graph\">{\"@context\":\"https:\\\/\\\/schema.org\",\"@graph\":[{\"@type\":\"WebPage\",\"@id\":\"https:\\\/\\\/slaptameile.lt\\\/preke\\\/karaliu-dubuo-ant-kojeles\\\/\",\"url\":\"https:\\\/\\\/slaptameile.lt\\\/preke\\\/karaliu-dubuo-ant-kojeles\\\/\",\"name\":\"Karali\u0173 dubuo ant kojel\u0117s - Slapta Meil\u0117\",\"isPartOf\":{\"@id\":\"https:\\\/\\\/slaptameile.lt\\\/#website\"},\"primaryImageOfPage\":{\"@id\":\"https:\\\/\\\/slaptameile.lt\\\/preke\\\/karaliu-dubuo-ant-kojeles\\\/#primaryimage\"},\"image\":{\"@id\":\"https:\\\/\\\/slaptameile.lt\\\/preke\\\/karaliu-dubuo-ant-kojeles\\\/#primaryimage\"},\"thumbnailUrl\":\"https:\\\/\\\/slaptameile.lt\\\/wp-content\\\/uploads\\\/2024\\\/07\\\/Mr.-Bowl-Ceramics-Dubuo-01.jpg\",\"datePublished\":\"2024-07-05T15:50:05+00:00\",\"dateModified\":\"2026-04-21T05:44:54+00:00\",\"breadcrumb\":{\"@id\":\"https:\\\/\\\/slaptameile.lt\\\/preke\\\/karaliu-dubuo-ant-kojeles\\\/#breadcrumb\"},\"inLanguage\":\"en-US\",\"potentialAction\":[{\"@type\":\"ReadAction\",\"target\":[\"https:\\\/\\\/slaptameile.lt\\\/preke\\\/karaliu-dubuo-ant-kojeles\\\/\"]}]},{\"@type\":\"ImageObject\",\"inLanguage\":\"en-US\",\"@id\":\"https:\\\/\\\/slaptameile.lt\\\/preke\\\/karaliu-dubuo-ant-kojeles\\\/#primaryimage\",\"url\":\"https:\\\/\\\/slaptameile.lt\\\/wp-content\\\/uploads\\\/2024\\\/07\\\/Mr.-Bowl-Ceramics-Dubuo-01.jpg\",\"contentUrl\":\"https:\\\/\\\/slaptameile.lt\\\/wp-content\\\/uploads\\\/2024\\\/07\\\/Mr.-Bowl-Ceramics-Dubuo-01.jpg\",\"width\":2250,\"height\":3000},{\"@type\":\"BreadcrumbList\",\"@id\":\"https:\\\/\\\/slaptameile.lt\\\/preke\\\/karaliu-dubuo-ant-kojeles\\\/#breadcrumb\",\"itemListElement\":[{\"@type\":\"ListItem\",\"position\":1,\"name\":\"Home\",\"item\":\"https:\\\/\\\/slaptameile.lt\\\/\"},{\"@type\":\"ListItem\",\"position\":2,\"name\":\"Parduotuv\u0117\",\"item\":\"https:\\\/\\\/slaptameile.lt\\\/parduotuve\\\/\"},{\"@type\":\"ListItem\",\"position\":3,\"name\":\"Karali\u0173 dubuo ant kojel\u0117s\"}]},{\"@type\":\"WebSite\",\"@id\":\"https:\\\/\\\/slaptameile.lt\\\/#website\",\"url\":\"https:\\\/\\\/slaptameile.lt\\\/\",\"name\":\"Slapta Meil\u0117\",\"description\":\"\",\"publisher\":{\"@id\":\"https:\\\/\\\/slaptameile.lt\\\/#organization\"},\"potentialAction\":[{\"@type\":\"SearchAction\",\"target\":{\"@type\":\"EntryPoint\",\"urlTemplate\":\"https:\\\/\\\/slaptameile.lt\\\/?s={search_term_string}\"},\"query-input\":{\"@type\":\"PropertyValueSpecification\",\"valueRequired\":true,\"valueName\":\"search_term_string\"}}],\"inLanguage\":\"en-US\"},{\"@type\":\"Organization\",\"@id\":\"https:\\\/\\\/slaptameile.lt\\\/#organization\",\"name\":\"Slapta Meil\u0117\",\"url\":\"https:\\\/\\\/slaptameile.lt\\\/\",\"logo\":{\"@type\":\"ImageObject\",\"inLanguage\":\"en-US\",\"@id\":\"https:\\\/\\\/slaptameile.lt\\\/#\\\/schema\\\/logo\\\/image\\\/\",\"url\":\"https:\\\/\\\/slaptameile.lt\\\/wp-content\\\/uploads\\\/2026\\\/04\\\/sm-logo.jpg\",\"contentUrl\":\"https:\\\/\\\/slaptameile.lt\\\/wp-content\\\/uploads\\\/2026\\\/04\\\/sm-logo.jpg\",\"width\":810,\"height\":380,\"caption\":\"Slapta Meil\u0117\"},\"image\":{\"@id\":\"https:\\\/\\\/slaptameile.lt\\\/#\\\/schema\\\/logo\\\/image\\\/\"},\"sameAs\":[\"https:\\\/\\\/www.facebook.com\\\/SlaptaMeileBarbora\",\"https:\\\/\\\/www.instagram.com\\\/slaptameile\",\"https:\\\/\\\/www.tiktok.com\\\/@slaptameile1\"]}]}<\/script>\n<!-- \/ Yoast SEO plugin. -->","yoast_head_json":{"title":"Karali\u0173 dubuo ant kojel\u0117s - Slapta Meil\u0117","robots":{"index":"index","follow":"follow","max-snippet":"max-snippet:-1","max-image-preview":"max-image-preview:large","max-video-preview":"max-video-preview:-1"},"canonical":"https:\/\/slaptameile.lt\/en\/preke\/karaliu-dubuo-ant-kojeles\/","og_locale":"en_US","og_type":"article","og_title":"Karali\u0173 dubuo ant kojel\u0117s - Slapta Meil\u0117","og_description":"Dubuo, kuris stov\u0117damas ant kojel\u0117s \u017eino savo vert\u0119. Nes tai parei\u0161kimas.\u00a0Rank\u0173 darbo keramika i\u0161 Lietuvos, kuri tarsi sako: \u201eman nereikia gobeleno fone, kad atrody\u010diau kaip meno k\u016brinys\u201c.  Sukurtas meninink\u0117s Indr\u0117s i\u0161\u00a0Mr. Bowl Ceramics, bendradarbiaujant su\u00a0SLAPTA MEIL\u0116, \u0161is dubuo i\u0161 juodosios keramikos su vidine\u00a0apelsino glaz\u016bra\u00a0\u2013\u00a0istorin\u0117 dovana, kuri net ir be renesansini\u0173 puot\u0173 atrodo oriai. Tarsi Barboros suknel\u0117, jei ji \u0161iandien rinkt\u0173si architekt\u016brin\u012f minimalizm\u0105 vietoje \u0161ilko.  Tinka viskam, k\u0105 norite i\u0161kelti auk\u0161\u010diau\u00a0\u2013 vaisiams, sausainiams, papuo\u0161alams, ar tiesiog savo pa\u010di\u0173 estetinei savigarbai.  Dubens savyb\u0117s Skersmuo apie 25 cm, auk\u0161tis apie 17\u201318 cm Galimas iki 1 cm skirtumas d\u0117l\u00a0autenti\u0161ko rank\u0173 darbo Unikali forma ir glaz\u016bros atspalviai d\u0117l degimo proceso  Sukurta ir pagaminta Lietuvoje","og_url":"https:\/\/slaptameile.lt\/en\/preke\/karaliu-dubuo-ant-kojeles\/","og_site_name":"Slapta Meil\u0117","article_publisher":"https:\/\/www.facebook.com\/SlaptaMeileBarbora","article_modified_time":"2026-04-21T05:44:54+00:00","og_image":[{"width":2250,"height":3000,"url":"https:\/\/slaptameile.lt\/wp-content\/uploads\/2024\/07\/Mr.-Bowl-Ceramics-Dubuo-01.jpg","type":"image\/jpeg"}],"twitter_card":"summary_large_image","twitter_misc":{"Est. reading time":"1 minute"},"schema":{"@context":"https:\/\/schema.org","@graph":[{"@type":"WebPage","@id":"https:\/\/slaptameile.lt\/preke\/karaliu-dubuo-ant-kojeles\/","url":"https:\/\/slaptameile.lt\/preke\/karaliu-dubuo-ant-kojeles\/","name":"Karali\u0173 dubuo ant kojel\u0117s - Slapta Meil\u0117","isPartOf":{"@id":"https:\/\/slaptameile.lt\/#website"},"primaryImageOfPage":{"@id":"https:\/\/slaptameile.lt\/preke\/karaliu-dubuo-ant-kojeles\/#primaryimage"},"image":{"@id":"https:\/\/slaptameile.lt\/preke\/karaliu-dubuo-ant-kojeles\/#primaryimage"},"thumbnailUrl":"https:\/\/slaptameile.lt\/wp-content\/uploads\/2024\/07\/Mr.-Bowl-Ceramics-Dubuo-01.jpg","datePublished":"2024-07-05T15:50:05+00:00","dateModified":"2026-04-21T05:44:54+00:00","breadcrumb":{"@id":"https:\/\/slaptameile.lt\/preke\/karaliu-dubuo-ant-kojeles\/#breadcrumb"},"inLanguage":"en-US","potentialAction":[{"@type":"ReadAction","target":["https:\/\/slaptameile.lt\/preke\/karaliu-dubuo-ant-kojeles\/"]}]},{"@type":"ImageObject","inLanguage":"en-US","@id":"https:\/\/slaptameile.lt\/preke\/karaliu-dubuo-ant-kojeles\/#primaryimage","url":"https:\/\/slaptameile.lt\/wp-content\/uploads\/2024\/07\/Mr.-Bowl-Ceramics-Dubuo-01.jpg","contentUrl":"https:\/\/slaptameile.lt\/wp-content\/uploads\/2024\/07\/Mr.-Bowl-Ceramics-Dubuo-01.jpg","width":2250,"height":3000},{"@type":"BreadcrumbList","@id":"https:\/\/slaptameile.lt\/preke\/karaliu-dubuo-ant-kojeles\/#breadcrumb","itemListElement":[{"@type":"ListItem","position":1,"name":"Home","item":"https:\/\/slaptameile.lt\/"},{"@type":"ListItem","position":2,"name":"Parduotuv\u0117","item":"https:\/\/slaptameile.lt\/parduotuve\/"},{"@type":"ListItem","position":3,"name":"Karali\u0173 dubuo ant kojel\u0117s"}]},{"@type":"WebSite","@id":"https:\/\/slaptameile.lt\/#website","url":"https:\/\/slaptameile.lt\/","name":"Secret Love","description":"","publisher":{"@id":"https:\/\/slaptameile.lt\/#organization"},"potentialAction":[{"@type":"SearchAction","target":{"@type":"EntryPoint","urlTemplate":"https:\/\/slaptameile.lt\/?s={search_term_string}"},"query-input":{"@type":"PropertyValueSpecification","valueRequired":true,"valueName":"search_term_string"}}],"inLanguage":"en-US"},{"@type":"Organization","@id":"https:\/\/slaptameile.lt\/#organization","name":"Secret Love","url":"https:\/\/slaptameile.lt\/","logo":{"@type":"ImageObject","inLanguage":"en-US","@id":"https:\/\/slaptameile.lt\/#\/schema\/logo\/image\/","url":"https:\/\/slaptameile.lt\/wp-content\/uploads\/2026\/04\/sm-logo.jpg","contentUrl":"https:\/\/slaptameile.lt\/wp-content\/uploads\/2026\/04\/sm-logo.jpg","width":810,"height":380,"caption":"Slapta Meil\u0117"},"image":{"@id":"https:\/\/slaptameile.lt\/#\/schema\/logo\/image\/"},"sameAs":["https:\/\/www.facebook.com\/SlaptaMeileBarbora","https:\/\/www.instagram.com\/slaptameile","https:\/\/www.tiktok.com\/@slaptameile1"]}]}},"_links":{"self":[{"href":"https:\/\/slaptameile.lt\/en\/wp-json\/wp\/v2\/product\/1277","targetHints":{"allow":["GET"]}}],"collection":[{"href":"https:\/\/slaptameile.lt\/en\/wp-json\/wp\/v2\/product"}],"about":[{"href":"https:\/\/slaptameile.lt\/en\/wp-json\/wp\/v2\/types\/product"}],"replies":[{"embeddable":true,"href":"https:\/\/slaptameile.lt\/en\/wp-json\/wp\/v2\/comments?post=1277"}],"wp:featuredmedia":[{"embeddable":true,"href":"https:\/\/slaptameile.lt\/en\/wp-json\/wp\/v2\/media\/2210"}],"wp:attachment":[{"href":"https:\/\/slaptameile.lt\/en\/wp-json\/wp\/v2\/media?parent=1277"}],"wp:term":[{"taxonomy":"partner","embeddable":true,"href":"https:\/\/slaptameile.lt\/en\/wp-json\/wp\/v2\/partner?post=1277"},{"taxonomy":"product_brand","embeddable":true,"href":"https:\/\/slaptameile.lt\/en\/wp-json\/wp\/v2\/product_brand?post=1277"},{"taxonomy":"product_cat","embeddable":true,"href":"https:\/\/slaptameile.lt\/en\/wp-json\/wp\/v2\/product_cat?post=1277"},{"taxonomy":"product_tag","embeddable":true,"href":"https:\/\/slaptameile.lt\/en\/wp-json\/wp\/v2\/product_tag?post=1277"}],"curies":[{"name":"wp","href":"https:\/\/api.w.org\/{rel}","templated":true}]}}