{"id":1234,"date":"2024-07-26T10:25:33","date_gmt":"2024-07-26T07:25:33","guid":{"rendered":"https:\/\/slaptameile.lt\/?post_type=product&#038;p=1234"},"modified":"2026-04-14T09:42:16","modified_gmt":"2026-04-14T06:42:16","slug":"sveikatinimosi-ritualas-porai-slapta-meile","status":"publish","type":"product","link":"https:\/\/slaptameile.lt\/en\/preke\/sveikatinimosi-ritualas-porai-slapta-meile\/","title":{"rendered":"Couple's Wellness Ritual \"Slapta meil\u0117\""},"content":{"rendered":"<p>Barbara is more than just a pretty girl from a history book. She was famous for her love of bathing, soaking in warm water for long periods of time, her body smelling of luxurious oils. Near Vilnius, there is a royal residence and bathing site still known as Barbara's Bath. The king loved it so much that he adopted its ritual of cleanliness. Even His Majesty's mother, Queen Bona Sforza, remarked that she \u201efell in love with perfume and the bath...\u201c<\/p>\n<p>SLAPTA MEIL\u0116 is 120 minutes for just the two of you. If you want to escape from the world, immerse yourself in the warmth, the touches and the scents - this is your sanctuary. Here, love spreads through the body - gently, without words.<\/p>\n<p>The fragrant duo of orange and cardamom will cover you like an invisible blanket<br \/>\nBody rituals performed so that finger touches become memories<br \/>\nAn intimacy that allows us to be silent together, feeling each other's presence in our hearts<\/p>\n<p>\u0160is SPA ritualas \u2013 j\u016bs\u0173 meil\u0117s levitacija, vos keliais coliais vir\u0161 \u017eem\u0117s, bet visa galva vir\u0161 kasdienyb\u0117s.<\/p>\n<p><em>The \u201cSlapta meil\u0117\u201d ritual is for two people and can be booked up to 2 days in advance of the desired date. Please purchase this package and contact us on the same day: labas@slaptameile.lt or +370 609 55551 to book a time that suits you. The voucher for this ritual is valid for 3 months from the date of purchase. This ritual will be waiting for you at the Bok\u0161to SPA located at Bok\u0161to street 6, Vilnius.<\/em><\/p>","protected":false},"excerpt":{"rendered":"<p>Imagine: warm water, clouds of fragrance, two hearts, one world. Like Barbara Radvilait\u0117 and Sigismund Augustus, you have your own secret love territory where body and feelings come together easily and confidently.<\/p>","protected":false},"featured_media":1235,"comment_status":"open","ping_status":"closed","template":"","meta":{"_acf_changed":false},"partner":[56],"product_brand":[],"product_cat":[22,17],"product_tag":[],"class_list":{"0":"post-1234","1":"product","2":"type-product","3":"status-publish","4":"has-post-thumbnail","6":"partner-boksto-spa","7":"product_cat-grozio-ritualai","8":"product_cat-keliones-laiku","10":"first","11":"instock","12":"virtual","13":"taxable","14":"purchasable","15":"product-type-simple"},"acf":[],"yoast_head":"<!-- This site is optimized with the Yoast SEO plugin v27.5 - https:\/\/yoast.com\/product\/yoast-seo-wordpress\/ -->\n<title>Sveikatinimosi ritualas porai \u201eSlapta meil\u0117\u201c - Slapta Meil\u0117<\/title>\n<meta name=\"robots\" content=\"index, follow, max-snippet:-1, max-image-preview:large, max-video-preview:-1\" \/>\n<link rel=\"canonical\" href=\"https:\/\/slaptameile.lt\/en\/preke\/sveikatinimosi-ritualas-porai-slapta-meile\/\" \/>\n<meta property=\"og:locale\" content=\"en_US\" \/>\n<meta property=\"og:type\" content=\"article\" \/>\n<meta property=\"og:title\" content=\"Sveikatinimosi ritualas porai \u201eSlapta meil\u0117\u201c - Slapta Meil\u0117\" \/>\n<meta property=\"og:description\" content=\"\u012esivaizduok: \u0161iltas vanduo, kvap\u0173 debesys, dvi \u0161irdys, vienas pasaulis. Kaip ir Barbora Radvilait\u0117 su \u017dygimantu Augustu \u2013 j\u016bs turite savo slapt\u0105 meil\u0117s teritorij\u0105, kurioje k\u016bnas ir jausmai suart\u0117ja lengvai ir veikia u\u017etikrintai.\" \/>\n<meta property=\"og:url\" content=\"https:\/\/slaptameile.lt\/en\/preke\/sveikatinimosi-ritualas-porai-slapta-meile\/\" \/>\n<meta property=\"og:site_name\" content=\"Slapta Meil\u0117\" \/>\n<meta property=\"article:publisher\" content=\"https:\/\/www.facebook.com\/SlaptaMeileBarbora\" \/>\n<meta property=\"article:modified_time\" content=\"2026-04-14T06:42:16+00:00\" \/>\n<meta property=\"og:image\" content=\"https:\/\/slaptameile.lt\/wp-content\/uploads\/2025\/10\/spa-kabinetas.jpeg\" \/>\n\t<meta property=\"og:image:width\" content=\"1200\" \/>\n\t<meta property=\"og:image:height\" content=\"800\" \/>\n\t<meta property=\"og:image:type\" content=\"image\/jpeg\" \/>\n<meta name=\"twitter:card\" content=\"summary_large_image\" \/>\n<meta name=\"twitter:label1\" content=\"Est. reading time\" \/>\n\t<meta name=\"twitter:data1\" content=\"2 minutes\" \/>\n<script type=\"application\/ld+json\" class=\"yoast-schema-graph\">{\"@context\":\"https:\\\/\\\/schema.org\",\"@graph\":[{\"@type\":\"WebPage\",\"@id\":\"https:\\\/\\\/slaptameile.lt\\\/preke\\\/sveikatinimosi-ritualas-porai-slapta-meile\\\/\",\"url\":\"https:\\\/\\\/slaptameile.lt\\\/preke\\\/sveikatinimosi-ritualas-porai-slapta-meile\\\/\",\"name\":\"Sveikatinimosi ritualas porai \u201eSlapta meil\u0117\u201c - Slapta Meil\u0117\",\"isPartOf\":{\"@id\":\"https:\\\/\\\/slaptameile.lt\\\/#website\"},\"primaryImageOfPage\":{\"@id\":\"https:\\\/\\\/slaptameile.lt\\\/preke\\\/sveikatinimosi-ritualas-porai-slapta-meile\\\/#primaryimage\"},\"image\":{\"@id\":\"https:\\\/\\\/slaptameile.lt\\\/preke\\\/sveikatinimosi-ritualas-porai-slapta-meile\\\/#primaryimage\"},\"thumbnailUrl\":\"https:\\\/\\\/slaptameile.lt\\\/wp-content\\\/uploads\\\/2025\\\/10\\\/spa-kabinetas.jpeg\",\"datePublished\":\"2024-07-26T07:25:33+00:00\",\"dateModified\":\"2026-04-14T06:42:16+00:00\",\"breadcrumb\":{\"@id\":\"https:\\\/\\\/slaptameile.lt\\\/preke\\\/sveikatinimosi-ritualas-porai-slapta-meile\\\/#breadcrumb\"},\"inLanguage\":\"en-US\",\"potentialAction\":[{\"@type\":\"ReadAction\",\"target\":[\"https:\\\/\\\/slaptameile.lt\\\/preke\\\/sveikatinimosi-ritualas-porai-slapta-meile\\\/\"]}]},{\"@type\":\"ImageObject\",\"inLanguage\":\"en-US\",\"@id\":\"https:\\\/\\\/slaptameile.lt\\\/preke\\\/sveikatinimosi-ritualas-porai-slapta-meile\\\/#primaryimage\",\"url\":\"https:\\\/\\\/slaptameile.lt\\\/wp-content\\\/uploads\\\/2025\\\/10\\\/spa-kabinetas.jpeg\",\"contentUrl\":\"https:\\\/\\\/slaptameile.lt\\\/wp-content\\\/uploads\\\/2025\\\/10\\\/spa-kabinetas.jpeg\",\"width\":1200,\"height\":800},{\"@type\":\"BreadcrumbList\",\"@id\":\"https:\\\/\\\/slaptameile.lt\\\/preke\\\/sveikatinimosi-ritualas-porai-slapta-meile\\\/#breadcrumb\",\"itemListElement\":[{\"@type\":\"ListItem\",\"position\":1,\"name\":\"Home\",\"item\":\"https:\\\/\\\/slaptameile.lt\\\/\"},{\"@type\":\"ListItem\",\"position\":2,\"name\":\"Parduotuv\u0117\",\"item\":\"https:\\\/\\\/slaptameile.lt\\\/parduotuve\\\/\"},{\"@type\":\"ListItem\",\"position\":3,\"name\":\"Sveikatinimosi ritualas porai \u201eSlapta meil\u0117\u201c\"}]},{\"@type\":\"WebSite\",\"@id\":\"https:\\\/\\\/slaptameile.lt\\\/#website\",\"url\":\"https:\\\/\\\/slaptameile.lt\\\/\",\"name\":\"Slapta Meil\u0117\",\"description\":\"\",\"publisher\":{\"@id\":\"https:\\\/\\\/slaptameile.lt\\\/#organization\"},\"potentialAction\":[{\"@type\":\"SearchAction\",\"target\":{\"@type\":\"EntryPoint\",\"urlTemplate\":\"https:\\\/\\\/slaptameile.lt\\\/?s={search_term_string}\"},\"query-input\":{\"@type\":\"PropertyValueSpecification\",\"valueRequired\":true,\"valueName\":\"search_term_string\"}}],\"inLanguage\":\"en-US\"},{\"@type\":\"Organization\",\"@id\":\"https:\\\/\\\/slaptameile.lt\\\/#organization\",\"name\":\"Slapta Meil\u0117\",\"url\":\"https:\\\/\\\/slaptameile.lt\\\/\",\"logo\":{\"@type\":\"ImageObject\",\"inLanguage\":\"en-US\",\"@id\":\"https:\\\/\\\/slaptameile.lt\\\/#\\\/schema\\\/logo\\\/image\\\/\",\"url\":\"https:\\\/\\\/slaptameile.lt\\\/wp-content\\\/uploads\\\/2026\\\/04\\\/sm-logo.jpg\",\"contentUrl\":\"https:\\\/\\\/slaptameile.lt\\\/wp-content\\\/uploads\\\/2026\\\/04\\\/sm-logo.jpg\",\"width\":810,\"height\":380,\"caption\":\"Slapta Meil\u0117\"},\"image\":{\"@id\":\"https:\\\/\\\/slaptameile.lt\\\/#\\\/schema\\\/logo\\\/image\\\/\"},\"sameAs\":[\"https:\\\/\\\/www.facebook.com\\\/SlaptaMeileBarbora\",\"https:\\\/\\\/www.instagram.com\\\/slaptameile\",\"https:\\\/\\\/www.tiktok.com\\\/@slaptameile1\"]}]}<\/script>\n<!-- \/ Yoast SEO plugin. -->","yoast_head_json":{"title":"Sveikatinimosi ritualas porai \u201eSlapta meil\u0117\u201c - Slapta Meil\u0117","robots":{"index":"index","follow":"follow","max-snippet":"max-snippet:-1","max-image-preview":"max-image-preview:large","max-video-preview":"max-video-preview:-1"},"canonical":"https:\/\/slaptameile.lt\/en\/preke\/sveikatinimosi-ritualas-porai-slapta-meile\/","og_locale":"en_US","og_type":"article","og_title":"Sveikatinimosi ritualas porai \u201eSlapta meil\u0117\u201c - Slapta Meil\u0117","og_description":"\u012esivaizduok: \u0161iltas vanduo, kvap\u0173 debesys, dvi \u0161irdys, vienas pasaulis. Kaip ir Barbora Radvilait\u0117 su \u017dygimantu Augustu \u2013 j\u016bs turite savo slapt\u0105 meil\u0117s teritorij\u0105, kurioje k\u016bnas ir jausmai suart\u0117ja lengvai ir veikia u\u017etikrintai.","og_url":"https:\/\/slaptameile.lt\/en\/preke\/sveikatinimosi-ritualas-porai-slapta-meile\/","og_site_name":"Slapta Meil\u0117","article_publisher":"https:\/\/www.facebook.com\/SlaptaMeileBarbora","article_modified_time":"2026-04-14T06:42:16+00:00","og_image":[{"width":1200,"height":800,"url":"https:\/\/slaptameile.lt\/wp-content\/uploads\/2025\/10\/spa-kabinetas.jpeg","type":"image\/jpeg"}],"twitter_card":"summary_large_image","twitter_misc":{"Est. reading time":"2 minutes"},"schema":{"@context":"https:\/\/schema.org","@graph":[{"@type":"WebPage","@id":"https:\/\/slaptameile.lt\/preke\/sveikatinimosi-ritualas-porai-slapta-meile\/","url":"https:\/\/slaptameile.lt\/preke\/sveikatinimosi-ritualas-porai-slapta-meile\/","name":"Sveikatinimosi ritualas porai \u201eSlapta meil\u0117\u201c - Slapta Meil\u0117","isPartOf":{"@id":"https:\/\/slaptameile.lt\/#website"},"primaryImageOfPage":{"@id":"https:\/\/slaptameile.lt\/preke\/sveikatinimosi-ritualas-porai-slapta-meile\/#primaryimage"},"image":{"@id":"https:\/\/slaptameile.lt\/preke\/sveikatinimosi-ritualas-porai-slapta-meile\/#primaryimage"},"thumbnailUrl":"https:\/\/slaptameile.lt\/wp-content\/uploads\/2025\/10\/spa-kabinetas.jpeg","datePublished":"2024-07-26T07:25:33+00:00","dateModified":"2026-04-14T06:42:16+00:00","breadcrumb":{"@id":"https:\/\/slaptameile.lt\/preke\/sveikatinimosi-ritualas-porai-slapta-meile\/#breadcrumb"},"inLanguage":"en-US","potentialAction":[{"@type":"ReadAction","target":["https:\/\/slaptameile.lt\/preke\/sveikatinimosi-ritualas-porai-slapta-meile\/"]}]},{"@type":"ImageObject","inLanguage":"en-US","@id":"https:\/\/slaptameile.lt\/preke\/sveikatinimosi-ritualas-porai-slapta-meile\/#primaryimage","url":"https:\/\/slaptameile.lt\/wp-content\/uploads\/2025\/10\/spa-kabinetas.jpeg","contentUrl":"https:\/\/slaptameile.lt\/wp-content\/uploads\/2025\/10\/spa-kabinetas.jpeg","width":1200,"height":800},{"@type":"BreadcrumbList","@id":"https:\/\/slaptameile.lt\/preke\/sveikatinimosi-ritualas-porai-slapta-meile\/#breadcrumb","itemListElement":[{"@type":"ListItem","position":1,"name":"Home","item":"https:\/\/slaptameile.lt\/"},{"@type":"ListItem","position":2,"name":"Parduotuv\u0117","item":"https:\/\/slaptameile.lt\/parduotuve\/"},{"@type":"ListItem","position":3,"name":"Sveikatinimosi ritualas porai \u201eSlapta meil\u0117\u201c"}]},{"@type":"WebSite","@id":"https:\/\/slaptameile.lt\/#website","url":"https:\/\/slaptameile.lt\/","name":"Secret Love","description":"","publisher":{"@id":"https:\/\/slaptameile.lt\/#organization"},"potentialAction":[{"@type":"SearchAction","target":{"@type":"EntryPoint","urlTemplate":"https:\/\/slaptameile.lt\/?s={search_term_string}"},"query-input":{"@type":"PropertyValueSpecification","valueRequired":true,"valueName":"search_term_string"}}],"inLanguage":"en-US"},{"@type":"Organization","@id":"https:\/\/slaptameile.lt\/#organization","name":"Secret Love","url":"https:\/\/slaptameile.lt\/","logo":{"@type":"ImageObject","inLanguage":"en-US","@id":"https:\/\/slaptameile.lt\/#\/schema\/logo\/image\/","url":"https:\/\/slaptameile.lt\/wp-content\/uploads\/2026\/04\/sm-logo.jpg","contentUrl":"https:\/\/slaptameile.lt\/wp-content\/uploads\/2026\/04\/sm-logo.jpg","width":810,"height":380,"caption":"Slapta Meil\u0117"},"image":{"@id":"https:\/\/slaptameile.lt\/#\/schema\/logo\/image\/"},"sameAs":["https:\/\/www.facebook.com\/SlaptaMeileBarbora","https:\/\/www.instagram.com\/slaptameile","https:\/\/www.tiktok.com\/@slaptameile1"]}]}},"_links":{"self":[{"href":"https:\/\/slaptameile.lt\/en\/wp-json\/wp\/v2\/product\/1234","targetHints":{"allow":["GET"]}}],"collection":[{"href":"https:\/\/slaptameile.lt\/en\/wp-json\/wp\/v2\/product"}],"about":[{"href":"https:\/\/slaptameile.lt\/en\/wp-json\/wp\/v2\/types\/product"}],"replies":[{"embeddable":true,"href":"https:\/\/slaptameile.lt\/en\/wp-json\/wp\/v2\/comments?post=1234"}],"wp:featuredmedia":[{"embeddable":true,"href":"https:\/\/slaptameile.lt\/en\/wp-json\/wp\/v2\/media\/1235"}],"wp:attachment":[{"href":"https:\/\/slaptameile.lt\/en\/wp-json\/wp\/v2\/media?parent=1234"}],"wp:term":[{"taxonomy":"partner","embeddable":true,"href":"https:\/\/slaptameile.lt\/en\/wp-json\/wp\/v2\/partner?post=1234"},{"taxonomy":"product_brand","embeddable":true,"href":"https:\/\/slaptameile.lt\/en\/wp-json\/wp\/v2\/product_brand?post=1234"},{"taxonomy":"product_cat","embeddable":true,"href":"https:\/\/slaptameile.lt\/en\/wp-json\/wp\/v2\/product_cat?post=1234"},{"taxonomy":"product_tag","embeddable":true,"href":"https:\/\/slaptameile.lt\/en\/wp-json\/wp\/v2\/product_tag?post=1234"}],"curies":[{"name":"wp","href":"https:\/\/api.w.org\/{rel}","templated":true}]}}