{"id":1164,"date":"2024-08-01T11:01:27","date_gmt":"2024-08-01T08:01:27","guid":{"rendered":"https:\/\/slaptameile.lt\/?post_type=product&#038;p=1164"},"modified":"2026-04-14T10:43:28","modified_gmt":"2026-04-14T07:43:28","slug":"vilniaus-karaliskos-medziokles-vakariene-i-restoranas-lokys","status":"publish","type":"product","link":"https:\/\/slaptameile.lt\/en\/preke\/vilniaus-karaliskos-medziokles-vakariene-i-restoranas-lokys\/","title":{"rendered":"Vilnius Royal Hunt Dinner"},"content":{"rendered":"<p>Kvie\u010diame J\u016bs\u0173 b\u016br\u012f (nuo 8 \u017emoni\u0173) \u012f nepaprast\u0105 kelion\u0119 laiku \u2013 Vilniaus karali\u0161kos med\u017eiokl\u0117s vakarien\u0119, vykstan\u010di\u0105 seniausiame Vilniaus restorane \u201eLokys\u201c, Stikli\u0173 g. 8, Vilniuje. Tai unikali galimyb\u0117 atsidurti XVI am\u017eiaus med\u017eiokl\u0117s u\u017ekulisiuose ir didik\u0173 puotos s\u016bkuryje, kuriame tradicijos susilieja su i\u0161skirtine gastronomija.\u00a0Tai spektaklis, naujos ir senos pa\u017eintys, puota ir \u017eaidimai, ekskursija prie vieno bendro stalo seniausiame Vilniaus mi\u0161ko g\u0117rybi\u0173 restorane.<\/p>\n<p><strong>Kas laukia?<\/strong><\/p>\n<ul>\n<li>J\u016bs\u0173 vakarien\u0117s gidas \u2013 Did\u017eiojo kunigaik\u0161\u010dio \u017dygimanto Augusto med\u017eioklis, XVI a. Vilniaus ekspertas, kuris pasidalins intriguojan\u010diomis istorijomis apie senovines med\u017eiokl\u0117s tradicijas, paskalomis ir tikrais faktais apie to meto Vilni\u0173 ir vilnie\u010dius<\/li>\n<li>I\u0161skirtin\u0117 penki\u0173 mi\u0161ko g\u0117rybi\u0173 patiekal\u0173 vakarien\u0117, paruo\u0161ta pagal autenti\u0161kus Lietuvos Did\u017eiojo Kunigaik\u0161\u010dio ir Radvil\u0173 gimin\u0117s receptus<\/li>\n<li>Lietuvi\u0161k\u0173 g\u0117rim\u0173 degustacija, kurioje kiekvienas g\u0117rimas priderintas prie vakarien\u0117s patiekal\u0173. Atraskite ma\u017e\u0173j\u0173 g\u0117rim\u0173 gamintoj\u0173 meistri\u0161kum\u0105 ir i\u0161skirtin\u0119 Lietuvos tradicij\u0105 tame<\/li>\n<li>Renesansin\u0117 men\u0117, kurioje vyks puota, i\u0161puo\u0161ta keturi\u0173 met\u0173 laik\u0173 mi\u0161ko ir sodo augal\u0173 dekoracijomis. Apsupti sodo ir mi\u0161ko augal\u0173 girliand\u0173 ir vainik\u0173, j\u016bs\u0173 mintys ir gido pasakojimai pad\u0117s \u012fsijausti kokia gilia ir prasminga istorija alsuoja m\u016brai kuriuose vakarieniaujate<\/li>\n<li>\u017daidimai ir pramogos \u2013 linksmyb\u0117s, kurios praturtins vakar\u0105 netik\u0117tais siurprizais<\/li>\n<li>Med\u017eiokl\u0117s lauktuv\u0117s \u2013 kiekvienas sve\u010dias i\u0161sines nedidel\u0119 dovan\u0117l\u0119 i\u0161 \u0161io vakaro<\/li>\n<\/ul>\n<p><strong>Vakarien\u0117s meniu:<\/strong><\/p>\n<p><em>U\u017ekand\u017eiai:<\/em><\/p>\n<ul>\n<li>4 r\u016b\u0161i\u0173 Lietuvos \u016bkinink\u0173 gamint\u0173 m\u0117sy\u010di\u0173 asorti, 4 r\u016b\u0161i\u0173 s\u016briai i\u0161 ma\u017e\u0173j\u0173 Lietuvos \u016bki\u0173, viena r\u016b\u0161is raugint\u0173 dar\u017eovi\u0173 arba gryb\u0173, \u0161altalanki\u0173 uogien\u0117 ir d\u017eiovinti duoniukai<\/li>\n<li>salotos su vytintais vynuoginiais pomidorais, graikiniais rie\u0161utais, ridik\u0117liais, uogomis, vy\u0161niniais pomidoriukais ir m\u0117lyn\u0173 pagardu<\/li>\n<li>stirnienos pa\u0161tetas su spanguoli\u0173 \u010datniu ir rugine duonele; virti v\u0117\u017eiai su \u017eolel\u0117mis<\/li>\n<\/ul>\n<p><em>Kar\u0161tieji patiekalai:<\/em><\/p>\n<ul>\n<li>stirnienos kepsneliai su keptais baravykais ir degintais obuoliais, patiekiami su mini bulvyt\u0117mis bei m\u0117t\u0173 pagardu<\/li>\n<li>anties \u0161launel\u0117s confit su apelsin\u0173 d\u017eemu ir \u0161pinatais gardinta bulvi\u0173 ko\u0161e<\/li>\n<li>kold\u016bnai su baravyk\u0173 \u012fdaru, paskaninti svog\u016bn\u0173 d\u017eemu.<\/li>\n<\/ul>\n<p><em>Sald\u0117siai:<\/em><\/p>\n<ul>\n<li>s\u016brio\u2013var\u0161k\u0117s pyrag\u0117lis su bra\u0161ki\u0173 uogiene<\/li>\n<li>obuoli\u0173 s\u016bris su rikota ir kankor\u0117\u017ei\u0173 cukatais<\/li>\n<\/ul>\n<p>Vakarien\u0117 su ekskursija trunka apie 2,5 val. Tai ne tik gurmani\u0161ka puota, bet ir ne\u012fkainojama kult\u016brin\u0117 patirtis. Pajauski Vilniaus istorijos didyb\u0119 prie karali\u0161ko stalo<\/p>\n<p><em>Vakarien\u0117 8-18 \u017emoni\u0173 grupei gali b\u016bti u\u017esakoma Jums patogiu laiku, kur\u012f i\u0161 anksto susiderinti galima: labas@slaptameile.lt arba +370 609 55551 arba +370 661 30703. Taip pat \u0161iais kontaktais pra\u0161ome kreiptis jei i\u0161kilt\u0173 kit\u0173 su \u0161ia i\u0161skirtine vakariene susijusi\u0173 klausim\u0173. Vaikams iki 9 m. am\u017eiaus dalyvavimas \u2013 nemokamas, paaugliams \u2013 puse kainos. Kaina vienam asmeniui \u2013 160 \u20ac<\/em><\/p>","protected":false},"excerpt":{"rendered":"<p>Ar nor\u0117tum patirti gastronomin\u0119 ekskursij\u0105 prie stalo, kvie\u010dian\u010di\u0105 \u012f Vilniaus Renesanso laikus?\u00a0<em>Ar nor\u0117tum savo Gimtadien\u012f, kit\u0105 \u0160eimos \u0161vent\u0119, o gal pasibuvim\u0105 su draugais ar darbo kolektyvu pamin\u0117ti KITAIP?<\/em><\/p>","protected":false},"featured_media":1166,"comment_status":"open","ping_status":"closed","template":"","meta":{"_acf_changed":false},"partner":[55],"product_brand":[],"product_cat":[17,23],"product_tag":[],"class_list":{"0":"post-1164","1":"product","2":"type-product","3":"status-publish","4":"has-post-thumbnail","6":"partner-restoranas-lokys","7":"product_cat-keliones-laiku","8":"product_cat-vakarienes","10":"first","11":"instock","12":"virtual","13":"taxable","14":"purchasable","15":"product-type-simple"},"acf":[],"yoast_head":"<!-- This site is optimized with the Yoast SEO plugin v27.5 - https:\/\/yoast.com\/product\/yoast-seo-wordpress\/ -->\n<title>Vilniaus karali\u0161kos med\u017eiokl\u0117s vakarien\u0117 - Slapta Meil\u0117<\/title>\n<meta name=\"robots\" content=\"index, follow, max-snippet:-1, max-image-preview:large, max-video-preview:-1\" \/>\n<link rel=\"canonical\" href=\"https:\/\/slaptameile.lt\/en\/preke\/vilniaus-karaliskos-medziokles-vakariene-i-restoranas-lokys\/\" \/>\n<meta property=\"og:locale\" content=\"en_US\" \/>\n<meta property=\"og:type\" content=\"article\" \/>\n<meta property=\"og:title\" content=\"Vilniaus karali\u0161kos med\u017eiokl\u0117s vakarien\u0117 - Slapta Meil\u0117\" \/>\n<meta property=\"og:description\" content=\"Ar nor\u0117tum patirti gastronomin\u0119 ekskursij\u0105 prie stalo, kvie\u010dian\u010di\u0105 \u012f Vilniaus Renesanso laikus?\u00a0Ar nor\u0117tum savo Gimtadien\u012f, kit\u0105 \u0160eimos \u0161vent\u0119, o gal pasibuvim\u0105 su draugais ar darbo kolektyvu pamin\u0117ti KITAIP?\" \/>\n<meta property=\"og:url\" content=\"https:\/\/slaptameile.lt\/en\/preke\/vilniaus-karaliskos-medziokles-vakariene-i-restoranas-lokys\/\" \/>\n<meta property=\"og:site_name\" content=\"Slapta Meil\u0117\" \/>\n<meta property=\"article:publisher\" content=\"https:\/\/www.facebook.com\/SlaptaMeileBarbora\" \/>\n<meta property=\"article:modified_time\" content=\"2026-04-14T07:43:28+00:00\" \/>\n<meta property=\"og:image\" content=\"https:\/\/slaptameile.lt\/wp-content\/uploads\/2025\/10\/Lokys_17.jpg\" \/>\n\t<meta property=\"og:image:width\" content=\"1365\" \/>\n\t<meta property=\"og:image:height\" content=\"2048\" \/>\n\t<meta property=\"og:image:type\" content=\"image\/jpeg\" \/>\n<meta name=\"twitter:card\" content=\"summary_large_image\" \/>\n<meta name=\"twitter:label1\" content=\"Est. reading time\" \/>\n\t<meta name=\"twitter:data1\" content=\"3 minutes\" \/>\n<script type=\"application\/ld+json\" class=\"yoast-schema-graph\">{\"@context\":\"https:\\\/\\\/schema.org\",\"@graph\":[{\"@type\":\"WebPage\",\"@id\":\"https:\\\/\\\/slaptameile.lt\\\/preke\\\/vilniaus-karaliskos-medziokles-vakariene-i-restoranas-lokys\\\/\",\"url\":\"https:\\\/\\\/slaptameile.lt\\\/preke\\\/vilniaus-karaliskos-medziokles-vakariene-i-restoranas-lokys\\\/\",\"name\":\"Vilniaus karali\u0161kos med\u017eiokl\u0117s vakarien\u0117 - Slapta Meil\u0117\",\"isPartOf\":{\"@id\":\"https:\\\/\\\/slaptameile.lt\\\/#website\"},\"primaryImageOfPage\":{\"@id\":\"https:\\\/\\\/slaptameile.lt\\\/preke\\\/vilniaus-karaliskos-medziokles-vakariene-i-restoranas-lokys\\\/#primaryimage\"},\"image\":{\"@id\":\"https:\\\/\\\/slaptameile.lt\\\/preke\\\/vilniaus-karaliskos-medziokles-vakariene-i-restoranas-lokys\\\/#primaryimage\"},\"thumbnailUrl\":\"https:\\\/\\\/slaptameile.lt\\\/wp-content\\\/uploads\\\/2025\\\/10\\\/Lokys_17.jpg\",\"datePublished\":\"2024-08-01T08:01:27+00:00\",\"dateModified\":\"2026-04-14T07:43:28+00:00\",\"breadcrumb\":{\"@id\":\"https:\\\/\\\/slaptameile.lt\\\/preke\\\/vilniaus-karaliskos-medziokles-vakariene-i-restoranas-lokys\\\/#breadcrumb\"},\"inLanguage\":\"en-US\",\"potentialAction\":[{\"@type\":\"ReadAction\",\"target\":[\"https:\\\/\\\/slaptameile.lt\\\/preke\\\/vilniaus-karaliskos-medziokles-vakariene-i-restoranas-lokys\\\/\"]}]},{\"@type\":\"ImageObject\",\"inLanguage\":\"en-US\",\"@id\":\"https:\\\/\\\/slaptameile.lt\\\/preke\\\/vilniaus-karaliskos-medziokles-vakariene-i-restoranas-lokys\\\/#primaryimage\",\"url\":\"https:\\\/\\\/slaptameile.lt\\\/wp-content\\\/uploads\\\/2025\\\/10\\\/Lokys_17.jpg\",\"contentUrl\":\"https:\\\/\\\/slaptameile.lt\\\/wp-content\\\/uploads\\\/2025\\\/10\\\/Lokys_17.jpg\",\"width\":1365,\"height\":2048},{\"@type\":\"BreadcrumbList\",\"@id\":\"https:\\\/\\\/slaptameile.lt\\\/preke\\\/vilniaus-karaliskos-medziokles-vakariene-i-restoranas-lokys\\\/#breadcrumb\",\"itemListElement\":[{\"@type\":\"ListItem\",\"position\":1,\"name\":\"Home\",\"item\":\"https:\\\/\\\/slaptameile.lt\\\/\"},{\"@type\":\"ListItem\",\"position\":2,\"name\":\"Parduotuv\u0117\",\"item\":\"https:\\\/\\\/slaptameile.lt\\\/parduotuve\\\/\"},{\"@type\":\"ListItem\",\"position\":3,\"name\":\"Vilniaus karali\u0161kos med\u017eiokl\u0117s vakarien\u0117\"}]},{\"@type\":\"WebSite\",\"@id\":\"https:\\\/\\\/slaptameile.lt\\\/#website\",\"url\":\"https:\\\/\\\/slaptameile.lt\\\/\",\"name\":\"Slapta Meil\u0117\",\"description\":\"\",\"publisher\":{\"@id\":\"https:\\\/\\\/slaptameile.lt\\\/#organization\"},\"potentialAction\":[{\"@type\":\"SearchAction\",\"target\":{\"@type\":\"EntryPoint\",\"urlTemplate\":\"https:\\\/\\\/slaptameile.lt\\\/?s={search_term_string}\"},\"query-input\":{\"@type\":\"PropertyValueSpecification\",\"valueRequired\":true,\"valueName\":\"search_term_string\"}}],\"inLanguage\":\"en-US\"},{\"@type\":\"Organization\",\"@id\":\"https:\\\/\\\/slaptameile.lt\\\/#organization\",\"name\":\"Slapta Meil\u0117\",\"url\":\"https:\\\/\\\/slaptameile.lt\\\/\",\"logo\":{\"@type\":\"ImageObject\",\"inLanguage\":\"en-US\",\"@id\":\"https:\\\/\\\/slaptameile.lt\\\/#\\\/schema\\\/logo\\\/image\\\/\",\"url\":\"https:\\\/\\\/slaptameile.lt\\\/wp-content\\\/uploads\\\/2026\\\/04\\\/sm-logo.jpg\",\"contentUrl\":\"https:\\\/\\\/slaptameile.lt\\\/wp-content\\\/uploads\\\/2026\\\/04\\\/sm-logo.jpg\",\"width\":810,\"height\":380,\"caption\":\"Slapta Meil\u0117\"},\"image\":{\"@id\":\"https:\\\/\\\/slaptameile.lt\\\/#\\\/schema\\\/logo\\\/image\\\/\"},\"sameAs\":[\"https:\\\/\\\/www.facebook.com\\\/SlaptaMeileBarbora\",\"https:\\\/\\\/www.instagram.com\\\/slaptameile\",\"https:\\\/\\\/www.tiktok.com\\\/@slaptameile1\"]}]}<\/script>\n<!-- \/ Yoast SEO plugin. -->","yoast_head_json":{"title":"Vilniaus karali\u0161kos med\u017eiokl\u0117s vakarien\u0117 - Slapta Meil\u0117","robots":{"index":"index","follow":"follow","max-snippet":"max-snippet:-1","max-image-preview":"max-image-preview:large","max-video-preview":"max-video-preview:-1"},"canonical":"https:\/\/slaptameile.lt\/en\/preke\/vilniaus-karaliskos-medziokles-vakariene-i-restoranas-lokys\/","og_locale":"en_US","og_type":"article","og_title":"Vilniaus karali\u0161kos med\u017eiokl\u0117s vakarien\u0117 - Slapta Meil\u0117","og_description":"Ar nor\u0117tum patirti gastronomin\u0119 ekskursij\u0105 prie stalo, kvie\u010dian\u010di\u0105 \u012f Vilniaus Renesanso laikus?\u00a0Ar nor\u0117tum savo Gimtadien\u012f, kit\u0105 \u0160eimos \u0161vent\u0119, o gal pasibuvim\u0105 su draugais ar darbo kolektyvu pamin\u0117ti KITAIP?","og_url":"https:\/\/slaptameile.lt\/en\/preke\/vilniaus-karaliskos-medziokles-vakariene-i-restoranas-lokys\/","og_site_name":"Slapta Meil\u0117","article_publisher":"https:\/\/www.facebook.com\/SlaptaMeileBarbora","article_modified_time":"2026-04-14T07:43:28+00:00","og_image":[{"width":1365,"height":2048,"url":"https:\/\/slaptameile.lt\/wp-content\/uploads\/2025\/10\/Lokys_17.jpg","type":"image\/jpeg"}],"twitter_card":"summary_large_image","twitter_misc":{"Est. reading time":"3 minutes"},"schema":{"@context":"https:\/\/schema.org","@graph":[{"@type":"WebPage","@id":"https:\/\/slaptameile.lt\/preke\/vilniaus-karaliskos-medziokles-vakariene-i-restoranas-lokys\/","url":"https:\/\/slaptameile.lt\/preke\/vilniaus-karaliskos-medziokles-vakariene-i-restoranas-lokys\/","name":"Vilniaus karali\u0161kos med\u017eiokl\u0117s vakarien\u0117 - Slapta Meil\u0117","isPartOf":{"@id":"https:\/\/slaptameile.lt\/#website"},"primaryImageOfPage":{"@id":"https:\/\/slaptameile.lt\/preke\/vilniaus-karaliskos-medziokles-vakariene-i-restoranas-lokys\/#primaryimage"},"image":{"@id":"https:\/\/slaptameile.lt\/preke\/vilniaus-karaliskos-medziokles-vakariene-i-restoranas-lokys\/#primaryimage"},"thumbnailUrl":"https:\/\/slaptameile.lt\/wp-content\/uploads\/2025\/10\/Lokys_17.jpg","datePublished":"2024-08-01T08:01:27+00:00","dateModified":"2026-04-14T07:43:28+00:00","breadcrumb":{"@id":"https:\/\/slaptameile.lt\/preke\/vilniaus-karaliskos-medziokles-vakariene-i-restoranas-lokys\/#breadcrumb"},"inLanguage":"en-US","potentialAction":[{"@type":"ReadAction","target":["https:\/\/slaptameile.lt\/preke\/vilniaus-karaliskos-medziokles-vakariene-i-restoranas-lokys\/"]}]},{"@type":"ImageObject","inLanguage":"en-US","@id":"https:\/\/slaptameile.lt\/preke\/vilniaus-karaliskos-medziokles-vakariene-i-restoranas-lokys\/#primaryimage","url":"https:\/\/slaptameile.lt\/wp-content\/uploads\/2025\/10\/Lokys_17.jpg","contentUrl":"https:\/\/slaptameile.lt\/wp-content\/uploads\/2025\/10\/Lokys_17.jpg","width":1365,"height":2048},{"@type":"BreadcrumbList","@id":"https:\/\/slaptameile.lt\/preke\/vilniaus-karaliskos-medziokles-vakariene-i-restoranas-lokys\/#breadcrumb","itemListElement":[{"@type":"ListItem","position":1,"name":"Home","item":"https:\/\/slaptameile.lt\/"},{"@type":"ListItem","position":2,"name":"Parduotuv\u0117","item":"https:\/\/slaptameile.lt\/parduotuve\/"},{"@type":"ListItem","position":3,"name":"Vilniaus karali\u0161kos med\u017eiokl\u0117s vakarien\u0117"}]},{"@type":"WebSite","@id":"https:\/\/slaptameile.lt\/#website","url":"https:\/\/slaptameile.lt\/","name":"Secret Love","description":"","publisher":{"@id":"https:\/\/slaptameile.lt\/#organization"},"potentialAction":[{"@type":"SearchAction","target":{"@type":"EntryPoint","urlTemplate":"https:\/\/slaptameile.lt\/?s={search_term_string}"},"query-input":{"@type":"PropertyValueSpecification","valueRequired":true,"valueName":"search_term_string"}}],"inLanguage":"en-US"},{"@type":"Organization","@id":"https:\/\/slaptameile.lt\/#organization","name":"Secret Love","url":"https:\/\/slaptameile.lt\/","logo":{"@type":"ImageObject","inLanguage":"en-US","@id":"https:\/\/slaptameile.lt\/#\/schema\/logo\/image\/","url":"https:\/\/slaptameile.lt\/wp-content\/uploads\/2026\/04\/sm-logo.jpg","contentUrl":"https:\/\/slaptameile.lt\/wp-content\/uploads\/2026\/04\/sm-logo.jpg","width":810,"height":380,"caption":"Slapta Meil\u0117"},"image":{"@id":"https:\/\/slaptameile.lt\/#\/schema\/logo\/image\/"},"sameAs":["https:\/\/www.facebook.com\/SlaptaMeileBarbora","https:\/\/www.instagram.com\/slaptameile","https:\/\/www.tiktok.com\/@slaptameile1"]}]}},"_links":{"self":[{"href":"https:\/\/slaptameile.lt\/en\/wp-json\/wp\/v2\/product\/1164","targetHints":{"allow":["GET"]}}],"collection":[{"href":"https:\/\/slaptameile.lt\/en\/wp-json\/wp\/v2\/product"}],"about":[{"href":"https:\/\/slaptameile.lt\/en\/wp-json\/wp\/v2\/types\/product"}],"replies":[{"embeddable":true,"href":"https:\/\/slaptameile.lt\/en\/wp-json\/wp\/v2\/comments?post=1164"}],"wp:featuredmedia":[{"embeddable":true,"href":"https:\/\/slaptameile.lt\/en\/wp-json\/wp\/v2\/media\/1166"}],"wp:attachment":[{"href":"https:\/\/slaptameile.lt\/en\/wp-json\/wp\/v2\/media?parent=1164"}],"wp:term":[{"taxonomy":"partner","embeddable":true,"href":"https:\/\/slaptameile.lt\/en\/wp-json\/wp\/v2\/partner?post=1164"},{"taxonomy":"product_brand","embeddable":true,"href":"https:\/\/slaptameile.lt\/en\/wp-json\/wp\/v2\/product_brand?post=1164"},{"taxonomy":"product_cat","embeddable":true,"href":"https:\/\/slaptameile.lt\/en\/wp-json\/wp\/v2\/product_cat?post=1164"},{"taxonomy":"product_tag","embeddable":true,"href":"https:\/\/slaptameile.lt\/en\/wp-json\/wp\/v2\/product_tag?post=1164"}],"curies":[{"name":"wp","href":"https:\/\/api.w.org\/{rel}","templated":true}]}}