{"id":1154,"date":"2024-08-01T11:15:33","date_gmt":"2024-08-01T08:15:33","guid":{"rendered":"https:\/\/slaptameile.lt\/?post_type=product&#038;p=1154"},"modified":"2026-04-26T22:08:08","modified_gmt":"2026-04-26T19:08:08","slug":"sokoladiniu-saldainiu-rinkinys-bona","status":"publish","type":"product","link":"https:\/\/slaptameile.lt\/en\/preke\/sokoladiniu-saldainiu-rinkinys-bona\/","title":{"rendered":"Bona Chocolate Candy Set\u201e"},"content":{"rendered":"<p>Queen Bona Sforza brought oranges, olives, cheeses, and Italian flavor to Lithuania in the 16th century. Now it's your turn to taste the set inspired by her merits.<\/p>\n<p>\u201eBONA\u201c Chocolate Candy Assortment \u2013 When history melts in your mouth<\/p>\n<p>Chocolate for a gift, but not just any \u2013 with an Italian accent and royal pretension. Gourmet sweets inspired by Queen Bona Sforza, with hints of Mediterranean flavors: lemon, nuts, creams, and Belgian chocolate that doesn't apologize for being good.<\/p>\n<p>Assembled like Renaissance ceilings \u2013 geometrically, symmetrically, and unashamedly gilded.<br \/>\nPackaging design - A creation by Petras Saul\u0117nas: The Sforza crown, the Grand Duchy of Lithuania Vytis, and so many regalia that even the table will feel privileged.<\/p>\n<p>It's suitable for gifts, pampering yourself, or when you want to say \u201eI'm feeling royally generous,\u201c even if you're eating sweets alone while binge-watching shows.<\/p>\n<p>Weight 335 g<br \/>\nMade and manufactured in Lithuania<\/p>","protected":false},"excerpt":{"rendered":"<p>Queen Bona Sforza brought oranges, olives, cheeses, and Italian flavor to Lithuania in the 16th century. Now it's your turn to taste the set inspired by her merits.<\/p>\n<p>\u201eBONA\u201c Chocolate Candy Assortment \u2013 When history melts in your mouth<\/p>\n<p>Chocolate for a gift, but not just any \u2013 with an Italian accent and royal pretension. Gourmet sweets inspired by Queen Bona Sforza, with hints of Mediterranean flavors: lemon, nuts, creams, and Belgian chocolate that doesn't apologize for being good.<\/p>\n<p>Assembled like Renaissance ceilings \u2013 geometrically, symmetrically, and unashamedly gilded.<br \/>\nPackaging design - A creation by Petras Saul\u0117nas: The Sforza crown, the Grand Duchy of Lithuania Vytis, and so many regalia that even the table will feel privileged.<\/p>\n<p>It's suitable for gifts, pampering yourself, or when you want to say \u201eI'm feeling royally generous,\u201c even if you're eating sweets alone while binge-watching shows.<\/p>\n<p>Weight 335 g<br \/>\nMade and manufactured in Lithuania<\/p>","protected":false},"featured_media":2183,"comment_status":"open","ping_status":"closed","template":"","meta":{"_acf_changed":false},"partner":[51],"product_brand":[],"product_cat":[18,28],"product_tag":[],"class_list":{"0":"post-1154","1":"product","2":"type-product","3":"status-publish","4":"has-post-thumbnail","6":"partner-saldainiu-fabrikas-ruta","7":"product_cat-karaliskoji-kolekcija","8":"product_cat-rafinuotiems-gurmanams","10":"first","11":"instock","12":"taxable","13":"shipping-taxable","14":"purchasable","15":"product-type-simple"},"acf":[],"yoast_head":"<!-- This site is optimized with the Yoast SEO plugin v27.5 - https:\/\/yoast.com\/product\/yoast-seo-wordpress\/ -->\n<title>\u0160okoladini\u0173 saldaini\u0173 rinkinys \u201eBona\u201c - Slapta Meil\u0117<\/title>\n<meta name=\"robots\" content=\"index, follow, max-snippet:-1, max-image-preview:large, max-video-preview:-1\" \/>\n<link rel=\"canonical\" href=\"https:\/\/slaptameile.lt\/en\/preke\/sokoladiniu-saldainiu-rinkinys-bona\/\" \/>\n<meta property=\"og:locale\" content=\"en_US\" \/>\n<meta property=\"og:type\" content=\"article\" \/>\n<meta property=\"og:title\" content=\"\u0160okoladini\u0173 saldaini\u0173 rinkinys \u201eBona\u201c - Slapta Meil\u0117\" \/>\n<meta property=\"og:description\" content=\"Karalien\u0117 Bona Sforca XVI a. atve\u017e\u0117 \u012f Lietuv\u0105 apelsinus, alyvuoges, s\u016brius ir itali\u0161k\u0105 skon\u012f. Dabar \u2013 tavo eil\u0117 paragauti jos nuopeln\u0173 \u012fkv\u0117pto rinkinio.  \u0160okoladini\u0173 saldaini\u0173 rinkinys \u201eBONA\u201c \u2013 kai istorija i\u0161tirpsta burnoje  \u0160okoladas dovanai, bet ne bet koks \u2013 su itali\u0161ku akcentu ir karali\u0161ku pretenzingumu. Karalien\u0117s Bonos Sforcos \u012fkv\u0117pti gurm\u0117 saldainiai su Vidur\u017eemio regiono skoni\u0173 u\u017euominomis: citrinos, rie\u0161utai, kremai ir belgi\u0161kas \u0161okoladas, kuris neatsipra\u0161o u\u017e tai, kad yra geras.  Sud\u0117ta taip, kaip renesanso lubose \u2013 geometri\u0161kai, simetri\u0161kai ir be g\u0117dos paauksuotai. Pakuot\u0117s dizainas \u2013 Petro Saul\u0117no k\u016brinys: Sforc\u0173 kar\u016bna, LDK vytis ir tiek regalij\u0173, kad net stalas pasijus privilegijuotas.  Tinka dovanai, pasilepinimui, arba kai nori pasakyti \u201eesu nusiteik\u0119s karali\u0161kai dosniai\u201c, net jei valgai saldainius vienas \u017ei\u016br\u0117damas serialus.  Svoris\u00a0335 g Sukurta ir pagaminta Lietuvoje\" \/>\n<meta property=\"og:url\" content=\"https:\/\/slaptameile.lt\/en\/preke\/sokoladiniu-saldainiu-rinkinys-bona\/\" \/>\n<meta property=\"og:site_name\" content=\"Slapta Meil\u0117\" \/>\n<meta property=\"article:publisher\" content=\"https:\/\/www.facebook.com\/SlaptaMeileBarbora\" \/>\n<meta property=\"article:modified_time\" content=\"2026-04-26T19:08:08+00:00\" \/>\n<meta property=\"og:image\" content=\"https:\/\/slaptameile.lt\/wp-content\/uploads\/2024\/08\/Bona-Produkto-Ruta-Saldainiai-01-1.jpg\" \/>\n\t<meta property=\"og:image:width\" content=\"2250\" \/>\n\t<meta property=\"og:image:height\" content=\"3000\" \/>\n\t<meta property=\"og:image:type\" content=\"image\/jpeg\" \/>\n<meta name=\"twitter:card\" content=\"summary_large_image\" \/>\n<meta name=\"twitter:label1\" content=\"Est. reading time\" \/>\n\t<meta name=\"twitter:data1\" content=\"1 minute\" \/>\n<script type=\"application\/ld+json\" class=\"yoast-schema-graph\">{\"@context\":\"https:\\\/\\\/schema.org\",\"@graph\":[{\"@type\":\"WebPage\",\"@id\":\"https:\\\/\\\/slaptameile.lt\\\/preke\\\/sokoladiniu-saldainiu-rinkinys-bona\\\/\",\"url\":\"https:\\\/\\\/slaptameile.lt\\\/preke\\\/sokoladiniu-saldainiu-rinkinys-bona\\\/\",\"name\":\"\u0160okoladini\u0173 saldaini\u0173 rinkinys \u201eBona\u201c - Slapta Meil\u0117\",\"isPartOf\":{\"@id\":\"https:\\\/\\\/slaptameile.lt\\\/#website\"},\"primaryImageOfPage\":{\"@id\":\"https:\\\/\\\/slaptameile.lt\\\/preke\\\/sokoladiniu-saldainiu-rinkinys-bona\\\/#primaryimage\"},\"image\":{\"@id\":\"https:\\\/\\\/slaptameile.lt\\\/preke\\\/sokoladiniu-saldainiu-rinkinys-bona\\\/#primaryimage\"},\"thumbnailUrl\":\"https:\\\/\\\/slaptameile.lt\\\/wp-content\\\/uploads\\\/2024\\\/08\\\/Bona-Produkto-Ruta-Saldainiai-01-1.jpg\",\"datePublished\":\"2024-08-01T08:15:33+00:00\",\"dateModified\":\"2026-04-26T19:08:08+00:00\",\"breadcrumb\":{\"@id\":\"https:\\\/\\\/slaptameile.lt\\\/preke\\\/sokoladiniu-saldainiu-rinkinys-bona\\\/#breadcrumb\"},\"inLanguage\":\"en-US\",\"potentialAction\":[{\"@type\":\"ReadAction\",\"target\":[\"https:\\\/\\\/slaptameile.lt\\\/preke\\\/sokoladiniu-saldainiu-rinkinys-bona\\\/\"]}]},{\"@type\":\"ImageObject\",\"inLanguage\":\"en-US\",\"@id\":\"https:\\\/\\\/slaptameile.lt\\\/preke\\\/sokoladiniu-saldainiu-rinkinys-bona\\\/#primaryimage\",\"url\":\"https:\\\/\\\/slaptameile.lt\\\/wp-content\\\/uploads\\\/2024\\\/08\\\/Bona-Produkto-Ruta-Saldainiai-01-1.jpg\",\"contentUrl\":\"https:\\\/\\\/slaptameile.lt\\\/wp-content\\\/uploads\\\/2024\\\/08\\\/Bona-Produkto-Ruta-Saldainiai-01-1.jpg\",\"width\":2250,\"height\":3000},{\"@type\":\"BreadcrumbList\",\"@id\":\"https:\\\/\\\/slaptameile.lt\\\/preke\\\/sokoladiniu-saldainiu-rinkinys-bona\\\/#breadcrumb\",\"itemListElement\":[{\"@type\":\"ListItem\",\"position\":1,\"name\":\"Home\",\"item\":\"https:\\\/\\\/slaptameile.lt\\\/\"},{\"@type\":\"ListItem\",\"position\":2,\"name\":\"Parduotuv\u0117\",\"item\":\"https:\\\/\\\/slaptameile.lt\\\/parduotuve\\\/\"},{\"@type\":\"ListItem\",\"position\":3,\"name\":\"\u0160okoladini\u0173 saldaini\u0173 rinkinys \u201eBona\u201c\"}]},{\"@type\":\"WebSite\",\"@id\":\"https:\\\/\\\/slaptameile.lt\\\/#website\",\"url\":\"https:\\\/\\\/slaptameile.lt\\\/\",\"name\":\"Slapta Meil\u0117\",\"description\":\"\",\"publisher\":{\"@id\":\"https:\\\/\\\/slaptameile.lt\\\/#organization\"},\"potentialAction\":[{\"@type\":\"SearchAction\",\"target\":{\"@type\":\"EntryPoint\",\"urlTemplate\":\"https:\\\/\\\/slaptameile.lt\\\/?s={search_term_string}\"},\"query-input\":{\"@type\":\"PropertyValueSpecification\",\"valueRequired\":true,\"valueName\":\"search_term_string\"}}],\"inLanguage\":\"en-US\"},{\"@type\":\"Organization\",\"@id\":\"https:\\\/\\\/slaptameile.lt\\\/#organization\",\"name\":\"Slapta Meil\u0117\",\"url\":\"https:\\\/\\\/slaptameile.lt\\\/\",\"logo\":{\"@type\":\"ImageObject\",\"inLanguage\":\"en-US\",\"@id\":\"https:\\\/\\\/slaptameile.lt\\\/#\\\/schema\\\/logo\\\/image\\\/\",\"url\":\"https:\\\/\\\/slaptameile.lt\\\/wp-content\\\/uploads\\\/2026\\\/04\\\/sm-logo.jpg\",\"contentUrl\":\"https:\\\/\\\/slaptameile.lt\\\/wp-content\\\/uploads\\\/2026\\\/04\\\/sm-logo.jpg\",\"width\":810,\"height\":380,\"caption\":\"Slapta Meil\u0117\"},\"image\":{\"@id\":\"https:\\\/\\\/slaptameile.lt\\\/#\\\/schema\\\/logo\\\/image\\\/\"},\"sameAs\":[\"https:\\\/\\\/www.facebook.com\\\/SlaptaMeileBarbora\",\"https:\\\/\\\/www.instagram.com\\\/slaptameile\",\"https:\\\/\\\/www.tiktok.com\\\/@slaptameile1\"]}]}<\/script>\n<!-- \/ Yoast SEO plugin. -->","yoast_head_json":{"title":"\u0160okoladini\u0173 saldaini\u0173 rinkinys \u201eBona\u201c - Slapta Meil\u0117","robots":{"index":"index","follow":"follow","max-snippet":"max-snippet:-1","max-image-preview":"max-image-preview:large","max-video-preview":"max-video-preview:-1"},"canonical":"https:\/\/slaptameile.lt\/en\/preke\/sokoladiniu-saldainiu-rinkinys-bona\/","og_locale":"en_US","og_type":"article","og_title":"\u0160okoladini\u0173 saldaini\u0173 rinkinys \u201eBona\u201c - Slapta Meil\u0117","og_description":"Karalien\u0117 Bona Sforca XVI a. atve\u017e\u0117 \u012f Lietuv\u0105 apelsinus, alyvuoges, s\u016brius ir itali\u0161k\u0105 skon\u012f. Dabar \u2013 tavo eil\u0117 paragauti jos nuopeln\u0173 \u012fkv\u0117pto rinkinio.  \u0160okoladini\u0173 saldaini\u0173 rinkinys \u201eBONA\u201c \u2013 kai istorija i\u0161tirpsta burnoje  \u0160okoladas dovanai, bet ne bet koks \u2013 su itali\u0161ku akcentu ir karali\u0161ku pretenzingumu. Karalien\u0117s Bonos Sforcos \u012fkv\u0117pti gurm\u0117 saldainiai su Vidur\u017eemio regiono skoni\u0173 u\u017euominomis: citrinos, rie\u0161utai, kremai ir belgi\u0161kas \u0161okoladas, kuris neatsipra\u0161o u\u017e tai, kad yra geras.  Sud\u0117ta taip, kaip renesanso lubose \u2013 geometri\u0161kai, simetri\u0161kai ir be g\u0117dos paauksuotai. Pakuot\u0117s dizainas \u2013 Petro Saul\u0117no k\u016brinys: Sforc\u0173 kar\u016bna, LDK vytis ir tiek regalij\u0173, kad net stalas pasijus privilegijuotas.  Tinka dovanai, pasilepinimui, arba kai nori pasakyti \u201eesu nusiteik\u0119s karali\u0161kai dosniai\u201c, net jei valgai saldainius vienas \u017ei\u016br\u0117damas serialus.  Svoris\u00a0335 g Sukurta ir pagaminta Lietuvoje","og_url":"https:\/\/slaptameile.lt\/en\/preke\/sokoladiniu-saldainiu-rinkinys-bona\/","og_site_name":"Slapta Meil\u0117","article_publisher":"https:\/\/www.facebook.com\/SlaptaMeileBarbora","article_modified_time":"2026-04-26T19:08:08+00:00","og_image":[{"width":2250,"height":3000,"url":"https:\/\/slaptameile.lt\/wp-content\/uploads\/2024\/08\/Bona-Produkto-Ruta-Saldainiai-01-1.jpg","type":"image\/jpeg"}],"twitter_card":"summary_large_image","twitter_misc":{"Est. reading time":"1 minute"},"schema":{"@context":"https:\/\/schema.org","@graph":[{"@type":"WebPage","@id":"https:\/\/slaptameile.lt\/preke\/sokoladiniu-saldainiu-rinkinys-bona\/","url":"https:\/\/slaptameile.lt\/preke\/sokoladiniu-saldainiu-rinkinys-bona\/","name":"\u0160okoladini\u0173 saldaini\u0173 rinkinys \u201eBona\u201c - Slapta Meil\u0117","isPartOf":{"@id":"https:\/\/slaptameile.lt\/#website"},"primaryImageOfPage":{"@id":"https:\/\/slaptameile.lt\/preke\/sokoladiniu-saldainiu-rinkinys-bona\/#primaryimage"},"image":{"@id":"https:\/\/slaptameile.lt\/preke\/sokoladiniu-saldainiu-rinkinys-bona\/#primaryimage"},"thumbnailUrl":"https:\/\/slaptameile.lt\/wp-content\/uploads\/2024\/08\/Bona-Produkto-Ruta-Saldainiai-01-1.jpg","datePublished":"2024-08-01T08:15:33+00:00","dateModified":"2026-04-26T19:08:08+00:00","breadcrumb":{"@id":"https:\/\/slaptameile.lt\/preke\/sokoladiniu-saldainiu-rinkinys-bona\/#breadcrumb"},"inLanguage":"en-US","potentialAction":[{"@type":"ReadAction","target":["https:\/\/slaptameile.lt\/preke\/sokoladiniu-saldainiu-rinkinys-bona\/"]}]},{"@type":"ImageObject","inLanguage":"en-US","@id":"https:\/\/slaptameile.lt\/preke\/sokoladiniu-saldainiu-rinkinys-bona\/#primaryimage","url":"https:\/\/slaptameile.lt\/wp-content\/uploads\/2024\/08\/Bona-Produkto-Ruta-Saldainiai-01-1.jpg","contentUrl":"https:\/\/slaptameile.lt\/wp-content\/uploads\/2024\/08\/Bona-Produkto-Ruta-Saldainiai-01-1.jpg","width":2250,"height":3000},{"@type":"BreadcrumbList","@id":"https:\/\/slaptameile.lt\/preke\/sokoladiniu-saldainiu-rinkinys-bona\/#breadcrumb","itemListElement":[{"@type":"ListItem","position":1,"name":"Home","item":"https:\/\/slaptameile.lt\/"},{"@type":"ListItem","position":2,"name":"Parduotuv\u0117","item":"https:\/\/slaptameile.lt\/parduotuve\/"},{"@type":"ListItem","position":3,"name":"\u0160okoladini\u0173 saldaini\u0173 rinkinys \u201eBona\u201c"}]},{"@type":"WebSite","@id":"https:\/\/slaptameile.lt\/#website","url":"https:\/\/slaptameile.lt\/","name":"Secret Love","description":"","publisher":{"@id":"https:\/\/slaptameile.lt\/#organization"},"potentialAction":[{"@type":"SearchAction","target":{"@type":"EntryPoint","urlTemplate":"https:\/\/slaptameile.lt\/?s={search_term_string}"},"query-input":{"@type":"PropertyValueSpecification","valueRequired":true,"valueName":"search_term_string"}}],"inLanguage":"en-US"},{"@type":"Organization","@id":"https:\/\/slaptameile.lt\/#organization","name":"Secret Love","url":"https:\/\/slaptameile.lt\/","logo":{"@type":"ImageObject","inLanguage":"en-US","@id":"https:\/\/slaptameile.lt\/#\/schema\/logo\/image\/","url":"https:\/\/slaptameile.lt\/wp-content\/uploads\/2026\/04\/sm-logo.jpg","contentUrl":"https:\/\/slaptameile.lt\/wp-content\/uploads\/2026\/04\/sm-logo.jpg","width":810,"height":380,"caption":"Slapta Meil\u0117"},"image":{"@id":"https:\/\/slaptameile.lt\/#\/schema\/logo\/image\/"},"sameAs":["https:\/\/www.facebook.com\/SlaptaMeileBarbora","https:\/\/www.instagram.com\/slaptameile","https:\/\/www.tiktok.com\/@slaptameile1"]}]}},"_links":{"self":[{"href":"https:\/\/slaptameile.lt\/en\/wp-json\/wp\/v2\/product\/1154","targetHints":{"allow":["GET"]}}],"collection":[{"href":"https:\/\/slaptameile.lt\/en\/wp-json\/wp\/v2\/product"}],"about":[{"href":"https:\/\/slaptameile.lt\/en\/wp-json\/wp\/v2\/types\/product"}],"replies":[{"embeddable":true,"href":"https:\/\/slaptameile.lt\/en\/wp-json\/wp\/v2\/comments?post=1154"}],"wp:featuredmedia":[{"embeddable":true,"href":"https:\/\/slaptameile.lt\/en\/wp-json\/wp\/v2\/media\/2183"}],"wp:attachment":[{"href":"https:\/\/slaptameile.lt\/en\/wp-json\/wp\/v2\/media?parent=1154"}],"wp:term":[{"taxonomy":"partner","embeddable":true,"href":"https:\/\/slaptameile.lt\/en\/wp-json\/wp\/v2\/partner?post=1154"},{"taxonomy":"product_brand","embeddable":true,"href":"https:\/\/slaptameile.lt\/en\/wp-json\/wp\/v2\/product_brand?post=1154"},{"taxonomy":"product_cat","embeddable":true,"href":"https:\/\/slaptameile.lt\/en\/wp-json\/wp\/v2\/product_cat?post=1154"},{"taxonomy":"product_tag","embeddable":true,"href":"https:\/\/slaptameile.lt\/en\/wp-json\/wp\/v2\/product_tag?post=1154"}],"curies":[{"name":"wp","href":"https:\/\/api.w.org\/{rel}","templated":true}]}}